{"id":993,"date":"2016-04-14T21:43:40","date_gmt":"2016-04-14T21:43:40","guid":{"rendered":"http:\/\/www.biocabaz.com\/web\/produto\/cha-colecao-de-sabores-20-saq-pukka\/"},"modified":"2025-06-09T11:01:59","modified_gmt":"2025-06-09T11:01:59","slug":"cha-colecao-de-sabores-20-saq-pukka","status":"publish","type":"product","link":"https:\/\/biocabaz.pt\/web\/produto\/cha-colecao-de-sabores-20-saq-pukka\/","title":{"rendered":"CH\u00c1 COLE\u00c7\u00c3O DE SABORES BIO 20 SAQ PUKKA"},"content":{"rendered":"<p><strong>Descri\u00e7\u00e3o <\/strong><br \/>\n\t\t\t\tIngredientes: Sabugueiro &#038; Equin\u00e1cea \u2013 Ing.: Raiz de alca\u00e7uz *, raiz de gengibre*, raiz echinacea e folha* (10%), beterraba*, sementes de anis*, flor de sabugueiro* (8%), hortel\u00e3-pimenta* folha, casca de laranja*, sabugueiro* (6%), rosa mosqueta*, acerola*, \u00f3leo essencial de laranja*\u00ba, aroma de groselha natural. Lim\u00e3o , Gengibre &#038; Manuca \u2013 Ing.: Raiz de gengibre* (32%),raiz de alca\u00e7uz*, sabugueiro*, sementes de funcho*, erva-cidreira* folha, raiz de c\u00farcuma*, \u00f3leo essencial de lim\u00e3o*(6%), folhas de murta*, lim\u00e3o* inteiro (6%), mel Manuka*\u00ba (2%). Boa Noite &#8211; Ing.: Flor de AVEIA (30%), ra\u00edz de alca\u00e7uz, flor de camomila, flor de alfazema (14%), flor de t\u00edlia (10%), ra\u00edz de valariana, ra\u00edz de tulsi. Tr\u00eas Mentas &#8211; Ing.: Hortel\u00e3-Pimenta* (45%), Hortel\u00e3* Eg\u00edpcia-folha (39%), Menta-Selvagem-folha (16%), Hortel\u00e3 Verde-folha. Feel New Ing.: Sementes de anis (40%), sementes de funcho (20%), sementes de cardomomo (15%), sementes de alca\u00e7uz, sementes de coentros, sementes de aipo. <\/p>\n<p><strong>Dados Nutricionais<\/strong>\n\t\t\t\t<\/p>\n<p><strong>Modo Utiliza\u00e7\u00e3o<\/strong><br \/>Colocar uma saqueta numa ch\u00e1vena, verter \u00e1gua quente (fervida). Deixe repousar at\u00e9 15 minutos. Conservar em local seco e fresco.<\/p>\n","protected":false},"excerpt":{"rendered":"<p>Sabugueiro &#038; Echinaceal<\/p>\n<p>Lim\u00e3o, gengibre e mel Manuka<\/p>\n<p>Boa noite (Nigth time)<\/p>\n<p>Tr\u00eas mentas<\/p>\n<p>Detox<\/p>\n<p>Prepara\u00e7\u00e3o: infus\u00e3o em \u00e1gua rec\u00e9m &#8211; fervida por pelo menos 5 minutos.<\/p>\n","protected":false},"featured_media":1184,"comment_status":"closed","ping_status":"closed","template":"","meta":[],"product_cat":[30],"product_tag":[],"class_list":["post-993","product","type-product","status-publish","has-post-thumbnail","hentry","product_cat-cafes-chas-e-infusoes"],"bundle_layout":"","bundled_by":[],"bundled_items":[],"yoast_head":"<!-- This site is optimized with the Yoast SEO plugin v26.3 - https:\/\/yoast.com\/wordpress\/plugins\/seo\/ -->\n<title>CH\u00c1 COLE\u00c7\u00c3O DE SABORES BIO 20 SAQ PUKKA<\/title>\n<meta name=\"robots\" content=\"index, follow, max-snippet:-1, max-image-preview:large, max-video-preview:-1\" \/>\n<link rel=\"canonical\" href=\"https:\/\/www.biocabaz.pt\/web\/produto\/cha-colecao-de-sabores-20-saq-pukka\/\" \/>\n<meta property=\"og:locale\" content=\"pt_PT\" \/>\n<meta property=\"og:locale:alternate\" content=\"en_US\" \/>\n<meta property=\"og:type\" content=\"article\" \/>\n<meta property=\"og:title\" content=\"CH\u00c1 COLE\u00c7\u00c3O DE SABORES BIO 20 SAQ PUKKA\" \/>\n<meta property=\"og:description\" content=\"Sabugueiro &amp; Echinaceal  Lim\u00e3o, gengibre e mel Manuka  Boa noite (Nigth time)  Tr\u00eas mentas  Detox  Prepara\u00e7\u00e3o: infus\u00e3o em \u00e1gua rec\u00e9m - fervida por pelo menos 5 minutos.\" \/>\n<meta property=\"og:url\" content=\"https:\/\/biocabaz.pt\/web\/produto\/cha-colecao-de-sabores-20-saq-pukka\/\" \/>\n<meta property=\"og:site_name\" content=\"BIOCABAZ - CABAZES BIOL\u00d3GICOS\" \/>\n<meta property=\"article:modified_time\" content=\"2025-06-09T11:01:59+00:00\" \/>\n<meta property=\"og:image\" content=\"https:\/\/www.biocabaz.pt\/web\/wp-conteudos\/uploads\/2016\/04\/Herbal_collection_on_white.jpeg.jpg\" \/>\n\t<meta property=\"og:image:width\" content=\"510\" \/>\n\t<meta property=\"og:image:height\" content=\"510\" \/>\n\t<meta property=\"og:image:type\" content=\"image\/jpeg\" \/>\n<meta name=\"twitter:card\" content=\"summary_large_image\" \/>\n<meta name=\"twitter:label1\" content=\"Est. reading time\" \/>\n\t<meta name=\"twitter:data1\" content=\"2 minutos\" \/>\n<script type=\"application\/ld+json\" class=\"yoast-schema-graph\">{\"@context\":\"https:\/\/schema.org\",\"@graph\":[{\"@type\":\"WebPage\",\"@id\":\"https:\/\/www.biocabaz.pt\/web\/produto\/cha-colecao-de-sabores-20-saq-pukka\/\",\"url\":\"https:\/\/www.biocabaz.pt\/web\/produto\/cha-colecao-de-sabores-20-saq-pukka\/\",\"name\":\"CH\u00c1 COLE\u00c7\u00c3O DE SABORES BIO 20 SAQ PUKKA\",\"isPartOf\":{\"@id\":\"https:\/\/biocabaz.pt\/web\/#website\"},\"primaryImageOfPage\":{\"@id\":\"https:\/\/www.biocabaz.pt\/web\/produto\/cha-colecao-de-sabores-20-saq-pukka\/#primaryimage\"},\"image\":{\"@id\":\"https:\/\/www.biocabaz.pt\/web\/produto\/cha-colecao-de-sabores-20-saq-pukka\/#primaryimage\"},\"thumbnailUrl\":\"https:\/\/www.biocabaz.pt\/web\/wp-conteudos\/uploads\/2016\/04\/Herbal_collection_on_white.jpeg.jpg\",\"datePublished\":\"2016-04-14T21:43:40+00:00\",\"dateModified\":\"2025-06-09T11:01:59+00:00\",\"breadcrumb\":{\"@id\":\"https:\/\/www.biocabaz.pt\/web\/produto\/cha-colecao-de-sabores-20-saq-pukka\/#breadcrumb\"},\"inLanguage\":\"pt-PT\",\"potentialAction\":[{\"@type\":\"ReadAction\",\"target\":[\"https:\/\/www.biocabaz.pt\/web\/produto\/cha-colecao-de-sabores-20-saq-pukka\/\"]}]},{\"@type\":\"ImageObject\",\"inLanguage\":\"pt-PT\",\"@id\":\"https:\/\/www.biocabaz.pt\/web\/produto\/cha-colecao-de-sabores-20-saq-pukka\/#primaryimage\",\"url\":\"https:\/\/www.biocabaz.pt\/web\/wp-conteudos\/uploads\/2016\/04\/Herbal_collection_on_white.jpeg.jpg\",\"contentUrl\":\"https:\/\/www.biocabaz.pt\/web\/wp-conteudos\/uploads\/2016\/04\/Herbal_collection_on_white.jpeg.jpg\",\"width\":510,\"height\":510},{\"@type\":\"BreadcrumbList\",\"@id\":\"https:\/\/www.biocabaz.pt\/web\/produto\/cha-colecao-de-sabores-20-saq-pukka\/#breadcrumb\",\"itemListElement\":[{\"@type\":\"ListItem\",\"position\":1,\"name\":\"Home\",\"item\":\"https:\/\/biocabaz.pt\/web\/\"},{\"@type\":\"ListItem\",\"position\":2,\"name\":\"Loja\",\"item\":\"https:\/\/biocabaz.pt\/web\/shop\/\"},{\"@type\":\"ListItem\",\"position\":3,\"name\":\"CH\u00c1 COLE\u00c7\u00c3O DE SABORES BIO 20 SAQ PUKKA\"}]},{\"@type\":\"WebSite\",\"@id\":\"https:\/\/biocabaz.pt\/web\/#website\",\"url\":\"https:\/\/biocabaz.pt\/web\/\",\"name\":\"BIOCABAZ - CABAZES BIOL\u00d3GICOS\",\"description\":\"O melhor que a terra d\u00e1 \u00e9 para si\",\"potentialAction\":[{\"@type\":\"SearchAction\",\"target\":{\"@type\":\"EntryPoint\",\"urlTemplate\":\"https:\/\/biocabaz.pt\/web\/?s={search_term_string}\"},\"query-input\":{\"@type\":\"PropertyValueSpecification\",\"valueRequired\":true,\"valueName\":\"search_term_string\"}}],\"inLanguage\":\"pt-PT\"}]}<\/script>\n<!-- \/ Yoast SEO plugin. -->","yoast_head_json":{"title":"CH\u00c1 COLE\u00c7\u00c3O DE SABORES BIO 20 SAQ PUKKA","robots":{"index":"index","follow":"follow","max-snippet":"max-snippet:-1","max-image-preview":"max-image-preview:large","max-video-preview":"max-video-preview:-1"},"canonical":"https:\/\/www.biocabaz.pt\/web\/produto\/cha-colecao-de-sabores-20-saq-pukka\/","og_locale":"pt_PT","og_type":"article","og_title":"[:en]PUKKA HERBAL COLLECTION ORGANIC TEA[:pt]CH\u00c1 COLE\u00c7\u00c3O DE SABORES BIO 20 SAQ PUKKA[:] - BIOCABAZ - CABAZES BIOL\u00d3GICOS","og_description":"Sabugueiro & Echinaceal  Lim\u00e3o, gengibre e mel Manuka  Boa noite (Nigth time)  Tr\u00eas mentas  Detox  Prepara\u00e7\u00e3o: infus\u00e3o em \u00e1gua rec\u00e9m - fervida por pelo menos 5 minutos.","og_url":"https:\/\/biocabaz.pt\/web\/produto\/cha-colecao-de-sabores-20-saq-pukka\/","og_site_name":"BIOCABAZ - CABAZES BIOL\u00d3GICOS","article_modified_time":"2025-06-09T11:01:59+00:00","og_image":[{"width":510,"height":510,"url":"https:\/\/www.biocabaz.pt\/web\/wp-conteudos\/uploads\/2016\/04\/Herbal_collection_on_white.jpeg.jpg","type":"image\/jpeg"}],"twitter_card":"summary_large_image","twitter_misc":{"Est. reading time":"2 minutos"},"schema":{"@context":"https:\/\/schema.org","@graph":[{"@type":"WebPage","@id":"https:\/\/www.biocabaz.pt\/web\/produto\/cha-colecao-de-sabores-20-saq-pukka\/","url":"https:\/\/www.biocabaz.pt\/web\/produto\/cha-colecao-de-sabores-20-saq-pukka\/","name":"CH\u00c1 COLE\u00c7\u00c3O DE SABORES BIO 20 SAQ PUKKA","isPartOf":{"@id":"https:\/\/biocabaz.pt\/web\/#website"},"primaryImageOfPage":{"@id":"https:\/\/www.biocabaz.pt\/web\/produto\/cha-colecao-de-sabores-20-saq-pukka\/#primaryimage"},"image":{"@id":"https:\/\/www.biocabaz.pt\/web\/produto\/cha-colecao-de-sabores-20-saq-pukka\/#primaryimage"},"thumbnailUrl":"https:\/\/www.biocabaz.pt\/web\/wp-conteudos\/uploads\/2016\/04\/Herbal_collection_on_white.jpeg.jpg","datePublished":"2016-04-14T21:43:40+00:00","dateModified":"2025-06-09T11:01:59+00:00","breadcrumb":{"@id":"https:\/\/www.biocabaz.pt\/web\/produto\/cha-colecao-de-sabores-20-saq-pukka\/#breadcrumb"},"inLanguage":"pt-PT","potentialAction":[{"@type":"ReadAction","target":["https:\/\/www.biocabaz.pt\/web\/produto\/cha-colecao-de-sabores-20-saq-pukka\/"]}]},{"@type":"ImageObject","inLanguage":"pt-PT","@id":"https:\/\/www.biocabaz.pt\/web\/produto\/cha-colecao-de-sabores-20-saq-pukka\/#primaryimage","url":"https:\/\/www.biocabaz.pt\/web\/wp-conteudos\/uploads\/2016\/04\/Herbal_collection_on_white.jpeg.jpg","contentUrl":"https:\/\/www.biocabaz.pt\/web\/wp-conteudos\/uploads\/2016\/04\/Herbal_collection_on_white.jpeg.jpg","width":510,"height":510},{"@type":"BreadcrumbList","@id":"https:\/\/www.biocabaz.pt\/web\/produto\/cha-colecao-de-sabores-20-saq-pukka\/#breadcrumb","itemListElement":[{"@type":"ListItem","position":1,"name":"Home","item":"https:\/\/biocabaz.pt\/web\/"},{"@type":"ListItem","position":2,"name":"Loja","item":"https:\/\/biocabaz.pt\/web\/shop\/"},{"@type":"ListItem","position":3,"name":"CH\u00c1 COLE\u00c7\u00c3O DE SABORES BIO 20 SAQ PUKKA"}]},{"@type":"WebSite","@id":"https:\/\/biocabaz.pt\/web\/#website","url":"https:\/\/biocabaz.pt\/web\/","name":"BIOCABAZ - CABAZES BIOL\u00d3GICOS","description":"O melhor que a terra d\u00e1 \u00e9 para si","potentialAction":[{"@type":"SearchAction","target":{"@type":"EntryPoint","urlTemplate":"https:\/\/biocabaz.pt\/web\/?s={search_term_string}"},"query-input":{"@type":"PropertyValueSpecification","valueRequired":true,"valueName":"search_term_string"}}],"inLanguage":"pt-PT"}]}},"_links":{"self":[{"href":"https:\/\/biocabaz.pt\/web\/wp-json\/wp\/v2\/product\/993","targetHints":{"allow":["GET"]}}],"collection":[{"href":"https:\/\/biocabaz.pt\/web\/wp-json\/wp\/v2\/product"}],"about":[{"href":"https:\/\/biocabaz.pt\/web\/wp-json\/wp\/v2\/types\/product"}],"replies":[{"embeddable":true,"href":"https:\/\/biocabaz.pt\/web\/wp-json\/wp\/v2\/comments?post=993"}],"wp:featuredmedia":[{"embeddable":true,"href":"https:\/\/biocabaz.pt\/web\/wp-json\/wp\/v2\/media\/1184"}],"wp:attachment":[{"href":"https:\/\/biocabaz.pt\/web\/wp-json\/wp\/v2\/media?parent=993"}],"wp:term":[{"taxonomy":"product_cat","embeddable":true,"href":"https:\/\/biocabaz.pt\/web\/wp-json\/wp\/v2\/product_cat?post=993"},{"taxonomy":"product_tag","embeddable":true,"href":"https:\/\/biocabaz.pt\/web\/wp-json\/wp\/v2\/product_tag?post=993"}],"curies":[{"name":"wp","href":"https:\/\/api.w.org\/{rel}","templated":true}]}}