{"id":9912,"date":"2018-11-13T12:45:50","date_gmt":"2018-11-13T12:45:50","guid":{"rendered":"https:\/\/www.biocabaz.pt\/web\/?post_type=product&#038;p=9912"},"modified":"2024-08-02T09:13:30","modified_gmt":"2024-08-02T09:13:30","slug":"flocos-de-centeio-integral-bio-400g","status":"publish","type":"product","link":"https:\/\/biocabaz.pt\/web\/produto\/flocos-de-centeio-integral-bio-400g\/","title":{"rendered":"FLOCOS DE CENTEIO INTEGRAL BIO 400G"},"content":{"rendered":"<p><strong>Descri\u00e7\u00e3o <\/strong><br \/>\nIngredientes: Flocos de centeio elaborados cuidadosamente a partir de centeio de produ\u00e7\u00e3o biol\u00f3gica. Obtidos atrav\u00e9s da vaporiza\u00e7\u00e3o a quente (pr\u00e9-cozedura) e prensagem do gr\u00e3o, conservando as propriedades nutricionais fundamentais do centeio. Rico em fibra, fonte de prote\u00edna, muito baixo teor de sal, baixo teor de gordura e a\u00e7\u00facar. Cont\u00e9m gl\u00faten.<\/p>\n<p><strong>Dados Nutricionais<\/strong><br \/>\nDeclara\u00e7\u00e3o nutricional por 100g:<br \/>\nEnergia: 1383 kJ\/328 kcal;<br \/>\nL\u00edpidos: 1,8g &#8211; dos quais saturados: 0,2g;<br \/>\nHidratos de carbono: 60,0 &#8211; dos quais a\u00e7\u00facares: 1,1,g;<br \/>\nFibra: 15,3g;<br \/>\nProte\u00ednas: 10,3g;<br \/>\nSal: 0,01g.<\/p>\n<p><strong>Modo Utiliza\u00e7\u00e3o<\/strong><br \/>\nCozinhar com o dobro de \u00e1gua, uma pitada de sal e casca de lim\u00e3o, mexa at\u00e9 levantar fervura. Tape o tacho e deixe repousar durante 10-15 minutos. Conservar em local seco e fresco.<\/p>\n","protected":false},"excerpt":{"rendered":"<p>Descri\u00e7\u00e3o Ingredientes: Flocos de centeio elaborados cuidadosamente a partir de centeio de produ\u00e7\u00e3o biol\u00f3gica. Obtidos atrav\u00e9s da vaporiza\u00e7\u00e3o a quente (pr\u00e9-cozedura) e prensagem do gr\u00e3o, conservando as propriedades nutricionais fundamentais do centeio. Rico em fibra, fonte de prote\u00edna, muito baixo teor de sal, baixo teor de gordura e a\u00e7\u00facar. Cont\u00e9m gl\u00faten. Dados Nutricionais Declara\u00e7\u00e3o nutricional [&hellip;]<\/p>\n","protected":false},"featured_media":73851,"comment_status":"closed","ping_status":"closed","template":"","meta":[],"product_cat":[33],"product_tag":[],"class_list":["post-9912","product","type-product","status-publish","has-post-thumbnail","hentry","product_cat-cereais"],"bundle_layout":"","bundled_by":[],"bundled_items":[],"yoast_head":"<!-- This site is optimized with the Yoast SEO plugin v26.3 - https:\/\/yoast.com\/wordpress\/plugins\/seo\/ -->\n<title>FLOCOS DE CENTEIO INTEGRAL BIO 400G<\/title>\n<meta name=\"description\" content=\"FLOCOS DE CENTEIO INTEGRAL BIO 400G\" \/>\n<meta name=\"robots\" content=\"index, follow, max-snippet:-1, max-image-preview:large, max-video-preview:-1\" \/>\n<link rel=\"canonical\" href=\"https:\/\/www.biocabaz.pt\/web\/en\/produto\/flocos-de-centeio-integral-bio-400g\/\" \/>\n<meta property=\"og:locale\" content=\"pt_PT\" \/>\n<meta property=\"og:locale:alternate\" content=\"en_US\" \/>\n<meta property=\"og:type\" content=\"article\" \/>\n<meta property=\"og:title\" content=\"FLOCOS DE CENTEIO INTEGRAL BIO 400G\" \/>\n<meta property=\"og:description\" content=\"FLOCOS DE CENTEIO INTEGRAL BIO 400G\" \/>\n<meta property=\"og:url\" content=\"https:\/\/biocabaz.pt\/web\/produto\/flocos-de-centeio-integral-bio-400g\/\" \/>\n<meta property=\"og:site_name\" content=\"BIOCABAZ - CABAZES BIOL\u00d3GICOS\" \/>\n<meta property=\"article:modified_time\" content=\"2024-08-02T09:13:30+00:00\" \/>\n<meta property=\"og:image\" content=\"https:\/\/www.biocabaz.pt\/web\/wp-conteudos\/uploads\/2018\/11\/flocos-de-centeio-bio.jpg\" \/>\n\t<meta property=\"og:image:width\" content=\"326\" \/>\n\t<meta property=\"og:image:height\" content=\"300\" \/>\n\t<meta property=\"og:image:type\" content=\"image\/jpeg\" \/>\n<meta name=\"twitter:card\" content=\"summary_large_image\" \/>\n<meta name=\"twitter:label1\" content=\"Est. reading time\" \/>\n\t<meta name=\"twitter:data1\" content=\"1 minuto\" \/>\n<script type=\"application\/ld+json\" class=\"yoast-schema-graph\">{\"@context\":\"https:\/\/schema.org\",\"@graph\":[{\"@type\":\"WebPage\",\"@id\":\"https:\/\/www.biocabaz.pt\/web\/en\/produto\/flocos-de-centeio-integral-bio-400g\/\",\"url\":\"https:\/\/www.biocabaz.pt\/web\/en\/produto\/flocos-de-centeio-integral-bio-400g\/\",\"name\":\"FLOCOS DE CENTEIO INTEGRAL BIO 400G\",\"isPartOf\":{\"@id\":\"https:\/\/www.biocabaz.pt\/web\/#website\"},\"primaryImageOfPage\":{\"@id\":\"https:\/\/www.biocabaz.pt\/web\/en\/produto\/flocos-de-centeio-integral-bio-400g\/#primaryimage\"},\"image\":{\"@id\":\"https:\/\/www.biocabaz.pt\/web\/en\/produto\/flocos-de-centeio-integral-bio-400g\/#primaryimage\"},\"thumbnailUrl\":\"https:\/\/www.biocabaz.pt\/web\/wp-conteudos\/uploads\/2018\/11\/flocos-de-centeio-bio.jpg\",\"datePublished\":\"2018-11-13T12:45:50+00:00\",\"dateModified\":\"2024-08-02T09:13:30+00:00\",\"description\":\"FLOCOS DE CENTEIO INTEGRAL BIO 400G\",\"breadcrumb\":{\"@id\":\"https:\/\/www.biocabaz.pt\/web\/en\/produto\/flocos-de-centeio-integral-bio-400g\/#breadcrumb\"},\"inLanguage\":\"pt-PT\",\"potentialAction\":[{\"@type\":\"ReadAction\",\"target\":[\"https:\/\/www.biocabaz.pt\/web\/en\/produto\/flocos-de-centeio-integral-bio-400g\/\"]}]},{\"@type\":\"ImageObject\",\"inLanguage\":\"pt-PT\",\"@id\":\"https:\/\/www.biocabaz.pt\/web\/en\/produto\/flocos-de-centeio-integral-bio-400g\/#primaryimage\",\"url\":\"https:\/\/www.biocabaz.pt\/web\/wp-conteudos\/uploads\/2018\/11\/flocos-de-centeio-bio.jpg\",\"contentUrl\":\"https:\/\/www.biocabaz.pt\/web\/wp-conteudos\/uploads\/2018\/11\/flocos-de-centeio-bio.jpg\",\"width\":326,\"height\":300,\"caption\":\"flocos-de-centeio-bio\"},{\"@type\":\"BreadcrumbList\",\"@id\":\"https:\/\/www.biocabaz.pt\/web\/en\/produto\/flocos-de-centeio-integral-bio-400g\/#breadcrumb\",\"itemListElement\":[{\"@type\":\"ListItem\",\"position\":1,\"name\":\"Home\",\"item\":\"https:\/\/www.biocabaz.pt\/web\/\"},{\"@type\":\"ListItem\",\"position\":2,\"name\":\"Shop\",\"item\":\"https:\/\/www.biocabaz.pt\/web\/en\/shop\/\"},{\"@type\":\"ListItem\",\"position\":3,\"name\":\"ORGANIC WHOLEGRAIN RYE FLAKES 400GR\"}]},{\"@type\":\"WebSite\",\"@id\":\"https:\/\/www.biocabaz.pt\/web\/#website\",\"url\":\"https:\/\/www.biocabaz.pt\/web\/\",\"name\":\"BIOCABAZ - CABAZES BIOL\u00d3GICOS\",\"description\":\"O melhor que a terra d\u00e1 \u00e9 para si\",\"potentialAction\":[{\"@type\":\"SearchAction\",\"target\":{\"@type\":\"EntryPoint\",\"urlTemplate\":\"https:\/\/www.biocabaz.pt\/web\/?s={search_term_string}\"},\"query-input\":{\"@type\":\"PropertyValueSpecification\",\"valueRequired\":true,\"valueName\":\"search_term_string\"}}],\"inLanguage\":\"pt-PT\"}]}<\/script>\n<!-- \/ Yoast SEO plugin. -->","yoast_head_json":{"title":"FLOCOS DE CENTEIO INTEGRAL BIO 400G","description":"FLOCOS DE CENTEIO INTEGRAL BIO 400G","robots":{"index":"index","follow":"follow","max-snippet":"max-snippet:-1","max-image-preview":"max-image-preview:large","max-video-preview":"max-video-preview:-1"},"canonical":"https:\/\/www.biocabaz.pt\/web\/en\/produto\/flocos-de-centeio-integral-bio-400g\/","og_locale":"pt_PT","og_type":"article","og_title":"[:en]ORGANIC WHOLEGRAIN RYE FLAKES 400GR[:pt]FLOCOS DE CENTEIO INTEGRAL BIO 400G[:] - BIOCABAZ - CABAZES BIOL\u00d3GICOS","og_description":"FLOCOS DE CENTEIO INTEGRAL BIO 400G","og_url":"https:\/\/biocabaz.pt\/web\/produto\/flocos-de-centeio-integral-bio-400g\/","og_site_name":"BIOCABAZ - CABAZES BIOL\u00d3GICOS","article_modified_time":"2024-08-02T09:13:30+00:00","og_image":[{"width":326,"height":300,"url":"https:\/\/www.biocabaz.pt\/web\/wp-conteudos\/uploads\/2018\/11\/flocos-de-centeio-bio.jpg","type":"image\/jpeg"}],"twitter_card":"summary_large_image","twitter_misc":{"Est. reading time":"1 minuto"},"schema":{"@context":"https:\/\/schema.org","@graph":[{"@type":"WebPage","@id":"https:\/\/www.biocabaz.pt\/web\/en\/produto\/flocos-de-centeio-integral-bio-400g\/","url":"https:\/\/www.biocabaz.pt\/web\/en\/produto\/flocos-de-centeio-integral-bio-400g\/","name":"FLOCOS DE CENTEIO INTEGRAL BIO 400G","isPartOf":{"@id":"https:\/\/www.biocabaz.pt\/web\/#website"},"primaryImageOfPage":{"@id":"https:\/\/www.biocabaz.pt\/web\/en\/produto\/flocos-de-centeio-integral-bio-400g\/#primaryimage"},"image":{"@id":"https:\/\/www.biocabaz.pt\/web\/en\/produto\/flocos-de-centeio-integral-bio-400g\/#primaryimage"},"thumbnailUrl":"https:\/\/www.biocabaz.pt\/web\/wp-conteudos\/uploads\/2018\/11\/flocos-de-centeio-bio.jpg","datePublished":"2018-11-13T12:45:50+00:00","dateModified":"2024-08-02T09:13:30+00:00","description":"FLOCOS DE CENTEIO INTEGRAL BIO 400G","breadcrumb":{"@id":"https:\/\/www.biocabaz.pt\/web\/en\/produto\/flocos-de-centeio-integral-bio-400g\/#breadcrumb"},"inLanguage":"pt-PT","potentialAction":[{"@type":"ReadAction","target":["https:\/\/www.biocabaz.pt\/web\/en\/produto\/flocos-de-centeio-integral-bio-400g\/"]}]},{"@type":"ImageObject","inLanguage":"pt-PT","@id":"https:\/\/www.biocabaz.pt\/web\/en\/produto\/flocos-de-centeio-integral-bio-400g\/#primaryimage","url":"https:\/\/www.biocabaz.pt\/web\/wp-conteudos\/uploads\/2018\/11\/flocos-de-centeio-bio.jpg","contentUrl":"https:\/\/www.biocabaz.pt\/web\/wp-conteudos\/uploads\/2018\/11\/flocos-de-centeio-bio.jpg","width":326,"height":300,"caption":"flocos-de-centeio-bio"},{"@type":"BreadcrumbList","@id":"https:\/\/www.biocabaz.pt\/web\/en\/produto\/flocos-de-centeio-integral-bio-400g\/#breadcrumb","itemListElement":[{"@type":"ListItem","position":1,"name":"Home","item":"https:\/\/www.biocabaz.pt\/web\/"},{"@type":"ListItem","position":2,"name":"Shop","item":"https:\/\/www.biocabaz.pt\/web\/en\/shop\/"},{"@type":"ListItem","position":3,"name":"ORGANIC WHOLEGRAIN RYE FLAKES 400GR"}]},{"@type":"WebSite","@id":"https:\/\/www.biocabaz.pt\/web\/#website","url":"https:\/\/www.biocabaz.pt\/web\/","name":"BIOCABAZ - CABAZES BIOL\u00d3GICOS","description":"O melhor que a terra d\u00e1 \u00e9 para si","potentialAction":[{"@type":"SearchAction","target":{"@type":"EntryPoint","urlTemplate":"https:\/\/www.biocabaz.pt\/web\/?s={search_term_string}"},"query-input":{"@type":"PropertyValueSpecification","valueRequired":true,"valueName":"search_term_string"}}],"inLanguage":"pt-PT"}]}},"_links":{"self":[{"href":"https:\/\/biocabaz.pt\/web\/wp-json\/wp\/v2\/product\/9912","targetHints":{"allow":["GET"]}}],"collection":[{"href":"https:\/\/biocabaz.pt\/web\/wp-json\/wp\/v2\/product"}],"about":[{"href":"https:\/\/biocabaz.pt\/web\/wp-json\/wp\/v2\/types\/product"}],"replies":[{"embeddable":true,"href":"https:\/\/biocabaz.pt\/web\/wp-json\/wp\/v2\/comments?post=9912"}],"wp:featuredmedia":[{"embeddable":true,"href":"https:\/\/biocabaz.pt\/web\/wp-json\/wp\/v2\/media\/73851"}],"wp:attachment":[{"href":"https:\/\/biocabaz.pt\/web\/wp-json\/wp\/v2\/media?parent=9912"}],"wp:term":[{"taxonomy":"product_cat","embeddable":true,"href":"https:\/\/biocabaz.pt\/web\/wp-json\/wp\/v2\/product_cat?post=9912"},{"taxonomy":"product_tag","embeddable":true,"href":"https:\/\/biocabaz.pt\/web\/wp-json\/wp\/v2\/product_tag?post=9912"}],"curies":[{"name":"wp","href":"https:\/\/api.w.org\/{rel}","templated":true}]}}