{"id":9883,"date":"2018-11-13T11:09:09","date_gmt":"2018-11-13T11:09:09","guid":{"rendered":"https:\/\/www.biocabaz.pt\/web\/?post_type=product&#038;p=9883"},"modified":"2025-06-11T13:43:16","modified_gmt":"2025-06-11T13:43:16","slug":"crosti-bombs-mel-s-g-300g-favrichon","status":"publish","type":"product","link":"https:\/\/biocabaz.pt\/web\/produto\/crosti-bombs-mel-s-g-300g-favrichon\/","title":{"rendered":"CROSTI BOMBS MEL S\/G &#8211; 300G &#8211; FAVRICHON"},"content":{"rendered":"<h3>Ingredientes:<\/h3>\n<p>Milho* 77,4%, a\u00e7\u00facar de cana * n\u00e3o refinado, mel* 7,1%, sal marinho.<\/p>\n<p>ALERG\u00c9NIOS:\u00a0Pode conter vest\u00edgios de leite e frutos de casca rija.<\/p>\n<p>*de agricultura biol\u00f3gica certificada<\/p>\n<h3>Declara\u00e7\u00e3o Nutricional por 100g:<\/h3>\n<table border=\"0\" width=\"404\" cellspacing=\"0\" cellpadding=\"0\">\n<colgroup>\n<col width=\"254\" \/>\n<col width=\"48\" \/>\n<col width=\"26\" \/>\n<col width=\"12\" \/>\n<col width=\"30\" \/>\n<col width=\"34\" \/><\/colgroup>\n<tbody>\n<tr>\n<td class=\"xl66\" width=\"254\" height=\"24\">Energia\/Energy<\/td>\n<td class=\"xl67\" width=\"48\">1626<\/td>\n<td class=\"xl71\" width=\"26\">KJ<\/td>\n<td class=\"xl71\" width=\"12\">\/<\/td>\n<td class=\"xl72\" width=\"30\">383<\/td>\n<td class=\"xl71\" width=\"34\">Kcal<\/td>\n<\/tr>\n<tr>\n<td class=\"xl66\" width=\"254\" height=\"24\">L\u00edpidos\/Total Fat<\/td>\n<td class=\"xl67\" width=\"48\">1.2<\/td>\n<td class=\"xl71\" width=\"26\">g<\/td>\n<td class=\"xl71\" width=\"12\"><\/td>\n<td class=\"xl71\" width=\"30\"><\/td>\n<td class=\"xl71\" width=\"34\"><\/td>\n<\/tr>\n<tr>\n<td class=\"xl70\" height=\"24\">dos quais saturados\/Saturated fat<\/td>\n<td class=\"xl67\" width=\"48\">0.4<\/td>\n<td class=\"xl71\" width=\"26\">g<\/td>\n<td class=\"xl71\" width=\"12\"><\/td>\n<td class=\"xl71\" width=\"30\"><\/td>\n<td class=\"xl71\" width=\"34\"><\/td>\n<\/tr>\n<tr>\n<td class=\"xl70\" height=\"24\">Hidratos de carbono\/Carbohydrates<\/td>\n<td class=\"xl67\" width=\"48\">87<\/td>\n<td class=\"xl68\">g<\/td>\n<td class=\"xl68\"><\/td>\n<td class=\"xl69\"><\/td>\n<td class=\"xl68\"><\/td>\n<\/tr>\n<tr>\n<td class=\"xl70\" height=\"24\">dos quais a\u00e7\u00facares\/Sugars<\/td>\n<td class=\"xl67\" width=\"48\">20<\/td>\n<td class=\"xl68\">g<\/td>\n<td class=\"xl68\"><\/td>\n<td class=\"xl69\"><\/td>\n<td class=\"xl68\"><\/td>\n<\/tr>\n<tr>\n<td class=\"xl70\" height=\"24\">Fibra\/Fiber<\/td>\n<td class=\"xl69\">1.5<\/td>\n<td class=\"xl68\"><\/td>\n<td class=\"xl68\"><\/td>\n<td class=\"xl69\"><\/td>\n<td class=\"xl68\"><\/td>\n<\/tr>\n<tr>\n<td class=\"xl70\" height=\"24\">Prote\u00ednas\/Proteins<\/td>\n<td class=\"xl67\" width=\"48\">5.5<\/td>\n<td class=\"xl68\">g<\/td>\n<td class=\"xl68\"><\/td>\n<td class=\"xl69\"><\/td>\n<td class=\"xl68\"><\/td>\n<\/tr>\n<tr>\n<td class=\"xl70\" height=\"24\">Sal\/Salt<\/td>\n<td class=\"xl67\" width=\"48\">0.2<\/td>\n<td class=\"xl68\">g<\/td>\n<td class=\"xl68\"><\/td>\n<\/tr>\n<\/tbody>\n<\/table>\n","protected":false},"excerpt":{"rendered":"<p>Ingredientes: Milho* 77,4%, a\u00e7\u00facar de cana * n\u00e3o refinado, mel* 7,1%, sal marinho. ALERG\u00c9NIOS:\u00a0Pode conter vest\u00edgios de leite e frutos de casca rija. *de agricultura biol\u00f3gica certificada Declara\u00e7\u00e3o Nutricional por 100g: Energia\/Energy 1626 KJ \/ 383 Kcal L\u00edpidos\/Total Fat 1.2 g dos quais saturados\/Saturated fat 0.4 g Hidratos de carbono\/Carbohydrates 87 g dos quais a\u00e7\u00facares\/Sugars [&hellip;]<\/p>\n","protected":false},"featured_media":122860,"comment_status":"closed","ping_status":"closed","template":"","meta":[],"product_cat":[54,33],"product_tag":[],"class_list":["post-9883","product","type-product","status-publish","has-post-thumbnail","hentry","product_cat-alimentos-sem-gluten","product_cat-cereais"],"bundle_layout":"","bundled_by":[],"bundled_items":[],"yoast_head":"<!-- This site is optimized with the Yoast SEO plugin v26.3 - https:\/\/yoast.com\/wordpress\/plugins\/seo\/ -->\n<title>CROSTI BOMBS MEL S\/G - 300G - FAVRICHON<\/title>\n<meta name=\"description\" content=\"CEREAIS BOLINHAS DE MEL BIO 250GCROSTI BOMBS MEL S\/G - 300G - FAVRICHON\" \/>\n<meta name=\"robots\" content=\"index, follow, max-snippet:-1, max-image-preview:large, max-video-preview:-1\" \/>\n<link rel=\"canonical\" href=\"https:\/\/www.biocabaz.pt\/web\/en\/produto\/crosti-bombs-mel-s-g-300g-favrichon\/\" \/>\n<meta property=\"og:locale\" content=\"pt_PT\" \/>\n<meta property=\"og:locale:alternate\" content=\"en_US\" \/>\n<meta property=\"og:type\" content=\"article\" \/>\n<meta property=\"og:title\" content=\"CROSTI BOMBS MEL S\/G - 300G - FAVRICHON\" \/>\n<meta property=\"og:description\" content=\"CEREAIS BOLINHAS DE MEL BIO 250GCROSTI BOMBS MEL S\/G - 300G - FAVRICHON\" \/>\n<meta property=\"og:url\" content=\"https:\/\/biocabaz.pt\/web\/produto\/crosti-bombs-mel-s-g-300g-favrichon\/\" \/>\n<meta property=\"og:site_name\" content=\"BIOCABAZ - CABAZES BIOL\u00d3GICOS\" \/>\n<meta property=\"article:modified_time\" content=\"2025-06-11T13:43:16+00:00\" \/>\n<meta property=\"og:image\" content=\"https:\/\/www.biocabaz.pt\/web\/wp-conteudos\/uploads\/2018\/11\/crosti-bombs-mel-sem-gluten-300g-favrichon.jpg\" \/>\n\t<meta property=\"og:image:width\" content=\"450\" \/>\n\t<meta property=\"og:image:height\" content=\"450\" \/>\n\t<meta property=\"og:image:type\" content=\"image\/jpeg\" \/>\n<meta name=\"twitter:card\" content=\"summary_large_image\" \/>\n<meta name=\"twitter:label1\" content=\"Est. reading time\" \/>\n\t<meta name=\"twitter:data1\" content=\"1 minuto\" \/>\n<script type=\"application\/ld+json\" class=\"yoast-schema-graph\">{\"@context\":\"https:\/\/schema.org\",\"@graph\":[{\"@type\":\"WebPage\",\"@id\":\"https:\/\/www.biocabaz.pt\/web\/en\/produto\/crosti-bombs-mel-s-g-300g-favrichon\/\",\"url\":\"https:\/\/www.biocabaz.pt\/web\/en\/produto\/crosti-bombs-mel-s-g-300g-favrichon\/\",\"name\":\"CROSTI BOMBS MEL S\/G - 300G - FAVRICHON\",\"isPartOf\":{\"@id\":\"https:\/\/biocabaz.pt\/web\/en\/#website\"},\"primaryImageOfPage\":{\"@id\":\"https:\/\/www.biocabaz.pt\/web\/en\/produto\/crosti-bombs-mel-s-g-300g-favrichon\/#primaryimage\"},\"image\":{\"@id\":\"https:\/\/www.biocabaz.pt\/web\/en\/produto\/crosti-bombs-mel-s-g-300g-favrichon\/#primaryimage\"},\"thumbnailUrl\":\"https:\/\/www.biocabaz.pt\/web\/wp-conteudos\/uploads\/2018\/11\/crosti-bombs-mel-sem-gluten-300g-favrichon.jpg\",\"datePublished\":\"2018-11-13T11:09:09+00:00\",\"dateModified\":\"2025-06-11T13:43:16+00:00\",\"description\":\"CEREAIS BOLINHAS DE MEL BIO 250GCROSTI BOMBS MEL S\/G - 300G - FAVRICHON\",\"breadcrumb\":{\"@id\":\"https:\/\/www.biocabaz.pt\/web\/en\/produto\/crosti-bombs-mel-s-g-300g-favrichon\/#breadcrumb\"},\"inLanguage\":\"pt-PT\",\"potentialAction\":[{\"@type\":\"ReadAction\",\"target\":[\"https:\/\/www.biocabaz.pt\/web\/en\/produto\/crosti-bombs-mel-s-g-300g-favrichon\/\"]}]},{\"@type\":\"ImageObject\",\"inLanguage\":\"pt-PT\",\"@id\":\"https:\/\/www.biocabaz.pt\/web\/en\/produto\/crosti-bombs-mel-s-g-300g-favrichon\/#primaryimage\",\"url\":\"https:\/\/www.biocabaz.pt\/web\/wp-conteudos\/uploads\/2018\/11\/crosti-bombs-mel-sem-gluten-300g-favrichon.jpg\",\"contentUrl\":\"https:\/\/www.biocabaz.pt\/web\/wp-conteudos\/uploads\/2018\/11\/crosti-bombs-mel-sem-gluten-300g-favrichon.jpg\",\"width\":450,\"height\":450,\"caption\":\"CROSTI BOMBS MEL S\/G - 300G - FAVRICHON\"},{\"@type\":\"BreadcrumbList\",\"@id\":\"https:\/\/www.biocabaz.pt\/web\/en\/produto\/crosti-bombs-mel-s-g-300g-favrichon\/#breadcrumb\",\"itemListElement\":[{\"@type\":\"ListItem\",\"position\":1,\"name\":\"Home\",\"item\":\"https:\/\/biocabaz.pt\/web\/en\/\"},{\"@type\":\"ListItem\",\"position\":2,\"name\":\"Shop\",\"item\":\"https:\/\/biocabaz.pt\/web\/en\/shop\/\"},{\"@type\":\"ListItem\",\"position\":3,\"name\":\"ORGANIC HONEY POPS CEREAL 250GR\"}]},{\"@type\":\"WebSite\",\"@id\":\"https:\/\/biocabaz.pt\/web\/en\/#website\",\"url\":\"https:\/\/biocabaz.pt\/web\/en\/\",\"name\":\"BIOCABAZ - CABAZES BIOL\u00d3GICOS\",\"description\":\"O melhor que a terra d\u00e1 \u00e9 para si\",\"potentialAction\":[{\"@type\":\"SearchAction\",\"target\":{\"@type\":\"EntryPoint\",\"urlTemplate\":\"https:\/\/biocabaz.pt\/web\/en\/?s={search_term_string}\"},\"query-input\":{\"@type\":\"PropertyValueSpecification\",\"valueRequired\":true,\"valueName\":\"search_term_string\"}}],\"inLanguage\":\"pt-PT\"}]}<\/script>\n<!-- \/ Yoast SEO plugin. -->","yoast_head_json":{"title":"CROSTI BOMBS MEL S\/G - 300G - FAVRICHON","description":"CEREAIS BOLINHAS DE MEL BIO 250GCROSTI BOMBS MEL S\/G - 300G - FAVRICHON","robots":{"index":"index","follow":"follow","max-snippet":"max-snippet:-1","max-image-preview":"max-image-preview:large","max-video-preview":"max-video-preview:-1"},"canonical":"https:\/\/www.biocabaz.pt\/web\/en\/produto\/crosti-bombs-mel-s-g-300g-favrichon\/","og_locale":"pt_PT","og_type":"article","og_title":"[:en]ORGANIC HONEY POPS CEREAL 250GR[:pt]CROSTI BOMBS MEL S\/G - 300G - FAVRICHON[:] - BIOCABAZ - CABAZES BIOL\u00d3GICOS","og_description":"CEREAIS BOLINHAS DE MEL BIO 250GCROSTI BOMBS MEL S\/G - 300G - FAVRICHON","og_url":"https:\/\/biocabaz.pt\/web\/produto\/crosti-bombs-mel-s-g-300g-favrichon\/","og_site_name":"BIOCABAZ - CABAZES BIOL\u00d3GICOS","article_modified_time":"2025-06-11T13:43:16+00:00","og_image":[{"width":450,"height":450,"url":"https:\/\/www.biocabaz.pt\/web\/wp-conteudos\/uploads\/2018\/11\/crosti-bombs-mel-sem-gluten-300g-favrichon.jpg","type":"image\/jpeg"}],"twitter_card":"summary_large_image","twitter_misc":{"Est. reading time":"1 minuto"},"schema":{"@context":"https:\/\/schema.org","@graph":[{"@type":"WebPage","@id":"https:\/\/www.biocabaz.pt\/web\/en\/produto\/crosti-bombs-mel-s-g-300g-favrichon\/","url":"https:\/\/www.biocabaz.pt\/web\/en\/produto\/crosti-bombs-mel-s-g-300g-favrichon\/","name":"CROSTI BOMBS MEL S\/G - 300G - FAVRICHON","isPartOf":{"@id":"https:\/\/biocabaz.pt\/web\/en\/#website"},"primaryImageOfPage":{"@id":"https:\/\/www.biocabaz.pt\/web\/en\/produto\/crosti-bombs-mel-s-g-300g-favrichon\/#primaryimage"},"image":{"@id":"https:\/\/www.biocabaz.pt\/web\/en\/produto\/crosti-bombs-mel-s-g-300g-favrichon\/#primaryimage"},"thumbnailUrl":"https:\/\/www.biocabaz.pt\/web\/wp-conteudos\/uploads\/2018\/11\/crosti-bombs-mel-sem-gluten-300g-favrichon.jpg","datePublished":"2018-11-13T11:09:09+00:00","dateModified":"2025-06-11T13:43:16+00:00","description":"CEREAIS BOLINHAS DE MEL BIO 250GCROSTI BOMBS MEL S\/G - 300G - FAVRICHON","breadcrumb":{"@id":"https:\/\/www.biocabaz.pt\/web\/en\/produto\/crosti-bombs-mel-s-g-300g-favrichon\/#breadcrumb"},"inLanguage":"pt-PT","potentialAction":[{"@type":"ReadAction","target":["https:\/\/www.biocabaz.pt\/web\/en\/produto\/crosti-bombs-mel-s-g-300g-favrichon\/"]}]},{"@type":"ImageObject","inLanguage":"pt-PT","@id":"https:\/\/www.biocabaz.pt\/web\/en\/produto\/crosti-bombs-mel-s-g-300g-favrichon\/#primaryimage","url":"https:\/\/www.biocabaz.pt\/web\/wp-conteudos\/uploads\/2018\/11\/crosti-bombs-mel-sem-gluten-300g-favrichon.jpg","contentUrl":"https:\/\/www.biocabaz.pt\/web\/wp-conteudos\/uploads\/2018\/11\/crosti-bombs-mel-sem-gluten-300g-favrichon.jpg","width":450,"height":450,"caption":"CROSTI BOMBS MEL S\/G - 300G - FAVRICHON"},{"@type":"BreadcrumbList","@id":"https:\/\/www.biocabaz.pt\/web\/en\/produto\/crosti-bombs-mel-s-g-300g-favrichon\/#breadcrumb","itemListElement":[{"@type":"ListItem","position":1,"name":"Home","item":"https:\/\/biocabaz.pt\/web\/en\/"},{"@type":"ListItem","position":2,"name":"Shop","item":"https:\/\/biocabaz.pt\/web\/en\/shop\/"},{"@type":"ListItem","position":3,"name":"ORGANIC HONEY POPS CEREAL 250GR"}]},{"@type":"WebSite","@id":"https:\/\/biocabaz.pt\/web\/en\/#website","url":"https:\/\/biocabaz.pt\/web\/en\/","name":"BIOCABAZ - CABAZES BIOL\u00d3GICOS","description":"O melhor que a terra d\u00e1 \u00e9 para si","potentialAction":[{"@type":"SearchAction","target":{"@type":"EntryPoint","urlTemplate":"https:\/\/biocabaz.pt\/web\/en\/?s={search_term_string}"},"query-input":{"@type":"PropertyValueSpecification","valueRequired":true,"valueName":"search_term_string"}}],"inLanguage":"pt-PT"}]}},"_links":{"self":[{"href":"https:\/\/biocabaz.pt\/web\/wp-json\/wp\/v2\/product\/9883","targetHints":{"allow":["GET"]}}],"collection":[{"href":"https:\/\/biocabaz.pt\/web\/wp-json\/wp\/v2\/product"}],"about":[{"href":"https:\/\/biocabaz.pt\/web\/wp-json\/wp\/v2\/types\/product"}],"replies":[{"embeddable":true,"href":"https:\/\/biocabaz.pt\/web\/wp-json\/wp\/v2\/comments?post=9883"}],"wp:featuredmedia":[{"embeddable":true,"href":"https:\/\/biocabaz.pt\/web\/wp-json\/wp\/v2\/media\/122860"}],"wp:attachment":[{"href":"https:\/\/biocabaz.pt\/web\/wp-json\/wp\/v2\/media?parent=9883"}],"wp:term":[{"taxonomy":"product_cat","embeddable":true,"href":"https:\/\/biocabaz.pt\/web\/wp-json\/wp\/v2\/product_cat?post=9883"},{"taxonomy":"product_tag","embeddable":true,"href":"https:\/\/biocabaz.pt\/web\/wp-json\/wp\/v2\/product_tag?post=9883"}],"curies":[{"name":"wp","href":"https:\/\/api.w.org\/{rel}","templated":true}]}}