{"id":980,"date":"2016-04-14T21:43:26","date_gmt":"2016-04-14T21:43:26","guid":{"rendered":"http:\/\/www.biocabaz.com\/web\/produto\/oleo-sesamo-1a-pres-bio-pregime-500ml\/"},"modified":"2025-06-09T09:54:19","modified_gmt":"2025-06-09T09:54:19","slug":"oleo-sesamo-1a-pres-bio-pregime-500ml","status":"publish","type":"product","link":"https:\/\/biocabaz.pt\/web\/produto\/oleo-sesamo-1a-pres-bio-pregime-500ml\/","title":{"rendered":"\u00d3LEO S\u00c9SAMO 1\u00aa PRES BIO PREGIME 500ML"},"content":{"rendered":"<p><strong>Descri\u00e7\u00e3o <\/strong><br \/>\n\t\t\t\tIngredientes: \u00d3leo virgem de S\u00e9samo do Mali. \u00d3leo vegetal n\u00e3o refinado e n\u00e3o desodorizado. Produto proveniente de Fran\u00e7a.<\/p>\n<p><strong>Dados Nutricionais<\/strong><br \/>\n\t\t\t\tAn\u00e1lise Nutricional M\u00e9dia: Energia: 9Kcal\/g 37Kj\/g;<br \/> Composi\u00e7\u00e3o: 100% L\u00edpidos;<br \/> \u00c1cidos Gordos Saturados: 11 a 20%;<br \/> \u00c1cidos Gordos Insaturados: 70 a 90% &#8211; dos quais \u00e1cido oleico: C18:1:30 a 45%, \u00e1cido linoleico: 18:2:38 a 50%;<br \/> Anti-oxidantes naturais: Vitamina E: 5mg\/100g corresponde a metade das necessidades di\u00e1rias recomendadas;<br \/> Sesamine: 500mg\/100g.<\/p>\n<p><strong>Modo Utiliza\u00e7\u00e3o<\/strong><br \/>Utilizar este \u00f3leo exclusivamente para tempero. Conservar ao fresco e ao abrigo da luz.<\/p>\n","protected":false},"excerpt":{"rendered":"<p>Descri\u00e7\u00e3o Ingredientes: \u00d3leo virgem de S\u00e9samo do Mali. \u00d3leo vegetal n\u00e3o refinado e n\u00e3o desodorizado. Produto proveniente de Fran\u00e7a. Dados Nutricionais An\u00e1lise Nutricional M\u00e9dia: Energia: 9Kcal\/g 37Kj\/g; Composi\u00e7\u00e3o: 100% L\u00edpidos; \u00c1cidos Gordos Saturados: 11 a 20%; \u00c1cidos Gordos Insaturados: 70 a 90% &#8211; dos quais \u00e1cido oleico: C18:1:30 a 45%, \u00e1cido linoleico: 18:2:38 a 50%; [&hellip;]<\/p>\n","protected":false},"featured_media":1094,"comment_status":"closed","ping_status":"closed","template":"","meta":[],"product_cat":[23],"product_tag":[],"class_list":["post-980","product","type-product","status-publish","has-post-thumbnail","hentry","product_cat-azeite-oleo-vinagre"],"bundle_layout":"","bundled_by":[],"bundled_items":[],"yoast_head":"<!-- This site is optimized with the Yoast SEO plugin v26.3 - https:\/\/yoast.com\/wordpress\/plugins\/seo\/ -->\n<title>\u00d3LEO S\u00c9SAMO 1\u00aa PRES BIO PREGIME 500ML<\/title>\n<meta name=\"robots\" content=\"index, follow, max-snippet:-1, max-image-preview:large, max-video-preview:-1\" \/>\n<link rel=\"canonical\" href=\"https:\/\/www.biocabaz.pt\/web\/produto\/oleo-sesamo-1a-pres-bio-pregime-500ml\/\" \/>\n<meta property=\"og:locale\" content=\"pt_PT\" \/>\n<meta property=\"og:locale:alternate\" content=\"en_US\" \/>\n<meta property=\"og:type\" content=\"article\" \/>\n<meta property=\"og:title\" content=\"\u00d3LEO S\u00c9SAMO 1\u00aa PRES BIO PREGIME 500ML\" \/>\n<meta property=\"og:description\" content=\"Descri\u00e7\u00e3o Ingredientes: \u00d3leo virgem de S\u00e9samo do Mali. \u00d3leo vegetal n\u00e3o refinado e n\u00e3o desodorizado. Produto proveniente de Fran\u00e7a. Dados Nutricionais An\u00e1lise Nutricional M\u00e9dia: Energia: 9Kcal\/g 37Kj\/g; Composi\u00e7\u00e3o: 100% L\u00edpidos; \u00c1cidos Gordos Saturados: 11 a 20%; \u00c1cidos Gordos Insaturados: 70 a 90% &#8211; dos quais \u00e1cido oleico: C18:1:30 a 45%, \u00e1cido linoleico: 18:2:38 a 50%; [&hellip;]\" \/>\n<meta property=\"og:url\" content=\"https:\/\/biocabaz.pt\/web\/produto\/oleo-sesamo-1a-pres-bio-pregime-500ml\/\" \/>\n<meta property=\"og:site_name\" content=\"BIOCABAZ - CABAZES BIOL\u00d3GICOS\" \/>\n<meta property=\"article:modified_time\" content=\"2025-06-09T09:54:19+00:00\" \/>\n<meta property=\"og:image\" content=\"https:\/\/www.biocabaz.pt\/web\/wp-conteudos\/uploads\/2016\/04\/oleosesamo.jpg\" \/>\n\t<meta property=\"og:image:width\" content=\"326\" \/>\n\t<meta property=\"og:image:height\" content=\"326\" \/>\n\t<meta property=\"og:image:type\" content=\"image\/jpeg\" \/>\n<meta name=\"twitter:card\" content=\"summary_large_image\" \/>\n<meta name=\"twitter:label1\" content=\"Est. reading time\" \/>\n\t<meta name=\"twitter:data1\" content=\"1 minuto\" \/>\n<script type=\"application\/ld+json\" class=\"yoast-schema-graph\">{\"@context\":\"https:\/\/schema.org\",\"@graph\":[{\"@type\":\"WebPage\",\"@id\":\"https:\/\/www.biocabaz.pt\/web\/produto\/oleo-sesamo-1a-pres-bio-pregime-500ml\/\",\"url\":\"https:\/\/www.biocabaz.pt\/web\/produto\/oleo-sesamo-1a-pres-bio-pregime-500ml\/\",\"name\":\"\u00d3LEO S\u00c9SAMO 1\u00aa PRES BIO PREGIME 500ML\",\"isPartOf\":{\"@id\":\"https:\/\/biocabaz.pt\/web\/en\/#website\"},\"primaryImageOfPage\":{\"@id\":\"https:\/\/www.biocabaz.pt\/web\/produto\/oleo-sesamo-1a-pres-bio-pregime-500ml\/#primaryimage\"},\"image\":{\"@id\":\"https:\/\/www.biocabaz.pt\/web\/produto\/oleo-sesamo-1a-pres-bio-pregime-500ml\/#primaryimage\"},\"thumbnailUrl\":\"https:\/\/www.biocabaz.pt\/web\/wp-conteudos\/uploads\/2016\/04\/oleosesamo.jpg\",\"datePublished\":\"2016-04-14T21:43:26+00:00\",\"dateModified\":\"2025-06-09T09:54:19+00:00\",\"breadcrumb\":{\"@id\":\"https:\/\/www.biocabaz.pt\/web\/produto\/oleo-sesamo-1a-pres-bio-pregime-500ml\/#breadcrumb\"},\"inLanguage\":\"pt-PT\",\"potentialAction\":[{\"@type\":\"ReadAction\",\"target\":[\"https:\/\/www.biocabaz.pt\/web\/produto\/oleo-sesamo-1a-pres-bio-pregime-500ml\/\"]}]},{\"@type\":\"ImageObject\",\"inLanguage\":\"pt-PT\",\"@id\":\"https:\/\/www.biocabaz.pt\/web\/produto\/oleo-sesamo-1a-pres-bio-pregime-500ml\/#primaryimage\",\"url\":\"https:\/\/www.biocabaz.pt\/web\/wp-conteudos\/uploads\/2016\/04\/oleosesamo.jpg\",\"contentUrl\":\"https:\/\/www.biocabaz.pt\/web\/wp-conteudos\/uploads\/2016\/04\/oleosesamo.jpg\",\"width\":326,\"height\":326},{\"@type\":\"BreadcrumbList\",\"@id\":\"https:\/\/www.biocabaz.pt\/web\/produto\/oleo-sesamo-1a-pres-bio-pregime-500ml\/#breadcrumb\",\"itemListElement\":[{\"@type\":\"ListItem\",\"position\":1,\"name\":\"Home\",\"item\":\"https:\/\/biocabaz.pt\/web\/en\/\"},{\"@type\":\"ListItem\",\"position\":2,\"name\":\"Loja\",\"item\":\"https:\/\/biocabaz.pt\/web\/shop\/\"},{\"@type\":\"ListItem\",\"position\":3,\"name\":\"\u00d3LEO S\u00c9SAMO 1\u00aa PRES BIO PREGIME 500ML\"}]},{\"@type\":\"WebSite\",\"@id\":\"https:\/\/biocabaz.pt\/web\/en\/#website\",\"url\":\"https:\/\/biocabaz.pt\/web\/en\/\",\"name\":\"BIOCABAZ - CABAZES BIOL\u00d3GICOS\",\"description\":\"O melhor que a terra d\u00e1 \u00e9 para si\",\"potentialAction\":[{\"@type\":\"SearchAction\",\"target\":{\"@type\":\"EntryPoint\",\"urlTemplate\":\"https:\/\/biocabaz.pt\/web\/en\/?s={search_term_string}\"},\"query-input\":{\"@type\":\"PropertyValueSpecification\",\"valueRequired\":true,\"valueName\":\"search_term_string\"}}],\"inLanguage\":\"pt-PT\"}]}<\/script>\n<!-- \/ Yoast SEO plugin. -->","yoast_head_json":{"title":"\u00d3LEO S\u00c9SAMO 1\u00aa PRES BIO PREGIME 500ML","robots":{"index":"index","follow":"follow","max-snippet":"max-snippet:-1","max-image-preview":"max-image-preview:large","max-video-preview":"max-video-preview:-1"},"canonical":"https:\/\/www.biocabaz.pt\/web\/produto\/oleo-sesamo-1a-pres-bio-pregime-500ml\/","og_locale":"pt_PT","og_type":"article","og_title":"[:en]PREGIME ORGANIC SESAME OIL 500ML[:pt]\u00d3LEO S\u00c9SAMO 1\u00aa PRES BIO PREGIME 500ML[:] - BIOCABAZ - CABAZES BIOL\u00d3GICOS","og_description":"Descri\u00e7\u00e3o Ingredientes: \u00d3leo virgem de S\u00e9samo do Mali. \u00d3leo vegetal n\u00e3o refinado e n\u00e3o desodorizado. Produto proveniente de Fran\u00e7a. Dados Nutricionais An\u00e1lise Nutricional M\u00e9dia: Energia: 9Kcal\/g 37Kj\/g; Composi\u00e7\u00e3o: 100% L\u00edpidos; \u00c1cidos Gordos Saturados: 11 a 20%; \u00c1cidos Gordos Insaturados: 70 a 90% &#8211; dos quais \u00e1cido oleico: C18:1:30 a 45%, \u00e1cido linoleico: 18:2:38 a 50%; [&hellip;]","og_url":"https:\/\/biocabaz.pt\/web\/produto\/oleo-sesamo-1a-pres-bio-pregime-500ml\/","og_site_name":"BIOCABAZ - CABAZES BIOL\u00d3GICOS","article_modified_time":"2025-06-09T09:54:19+00:00","og_image":[{"width":326,"height":326,"url":"https:\/\/www.biocabaz.pt\/web\/wp-conteudos\/uploads\/2016\/04\/oleosesamo.jpg","type":"image\/jpeg"}],"twitter_card":"summary_large_image","twitter_misc":{"Est. reading time":"1 minuto"},"schema":{"@context":"https:\/\/schema.org","@graph":[{"@type":"WebPage","@id":"https:\/\/www.biocabaz.pt\/web\/produto\/oleo-sesamo-1a-pres-bio-pregime-500ml\/","url":"https:\/\/www.biocabaz.pt\/web\/produto\/oleo-sesamo-1a-pres-bio-pregime-500ml\/","name":"\u00d3LEO S\u00c9SAMO 1\u00aa PRES BIO PREGIME 500ML","isPartOf":{"@id":"https:\/\/biocabaz.pt\/web\/en\/#website"},"primaryImageOfPage":{"@id":"https:\/\/www.biocabaz.pt\/web\/produto\/oleo-sesamo-1a-pres-bio-pregime-500ml\/#primaryimage"},"image":{"@id":"https:\/\/www.biocabaz.pt\/web\/produto\/oleo-sesamo-1a-pres-bio-pregime-500ml\/#primaryimage"},"thumbnailUrl":"https:\/\/www.biocabaz.pt\/web\/wp-conteudos\/uploads\/2016\/04\/oleosesamo.jpg","datePublished":"2016-04-14T21:43:26+00:00","dateModified":"2025-06-09T09:54:19+00:00","breadcrumb":{"@id":"https:\/\/www.biocabaz.pt\/web\/produto\/oleo-sesamo-1a-pres-bio-pregime-500ml\/#breadcrumb"},"inLanguage":"pt-PT","potentialAction":[{"@type":"ReadAction","target":["https:\/\/www.biocabaz.pt\/web\/produto\/oleo-sesamo-1a-pres-bio-pregime-500ml\/"]}]},{"@type":"ImageObject","inLanguage":"pt-PT","@id":"https:\/\/www.biocabaz.pt\/web\/produto\/oleo-sesamo-1a-pres-bio-pregime-500ml\/#primaryimage","url":"https:\/\/www.biocabaz.pt\/web\/wp-conteudos\/uploads\/2016\/04\/oleosesamo.jpg","contentUrl":"https:\/\/www.biocabaz.pt\/web\/wp-conteudos\/uploads\/2016\/04\/oleosesamo.jpg","width":326,"height":326},{"@type":"BreadcrumbList","@id":"https:\/\/www.biocabaz.pt\/web\/produto\/oleo-sesamo-1a-pres-bio-pregime-500ml\/#breadcrumb","itemListElement":[{"@type":"ListItem","position":1,"name":"Home","item":"https:\/\/biocabaz.pt\/web\/en\/"},{"@type":"ListItem","position":2,"name":"Loja","item":"https:\/\/biocabaz.pt\/web\/shop\/"},{"@type":"ListItem","position":3,"name":"\u00d3LEO S\u00c9SAMO 1\u00aa PRES BIO PREGIME 500ML"}]},{"@type":"WebSite","@id":"https:\/\/biocabaz.pt\/web\/en\/#website","url":"https:\/\/biocabaz.pt\/web\/en\/","name":"BIOCABAZ - CABAZES BIOL\u00d3GICOS","description":"O melhor que a terra d\u00e1 \u00e9 para si","potentialAction":[{"@type":"SearchAction","target":{"@type":"EntryPoint","urlTemplate":"https:\/\/biocabaz.pt\/web\/en\/?s={search_term_string}"},"query-input":{"@type":"PropertyValueSpecification","valueRequired":true,"valueName":"search_term_string"}}],"inLanguage":"pt-PT"}]}},"_links":{"self":[{"href":"https:\/\/biocabaz.pt\/web\/wp-json\/wp\/v2\/product\/980","targetHints":{"allow":["GET"]}}],"collection":[{"href":"https:\/\/biocabaz.pt\/web\/wp-json\/wp\/v2\/product"}],"about":[{"href":"https:\/\/biocabaz.pt\/web\/wp-json\/wp\/v2\/types\/product"}],"replies":[{"embeddable":true,"href":"https:\/\/biocabaz.pt\/web\/wp-json\/wp\/v2\/comments?post=980"}],"wp:featuredmedia":[{"embeddable":true,"href":"https:\/\/biocabaz.pt\/web\/wp-json\/wp\/v2\/media\/1094"}],"wp:attachment":[{"href":"https:\/\/biocabaz.pt\/web\/wp-json\/wp\/v2\/media?parent=980"}],"wp:term":[{"taxonomy":"product_cat","embeddable":true,"href":"https:\/\/biocabaz.pt\/web\/wp-json\/wp\/v2\/product_cat?post=980"},{"taxonomy":"product_tag","embeddable":true,"href":"https:\/\/biocabaz.pt\/web\/wp-json\/wp\/v2\/product_tag?post=980"}],"curies":[{"name":"wp","href":"https:\/\/api.w.org\/{rel}","templated":true}]}}