{"id":97816,"date":"2023-03-03T16:00:04","date_gmt":"2023-03-03T16:00:04","guid":{"rendered":"https:\/\/www.biocabaz.pt\/web\/?post_type=product&#038;p=97816"},"modified":"2023-10-27T08:12:32","modified_gmt":"2023-10-27T08:12:32","slug":"salada-mix-bio-mistura-de-alface-folha-de-carvalho-verde-e-roxa","status":"publish","type":"product","link":"https:\/\/biocabaz.pt\/web\/produto\/salada-mix-bio-mistura-de-alface-folha-de-carvalho-verde-e-roxa\/","title":{"rendered":"SALADA MIX BIO ( MISTURA DE ALFACE FOLHA DE CARVALHO VERDE E ROXA)"},"content":{"rendered":"<p>Origem Portugal<\/p>\n","protected":false},"excerpt":{"rendered":"<p>Origem Portugal<\/p>\n","protected":false},"featured_media":97817,"comment_status":"closed","ping_status":"closed","template":"","meta":[],"product_cat":[11],"product_tag":[],"class_list":["post-97816","product","type-product","status-publish","has-post-thumbnail","hentry","product_cat-legumes"],"bundle_layout":"","bundled_by":[],"bundled_items":[],"yoast_head":"<!-- This site is optimized with the Yoast SEO plugin v26.3 - https:\/\/yoast.com\/wordpress\/plugins\/seo\/ -->\n<title>SALADA MIX BIO ( MISTURA DE ALFACE FOLHA DE CARVALHO VERDE E ROXA)<\/title>\n<meta name=\"description\" content=\"SALADA MIX BIO ( MISTURA DE ALFACE FOLHA DE CARVALHO VERDE E ROXA)\" \/>\n<meta name=\"robots\" content=\"index, follow, max-snippet:-1, max-image-preview:large, max-video-preview:-1\" \/>\n<link rel=\"canonical\" href=\"https:\/\/biocabaz.pt\/web\/produto\/salada-mix-bio-mistura-de-alface-folha-de-carvalho-verde-e-roxa\/\" \/>\n<meta property=\"og:locale\" content=\"pt_PT\" \/>\n<meta property=\"og:locale:alternate\" content=\"en_US\" \/>\n<meta property=\"og:type\" content=\"article\" \/>\n<meta property=\"og:title\" content=\"SALADA MIX BIO ( MISTURA DE ALFACE FOLHA DE CARVALHO VERDE E ROXA)\" \/>\n<meta property=\"og:description\" content=\"SALADA MIX BIO ( MISTURA DE ALFACE FOLHA DE CARVALHO VERDE E ROXA)\" \/>\n<meta property=\"og:url\" content=\"https:\/\/biocabaz.pt\/web\/produto\/salada-mix-bio-mistura-de-alface-folha-de-carvalho-verde-e-roxa\/\" \/>\n<meta property=\"og:site_name\" content=\"BIOCABAZ - CABAZES BIOL\u00d3GICOS\" \/>\n<meta property=\"article:modified_time\" content=\"2023-10-27T08:12:32+00:00\" \/>\n<meta property=\"og:image\" content=\"https:\/\/www.biocabaz.pt\/web\/wp-conteudos\/uploads\/2023\/03\/salada-mix-bio-e1677859163406.jpg\" \/>\n\t<meta property=\"og:image:width\" content=\"500\" \/>\n\t<meta property=\"og:image:height\" content=\"332\" \/>\n\t<meta property=\"og:image:type\" content=\"image\/jpeg\" \/>\n<meta name=\"twitter:card\" content=\"summary_large_image\" \/>\n<meta name=\"twitter:label1\" content=\"Est. reading time\" \/>\n\t<meta name=\"twitter:data1\" content=\"1 minuto\" \/>\n<script type=\"application\/ld+json\" class=\"yoast-schema-graph\">{\"@context\":\"https:\/\/schema.org\",\"@graph\":[{\"@type\":\"WebPage\",\"@id\":\"https:\/\/biocabaz.pt\/web\/produto\/salada-mix-bio-mistura-de-alface-folha-de-carvalho-verde-e-roxa\/\",\"url\":\"https:\/\/biocabaz.pt\/web\/produto\/salada-mix-bio-mistura-de-alface-folha-de-carvalho-verde-e-roxa\/\",\"name\":\"SALADA MIX BIO ( MISTURA DE ALFACE FOLHA DE CARVALHO VERDE E ROXA)\",\"isPartOf\":{\"@id\":\"https:\/\/www.biocabaz.pt\/web\/en\/#website\"},\"primaryImageOfPage\":{\"@id\":\"https:\/\/biocabaz.pt\/web\/produto\/salada-mix-bio-mistura-de-alface-folha-de-carvalho-verde-e-roxa\/#primaryimage\"},\"image\":{\"@id\":\"https:\/\/biocabaz.pt\/web\/produto\/salada-mix-bio-mistura-de-alface-folha-de-carvalho-verde-e-roxa\/#primaryimage\"},\"thumbnailUrl\":\"https:\/\/www.biocabaz.pt\/web\/wp-conteudos\/uploads\/2023\/03\/salada-mix-bio-e1677859163406.jpg\",\"datePublished\":\"2023-03-03T16:00:04+00:00\",\"dateModified\":\"2023-10-27T08:12:32+00:00\",\"description\":\"SALADA MIX BIO ( MISTURA DE ALFACE FOLHA DE CARVALHO VERDE E ROXA)\",\"breadcrumb\":{\"@id\":\"https:\/\/biocabaz.pt\/web\/produto\/salada-mix-bio-mistura-de-alface-folha-de-carvalho-verde-e-roxa\/#breadcrumb\"},\"inLanguage\":\"pt-PT\",\"potentialAction\":[{\"@type\":\"ReadAction\",\"target\":[\"https:\/\/biocabaz.pt\/web\/produto\/salada-mix-bio-mistura-de-alface-folha-de-carvalho-verde-e-roxa\/\"]}]},{\"@type\":\"ImageObject\",\"inLanguage\":\"pt-PT\",\"@id\":\"https:\/\/biocabaz.pt\/web\/produto\/salada-mix-bio-mistura-de-alface-folha-de-carvalho-verde-e-roxa\/#primaryimage\",\"url\":\"https:\/\/www.biocabaz.pt\/web\/wp-conteudos\/uploads\/2023\/03\/salada-mix-bio-e1677859163406.jpg\",\"contentUrl\":\"https:\/\/www.biocabaz.pt\/web\/wp-conteudos\/uploads\/2023\/03\/salada-mix-bio-e1677859163406.jpg\",\"width\":500,\"height\":332,\"caption\":\"SALADA MIX BIO ( MISTURA DE ALFACE FOLHA DE CARVALHO VERDE E ROXA)\"},{\"@type\":\"BreadcrumbList\",\"@id\":\"https:\/\/biocabaz.pt\/web\/produto\/salada-mix-bio-mistura-de-alface-folha-de-carvalho-verde-e-roxa\/#breadcrumb\",\"itemListElement\":[{\"@type\":\"ListItem\",\"position\":1,\"name\":\"Home\",\"item\":\"https:\/\/www.biocabaz.pt\/web\/en\/\"},{\"@type\":\"ListItem\",\"position\":2,\"name\":\"Shop\",\"item\":\"https:\/\/www.biocabaz.pt\/web\/en\/shop\/\"},{\"@type\":\"ListItem\",\"position\":3,\"name\":\"SALADA MIX BIO ( MISTURA DE ALFACE FOLHA DE CARVALHO VERDE E ROXA)\"}]},{\"@type\":\"WebSite\",\"@id\":\"https:\/\/www.biocabaz.pt\/web\/en\/#website\",\"url\":\"https:\/\/www.biocabaz.pt\/web\/en\/\",\"name\":\"BIOCABAZ - CABAZES BIOL\u00d3GICOS\",\"description\":\"O melhor que a terra d\u00e1 \u00e9 para si\",\"potentialAction\":[{\"@type\":\"SearchAction\",\"target\":{\"@type\":\"EntryPoint\",\"urlTemplate\":\"https:\/\/www.biocabaz.pt\/web\/en\/?s={search_term_string}\"},\"query-input\":{\"@type\":\"PropertyValueSpecification\",\"valueRequired\":true,\"valueName\":\"search_term_string\"}}],\"inLanguage\":\"pt-PT\"}]}<\/script>\n<!-- \/ Yoast SEO plugin. -->","yoast_head_json":{"title":"SALADA MIX BIO ( MISTURA DE ALFACE FOLHA DE CARVALHO VERDE E ROXA)","description":"SALADA MIX BIO ( MISTURA DE ALFACE FOLHA DE CARVALHO VERDE E ROXA)","robots":{"index":"index","follow":"follow","max-snippet":"max-snippet:-1","max-image-preview":"max-image-preview:large","max-video-preview":"max-video-preview:-1"},"canonical":"https:\/\/biocabaz.pt\/web\/produto\/salada-mix-bio-mistura-de-alface-folha-de-carvalho-verde-e-roxa\/","og_locale":"pt_PT","og_type":"article","og_title":"[:pt]SALADA MIX BIO ( MISTURA DE ALFACE FOLHA DE CARVALHO VERDE E ROXA)[:] - BIOCABAZ - CABAZES BIOL\u00d3GICOS","og_description":"SALADA MIX BIO ( MISTURA DE ALFACE FOLHA DE CARVALHO VERDE E ROXA)","og_url":"https:\/\/biocabaz.pt\/web\/produto\/salada-mix-bio-mistura-de-alface-folha-de-carvalho-verde-e-roxa\/","og_site_name":"BIOCABAZ - CABAZES BIOL\u00d3GICOS","article_modified_time":"2023-10-27T08:12:32+00:00","og_image":[{"width":500,"height":332,"url":"https:\/\/www.biocabaz.pt\/web\/wp-conteudos\/uploads\/2023\/03\/salada-mix-bio-e1677859163406.jpg","type":"image\/jpeg"}],"twitter_card":"summary_large_image","twitter_misc":{"Est. reading time":"1 minuto"},"schema":{"@context":"https:\/\/schema.org","@graph":[{"@type":"WebPage","@id":"https:\/\/biocabaz.pt\/web\/produto\/salada-mix-bio-mistura-de-alface-folha-de-carvalho-verde-e-roxa\/","url":"https:\/\/biocabaz.pt\/web\/produto\/salada-mix-bio-mistura-de-alface-folha-de-carvalho-verde-e-roxa\/","name":"SALADA MIX BIO ( MISTURA DE ALFACE FOLHA DE CARVALHO VERDE E ROXA)","isPartOf":{"@id":"https:\/\/www.biocabaz.pt\/web\/en\/#website"},"primaryImageOfPage":{"@id":"https:\/\/biocabaz.pt\/web\/produto\/salada-mix-bio-mistura-de-alface-folha-de-carvalho-verde-e-roxa\/#primaryimage"},"image":{"@id":"https:\/\/biocabaz.pt\/web\/produto\/salada-mix-bio-mistura-de-alface-folha-de-carvalho-verde-e-roxa\/#primaryimage"},"thumbnailUrl":"https:\/\/www.biocabaz.pt\/web\/wp-conteudos\/uploads\/2023\/03\/salada-mix-bio-e1677859163406.jpg","datePublished":"2023-03-03T16:00:04+00:00","dateModified":"2023-10-27T08:12:32+00:00","description":"SALADA MIX BIO ( MISTURA DE ALFACE FOLHA DE CARVALHO VERDE E ROXA)","breadcrumb":{"@id":"https:\/\/biocabaz.pt\/web\/produto\/salada-mix-bio-mistura-de-alface-folha-de-carvalho-verde-e-roxa\/#breadcrumb"},"inLanguage":"pt-PT","potentialAction":[{"@type":"ReadAction","target":["https:\/\/biocabaz.pt\/web\/produto\/salada-mix-bio-mistura-de-alface-folha-de-carvalho-verde-e-roxa\/"]}]},{"@type":"ImageObject","inLanguage":"pt-PT","@id":"https:\/\/biocabaz.pt\/web\/produto\/salada-mix-bio-mistura-de-alface-folha-de-carvalho-verde-e-roxa\/#primaryimage","url":"https:\/\/www.biocabaz.pt\/web\/wp-conteudos\/uploads\/2023\/03\/salada-mix-bio-e1677859163406.jpg","contentUrl":"https:\/\/www.biocabaz.pt\/web\/wp-conteudos\/uploads\/2023\/03\/salada-mix-bio-e1677859163406.jpg","width":500,"height":332,"caption":"SALADA MIX BIO ( MISTURA DE ALFACE FOLHA DE CARVALHO VERDE E ROXA)"},{"@type":"BreadcrumbList","@id":"https:\/\/biocabaz.pt\/web\/produto\/salada-mix-bio-mistura-de-alface-folha-de-carvalho-verde-e-roxa\/#breadcrumb","itemListElement":[{"@type":"ListItem","position":1,"name":"Home","item":"https:\/\/www.biocabaz.pt\/web\/en\/"},{"@type":"ListItem","position":2,"name":"Shop","item":"https:\/\/www.biocabaz.pt\/web\/en\/shop\/"},{"@type":"ListItem","position":3,"name":"SALADA MIX BIO ( MISTURA DE ALFACE FOLHA DE CARVALHO VERDE E ROXA)"}]},{"@type":"WebSite","@id":"https:\/\/www.biocabaz.pt\/web\/en\/#website","url":"https:\/\/www.biocabaz.pt\/web\/en\/","name":"BIOCABAZ - CABAZES BIOL\u00d3GICOS","description":"O melhor que a terra d\u00e1 \u00e9 para si","potentialAction":[{"@type":"SearchAction","target":{"@type":"EntryPoint","urlTemplate":"https:\/\/www.biocabaz.pt\/web\/en\/?s={search_term_string}"},"query-input":{"@type":"PropertyValueSpecification","valueRequired":true,"valueName":"search_term_string"}}],"inLanguage":"pt-PT"}]}},"_links":{"self":[{"href":"https:\/\/biocabaz.pt\/web\/wp-json\/wp\/v2\/product\/97816","targetHints":{"allow":["GET"]}}],"collection":[{"href":"https:\/\/biocabaz.pt\/web\/wp-json\/wp\/v2\/product"}],"about":[{"href":"https:\/\/biocabaz.pt\/web\/wp-json\/wp\/v2\/types\/product"}],"replies":[{"embeddable":true,"href":"https:\/\/biocabaz.pt\/web\/wp-json\/wp\/v2\/comments?post=97816"}],"wp:featuredmedia":[{"embeddable":true,"href":"https:\/\/biocabaz.pt\/web\/wp-json\/wp\/v2\/media\/97817"}],"wp:attachment":[{"href":"https:\/\/biocabaz.pt\/web\/wp-json\/wp\/v2\/media?parent=97816"}],"wp:term":[{"taxonomy":"product_cat","embeddable":true,"href":"https:\/\/biocabaz.pt\/web\/wp-json\/wp\/v2\/product_cat?post=97816"},{"taxonomy":"product_tag","embeddable":true,"href":"https:\/\/biocabaz.pt\/web\/wp-json\/wp\/v2\/product_tag?post=97816"}],"curies":[{"name":"wp","href":"https:\/\/api.w.org\/{rel}","templated":true}]}}