{"id":977,"date":"2016-04-14T21:43:23","date_gmt":"2016-04-14T21:43:23","guid":{"rendered":"http:\/\/www.biocabaz.com\/web\/produto\/farinha-de-alfarroba-250g\/"},"modified":"2022-10-03T12:02:58","modified_gmt":"2022-10-03T12:02:58","slug":"farinha-de-alfarroba-250grs-provida","status":"publish","type":"product","link":"https:\/\/biocabaz.pt\/web\/produto\/farinha-de-alfarroba-250grs-provida\/","title":{"rendered":"FARINHA DE ALFARROBA BIO 250G PROVIDA"},"content":{"rendered":"<p><strong>Descri\u00e7\u00e3o <\/strong><br \/>\n\t\t\t\tIngredientes: Alfarroba de produ\u00e7\u00e3o biol\u00f3gica. Obtida a partir das vagens de Alfarroba atrav\u00e9s de um processo de moagem. Tem um sabor muito doce e ligeiramente similar ao `achocolatado\u00b4. Utiliza-se em regimes em que o a\u00e7\u00facar e o chocolate n\u00e3o s\u00e3o aconselh\u00e1veis. Alto teor em fibra. Rica em c\u00e1lcio e riboflavina. Fonte de ferro.<\/p>\n<p><strong>Dados Nutricionais<\/strong><br \/>\n\t\t\t\tDeclara\u00e7\u00e3o Nutricional por 100g:<br \/> Energia: 1254 kJ\/300 kcal;<br \/> L\u00edpidos: 0,65g &#8211; dos quais saturados: 0,09g;<br \/> Hidratos de carbono: 49,0g &#8211; dos quais a\u00e7\u00facares: 40,0g;<br \/> Fibra: 39,8g;<br \/> Prote\u00ednas: 4,6g;<br \/> Sal: 0,1g;<br \/> Riboflavina: 0,46mg (32%VRN);<br \/> C\u00e1lcio: 348mg (43%VRN);<br \/> Ferro: 2,9mg (20%VRN). VRN: Valor de Refer\u00eancia do Nutriente.<\/p>\n<p><strong>Modo Utiliza\u00e7\u00e3o<\/strong><br \/>Na elabora\u00e7\u00e3o de sobremesas, papas, bolos, p\u00e3o ou para engorssar molhos e recheios. Conservar em local seco e fresco.<\/p>\n","protected":false},"excerpt":{"rendered":"<p>Descri\u00e7\u00e3o Ingredientes: Alfarroba de produ\u00e7\u00e3o biol\u00f3gica. Obtida a partir das vagens de Alfarroba atrav\u00e9s de um processo de moagem. Tem um sabor muito doce e ligeiramente similar ao `achocolatado\u00b4. Utiliza-se em regimes em que o a\u00e7\u00facar e o chocolate n\u00e3o s\u00e3o aconselh\u00e1veis. Alto teor em fibra. Rica em c\u00e1lcio e riboflavina. Fonte de ferro. Dados [&hellip;]<\/p>\n","protected":false},"featured_media":8727,"comment_status":"closed","ping_status":"closed","template":"","meta":[],"product_cat":[22],"product_tag":[],"class_list":["post-977","product","type-product","status-publish","has-post-thumbnail","hentry","product_cat-arroz-farinha"],"bundle_layout":"","bundled_by":[],"bundled_items":[],"yoast_head":"<!-- This site is optimized with the Yoast SEO plugin v26.3 - https:\/\/yoast.com\/wordpress\/plugins\/seo\/ -->\n<title>FARINHA DE ALFARROBA BIO 250G PROVIDA<\/title>\n<meta name=\"description\" content=\"FARINHA DE ALFARROBA 250GRS PROVIDA\" \/>\n<meta name=\"robots\" content=\"index, follow, max-snippet:-1, max-image-preview:large, max-video-preview:-1\" \/>\n<link rel=\"canonical\" href=\"https:\/\/www.biocabaz.pt\/web\/en\/produto\/farinha-de-alfarroba-250grs-provida\/\" \/>\n<meta property=\"og:locale\" content=\"pt_PT\" \/>\n<meta property=\"og:locale:alternate\" content=\"en_US\" \/>\n<meta property=\"og:type\" content=\"article\" \/>\n<meta property=\"og:title\" content=\"FARINHA DE ALFARROBA BIO 250G PROVIDA\" \/>\n<meta property=\"og:description\" content=\"FARINHA DE ALFARROBA 250GRS PROVIDA\" \/>\n<meta property=\"og:url\" content=\"https:\/\/biocabaz.pt\/web\/produto\/farinha-de-alfarroba-250grs-provida\/\" \/>\n<meta property=\"og:site_name\" content=\"BIOCABAZ - CABAZES BIOL\u00d3GICOS\" \/>\n<meta property=\"article:modified_time\" content=\"2022-10-03T12:02:58+00:00\" \/>\n<meta property=\"og:image\" content=\"https:\/\/www.biocabaz.pt\/web\/wp-conteudos\/uploads\/2016\/04\/FARINHA-DE-ALFARROBA-250GRS-PROVIDA.jpg\" \/>\n\t<meta property=\"og:image:width\" content=\"900\" \/>\n\t<meta property=\"og:image:height\" content=\"900\" \/>\n\t<meta property=\"og:image:type\" content=\"image\/jpeg\" \/>\n<meta name=\"twitter:card\" content=\"summary_large_image\" \/>\n<meta name=\"twitter:label1\" content=\"Est. reading time\" \/>\n\t<meta name=\"twitter:data1\" content=\"1 minuto\" \/>\n<script type=\"application\/ld+json\" class=\"yoast-schema-graph\">{\"@context\":\"https:\/\/schema.org\",\"@graph\":[{\"@type\":\"WebPage\",\"@id\":\"https:\/\/www.biocabaz.pt\/web\/en\/produto\/farinha-de-alfarroba-250grs-provida\/\",\"url\":\"https:\/\/www.biocabaz.pt\/web\/en\/produto\/farinha-de-alfarroba-250grs-provida\/\",\"name\":\"FARINHA DE ALFARROBA BIO 250G PROVIDA\",\"isPartOf\":{\"@id\":\"https:\/\/www.biocabaz.pt\/web\/en\/#website\"},\"primaryImageOfPage\":{\"@id\":\"https:\/\/www.biocabaz.pt\/web\/en\/produto\/farinha-de-alfarroba-250grs-provida\/#primaryimage\"},\"image\":{\"@id\":\"https:\/\/www.biocabaz.pt\/web\/en\/produto\/farinha-de-alfarroba-250grs-provida\/#primaryimage\"},\"thumbnailUrl\":\"https:\/\/www.biocabaz.pt\/web\/wp-conteudos\/uploads\/2016\/04\/FARINHA-DE-ALFARROBA-250GRS-PROVIDA.jpg\",\"datePublished\":\"2016-04-14T21:43:23+00:00\",\"dateModified\":\"2022-10-03T12:02:58+00:00\",\"description\":\"FARINHA DE ALFARROBA 250GRS PROVIDA\",\"breadcrumb\":{\"@id\":\"https:\/\/www.biocabaz.pt\/web\/en\/produto\/farinha-de-alfarroba-250grs-provida\/#breadcrumb\"},\"inLanguage\":\"pt-PT\",\"potentialAction\":[{\"@type\":\"ReadAction\",\"target\":[\"https:\/\/www.biocabaz.pt\/web\/en\/produto\/farinha-de-alfarroba-250grs-provida\/\"]}]},{\"@type\":\"ImageObject\",\"inLanguage\":\"pt-PT\",\"@id\":\"https:\/\/www.biocabaz.pt\/web\/en\/produto\/farinha-de-alfarroba-250grs-provida\/#primaryimage\",\"url\":\"https:\/\/www.biocabaz.pt\/web\/wp-conteudos\/uploads\/2016\/04\/FARINHA-DE-ALFARROBA-250GRS-PROVIDA.jpg\",\"contentUrl\":\"https:\/\/www.biocabaz.pt\/web\/wp-conteudos\/uploads\/2016\/04\/FARINHA-DE-ALFARROBA-250GRS-PROVIDA.jpg\",\"width\":900,\"height\":900,\"caption\":\"FARINHA DE ALFARROBA 250GRS PROVIDA\"},{\"@type\":\"BreadcrumbList\",\"@id\":\"https:\/\/www.biocabaz.pt\/web\/en\/produto\/farinha-de-alfarroba-250grs-provida\/#breadcrumb\",\"itemListElement\":[{\"@type\":\"ListItem\",\"position\":1,\"name\":\"Home\",\"item\":\"https:\/\/www.biocabaz.pt\/web\/en\/\"},{\"@type\":\"ListItem\",\"position\":2,\"name\":\"Shop\",\"item\":\"https:\/\/www.biocabaz.pt\/web\/en\/shop\/\"},{\"@type\":\"ListItem\",\"position\":3,\"name\":\"PR\u00d3VIDA ORGANIC CAROB FLOUR 250GR\"}]},{\"@type\":\"WebSite\",\"@id\":\"https:\/\/www.biocabaz.pt\/web\/en\/#website\",\"url\":\"https:\/\/www.biocabaz.pt\/web\/en\/\",\"name\":\"BIOCABAZ - CABAZES BIOL\u00d3GICOS\",\"description\":\"O melhor que a terra d\u00e1 \u00e9 para si\",\"potentialAction\":[{\"@type\":\"SearchAction\",\"target\":{\"@type\":\"EntryPoint\",\"urlTemplate\":\"https:\/\/www.biocabaz.pt\/web\/en\/?s={search_term_string}\"},\"query-input\":{\"@type\":\"PropertyValueSpecification\",\"valueRequired\":true,\"valueName\":\"search_term_string\"}}],\"inLanguage\":\"pt-PT\"}]}<\/script>\n<!-- \/ Yoast SEO plugin. -->","yoast_head_json":{"title":"FARINHA DE ALFARROBA BIO 250G PROVIDA","description":"FARINHA DE ALFARROBA 250GRS PROVIDA","robots":{"index":"index","follow":"follow","max-snippet":"max-snippet:-1","max-image-preview":"max-image-preview:large","max-video-preview":"max-video-preview:-1"},"canonical":"https:\/\/www.biocabaz.pt\/web\/en\/produto\/farinha-de-alfarroba-250grs-provida\/","og_locale":"pt_PT","og_type":"article","og_title":"[:en]PR\u00d3VIDA ORGANIC CAROB FLOUR 250GR[:pt]FARINHA DE ALFARROBA BIO 250G PROVIDA[:] - BIOCABAZ - CABAZES BIOL\u00d3GICOS","og_description":"FARINHA DE ALFARROBA 250GRS PROVIDA","og_url":"https:\/\/biocabaz.pt\/web\/produto\/farinha-de-alfarroba-250grs-provida\/","og_site_name":"BIOCABAZ - CABAZES BIOL\u00d3GICOS","article_modified_time":"2022-10-03T12:02:58+00:00","og_image":[{"width":900,"height":900,"url":"https:\/\/www.biocabaz.pt\/web\/wp-conteudos\/uploads\/2016\/04\/FARINHA-DE-ALFARROBA-250GRS-PROVIDA.jpg","type":"image\/jpeg"}],"twitter_card":"summary_large_image","twitter_misc":{"Est. reading time":"1 minuto"},"schema":{"@context":"https:\/\/schema.org","@graph":[{"@type":"WebPage","@id":"https:\/\/www.biocabaz.pt\/web\/en\/produto\/farinha-de-alfarroba-250grs-provida\/","url":"https:\/\/www.biocabaz.pt\/web\/en\/produto\/farinha-de-alfarroba-250grs-provida\/","name":"FARINHA DE ALFARROBA BIO 250G PROVIDA","isPartOf":{"@id":"https:\/\/www.biocabaz.pt\/web\/en\/#website"},"primaryImageOfPage":{"@id":"https:\/\/www.biocabaz.pt\/web\/en\/produto\/farinha-de-alfarroba-250grs-provida\/#primaryimage"},"image":{"@id":"https:\/\/www.biocabaz.pt\/web\/en\/produto\/farinha-de-alfarroba-250grs-provida\/#primaryimage"},"thumbnailUrl":"https:\/\/www.biocabaz.pt\/web\/wp-conteudos\/uploads\/2016\/04\/FARINHA-DE-ALFARROBA-250GRS-PROVIDA.jpg","datePublished":"2016-04-14T21:43:23+00:00","dateModified":"2022-10-03T12:02:58+00:00","description":"FARINHA DE ALFARROBA 250GRS PROVIDA","breadcrumb":{"@id":"https:\/\/www.biocabaz.pt\/web\/en\/produto\/farinha-de-alfarroba-250grs-provida\/#breadcrumb"},"inLanguage":"pt-PT","potentialAction":[{"@type":"ReadAction","target":["https:\/\/www.biocabaz.pt\/web\/en\/produto\/farinha-de-alfarroba-250grs-provida\/"]}]},{"@type":"ImageObject","inLanguage":"pt-PT","@id":"https:\/\/www.biocabaz.pt\/web\/en\/produto\/farinha-de-alfarroba-250grs-provida\/#primaryimage","url":"https:\/\/www.biocabaz.pt\/web\/wp-conteudos\/uploads\/2016\/04\/FARINHA-DE-ALFARROBA-250GRS-PROVIDA.jpg","contentUrl":"https:\/\/www.biocabaz.pt\/web\/wp-conteudos\/uploads\/2016\/04\/FARINHA-DE-ALFARROBA-250GRS-PROVIDA.jpg","width":900,"height":900,"caption":"FARINHA DE ALFARROBA 250GRS PROVIDA"},{"@type":"BreadcrumbList","@id":"https:\/\/www.biocabaz.pt\/web\/en\/produto\/farinha-de-alfarroba-250grs-provida\/#breadcrumb","itemListElement":[{"@type":"ListItem","position":1,"name":"Home","item":"https:\/\/www.biocabaz.pt\/web\/en\/"},{"@type":"ListItem","position":2,"name":"Shop","item":"https:\/\/www.biocabaz.pt\/web\/en\/shop\/"},{"@type":"ListItem","position":3,"name":"PR\u00d3VIDA ORGANIC CAROB FLOUR 250GR"}]},{"@type":"WebSite","@id":"https:\/\/www.biocabaz.pt\/web\/en\/#website","url":"https:\/\/www.biocabaz.pt\/web\/en\/","name":"BIOCABAZ - CABAZES BIOL\u00d3GICOS","description":"O melhor que a terra d\u00e1 \u00e9 para si","potentialAction":[{"@type":"SearchAction","target":{"@type":"EntryPoint","urlTemplate":"https:\/\/www.biocabaz.pt\/web\/en\/?s={search_term_string}"},"query-input":{"@type":"PropertyValueSpecification","valueRequired":true,"valueName":"search_term_string"}}],"inLanguage":"pt-PT"}]}},"_links":{"self":[{"href":"https:\/\/biocabaz.pt\/web\/wp-json\/wp\/v2\/product\/977","targetHints":{"allow":["GET"]}}],"collection":[{"href":"https:\/\/biocabaz.pt\/web\/wp-json\/wp\/v2\/product"}],"about":[{"href":"https:\/\/biocabaz.pt\/web\/wp-json\/wp\/v2\/types\/product"}],"replies":[{"embeddable":true,"href":"https:\/\/biocabaz.pt\/web\/wp-json\/wp\/v2\/comments?post=977"}],"wp:featuredmedia":[{"embeddable":true,"href":"https:\/\/biocabaz.pt\/web\/wp-json\/wp\/v2\/media\/8727"}],"wp:attachment":[{"href":"https:\/\/biocabaz.pt\/web\/wp-json\/wp\/v2\/media?parent=977"}],"wp:term":[{"taxonomy":"product_cat","embeddable":true,"href":"https:\/\/biocabaz.pt\/web\/wp-json\/wp\/v2\/product_cat?post=977"},{"taxonomy":"product_tag","embeddable":true,"href":"https:\/\/biocabaz.pt\/web\/wp-json\/wp\/v2\/product_tag?post=977"}],"curies":[{"name":"wp","href":"https:\/\/api.w.org\/{rel}","templated":true}]}}