{"id":972,"date":"2016-04-14T21:43:17","date_gmt":"2016-04-14T21:43:17","guid":{"rendered":"http:\/\/www.biocabaz.com\/web\/produto\/farinha-arroz-integral-500g\/"},"modified":"2023-04-15T13:17:28","modified_gmt":"2023-04-15T13:17:28","slug":"farinha-arroz-integral-500g","status":"publish","type":"product","link":"https:\/\/biocabaz.pt\/web\/produto\/farinha-arroz-integral-500g\/","title":{"rendered":"FARINHA ARROZ INTEGRAL BIO 500G"},"content":{"rendered":"<p><strong>Descri\u00e7\u00e3o <\/strong><br \/>\n\t\t\t\tIngredientes: 100% Arroz integral de produ\u00e7\u00e3o biol\u00f3gica. Obtido a partir da moagem do gr\u00e3o de arroz cru, \u00f3ptima op\u00e7\u00e3o para substituir a farinha de trigo. Fonte de fibra, rica em magn\u00e9sio, tiamina e vitamina B6.<\/p>\n<p><strong>Dados Nutricionais<\/strong><br \/>\n\t\t\t\tDeclara\u00e7\u00e3o Nutricional por 100g:<br \/> Energia: 1489kJ\/352kcal;<br \/> L\u00edpidos: 2,7g &#8211; dos quais saturados: 0,5g;<br \/> Hidratos de Carbono: 72,7g &#8211; dos quais a\u00e7\u00facares: 0,4g;<br \/> Fibra: 3,4g;<br \/> Prote\u00ednas: 7,5g;<br \/> Sal: 0,01g;<br \/> Tiamina: 0,4 mg (36,4%**);<br \/> Vitamina B6: 0,5 mg (38,1%**);<br \/> Magn\u00e9sio: 143 mg (35,7%**). **Valor de refer\u00eancia do nutriente.<\/p>\n<p><strong>Modo Utiliza\u00e7\u00e3o<\/strong><br \/>Em receitas de panifica\u00e7\u00e3o, pastelaria, do\u00e7aria, papas, sopas ou empad\u00f5es. Conservar em local seco e fresco.<\/p>\n","protected":false},"excerpt":{"rendered":"<p>Descri\u00e7\u00e3o Ingredientes: 100% Arroz integral de produ\u00e7\u00e3o biol\u00f3gica. Obtido a partir da moagem do gr\u00e3o de arroz cru, \u00f3ptima op\u00e7\u00e3o para substituir a farinha de trigo. Fonte de fibra, rica em magn\u00e9sio, tiamina e vitamina B6. Dados Nutricionais Declara\u00e7\u00e3o Nutricional por 100g: Energia: 1489kJ\/352kcal; L\u00edpidos: 2,7g &#8211; dos quais saturados: 0,5g; Hidratos de Carbono: 72,7g [&hellip;]<\/p>\n","protected":false},"featured_media":8721,"comment_status":"closed","ping_status":"closed","template":"","meta":[],"product_cat":[22],"product_tag":[],"class_list":["post-972","product","type-product","status-publish","has-post-thumbnail","hentry","product_cat-arroz-farinha"],"bundle_layout":"","bundled_by":[],"bundled_items":[],"yoast_head":"<!-- This site is optimized with the Yoast SEO plugin v26.3 - https:\/\/yoast.com\/wordpress\/plugins\/seo\/ -->\n<title>FARINHA ARROZ INTEGRAL BIO 500G<\/title>\n<meta name=\"robots\" content=\"index, follow, max-snippet:-1, max-image-preview:large, max-video-preview:-1\" \/>\n<link rel=\"canonical\" href=\"https:\/\/www.biocabaz.pt\/web\/produto\/farinha-arroz-integral-500g\/\" \/>\n<meta property=\"og:locale\" content=\"pt_PT\" \/>\n<meta property=\"og:locale:alternate\" content=\"en_US\" \/>\n<meta property=\"og:type\" content=\"article\" \/>\n<meta property=\"og:title\" content=\"FARINHA ARROZ INTEGRAL BIO 500G\" \/>\n<meta property=\"og:description\" content=\"Descri\u00e7\u00e3o Ingredientes: 100% Arroz integral de produ\u00e7\u00e3o biol\u00f3gica. Obtido a partir da moagem do gr\u00e3o de arroz cru, \u00f3ptima op\u00e7\u00e3o para substituir a farinha de trigo. Fonte de fibra, rica em magn\u00e9sio, tiamina e vitamina B6. Dados Nutricionais Declara\u00e7\u00e3o Nutricional por 100g: Energia: 1489kJ\/352kcal; L\u00edpidos: 2,7g &#8211; dos quais saturados: 0,5g; Hidratos de Carbono: 72,7g [&hellip;]\" \/>\n<meta property=\"og:url\" content=\"https:\/\/biocabaz.pt\/web\/produto\/farinha-arroz-integral-500g\/\" \/>\n<meta property=\"og:site_name\" content=\"BIOCABAZ - CABAZES BIOL\u00d3GICOS\" \/>\n<meta property=\"article:modified_time\" content=\"2023-04-15T13:17:28+00:00\" \/>\n<meta property=\"og:image\" content=\"https:\/\/www.biocabaz.pt\/web\/wp-conteudos\/uploads\/2016\/04\/FARINHA-DE-ARROZ-INTEGRAL-500GRS-PROVIDA.jpg\" \/>\n\t<meta property=\"og:image:width\" content=\"600\" \/>\n\t<meta property=\"og:image:height\" content=\"600\" \/>\n\t<meta property=\"og:image:type\" content=\"image\/jpeg\" \/>\n<meta name=\"twitter:card\" content=\"summary_large_image\" \/>\n<meta name=\"twitter:label1\" content=\"Est. reading time\" \/>\n\t<meta name=\"twitter:data1\" content=\"1 minuto\" \/>\n<script type=\"application\/ld+json\" class=\"yoast-schema-graph\">{\"@context\":\"https:\/\/schema.org\",\"@graph\":[{\"@type\":\"WebPage\",\"@id\":\"https:\/\/www.biocabaz.pt\/web\/produto\/farinha-arroz-integral-500g\/\",\"url\":\"https:\/\/www.biocabaz.pt\/web\/produto\/farinha-arroz-integral-500g\/\",\"name\":\"FARINHA ARROZ INTEGRAL BIO 500G\",\"isPartOf\":{\"@id\":\"https:\/\/biocabaz.pt\/web\/#website\"},\"primaryImageOfPage\":{\"@id\":\"https:\/\/www.biocabaz.pt\/web\/produto\/farinha-arroz-integral-500g\/#primaryimage\"},\"image\":{\"@id\":\"https:\/\/www.biocabaz.pt\/web\/produto\/farinha-arroz-integral-500g\/#primaryimage\"},\"thumbnailUrl\":\"https:\/\/www.biocabaz.pt\/web\/wp-conteudos\/uploads\/2016\/04\/FARINHA-DE-ARROZ-INTEGRAL-500GRS-PROVIDA.jpg\",\"datePublished\":\"2016-04-14T21:43:17+00:00\",\"dateModified\":\"2023-04-15T13:17:28+00:00\",\"breadcrumb\":{\"@id\":\"https:\/\/www.biocabaz.pt\/web\/produto\/farinha-arroz-integral-500g\/#breadcrumb\"},\"inLanguage\":\"pt-PT\",\"potentialAction\":[{\"@type\":\"ReadAction\",\"target\":[\"https:\/\/www.biocabaz.pt\/web\/produto\/farinha-arroz-integral-500g\/\"]}]},{\"@type\":\"ImageObject\",\"inLanguage\":\"pt-PT\",\"@id\":\"https:\/\/www.biocabaz.pt\/web\/produto\/farinha-arroz-integral-500g\/#primaryimage\",\"url\":\"https:\/\/www.biocabaz.pt\/web\/wp-conteudos\/uploads\/2016\/04\/FARINHA-DE-ARROZ-INTEGRAL-500GRS-PROVIDA.jpg\",\"contentUrl\":\"https:\/\/www.biocabaz.pt\/web\/wp-conteudos\/uploads\/2016\/04\/FARINHA-DE-ARROZ-INTEGRAL-500GRS-PROVIDA.jpg\",\"width\":600,\"height\":600,\"caption\":\"FARINHA DE ARROZ INTEGRAL 500GRS PROVIDA\"},{\"@type\":\"BreadcrumbList\",\"@id\":\"https:\/\/www.biocabaz.pt\/web\/produto\/farinha-arroz-integral-500g\/#breadcrumb\",\"itemListElement\":[{\"@type\":\"ListItem\",\"position\":1,\"name\":\"Home\",\"item\":\"https:\/\/biocabaz.pt\/web\/\"},{\"@type\":\"ListItem\",\"position\":2,\"name\":\"Loja\",\"item\":\"https:\/\/biocabaz.pt\/web\/shop\/\"},{\"@type\":\"ListItem\",\"position\":3,\"name\":\"FARINHA ARROZ INTEGRAL BIO 500G\"}]},{\"@type\":\"WebSite\",\"@id\":\"https:\/\/biocabaz.pt\/web\/#website\",\"url\":\"https:\/\/biocabaz.pt\/web\/\",\"name\":\"BIOCABAZ - CABAZES BIOL\u00d3GICOS\",\"description\":\"O melhor que a terra d\u00e1 \u00e9 para si\",\"potentialAction\":[{\"@type\":\"SearchAction\",\"target\":{\"@type\":\"EntryPoint\",\"urlTemplate\":\"https:\/\/biocabaz.pt\/web\/?s={search_term_string}\"},\"query-input\":{\"@type\":\"PropertyValueSpecification\",\"valueRequired\":true,\"valueName\":\"search_term_string\"}}],\"inLanguage\":\"pt-PT\"}]}<\/script>\n<!-- \/ Yoast SEO plugin. -->","yoast_head_json":{"title":"FARINHA ARROZ INTEGRAL BIO 500G","robots":{"index":"index","follow":"follow","max-snippet":"max-snippet:-1","max-image-preview":"max-image-preview:large","max-video-preview":"max-video-preview:-1"},"canonical":"https:\/\/www.biocabaz.pt\/web\/produto\/farinha-arroz-integral-500g\/","og_locale":"pt_PT","og_type":"article","og_title":"[:en]PR\u00d3VIDA ORGANIC WHOLE RICE FLOUR 500GR[:pt]FARINHA ARROZ INTEGRAL BIO 500G[:] - BIOCABAZ - CABAZES BIOL\u00d3GICOS","og_description":"Descri\u00e7\u00e3o Ingredientes: 100% Arroz integral de produ\u00e7\u00e3o biol\u00f3gica. Obtido a partir da moagem do gr\u00e3o de arroz cru, \u00f3ptima op\u00e7\u00e3o para substituir a farinha de trigo. Fonte de fibra, rica em magn\u00e9sio, tiamina e vitamina B6. Dados Nutricionais Declara\u00e7\u00e3o Nutricional por 100g: Energia: 1489kJ\/352kcal; L\u00edpidos: 2,7g &#8211; dos quais saturados: 0,5g; Hidratos de Carbono: 72,7g [&hellip;]","og_url":"https:\/\/biocabaz.pt\/web\/produto\/farinha-arroz-integral-500g\/","og_site_name":"BIOCABAZ - CABAZES BIOL\u00d3GICOS","article_modified_time":"2023-04-15T13:17:28+00:00","og_image":[{"width":600,"height":600,"url":"https:\/\/www.biocabaz.pt\/web\/wp-conteudos\/uploads\/2016\/04\/FARINHA-DE-ARROZ-INTEGRAL-500GRS-PROVIDA.jpg","type":"image\/jpeg"}],"twitter_card":"summary_large_image","twitter_misc":{"Est. reading time":"1 minuto"},"schema":{"@context":"https:\/\/schema.org","@graph":[{"@type":"WebPage","@id":"https:\/\/www.biocabaz.pt\/web\/produto\/farinha-arroz-integral-500g\/","url":"https:\/\/www.biocabaz.pt\/web\/produto\/farinha-arroz-integral-500g\/","name":"FARINHA ARROZ INTEGRAL BIO 500G","isPartOf":{"@id":"https:\/\/biocabaz.pt\/web\/#website"},"primaryImageOfPage":{"@id":"https:\/\/www.biocabaz.pt\/web\/produto\/farinha-arroz-integral-500g\/#primaryimage"},"image":{"@id":"https:\/\/www.biocabaz.pt\/web\/produto\/farinha-arroz-integral-500g\/#primaryimage"},"thumbnailUrl":"https:\/\/www.biocabaz.pt\/web\/wp-conteudos\/uploads\/2016\/04\/FARINHA-DE-ARROZ-INTEGRAL-500GRS-PROVIDA.jpg","datePublished":"2016-04-14T21:43:17+00:00","dateModified":"2023-04-15T13:17:28+00:00","breadcrumb":{"@id":"https:\/\/www.biocabaz.pt\/web\/produto\/farinha-arroz-integral-500g\/#breadcrumb"},"inLanguage":"pt-PT","potentialAction":[{"@type":"ReadAction","target":["https:\/\/www.biocabaz.pt\/web\/produto\/farinha-arroz-integral-500g\/"]}]},{"@type":"ImageObject","inLanguage":"pt-PT","@id":"https:\/\/www.biocabaz.pt\/web\/produto\/farinha-arroz-integral-500g\/#primaryimage","url":"https:\/\/www.biocabaz.pt\/web\/wp-conteudos\/uploads\/2016\/04\/FARINHA-DE-ARROZ-INTEGRAL-500GRS-PROVIDA.jpg","contentUrl":"https:\/\/www.biocabaz.pt\/web\/wp-conteudos\/uploads\/2016\/04\/FARINHA-DE-ARROZ-INTEGRAL-500GRS-PROVIDA.jpg","width":600,"height":600,"caption":"FARINHA DE ARROZ INTEGRAL 500GRS PROVIDA"},{"@type":"BreadcrumbList","@id":"https:\/\/www.biocabaz.pt\/web\/produto\/farinha-arroz-integral-500g\/#breadcrumb","itemListElement":[{"@type":"ListItem","position":1,"name":"Home","item":"https:\/\/biocabaz.pt\/web\/"},{"@type":"ListItem","position":2,"name":"Loja","item":"https:\/\/biocabaz.pt\/web\/shop\/"},{"@type":"ListItem","position":3,"name":"FARINHA ARROZ INTEGRAL BIO 500G"}]},{"@type":"WebSite","@id":"https:\/\/biocabaz.pt\/web\/#website","url":"https:\/\/biocabaz.pt\/web\/","name":"BIOCABAZ - CABAZES BIOL\u00d3GICOS","description":"O melhor que a terra d\u00e1 \u00e9 para si","potentialAction":[{"@type":"SearchAction","target":{"@type":"EntryPoint","urlTemplate":"https:\/\/biocabaz.pt\/web\/?s={search_term_string}"},"query-input":{"@type":"PropertyValueSpecification","valueRequired":true,"valueName":"search_term_string"}}],"inLanguage":"pt-PT"}]}},"_links":{"self":[{"href":"https:\/\/biocabaz.pt\/web\/wp-json\/wp\/v2\/product\/972","targetHints":{"allow":["GET"]}}],"collection":[{"href":"https:\/\/biocabaz.pt\/web\/wp-json\/wp\/v2\/product"}],"about":[{"href":"https:\/\/biocabaz.pt\/web\/wp-json\/wp\/v2\/types\/product"}],"replies":[{"embeddable":true,"href":"https:\/\/biocabaz.pt\/web\/wp-json\/wp\/v2\/comments?post=972"}],"wp:featuredmedia":[{"embeddable":true,"href":"https:\/\/biocabaz.pt\/web\/wp-json\/wp\/v2\/media\/8721"}],"wp:attachment":[{"href":"https:\/\/biocabaz.pt\/web\/wp-json\/wp\/v2\/media?parent=972"}],"wp:term":[{"taxonomy":"product_cat","embeddable":true,"href":"https:\/\/biocabaz.pt\/web\/wp-json\/wp\/v2\/product_cat?post=972"},{"taxonomy":"product_tag","embeddable":true,"href":"https:\/\/biocabaz.pt\/web\/wp-json\/wp\/v2\/product_tag?post=972"}],"curies":[{"name":"wp","href":"https:\/\/api.w.org\/{rel}","templated":true}]}}