{"id":970,"date":"2016-04-14T21:43:15","date_gmt":"2016-04-14T21:43:15","guid":{"rendered":"http:\/\/www.biocabaz.com\/web\/produto\/fermento-para-bolos-e-pastelaria-bioreal-3x10g\/"},"modified":"2023-04-15T13:17:56","modified_gmt":"2023-04-15T13:17:56","slug":"fermento-para-bolos-e-pastelaria-bioreal-3x10g","status":"publish","type":"product","link":"https:\/\/biocabaz.pt\/web\/produto\/fermento-para-bolos-e-pastelaria-bioreal-3x10g\/","title":{"rendered":"FERMENTO PARA BOLOS E PASTELARIA BIO 3X10G BIOREAL"},"content":{"rendered":"<p><strong>Descri\u00e7\u00e3o <\/strong><br \/>\n\t\t\t\tIngredientes: Extrato concentrado de sumo de uva*, amido de milho, bicarbonato de s\u00f3dio*. *De produ\u00e7\u00e3o Biol\u00f3gica. Fermento biol\u00f3gico (sem fosfatos), assegura uma leveda\u00e7\u00e3o natural dos seus bolos e pastelaria.<\/p>\n<p><strong>Dados Nutricionais<\/strong><br \/>\n\t\t\t\tDeclara\u00e7\u00e3o nutricional por 100g:<br \/> Energia: 955kj\/\/226kcal;<br \/> L\u00edpidos: <0,5g - dos quais saturados: <0,1g;<br \/> Hidratos de Carbono: 49g;<br \/> dos quais A\u00e7\u00facares: <0,5g;<br \/> Fibra: 14g;<br \/> Prote\u00ednas: <1,0g;<br \/> Sal: 20g.<\/p>\n<p><strong>Modo Utiliza\u00e7\u00e3o<\/strong><br \/>Usar na propor\u00e7\u00e3o de 10g de fermento para 500g de farinha. Conservar em local seco e fresco.<\/p>\n","protected":false},"excerpt":{"rendered":"<p>Fermento biol\u00f3gico (s\/fosfatos), assegura uma leveda\u00e7\u00e3o natural dos seu bolos e pastelaria<\/p>\n<p>Modo de usar: 10g de fermento para cada 500g de farinha<\/p>\n","protected":false},"featured_media":1196,"comment_status":"closed","ping_status":"closed","template":"","meta":[],"product_cat":[22],"product_tag":[],"class_list":["post-970","product","type-product","status-publish","has-post-thumbnail","hentry","product_cat-arroz-farinha"],"bundle_layout":"","bundled_by":[],"bundled_items":[],"yoast_head":"<!-- This site is optimized with the Yoast SEO plugin v26.3 - https:\/\/yoast.com\/wordpress\/plugins\/seo\/ -->\n<title>FERMENTO PARA BOLOS E PASTELARIA BIO 3X10G BIOREAL<\/title>\n<meta name=\"robots\" content=\"index, follow, max-snippet:-1, max-image-preview:large, max-video-preview:-1\" \/>\n<link rel=\"canonical\" href=\"https:\/\/www.biocabaz.pt\/web\/produto\/fermento-para-bolos-e-pastelaria-bioreal-3x10g\/\" \/>\n<meta property=\"og:locale\" content=\"pt_PT\" \/>\n<meta property=\"og:locale:alternate\" content=\"en_US\" \/>\n<meta property=\"og:type\" content=\"article\" \/>\n<meta property=\"og:title\" content=\"FERMENTO PARA BOLOS E PASTELARIA BIO 3X10G BIOREAL\" \/>\n<meta property=\"og:description\" content=\"Fermento biol\u00f3gico (s\/fosfatos), assegura uma leveda\u00e7\u00e3o natural dos seu bolos e pastelaria  Modo de usar: 10g de fermento para cada 500g de farinha\" \/>\n<meta property=\"og:url\" content=\"https:\/\/biocabaz.pt\/web\/produto\/fermento-para-bolos-e-pastelaria-bioreal-3x10g\/\" \/>\n<meta property=\"og:site_name\" content=\"BIOCABAZ - CABAZES BIOL\u00d3GICOS\" \/>\n<meta property=\"article:modified_time\" content=\"2023-04-15T13:17:56+00:00\" \/>\n<meta property=\"og:image\" content=\"https:\/\/www.biocabaz.pt\/web\/wp-conteudos\/uploads\/2016\/04\/102303B.jpg\" \/>\n\t<meta property=\"og:image:width\" content=\"300\" \/>\n\t<meta property=\"og:image:height\" content=\"326\" \/>\n\t<meta property=\"og:image:type\" content=\"image\/jpeg\" \/>\n<meta name=\"twitter:card\" content=\"summary_large_image\" \/>\n<meta name=\"twitter:label1\" content=\"Est. reading time\" \/>\n\t<meta name=\"twitter:data1\" content=\"1 minuto\" \/>\n<script type=\"application\/ld+json\" class=\"yoast-schema-graph\">{\"@context\":\"https:\/\/schema.org\",\"@graph\":[{\"@type\":\"WebPage\",\"@id\":\"https:\/\/www.biocabaz.pt\/web\/produto\/fermento-para-bolos-e-pastelaria-bioreal-3x10g\/\",\"url\":\"https:\/\/www.biocabaz.pt\/web\/produto\/fermento-para-bolos-e-pastelaria-bioreal-3x10g\/\",\"name\":\"FERMENTO PARA BOLOS E PASTELARIA BIO 3X10G BIOREAL\",\"isPartOf\":{\"@id\":\"https:\/\/biocabaz.pt\/web\/#website\"},\"primaryImageOfPage\":{\"@id\":\"https:\/\/www.biocabaz.pt\/web\/produto\/fermento-para-bolos-e-pastelaria-bioreal-3x10g\/#primaryimage\"},\"image\":{\"@id\":\"https:\/\/www.biocabaz.pt\/web\/produto\/fermento-para-bolos-e-pastelaria-bioreal-3x10g\/#primaryimage\"},\"thumbnailUrl\":\"https:\/\/www.biocabaz.pt\/web\/wp-conteudos\/uploads\/2016\/04\/102303B.jpg\",\"datePublished\":\"2016-04-14T21:43:15+00:00\",\"dateModified\":\"2023-04-15T13:17:56+00:00\",\"breadcrumb\":{\"@id\":\"https:\/\/www.biocabaz.pt\/web\/produto\/fermento-para-bolos-e-pastelaria-bioreal-3x10g\/#breadcrumb\"},\"inLanguage\":\"pt-PT\",\"potentialAction\":[{\"@type\":\"ReadAction\",\"target\":[\"https:\/\/www.biocabaz.pt\/web\/produto\/fermento-para-bolos-e-pastelaria-bioreal-3x10g\/\"]}]},{\"@type\":\"ImageObject\",\"inLanguage\":\"pt-PT\",\"@id\":\"https:\/\/www.biocabaz.pt\/web\/produto\/fermento-para-bolos-e-pastelaria-bioreal-3x10g\/#primaryimage\",\"url\":\"https:\/\/www.biocabaz.pt\/web\/wp-conteudos\/uploads\/2016\/04\/102303B.jpg\",\"contentUrl\":\"https:\/\/www.biocabaz.pt\/web\/wp-conteudos\/uploads\/2016\/04\/102303B.jpg\",\"width\":300,\"height\":326},{\"@type\":\"BreadcrumbList\",\"@id\":\"https:\/\/www.biocabaz.pt\/web\/produto\/fermento-para-bolos-e-pastelaria-bioreal-3x10g\/#breadcrumb\",\"itemListElement\":[{\"@type\":\"ListItem\",\"position\":1,\"name\":\"Home\",\"item\":\"https:\/\/biocabaz.pt\/web\/\"},{\"@type\":\"ListItem\",\"position\":2,\"name\":\"Loja\",\"item\":\"https:\/\/biocabaz.pt\/web\/shop\/\"},{\"@type\":\"ListItem\",\"position\":3,\"name\":\"FERMENTO PARA BOLOS E PASTELARIA BIO 3X10G BIOREAL\"}]},{\"@type\":\"WebSite\",\"@id\":\"https:\/\/biocabaz.pt\/web\/#website\",\"url\":\"https:\/\/biocabaz.pt\/web\/\",\"name\":\"BIOCABAZ - CABAZES BIOL\u00d3GICOS\",\"description\":\"O melhor que a terra d\u00e1 \u00e9 para si\",\"potentialAction\":[{\"@type\":\"SearchAction\",\"target\":{\"@type\":\"EntryPoint\",\"urlTemplate\":\"https:\/\/biocabaz.pt\/web\/?s={search_term_string}\"},\"query-input\":{\"@type\":\"PropertyValueSpecification\",\"valueRequired\":true,\"valueName\":\"search_term_string\"}}],\"inLanguage\":\"pt-PT\"}]}<\/script>\n<!-- \/ Yoast SEO plugin. -->","yoast_head_json":{"title":"FERMENTO PARA BOLOS E PASTELARIA BIO 3X10G BIOREAL","robots":{"index":"index","follow":"follow","max-snippet":"max-snippet:-1","max-image-preview":"max-image-preview:large","max-video-preview":"max-video-preview:-1"},"canonical":"https:\/\/www.biocabaz.pt\/web\/produto\/fermento-para-bolos-e-pastelaria-bioreal-3x10g\/","og_locale":"pt_PT","og_type":"article","og_title":"[:en]BIOREAL ORGANIC YEAST FOR CAKES AND PASTRIES 3x10GR[:pt]FERMENTO PARA BOLOS E PASTELARIA BIO 3X10G BIOREAL[:] - BIOCABAZ - CABAZES BIOL\u00d3GICOS","og_description":"Fermento biol\u00f3gico (s\/fosfatos), assegura uma leveda\u00e7\u00e3o natural dos seu bolos e pastelaria  Modo de usar: 10g de fermento para cada 500g de farinha","og_url":"https:\/\/biocabaz.pt\/web\/produto\/fermento-para-bolos-e-pastelaria-bioreal-3x10g\/","og_site_name":"BIOCABAZ - CABAZES BIOL\u00d3GICOS","article_modified_time":"2023-04-15T13:17:56+00:00","og_image":[{"width":300,"height":326,"url":"https:\/\/www.biocabaz.pt\/web\/wp-conteudos\/uploads\/2016\/04\/102303B.jpg","type":"image\/jpeg"}],"twitter_card":"summary_large_image","twitter_misc":{"Est. reading time":"1 minuto"},"schema":{"@context":"https:\/\/schema.org","@graph":[{"@type":"WebPage","@id":"https:\/\/www.biocabaz.pt\/web\/produto\/fermento-para-bolos-e-pastelaria-bioreal-3x10g\/","url":"https:\/\/www.biocabaz.pt\/web\/produto\/fermento-para-bolos-e-pastelaria-bioreal-3x10g\/","name":"FERMENTO PARA BOLOS E PASTELARIA BIO 3X10G BIOREAL","isPartOf":{"@id":"https:\/\/biocabaz.pt\/web\/#website"},"primaryImageOfPage":{"@id":"https:\/\/www.biocabaz.pt\/web\/produto\/fermento-para-bolos-e-pastelaria-bioreal-3x10g\/#primaryimage"},"image":{"@id":"https:\/\/www.biocabaz.pt\/web\/produto\/fermento-para-bolos-e-pastelaria-bioreal-3x10g\/#primaryimage"},"thumbnailUrl":"https:\/\/www.biocabaz.pt\/web\/wp-conteudos\/uploads\/2016\/04\/102303B.jpg","datePublished":"2016-04-14T21:43:15+00:00","dateModified":"2023-04-15T13:17:56+00:00","breadcrumb":{"@id":"https:\/\/www.biocabaz.pt\/web\/produto\/fermento-para-bolos-e-pastelaria-bioreal-3x10g\/#breadcrumb"},"inLanguage":"pt-PT","potentialAction":[{"@type":"ReadAction","target":["https:\/\/www.biocabaz.pt\/web\/produto\/fermento-para-bolos-e-pastelaria-bioreal-3x10g\/"]}]},{"@type":"ImageObject","inLanguage":"pt-PT","@id":"https:\/\/www.biocabaz.pt\/web\/produto\/fermento-para-bolos-e-pastelaria-bioreal-3x10g\/#primaryimage","url":"https:\/\/www.biocabaz.pt\/web\/wp-conteudos\/uploads\/2016\/04\/102303B.jpg","contentUrl":"https:\/\/www.biocabaz.pt\/web\/wp-conteudos\/uploads\/2016\/04\/102303B.jpg","width":300,"height":326},{"@type":"BreadcrumbList","@id":"https:\/\/www.biocabaz.pt\/web\/produto\/fermento-para-bolos-e-pastelaria-bioreal-3x10g\/#breadcrumb","itemListElement":[{"@type":"ListItem","position":1,"name":"Home","item":"https:\/\/biocabaz.pt\/web\/"},{"@type":"ListItem","position":2,"name":"Loja","item":"https:\/\/biocabaz.pt\/web\/shop\/"},{"@type":"ListItem","position":3,"name":"FERMENTO PARA BOLOS E PASTELARIA BIO 3X10G BIOREAL"}]},{"@type":"WebSite","@id":"https:\/\/biocabaz.pt\/web\/#website","url":"https:\/\/biocabaz.pt\/web\/","name":"BIOCABAZ - CABAZES BIOL\u00d3GICOS","description":"O melhor que a terra d\u00e1 \u00e9 para si","potentialAction":[{"@type":"SearchAction","target":{"@type":"EntryPoint","urlTemplate":"https:\/\/biocabaz.pt\/web\/?s={search_term_string}"},"query-input":{"@type":"PropertyValueSpecification","valueRequired":true,"valueName":"search_term_string"}}],"inLanguage":"pt-PT"}]}},"_links":{"self":[{"href":"https:\/\/biocabaz.pt\/web\/wp-json\/wp\/v2\/product\/970","targetHints":{"allow":["GET"]}}],"collection":[{"href":"https:\/\/biocabaz.pt\/web\/wp-json\/wp\/v2\/product"}],"about":[{"href":"https:\/\/biocabaz.pt\/web\/wp-json\/wp\/v2\/types\/product"}],"replies":[{"embeddable":true,"href":"https:\/\/biocabaz.pt\/web\/wp-json\/wp\/v2\/comments?post=970"}],"wp:featuredmedia":[{"embeddable":true,"href":"https:\/\/biocabaz.pt\/web\/wp-json\/wp\/v2\/media\/1196"}],"wp:attachment":[{"href":"https:\/\/biocabaz.pt\/web\/wp-json\/wp\/v2\/media?parent=970"}],"wp:term":[{"taxonomy":"product_cat","embeddable":true,"href":"https:\/\/biocabaz.pt\/web\/wp-json\/wp\/v2\/product_cat?post=970"},{"taxonomy":"product_tag","embeddable":true,"href":"https:\/\/biocabaz.pt\/web\/wp-json\/wp\/v2\/product_tag?post=970"}],"curies":[{"name":"wp","href":"https:\/\/api.w.org\/{rel}","templated":true}]}}