{"id":96283,"date":"2023-01-27T00:15:28","date_gmt":"2023-01-27T00:15:28","guid":{"rendered":"https:\/\/www.biocabaz.pt\/web\/?post_type=product&#038;p=96283"},"modified":"2025-06-09T10:32:08","modified_gmt":"2025-06-09T10:32:08","slug":"biscoitos-de-clementina-c-pepitas-bio-220g","status":"publish","type":"product","link":"https:\/\/biocabaz.pt\/web\/produto\/biscoitos-de-clementina-c-pepitas-bio-220g\/","title":{"rendered":"Biscoitos de Clementina c\/pepitas BIO 220g"},"content":{"rendered":"<h3><strong>DESCRI\u00c7\u00c3O<\/strong><\/h3>\n<p>Biscoitos de Clementina c\/pepitas de Chocolate.Sem \u00f3leo de palma. Vegan. Fonte de fibra. Ingredientes: Farinha de TRIGO ESPELTA*, farinha de TRIGO ESPELTA integral*, a\u00e7\u00facar mascavado*, \u00e1gua, \u00f3leo vegetal de girassol*, bebida de AVEIA* (\u00e1gua, AVEIA*(10%), \u00f3leo de girassol*, sal marinho*), \u00f3leo de coco desodorizado*, pepitas de chocolate*(5,6%) (pasta de cacau*(47,5%), a\u00e7\u00facar*, manteiga de cacau* (5,8%), emulsionante:leticina de SOJA*), compota de clementina* (2,1%) (a\u00e7\u00facar de cana*, clementina*(47%), gelificante:pectina de fruta*, acidificante: concentrado de sumo de lim\u00e3o*), levedante: bicarbonato de s\u00f3dio, sal marinho, ess\u00eancia de laranja*, fibra alimentar-inulina*. *de produ\u00e7\u00e3o biol\u00f3gica. Origem:UE\/n\u00e3o UE. PT-BIO-04.<\/p>\n<h3><strong>DADOS NUTRICIONAIS<\/strong><\/h3>\n<p>Declara\u00e7\u00e3o nutricional por 100g: Energia &#8211; 1879kJ\/447kcal; L\u00edpidos &#8211; 15,8g, dos quais saturados -7,8g; Hidratos de carbono &#8211; 66,0g, dos quais a\u00e7\u00facares &#8211; 24,2g; Fibra-3,7g; Prote\u00ednas-8,4g; Sal-0,69g.<\/p>\n<h3><strong>MODO DE UTILIZA\u00c7\u00c3O<\/strong><\/h3>\n<p>Como complemento do seu pequeno-almo\u00e7o ou como snack combinado com ch\u00e1, caf\u00e9 ou sumo de fruta. CONSERVAR EM LOCAL SECO E FRESCO (protegido de luminosidade)..<\/p>\n","protected":false},"excerpt":{"rendered":"<p>DESCRI\u00c7\u00c3O Biscoitos de Clementina c\/pepitas de Chocolate.Sem \u00f3leo de palma. Vegan. Fonte de fibra. Ingredientes: Farinha de TRIGO ESPELTA*, farinha de TRIGO ESPELTA integral*, a\u00e7\u00facar mascavado*, \u00e1gua, \u00f3leo vegetal de girassol*, bebida de AVEIA* (\u00e1gua, AVEIA*(10%), \u00f3leo de girassol*, sal marinho*), \u00f3leo de coco desodorizado*, pepitas de chocolate*(5,6%) (pasta de cacau*(47,5%), a\u00e7\u00facar*, manteiga de cacau* [&hellip;]<\/p>\n","protected":false},"featured_media":96281,"comment_status":"closed","ping_status":"closed","template":"","meta":[],"product_cat":[29],"product_tag":[],"class_list":["post-96283","product","type-product","status-publish","has-post-thumbnail","hentry","product_cat-bolachas_e_snacks"],"bundle_layout":"","bundled_by":[],"bundled_items":[],"yoast_head":"<!-- This site is optimized with the Yoast SEO plugin v26.3 - https:\/\/yoast.com\/wordpress\/plugins\/seo\/ -->\n<title>Biscoitos de Clementina c\/pepitas BIO 220g<\/title>\n<meta name=\"description\" content=\"Biscoitos de Clementina c\/pepitas BIO 220g\" \/>\n<meta name=\"robots\" content=\"index, follow, max-snippet:-1, max-image-preview:large, max-video-preview:-1\" \/>\n<link rel=\"canonical\" href=\"https:\/\/biocabaz.pt\/web\/produto\/biscoitos-de-clementina-c-pepitas-bio-220g\/\" \/>\n<meta property=\"og:locale\" content=\"pt_PT\" \/>\n<meta property=\"og:locale:alternate\" content=\"en_US\" \/>\n<meta property=\"og:type\" content=\"article\" \/>\n<meta property=\"og:title\" content=\"Biscoitos de Clementina c\/pepitas BIO 220g\" \/>\n<meta property=\"og:description\" content=\"Biscoitos de Clementina c\/pepitas BIO 220g\" \/>\n<meta property=\"og:url\" content=\"https:\/\/biocabaz.pt\/web\/produto\/biscoitos-de-clementina-c-pepitas-bio-220g\/\" \/>\n<meta property=\"og:site_name\" content=\"BIOCABAZ - CABAZES BIOL\u00d3GICOS\" \/>\n<meta property=\"article:modified_time\" content=\"2025-06-09T10:32:08+00:00\" \/>\n<meta property=\"og:image\" content=\"https:\/\/www.biocabaz.pt\/web\/wp-conteudos\/uploads\/2023\/01\/biscoitos-de-clementina-com-pepitas-bio-220g.jpg\" \/>\n\t<meta property=\"og:image:width\" content=\"326\" \/>\n\t<meta property=\"og:image:height\" content=\"300\" \/>\n\t<meta property=\"og:image:type\" content=\"image\/jpeg\" \/>\n<meta name=\"twitter:card\" content=\"summary_large_image\" \/>\n<meta name=\"twitter:label1\" content=\"Est. reading time\" \/>\n\t<meta name=\"twitter:data1\" content=\"1 minuto\" \/>\n<script type=\"application\/ld+json\" class=\"yoast-schema-graph\">{\"@context\":\"https:\/\/schema.org\",\"@graph\":[{\"@type\":\"WebPage\",\"@id\":\"https:\/\/biocabaz.pt\/web\/produto\/biscoitos-de-clementina-c-pepitas-bio-220g\/\",\"url\":\"https:\/\/biocabaz.pt\/web\/produto\/biscoitos-de-clementina-c-pepitas-bio-220g\/\",\"name\":\"Biscoitos de Clementina c\/pepitas BIO 220g\",\"isPartOf\":{\"@id\":\"https:\/\/biocabaz.pt\/web\/#website\"},\"primaryImageOfPage\":{\"@id\":\"https:\/\/biocabaz.pt\/web\/produto\/biscoitos-de-clementina-c-pepitas-bio-220g\/#primaryimage\"},\"image\":{\"@id\":\"https:\/\/biocabaz.pt\/web\/produto\/biscoitos-de-clementina-c-pepitas-bio-220g\/#primaryimage\"},\"thumbnailUrl\":\"https:\/\/www.biocabaz.pt\/web\/wp-conteudos\/uploads\/2023\/01\/biscoitos-de-clementina-com-pepitas-bio-220g.jpg\",\"datePublished\":\"2023-01-27T00:15:28+00:00\",\"dateModified\":\"2025-06-09T10:32:08+00:00\",\"description\":\"Biscoitos de Clementina c\/pepitas BIO 220g\",\"breadcrumb\":{\"@id\":\"https:\/\/biocabaz.pt\/web\/produto\/biscoitos-de-clementina-c-pepitas-bio-220g\/#breadcrumb\"},\"inLanguage\":\"pt-PT\",\"potentialAction\":[{\"@type\":\"ReadAction\",\"target\":[\"https:\/\/biocabaz.pt\/web\/produto\/biscoitos-de-clementina-c-pepitas-bio-220g\/\"]}]},{\"@type\":\"ImageObject\",\"inLanguage\":\"pt-PT\",\"@id\":\"https:\/\/biocabaz.pt\/web\/produto\/biscoitos-de-clementina-c-pepitas-bio-220g\/#primaryimage\",\"url\":\"https:\/\/www.biocabaz.pt\/web\/wp-conteudos\/uploads\/2023\/01\/biscoitos-de-clementina-com-pepitas-bio-220g.jpg\",\"contentUrl\":\"https:\/\/www.biocabaz.pt\/web\/wp-conteudos\/uploads\/2023\/01\/biscoitos-de-clementina-com-pepitas-bio-220g.jpg\",\"width\":326,\"height\":300,\"caption\":\"Biscoitos de Clementina c\/pepitas BIO 220g\"},{\"@type\":\"BreadcrumbList\",\"@id\":\"https:\/\/biocabaz.pt\/web\/produto\/biscoitos-de-clementina-c-pepitas-bio-220g\/#breadcrumb\",\"itemListElement\":[{\"@type\":\"ListItem\",\"position\":1,\"name\":\"Home\",\"item\":\"https:\/\/biocabaz.pt\/web\/\"},{\"@type\":\"ListItem\",\"position\":2,\"name\":\"Loja\",\"item\":\"https:\/\/biocabaz.pt\/web\/shop\/\"},{\"@type\":\"ListItem\",\"position\":3,\"name\":\"Biscoitos de Clementina c\/pepitas BIO 220g\"}]},{\"@type\":\"WebSite\",\"@id\":\"https:\/\/biocabaz.pt\/web\/#website\",\"url\":\"https:\/\/biocabaz.pt\/web\/\",\"name\":\"BIOCABAZ - CABAZES BIOL\u00d3GICOS\",\"description\":\"O melhor que a terra d\u00e1 \u00e9 para si\",\"potentialAction\":[{\"@type\":\"SearchAction\",\"target\":{\"@type\":\"EntryPoint\",\"urlTemplate\":\"https:\/\/biocabaz.pt\/web\/?s={search_term_string}\"},\"query-input\":{\"@type\":\"PropertyValueSpecification\",\"valueRequired\":true,\"valueName\":\"search_term_string\"}}],\"inLanguage\":\"pt-PT\"}]}<\/script>\n<!-- \/ Yoast SEO plugin. -->","yoast_head_json":{"title":"Biscoitos de Clementina c\/pepitas BIO 220g","description":"Biscoitos de Clementina c\/pepitas BIO 220g","robots":{"index":"index","follow":"follow","max-snippet":"max-snippet:-1","max-image-preview":"max-image-preview:large","max-video-preview":"max-video-preview:-1"},"canonical":"https:\/\/biocabaz.pt\/web\/produto\/biscoitos-de-clementina-c-pepitas-bio-220g\/","og_locale":"pt_PT","og_type":"article","og_title":"[:pt]Biscoitos de Clementina c\/pepitas BIO 220g[:] - BIOCABAZ - CABAZES BIOL\u00d3GICOS","og_description":"Biscoitos de Clementina c\/pepitas BIO 220g","og_url":"https:\/\/biocabaz.pt\/web\/produto\/biscoitos-de-clementina-c-pepitas-bio-220g\/","og_site_name":"BIOCABAZ - CABAZES BIOL\u00d3GICOS","article_modified_time":"2025-06-09T10:32:08+00:00","og_image":[{"width":326,"height":300,"url":"https:\/\/www.biocabaz.pt\/web\/wp-conteudos\/uploads\/2023\/01\/biscoitos-de-clementina-com-pepitas-bio-220g.jpg","type":"image\/jpeg"}],"twitter_card":"summary_large_image","twitter_misc":{"Est. reading time":"1 minuto"},"schema":{"@context":"https:\/\/schema.org","@graph":[{"@type":"WebPage","@id":"https:\/\/biocabaz.pt\/web\/produto\/biscoitos-de-clementina-c-pepitas-bio-220g\/","url":"https:\/\/biocabaz.pt\/web\/produto\/biscoitos-de-clementina-c-pepitas-bio-220g\/","name":"Biscoitos de Clementina c\/pepitas BIO 220g","isPartOf":{"@id":"https:\/\/biocabaz.pt\/web\/#website"},"primaryImageOfPage":{"@id":"https:\/\/biocabaz.pt\/web\/produto\/biscoitos-de-clementina-c-pepitas-bio-220g\/#primaryimage"},"image":{"@id":"https:\/\/biocabaz.pt\/web\/produto\/biscoitos-de-clementina-c-pepitas-bio-220g\/#primaryimage"},"thumbnailUrl":"https:\/\/www.biocabaz.pt\/web\/wp-conteudos\/uploads\/2023\/01\/biscoitos-de-clementina-com-pepitas-bio-220g.jpg","datePublished":"2023-01-27T00:15:28+00:00","dateModified":"2025-06-09T10:32:08+00:00","description":"Biscoitos de Clementina c\/pepitas BIO 220g","breadcrumb":{"@id":"https:\/\/biocabaz.pt\/web\/produto\/biscoitos-de-clementina-c-pepitas-bio-220g\/#breadcrumb"},"inLanguage":"pt-PT","potentialAction":[{"@type":"ReadAction","target":["https:\/\/biocabaz.pt\/web\/produto\/biscoitos-de-clementina-c-pepitas-bio-220g\/"]}]},{"@type":"ImageObject","inLanguage":"pt-PT","@id":"https:\/\/biocabaz.pt\/web\/produto\/biscoitos-de-clementina-c-pepitas-bio-220g\/#primaryimage","url":"https:\/\/www.biocabaz.pt\/web\/wp-conteudos\/uploads\/2023\/01\/biscoitos-de-clementina-com-pepitas-bio-220g.jpg","contentUrl":"https:\/\/www.biocabaz.pt\/web\/wp-conteudos\/uploads\/2023\/01\/biscoitos-de-clementina-com-pepitas-bio-220g.jpg","width":326,"height":300,"caption":"Biscoitos de Clementina c\/pepitas BIO 220g"},{"@type":"BreadcrumbList","@id":"https:\/\/biocabaz.pt\/web\/produto\/biscoitos-de-clementina-c-pepitas-bio-220g\/#breadcrumb","itemListElement":[{"@type":"ListItem","position":1,"name":"Home","item":"https:\/\/biocabaz.pt\/web\/"},{"@type":"ListItem","position":2,"name":"Loja","item":"https:\/\/biocabaz.pt\/web\/shop\/"},{"@type":"ListItem","position":3,"name":"Biscoitos de Clementina c\/pepitas BIO 220g"}]},{"@type":"WebSite","@id":"https:\/\/biocabaz.pt\/web\/#website","url":"https:\/\/biocabaz.pt\/web\/","name":"BIOCABAZ - CABAZES BIOL\u00d3GICOS","description":"O melhor que a terra d\u00e1 \u00e9 para si","potentialAction":[{"@type":"SearchAction","target":{"@type":"EntryPoint","urlTemplate":"https:\/\/biocabaz.pt\/web\/?s={search_term_string}"},"query-input":{"@type":"PropertyValueSpecification","valueRequired":true,"valueName":"search_term_string"}}],"inLanguage":"pt-PT"}]}},"_links":{"self":[{"href":"https:\/\/biocabaz.pt\/web\/wp-json\/wp\/v2\/product\/96283","targetHints":{"allow":["GET"]}}],"collection":[{"href":"https:\/\/biocabaz.pt\/web\/wp-json\/wp\/v2\/product"}],"about":[{"href":"https:\/\/biocabaz.pt\/web\/wp-json\/wp\/v2\/types\/product"}],"replies":[{"embeddable":true,"href":"https:\/\/biocabaz.pt\/web\/wp-json\/wp\/v2\/comments?post=96283"}],"wp:featuredmedia":[{"embeddable":true,"href":"https:\/\/biocabaz.pt\/web\/wp-json\/wp\/v2\/media\/96281"}],"wp:attachment":[{"href":"https:\/\/biocabaz.pt\/web\/wp-json\/wp\/v2\/media?parent=96283"}],"wp:term":[{"taxonomy":"product_cat","embeddable":true,"href":"https:\/\/biocabaz.pt\/web\/wp-json\/wp\/v2\/product_cat?post=96283"},{"taxonomy":"product_tag","embeddable":true,"href":"https:\/\/biocabaz.pt\/web\/wp-json\/wp\/v2\/product_tag?post=96283"}],"curies":[{"name":"wp","href":"https:\/\/api.w.org\/{rel}","templated":true}]}}