{"id":9612,"date":"2018-11-05T16:12:39","date_gmt":"2018-11-05T16:12:39","guid":{"rendered":"https:\/\/www.biocabaz.pt\/web\/?post_type=product&#038;p=9612"},"modified":"2025-06-09T11:05:22","modified_gmt":"2025-06-09T11:05:22","slug":"elderberry-echinacea-bio-20-sq-pukka","status":"publish","type":"product","link":"https:\/\/biocabaz.pt\/web\/produto\/elderberry-echinacea-bio-20-sq-pukka\/","title":{"rendered":"ELDERBERRY &#038; ECHINACEA BIO 20 SQ PUKKA"},"content":{"rendered":"<p><strong>Descri\u00e7\u00e3o <\/strong><br \/>\n\t\t\t\tIngredientes: Raiz de alca\u00e7uz *, raiz de gengibre *, raiz echinacea e folha * (10%), beterraba *, anis *, flor de sabugueiro * (8%), hortel\u00e3-pimenta * folha, casca de laranja *, sabugueiro * (6%), rosa mosqueta *, acerola * , \u00f3leo essencial de laranja *, sabor groselha natural. * de produ\u00e7\u00e3o biol\u00f3gica (99,9%).<\/p>\n<p><strong>Dados Nutricionais<\/strong>\n\t\t\t\t<\/p>\n<p><strong>Modo Utiliza\u00e7\u00e3o<\/strong><br \/>Colocar uma saqueta numa ch\u00e1vena, verter \u00e1gua quente (fervida). Deixe repousar at\u00e9 15 minutos. Conservar em local seco e fresco.<\/p>\n","protected":false},"excerpt":{"rendered":"<p>Descri\u00e7\u00e3o Ingredientes: Raiz de alca\u00e7uz *, raiz de gengibre *, raiz echinacea e folha * (10%), beterraba *, anis *, flor de sabugueiro * (8%), hortel\u00e3-pimenta * folha, casca de laranja *, sabugueiro * (6%), rosa mosqueta *, acerola * , \u00f3leo essencial de laranja *, sabor groselha natural. * de produ\u00e7\u00e3o biol\u00f3gica (99,9%). Dados [&hellip;]<\/p>\n","protected":false},"featured_media":9613,"comment_status":"closed","ping_status":"closed","template":"","meta":[],"product_cat":[30],"product_tag":[],"class_list":["post-9612","product","type-product","status-publish","has-post-thumbnail","hentry","product_cat-cafes-chas-e-infusoes"],"bundle_layout":"","bundled_by":[],"bundled_items":[],"yoast_head":"<!-- This site is optimized with the Yoast SEO plugin v26.3 - https:\/\/yoast.com\/wordpress\/plugins\/seo\/ -->\n<title>ELDERBERRY &amp; ECHINACEA BIO 20 SQ PUKKA<\/title>\n<meta name=\"description\" content=\"ELDERBERRY &amp; ECHINACEA BIO 20 SQ PUKKA\" \/>\n<meta name=\"robots\" content=\"index, follow, max-snippet:-1, max-image-preview:large, max-video-preview:-1\" \/>\n<link rel=\"canonical\" href=\"https:\/\/www.biocabaz.pt\/web\/en\/produto\/elderberry-echinacea-bio-20-sq-pukka\/\" \/>\n<meta property=\"og:locale\" content=\"pt_PT\" \/>\n<meta property=\"og:locale:alternate\" content=\"en_US\" \/>\n<meta property=\"og:type\" content=\"article\" \/>\n<meta property=\"og:title\" content=\"ELDERBERRY &amp; ECHINACEA BIO 20 SQ PUKKA\" \/>\n<meta property=\"og:description\" content=\"ELDERBERRY &amp; ECHINACEA BIO 20 SQ PUKKA\" \/>\n<meta property=\"og:url\" content=\"https:\/\/biocabaz.pt\/web\/produto\/elderberry-echinacea-bio-20-sq-pukka\/\" \/>\n<meta property=\"og:site_name\" content=\"BIOCABAZ - CABAZES BIOL\u00d3GICOS\" \/>\n<meta property=\"article:modified_time\" content=\"2025-06-09T11:05:22+00:00\" \/>\n<meta property=\"og:image\" content=\"https:\/\/www.biocabaz.pt\/web\/wp-conteudos\/uploads\/2018\/11\/ELDERBERRY-ECHINACEA-BIO-20-SQ-PUKKA.jpg\" \/>\n\t<meta property=\"og:image:width\" content=\"552\" \/>\n\t<meta property=\"og:image:height\" content=\"772\" \/>\n\t<meta property=\"og:image:type\" content=\"image\/jpeg\" \/>\n<meta name=\"twitter:card\" content=\"summary_large_image\" \/>\n<meta name=\"twitter:label1\" content=\"Est. reading time\" \/>\n\t<meta name=\"twitter:data1\" content=\"1 minuto\" \/>\n<script type=\"application\/ld+json\" class=\"yoast-schema-graph\">{\"@context\":\"https:\/\/schema.org\",\"@graph\":[{\"@type\":\"WebPage\",\"@id\":\"https:\/\/www.biocabaz.pt\/web\/en\/produto\/elderberry-echinacea-bio-20-sq-pukka\/\",\"url\":\"https:\/\/www.biocabaz.pt\/web\/en\/produto\/elderberry-echinacea-bio-20-sq-pukka\/\",\"name\":\"ELDERBERRY & ECHINACEA BIO 20 SQ PUKKA\",\"isPartOf\":{\"@id\":\"https:\/\/www.biocabaz.pt\/web\/#website\"},\"primaryImageOfPage\":{\"@id\":\"https:\/\/www.biocabaz.pt\/web\/en\/produto\/elderberry-echinacea-bio-20-sq-pukka\/#primaryimage\"},\"image\":{\"@id\":\"https:\/\/www.biocabaz.pt\/web\/en\/produto\/elderberry-echinacea-bio-20-sq-pukka\/#primaryimage\"},\"thumbnailUrl\":\"https:\/\/www.biocabaz.pt\/web\/wp-conteudos\/uploads\/2018\/11\/ELDERBERRY-ECHINACEA-BIO-20-SQ-PUKKA.jpg\",\"datePublished\":\"2018-11-05T16:12:39+00:00\",\"dateModified\":\"2025-06-09T11:05:22+00:00\",\"description\":\"ELDERBERRY & ECHINACEA BIO 20 SQ PUKKA\",\"breadcrumb\":{\"@id\":\"https:\/\/www.biocabaz.pt\/web\/en\/produto\/elderberry-echinacea-bio-20-sq-pukka\/#breadcrumb\"},\"inLanguage\":\"pt-PT\",\"potentialAction\":[{\"@type\":\"ReadAction\",\"target\":[\"https:\/\/www.biocabaz.pt\/web\/en\/produto\/elderberry-echinacea-bio-20-sq-pukka\/\"]}]},{\"@type\":\"ImageObject\",\"inLanguage\":\"pt-PT\",\"@id\":\"https:\/\/www.biocabaz.pt\/web\/en\/produto\/elderberry-echinacea-bio-20-sq-pukka\/#primaryimage\",\"url\":\"https:\/\/www.biocabaz.pt\/web\/wp-conteudos\/uploads\/2018\/11\/ELDERBERRY-ECHINACEA-BIO-20-SQ-PUKKA.jpg\",\"contentUrl\":\"https:\/\/www.biocabaz.pt\/web\/wp-conteudos\/uploads\/2018\/11\/ELDERBERRY-ECHINACEA-BIO-20-SQ-PUKKA.jpg\",\"width\":552,\"height\":772,\"caption\":\"ELDERBERRY & ECHINACEA BIO 20 SQ PUKKA\"},{\"@type\":\"BreadcrumbList\",\"@id\":\"https:\/\/www.biocabaz.pt\/web\/en\/produto\/elderberry-echinacea-bio-20-sq-pukka\/#breadcrumb\",\"itemListElement\":[{\"@type\":\"ListItem\",\"position\":1,\"name\":\"Home\",\"item\":\"https:\/\/www.biocabaz.pt\/web\/\"},{\"@type\":\"ListItem\",\"position\":2,\"name\":\"Loja\",\"item\":\"https:\/\/www.biocabaz.pt\/web\/shop\/\"},{\"@type\":\"ListItem\",\"position\":3,\"name\":\"PUKKA ELDERBERRY &#038; ECHINACEA ORGANIC TEA\"}]},{\"@type\":\"WebSite\",\"@id\":\"https:\/\/www.biocabaz.pt\/web\/#website\",\"url\":\"https:\/\/www.biocabaz.pt\/web\/\",\"name\":\"BIOCABAZ - CABAZES BIOL\u00d3GICOS\",\"description\":\"O melhor que a terra d\u00e1 \u00e9 para si\",\"potentialAction\":[{\"@type\":\"SearchAction\",\"target\":{\"@type\":\"EntryPoint\",\"urlTemplate\":\"https:\/\/www.biocabaz.pt\/web\/?s={search_term_string}\"},\"query-input\":{\"@type\":\"PropertyValueSpecification\",\"valueRequired\":true,\"valueName\":\"search_term_string\"}}],\"inLanguage\":\"pt-PT\"}]}<\/script>\n<!-- \/ Yoast SEO plugin. -->","yoast_head_json":{"title":"ELDERBERRY & ECHINACEA BIO 20 SQ PUKKA","description":"ELDERBERRY & ECHINACEA BIO 20 SQ PUKKA","robots":{"index":"index","follow":"follow","max-snippet":"max-snippet:-1","max-image-preview":"max-image-preview:large","max-video-preview":"max-video-preview:-1"},"canonical":"https:\/\/www.biocabaz.pt\/web\/en\/produto\/elderberry-echinacea-bio-20-sq-pukka\/","og_locale":"pt_PT","og_type":"article","og_title":"[:en]PUKKA ELDERBERRY &amp; ECHINACEA ORGANIC TEA[:pt]ELDERBERRY & ECHINACEA BIO 20 SQ PUKKA[:] - BIOCABAZ - CABAZES BIOL\u00d3GICOS","og_description":"ELDERBERRY & ECHINACEA BIO 20 SQ PUKKA","og_url":"https:\/\/biocabaz.pt\/web\/produto\/elderberry-echinacea-bio-20-sq-pukka\/","og_site_name":"BIOCABAZ - CABAZES BIOL\u00d3GICOS","article_modified_time":"2025-06-09T11:05:22+00:00","og_image":[{"width":552,"height":772,"url":"https:\/\/www.biocabaz.pt\/web\/wp-conteudos\/uploads\/2018\/11\/ELDERBERRY-ECHINACEA-BIO-20-SQ-PUKKA.jpg","type":"image\/jpeg"}],"twitter_card":"summary_large_image","twitter_misc":{"Est. reading time":"1 minuto"},"schema":{"@context":"https:\/\/schema.org","@graph":[{"@type":"WebPage","@id":"https:\/\/www.biocabaz.pt\/web\/en\/produto\/elderberry-echinacea-bio-20-sq-pukka\/","url":"https:\/\/www.biocabaz.pt\/web\/en\/produto\/elderberry-echinacea-bio-20-sq-pukka\/","name":"ELDERBERRY & ECHINACEA BIO 20 SQ PUKKA","isPartOf":{"@id":"https:\/\/www.biocabaz.pt\/web\/#website"},"primaryImageOfPage":{"@id":"https:\/\/www.biocabaz.pt\/web\/en\/produto\/elderberry-echinacea-bio-20-sq-pukka\/#primaryimage"},"image":{"@id":"https:\/\/www.biocabaz.pt\/web\/en\/produto\/elderberry-echinacea-bio-20-sq-pukka\/#primaryimage"},"thumbnailUrl":"https:\/\/www.biocabaz.pt\/web\/wp-conteudos\/uploads\/2018\/11\/ELDERBERRY-ECHINACEA-BIO-20-SQ-PUKKA.jpg","datePublished":"2018-11-05T16:12:39+00:00","dateModified":"2025-06-09T11:05:22+00:00","description":"ELDERBERRY & ECHINACEA BIO 20 SQ PUKKA","breadcrumb":{"@id":"https:\/\/www.biocabaz.pt\/web\/en\/produto\/elderberry-echinacea-bio-20-sq-pukka\/#breadcrumb"},"inLanguage":"pt-PT","potentialAction":[{"@type":"ReadAction","target":["https:\/\/www.biocabaz.pt\/web\/en\/produto\/elderberry-echinacea-bio-20-sq-pukka\/"]}]},{"@type":"ImageObject","inLanguage":"pt-PT","@id":"https:\/\/www.biocabaz.pt\/web\/en\/produto\/elderberry-echinacea-bio-20-sq-pukka\/#primaryimage","url":"https:\/\/www.biocabaz.pt\/web\/wp-conteudos\/uploads\/2018\/11\/ELDERBERRY-ECHINACEA-BIO-20-SQ-PUKKA.jpg","contentUrl":"https:\/\/www.biocabaz.pt\/web\/wp-conteudos\/uploads\/2018\/11\/ELDERBERRY-ECHINACEA-BIO-20-SQ-PUKKA.jpg","width":552,"height":772,"caption":"ELDERBERRY & ECHINACEA BIO 20 SQ PUKKA"},{"@type":"BreadcrumbList","@id":"https:\/\/www.biocabaz.pt\/web\/en\/produto\/elderberry-echinacea-bio-20-sq-pukka\/#breadcrumb","itemListElement":[{"@type":"ListItem","position":1,"name":"Home","item":"https:\/\/www.biocabaz.pt\/web\/"},{"@type":"ListItem","position":2,"name":"Loja","item":"https:\/\/www.biocabaz.pt\/web\/shop\/"},{"@type":"ListItem","position":3,"name":"PUKKA ELDERBERRY &#038; ECHINACEA ORGANIC TEA"}]},{"@type":"WebSite","@id":"https:\/\/www.biocabaz.pt\/web\/#website","url":"https:\/\/www.biocabaz.pt\/web\/","name":"BIOCABAZ - CABAZES BIOL\u00d3GICOS","description":"O melhor que a terra d\u00e1 \u00e9 para si","potentialAction":[{"@type":"SearchAction","target":{"@type":"EntryPoint","urlTemplate":"https:\/\/www.biocabaz.pt\/web\/?s={search_term_string}"},"query-input":{"@type":"PropertyValueSpecification","valueRequired":true,"valueName":"search_term_string"}}],"inLanguage":"pt-PT"}]}},"_links":{"self":[{"href":"https:\/\/biocabaz.pt\/web\/wp-json\/wp\/v2\/product\/9612","targetHints":{"allow":["GET"]}}],"collection":[{"href":"https:\/\/biocabaz.pt\/web\/wp-json\/wp\/v2\/product"}],"about":[{"href":"https:\/\/biocabaz.pt\/web\/wp-json\/wp\/v2\/types\/product"}],"replies":[{"embeddable":true,"href":"https:\/\/biocabaz.pt\/web\/wp-json\/wp\/v2\/comments?post=9612"}],"wp:featuredmedia":[{"embeddable":true,"href":"https:\/\/biocabaz.pt\/web\/wp-json\/wp\/v2\/media\/9613"}],"wp:attachment":[{"href":"https:\/\/biocabaz.pt\/web\/wp-json\/wp\/v2\/media?parent=9612"}],"wp:term":[{"taxonomy":"product_cat","embeddable":true,"href":"https:\/\/biocabaz.pt\/web\/wp-json\/wp\/v2\/product_cat?post=9612"},{"taxonomy":"product_tag","embeddable":true,"href":"https:\/\/biocabaz.pt\/web\/wp-json\/wp\/v2\/product_tag?post=9612"}],"curies":[{"name":"wp","href":"https:\/\/api.w.org\/{rel}","templated":true}]}}