{"id":9604,"date":"2018-11-05T16:05:38","date_gmt":"2018-11-05T16:05:38","guid":{"rendered":"https:\/\/www.biocabaz.pt\/web\/?post_type=product&#038;p=9604"},"modified":"2025-06-09T11:05:10","modified_gmt":"2025-06-09T11:05:10","slug":"cha-day-to-night-collection-bio-20-sq-pukka","status":"publish","type":"product","link":"https:\/\/biocabaz.pt\/web\/produto\/cha-day-to-night-collection-bio-20-sq-pukka\/","title":{"rendered":"CH\u00c1 DAY TO NIGHT COLLECTION BIO 20 SQ PUKKA"},"content":{"rendered":"<p><strong>Descri\u00e7\u00e3o <\/strong><br \/>\n\t\t\t\tIngredientes: MATCHA VERDE GINSENG ING.100% BIO- Ch\u00e1 verde Jeju Island Sencha (50%), capim-lim\u00e3o, raiz gengibre, alca\u00e7uz raiz, tulsi lim\u00e3o folha, ess\u00eancia capim-lim\u00e3o, matcha p\u00f3- Jeju Island Emerald (2%), ginseng vermelho raiz (2%). INF.CURCUMA, 100% ING.: Curcuma raiz (40%), Cha verde Pin Ho Wild Jane (20%), raiz alca\u00e7uz, cardamomo-vagem, \u00f3leo essencial lim\u00e3o (6%), lim\u00e3o (6%), verbena lim\u00e3o. 12%. INF.REVITALISE, ING. 100% BIO: Casca canela Ceil\u00e3o (20%), casca laranja, sabugueiro, vagem cardomomo (10%), ra\u00edz alca\u00e7uz, ra\u00edz gengibre (7%), ch\u00e1 verde, canela casca (6%), hortel\u00e3 folha, cravo bot\u00e3o, pimenta preta. 8% . AFTER DINNER, INF.NAT. S\/CAF. 100% ING. BIO: Raiz de chic\u00f3ria (24%), sementes anis, sementes funcho (20%), raiz alca\u00e7uz, sementes cardomomo (8%), casca laranja, raiz gengibre. INF.BOA NOITE, NAT. S\/CAF, 100% ING. BIO: Flor de AVEIA (30%), raiz alca\u00e7uz, flor camomila, flor alfazema (14%), flor t\u00edlia (10%), raiz valariana, tulsi folha. 28%. <\/p>\n<p><strong>Dados Nutricionais<\/strong>\n\t\t\t\t<\/p>\n<p><strong>Modo Utiliza\u00e7\u00e3o<\/strong><br \/>Colocar uma saqueta numa ch\u00e1vena, verter \u00e1gua quente (fervida). Deixe repousar at\u00e9 15 minutos. Conservar em local seco e fresco.<\/p>\n","protected":false},"excerpt":{"rendered":"<p>Descri\u00e7\u00e3o Ingredientes: MATCHA VERDE GINSENG ING.100% BIO- Ch\u00e1 verde Jeju Island Sencha (50%), capim-lim\u00e3o, raiz gengibre, alca\u00e7uz raiz, tulsi lim\u00e3o folha, ess\u00eancia capim-lim\u00e3o, matcha p\u00f3- Jeju Island Emerald (2%), ginseng vermelho raiz (2%). INF.CURCUMA, 100% ING.: Curcuma raiz (40%), Cha verde Pin Ho Wild Jane (20%), raiz alca\u00e7uz, cardamomo-vagem, \u00f3leo essencial lim\u00e3o (6%), lim\u00e3o (6%), [&hellip;]<\/p>\n","protected":false},"featured_media":9605,"comment_status":"closed","ping_status":"closed","template":"","meta":[],"product_cat":[30],"product_tag":[],"class_list":["post-9604","product","type-product","status-publish","has-post-thumbnail","hentry","product_cat-cafes-chas-e-infusoes"],"bundle_layout":"","bundled_by":[],"bundled_items":[],"yoast_head":"<!-- This site is optimized with the Yoast SEO plugin v26.3 - https:\/\/yoast.com\/wordpress\/plugins\/seo\/ -->\n<title>CH\u00c1 DAY TO NIGHT COLLECTION BIO 20 SQ PUKKA<\/title>\n<meta name=\"description\" content=\"CH\u00c1 DAY TO NIGHT COLLECTION BIO 20 SQ PUKKA\" \/>\n<meta name=\"robots\" content=\"index, follow, max-snippet:-1, max-image-preview:large, max-video-preview:-1\" \/>\n<link rel=\"canonical\" href=\"https:\/\/biocabaz.pt\/web\/produto\/cha-day-to-night-collection-bio-20-sq-pukka\/\" \/>\n<meta property=\"og:locale\" content=\"pt_PT\" \/>\n<meta property=\"og:locale:alternate\" content=\"en_US\" \/>\n<meta property=\"og:type\" content=\"article\" \/>\n<meta property=\"og:title\" content=\"CH\u00c1 DAY TO NIGHT COLLECTION BIO 20 SQ PUKKA\" \/>\n<meta property=\"og:description\" content=\"CH\u00c1 DAY TO NIGHT COLLECTION BIO 20 SQ PUKKA\" \/>\n<meta property=\"og:url\" content=\"https:\/\/biocabaz.pt\/web\/produto\/cha-day-to-night-collection-bio-20-sq-pukka\/\" \/>\n<meta property=\"og:site_name\" content=\"BIOCABAZ - CABAZES BIOL\u00d3GICOS\" \/>\n<meta property=\"article:modified_time\" content=\"2025-06-09T11:05:10+00:00\" \/>\n<meta property=\"og:image\" content=\"https:\/\/www.biocabaz.pt\/web\/wp-conteudos\/uploads\/2018\/11\/CH\u00c1-DAY-TO-NIGHT-COLLECTION-BIO-20-SQ-PUKKA.png\" \/>\n\t<meta property=\"og:image:width\" content=\"552\" \/>\n\t<meta property=\"og:image:height\" content=\"772\" \/>\n\t<meta property=\"og:image:type\" content=\"image\/png\" \/>\n<meta name=\"twitter:card\" content=\"summary_large_image\" \/>\n<meta name=\"twitter:label1\" content=\"Est. reading time\" \/>\n\t<meta name=\"twitter:data1\" content=\"1 minuto\" \/>\n<script type=\"application\/ld+json\" class=\"yoast-schema-graph\">{\"@context\":\"https:\/\/schema.org\",\"@graph\":[{\"@type\":\"WebPage\",\"@id\":\"https:\/\/biocabaz.pt\/web\/produto\/cha-day-to-night-collection-bio-20-sq-pukka\/\",\"url\":\"https:\/\/biocabaz.pt\/web\/produto\/cha-day-to-night-collection-bio-20-sq-pukka\/\",\"name\":\"CH\u00c1 DAY TO NIGHT COLLECTION BIO 20 SQ PUKKA\",\"isPartOf\":{\"@id\":\"https:\/\/www.biocabaz.pt\/web\/#website\"},\"primaryImageOfPage\":{\"@id\":\"https:\/\/biocabaz.pt\/web\/produto\/cha-day-to-night-collection-bio-20-sq-pukka\/#primaryimage\"},\"image\":{\"@id\":\"https:\/\/biocabaz.pt\/web\/produto\/cha-day-to-night-collection-bio-20-sq-pukka\/#primaryimage\"},\"thumbnailUrl\":\"https:\/\/www.biocabaz.pt\/web\/wp-conteudos\/uploads\/2018\/11\/CH\u00c1-DAY-TO-NIGHT-COLLECTION-BIO-20-SQ-PUKKA.png\",\"datePublished\":\"2018-11-05T16:05:38+00:00\",\"dateModified\":\"2025-06-09T11:05:10+00:00\",\"description\":\"CH\u00c1 DAY TO NIGHT COLLECTION BIO 20 SQ PUKKA\",\"breadcrumb\":{\"@id\":\"https:\/\/biocabaz.pt\/web\/produto\/cha-day-to-night-collection-bio-20-sq-pukka\/#breadcrumb\"},\"inLanguage\":\"pt-PT\",\"potentialAction\":[{\"@type\":\"ReadAction\",\"target\":[\"https:\/\/biocabaz.pt\/web\/produto\/cha-day-to-night-collection-bio-20-sq-pukka\/\"]}]},{\"@type\":\"ImageObject\",\"inLanguage\":\"pt-PT\",\"@id\":\"https:\/\/biocabaz.pt\/web\/produto\/cha-day-to-night-collection-bio-20-sq-pukka\/#primaryimage\",\"url\":\"https:\/\/www.biocabaz.pt\/web\/wp-conteudos\/uploads\/2018\/11\/CH\u00c1-DAY-TO-NIGHT-COLLECTION-BIO-20-SQ-PUKKA.png\",\"contentUrl\":\"https:\/\/www.biocabaz.pt\/web\/wp-conteudos\/uploads\/2018\/11\/CH\u00c1-DAY-TO-NIGHT-COLLECTION-BIO-20-SQ-PUKKA.png\",\"width\":552,\"height\":772,\"caption\":\"CH\u00c1 DAY TO NIGHT COLLECTION BIO 20 SQ PUKKA\"},{\"@type\":\"BreadcrumbList\",\"@id\":\"https:\/\/biocabaz.pt\/web\/produto\/cha-day-to-night-collection-bio-20-sq-pukka\/#breadcrumb\",\"itemListElement\":[{\"@type\":\"ListItem\",\"position\":1,\"name\":\"Home\",\"item\":\"https:\/\/www.biocabaz.pt\/web\/\"},{\"@type\":\"ListItem\",\"position\":2,\"name\":\"Loja\",\"item\":\"https:\/\/www.biocabaz.pt\/web\/shop\/\"},{\"@type\":\"ListItem\",\"position\":3,\"name\":\"CH\u00c1 DAY TO NIGHT COLLECTION BIO 20 SQ PUKKA\"}]},{\"@type\":\"WebSite\",\"@id\":\"https:\/\/www.biocabaz.pt\/web\/#website\",\"url\":\"https:\/\/www.biocabaz.pt\/web\/\",\"name\":\"BIOCABAZ - CABAZES BIOL\u00d3GICOS\",\"description\":\"O melhor que a terra d\u00e1 \u00e9 para si\",\"potentialAction\":[{\"@type\":\"SearchAction\",\"target\":{\"@type\":\"EntryPoint\",\"urlTemplate\":\"https:\/\/www.biocabaz.pt\/web\/?s={search_term_string}\"},\"query-input\":{\"@type\":\"PropertyValueSpecification\",\"valueRequired\":true,\"valueName\":\"search_term_string\"}}],\"inLanguage\":\"pt-PT\"}]}<\/script>\n<!-- \/ Yoast SEO plugin. -->","yoast_head_json":{"title":"CH\u00c1 DAY TO NIGHT COLLECTION BIO 20 SQ PUKKA","description":"CH\u00c1 DAY TO NIGHT COLLECTION BIO 20 SQ PUKKA","robots":{"index":"index","follow":"follow","max-snippet":"max-snippet:-1","max-image-preview":"max-image-preview:large","max-video-preview":"max-video-preview:-1"},"canonical":"https:\/\/biocabaz.pt\/web\/produto\/cha-day-to-night-collection-bio-20-sq-pukka\/","og_locale":"pt_PT","og_type":"article","og_title":"[:en]PUKKA DAY TO NIGHT COLLECTION ORGANIC TEA[:pt]CH\u00c1 DAY TO NIGHT COLLECTION BIO 20 SQ PUKKA[:] - BIOCABAZ - CABAZES BIOL\u00d3GICOS","og_description":"CH\u00c1 DAY TO NIGHT COLLECTION BIO 20 SQ PUKKA","og_url":"https:\/\/biocabaz.pt\/web\/produto\/cha-day-to-night-collection-bio-20-sq-pukka\/","og_site_name":"BIOCABAZ - CABAZES BIOL\u00d3GICOS","article_modified_time":"2025-06-09T11:05:10+00:00","og_image":[{"width":552,"height":772,"url":"https:\/\/www.biocabaz.pt\/web\/wp-conteudos\/uploads\/2018\/11\/CH\u00c1-DAY-TO-NIGHT-COLLECTION-BIO-20-SQ-PUKKA.png","type":"image\/png"}],"twitter_card":"summary_large_image","twitter_misc":{"Est. reading time":"1 minuto"},"schema":{"@context":"https:\/\/schema.org","@graph":[{"@type":"WebPage","@id":"https:\/\/biocabaz.pt\/web\/produto\/cha-day-to-night-collection-bio-20-sq-pukka\/","url":"https:\/\/biocabaz.pt\/web\/produto\/cha-day-to-night-collection-bio-20-sq-pukka\/","name":"CH\u00c1 DAY TO NIGHT COLLECTION BIO 20 SQ PUKKA","isPartOf":{"@id":"https:\/\/www.biocabaz.pt\/web\/#website"},"primaryImageOfPage":{"@id":"https:\/\/biocabaz.pt\/web\/produto\/cha-day-to-night-collection-bio-20-sq-pukka\/#primaryimage"},"image":{"@id":"https:\/\/biocabaz.pt\/web\/produto\/cha-day-to-night-collection-bio-20-sq-pukka\/#primaryimage"},"thumbnailUrl":"https:\/\/www.biocabaz.pt\/web\/wp-conteudos\/uploads\/2018\/11\/CH\u00c1-DAY-TO-NIGHT-COLLECTION-BIO-20-SQ-PUKKA.png","datePublished":"2018-11-05T16:05:38+00:00","dateModified":"2025-06-09T11:05:10+00:00","description":"CH\u00c1 DAY TO NIGHT COLLECTION BIO 20 SQ PUKKA","breadcrumb":{"@id":"https:\/\/biocabaz.pt\/web\/produto\/cha-day-to-night-collection-bio-20-sq-pukka\/#breadcrumb"},"inLanguage":"pt-PT","potentialAction":[{"@type":"ReadAction","target":["https:\/\/biocabaz.pt\/web\/produto\/cha-day-to-night-collection-bio-20-sq-pukka\/"]}]},{"@type":"ImageObject","inLanguage":"pt-PT","@id":"https:\/\/biocabaz.pt\/web\/produto\/cha-day-to-night-collection-bio-20-sq-pukka\/#primaryimage","url":"https:\/\/www.biocabaz.pt\/web\/wp-conteudos\/uploads\/2018\/11\/CH\u00c1-DAY-TO-NIGHT-COLLECTION-BIO-20-SQ-PUKKA.png","contentUrl":"https:\/\/www.biocabaz.pt\/web\/wp-conteudos\/uploads\/2018\/11\/CH\u00c1-DAY-TO-NIGHT-COLLECTION-BIO-20-SQ-PUKKA.png","width":552,"height":772,"caption":"CH\u00c1 DAY TO NIGHT COLLECTION BIO 20 SQ PUKKA"},{"@type":"BreadcrumbList","@id":"https:\/\/biocabaz.pt\/web\/produto\/cha-day-to-night-collection-bio-20-sq-pukka\/#breadcrumb","itemListElement":[{"@type":"ListItem","position":1,"name":"Home","item":"https:\/\/www.biocabaz.pt\/web\/"},{"@type":"ListItem","position":2,"name":"Loja","item":"https:\/\/www.biocabaz.pt\/web\/shop\/"},{"@type":"ListItem","position":3,"name":"CH\u00c1 DAY TO NIGHT COLLECTION BIO 20 SQ PUKKA"}]},{"@type":"WebSite","@id":"https:\/\/www.biocabaz.pt\/web\/#website","url":"https:\/\/www.biocabaz.pt\/web\/","name":"BIOCABAZ - CABAZES BIOL\u00d3GICOS","description":"O melhor que a terra d\u00e1 \u00e9 para si","potentialAction":[{"@type":"SearchAction","target":{"@type":"EntryPoint","urlTemplate":"https:\/\/www.biocabaz.pt\/web\/?s={search_term_string}"},"query-input":{"@type":"PropertyValueSpecification","valueRequired":true,"valueName":"search_term_string"}}],"inLanguage":"pt-PT"}]}},"_links":{"self":[{"href":"https:\/\/biocabaz.pt\/web\/wp-json\/wp\/v2\/product\/9604","targetHints":{"allow":["GET"]}}],"collection":[{"href":"https:\/\/biocabaz.pt\/web\/wp-json\/wp\/v2\/product"}],"about":[{"href":"https:\/\/biocabaz.pt\/web\/wp-json\/wp\/v2\/types\/product"}],"replies":[{"embeddable":true,"href":"https:\/\/biocabaz.pt\/web\/wp-json\/wp\/v2\/comments?post=9604"}],"wp:featuredmedia":[{"embeddable":true,"href":"https:\/\/biocabaz.pt\/web\/wp-json\/wp\/v2\/media\/9605"}],"wp:attachment":[{"href":"https:\/\/biocabaz.pt\/web\/wp-json\/wp\/v2\/media?parent=9604"}],"wp:term":[{"taxonomy":"product_cat","embeddable":true,"href":"https:\/\/biocabaz.pt\/web\/wp-json\/wp\/v2\/product_cat?post=9604"},{"taxonomy":"product_tag","embeddable":true,"href":"https:\/\/biocabaz.pt\/web\/wp-json\/wp\/v2\/product_tag?post=9604"}],"curies":[{"name":"wp","href":"https:\/\/api.w.org\/{rel}","templated":true}]}}