{"id":959,"date":"2016-04-14T21:43:02","date_gmt":"2016-04-14T21:43:02","guid":{"rendered":"http:\/\/www.biocabaz.com\/web\/produto\/bebida-de-arroz-com-avela-1l-isola\/"},"modified":"2024-08-06T10:24:03","modified_gmt":"2024-08-06T10:24:03","slug":"bebida-de-arroz-com-avela-1l-isola","status":"publish","type":"product","link":"https:\/\/biocabaz.pt\/web\/produto\/bebida-de-arroz-com-avela-1l-isola\/","title":{"rendered":"BEBIDA DE ARROZ COM AVEL\u00c3 BIO ISOLA 1L"},"content":{"rendered":"<p><strong>Descri\u00e7\u00e3o <\/strong><br \/>\nIngredientes: \u00c1gua, arroz branco italiano* (17%), avel\u00e3* (3%), \u00f3leo de girassol* 1\u00aa press\u00e3o, sal marinho. *De produ\u00e7\u00e3o biol\u00f3gica.<\/p>\n<p><strong>Dados Nutricionais<\/strong><br \/>\nDeclara\u00e7\u00e3o Nutricional por 100ml:<br \/>\nEnergia: 312kJ\/74kcal;<br \/>\nL\u00edpidos: 1,9g &#8211; dos quais saturados: 0,2g,<br \/>\nHidratos de Carbono: 13g &#8211; dos quais a\u00e7\u00facares: 5,5g;<br \/>\nProte\u00ednas: 0,8g;<br \/>\nFibra: 0,9;<br \/>\nSal: 0,08g.<\/p>\n<p><strong>Modo Utiliza\u00e7\u00e3o<\/strong><br \/>\nAgitar bem antes de beber. Depois de aberto conservar no frigor\u00edfico e consumir dentro de 3-4dias. Conservar em local fresco e seco.<\/p>\n","protected":false},"excerpt":{"rendered":"<p>Descri\u00e7\u00e3o Ingredientes: \u00c1gua, arroz branco italiano* (17%), avel\u00e3* (3%), \u00f3leo de girassol* 1\u00aa press\u00e3o, sal marinho. *De produ\u00e7\u00e3o biol\u00f3gica. Dados Nutricionais Declara\u00e7\u00e3o Nutricional por 100ml: Energia: 312kJ\/74kcal; L\u00edpidos: 1,9g &#8211; dos quais saturados: 0,2g, Hidratos de Carbono: 13g &#8211; dos quais a\u00e7\u00facares: 5,5g; Prote\u00ednas: 0,8g; Fibra: 0,9; Sal: 0,08g. Modo Utiliza\u00e7\u00e3o Agitar bem antes de [&hellip;]<\/p>\n","protected":false},"featured_media":26698,"comment_status":"closed","ping_status":"closed","template":"","meta":[],"product_cat":[34],"product_tag":[],"class_list":["post-959","product","type-product","status-publish","has-post-thumbnail","hentry","product_cat-leites-bebidas-vegetais"],"bundle_layout":"","bundled_by":[],"bundled_items":[],"yoast_head":"<!-- This site is optimized with the Yoast SEO plugin v26.3 - https:\/\/yoast.com\/wordpress\/plugins\/seo\/ -->\n<title>BEBIDA DE ARROZ COM AVEL\u00c3 BIO ISOLA 1L<\/title>\n<meta name=\"robots\" content=\"index, follow, max-snippet:-1, max-image-preview:large, max-video-preview:-1\" \/>\n<link rel=\"canonical\" href=\"https:\/\/www.biocabaz.pt\/web\/produto\/bebida-de-arroz-com-avela-1l-isola\/\" \/>\n<meta property=\"og:locale\" content=\"pt_PT\" \/>\n<meta property=\"og:locale:alternate\" content=\"en_US\" \/>\n<meta property=\"og:type\" content=\"article\" \/>\n<meta property=\"og:title\" content=\"BEBIDA DE ARROZ COM AVEL\u00c3 BIO ISOLA 1L\" \/>\n<meta property=\"og:description\" content=\"Descri\u00e7\u00e3o Ingredientes: \u00c1gua, arroz branco italiano* (17%), avel\u00e3* (3%), \u00f3leo de girassol* 1\u00aa press\u00e3o, sal marinho. *De produ\u00e7\u00e3o biol\u00f3gica. Dados Nutricionais Declara\u00e7\u00e3o Nutricional por 100ml: Energia: 312kJ\/74kcal; L\u00edpidos: 1,9g &#8211; dos quais saturados: 0,2g, Hidratos de Carbono: 13g &#8211; dos quais a\u00e7\u00facares: 5,5g; Prote\u00ednas: 0,8g; Fibra: 0,9; Sal: 0,08g. Modo Utiliza\u00e7\u00e3o Agitar bem antes de [&hellip;]\" \/>\n<meta property=\"og:url\" content=\"https:\/\/biocabaz.pt\/web\/produto\/bebida-de-arroz-com-avela-1l-isola\/\" \/>\n<meta property=\"og:site_name\" content=\"BIOCABAZ - CABAZES BIOL\u00d3GICOS\" \/>\n<meta property=\"article:modified_time\" content=\"2024-08-06T10:24:03+00:00\" \/>\n<meta property=\"og:image\" content=\"https:\/\/www.biocabaz.pt\/web\/wp-conteudos\/uploads\/2016\/04\/BEBIDA-DE-ARROZ-COM-AVEL\u00c3-BIO-ISOLA-1L-e1564402128975.jpg\" \/>\n\t<meta property=\"og:image:width\" content=\"200\" \/>\n\t<meta property=\"og:image:height\" content=\"326\" \/>\n\t<meta property=\"og:image:type\" content=\"image\/jpeg\" \/>\n<meta name=\"twitter:card\" content=\"summary_large_image\" \/>\n<meta name=\"twitter:label1\" content=\"Est. reading time\" \/>\n\t<meta name=\"twitter:data1\" content=\"1 minuto\" \/>\n<script type=\"application\/ld+json\" class=\"yoast-schema-graph\">{\"@context\":\"https:\/\/schema.org\",\"@graph\":[{\"@type\":\"WebPage\",\"@id\":\"https:\/\/www.biocabaz.pt\/web\/produto\/bebida-de-arroz-com-avela-1l-isola\/\",\"url\":\"https:\/\/www.biocabaz.pt\/web\/produto\/bebida-de-arroz-com-avela-1l-isola\/\",\"name\":\"BEBIDA DE ARROZ COM AVEL\u00c3 BIO ISOLA 1L\",\"isPartOf\":{\"@id\":\"https:\/\/biocabaz.pt\/web\/en\/#website\"},\"primaryImageOfPage\":{\"@id\":\"https:\/\/www.biocabaz.pt\/web\/produto\/bebida-de-arroz-com-avela-1l-isola\/#primaryimage\"},\"image\":{\"@id\":\"https:\/\/www.biocabaz.pt\/web\/produto\/bebida-de-arroz-com-avela-1l-isola\/#primaryimage\"},\"thumbnailUrl\":\"https:\/\/www.biocabaz.pt\/web\/wp-conteudos\/uploads\/2016\/04\/BEBIDA-DE-ARROZ-COM-AVEL\u00c3-BIO-ISOLA-1L-e1564402128975.jpg\",\"datePublished\":\"2016-04-14T21:43:02+00:00\",\"dateModified\":\"2024-08-06T10:24:03+00:00\",\"breadcrumb\":{\"@id\":\"https:\/\/www.biocabaz.pt\/web\/produto\/bebida-de-arroz-com-avela-1l-isola\/#breadcrumb\"},\"inLanguage\":\"pt-PT\",\"potentialAction\":[{\"@type\":\"ReadAction\",\"target\":[\"https:\/\/www.biocabaz.pt\/web\/produto\/bebida-de-arroz-com-avela-1l-isola\/\"]}]},{\"@type\":\"ImageObject\",\"inLanguage\":\"pt-PT\",\"@id\":\"https:\/\/www.biocabaz.pt\/web\/produto\/bebida-de-arroz-com-avela-1l-isola\/#primaryimage\",\"url\":\"https:\/\/www.biocabaz.pt\/web\/wp-conteudos\/uploads\/2016\/04\/BEBIDA-DE-ARROZ-COM-AVEL\u00c3-BIO-ISOLA-1L-e1564402128975.jpg\",\"contentUrl\":\"https:\/\/www.biocabaz.pt\/web\/wp-conteudos\/uploads\/2016\/04\/BEBIDA-DE-ARROZ-COM-AVEL\u00c3-BIO-ISOLA-1L-e1564402128975.jpg\",\"width\":200,\"height\":326,\"caption\":\"BEBIDA DE ARROZ COM AVEL\u00c3 BIO ISOLA 1L\"},{\"@type\":\"BreadcrumbList\",\"@id\":\"https:\/\/www.biocabaz.pt\/web\/produto\/bebida-de-arroz-com-avela-1l-isola\/#breadcrumb\",\"itemListElement\":[{\"@type\":\"ListItem\",\"position\":1,\"name\":\"Home\",\"item\":\"https:\/\/biocabaz.pt\/web\/en\/\"},{\"@type\":\"ListItem\",\"position\":2,\"name\":\"Shop\",\"item\":\"https:\/\/biocabaz.pt\/web\/en\/shop\/\"},{\"@type\":\"ListItem\",\"position\":3,\"name\":\"BEBIDA DE ARROZ COM AVEL\u00c3 BIO ISOLA 1L\"}]},{\"@type\":\"WebSite\",\"@id\":\"https:\/\/biocabaz.pt\/web\/en\/#website\",\"url\":\"https:\/\/biocabaz.pt\/web\/en\/\",\"name\":\"BIOCABAZ - CABAZES BIOL\u00d3GICOS\",\"description\":\"O melhor que a terra d\u00e1 \u00e9 para si\",\"potentialAction\":[{\"@type\":\"SearchAction\",\"target\":{\"@type\":\"EntryPoint\",\"urlTemplate\":\"https:\/\/biocabaz.pt\/web\/en\/?s={search_term_string}\"},\"query-input\":{\"@type\":\"PropertyValueSpecification\",\"valueRequired\":true,\"valueName\":\"search_term_string\"}}],\"inLanguage\":\"pt-PT\"}]}<\/script>\n<!-- \/ Yoast SEO plugin. -->","yoast_head_json":{"title":"BEBIDA DE ARROZ COM AVEL\u00c3 BIO ISOLA 1L","robots":{"index":"index","follow":"follow","max-snippet":"max-snippet:-1","max-image-preview":"max-image-preview:large","max-video-preview":"max-video-preview:-1"},"canonical":"https:\/\/www.biocabaz.pt\/web\/produto\/bebida-de-arroz-com-avela-1l-isola\/","og_locale":"pt_PT","og_type":"article","og_title":"[:en]ISOLA ORGANIC RICE HAZELNUT DRINK 1L[:pt]BEBIDA DE ARROZ COM AVEL\u00c3 BIO ISOLA 1L[:] - BIOCABAZ - CABAZES BIOL\u00d3GICOS","og_description":"Descri\u00e7\u00e3o Ingredientes: \u00c1gua, arroz branco italiano* (17%), avel\u00e3* (3%), \u00f3leo de girassol* 1\u00aa press\u00e3o, sal marinho. *De produ\u00e7\u00e3o biol\u00f3gica. Dados Nutricionais Declara\u00e7\u00e3o Nutricional por 100ml: Energia: 312kJ\/74kcal; L\u00edpidos: 1,9g &#8211; dos quais saturados: 0,2g, Hidratos de Carbono: 13g &#8211; dos quais a\u00e7\u00facares: 5,5g; Prote\u00ednas: 0,8g; Fibra: 0,9; Sal: 0,08g. Modo Utiliza\u00e7\u00e3o Agitar bem antes de [&hellip;]","og_url":"https:\/\/biocabaz.pt\/web\/produto\/bebida-de-arroz-com-avela-1l-isola\/","og_site_name":"BIOCABAZ - CABAZES BIOL\u00d3GICOS","article_modified_time":"2024-08-06T10:24:03+00:00","og_image":[{"width":200,"height":326,"url":"https:\/\/www.biocabaz.pt\/web\/wp-conteudos\/uploads\/2016\/04\/BEBIDA-DE-ARROZ-COM-AVEL\u00c3-BIO-ISOLA-1L-e1564402128975.jpg","type":"image\/jpeg"}],"twitter_card":"summary_large_image","twitter_misc":{"Est. reading time":"1 minuto"},"schema":{"@context":"https:\/\/schema.org","@graph":[{"@type":"WebPage","@id":"https:\/\/www.biocabaz.pt\/web\/produto\/bebida-de-arroz-com-avela-1l-isola\/","url":"https:\/\/www.biocabaz.pt\/web\/produto\/bebida-de-arroz-com-avela-1l-isola\/","name":"BEBIDA DE ARROZ COM AVEL\u00c3 BIO ISOLA 1L","isPartOf":{"@id":"https:\/\/biocabaz.pt\/web\/en\/#website"},"primaryImageOfPage":{"@id":"https:\/\/www.biocabaz.pt\/web\/produto\/bebida-de-arroz-com-avela-1l-isola\/#primaryimage"},"image":{"@id":"https:\/\/www.biocabaz.pt\/web\/produto\/bebida-de-arroz-com-avela-1l-isola\/#primaryimage"},"thumbnailUrl":"https:\/\/www.biocabaz.pt\/web\/wp-conteudos\/uploads\/2016\/04\/BEBIDA-DE-ARROZ-COM-AVEL\u00c3-BIO-ISOLA-1L-e1564402128975.jpg","datePublished":"2016-04-14T21:43:02+00:00","dateModified":"2024-08-06T10:24:03+00:00","breadcrumb":{"@id":"https:\/\/www.biocabaz.pt\/web\/produto\/bebida-de-arroz-com-avela-1l-isola\/#breadcrumb"},"inLanguage":"pt-PT","potentialAction":[{"@type":"ReadAction","target":["https:\/\/www.biocabaz.pt\/web\/produto\/bebida-de-arroz-com-avela-1l-isola\/"]}]},{"@type":"ImageObject","inLanguage":"pt-PT","@id":"https:\/\/www.biocabaz.pt\/web\/produto\/bebida-de-arroz-com-avela-1l-isola\/#primaryimage","url":"https:\/\/www.biocabaz.pt\/web\/wp-conteudos\/uploads\/2016\/04\/BEBIDA-DE-ARROZ-COM-AVEL\u00c3-BIO-ISOLA-1L-e1564402128975.jpg","contentUrl":"https:\/\/www.biocabaz.pt\/web\/wp-conteudos\/uploads\/2016\/04\/BEBIDA-DE-ARROZ-COM-AVEL\u00c3-BIO-ISOLA-1L-e1564402128975.jpg","width":200,"height":326,"caption":"BEBIDA DE ARROZ COM AVEL\u00c3 BIO ISOLA 1L"},{"@type":"BreadcrumbList","@id":"https:\/\/www.biocabaz.pt\/web\/produto\/bebida-de-arroz-com-avela-1l-isola\/#breadcrumb","itemListElement":[{"@type":"ListItem","position":1,"name":"Home","item":"https:\/\/biocabaz.pt\/web\/en\/"},{"@type":"ListItem","position":2,"name":"Shop","item":"https:\/\/biocabaz.pt\/web\/en\/shop\/"},{"@type":"ListItem","position":3,"name":"BEBIDA DE ARROZ COM AVEL\u00c3 BIO ISOLA 1L"}]},{"@type":"WebSite","@id":"https:\/\/biocabaz.pt\/web\/en\/#website","url":"https:\/\/biocabaz.pt\/web\/en\/","name":"BIOCABAZ - CABAZES BIOL\u00d3GICOS","description":"O melhor que a terra d\u00e1 \u00e9 para si","potentialAction":[{"@type":"SearchAction","target":{"@type":"EntryPoint","urlTemplate":"https:\/\/biocabaz.pt\/web\/en\/?s={search_term_string}"},"query-input":{"@type":"PropertyValueSpecification","valueRequired":true,"valueName":"search_term_string"}}],"inLanguage":"pt-PT"}]}},"_links":{"self":[{"href":"https:\/\/biocabaz.pt\/web\/wp-json\/wp\/v2\/product\/959","targetHints":{"allow":["GET"]}}],"collection":[{"href":"https:\/\/biocabaz.pt\/web\/wp-json\/wp\/v2\/product"}],"about":[{"href":"https:\/\/biocabaz.pt\/web\/wp-json\/wp\/v2\/types\/product"}],"replies":[{"embeddable":true,"href":"https:\/\/biocabaz.pt\/web\/wp-json\/wp\/v2\/comments?post=959"}],"wp:featuredmedia":[{"embeddable":true,"href":"https:\/\/biocabaz.pt\/web\/wp-json\/wp\/v2\/media\/26698"}],"wp:attachment":[{"href":"https:\/\/biocabaz.pt\/web\/wp-json\/wp\/v2\/media?parent=959"}],"wp:term":[{"taxonomy":"product_cat","embeddable":true,"href":"https:\/\/biocabaz.pt\/web\/wp-json\/wp\/v2\/product_cat?post=959"},{"taxonomy":"product_tag","embeddable":true,"href":"https:\/\/biocabaz.pt\/web\/wp-json\/wp\/v2\/product_tag?post=959"}],"curies":[{"name":"wp","href":"https:\/\/api.w.org\/{rel}","templated":true}]}}