{"id":95854,"date":"2023-01-16T14:07:29","date_gmt":"2023-01-16T14:07:29","guid":{"rendered":"https:\/\/www.biocabaz.pt\/web\/?post_type=product&#038;p=95854"},"modified":"2023-01-16T23:20:58","modified_gmt":"2023-01-16T23:20:58","slug":"l-lysine-500-mg-100-veg-capsulas-now-2","status":"publish","type":"product","link":"https:\/\/biocabaz.pt\/web\/produto\/l-lysine-500-mg-100-veg-capsulas-now-2\/","title":{"rendered":"L-LYSINE 500 MG \u2013 100 VEG C\u00c1PSULAS \u2013 NOW"},"content":{"rendered":"","protected":false},"excerpt":{"rendered":"<p><strong>Amino\u00e1cido Essencial<\/strong><\/p>\n<p>&#8211; Participa na s\u00edntese de colag\u00e9nio (componente dos ossos, cartilagens e outros tecidos conectivos) \u2013 aumenta a tonicidade dos m\u00fasculos e contribui para a sa\u00fade das articula\u00e7\u00f5es<br \/>\n&#8211; Reduz a recorr\u00eancia, a severidade e o tempo de recupera\u00e7\u00e3o do v\u00edrus da herpes<br \/>\n&#8211; Estimula o sistema imunit\u00e1rio \u2013 promove a s\u00edntese de anticorpos<br \/>\n&#8211; Aumenta a absor\u00e7\u00e3o de c\u00e1lcio e melhora a sua deposi\u00e7\u00e3o na matriz \u00f3ssea \u2013 preven\u00e7\u00e3o da osteoporose<br \/>\n&#8211; Percursora da Carnitina &#8211; interv\u00e9m no metabolismo dos \u00e1cidos gordos e ajuda a aumentar a energia e o rendimento card\u00edaco<br \/>\n&#8211; Vital para o crescimento e manuten\u00e7\u00e3o dos m\u00fasculos<\/p>\n<p>A L-Lisina \u00e9 um amino\u00e1cido essencial, ou seja, o organismo n\u00e3o consegue produzi-lo naturalmente tendo de ser obtido a partir da sua ingest\u00e3o.<\/p>\n<p>O consumo de L-Lisina est\u00e1 associado a uma melhoria na absor\u00e7\u00e3o do c\u00e1lcio e diminui\u00e7\u00e3o da sua excre\u00e7\u00e3o atrav\u00e9s da urina.<\/p>\n<p>Tendo o c\u00e1lcio uma a\u00e7\u00e3o estrutural formando parte do osso (38%), contribui para a manuten\u00e7\u00e3o da densidade dos ossos e, consequentemente, a sua resist\u00eancia prevenindo desta forma a osteoporose.<br \/>\n<strong>Ingredientes<\/strong><br \/>\nOutros Ingredientes: Hipromelose (c\u00e1psula de celulose), \u00c1cido Este\u00e1rico (fonte vegetal), Celulose Microcristalina e Farinha de Arroz.<br \/>\nComposi\u00e7\u00e3o<br \/>\nPor 1 comprimido:<\/p>\n<p>L-Lisina (a partir de 637 mg de cloridrato de L-lisina) &#8211; 500 mg<\/p>\n<p><strong>Modo De Utiliza\u00e7\u00e3o<\/strong><br \/>\nTomar 1 c\u00e1psula, 1 a 3 vezes por dia.<br \/>\nAvisos<br \/>\nDepois de aberto, armazenar em local fresco e seco.<br \/>\nN\u00e3o exceder a dose di\u00e1ria recomendada. Os suplementos alimentares n\u00e3o devem ser utilizados como substitutos de um regime alimentar variado e equilibrado, bem como de um modo de vida saud\u00e1vel. Manter fora do alcance e da vis\u00e3o das crian\u00e7as. N\u00e3o utilizar em caso de hipersensibilidade ou alergia a qualquer um dos constituintes. Conservar em local seco e fresco, ao abrigo da luz.<\/p>\n","protected":false},"featured_media":95855,"comment_status":"closed","ping_status":"closed","template":"","meta":[],"product_cat":[88],"product_tag":[],"class_list":["post-95854","product","type-product","status-publish","has-post-thumbnail","hentry","product_cat-suplementos"],"bundle_layout":"","bundled_by":[],"bundled_items":[],"yoast_head":"<!-- This site is optimized with the Yoast SEO plugin v26.3 - https:\/\/yoast.com\/wordpress\/plugins\/seo\/ -->\n<title>L-LYSINE 500 MG \u2013 100 VEG C\u00c1PSULAS \u2013 NOW<\/title>\n<meta name=\"description\" content=\"L-LYSINE 500 MG \u2013 100 VEG C\u00c1PSULAS \u2013 NOW\" \/>\n<meta name=\"robots\" content=\"index, follow, max-snippet:-1, max-image-preview:large, max-video-preview:-1\" \/>\n<link rel=\"canonical\" href=\"https:\/\/biocabaz.pt\/web\/produto\/l-lysine-500-mg-100-veg-capsulas-now-2\/\" \/>\n<meta property=\"og:locale\" content=\"pt_PT\" \/>\n<meta property=\"og:locale:alternate\" content=\"en_US\" \/>\n<meta property=\"og:type\" content=\"article\" \/>\n<meta property=\"og:title\" content=\"L-LYSINE 500 MG \u2013 100 VEG C\u00c1PSULAS \u2013 NOW\" \/>\n<meta property=\"og:description\" content=\"L-LYSINE 500 MG \u2013 100 VEG C\u00c1PSULAS \u2013 NOW\" \/>\n<meta property=\"og:url\" content=\"https:\/\/biocabaz.pt\/web\/produto\/l-lysine-500-mg-100-veg-capsulas-now-2\/\" \/>\n<meta property=\"og:site_name\" content=\"BIOCABAZ - CABAZES BIOL\u00d3GICOS\" \/>\n<meta property=\"article:modified_time\" content=\"2023-01-16T23:20:58+00:00\" \/>\n<meta property=\"og:image\" content=\"https:\/\/www.biocabaz.pt\/web\/wp-conteudos\/uploads\/2023\/01\/l-lysine-500-mg-100-veg-capsulas-now.png\" \/>\n\t<meta property=\"og:image:width\" content=\"450\" \/>\n\t<meta property=\"og:image:height\" content=\"600\" \/>\n\t<meta property=\"og:image:type\" content=\"image\/png\" \/>\n<meta name=\"twitter:card\" content=\"summary_large_image\" \/>\n<script type=\"application\/ld+json\" class=\"yoast-schema-graph\">{\"@context\":\"https:\/\/schema.org\",\"@graph\":[{\"@type\":\"WebPage\",\"@id\":\"https:\/\/biocabaz.pt\/web\/produto\/l-lysine-500-mg-100-veg-capsulas-now-2\/\",\"url\":\"https:\/\/biocabaz.pt\/web\/produto\/l-lysine-500-mg-100-veg-capsulas-now-2\/\",\"name\":\"L-LYSINE 500 MG \u2013 100 VEG C\u00c1PSULAS \u2013 NOW\",\"isPartOf\":{\"@id\":\"https:\/\/biocabaz.pt\/web\/#website\"},\"primaryImageOfPage\":{\"@id\":\"https:\/\/biocabaz.pt\/web\/produto\/l-lysine-500-mg-100-veg-capsulas-now-2\/#primaryimage\"},\"image\":{\"@id\":\"https:\/\/biocabaz.pt\/web\/produto\/l-lysine-500-mg-100-veg-capsulas-now-2\/#primaryimage\"},\"thumbnailUrl\":\"https:\/\/www.biocabaz.pt\/web\/wp-conteudos\/uploads\/2023\/01\/l-lysine-500-mg-100-veg-capsulas-now.png\",\"datePublished\":\"2023-01-16T14:07:29+00:00\",\"dateModified\":\"2023-01-16T23:20:58+00:00\",\"description\":\"L-LYSINE 500 MG \u2013 100 VEG C\u00c1PSULAS \u2013 NOW\",\"breadcrumb\":{\"@id\":\"https:\/\/biocabaz.pt\/web\/produto\/l-lysine-500-mg-100-veg-capsulas-now-2\/#breadcrumb\"},\"inLanguage\":\"pt-PT\",\"potentialAction\":[{\"@type\":\"ReadAction\",\"target\":[\"https:\/\/biocabaz.pt\/web\/produto\/l-lysine-500-mg-100-veg-capsulas-now-2\/\"]}]},{\"@type\":\"ImageObject\",\"inLanguage\":\"pt-PT\",\"@id\":\"https:\/\/biocabaz.pt\/web\/produto\/l-lysine-500-mg-100-veg-capsulas-now-2\/#primaryimage\",\"url\":\"https:\/\/www.biocabaz.pt\/web\/wp-conteudos\/uploads\/2023\/01\/l-lysine-500-mg-100-veg-capsulas-now.png\",\"contentUrl\":\"https:\/\/www.biocabaz.pt\/web\/wp-conteudos\/uploads\/2023\/01\/l-lysine-500-mg-100-veg-capsulas-now.png\",\"width\":450,\"height\":600,\"caption\":\"L-LYSINE 500 MG \u2013 100 VEG C\u00c1PSULAS \u2013 NOW\"},{\"@type\":\"BreadcrumbList\",\"@id\":\"https:\/\/biocabaz.pt\/web\/produto\/l-lysine-500-mg-100-veg-capsulas-now-2\/#breadcrumb\",\"itemListElement\":[{\"@type\":\"ListItem\",\"position\":1,\"name\":\"Home\",\"item\":\"https:\/\/biocabaz.pt\/web\/\"},{\"@type\":\"ListItem\",\"position\":2,\"name\":\"Loja\",\"item\":\"https:\/\/biocabaz.pt\/web\/shop\/\"},{\"@type\":\"ListItem\",\"position\":3,\"name\":\"L-LYSINE 500 MG \u2013 100 VEG C\u00c1PSULAS \u2013 NOW\"}]},{\"@type\":\"WebSite\",\"@id\":\"https:\/\/biocabaz.pt\/web\/#website\",\"url\":\"https:\/\/biocabaz.pt\/web\/\",\"name\":\"BIOCABAZ - CABAZES BIOL\u00d3GICOS\",\"description\":\"O melhor que a terra d\u00e1 \u00e9 para si\",\"potentialAction\":[{\"@type\":\"SearchAction\",\"target\":{\"@type\":\"EntryPoint\",\"urlTemplate\":\"https:\/\/biocabaz.pt\/web\/?s={search_term_string}\"},\"query-input\":{\"@type\":\"PropertyValueSpecification\",\"valueRequired\":true,\"valueName\":\"search_term_string\"}}],\"inLanguage\":\"pt-PT\"}]}<\/script>\n<!-- \/ Yoast SEO plugin. -->","yoast_head_json":{"title":"L-LYSINE 500 MG \u2013 100 VEG C\u00c1PSULAS \u2013 NOW","description":"L-LYSINE 500 MG \u2013 100 VEG C\u00c1PSULAS \u2013 NOW","robots":{"index":"index","follow":"follow","max-snippet":"max-snippet:-1","max-image-preview":"max-image-preview:large","max-video-preview":"max-video-preview:-1"},"canonical":"https:\/\/biocabaz.pt\/web\/produto\/l-lysine-500-mg-100-veg-capsulas-now-2\/","og_locale":"pt_PT","og_type":"article","og_title":"[:pt]L-LYSINE 500 MG \u2013 100 VEG C\u00c1PSULAS \u2013 NOW[:] - BIOCABAZ - CABAZES BIOL\u00d3GICOS","og_description":"L-LYSINE 500 MG \u2013 100 VEG C\u00c1PSULAS \u2013 NOW","og_url":"https:\/\/biocabaz.pt\/web\/produto\/l-lysine-500-mg-100-veg-capsulas-now-2\/","og_site_name":"BIOCABAZ - CABAZES BIOL\u00d3GICOS","article_modified_time":"2023-01-16T23:20:58+00:00","og_image":[{"width":450,"height":600,"url":"https:\/\/www.biocabaz.pt\/web\/wp-conteudos\/uploads\/2023\/01\/l-lysine-500-mg-100-veg-capsulas-now.png","type":"image\/png"}],"twitter_card":"summary_large_image","schema":{"@context":"https:\/\/schema.org","@graph":[{"@type":"WebPage","@id":"https:\/\/biocabaz.pt\/web\/produto\/l-lysine-500-mg-100-veg-capsulas-now-2\/","url":"https:\/\/biocabaz.pt\/web\/produto\/l-lysine-500-mg-100-veg-capsulas-now-2\/","name":"L-LYSINE 500 MG \u2013 100 VEG C\u00c1PSULAS \u2013 NOW","isPartOf":{"@id":"https:\/\/biocabaz.pt\/web\/#website"},"primaryImageOfPage":{"@id":"https:\/\/biocabaz.pt\/web\/produto\/l-lysine-500-mg-100-veg-capsulas-now-2\/#primaryimage"},"image":{"@id":"https:\/\/biocabaz.pt\/web\/produto\/l-lysine-500-mg-100-veg-capsulas-now-2\/#primaryimage"},"thumbnailUrl":"https:\/\/www.biocabaz.pt\/web\/wp-conteudos\/uploads\/2023\/01\/l-lysine-500-mg-100-veg-capsulas-now.png","datePublished":"2023-01-16T14:07:29+00:00","dateModified":"2023-01-16T23:20:58+00:00","description":"L-LYSINE 500 MG \u2013 100 VEG C\u00c1PSULAS \u2013 NOW","breadcrumb":{"@id":"https:\/\/biocabaz.pt\/web\/produto\/l-lysine-500-mg-100-veg-capsulas-now-2\/#breadcrumb"},"inLanguage":"pt-PT","potentialAction":[{"@type":"ReadAction","target":["https:\/\/biocabaz.pt\/web\/produto\/l-lysine-500-mg-100-veg-capsulas-now-2\/"]}]},{"@type":"ImageObject","inLanguage":"pt-PT","@id":"https:\/\/biocabaz.pt\/web\/produto\/l-lysine-500-mg-100-veg-capsulas-now-2\/#primaryimage","url":"https:\/\/www.biocabaz.pt\/web\/wp-conteudos\/uploads\/2023\/01\/l-lysine-500-mg-100-veg-capsulas-now.png","contentUrl":"https:\/\/www.biocabaz.pt\/web\/wp-conteudos\/uploads\/2023\/01\/l-lysine-500-mg-100-veg-capsulas-now.png","width":450,"height":600,"caption":"L-LYSINE 500 MG \u2013 100 VEG C\u00c1PSULAS \u2013 NOW"},{"@type":"BreadcrumbList","@id":"https:\/\/biocabaz.pt\/web\/produto\/l-lysine-500-mg-100-veg-capsulas-now-2\/#breadcrumb","itemListElement":[{"@type":"ListItem","position":1,"name":"Home","item":"https:\/\/biocabaz.pt\/web\/"},{"@type":"ListItem","position":2,"name":"Loja","item":"https:\/\/biocabaz.pt\/web\/shop\/"},{"@type":"ListItem","position":3,"name":"L-LYSINE 500 MG \u2013 100 VEG C\u00c1PSULAS \u2013 NOW"}]},{"@type":"WebSite","@id":"https:\/\/biocabaz.pt\/web\/#website","url":"https:\/\/biocabaz.pt\/web\/","name":"BIOCABAZ - CABAZES BIOL\u00d3GICOS","description":"O melhor que a terra d\u00e1 \u00e9 para si","potentialAction":[{"@type":"SearchAction","target":{"@type":"EntryPoint","urlTemplate":"https:\/\/biocabaz.pt\/web\/?s={search_term_string}"},"query-input":{"@type":"PropertyValueSpecification","valueRequired":true,"valueName":"search_term_string"}}],"inLanguage":"pt-PT"}]}},"_links":{"self":[{"href":"https:\/\/biocabaz.pt\/web\/wp-json\/wp\/v2\/product\/95854","targetHints":{"allow":["GET"]}}],"collection":[{"href":"https:\/\/biocabaz.pt\/web\/wp-json\/wp\/v2\/product"}],"about":[{"href":"https:\/\/biocabaz.pt\/web\/wp-json\/wp\/v2\/types\/product"}],"replies":[{"embeddable":true,"href":"https:\/\/biocabaz.pt\/web\/wp-json\/wp\/v2\/comments?post=95854"}],"wp:featuredmedia":[{"embeddable":true,"href":"https:\/\/biocabaz.pt\/web\/wp-json\/wp\/v2\/media\/95855"}],"wp:attachment":[{"href":"https:\/\/biocabaz.pt\/web\/wp-json\/wp\/v2\/media?parent=95854"}],"wp:term":[{"taxonomy":"product_cat","embeddable":true,"href":"https:\/\/biocabaz.pt\/web\/wp-json\/wp\/v2\/product_cat?post=95854"},{"taxonomy":"product_tag","embeddable":true,"href":"https:\/\/biocabaz.pt\/web\/wp-json\/wp\/v2\/product_tag?post=95854"}],"curies":[{"name":"wp","href":"https:\/\/api.w.org\/{rel}","templated":true}]}}