{"id":9565,"date":"2018-11-05T11:33:56","date_gmt":"2018-11-05T11:33:56","guid":{"rendered":"https:\/\/www.biocabaz.pt\/web\/?post_type=product&#038;p=9565"},"modified":"2023-04-15T13:27:09","modified_gmt":"2023-04-15T13:27:09","slug":"bolacha-manteiga-c-chocolate-negro-bio","status":"publish","type":"product","link":"https:\/\/biocabaz.pt\/web\/produto\/bolacha-manteiga-c-chocolate-negro-bio\/","title":{"rendered":"BOLACHA MANTEIGA C\/ CHOCOLATE NEGRO BIO"},"content":{"rendered":"<p><strong>Descri\u00e7\u00e3o <\/strong><br \/>\n\t\t\t\tIngredientes: Chocolate preto* 48% (pasta de cacau*, a\u00e7\u00facar de cana*, manteiga de cacau*), farinha de TRIGO*, a\u00e7\u00facar de cana*, MANTEIGA* 9%, levedantes: hidrogenocarbonato de am\u00f3nio e hidrogenocarbonato de s\u00f3dio, amido de TRIGO*, LEITE magro em p\u00f3*, sal, acidificante: \u00e1cido c\u00edtrico. * de agricultura biol\u00f3gica. Alerg\u00e9nios: Pode conter vest\u00edgios de ovo, soja, amendoins e frutos de casca rija.<\/p>\n<p><strong>Dados Nutricionais<\/strong><br \/>\n\t\t\t\tDeclara\u00e7\u00e3o Nutricional por 100g:<br \/> Energia: 2112kJ\/505kcal;<br \/> L\u00edpidos: 27g &#8211; dos quais saturados: 17g;<br \/> Hidratos de carbono: 56g &#8211; dos quais a\u00e7\u00facares: 29g;<br \/> Prote\u00ednas: 7g;<br \/> Sal: 0,4g.<\/p>\n<p><strong>Modo Utiliza\u00e7\u00e3o<\/strong><br \/>Conservar em local seco e fresco.<\/p>\n","protected":false},"excerpt":{"rendered":"<p>Descri\u00e7\u00e3o Ingredientes: Chocolate preto* 48% (pasta de cacau*, a\u00e7\u00facar de cana*, manteiga de cacau*), farinha de TRIGO*, a\u00e7\u00facar de cana*, MANTEIGA* 9%, levedantes: hidrogenocarbonato de am\u00f3nio e hidrogenocarbonato de s\u00f3dio, amido de TRIGO*, LEITE magro em p\u00f3*, sal, acidificante: \u00e1cido c\u00edtrico. * de agricultura biol\u00f3gica. Alerg\u00e9nios: Pode conter vest\u00edgios de ovo, soja, amendoins e frutos [&hellip;]<\/p>\n","protected":false},"featured_media":9566,"comment_status":"closed","ping_status":"closed","template":"","meta":[],"product_cat":[29],"product_tag":[],"class_list":["post-9565","product","type-product","status-publish","has-post-thumbnail","hentry","product_cat-bolachas_e_snacks"],"bundle_layout":"","bundled_by":[],"bundled_items":[],"yoast_head":"<!-- This site is optimized with the Yoast SEO plugin v26.3 - https:\/\/yoast.com\/wordpress\/plugins\/seo\/ -->\n<title>BOLACHA MANTEIGA C\/ CHOCOLATE NEGRO BIO<\/title>\n<meta name=\"description\" content=\"BOLACHA MANTEIGA C\/ CHOCOLATE NEGRO BIO\" \/>\n<meta name=\"robots\" content=\"index, follow, max-snippet:-1, max-image-preview:large, max-video-preview:-1\" \/>\n<link rel=\"canonical\" href=\"https:\/\/www.biocabaz.pt\/web\/produto\/bolacha-manteiga-c-chocolate-negro-bio\/\" \/>\n<meta property=\"og:locale\" content=\"pt_PT\" \/>\n<meta property=\"og:locale:alternate\" content=\"en_US\" \/>\n<meta property=\"og:type\" content=\"article\" \/>\n<meta property=\"og:title\" content=\"BOLACHA MANTEIGA C\/ CHOCOLATE NEGRO BIO\" \/>\n<meta property=\"og:description\" content=\"BOLACHA MANTEIGA C\/ CHOCOLATE NEGRO BIO\" \/>\n<meta property=\"og:url\" content=\"https:\/\/biocabaz.pt\/web\/produto\/bolacha-manteiga-c-chocolate-negro-bio\/\" \/>\n<meta property=\"og:site_name\" content=\"BIOCABAZ - CABAZES BIOL\u00d3GICOS\" \/>\n<meta property=\"article:modified_time\" content=\"2023-04-15T13:27:09+00:00\" \/>\n<meta property=\"og:image\" content=\"https:\/\/www.biocabaz.pt\/web\/wp-conteudos\/uploads\/2018\/11\/BOLACHA-MANTEIGA-COM-CHOCOLATE-NEGRO-BIO.jpg\" \/>\n\t<meta property=\"og:image:width\" content=\"600\" \/>\n\t<meta property=\"og:image:height\" content=\"600\" \/>\n\t<meta property=\"og:image:type\" content=\"image\/jpeg\" \/>\n<meta name=\"twitter:card\" content=\"summary_large_image\" \/>\n<meta name=\"twitter:label1\" content=\"Est. reading time\" \/>\n\t<meta name=\"twitter:data1\" content=\"1 minuto\" \/>\n<script type=\"application\/ld+json\" class=\"yoast-schema-graph\">{\"@context\":\"https:\/\/schema.org\",\"@graph\":[{\"@type\":\"WebPage\",\"@id\":\"https:\/\/www.biocabaz.pt\/web\/produto\/bolacha-manteiga-c-chocolate-negro-bio\/\",\"url\":\"https:\/\/www.biocabaz.pt\/web\/produto\/bolacha-manteiga-c-chocolate-negro-bio\/\",\"name\":\"BOLACHA MANTEIGA C\/ CHOCOLATE NEGRO BIO\",\"isPartOf\":{\"@id\":\"https:\/\/biocabaz.pt\/web\/#website\"},\"primaryImageOfPage\":{\"@id\":\"https:\/\/www.biocabaz.pt\/web\/produto\/bolacha-manteiga-c-chocolate-negro-bio\/#primaryimage\"},\"image\":{\"@id\":\"https:\/\/www.biocabaz.pt\/web\/produto\/bolacha-manteiga-c-chocolate-negro-bio\/#primaryimage\"},\"thumbnailUrl\":\"https:\/\/www.biocabaz.pt\/web\/wp-conteudos\/uploads\/2018\/11\/BOLACHA-MANTEIGA-COM-CHOCOLATE-NEGRO-BIO.jpg\",\"datePublished\":\"2018-11-05T11:33:56+00:00\",\"dateModified\":\"2023-04-15T13:27:09+00:00\",\"description\":\"BOLACHA MANTEIGA C\/ CHOCOLATE NEGRO BIO\",\"breadcrumb\":{\"@id\":\"https:\/\/www.biocabaz.pt\/web\/produto\/bolacha-manteiga-c-chocolate-negro-bio\/#breadcrumb\"},\"inLanguage\":\"pt-PT\",\"potentialAction\":[{\"@type\":\"ReadAction\",\"target\":[\"https:\/\/www.biocabaz.pt\/web\/produto\/bolacha-manteiga-c-chocolate-negro-bio\/\"]}]},{\"@type\":\"ImageObject\",\"inLanguage\":\"pt-PT\",\"@id\":\"https:\/\/www.biocabaz.pt\/web\/produto\/bolacha-manteiga-c-chocolate-negro-bio\/#primaryimage\",\"url\":\"https:\/\/www.biocabaz.pt\/web\/wp-conteudos\/uploads\/2018\/11\/BOLACHA-MANTEIGA-COM-CHOCOLATE-NEGRO-BIO.jpg\",\"contentUrl\":\"https:\/\/www.biocabaz.pt\/web\/wp-conteudos\/uploads\/2018\/11\/BOLACHA-MANTEIGA-COM-CHOCOLATE-NEGRO-BIO.jpg\",\"width\":600,\"height\":600,\"caption\":\"BOLACHA MANTEIGA C\/ CHOCOLATE NEGRO BIO\"},{\"@type\":\"BreadcrumbList\",\"@id\":\"https:\/\/www.biocabaz.pt\/web\/produto\/bolacha-manteiga-c-chocolate-negro-bio\/#breadcrumb\",\"itemListElement\":[{\"@type\":\"ListItem\",\"position\":1,\"name\":\"Home\",\"item\":\"https:\/\/biocabaz.pt\/web\/\"},{\"@type\":\"ListItem\",\"position\":2,\"name\":\"Shop\",\"item\":\"https:\/\/www.biocabaz.pt\/web\/en\/shop\/\"},{\"@type\":\"ListItem\",\"position\":3,\"name\":\"BOLACHA MANTEIGA C\/ CHOCOLATE NEGRO BIO\"}]},{\"@type\":\"WebSite\",\"@id\":\"https:\/\/biocabaz.pt\/web\/#website\",\"url\":\"https:\/\/biocabaz.pt\/web\/\",\"name\":\"BIOCABAZ - CABAZES BIOL\u00d3GICOS\",\"description\":\"O melhor que a terra d\u00e1 \u00e9 para si\",\"potentialAction\":[{\"@type\":\"SearchAction\",\"target\":{\"@type\":\"EntryPoint\",\"urlTemplate\":\"https:\/\/biocabaz.pt\/web\/?s={search_term_string}\"},\"query-input\":{\"@type\":\"PropertyValueSpecification\",\"valueRequired\":true,\"valueName\":\"search_term_string\"}}],\"inLanguage\":\"pt-PT\"}]}<\/script>\n<!-- \/ Yoast SEO plugin. -->","yoast_head_json":{"title":"BOLACHA MANTEIGA C\/ CHOCOLATE NEGRO BIO","description":"BOLACHA MANTEIGA C\/ CHOCOLATE NEGRO BIO","robots":{"index":"index","follow":"follow","max-snippet":"max-snippet:-1","max-image-preview":"max-image-preview:large","max-video-preview":"max-video-preview:-1"},"canonical":"https:\/\/www.biocabaz.pt\/web\/produto\/bolacha-manteiga-c-chocolate-negro-bio\/","og_locale":"pt_PT","og_type":"article","og_title":"[:en]ORGANIC BUTTER BISCUIT TOPPED WITH DARK CHOCOLATE[:pt]BOLACHA MANTEIGA C\/ CHOCOLATE NEGRO BIO[:] - BIOCABAZ - CABAZES BIOL\u00d3GICOS","og_description":"BOLACHA MANTEIGA C\/ CHOCOLATE NEGRO BIO","og_url":"https:\/\/biocabaz.pt\/web\/produto\/bolacha-manteiga-c-chocolate-negro-bio\/","og_site_name":"BIOCABAZ - CABAZES BIOL\u00d3GICOS","article_modified_time":"2023-04-15T13:27:09+00:00","og_image":[{"width":600,"height":600,"url":"https:\/\/www.biocabaz.pt\/web\/wp-conteudos\/uploads\/2018\/11\/BOLACHA-MANTEIGA-COM-CHOCOLATE-NEGRO-BIO.jpg","type":"image\/jpeg"}],"twitter_card":"summary_large_image","twitter_misc":{"Est. reading time":"1 minuto"},"schema":{"@context":"https:\/\/schema.org","@graph":[{"@type":"WebPage","@id":"https:\/\/www.biocabaz.pt\/web\/produto\/bolacha-manteiga-c-chocolate-negro-bio\/","url":"https:\/\/www.biocabaz.pt\/web\/produto\/bolacha-manteiga-c-chocolate-negro-bio\/","name":"BOLACHA MANTEIGA C\/ CHOCOLATE NEGRO BIO","isPartOf":{"@id":"https:\/\/biocabaz.pt\/web\/#website"},"primaryImageOfPage":{"@id":"https:\/\/www.biocabaz.pt\/web\/produto\/bolacha-manteiga-c-chocolate-negro-bio\/#primaryimage"},"image":{"@id":"https:\/\/www.biocabaz.pt\/web\/produto\/bolacha-manteiga-c-chocolate-negro-bio\/#primaryimage"},"thumbnailUrl":"https:\/\/www.biocabaz.pt\/web\/wp-conteudos\/uploads\/2018\/11\/BOLACHA-MANTEIGA-COM-CHOCOLATE-NEGRO-BIO.jpg","datePublished":"2018-11-05T11:33:56+00:00","dateModified":"2023-04-15T13:27:09+00:00","description":"BOLACHA MANTEIGA C\/ CHOCOLATE NEGRO BIO","breadcrumb":{"@id":"https:\/\/www.biocabaz.pt\/web\/produto\/bolacha-manteiga-c-chocolate-negro-bio\/#breadcrumb"},"inLanguage":"pt-PT","potentialAction":[{"@type":"ReadAction","target":["https:\/\/www.biocabaz.pt\/web\/produto\/bolacha-manteiga-c-chocolate-negro-bio\/"]}]},{"@type":"ImageObject","inLanguage":"pt-PT","@id":"https:\/\/www.biocabaz.pt\/web\/produto\/bolacha-manteiga-c-chocolate-negro-bio\/#primaryimage","url":"https:\/\/www.biocabaz.pt\/web\/wp-conteudos\/uploads\/2018\/11\/BOLACHA-MANTEIGA-COM-CHOCOLATE-NEGRO-BIO.jpg","contentUrl":"https:\/\/www.biocabaz.pt\/web\/wp-conteudos\/uploads\/2018\/11\/BOLACHA-MANTEIGA-COM-CHOCOLATE-NEGRO-BIO.jpg","width":600,"height":600,"caption":"BOLACHA MANTEIGA C\/ CHOCOLATE NEGRO BIO"},{"@type":"BreadcrumbList","@id":"https:\/\/www.biocabaz.pt\/web\/produto\/bolacha-manteiga-c-chocolate-negro-bio\/#breadcrumb","itemListElement":[{"@type":"ListItem","position":1,"name":"Home","item":"https:\/\/biocabaz.pt\/web\/"},{"@type":"ListItem","position":2,"name":"Shop","item":"https:\/\/www.biocabaz.pt\/web\/en\/shop\/"},{"@type":"ListItem","position":3,"name":"BOLACHA MANTEIGA C\/ CHOCOLATE NEGRO BIO"}]},{"@type":"WebSite","@id":"https:\/\/biocabaz.pt\/web\/#website","url":"https:\/\/biocabaz.pt\/web\/","name":"BIOCABAZ - CABAZES BIOL\u00d3GICOS","description":"O melhor que a terra d\u00e1 \u00e9 para si","potentialAction":[{"@type":"SearchAction","target":{"@type":"EntryPoint","urlTemplate":"https:\/\/biocabaz.pt\/web\/?s={search_term_string}"},"query-input":{"@type":"PropertyValueSpecification","valueRequired":true,"valueName":"search_term_string"}}],"inLanguage":"pt-PT"}]}},"_links":{"self":[{"href":"https:\/\/biocabaz.pt\/web\/wp-json\/wp\/v2\/product\/9565","targetHints":{"allow":["GET"]}}],"collection":[{"href":"https:\/\/biocabaz.pt\/web\/wp-json\/wp\/v2\/product"}],"about":[{"href":"https:\/\/biocabaz.pt\/web\/wp-json\/wp\/v2\/types\/product"}],"replies":[{"embeddable":true,"href":"https:\/\/biocabaz.pt\/web\/wp-json\/wp\/v2\/comments?post=9565"}],"wp:featuredmedia":[{"embeddable":true,"href":"https:\/\/biocabaz.pt\/web\/wp-json\/wp\/v2\/media\/9566"}],"wp:attachment":[{"href":"https:\/\/biocabaz.pt\/web\/wp-json\/wp\/v2\/media?parent=9565"}],"wp:term":[{"taxonomy":"product_cat","embeddable":true,"href":"https:\/\/biocabaz.pt\/web\/wp-json\/wp\/v2\/product_cat?post=9565"},{"taxonomy":"product_tag","embeddable":true,"href":"https:\/\/biocabaz.pt\/web\/wp-json\/wp\/v2\/product_tag?post=9565"}],"curies":[{"name":"wp","href":"https:\/\/api.w.org\/{rel}","templated":true}]}}