{"id":955,"date":"2016-04-14T21:42:58","date_gmt":"2016-04-14T21:42:58","guid":{"rendered":"http:\/\/www.biocabaz.com\/web\/produto\/agua-coco-verde-500ml-isola\/"},"modified":"2024-08-06T10:30:16","modified_gmt":"2024-08-06T10:30:16","slug":"agua-coco-verde-500ml-isola","status":"publish","type":"product","link":"https:\/\/biocabaz.pt\/web\/produto\/agua-coco-verde-500ml-isola\/","title":{"rendered":"\u00c1GUA COCO VERDE BIO 500ML ISOLA"},"content":{"rendered":"<p><strong>Descri\u00e7\u00e3o <\/strong><br \/>\n\t\t\t\tIngredientes: \u00c1gua de C\u00f4co biol\u00f3gica, antioxidante: \u00e1cido asc\u00f3rbico.<\/p>\n<p><strong>Dados Nutricionais<\/strong><br \/>\n\t\t\t\tDeclara\u00e7\u00e3o Nutricional por 100g:<br \/> Energia: 20kcal \/ 85kj;<br \/> Prote\u00ednas: 0g;<br \/> Hidratos de Carbono: 5g &#8211; dos quais a\u00e7\u00facares: 3,8g;<br \/> L\u00edpidos: 0g &#8211; dos quais \u00e1cidos gordos saturados: 0g;<br \/> Fibra: 0g;<br \/> Sal: 0,023g;<br \/> Pot\u00e1ssio: 220mg (11% DDR).<\/p>\n<p><strong>Modo Utiliza\u00e7\u00e3o<\/strong><br \/>Depois de aberto, conservar no frigor\u00edfico e consumir dentro de 2-3 dias.<\/p>\n","protected":false},"excerpt":{"rendered":"<p>Isola Bio tem a satisfa\u00e7\u00e3o de apresentar Original Coco: a nossa \u00e1gua de coco org\u00e2nica, extra\u00edda do coco verde. A nossa \u00e1gua de coco \u00e9 a original \u00c1gua de Coco Brasileira: pura e produzida no pa\u00eds de origem desta bebida refrescante. Ela chega at\u00e9 n\u00f3s, acompanhada das propriedades que a tornaram famosa: refrescante, isot\u00f4nica e hidratante, sendo, sobretudo, uma natural e rica fonte de pot\u00e1ssio. A \u00c1gua de Coco ser\u00e1 a sua aliada durante as longas e quentes tardes de ver\u00e3o, nos momentos de lazer ou descanso, ela matar\u00e1 a sua sede por maior que seja! Isola Bio Original Coco \u00e9 a \u00e1gua de coco org\u00e2nica ORIGINAL, como voc\u00ea. Sirva-a gelada para ampliar ao m\u00e1ximo o poder cristalino e refrescante desta bebida que, no seu pa\u00eds de origem, o Brasil, \u00e9 sin\u00f3nimo de ver\u00e3o.<\/p>\n<p>&nbsp;<\/p>\n<p>Fonte de Pot\u00e1ssio \u00a0* \u00a0Biol\u00f3gica \u00a0* \u00a0Vegetal \u00a0* \u00a0Origem brasileira<\/p>\n","protected":false},"featured_media":1097,"comment_status":"closed","ping_status":"closed","template":"","meta":[],"product_cat":[34],"product_tag":[],"class_list":["post-955","product","type-product","status-publish","has-post-thumbnail","hentry","product_cat-leites-bebidas-vegetais"],"bundle_layout":"","bundled_by":[],"bundled_items":[],"yoast_head":"<!-- This site is optimized with the Yoast SEO plugin v26.3 - https:\/\/yoast.com\/wordpress\/plugins\/seo\/ -->\n<title>\u00c1GUA COCO VERDE BIO 500ML ISOLA<\/title>\n<meta name=\"robots\" content=\"index, follow, max-snippet:-1, max-image-preview:large, max-video-preview:-1\" \/>\n<link rel=\"canonical\" href=\"https:\/\/www.biocabaz.pt\/web\/produto\/agua-coco-verde-500ml-isola\/\" \/>\n<meta property=\"og:locale\" content=\"pt_PT\" \/>\n<meta property=\"og:locale:alternate\" content=\"en_US\" \/>\n<meta property=\"og:type\" content=\"article\" \/>\n<meta property=\"og:title\" content=\"\u00c1GUA COCO VERDE BIO 500ML ISOLA\" \/>\n<meta property=\"og:description\" content=\"Isola Bio tem a satisfa\u00e7\u00e3o de apresentar Original Coco: a nossa \u00e1gua de coco org\u00e2nica, extra\u00edda do coco verde. A nossa \u00e1gua de coco \u00e9 a original \u00c1gua de Coco Brasileira: pura e produzida no pa\u00eds de origem desta bebida refrescante. Ela chega at\u00e9 n\u00f3s, acompanhada das propriedades que a tornaram famosa: refrescante, isot\u00f4nica e hidratante, sendo, sobretudo, uma natural e rica fonte de pot\u00e1ssio. A \u00c1gua de Coco ser\u00e1 a sua aliada durante as longas e quentes tardes de ver\u00e3o, nos momentos de lazer ou descanso, ela matar\u00e1 a sua sede por maior que seja! Isola Bio Original Coco \u00e9 a \u00e1gua de coco org\u00e2nica ORIGINAL, como voc\u00ea. Sirva-a gelada para ampliar ao m\u00e1ximo o poder cristalino e refrescante desta bebida que, no seu pa\u00eds de origem, o Brasil, \u00e9 sin\u00f3nimo de ver\u00e3o.  &nbsp;  Fonte de Pot\u00e1ssio \u00a0* \u00a0Biol\u00f3gica \u00a0* \u00a0Vegetal \u00a0* \u00a0Origem brasileira\" \/>\n<meta property=\"og:url\" content=\"https:\/\/biocabaz.pt\/web\/produto\/agua-coco-verde-500ml-isola\/\" \/>\n<meta property=\"og:site_name\" content=\"BIOCABAZ - CABAZES BIOL\u00d3GICOS\" \/>\n<meta property=\"article:modified_time\" content=\"2024-08-06T10:30:16+00:00\" \/>\n<meta property=\"og:image\" content=\"https:\/\/www.biocabaz.pt\/web\/wp-conteudos\/uploads\/2016\/04\/ZX_Acqua_cocco_500.jpg\" \/>\n\t<meta property=\"og:image:width\" content=\"440\" \/>\n\t<meta property=\"og:image:height\" content=\"400\" \/>\n\t<meta property=\"og:image:type\" content=\"image\/jpeg\" \/>\n<meta name=\"twitter:card\" content=\"summary_large_image\" \/>\n<meta name=\"twitter:label1\" content=\"Est. reading time\" \/>\n\t<meta name=\"twitter:data1\" content=\"1 minuto\" \/>\n<script type=\"application\/ld+json\" class=\"yoast-schema-graph\">{\"@context\":\"https:\/\/schema.org\",\"@graph\":[{\"@type\":\"WebPage\",\"@id\":\"https:\/\/www.biocabaz.pt\/web\/produto\/agua-coco-verde-500ml-isola\/\",\"url\":\"https:\/\/www.biocabaz.pt\/web\/produto\/agua-coco-verde-500ml-isola\/\",\"name\":\"\u00c1GUA COCO VERDE BIO 500ML ISOLA\",\"isPartOf\":{\"@id\":\"https:\/\/biocabaz.pt\/web\/#website\"},\"primaryImageOfPage\":{\"@id\":\"https:\/\/www.biocabaz.pt\/web\/produto\/agua-coco-verde-500ml-isola\/#primaryimage\"},\"image\":{\"@id\":\"https:\/\/www.biocabaz.pt\/web\/produto\/agua-coco-verde-500ml-isola\/#primaryimage\"},\"thumbnailUrl\":\"https:\/\/www.biocabaz.pt\/web\/wp-conteudos\/uploads\/2016\/04\/ZX_Acqua_cocco_500.jpg\",\"datePublished\":\"2016-04-14T21:42:58+00:00\",\"dateModified\":\"2024-08-06T10:30:16+00:00\",\"breadcrumb\":{\"@id\":\"https:\/\/www.biocabaz.pt\/web\/produto\/agua-coco-verde-500ml-isola\/#breadcrumb\"},\"inLanguage\":\"pt-PT\",\"potentialAction\":[{\"@type\":\"ReadAction\",\"target\":[\"https:\/\/www.biocabaz.pt\/web\/produto\/agua-coco-verde-500ml-isola\/\"]}]},{\"@type\":\"ImageObject\",\"inLanguage\":\"pt-PT\",\"@id\":\"https:\/\/www.biocabaz.pt\/web\/produto\/agua-coco-verde-500ml-isola\/#primaryimage\",\"url\":\"https:\/\/www.biocabaz.pt\/web\/wp-conteudos\/uploads\/2016\/04\/ZX_Acqua_cocco_500.jpg\",\"contentUrl\":\"https:\/\/www.biocabaz.pt\/web\/wp-conteudos\/uploads\/2016\/04\/ZX_Acqua_cocco_500.jpg\",\"width\":440,\"height\":400},{\"@type\":\"BreadcrumbList\",\"@id\":\"https:\/\/www.biocabaz.pt\/web\/produto\/agua-coco-verde-500ml-isola\/#breadcrumb\",\"itemListElement\":[{\"@type\":\"ListItem\",\"position\":1,\"name\":\"Home\",\"item\":\"https:\/\/biocabaz.pt\/web\/\"},{\"@type\":\"ListItem\",\"position\":2,\"name\":\"Loja\",\"item\":\"https:\/\/biocabaz.pt\/web\/shop\/\"},{\"@type\":\"ListItem\",\"position\":3,\"name\":\"\u00c1GUA COCO VERDE BIO 500ML ISOLA\"}]},{\"@type\":\"WebSite\",\"@id\":\"https:\/\/biocabaz.pt\/web\/#website\",\"url\":\"https:\/\/biocabaz.pt\/web\/\",\"name\":\"BIOCABAZ - CABAZES BIOL\u00d3GICOS\",\"description\":\"O melhor que a terra d\u00e1 \u00e9 para si\",\"potentialAction\":[{\"@type\":\"SearchAction\",\"target\":{\"@type\":\"EntryPoint\",\"urlTemplate\":\"https:\/\/biocabaz.pt\/web\/?s={search_term_string}\"},\"query-input\":{\"@type\":\"PropertyValueSpecification\",\"valueRequired\":true,\"valueName\":\"search_term_string\"}}],\"inLanguage\":\"pt-PT\"}]}<\/script>\n<!-- \/ Yoast SEO plugin. -->","yoast_head_json":{"title":"\u00c1GUA COCO VERDE BIO 500ML ISOLA","robots":{"index":"index","follow":"follow","max-snippet":"max-snippet:-1","max-image-preview":"max-image-preview:large","max-video-preview":"max-video-preview:-1"},"canonical":"https:\/\/www.biocabaz.pt\/web\/produto\/agua-coco-verde-500ml-isola\/","og_locale":"pt_PT","og_type":"article","og_title":"[:en]ISOLA ORGANIC COCONUT WATER DRINK 500ML[:pt]\u00c1GUA COCO VERDE BIO 500ML ISOLA[:] - BIOCABAZ - CABAZES BIOL\u00d3GICOS","og_description":"Isola Bio tem a satisfa\u00e7\u00e3o de apresentar Original Coco: a nossa \u00e1gua de coco org\u00e2nica, extra\u00edda do coco verde. A nossa \u00e1gua de coco \u00e9 a original \u00c1gua de Coco Brasileira: pura e produzida no pa\u00eds de origem desta bebida refrescante. Ela chega at\u00e9 n\u00f3s, acompanhada das propriedades que a tornaram famosa: refrescante, isot\u00f4nica e hidratante, sendo, sobretudo, uma natural e rica fonte de pot\u00e1ssio. A \u00c1gua de Coco ser\u00e1 a sua aliada durante as longas e quentes tardes de ver\u00e3o, nos momentos de lazer ou descanso, ela matar\u00e1 a sua sede por maior que seja! Isola Bio Original Coco \u00e9 a \u00e1gua de coco org\u00e2nica ORIGINAL, como voc\u00ea. Sirva-a gelada para ampliar ao m\u00e1ximo o poder cristalino e refrescante desta bebida que, no seu pa\u00eds de origem, o Brasil, \u00e9 sin\u00f3nimo de ver\u00e3o.  &nbsp;  Fonte de Pot\u00e1ssio \u00a0* \u00a0Biol\u00f3gica \u00a0* \u00a0Vegetal \u00a0* \u00a0Origem brasileira","og_url":"https:\/\/biocabaz.pt\/web\/produto\/agua-coco-verde-500ml-isola\/","og_site_name":"BIOCABAZ - CABAZES BIOL\u00d3GICOS","article_modified_time":"2024-08-06T10:30:16+00:00","og_image":[{"width":440,"height":400,"url":"https:\/\/www.biocabaz.pt\/web\/wp-conteudos\/uploads\/2016\/04\/ZX_Acqua_cocco_500.jpg","type":"image\/jpeg"}],"twitter_card":"summary_large_image","twitter_misc":{"Est. reading time":"1 minuto"},"schema":{"@context":"https:\/\/schema.org","@graph":[{"@type":"WebPage","@id":"https:\/\/www.biocabaz.pt\/web\/produto\/agua-coco-verde-500ml-isola\/","url":"https:\/\/www.biocabaz.pt\/web\/produto\/agua-coco-verde-500ml-isola\/","name":"\u00c1GUA COCO VERDE BIO 500ML ISOLA","isPartOf":{"@id":"https:\/\/biocabaz.pt\/web\/#website"},"primaryImageOfPage":{"@id":"https:\/\/www.biocabaz.pt\/web\/produto\/agua-coco-verde-500ml-isola\/#primaryimage"},"image":{"@id":"https:\/\/www.biocabaz.pt\/web\/produto\/agua-coco-verde-500ml-isola\/#primaryimage"},"thumbnailUrl":"https:\/\/www.biocabaz.pt\/web\/wp-conteudos\/uploads\/2016\/04\/ZX_Acqua_cocco_500.jpg","datePublished":"2016-04-14T21:42:58+00:00","dateModified":"2024-08-06T10:30:16+00:00","breadcrumb":{"@id":"https:\/\/www.biocabaz.pt\/web\/produto\/agua-coco-verde-500ml-isola\/#breadcrumb"},"inLanguage":"pt-PT","potentialAction":[{"@type":"ReadAction","target":["https:\/\/www.biocabaz.pt\/web\/produto\/agua-coco-verde-500ml-isola\/"]}]},{"@type":"ImageObject","inLanguage":"pt-PT","@id":"https:\/\/www.biocabaz.pt\/web\/produto\/agua-coco-verde-500ml-isola\/#primaryimage","url":"https:\/\/www.biocabaz.pt\/web\/wp-conteudos\/uploads\/2016\/04\/ZX_Acqua_cocco_500.jpg","contentUrl":"https:\/\/www.biocabaz.pt\/web\/wp-conteudos\/uploads\/2016\/04\/ZX_Acqua_cocco_500.jpg","width":440,"height":400},{"@type":"BreadcrumbList","@id":"https:\/\/www.biocabaz.pt\/web\/produto\/agua-coco-verde-500ml-isola\/#breadcrumb","itemListElement":[{"@type":"ListItem","position":1,"name":"Home","item":"https:\/\/biocabaz.pt\/web\/"},{"@type":"ListItem","position":2,"name":"Loja","item":"https:\/\/biocabaz.pt\/web\/shop\/"},{"@type":"ListItem","position":3,"name":"\u00c1GUA COCO VERDE BIO 500ML ISOLA"}]},{"@type":"WebSite","@id":"https:\/\/biocabaz.pt\/web\/#website","url":"https:\/\/biocabaz.pt\/web\/","name":"BIOCABAZ - CABAZES BIOL\u00d3GICOS","description":"O melhor que a terra d\u00e1 \u00e9 para si","potentialAction":[{"@type":"SearchAction","target":{"@type":"EntryPoint","urlTemplate":"https:\/\/biocabaz.pt\/web\/?s={search_term_string}"},"query-input":{"@type":"PropertyValueSpecification","valueRequired":true,"valueName":"search_term_string"}}],"inLanguage":"pt-PT"}]}},"_links":{"self":[{"href":"https:\/\/biocabaz.pt\/web\/wp-json\/wp\/v2\/product\/955","targetHints":{"allow":["GET"]}}],"collection":[{"href":"https:\/\/biocabaz.pt\/web\/wp-json\/wp\/v2\/product"}],"about":[{"href":"https:\/\/biocabaz.pt\/web\/wp-json\/wp\/v2\/types\/product"}],"replies":[{"embeddable":true,"href":"https:\/\/biocabaz.pt\/web\/wp-json\/wp\/v2\/comments?post=955"}],"wp:featuredmedia":[{"embeddable":true,"href":"https:\/\/biocabaz.pt\/web\/wp-json\/wp\/v2\/media\/1097"}],"wp:attachment":[{"href":"https:\/\/biocabaz.pt\/web\/wp-json\/wp\/v2\/media?parent=955"}],"wp:term":[{"taxonomy":"product_cat","embeddable":true,"href":"https:\/\/biocabaz.pt\/web\/wp-json\/wp\/v2\/product_cat?post=955"},{"taxonomy":"product_tag","embeddable":true,"href":"https:\/\/biocabaz.pt\/web\/wp-json\/wp\/v2\/product_tag?post=955"}],"curies":[{"name":"wp","href":"https:\/\/api.w.org\/{rel}","templated":true}]}}