{"id":940,"date":"2016-04-14T21:42:38","date_gmt":"2016-04-14T21:42:38","guid":{"rendered":"http:\/\/www.biocabaz.com\/web\/produto\/aveia-germinada-cacau-goji-400g\/"},"modified":"2023-04-17T12:05:33","modified_gmt":"2023-04-17T12:05:33","slug":"ashwagandha-em-po-bio-provida-125g","status":"publish","type":"product","link":"https:\/\/biocabaz.pt\/web\/produto\/ashwagandha-em-po-bio-provida-125g\/","title":{"rendered":"Ashwagandha em P\u00f3 BIO Pr\u00f3vida 125g"},"content":{"rendered":"<h3>ESCRI\u00c7\u00c3O<\/h3>\n<p>Ashwagandha em P\u00f3 BIO &#8211; Ginseng indiano 125g Pr\u00f3vida. Sem gl\u00faten.Vegan. Rico em Fibra. Baixo teor de sal. Ingredientes: Raiz de Ashwagandha (Withania Somnifera) em p\u00f3 de produ\u00e7\u00e3o biol\u00f3gica. PT-BIO-04 Origem: n\u00e3o UE. Embalagem 100% compost\u00e1vel.<\/p>\n<h3>DADOS NUTRICIONAIS<\/h3>\n<p>Declara\u00e7\u00e3o Nutricional por 100g: Energia &#8211; 1166kJ\/278kcal; L\u00edpidos &#8211; 1,1g, dos quais saturados &#8211; 0,3g, Hidratos de Carbono &#8211; 48g, dos quais a\u00e7\u00facares &#8211; 17g; Fibra &#8211; 30g; Prote\u00ednas &#8211; 4,1g; Sal &#8211; <0,1g; C\u00e1lcio - 32mg (4%VRN*); Pot\u00e1ssio - 282mg (14,1%VRN*); F\u00f3sforo - 20mg (2,9%VRN*). *VRN - Valor de refer\u00eancia do nutriente.\n\n\n<h3>MODO DE UTILIZA\u00c7\u00c3O<\/h3>\n<p>Pronto a consumir. Adicionar 1 colher de sopa (5-10g) \u00e0 sua bebida favorita, nos cereais, iogurtes e batidos, molhos ou produtos de pastelaria. CONSERVAR EM LOCAL SECO E FRESCO.<\/p>\n","protected":false},"excerpt":{"rendered":"<p>ESCRI\u00c7\u00c3O Ashwagandha em P\u00f3 BIO &#8211; Ginseng indiano 125g Pr\u00f3vida. Sem gl\u00faten.Vegan. Rico em Fibra. Baixo teor de sal. Ingredientes: Raiz de Ashwagandha (Withania Somnifera) em p\u00f3 de produ\u00e7\u00e3o biol\u00f3gica. PT-BIO-04 Origem: n\u00e3o UE. Embalagem 100% compost\u00e1vel. DADOS NUTRICIONAIS Declara\u00e7\u00e3o Nutricional por 100g: Energia &#8211; 1166kJ\/278kcal; L\u00edpidos &#8211; 1,1g, dos quais saturados &#8211; 0,3g, Hidratos [&hellip;]<\/p>\n","protected":false},"featured_media":82261,"comment_status":"closed","ping_status":"closed","template":"","meta":[],"product_cat":[55],"product_tag":[],"class_list":["post-940","product","type-product","status-publish","has-post-thumbnail","hentry","product_cat-superalimentos"],"bundle_layout":"","bundled_by":[],"bundled_items":[],"yoast_head":"<!-- This site is optimized with the Yoast SEO plugin v26.3 - https:\/\/yoast.com\/wordpress\/plugins\/seo\/ -->\n<title>Ashwagandha em P\u00f3 BIO Pr\u00f3vida 125g<\/title>\n<meta name=\"robots\" content=\"index, follow, max-snippet:-1, max-image-preview:large, max-video-preview:-1\" \/>\n<link rel=\"canonical\" href=\"https:\/\/biocabaz.pt\/web\/produto\/ashwagandha-em-po-bio-provida-125g\/\" \/>\n<meta property=\"og:locale\" content=\"pt_PT\" \/>\n<meta property=\"og:locale:alternate\" content=\"en_US\" \/>\n<meta property=\"og:type\" content=\"article\" \/>\n<meta property=\"og:title\" content=\"Ashwagandha em P\u00f3 BIO Pr\u00f3vida 125g\" \/>\n<meta property=\"og:description\" content=\"ESCRI\u00c7\u00c3O Ashwagandha em P\u00f3 BIO &#8211; Ginseng indiano 125g Pr\u00f3vida. Sem gl\u00faten.Vegan. Rico em Fibra. Baixo teor de sal. Ingredientes: Raiz de Ashwagandha (Withania Somnifera) em p\u00f3 de produ\u00e7\u00e3o biol\u00f3gica. PT-BIO-04 Origem: n\u00e3o UE. Embalagem 100% compost\u00e1vel. DADOS NUTRICIONAIS Declara\u00e7\u00e3o Nutricional por 100g: Energia &#8211; 1166kJ\/278kcal; L\u00edpidos &#8211; 1,1g, dos quais saturados &#8211; 0,3g, Hidratos [&hellip;]\" \/>\n<meta property=\"og:url\" content=\"https:\/\/biocabaz.pt\/web\/produto\/ashwagandha-em-po-bio-provida-125g\/\" \/>\n<meta property=\"og:site_name\" content=\"BIOCABAZ - CABAZES BIOL\u00d3GICOS\" \/>\n<meta property=\"article:modified_time\" content=\"2023-04-17T12:05:33+00:00\" \/>\n<meta property=\"og:image\" content=\"https:\/\/www.biocabaz.pt\/web\/wp-conteudos\/uploads\/2016\/04\/ashwagandha-em-po-bio-provida-125g.jpg\" \/>\n\t<meta property=\"og:image:width\" content=\"326\" \/>\n\t<meta property=\"og:image:height\" content=\"300\" \/>\n\t<meta property=\"og:image:type\" content=\"image\/jpeg\" \/>\n<meta name=\"twitter:card\" content=\"summary_large_image\" \/>\n<meta name=\"twitter:label1\" content=\"Est. reading time\" \/>\n\t<meta name=\"twitter:data1\" content=\"1 minuto\" \/>\n<script type=\"application\/ld+json\" class=\"yoast-schema-graph\">{\"@context\":\"https:\/\/schema.org\",\"@graph\":[{\"@type\":\"WebPage\",\"@id\":\"https:\/\/biocabaz.pt\/web\/produto\/ashwagandha-em-po-bio-provida-125g\/\",\"url\":\"https:\/\/biocabaz.pt\/web\/produto\/ashwagandha-em-po-bio-provida-125g\/\",\"name\":\"Ashwagandha em P\u00f3 BIO Pr\u00f3vida 125g\",\"isPartOf\":{\"@id\":\"https:\/\/biocabaz.pt\/web\/en\/#website\"},\"primaryImageOfPage\":{\"@id\":\"https:\/\/biocabaz.pt\/web\/produto\/ashwagandha-em-po-bio-provida-125g\/#primaryimage\"},\"image\":{\"@id\":\"https:\/\/biocabaz.pt\/web\/produto\/ashwagandha-em-po-bio-provida-125g\/#primaryimage\"},\"thumbnailUrl\":\"https:\/\/www.biocabaz.pt\/web\/wp-conteudos\/uploads\/2016\/04\/ashwagandha-em-po-bio-provida-125g.jpg\",\"datePublished\":\"2016-04-14T21:42:38+00:00\",\"dateModified\":\"2023-04-17T12:05:33+00:00\",\"breadcrumb\":{\"@id\":\"https:\/\/biocabaz.pt\/web\/produto\/ashwagandha-em-po-bio-provida-125g\/#breadcrumb\"},\"inLanguage\":\"pt-PT\",\"potentialAction\":[{\"@type\":\"ReadAction\",\"target\":[\"https:\/\/biocabaz.pt\/web\/produto\/ashwagandha-em-po-bio-provida-125g\/\"]}]},{\"@type\":\"ImageObject\",\"inLanguage\":\"pt-PT\",\"@id\":\"https:\/\/biocabaz.pt\/web\/produto\/ashwagandha-em-po-bio-provida-125g\/#primaryimage\",\"url\":\"https:\/\/www.biocabaz.pt\/web\/wp-conteudos\/uploads\/2016\/04\/ashwagandha-em-po-bio-provida-125g.jpg\",\"contentUrl\":\"https:\/\/www.biocabaz.pt\/web\/wp-conteudos\/uploads\/2016\/04\/ashwagandha-em-po-bio-provida-125g.jpg\",\"width\":326,\"height\":300,\"caption\":\"Ashwagandha em P\u00f3 BIO Pr\u00f3vida 125g\"},{\"@type\":\"BreadcrumbList\",\"@id\":\"https:\/\/biocabaz.pt\/web\/produto\/ashwagandha-em-po-bio-provida-125g\/#breadcrumb\",\"itemListElement\":[{\"@type\":\"ListItem\",\"position\":1,\"name\":\"Home\",\"item\":\"https:\/\/biocabaz.pt\/web\/en\/\"},{\"@type\":\"ListItem\",\"position\":2,\"name\":\"Shop\",\"item\":\"https:\/\/biocabaz.pt\/web\/en\/shop\/\"},{\"@type\":\"ListItem\",\"position\":3,\"name\":\"Ashwagandha em P\u00f3 BIO Pr\u00f3vida 125g\"}]},{\"@type\":\"WebSite\",\"@id\":\"https:\/\/biocabaz.pt\/web\/en\/#website\",\"url\":\"https:\/\/biocabaz.pt\/web\/en\/\",\"name\":\"BIOCABAZ - CABAZES BIOL\u00d3GICOS\",\"description\":\"O melhor que a terra d\u00e1 \u00e9 para si\",\"potentialAction\":[{\"@type\":\"SearchAction\",\"target\":{\"@type\":\"EntryPoint\",\"urlTemplate\":\"https:\/\/biocabaz.pt\/web\/en\/?s={search_term_string}\"},\"query-input\":{\"@type\":\"PropertyValueSpecification\",\"valueRequired\":true,\"valueName\":\"search_term_string\"}}],\"inLanguage\":\"pt-PT\"}]}<\/script>\n<!-- \/ Yoast SEO plugin. -->","yoast_head_json":{"title":"Ashwagandha em P\u00f3 BIO Pr\u00f3vida 125g","robots":{"index":"index","follow":"follow","max-snippet":"max-snippet:-1","max-image-preview":"max-image-preview:large","max-video-preview":"max-video-preview:-1"},"canonical":"https:\/\/biocabaz.pt\/web\/produto\/ashwagandha-em-po-bio-provida-125g\/","og_locale":"pt_PT","og_type":"article","og_title":"[:pt]Ashwagandha em P\u00f3 BIO Pr\u00f3vida 125g[:] - BIOCABAZ - CABAZES BIOL\u00d3GICOS","og_description":"ESCRI\u00c7\u00c3O Ashwagandha em P\u00f3 BIO &#8211; Ginseng indiano 125g Pr\u00f3vida. Sem gl\u00faten.Vegan. Rico em Fibra. Baixo teor de sal. Ingredientes: Raiz de Ashwagandha (Withania Somnifera) em p\u00f3 de produ\u00e7\u00e3o biol\u00f3gica. PT-BIO-04 Origem: n\u00e3o UE. Embalagem 100% compost\u00e1vel. DADOS NUTRICIONAIS Declara\u00e7\u00e3o Nutricional por 100g: Energia &#8211; 1166kJ\/278kcal; L\u00edpidos &#8211; 1,1g, dos quais saturados &#8211; 0,3g, Hidratos [&hellip;]","og_url":"https:\/\/biocabaz.pt\/web\/produto\/ashwagandha-em-po-bio-provida-125g\/","og_site_name":"BIOCABAZ - CABAZES BIOL\u00d3GICOS","article_modified_time":"2023-04-17T12:05:33+00:00","og_image":[{"width":326,"height":300,"url":"https:\/\/www.biocabaz.pt\/web\/wp-conteudos\/uploads\/2016\/04\/ashwagandha-em-po-bio-provida-125g.jpg","type":"image\/jpeg"}],"twitter_card":"summary_large_image","twitter_misc":{"Est. reading time":"1 minuto"},"schema":{"@context":"https:\/\/schema.org","@graph":[{"@type":"WebPage","@id":"https:\/\/biocabaz.pt\/web\/produto\/ashwagandha-em-po-bio-provida-125g\/","url":"https:\/\/biocabaz.pt\/web\/produto\/ashwagandha-em-po-bio-provida-125g\/","name":"Ashwagandha em P\u00f3 BIO Pr\u00f3vida 125g","isPartOf":{"@id":"https:\/\/biocabaz.pt\/web\/en\/#website"},"primaryImageOfPage":{"@id":"https:\/\/biocabaz.pt\/web\/produto\/ashwagandha-em-po-bio-provida-125g\/#primaryimage"},"image":{"@id":"https:\/\/biocabaz.pt\/web\/produto\/ashwagandha-em-po-bio-provida-125g\/#primaryimage"},"thumbnailUrl":"https:\/\/www.biocabaz.pt\/web\/wp-conteudos\/uploads\/2016\/04\/ashwagandha-em-po-bio-provida-125g.jpg","datePublished":"2016-04-14T21:42:38+00:00","dateModified":"2023-04-17T12:05:33+00:00","breadcrumb":{"@id":"https:\/\/biocabaz.pt\/web\/produto\/ashwagandha-em-po-bio-provida-125g\/#breadcrumb"},"inLanguage":"pt-PT","potentialAction":[{"@type":"ReadAction","target":["https:\/\/biocabaz.pt\/web\/produto\/ashwagandha-em-po-bio-provida-125g\/"]}]},{"@type":"ImageObject","inLanguage":"pt-PT","@id":"https:\/\/biocabaz.pt\/web\/produto\/ashwagandha-em-po-bio-provida-125g\/#primaryimage","url":"https:\/\/www.biocabaz.pt\/web\/wp-conteudos\/uploads\/2016\/04\/ashwagandha-em-po-bio-provida-125g.jpg","contentUrl":"https:\/\/www.biocabaz.pt\/web\/wp-conteudos\/uploads\/2016\/04\/ashwagandha-em-po-bio-provida-125g.jpg","width":326,"height":300,"caption":"Ashwagandha em P\u00f3 BIO Pr\u00f3vida 125g"},{"@type":"BreadcrumbList","@id":"https:\/\/biocabaz.pt\/web\/produto\/ashwagandha-em-po-bio-provida-125g\/#breadcrumb","itemListElement":[{"@type":"ListItem","position":1,"name":"Home","item":"https:\/\/biocabaz.pt\/web\/en\/"},{"@type":"ListItem","position":2,"name":"Shop","item":"https:\/\/biocabaz.pt\/web\/en\/shop\/"},{"@type":"ListItem","position":3,"name":"Ashwagandha em P\u00f3 BIO Pr\u00f3vida 125g"}]},{"@type":"WebSite","@id":"https:\/\/biocabaz.pt\/web\/en\/#website","url":"https:\/\/biocabaz.pt\/web\/en\/","name":"BIOCABAZ - CABAZES BIOL\u00d3GICOS","description":"O melhor que a terra d\u00e1 \u00e9 para si","potentialAction":[{"@type":"SearchAction","target":{"@type":"EntryPoint","urlTemplate":"https:\/\/biocabaz.pt\/web\/en\/?s={search_term_string}"},"query-input":{"@type":"PropertyValueSpecification","valueRequired":true,"valueName":"search_term_string"}}],"inLanguage":"pt-PT"}]}},"_links":{"self":[{"href":"https:\/\/biocabaz.pt\/web\/wp-json\/wp\/v2\/product\/940","targetHints":{"allow":["GET"]}}],"collection":[{"href":"https:\/\/biocabaz.pt\/web\/wp-json\/wp\/v2\/product"}],"about":[{"href":"https:\/\/biocabaz.pt\/web\/wp-json\/wp\/v2\/types\/product"}],"replies":[{"embeddable":true,"href":"https:\/\/biocabaz.pt\/web\/wp-json\/wp\/v2\/comments?post=940"}],"wp:featuredmedia":[{"embeddable":true,"href":"https:\/\/biocabaz.pt\/web\/wp-json\/wp\/v2\/media\/82261"}],"wp:attachment":[{"href":"https:\/\/biocabaz.pt\/web\/wp-json\/wp\/v2\/media?parent=940"}],"wp:term":[{"taxonomy":"product_cat","embeddable":true,"href":"https:\/\/biocabaz.pt\/web\/wp-json\/wp\/v2\/product_cat?post=940"},{"taxonomy":"product_tag","embeddable":true,"href":"https:\/\/biocabaz.pt\/web\/wp-json\/wp\/v2\/product_tag?post=940"}],"curies":[{"name":"wp","href":"https:\/\/api.w.org\/{rel}","templated":true}]}}