{"id":9324,"date":"2018-10-29T12:02:35","date_gmt":"2018-10-29T12:02:35","guid":{"rendered":"https:\/\/www.biocabaz.pt\/web\/?post_type=product&#038;p=9324"},"modified":"2023-04-15T13:28:25","modified_gmt":"2023-04-15T13:28:25","slug":"coracoes-espelta-c-mel-bio-180grs-natursol","status":"publish","type":"product","link":"https:\/\/biocabaz.pt\/web\/produto\/coracoes-espelta-c-mel-bio-180grs-natursol\/","title":{"rendered":"CORA\u00c7\u00d5ES ESPELTA C\/MEL BIO 180GRS NATURSOL"},"content":{"rendered":"<p><strong>Descri\u00e7\u00e3o <\/strong><br \/>\n\t\t\t\tIngredientes: Farinha de espelta, farinha de espelta branca, a\u00e7\u00facar mascavado, azeite virgem ou extra virgem, mel e sal. <\/p>\n<p><strong>Dados Nutricionais<\/strong><br \/>\n\t\t\t\tDeclara\u00e7\u00e3o Nutricional por 100g:<br \/> Energia: 1467kj\/351kcal;<br \/> Prote\u00edna: 9,96g;<br \/> Hidratos de carbono: 66,64g &#8211; dos quais a\u00e7\u00facares: 23,49g;<br \/> L\u00edpidos: 3,29g \u2013 dos quais saturados: 0,51g;<br \/> Fibra: 7,28g;<br \/> Sal: 0,63g.<\/p>\n<p><strong>Modo Utiliza\u00e7\u00e3o<\/strong><br \/>Ideais para lanches, pequenos-almo\u00e7os, etc. Conservar em local seco e fresco.<\/p>\n","protected":false},"excerpt":{"rendered":"<p>Descri\u00e7\u00e3o Ingredientes: Farinha de espelta, farinha de espelta branca, a\u00e7\u00facar mascavado, azeite virgem ou extra virgem, mel e sal. Dados Nutricionais Declara\u00e7\u00e3o Nutricional por 100g: Energia: 1467kj\/351kcal; Prote\u00edna: 9,96g; Hidratos de carbono: 66,64g &#8211; dos quais a\u00e7\u00facares: 23,49g; L\u00edpidos: 3,29g \u2013 dos quais saturados: 0,51g; Fibra: 7,28g; Sal: 0,63g. Modo Utiliza\u00e7\u00e3oIdeais para lanches, pequenos-almo\u00e7os, etc. [&hellip;]<\/p>\n","protected":false},"featured_media":9325,"comment_status":"closed","ping_status":"closed","template":"","meta":[],"product_cat":[29],"product_tag":[],"class_list":["post-9324","product","type-product","status-publish","has-post-thumbnail","hentry","product_cat-bolachas_e_snacks"],"bundle_layout":"","bundled_by":[],"bundled_items":[],"yoast_head":"<!-- This site is optimized with the Yoast SEO plugin v26.3 - https:\/\/yoast.com\/wordpress\/plugins\/seo\/ -->\n<title>CORA\u00c7\u00d5ES ESPELTA C\/MEL BIO 180GRS NATURSOL<\/title>\n<meta name=\"description\" content=\"CORA\u00c7\u00d5ES ESPELTA C\/MEL BIO 180GRS NATURSOL\" \/>\n<meta name=\"robots\" content=\"index, follow, max-snippet:-1, max-image-preview:large, max-video-preview:-1\" \/>\n<link rel=\"canonical\" href=\"https:\/\/biocabaz.pt\/web\/produto\/coracoes-espelta-c-mel-bio-180grs-natursol\/\" \/>\n<meta property=\"og:locale\" content=\"pt_PT\" \/>\n<meta property=\"og:locale:alternate\" content=\"en_US\" \/>\n<meta property=\"og:type\" content=\"article\" \/>\n<meta property=\"og:title\" content=\"CORA\u00c7\u00d5ES ESPELTA C\/MEL BIO 180GRS NATURSOL\" \/>\n<meta property=\"og:description\" content=\"CORA\u00c7\u00d5ES ESPELTA C\/MEL BIO 180GRS NATURSOL\" \/>\n<meta property=\"og:url\" content=\"https:\/\/biocabaz.pt\/web\/produto\/coracoes-espelta-c-mel-bio-180grs-natursol\/\" \/>\n<meta property=\"og:site_name\" content=\"BIOCABAZ - CABAZES BIOL\u00d3GICOS\" \/>\n<meta property=\"article:modified_time\" content=\"2023-04-15T13:28:25+00:00\" \/>\n<meta property=\"og:image\" content=\"https:\/\/www.biocabaz.pt\/web\/wp-conteudos\/uploads\/2018\/10\/CORA\u00c7\u00d5ES-ESPELTA-CMEL-BIO-180GRS-NATURSOL-e1540814474998.jpg\" \/>\n\t<meta property=\"og:image:width\" content=\"500\" \/>\n\t<meta property=\"og:image:height\" content=\"667\" \/>\n\t<meta property=\"og:image:type\" content=\"image\/jpeg\" \/>\n<meta name=\"twitter:card\" content=\"summary_large_image\" \/>\n<meta name=\"twitter:label1\" content=\"Est. reading time\" \/>\n\t<meta name=\"twitter:data1\" content=\"1 minuto\" \/>\n<script type=\"application\/ld+json\" class=\"yoast-schema-graph\">{\"@context\":\"https:\/\/schema.org\",\"@graph\":[{\"@type\":\"WebPage\",\"@id\":\"https:\/\/biocabaz.pt\/web\/produto\/coracoes-espelta-c-mel-bio-180grs-natursol\/\",\"url\":\"https:\/\/biocabaz.pt\/web\/produto\/coracoes-espelta-c-mel-bio-180grs-natursol\/\",\"name\":\"CORA\u00c7\u00d5ES ESPELTA C\/MEL BIO 180GRS NATURSOL\",\"isPartOf\":{\"@id\":\"https:\/\/www.biocabaz.pt\/web\/#website\"},\"primaryImageOfPage\":{\"@id\":\"https:\/\/biocabaz.pt\/web\/produto\/coracoes-espelta-c-mel-bio-180grs-natursol\/#primaryimage\"},\"image\":{\"@id\":\"https:\/\/biocabaz.pt\/web\/produto\/coracoes-espelta-c-mel-bio-180grs-natursol\/#primaryimage\"},\"thumbnailUrl\":\"https:\/\/www.biocabaz.pt\/web\/wp-conteudos\/uploads\/2018\/10\/CORA\u00c7\u00d5ES-ESPELTA-CMEL-BIO-180GRS-NATURSOL-e1540814474998.jpg\",\"datePublished\":\"2018-10-29T12:02:35+00:00\",\"dateModified\":\"2023-04-15T13:28:25+00:00\",\"description\":\"CORA\u00c7\u00d5ES ESPELTA C\/MEL BIO 180GRS NATURSOL\",\"breadcrumb\":{\"@id\":\"https:\/\/biocabaz.pt\/web\/produto\/coracoes-espelta-c-mel-bio-180grs-natursol\/#breadcrumb\"},\"inLanguage\":\"pt-PT\",\"potentialAction\":[{\"@type\":\"ReadAction\",\"target\":[\"https:\/\/biocabaz.pt\/web\/produto\/coracoes-espelta-c-mel-bio-180grs-natursol\/\"]}]},{\"@type\":\"ImageObject\",\"inLanguage\":\"pt-PT\",\"@id\":\"https:\/\/biocabaz.pt\/web\/produto\/coracoes-espelta-c-mel-bio-180grs-natursol\/#primaryimage\",\"url\":\"https:\/\/www.biocabaz.pt\/web\/wp-conteudos\/uploads\/2018\/10\/CORA\u00c7\u00d5ES-ESPELTA-CMEL-BIO-180GRS-NATURSOL-e1540814474998.jpg\",\"contentUrl\":\"https:\/\/www.biocabaz.pt\/web\/wp-conteudos\/uploads\/2018\/10\/CORA\u00c7\u00d5ES-ESPELTA-CMEL-BIO-180GRS-NATURSOL-e1540814474998.jpg\",\"width\":500,\"height\":667,\"caption\":\"CORA\u00c7\u00d5ES ESPELTA C\/MEL BIO 180GRS NATURSOL\"},{\"@type\":\"BreadcrumbList\",\"@id\":\"https:\/\/biocabaz.pt\/web\/produto\/coracoes-espelta-c-mel-bio-180grs-natursol\/#breadcrumb\",\"itemListElement\":[{\"@type\":\"ListItem\",\"position\":1,\"name\":\"Home\",\"item\":\"https:\/\/www.biocabaz.pt\/web\/\"},{\"@type\":\"ListItem\",\"position\":2,\"name\":\"Shop\",\"item\":\"https:\/\/www.biocabaz.pt\/web\/en\/shop\/\"},{\"@type\":\"ListItem\",\"position\":3,\"name\":\"CORA\u00c7\u00d5ES ESPELTA C\/MEL BIO 180GRS NATURSOL\"}]},{\"@type\":\"WebSite\",\"@id\":\"https:\/\/www.biocabaz.pt\/web\/#website\",\"url\":\"https:\/\/www.biocabaz.pt\/web\/\",\"name\":\"BIOCABAZ - CABAZES BIOL\u00d3GICOS\",\"description\":\"O melhor que a terra d\u00e1 \u00e9 para si\",\"potentialAction\":[{\"@type\":\"SearchAction\",\"target\":{\"@type\":\"EntryPoint\",\"urlTemplate\":\"https:\/\/www.biocabaz.pt\/web\/?s={search_term_string}\"},\"query-input\":{\"@type\":\"PropertyValueSpecification\",\"valueRequired\":true,\"valueName\":\"search_term_string\"}}],\"inLanguage\":\"pt-PT\"}]}<\/script>\n<!-- \/ Yoast SEO plugin. -->","yoast_head_json":{"title":"CORA\u00c7\u00d5ES ESPELTA C\/MEL BIO 180GRS NATURSOL","description":"CORA\u00c7\u00d5ES ESPELTA C\/MEL BIO 180GRS NATURSOL","robots":{"index":"index","follow":"follow","max-snippet":"max-snippet:-1","max-image-preview":"max-image-preview:large","max-video-preview":"max-video-preview:-1"},"canonical":"https:\/\/biocabaz.pt\/web\/produto\/coracoes-espelta-c-mel-bio-180grs-natursol\/","og_locale":"pt_PT","og_type":"article","og_title":"[:en]NATURSOL ORGANIC SPELT HEARTS WITH HONEY 180GR[:pt]CORA\u00c7\u00d5ES ESPELTA C\/MEL BIO 180GRS NATURSOL[:] - BIOCABAZ - CABAZES BIOL\u00d3GICOS","og_description":"CORA\u00c7\u00d5ES ESPELTA C\/MEL BIO 180GRS NATURSOL","og_url":"https:\/\/biocabaz.pt\/web\/produto\/coracoes-espelta-c-mel-bio-180grs-natursol\/","og_site_name":"BIOCABAZ - CABAZES BIOL\u00d3GICOS","article_modified_time":"2023-04-15T13:28:25+00:00","og_image":[{"width":500,"height":667,"url":"https:\/\/www.biocabaz.pt\/web\/wp-conteudos\/uploads\/2018\/10\/CORA\u00c7\u00d5ES-ESPELTA-CMEL-BIO-180GRS-NATURSOL-e1540814474998.jpg","type":"image\/jpeg"}],"twitter_card":"summary_large_image","twitter_misc":{"Est. reading time":"1 minuto"},"schema":{"@context":"https:\/\/schema.org","@graph":[{"@type":"WebPage","@id":"https:\/\/biocabaz.pt\/web\/produto\/coracoes-espelta-c-mel-bio-180grs-natursol\/","url":"https:\/\/biocabaz.pt\/web\/produto\/coracoes-espelta-c-mel-bio-180grs-natursol\/","name":"CORA\u00c7\u00d5ES ESPELTA C\/MEL BIO 180GRS NATURSOL","isPartOf":{"@id":"https:\/\/www.biocabaz.pt\/web\/#website"},"primaryImageOfPage":{"@id":"https:\/\/biocabaz.pt\/web\/produto\/coracoes-espelta-c-mel-bio-180grs-natursol\/#primaryimage"},"image":{"@id":"https:\/\/biocabaz.pt\/web\/produto\/coracoes-espelta-c-mel-bio-180grs-natursol\/#primaryimage"},"thumbnailUrl":"https:\/\/www.biocabaz.pt\/web\/wp-conteudos\/uploads\/2018\/10\/CORA\u00c7\u00d5ES-ESPELTA-CMEL-BIO-180GRS-NATURSOL-e1540814474998.jpg","datePublished":"2018-10-29T12:02:35+00:00","dateModified":"2023-04-15T13:28:25+00:00","description":"CORA\u00c7\u00d5ES ESPELTA C\/MEL BIO 180GRS NATURSOL","breadcrumb":{"@id":"https:\/\/biocabaz.pt\/web\/produto\/coracoes-espelta-c-mel-bio-180grs-natursol\/#breadcrumb"},"inLanguage":"pt-PT","potentialAction":[{"@type":"ReadAction","target":["https:\/\/biocabaz.pt\/web\/produto\/coracoes-espelta-c-mel-bio-180grs-natursol\/"]}]},{"@type":"ImageObject","inLanguage":"pt-PT","@id":"https:\/\/biocabaz.pt\/web\/produto\/coracoes-espelta-c-mel-bio-180grs-natursol\/#primaryimage","url":"https:\/\/www.biocabaz.pt\/web\/wp-conteudos\/uploads\/2018\/10\/CORA\u00c7\u00d5ES-ESPELTA-CMEL-BIO-180GRS-NATURSOL-e1540814474998.jpg","contentUrl":"https:\/\/www.biocabaz.pt\/web\/wp-conteudos\/uploads\/2018\/10\/CORA\u00c7\u00d5ES-ESPELTA-CMEL-BIO-180GRS-NATURSOL-e1540814474998.jpg","width":500,"height":667,"caption":"CORA\u00c7\u00d5ES ESPELTA C\/MEL BIO 180GRS NATURSOL"},{"@type":"BreadcrumbList","@id":"https:\/\/biocabaz.pt\/web\/produto\/coracoes-espelta-c-mel-bio-180grs-natursol\/#breadcrumb","itemListElement":[{"@type":"ListItem","position":1,"name":"Home","item":"https:\/\/www.biocabaz.pt\/web\/"},{"@type":"ListItem","position":2,"name":"Shop","item":"https:\/\/www.biocabaz.pt\/web\/en\/shop\/"},{"@type":"ListItem","position":3,"name":"CORA\u00c7\u00d5ES ESPELTA C\/MEL BIO 180GRS NATURSOL"}]},{"@type":"WebSite","@id":"https:\/\/www.biocabaz.pt\/web\/#website","url":"https:\/\/www.biocabaz.pt\/web\/","name":"BIOCABAZ - CABAZES BIOL\u00d3GICOS","description":"O melhor que a terra d\u00e1 \u00e9 para si","potentialAction":[{"@type":"SearchAction","target":{"@type":"EntryPoint","urlTemplate":"https:\/\/www.biocabaz.pt\/web\/?s={search_term_string}"},"query-input":{"@type":"PropertyValueSpecification","valueRequired":true,"valueName":"search_term_string"}}],"inLanguage":"pt-PT"}]}},"_links":{"self":[{"href":"https:\/\/biocabaz.pt\/web\/wp-json\/wp\/v2\/product\/9324","targetHints":{"allow":["GET"]}}],"collection":[{"href":"https:\/\/biocabaz.pt\/web\/wp-json\/wp\/v2\/product"}],"about":[{"href":"https:\/\/biocabaz.pt\/web\/wp-json\/wp\/v2\/types\/product"}],"replies":[{"embeddable":true,"href":"https:\/\/biocabaz.pt\/web\/wp-json\/wp\/v2\/comments?post=9324"}],"wp:featuredmedia":[{"embeddable":true,"href":"https:\/\/biocabaz.pt\/web\/wp-json\/wp\/v2\/media\/9325"}],"wp:attachment":[{"href":"https:\/\/biocabaz.pt\/web\/wp-json\/wp\/v2\/media?parent=9324"}],"wp:term":[{"taxonomy":"product_cat","embeddable":true,"href":"https:\/\/biocabaz.pt\/web\/wp-json\/wp\/v2\/product_cat?post=9324"},{"taxonomy":"product_tag","embeddable":true,"href":"https:\/\/biocabaz.pt\/web\/wp-json\/wp\/v2\/product_tag?post=9324"}],"curies":[{"name":"wp","href":"https:\/\/api.w.org\/{rel}","templated":true}]}}