{"id":9322,"date":"2018-10-29T11:46:58","date_gmt":"2018-10-29T11:46:58","guid":{"rendered":"https:\/\/www.biocabaz.pt\/web\/?post_type=product&#038;p=9322"},"modified":"2023-03-28T22:41:27","modified_gmt":"2023-03-28T22:41:27","slug":"biscoitos-maca-c-agave-bio-200grs-natursol","status":"publish","type":"product","link":"https:\/\/biocabaz.pt\/web\/produto\/biscoitos-maca-c-agave-bio-200grs-natursol\/","title":{"rendered":"BISCOITOS MA\u00c7\u00c3 C\/AGAVE BIO 200GRS NATURSOL"},"content":{"rendered":"<p><strong>Descri\u00e7\u00e3o <\/strong><br \/>\n\t\t\t\tIngredientes: Farinha de Trigo tipo 65, Farinha de trigo integral, Pur\u00e9 de ma\u00e7\u00e3, Agave, \u00d3leo de coco, \u00d3leo de girassol, Lim\u00e3o, Erva doce, Bicarbonato de s\u00f3dio, Sal Marinho. N\u00e3o cont\u00e9m ingredientes de origem animal, corantes ou conservantes. Sem adi\u00e7\u00e3o de a\u00e7\u00facar.<\/p>\n<p><strong>Dados Nutricionais<\/strong><br \/>\n\t\t\t\tDeclara\u00e7\u00e3o nutricional por 100g:<br \/> Energia: 1988Kj\/475 Kcal;<br \/> Prote\u00edna: 7,1 g;<br \/> Hidratos de carbono: 58,1g;<br \/> L\u00edpidos: > 0,1 &#8211; dos quais saturados: 13,5g;<br \/> Fibra: 5,0 g;<br \/> Sal: 1,2g.<\/p>\n<p><strong>Modo Utiliza\u00e7\u00e3o<\/strong><br \/>Ideais para lanches, pequenos-almo\u00e7os, etc. Conservar em local seco e fresco. Conservar em local seco e fresco.<\/p>\n","protected":false},"excerpt":{"rendered":"<p>Descri\u00e7\u00e3o Ingredientes: Farinha de Trigo tipo 65, Farinha de trigo integral, Pur\u00e9 de ma\u00e7\u00e3, Agave, \u00d3leo de coco, \u00d3leo de girassol, Lim\u00e3o, Erva doce, Bicarbonato de s\u00f3dio, Sal Marinho. N\u00e3o cont\u00e9m ingredientes de origem animal, corantes ou conservantes. Sem adi\u00e7\u00e3o de a\u00e7\u00facar. Dados Nutricionais Declara\u00e7\u00e3o nutricional por 100g: Energia: 1988Kj\/475 Kcal; Prote\u00edna: 7,1 g; Hidratos [&hellip;]<\/p>\n","protected":false},"featured_media":9323,"comment_status":"closed","ping_status":"closed","template":"","meta":[],"product_cat":[29],"product_tag":[],"class_list":["post-9322","product","type-product","status-publish","has-post-thumbnail","hentry","product_cat-bolachas_e_snacks"],"bundle_layout":"","bundled_by":[],"bundled_items":[],"yoast_head":"<!-- This site is optimized with the Yoast SEO plugin v26.3 - https:\/\/yoast.com\/wordpress\/plugins\/seo\/ -->\n<title>BISCOITOS MA\u00c7\u00c3 C\/AGAVE BIO 200GRS NATURSOL<\/title>\n<meta name=\"description\" content=\"BISCOITOS MA\u00c7\u00c3 C\/AGAVE BIO 200GRS NATURSOL\" \/>\n<meta name=\"robots\" content=\"index, follow, max-snippet:-1, max-image-preview:large, max-video-preview:-1\" \/>\n<link rel=\"canonical\" href=\"https:\/\/biocabaz.pt\/web\/produto\/biscoitos-maca-c-agave-bio-200grs-natursol\/\" \/>\n<meta property=\"og:locale\" content=\"pt_PT\" \/>\n<meta property=\"og:locale:alternate\" content=\"en_US\" \/>\n<meta property=\"og:type\" content=\"article\" \/>\n<meta property=\"og:title\" content=\"BISCOITOS MA\u00c7\u00c3 C\/AGAVE BIO 200GRS NATURSOL\" \/>\n<meta property=\"og:description\" content=\"BISCOITOS MA\u00c7\u00c3 C\/AGAVE BIO 200GRS NATURSOL\" \/>\n<meta property=\"og:url\" content=\"https:\/\/biocabaz.pt\/web\/produto\/biscoitos-maca-c-agave-bio-200grs-natursol\/\" \/>\n<meta property=\"og:site_name\" content=\"BIOCABAZ - CABAZES BIOL\u00d3GICOS\" \/>\n<meta property=\"article:modified_time\" content=\"2023-03-28T22:41:27+00:00\" \/>\n<meta property=\"og:image\" content=\"https:\/\/www.biocabaz.pt\/web\/wp-conteudos\/uploads\/2018\/10\/BISCOITOS-MA\u00c7\u00c3-COM-AGAVE-BIO-200GRS-NATURSOL-e1540813563678.jpg\" \/>\n\t<meta property=\"og:image:width\" content=\"500\" \/>\n\t<meta property=\"og:image:height\" content=\"500\" \/>\n\t<meta property=\"og:image:type\" content=\"image\/jpeg\" \/>\n<meta name=\"twitter:card\" content=\"summary_large_image\" \/>\n<meta name=\"twitter:label1\" content=\"Est. reading time\" \/>\n\t<meta name=\"twitter:data1\" content=\"1 minuto\" \/>\n<script type=\"application\/ld+json\" class=\"yoast-schema-graph\">{\"@context\":\"https:\/\/schema.org\",\"@graph\":[{\"@type\":\"WebPage\",\"@id\":\"https:\/\/biocabaz.pt\/web\/produto\/biscoitos-maca-c-agave-bio-200grs-natursol\/\",\"url\":\"https:\/\/biocabaz.pt\/web\/produto\/biscoitos-maca-c-agave-bio-200grs-natursol\/\",\"name\":\"BISCOITOS MA\u00c7\u00c3 C\/AGAVE BIO 200GRS NATURSOL\",\"isPartOf\":{\"@id\":\"https:\/\/biocabaz.pt\/web\/en\/#website\"},\"primaryImageOfPage\":{\"@id\":\"https:\/\/biocabaz.pt\/web\/produto\/biscoitos-maca-c-agave-bio-200grs-natursol\/#primaryimage\"},\"image\":{\"@id\":\"https:\/\/biocabaz.pt\/web\/produto\/biscoitos-maca-c-agave-bio-200grs-natursol\/#primaryimage\"},\"thumbnailUrl\":\"https:\/\/www.biocabaz.pt\/web\/wp-conteudos\/uploads\/2018\/10\/BISCOITOS-MA\u00c7\u00c3-COM-AGAVE-BIO-200GRS-NATURSOL-e1540813563678.jpg\",\"datePublished\":\"2018-10-29T11:46:58+00:00\",\"dateModified\":\"2023-03-28T22:41:27+00:00\",\"description\":\"BISCOITOS MA\u00c7\u00c3 C\/AGAVE BIO 200GRS NATURSOL\",\"breadcrumb\":{\"@id\":\"https:\/\/biocabaz.pt\/web\/produto\/biscoitos-maca-c-agave-bio-200grs-natursol\/#breadcrumb\"},\"inLanguage\":\"pt-PT\",\"potentialAction\":[{\"@type\":\"ReadAction\",\"target\":[\"https:\/\/biocabaz.pt\/web\/produto\/biscoitos-maca-c-agave-bio-200grs-natursol\/\"]}]},{\"@type\":\"ImageObject\",\"inLanguage\":\"pt-PT\",\"@id\":\"https:\/\/biocabaz.pt\/web\/produto\/biscoitos-maca-c-agave-bio-200grs-natursol\/#primaryimage\",\"url\":\"https:\/\/www.biocabaz.pt\/web\/wp-conteudos\/uploads\/2018\/10\/BISCOITOS-MA\u00c7\u00c3-COM-AGAVE-BIO-200GRS-NATURSOL-e1540813563678.jpg\",\"contentUrl\":\"https:\/\/www.biocabaz.pt\/web\/wp-conteudos\/uploads\/2018\/10\/BISCOITOS-MA\u00c7\u00c3-COM-AGAVE-BIO-200GRS-NATURSOL-e1540813563678.jpg\",\"width\":500,\"height\":500,\"caption\":\"BISCOITOS MA\u00c7\u00c3 C\/AGAVE BIO 200GRS NATURSOL\"},{\"@type\":\"BreadcrumbList\",\"@id\":\"https:\/\/biocabaz.pt\/web\/produto\/biscoitos-maca-c-agave-bio-200grs-natursol\/#breadcrumb\",\"itemListElement\":[{\"@type\":\"ListItem\",\"position\":1,\"name\":\"Home\",\"item\":\"https:\/\/biocabaz.pt\/web\/en\/\"},{\"@type\":\"ListItem\",\"position\":2,\"name\":\"Shop\",\"item\":\"https:\/\/biocabaz.pt\/web\/en\/shop\/\"},{\"@type\":\"ListItem\",\"position\":3,\"name\":\"BISCOITOS MA\u00c7\u00c3 C\/AGAVE BIO 200GRS NATURSOL\"}]},{\"@type\":\"WebSite\",\"@id\":\"https:\/\/biocabaz.pt\/web\/en\/#website\",\"url\":\"https:\/\/biocabaz.pt\/web\/en\/\",\"name\":\"BIOCABAZ - CABAZES BIOL\u00d3GICOS\",\"description\":\"O melhor que a terra d\u00e1 \u00e9 para si\",\"potentialAction\":[{\"@type\":\"SearchAction\",\"target\":{\"@type\":\"EntryPoint\",\"urlTemplate\":\"https:\/\/biocabaz.pt\/web\/en\/?s={search_term_string}\"},\"query-input\":{\"@type\":\"PropertyValueSpecification\",\"valueRequired\":true,\"valueName\":\"search_term_string\"}}],\"inLanguage\":\"pt-PT\"}]}<\/script>\n<!-- \/ Yoast SEO plugin. -->","yoast_head_json":{"title":"BISCOITOS MA\u00c7\u00c3 C\/AGAVE BIO 200GRS NATURSOL","description":"BISCOITOS MA\u00c7\u00c3 C\/AGAVE BIO 200GRS NATURSOL","robots":{"index":"index","follow":"follow","max-snippet":"max-snippet:-1","max-image-preview":"max-image-preview:large","max-video-preview":"max-video-preview:-1"},"canonical":"https:\/\/biocabaz.pt\/web\/produto\/biscoitos-maca-c-agave-bio-200grs-natursol\/","og_locale":"pt_PT","og_type":"article","og_title":"[:en]NATURSOL ORGANIC APPLE BISCUITS WITH AGAVE 200GR[:pt]BISCOITOS MA\u00c7\u00c3 C\/AGAVE BIO 200GRS NATURSOL[:] - BIOCABAZ - CABAZES BIOL\u00d3GICOS","og_description":"BISCOITOS MA\u00c7\u00c3 C\/AGAVE BIO 200GRS NATURSOL","og_url":"https:\/\/biocabaz.pt\/web\/produto\/biscoitos-maca-c-agave-bio-200grs-natursol\/","og_site_name":"BIOCABAZ - CABAZES BIOL\u00d3GICOS","article_modified_time":"2023-03-28T22:41:27+00:00","og_image":[{"width":500,"height":500,"url":"https:\/\/www.biocabaz.pt\/web\/wp-conteudos\/uploads\/2018\/10\/BISCOITOS-MA\u00c7\u00c3-COM-AGAVE-BIO-200GRS-NATURSOL-e1540813563678.jpg","type":"image\/jpeg"}],"twitter_card":"summary_large_image","twitter_misc":{"Est. reading time":"1 minuto"},"schema":{"@context":"https:\/\/schema.org","@graph":[{"@type":"WebPage","@id":"https:\/\/biocabaz.pt\/web\/produto\/biscoitos-maca-c-agave-bio-200grs-natursol\/","url":"https:\/\/biocabaz.pt\/web\/produto\/biscoitos-maca-c-agave-bio-200grs-natursol\/","name":"BISCOITOS MA\u00c7\u00c3 C\/AGAVE BIO 200GRS NATURSOL","isPartOf":{"@id":"https:\/\/biocabaz.pt\/web\/en\/#website"},"primaryImageOfPage":{"@id":"https:\/\/biocabaz.pt\/web\/produto\/biscoitos-maca-c-agave-bio-200grs-natursol\/#primaryimage"},"image":{"@id":"https:\/\/biocabaz.pt\/web\/produto\/biscoitos-maca-c-agave-bio-200grs-natursol\/#primaryimage"},"thumbnailUrl":"https:\/\/www.biocabaz.pt\/web\/wp-conteudos\/uploads\/2018\/10\/BISCOITOS-MA\u00c7\u00c3-COM-AGAVE-BIO-200GRS-NATURSOL-e1540813563678.jpg","datePublished":"2018-10-29T11:46:58+00:00","dateModified":"2023-03-28T22:41:27+00:00","description":"BISCOITOS MA\u00c7\u00c3 C\/AGAVE BIO 200GRS NATURSOL","breadcrumb":{"@id":"https:\/\/biocabaz.pt\/web\/produto\/biscoitos-maca-c-agave-bio-200grs-natursol\/#breadcrumb"},"inLanguage":"pt-PT","potentialAction":[{"@type":"ReadAction","target":["https:\/\/biocabaz.pt\/web\/produto\/biscoitos-maca-c-agave-bio-200grs-natursol\/"]}]},{"@type":"ImageObject","inLanguage":"pt-PT","@id":"https:\/\/biocabaz.pt\/web\/produto\/biscoitos-maca-c-agave-bio-200grs-natursol\/#primaryimage","url":"https:\/\/www.biocabaz.pt\/web\/wp-conteudos\/uploads\/2018\/10\/BISCOITOS-MA\u00c7\u00c3-COM-AGAVE-BIO-200GRS-NATURSOL-e1540813563678.jpg","contentUrl":"https:\/\/www.biocabaz.pt\/web\/wp-conteudos\/uploads\/2018\/10\/BISCOITOS-MA\u00c7\u00c3-COM-AGAVE-BIO-200GRS-NATURSOL-e1540813563678.jpg","width":500,"height":500,"caption":"BISCOITOS MA\u00c7\u00c3 C\/AGAVE BIO 200GRS NATURSOL"},{"@type":"BreadcrumbList","@id":"https:\/\/biocabaz.pt\/web\/produto\/biscoitos-maca-c-agave-bio-200grs-natursol\/#breadcrumb","itemListElement":[{"@type":"ListItem","position":1,"name":"Home","item":"https:\/\/biocabaz.pt\/web\/en\/"},{"@type":"ListItem","position":2,"name":"Shop","item":"https:\/\/biocabaz.pt\/web\/en\/shop\/"},{"@type":"ListItem","position":3,"name":"BISCOITOS MA\u00c7\u00c3 C\/AGAVE BIO 200GRS NATURSOL"}]},{"@type":"WebSite","@id":"https:\/\/biocabaz.pt\/web\/en\/#website","url":"https:\/\/biocabaz.pt\/web\/en\/","name":"BIOCABAZ - CABAZES BIOL\u00d3GICOS","description":"O melhor que a terra d\u00e1 \u00e9 para si","potentialAction":[{"@type":"SearchAction","target":{"@type":"EntryPoint","urlTemplate":"https:\/\/biocabaz.pt\/web\/en\/?s={search_term_string}"},"query-input":{"@type":"PropertyValueSpecification","valueRequired":true,"valueName":"search_term_string"}}],"inLanguage":"pt-PT"}]}},"_links":{"self":[{"href":"https:\/\/biocabaz.pt\/web\/wp-json\/wp\/v2\/product\/9322","targetHints":{"allow":["GET"]}}],"collection":[{"href":"https:\/\/biocabaz.pt\/web\/wp-json\/wp\/v2\/product"}],"about":[{"href":"https:\/\/biocabaz.pt\/web\/wp-json\/wp\/v2\/types\/product"}],"replies":[{"embeddable":true,"href":"https:\/\/biocabaz.pt\/web\/wp-json\/wp\/v2\/comments?post=9322"}],"wp:featuredmedia":[{"embeddable":true,"href":"https:\/\/biocabaz.pt\/web\/wp-json\/wp\/v2\/media\/9323"}],"wp:attachment":[{"href":"https:\/\/biocabaz.pt\/web\/wp-json\/wp\/v2\/media?parent=9322"}],"wp:term":[{"taxonomy":"product_cat","embeddable":true,"href":"https:\/\/biocabaz.pt\/web\/wp-json\/wp\/v2\/product_cat?post=9322"},{"taxonomy":"product_tag","embeddable":true,"href":"https:\/\/biocabaz.pt\/web\/wp-json\/wp\/v2\/product_tag?post=9322"}],"curies":[{"name":"wp","href":"https:\/\/api.w.org\/{rel}","templated":true}]}}