{"id":9317,"date":"2018-10-29T11:41:32","date_gmt":"2018-10-29T11:41:32","guid":{"rendered":"https:\/\/www.biocabaz.pt\/web\/?post_type=product&#038;p=9317"},"modified":"2025-06-09T10:32:56","modified_gmt":"2025-06-09T10:32:56","slug":"crackers-azeite-c-sesamo-165grs-bio-natursol","status":"publish","type":"product","link":"https:\/\/biocabaz.pt\/web\/produto\/crackers-azeite-c-sesamo-165grs-bio-natursol\/","title":{"rendered":"CRACKERS AZEITE C\/S\u00c9SAMO 165GRS BIO NATURSOL"},"content":{"rendered":"<p><strong>Descri\u00e7\u00e3o <\/strong><br \/>\n\t\t\t\tIngredientes: Farinha de trigo branca, Farinha trigo Integral, Azeite extra Virgem ou Virgem, Sementes de S\u00e9samo e Sal. N\u00e3o cont\u00e9m ingredientes de origem animal, corantes ou conservantes. Sem adi\u00e7\u00e3o de a\u00e7\u00facar.<\/p>\n<p><strong>Dados Nutricionais<\/strong><br \/>\n\t\t\t\tDeclara\u00e7\u00e3o Nutricional por 100g:<br \/> Energia: 1970kj\/471kcal;<br \/> Prote\u00edna: 11,0g;<br \/> Hidratos de carbono: 52,3g &#8211; dos quais a\u00e7\u00facares: 1,8g;<br \/> L\u00edpidos: 22,0g \u2013 dos quais saturados: 2,6g;<br \/> Fibra: 10,0g;<br \/> Sal: 2,4g.<\/p>\n<p><strong>Modo Utiliza\u00e7\u00e3o<\/strong><br \/>Ideais para lanches, pequenos-almo\u00e7os, etc. Conservar em local seco e fresco.<\/p>\n","protected":false},"excerpt":{"rendered":"<p>Descri\u00e7\u00e3o Ingredientes: Farinha de trigo branca, Farinha trigo Integral, Azeite extra Virgem ou Virgem, Sementes de S\u00e9samo e Sal. N\u00e3o cont\u00e9m ingredientes de origem animal, corantes ou conservantes. Sem adi\u00e7\u00e3o de a\u00e7\u00facar. Dados Nutricionais Declara\u00e7\u00e3o Nutricional por 100g: Energia: 1970kj\/471kcal; Prote\u00edna: 11,0g; Hidratos de carbono: 52,3g &#8211; dos quais a\u00e7\u00facares: 1,8g; L\u00edpidos: 22,0g \u2013 dos [&hellip;]<\/p>\n","protected":false},"featured_media":9318,"comment_status":"closed","ping_status":"closed","template":"","meta":[],"product_cat":[29],"product_tag":[],"class_list":["post-9317","product","type-product","status-publish","has-post-thumbnail","hentry","product_cat-bolachas_e_snacks"],"bundle_layout":"","bundled_by":[],"bundled_items":[],"yoast_head":"<!-- This site is optimized with the Yoast SEO plugin v26.3 - https:\/\/yoast.com\/wordpress\/plugins\/seo\/ -->\n<title>CRACKERS AZEITE C\/S\u00c9SAMO 165GRS BIO NATURSOL<\/title>\n<meta name=\"description\" content=\"CRACKERS AZEITE C\/S\u00c9SAMO 165GRS BIO NATURSOL\" \/>\n<meta name=\"robots\" content=\"index, follow, max-snippet:-1, max-image-preview:large, max-video-preview:-1\" \/>\n<link rel=\"canonical\" href=\"https:\/\/www.biocabaz.pt\/web\/produto\/crackers-azeite-c-sesamo-165grs-bio-natursol\/\" \/>\n<meta property=\"og:locale\" content=\"pt_PT\" \/>\n<meta property=\"og:locale:alternate\" content=\"en_US\" \/>\n<meta property=\"og:type\" content=\"article\" \/>\n<meta property=\"og:title\" content=\"CRACKERS AZEITE C\/S\u00c9SAMO 165GRS BIO NATURSOL\" \/>\n<meta property=\"og:description\" content=\"CRACKERS AZEITE C\/S\u00c9SAMO 165GRS BIO NATURSOL\" \/>\n<meta property=\"og:url\" content=\"https:\/\/biocabaz.pt\/web\/produto\/crackers-azeite-c-sesamo-165grs-bio-natursol\/\" \/>\n<meta property=\"og:site_name\" content=\"BIOCABAZ - CABAZES BIOL\u00d3GICOS\" \/>\n<meta property=\"article:modified_time\" content=\"2025-06-09T10:32:56+00:00\" \/>\n<meta property=\"og:image\" content=\"https:\/\/www.biocabaz.pt\/web\/wp-conteudos\/uploads\/2018\/10\/CRACKERS-AZEITE-COM-S\u00c9SAMO-165GRS-BIO-NATURSOL-e1540813185345.jpg\" \/>\n\t<meta property=\"og:image:width\" content=\"500\" \/>\n\t<meta property=\"og:image:height\" content=\"500\" \/>\n\t<meta property=\"og:image:type\" content=\"image\/jpeg\" \/>\n<meta name=\"twitter:card\" content=\"summary_large_image\" \/>\n<meta name=\"twitter:label1\" content=\"Est. reading time\" \/>\n\t<meta name=\"twitter:data1\" content=\"1 minuto\" \/>\n<script type=\"application\/ld+json\" class=\"yoast-schema-graph\">{\"@context\":\"https:\/\/schema.org\",\"@graph\":[{\"@type\":\"WebPage\",\"@id\":\"https:\/\/www.biocabaz.pt\/web\/produto\/crackers-azeite-c-sesamo-165grs-bio-natursol\/\",\"url\":\"https:\/\/www.biocabaz.pt\/web\/produto\/crackers-azeite-c-sesamo-165grs-bio-natursol\/\",\"name\":\"CRACKERS AZEITE C\/S\u00c9SAMO 165GRS BIO NATURSOL\",\"isPartOf\":{\"@id\":\"https:\/\/www.biocabaz.pt\/web\/#website\"},\"primaryImageOfPage\":{\"@id\":\"https:\/\/www.biocabaz.pt\/web\/produto\/crackers-azeite-c-sesamo-165grs-bio-natursol\/#primaryimage\"},\"image\":{\"@id\":\"https:\/\/www.biocabaz.pt\/web\/produto\/crackers-azeite-c-sesamo-165grs-bio-natursol\/#primaryimage\"},\"thumbnailUrl\":\"https:\/\/www.biocabaz.pt\/web\/wp-conteudos\/uploads\/2018\/10\/CRACKERS-AZEITE-COM-S\u00c9SAMO-165GRS-BIO-NATURSOL-e1540813185345.jpg\",\"datePublished\":\"2018-10-29T11:41:32+00:00\",\"dateModified\":\"2025-06-09T10:32:56+00:00\",\"description\":\"CRACKERS AZEITE C\/S\u00c9SAMO 165GRS BIO NATURSOL\",\"breadcrumb\":{\"@id\":\"https:\/\/www.biocabaz.pt\/web\/produto\/crackers-azeite-c-sesamo-165grs-bio-natursol\/#breadcrumb\"},\"inLanguage\":\"pt-PT\",\"potentialAction\":[{\"@type\":\"ReadAction\",\"target\":[\"https:\/\/www.biocabaz.pt\/web\/produto\/crackers-azeite-c-sesamo-165grs-bio-natursol\/\"]}]},{\"@type\":\"ImageObject\",\"inLanguage\":\"pt-PT\",\"@id\":\"https:\/\/www.biocabaz.pt\/web\/produto\/crackers-azeite-c-sesamo-165grs-bio-natursol\/#primaryimage\",\"url\":\"https:\/\/www.biocabaz.pt\/web\/wp-conteudos\/uploads\/2018\/10\/CRACKERS-AZEITE-COM-S\u00c9SAMO-165GRS-BIO-NATURSOL-e1540813185345.jpg\",\"contentUrl\":\"https:\/\/www.biocabaz.pt\/web\/wp-conteudos\/uploads\/2018\/10\/CRACKERS-AZEITE-COM-S\u00c9SAMO-165GRS-BIO-NATURSOL-e1540813185345.jpg\",\"width\":500,\"height\":500,\"caption\":\"CRACKERS AZEITE C\/S\u00c9SAMO 165GRS BIO NATURSOL\"},{\"@type\":\"BreadcrumbList\",\"@id\":\"https:\/\/www.biocabaz.pt\/web\/produto\/crackers-azeite-c-sesamo-165grs-bio-natursol\/#breadcrumb\",\"itemListElement\":[{\"@type\":\"ListItem\",\"position\":1,\"name\":\"Home\",\"item\":\"https:\/\/www.biocabaz.pt\/web\/\"},{\"@type\":\"ListItem\",\"position\":2,\"name\":\"Loja\",\"item\":\"https:\/\/www.biocabaz.pt\/web\/shop\/\"},{\"@type\":\"ListItem\",\"position\":3,\"name\":\"CRACKERS AZEITE C\/S\u00c9SAMO 165GRS BIO NATURSOL\"}]},{\"@type\":\"WebSite\",\"@id\":\"https:\/\/www.biocabaz.pt\/web\/#website\",\"url\":\"https:\/\/www.biocabaz.pt\/web\/\",\"name\":\"BIOCABAZ - CABAZES BIOL\u00d3GICOS\",\"description\":\"O melhor que a terra d\u00e1 \u00e9 para si\",\"potentialAction\":[{\"@type\":\"SearchAction\",\"target\":{\"@type\":\"EntryPoint\",\"urlTemplate\":\"https:\/\/www.biocabaz.pt\/web\/?s={search_term_string}\"},\"query-input\":{\"@type\":\"PropertyValueSpecification\",\"valueRequired\":true,\"valueName\":\"search_term_string\"}}],\"inLanguage\":\"pt-PT\"}]}<\/script>\n<!-- \/ Yoast SEO plugin. -->","yoast_head_json":{"title":"CRACKERS AZEITE C\/S\u00c9SAMO 165GRS BIO NATURSOL","description":"CRACKERS AZEITE C\/S\u00c9SAMO 165GRS BIO NATURSOL","robots":{"index":"index","follow":"follow","max-snippet":"max-snippet:-1","max-image-preview":"max-image-preview:large","max-video-preview":"max-video-preview:-1"},"canonical":"https:\/\/www.biocabaz.pt\/web\/produto\/crackers-azeite-c-sesamo-165grs-bio-natursol\/","og_locale":"pt_PT","og_type":"article","og_title":"[:en]NATURSOL ORGANIC OLIVE OIL CRACKERS WITH SESAME 165GR[:pt]CRACKERS AZEITE C\/S\u00c9SAMO 165GRS BIO NATURSOL[:] - BIOCABAZ - CABAZES BIOL\u00d3GICOS","og_description":"CRACKERS AZEITE C\/S\u00c9SAMO 165GRS BIO NATURSOL","og_url":"https:\/\/biocabaz.pt\/web\/produto\/crackers-azeite-c-sesamo-165grs-bio-natursol\/","og_site_name":"BIOCABAZ - CABAZES BIOL\u00d3GICOS","article_modified_time":"2025-06-09T10:32:56+00:00","og_image":[{"width":500,"height":500,"url":"https:\/\/www.biocabaz.pt\/web\/wp-conteudos\/uploads\/2018\/10\/CRACKERS-AZEITE-COM-S\u00c9SAMO-165GRS-BIO-NATURSOL-e1540813185345.jpg","type":"image\/jpeg"}],"twitter_card":"summary_large_image","twitter_misc":{"Est. reading time":"1 minuto"},"schema":{"@context":"https:\/\/schema.org","@graph":[{"@type":"WebPage","@id":"https:\/\/www.biocabaz.pt\/web\/produto\/crackers-azeite-c-sesamo-165grs-bio-natursol\/","url":"https:\/\/www.biocabaz.pt\/web\/produto\/crackers-azeite-c-sesamo-165grs-bio-natursol\/","name":"CRACKERS AZEITE C\/S\u00c9SAMO 165GRS BIO NATURSOL","isPartOf":{"@id":"https:\/\/www.biocabaz.pt\/web\/#website"},"primaryImageOfPage":{"@id":"https:\/\/www.biocabaz.pt\/web\/produto\/crackers-azeite-c-sesamo-165grs-bio-natursol\/#primaryimage"},"image":{"@id":"https:\/\/www.biocabaz.pt\/web\/produto\/crackers-azeite-c-sesamo-165grs-bio-natursol\/#primaryimage"},"thumbnailUrl":"https:\/\/www.biocabaz.pt\/web\/wp-conteudos\/uploads\/2018\/10\/CRACKERS-AZEITE-COM-S\u00c9SAMO-165GRS-BIO-NATURSOL-e1540813185345.jpg","datePublished":"2018-10-29T11:41:32+00:00","dateModified":"2025-06-09T10:32:56+00:00","description":"CRACKERS AZEITE C\/S\u00c9SAMO 165GRS BIO NATURSOL","breadcrumb":{"@id":"https:\/\/www.biocabaz.pt\/web\/produto\/crackers-azeite-c-sesamo-165grs-bio-natursol\/#breadcrumb"},"inLanguage":"pt-PT","potentialAction":[{"@type":"ReadAction","target":["https:\/\/www.biocabaz.pt\/web\/produto\/crackers-azeite-c-sesamo-165grs-bio-natursol\/"]}]},{"@type":"ImageObject","inLanguage":"pt-PT","@id":"https:\/\/www.biocabaz.pt\/web\/produto\/crackers-azeite-c-sesamo-165grs-bio-natursol\/#primaryimage","url":"https:\/\/www.biocabaz.pt\/web\/wp-conteudos\/uploads\/2018\/10\/CRACKERS-AZEITE-COM-S\u00c9SAMO-165GRS-BIO-NATURSOL-e1540813185345.jpg","contentUrl":"https:\/\/www.biocabaz.pt\/web\/wp-conteudos\/uploads\/2018\/10\/CRACKERS-AZEITE-COM-S\u00c9SAMO-165GRS-BIO-NATURSOL-e1540813185345.jpg","width":500,"height":500,"caption":"CRACKERS AZEITE C\/S\u00c9SAMO 165GRS BIO NATURSOL"},{"@type":"BreadcrumbList","@id":"https:\/\/www.biocabaz.pt\/web\/produto\/crackers-azeite-c-sesamo-165grs-bio-natursol\/#breadcrumb","itemListElement":[{"@type":"ListItem","position":1,"name":"Home","item":"https:\/\/www.biocabaz.pt\/web\/"},{"@type":"ListItem","position":2,"name":"Loja","item":"https:\/\/www.biocabaz.pt\/web\/shop\/"},{"@type":"ListItem","position":3,"name":"CRACKERS AZEITE C\/S\u00c9SAMO 165GRS BIO NATURSOL"}]},{"@type":"WebSite","@id":"https:\/\/www.biocabaz.pt\/web\/#website","url":"https:\/\/www.biocabaz.pt\/web\/","name":"BIOCABAZ - CABAZES BIOL\u00d3GICOS","description":"O melhor que a terra d\u00e1 \u00e9 para si","potentialAction":[{"@type":"SearchAction","target":{"@type":"EntryPoint","urlTemplate":"https:\/\/www.biocabaz.pt\/web\/?s={search_term_string}"},"query-input":{"@type":"PropertyValueSpecification","valueRequired":true,"valueName":"search_term_string"}}],"inLanguage":"pt-PT"}]}},"_links":{"self":[{"href":"https:\/\/biocabaz.pt\/web\/wp-json\/wp\/v2\/product\/9317","targetHints":{"allow":["GET"]}}],"collection":[{"href":"https:\/\/biocabaz.pt\/web\/wp-json\/wp\/v2\/product"}],"about":[{"href":"https:\/\/biocabaz.pt\/web\/wp-json\/wp\/v2\/types\/product"}],"replies":[{"embeddable":true,"href":"https:\/\/biocabaz.pt\/web\/wp-json\/wp\/v2\/comments?post=9317"}],"wp:featuredmedia":[{"embeddable":true,"href":"https:\/\/biocabaz.pt\/web\/wp-json\/wp\/v2\/media\/9318"}],"wp:attachment":[{"href":"https:\/\/biocabaz.pt\/web\/wp-json\/wp\/v2\/media?parent=9317"}],"wp:term":[{"taxonomy":"product_cat","embeddable":true,"href":"https:\/\/biocabaz.pt\/web\/wp-json\/wp\/v2\/product_cat?post=9317"},{"taxonomy":"product_tag","embeddable":true,"href":"https:\/\/biocabaz.pt\/web\/wp-json\/wp\/v2\/product_tag?post=9317"}],"curies":[{"name":"wp","href":"https:\/\/api.w.org\/{rel}","templated":true}]}}