{"id":913,"date":"2016-04-14T21:42:02","date_gmt":"2016-04-14T21:42:02","guid":{"rendered":"http:\/\/www.biocabaz.com\/web\/produto\/cookie-chocolate-negro-s-gluten-150g-snhnitzer\/"},"modified":"2022-10-03T12:15:00","modified_gmt":"2022-10-03T12:15:00","slug":"cookie-chocolate-negro-s-gluten-150g-snhnitzer","status":"publish","type":"product","link":"https:\/\/biocabaz.pt\/web\/produto\/cookie-chocolate-negro-s-gluten-150g-snhnitzer\/","title":{"rendered":"COOKIE CHOCOLATE NEGRO S\/ GLUTEN BIO 150G SNHNITZER"},"content":{"rendered":"<p><strong>Descri\u00e7\u00e3o <\/strong><br \/>\n\t\t\t\tIngredientes: Chocolate negro* (25%) (A\u00e7\u00facar de cana*, massa de cacau*, manteiga de cacau*, emulsionante: lecitina de girassol e baunilha em p\u00f3*), a\u00e7\u00facar de cana*, creme vegetal* (\u00f3leo de palma*,\u00f3leo de girassol*, \u00e1gua, 0,2% sal, emulsionante: lecitina de girassol,sumo de lim\u00e3o*), OVO inteiro*, farinha de milho*, farinha de arroz*,amido de milho*, espessante: goma guar*, creme de t\u00e1rtaro (amido de milho, acidificante: tartarato de pot\u00e1ssio, levedante: bicarbonato de s\u00f3dio), cacau*, aroma natural de baunilha e sal marinho. Poder\u00e1 conter vest\u00edgios de s\u00e9samo, frutos de casca rija (avel\u00e3 e am\u00eandoa), soja, tremo\u00e7o e leite. *De produ\u00e7\u00e3o biol\u00f3gica.<\/p>\n<p><strong>Dados Nutricionais<\/strong><br \/>\n\t\t\t\tDeclara\u00e7\u00e3o Nutricional por 100g:<br \/> Energia: 2059kj \/492kcal;<br \/> L\u00edpidos: 23,8g &#8211; dos quais Saturados: 11,6g;<br \/> Hidratos de Carbono: 61,6g &#8211; dos quais A\u00e7\u00facares: 26,1g;<br \/> Fibra: 3,9g;<br \/> Prote\u00ednas;<br \/> 5,9g;<br \/> Sal: 0,42g.<\/p>\n<p><strong>Modo Utiliza\u00e7\u00e3o<\/strong><br \/>Conservar em local fresco e seco.<\/p>\n","protected":false},"excerpt":{"rendered":"<p>Descri\u00e7\u00e3o Ingredientes: Chocolate negro* (25%) (A\u00e7\u00facar de cana*, massa de cacau*, manteiga de cacau*, emulsionante: lecitina de girassol e baunilha em p\u00f3*), a\u00e7\u00facar de cana*, creme vegetal* (\u00f3leo de palma*,\u00f3leo de girassol*, \u00e1gua, 0,2% sal, emulsionante: lecitina de girassol,sumo de lim\u00e3o*), OVO inteiro*, farinha de milho*, farinha de arroz*,amido de milho*, espessante: goma guar*, creme [&hellip;]<\/p>\n","protected":false},"featured_media":1158,"comment_status":"closed","ping_status":"closed","template":"","meta":[],"product_cat":[54],"product_tag":[],"class_list":["post-913","product","type-product","status-publish","has-post-thumbnail","hentry","product_cat-alimentos-sem-gluten"],"bundle_layout":"","bundled_by":[],"bundled_items":[],"yoast_head":"<!-- This site is optimized with the Yoast SEO plugin v26.3 - https:\/\/yoast.com\/wordpress\/plugins\/seo\/ -->\n<title>COOKIE CHOCOLATE NEGRO S\/ GLUTEN BIO 150G SNHNITZER<\/title>\n<meta name=\"robots\" content=\"index, follow, max-snippet:-1, max-image-preview:large, max-video-preview:-1\" \/>\n<link rel=\"canonical\" href=\"https:\/\/biocabaz.pt\/web\/produto\/cookie-chocolate-negro-s-gluten-150g-snhnitzer\/\" \/>\n<meta property=\"og:locale\" content=\"pt_PT\" \/>\n<meta property=\"og:locale:alternate\" content=\"en_US\" \/>\n<meta property=\"og:type\" content=\"article\" \/>\n<meta property=\"og:title\" content=\"COOKIE CHOCOLATE NEGRO S\/ GLUTEN BIO 150G SNHNITZER\" \/>\n<meta property=\"og:description\" content=\"Descri\u00e7\u00e3o Ingredientes: Chocolate negro* (25%) (A\u00e7\u00facar de cana*, massa de cacau*, manteiga de cacau*, emulsionante: lecitina de girassol e baunilha em p\u00f3*), a\u00e7\u00facar de cana*, creme vegetal* (\u00f3leo de palma*,\u00f3leo de girassol*, \u00e1gua, 0,2% sal, emulsionante: lecitina de girassol,sumo de lim\u00e3o*), OVO inteiro*, farinha de milho*, farinha de arroz*,amido de milho*, espessante: goma guar*, creme [&hellip;]\" \/>\n<meta property=\"og:url\" content=\"https:\/\/biocabaz.pt\/web\/produto\/cookie-chocolate-negro-s-gluten-150g-snhnitzer\/\" \/>\n<meta property=\"og:site_name\" content=\"BIOCABAZ - CABAZES BIOL\u00d3GICOS\" \/>\n<meta property=\"article:modified_time\" content=\"2022-10-03T12:15:00+00:00\" \/>\n<meta property=\"og:image\" content=\"https:\/\/www.biocabaz.pt\/web\/wp-conteudos\/uploads\/2016\/04\/cookies_choc_schnitzer.jpg\" \/>\n\t<meta property=\"og:image:width\" content=\"610\" \/>\n\t<meta property=\"og:image:height\" content=\"1024\" \/>\n\t<meta property=\"og:image:type\" content=\"image\/jpeg\" \/>\n<meta name=\"twitter:card\" content=\"summary_large_image\" \/>\n<meta name=\"twitter:label1\" content=\"Est. reading time\" \/>\n\t<meta name=\"twitter:data1\" content=\"1 minuto\" \/>\n<script type=\"application\/ld+json\" class=\"yoast-schema-graph\">{\"@context\":\"https:\/\/schema.org\",\"@graph\":[{\"@type\":\"WebPage\",\"@id\":\"https:\/\/biocabaz.pt\/web\/en\/produto\/cookie-chocolate-negro-s-gluten-150g-snhnitzer\/\",\"url\":\"https:\/\/biocabaz.pt\/web\/en\/produto\/cookie-chocolate-negro-s-gluten-150g-snhnitzer\/\",\"name\":\"COOKIE CHOCOLATE NEGRO S\/ GLUTEN BIO 150G SNHNITZER\",\"isPartOf\":{\"@id\":\"https:\/\/biocabaz.pt\/web\/en\/#website\"},\"primaryImageOfPage\":{\"@id\":\"https:\/\/biocabaz.pt\/web\/en\/produto\/cookie-chocolate-negro-s-gluten-150g-snhnitzer\/#primaryimage\"},\"image\":{\"@id\":\"https:\/\/biocabaz.pt\/web\/en\/produto\/cookie-chocolate-negro-s-gluten-150g-snhnitzer\/#primaryimage\"},\"thumbnailUrl\":\"https:\/\/www.biocabaz.pt\/web\/wp-conteudos\/uploads\/2016\/04\/cookies_choc_schnitzer.jpg\",\"datePublished\":\"2016-04-14T21:42:02+00:00\",\"dateModified\":\"2022-10-03T12:15:00+00:00\",\"breadcrumb\":{\"@id\":\"https:\/\/biocabaz.pt\/web\/en\/produto\/cookie-chocolate-negro-s-gluten-150g-snhnitzer\/#breadcrumb\"},\"inLanguage\":\"pt-PT\",\"potentialAction\":[{\"@type\":\"ReadAction\",\"target\":[\"https:\/\/biocabaz.pt\/web\/en\/produto\/cookie-chocolate-negro-s-gluten-150g-snhnitzer\/\"]}]},{\"@type\":\"ImageObject\",\"inLanguage\":\"pt-PT\",\"@id\":\"https:\/\/biocabaz.pt\/web\/en\/produto\/cookie-chocolate-negro-s-gluten-150g-snhnitzer\/#primaryimage\",\"url\":\"https:\/\/www.biocabaz.pt\/web\/wp-conteudos\/uploads\/2016\/04\/cookies_choc_schnitzer.jpg\",\"contentUrl\":\"https:\/\/www.biocabaz.pt\/web\/wp-conteudos\/uploads\/2016\/04\/cookies_choc_schnitzer.jpg\",\"width\":610,\"height\":1024},{\"@type\":\"BreadcrumbList\",\"@id\":\"https:\/\/biocabaz.pt\/web\/en\/produto\/cookie-chocolate-negro-s-gluten-150g-snhnitzer\/#breadcrumb\",\"itemListElement\":[{\"@type\":\"ListItem\",\"position\":1,\"name\":\"Home\",\"item\":\"https:\/\/biocabaz.pt\/web\/en\/\"},{\"@type\":\"ListItem\",\"position\":2,\"name\":\"Shop\",\"item\":\"https:\/\/biocabaz.pt\/web\/en\/shop\/\"},{\"@type\":\"ListItem\",\"position\":3,\"name\":\"SCHNITZER ORGANIC GLUTEN-FREE CHOCOLATE COOKIES 150GR\"}]},{\"@type\":\"WebSite\",\"@id\":\"https:\/\/biocabaz.pt\/web\/en\/#website\",\"url\":\"https:\/\/biocabaz.pt\/web\/en\/\",\"name\":\"BIOCABAZ - CABAZES BIOL\u00d3GICOS\",\"description\":\"O melhor que a terra d\u00e1 \u00e9 para si\",\"potentialAction\":[{\"@type\":\"SearchAction\",\"target\":{\"@type\":\"EntryPoint\",\"urlTemplate\":\"https:\/\/biocabaz.pt\/web\/en\/?s={search_term_string}\"},\"query-input\":{\"@type\":\"PropertyValueSpecification\",\"valueRequired\":true,\"valueName\":\"search_term_string\"}}],\"inLanguage\":\"pt-PT\"}]}<\/script>\n<!-- \/ Yoast SEO plugin. -->","yoast_head_json":{"title":"COOKIE CHOCOLATE NEGRO S\/ GLUTEN BIO 150G SNHNITZER","robots":{"index":"index","follow":"follow","max-snippet":"max-snippet:-1","max-image-preview":"max-image-preview:large","max-video-preview":"max-video-preview:-1"},"canonical":"https:\/\/biocabaz.pt\/web\/produto\/cookie-chocolate-negro-s-gluten-150g-snhnitzer\/","og_locale":"pt_PT","og_type":"article","og_title":"[:pt]COOKIE CHOCOLATE NEGRO S\/ GLUTEN BIO 150G SNHNITZER[:en]SCHNITZER ORGANIC GLUTEN-FREE CHOCOLATE COOKIES 150GR[:] - BIOCABAZ - CABAZES BIOL\u00d3GICOS","og_description":"Descri\u00e7\u00e3o Ingredientes: Chocolate negro* (25%) (A\u00e7\u00facar de cana*, massa de cacau*, manteiga de cacau*, emulsionante: lecitina de girassol e baunilha em p\u00f3*), a\u00e7\u00facar de cana*, creme vegetal* (\u00f3leo de palma*,\u00f3leo de girassol*, \u00e1gua, 0,2% sal, emulsionante: lecitina de girassol,sumo de lim\u00e3o*), OVO inteiro*, farinha de milho*, farinha de arroz*,amido de milho*, espessante: goma guar*, creme [&hellip;]","og_url":"https:\/\/biocabaz.pt\/web\/produto\/cookie-chocolate-negro-s-gluten-150g-snhnitzer\/","og_site_name":"BIOCABAZ - CABAZES BIOL\u00d3GICOS","article_modified_time":"2022-10-03T12:15:00+00:00","og_image":[{"width":610,"height":1024,"url":"https:\/\/www.biocabaz.pt\/web\/wp-conteudos\/uploads\/2016\/04\/cookies_choc_schnitzer.jpg","type":"image\/jpeg"}],"twitter_card":"summary_large_image","twitter_misc":{"Est. reading time":"1 minuto"},"schema":{"@context":"https:\/\/schema.org","@graph":[{"@type":"WebPage","@id":"https:\/\/biocabaz.pt\/web\/en\/produto\/cookie-chocolate-negro-s-gluten-150g-snhnitzer\/","url":"https:\/\/biocabaz.pt\/web\/en\/produto\/cookie-chocolate-negro-s-gluten-150g-snhnitzer\/","name":"COOKIE CHOCOLATE NEGRO S\/ GLUTEN BIO 150G SNHNITZER","isPartOf":{"@id":"https:\/\/biocabaz.pt\/web\/en\/#website"},"primaryImageOfPage":{"@id":"https:\/\/biocabaz.pt\/web\/en\/produto\/cookie-chocolate-negro-s-gluten-150g-snhnitzer\/#primaryimage"},"image":{"@id":"https:\/\/biocabaz.pt\/web\/en\/produto\/cookie-chocolate-negro-s-gluten-150g-snhnitzer\/#primaryimage"},"thumbnailUrl":"https:\/\/www.biocabaz.pt\/web\/wp-conteudos\/uploads\/2016\/04\/cookies_choc_schnitzer.jpg","datePublished":"2016-04-14T21:42:02+00:00","dateModified":"2022-10-03T12:15:00+00:00","breadcrumb":{"@id":"https:\/\/biocabaz.pt\/web\/en\/produto\/cookie-chocolate-negro-s-gluten-150g-snhnitzer\/#breadcrumb"},"inLanguage":"pt-PT","potentialAction":[{"@type":"ReadAction","target":["https:\/\/biocabaz.pt\/web\/en\/produto\/cookie-chocolate-negro-s-gluten-150g-snhnitzer\/"]}]},{"@type":"ImageObject","inLanguage":"pt-PT","@id":"https:\/\/biocabaz.pt\/web\/en\/produto\/cookie-chocolate-negro-s-gluten-150g-snhnitzer\/#primaryimage","url":"https:\/\/www.biocabaz.pt\/web\/wp-conteudos\/uploads\/2016\/04\/cookies_choc_schnitzer.jpg","contentUrl":"https:\/\/www.biocabaz.pt\/web\/wp-conteudos\/uploads\/2016\/04\/cookies_choc_schnitzer.jpg","width":610,"height":1024},{"@type":"BreadcrumbList","@id":"https:\/\/biocabaz.pt\/web\/en\/produto\/cookie-chocolate-negro-s-gluten-150g-snhnitzer\/#breadcrumb","itemListElement":[{"@type":"ListItem","position":1,"name":"Home","item":"https:\/\/biocabaz.pt\/web\/en\/"},{"@type":"ListItem","position":2,"name":"Shop","item":"https:\/\/biocabaz.pt\/web\/en\/shop\/"},{"@type":"ListItem","position":3,"name":"SCHNITZER ORGANIC GLUTEN-FREE CHOCOLATE COOKIES 150GR"}]},{"@type":"WebSite","@id":"https:\/\/biocabaz.pt\/web\/en\/#website","url":"https:\/\/biocabaz.pt\/web\/en\/","name":"BIOCABAZ - CABAZES BIOL\u00d3GICOS","description":"O melhor que a terra d\u00e1 \u00e9 para si","potentialAction":[{"@type":"SearchAction","target":{"@type":"EntryPoint","urlTemplate":"https:\/\/biocabaz.pt\/web\/en\/?s={search_term_string}"},"query-input":{"@type":"PropertyValueSpecification","valueRequired":true,"valueName":"search_term_string"}}],"inLanguage":"pt-PT"}]}},"_links":{"self":[{"href":"https:\/\/biocabaz.pt\/web\/wp-json\/wp\/v2\/product\/913","targetHints":{"allow":["GET"]}}],"collection":[{"href":"https:\/\/biocabaz.pt\/web\/wp-json\/wp\/v2\/product"}],"about":[{"href":"https:\/\/biocabaz.pt\/web\/wp-json\/wp\/v2\/types\/product"}],"replies":[{"embeddable":true,"href":"https:\/\/biocabaz.pt\/web\/wp-json\/wp\/v2\/comments?post=913"}],"wp:featuredmedia":[{"embeddable":true,"href":"https:\/\/biocabaz.pt\/web\/wp-json\/wp\/v2\/media\/1158"}],"wp:attachment":[{"href":"https:\/\/biocabaz.pt\/web\/wp-json\/wp\/v2\/media?parent=913"}],"wp:term":[{"taxonomy":"product_cat","embeddable":true,"href":"https:\/\/biocabaz.pt\/web\/wp-json\/wp\/v2\/product_cat?post=913"},{"taxonomy":"product_tag","embeddable":true,"href":"https:\/\/biocabaz.pt\/web\/wp-json\/wp\/v2\/product_tag?post=913"}],"curies":[{"name":"wp","href":"https:\/\/api.w.org\/{rel}","templated":true}]}}