{"id":9124,"date":"2018-10-23T15:23:38","date_gmt":"2018-10-23T15:23:38","guid":{"rendered":"https:\/\/www.biocabaz.pt\/web\/?post_type=product&#038;p=9124"},"modified":"2022-10-03T11:23:50","modified_gmt":"2022-10-03T11:23:50","slug":"galetes-de-arroz-c-sal-dennree","status":"publish","type":"product","link":"https:\/\/biocabaz.pt\/web\/produto\/galetes-de-arroz-c-sal-dennree\/","title":{"rendered":"GALETES DE ARROZ C\/SAL DENNREE"},"content":{"rendered":"<p><strong>Descri\u00e7\u00e3o <\/strong><br \/>\n\t\t\t\tIngredientes: Arroz integral*, S\u00c9SAMO* (1%), sal marinho (0,3%). *de agricultura biol\u00f3gica controlada. Alerg\u00e9nios: Pode conter vest\u00edgios de soja e leite.<\/p>\n<p><strong>Dados Nutricionais<\/strong><br \/>\n\t\t\t\tDeclara\u00e7\u00e3o Nutricional por 100g:<br \/> Energia: 1620kJ\/382 kcal;<br \/> Gordura: 3,2 g &#8211; dos quais saturados: 0,7 g;<br \/> Hidratos de Carbono: 78 g &#8211; dos quais a\u00e7\u00facares: 0,6 g;<br \/> Prote\u00edna: 8,6 g;<br \/> Sal: 0,32 g<\/p>\n<p><strong>Modo Utiliza\u00e7\u00e3o<\/strong><br \/>Conservar em local seco e fresco.<\/p>\n","protected":false},"excerpt":{"rendered":"<p>Descri\u00e7\u00e3o Ingredientes: Arroz integral*, S\u00c9SAMO* (1%), sal marinho (0,3%). *de agricultura biol\u00f3gica controlada. Alerg\u00e9nios: Pode conter vest\u00edgios de soja e leite. Dados Nutricionais Declara\u00e7\u00e3o Nutricional por 100g: Energia: 1620kJ\/382 kcal; Gordura: 3,2 g &#8211; dos quais saturados: 0,7 g; Hidratos de Carbono: 78 g &#8211; dos quais a\u00e7\u00facares: 0,6 g; Prote\u00edna: 8,6 g; Sal: 0,32 [&hellip;]<\/p>\n","protected":false},"featured_media":9125,"comment_status":"closed","ping_status":"closed","template":"","meta":[],"product_cat":[54,29],"product_tag":[],"class_list":["post-9124","product","type-product","status-publish","has-post-thumbnail","hentry","product_cat-alimentos-sem-gluten","product_cat-bolachas_e_snacks"],"bundle_layout":"","bundled_by":[],"bundled_items":[],"yoast_head":"<!-- This site is optimized with the Yoast SEO plugin v26.3 - https:\/\/yoast.com\/wordpress\/plugins\/seo\/ -->\n<title>GALETES DE ARROZ C\/SAL DENNREE<\/title>\n<meta name=\"description\" content=\"GALETES DE ARROZ C\/SAL DENNREE\" \/>\n<meta name=\"robots\" content=\"index, follow, max-snippet:-1, max-image-preview:large, max-video-preview:-1\" \/>\n<link rel=\"canonical\" href=\"https:\/\/www.biocabaz.pt\/web\/produto\/galetes-de-arroz-c-sal-dennree\/\" \/>\n<meta property=\"og:locale\" content=\"pt_PT\" \/>\n<meta property=\"og:locale:alternate\" content=\"en_US\" \/>\n<meta property=\"og:type\" content=\"article\" \/>\n<meta property=\"og:title\" content=\"GALETES DE ARROZ C\/SAL DENNREE\" \/>\n<meta property=\"og:description\" content=\"GALETES DE ARROZ C\/SAL DENNREE\" \/>\n<meta property=\"og:url\" content=\"https:\/\/biocabaz.pt\/web\/produto\/galetes-de-arroz-c-sal-dennree\/\" \/>\n<meta property=\"og:site_name\" content=\"BIOCABAZ - CABAZES BIOL\u00d3GICOS\" \/>\n<meta property=\"article:modified_time\" content=\"2022-10-03T11:23:50+00:00\" \/>\n<meta property=\"og:image\" content=\"https:\/\/www.biocabaz.pt\/web\/wp-conteudos\/uploads\/2018\/10\/GALETES-DE-ARROZ-COM-SAL-DENNREE-e1540308176603.jpg\" \/>\n\t<meta property=\"og:image:width\" content=\"235\" \/>\n\t<meta property=\"og:image:height\" content=\"616\" \/>\n\t<meta property=\"og:image:type\" content=\"image\/jpeg\" \/>\n<meta name=\"twitter:card\" content=\"summary_large_image\" \/>\n<meta name=\"twitter:label1\" content=\"Est. reading time\" \/>\n\t<meta name=\"twitter:data1\" content=\"1 minuto\" \/>\n<script type=\"application\/ld+json\" class=\"yoast-schema-graph\">{\"@context\":\"https:\/\/schema.org\",\"@graph\":[{\"@type\":\"WebPage\",\"@id\":\"https:\/\/www.biocabaz.pt\/web\/produto\/galetes-de-arroz-c-sal-dennree\/\",\"url\":\"https:\/\/www.biocabaz.pt\/web\/produto\/galetes-de-arroz-c-sal-dennree\/\",\"name\":\"GALETES DE ARROZ C\/SAL DENNREE\",\"isPartOf\":{\"@id\":\"https:\/\/www.biocabaz.pt\/web\/en\/#website\"},\"primaryImageOfPage\":{\"@id\":\"https:\/\/www.biocabaz.pt\/web\/produto\/galetes-de-arroz-c-sal-dennree\/#primaryimage\"},\"image\":{\"@id\":\"https:\/\/www.biocabaz.pt\/web\/produto\/galetes-de-arroz-c-sal-dennree\/#primaryimage\"},\"thumbnailUrl\":\"https:\/\/www.biocabaz.pt\/web\/wp-conteudos\/uploads\/2018\/10\/GALETES-DE-ARROZ-COM-SAL-DENNREE-e1540308176603.jpg\",\"datePublished\":\"2018-10-23T15:23:38+00:00\",\"dateModified\":\"2022-10-03T11:23:50+00:00\",\"description\":\"GALETES DE ARROZ C\/SAL DENNREE\",\"breadcrumb\":{\"@id\":\"https:\/\/www.biocabaz.pt\/web\/produto\/galetes-de-arroz-c-sal-dennree\/#breadcrumb\"},\"inLanguage\":\"pt-PT\",\"potentialAction\":[{\"@type\":\"ReadAction\",\"target\":[\"https:\/\/www.biocabaz.pt\/web\/produto\/galetes-de-arroz-c-sal-dennree\/\"]}]},{\"@type\":\"ImageObject\",\"inLanguage\":\"pt-PT\",\"@id\":\"https:\/\/www.biocabaz.pt\/web\/produto\/galetes-de-arroz-c-sal-dennree\/#primaryimage\",\"url\":\"https:\/\/www.biocabaz.pt\/web\/wp-conteudos\/uploads\/2018\/10\/GALETES-DE-ARROZ-COM-SAL-DENNREE-e1540308176603.jpg\",\"contentUrl\":\"https:\/\/www.biocabaz.pt\/web\/wp-conteudos\/uploads\/2018\/10\/GALETES-DE-ARROZ-COM-SAL-DENNREE-e1540308176603.jpg\",\"width\":235,\"height\":616,\"caption\":\"GALETES DE ARROZ C\/SAL DENNREE\"},{\"@type\":\"BreadcrumbList\",\"@id\":\"https:\/\/www.biocabaz.pt\/web\/produto\/galetes-de-arroz-c-sal-dennree\/#breadcrumb\",\"itemListElement\":[{\"@type\":\"ListItem\",\"position\":1,\"name\":\"Home\",\"item\":\"https:\/\/www.biocabaz.pt\/web\/en\/\"},{\"@type\":\"ListItem\",\"position\":2,\"name\":\"Shop\",\"item\":\"https:\/\/www.biocabaz.pt\/web\/en\/shop\/\"},{\"@type\":\"ListItem\",\"position\":3,\"name\":\"GALETES DE ARROZ C\/SAL DENNREE\"}]},{\"@type\":\"WebSite\",\"@id\":\"https:\/\/www.biocabaz.pt\/web\/en\/#website\",\"url\":\"https:\/\/www.biocabaz.pt\/web\/en\/\",\"name\":\"BIOCABAZ - CABAZES BIOL\u00d3GICOS\",\"description\":\"O melhor que a terra d\u00e1 \u00e9 para si\",\"potentialAction\":[{\"@type\":\"SearchAction\",\"target\":{\"@type\":\"EntryPoint\",\"urlTemplate\":\"https:\/\/www.biocabaz.pt\/web\/en\/?s={search_term_string}\"},\"query-input\":{\"@type\":\"PropertyValueSpecification\",\"valueRequired\":true,\"valueName\":\"search_term_string\"}}],\"inLanguage\":\"pt-PT\"}]}<\/script>\n<!-- \/ Yoast SEO plugin. -->","yoast_head_json":{"title":"GALETES DE ARROZ C\/SAL DENNREE","description":"GALETES DE ARROZ C\/SAL DENNREE","robots":{"index":"index","follow":"follow","max-snippet":"max-snippet:-1","max-image-preview":"max-image-preview:large","max-video-preview":"max-video-preview:-1"},"canonical":"https:\/\/www.biocabaz.pt\/web\/produto\/galetes-de-arroz-c-sal-dennree\/","og_locale":"pt_PT","og_type":"article","og_title":"[:en]DENNREE ORGANIC RICE CAKES[:pt]GALETES DE ARROZ C\/SAL DENNREE[:] - BIOCABAZ - CABAZES BIOL\u00d3GICOS","og_description":"GALETES DE ARROZ C\/SAL DENNREE","og_url":"https:\/\/biocabaz.pt\/web\/produto\/galetes-de-arroz-c-sal-dennree\/","og_site_name":"BIOCABAZ - CABAZES BIOL\u00d3GICOS","article_modified_time":"2022-10-03T11:23:50+00:00","og_image":[{"width":235,"height":616,"url":"https:\/\/www.biocabaz.pt\/web\/wp-conteudos\/uploads\/2018\/10\/GALETES-DE-ARROZ-COM-SAL-DENNREE-e1540308176603.jpg","type":"image\/jpeg"}],"twitter_card":"summary_large_image","twitter_misc":{"Est. reading time":"1 minuto"},"schema":{"@context":"https:\/\/schema.org","@graph":[{"@type":"WebPage","@id":"https:\/\/www.biocabaz.pt\/web\/produto\/galetes-de-arroz-c-sal-dennree\/","url":"https:\/\/www.biocabaz.pt\/web\/produto\/galetes-de-arroz-c-sal-dennree\/","name":"GALETES DE ARROZ C\/SAL DENNREE","isPartOf":{"@id":"https:\/\/www.biocabaz.pt\/web\/en\/#website"},"primaryImageOfPage":{"@id":"https:\/\/www.biocabaz.pt\/web\/produto\/galetes-de-arroz-c-sal-dennree\/#primaryimage"},"image":{"@id":"https:\/\/www.biocabaz.pt\/web\/produto\/galetes-de-arroz-c-sal-dennree\/#primaryimage"},"thumbnailUrl":"https:\/\/www.biocabaz.pt\/web\/wp-conteudos\/uploads\/2018\/10\/GALETES-DE-ARROZ-COM-SAL-DENNREE-e1540308176603.jpg","datePublished":"2018-10-23T15:23:38+00:00","dateModified":"2022-10-03T11:23:50+00:00","description":"GALETES DE ARROZ C\/SAL DENNREE","breadcrumb":{"@id":"https:\/\/www.biocabaz.pt\/web\/produto\/galetes-de-arroz-c-sal-dennree\/#breadcrumb"},"inLanguage":"pt-PT","potentialAction":[{"@type":"ReadAction","target":["https:\/\/www.biocabaz.pt\/web\/produto\/galetes-de-arroz-c-sal-dennree\/"]}]},{"@type":"ImageObject","inLanguage":"pt-PT","@id":"https:\/\/www.biocabaz.pt\/web\/produto\/galetes-de-arroz-c-sal-dennree\/#primaryimage","url":"https:\/\/www.biocabaz.pt\/web\/wp-conteudos\/uploads\/2018\/10\/GALETES-DE-ARROZ-COM-SAL-DENNREE-e1540308176603.jpg","contentUrl":"https:\/\/www.biocabaz.pt\/web\/wp-conteudos\/uploads\/2018\/10\/GALETES-DE-ARROZ-COM-SAL-DENNREE-e1540308176603.jpg","width":235,"height":616,"caption":"GALETES DE ARROZ C\/SAL DENNREE"},{"@type":"BreadcrumbList","@id":"https:\/\/www.biocabaz.pt\/web\/produto\/galetes-de-arroz-c-sal-dennree\/#breadcrumb","itemListElement":[{"@type":"ListItem","position":1,"name":"Home","item":"https:\/\/www.biocabaz.pt\/web\/en\/"},{"@type":"ListItem","position":2,"name":"Shop","item":"https:\/\/www.biocabaz.pt\/web\/en\/shop\/"},{"@type":"ListItem","position":3,"name":"GALETES DE ARROZ C\/SAL DENNREE"}]},{"@type":"WebSite","@id":"https:\/\/www.biocabaz.pt\/web\/en\/#website","url":"https:\/\/www.biocabaz.pt\/web\/en\/","name":"BIOCABAZ - CABAZES BIOL\u00d3GICOS","description":"O melhor que a terra d\u00e1 \u00e9 para si","potentialAction":[{"@type":"SearchAction","target":{"@type":"EntryPoint","urlTemplate":"https:\/\/www.biocabaz.pt\/web\/en\/?s={search_term_string}"},"query-input":{"@type":"PropertyValueSpecification","valueRequired":true,"valueName":"search_term_string"}}],"inLanguage":"pt-PT"}]}},"_links":{"self":[{"href":"https:\/\/biocabaz.pt\/web\/wp-json\/wp\/v2\/product\/9124","targetHints":{"allow":["GET"]}}],"collection":[{"href":"https:\/\/biocabaz.pt\/web\/wp-json\/wp\/v2\/product"}],"about":[{"href":"https:\/\/biocabaz.pt\/web\/wp-json\/wp\/v2\/types\/product"}],"replies":[{"embeddable":true,"href":"https:\/\/biocabaz.pt\/web\/wp-json\/wp\/v2\/comments?post=9124"}],"wp:featuredmedia":[{"embeddable":true,"href":"https:\/\/biocabaz.pt\/web\/wp-json\/wp\/v2\/media\/9125"}],"wp:attachment":[{"href":"https:\/\/biocabaz.pt\/web\/wp-json\/wp\/v2\/media?parent=9124"}],"wp:term":[{"taxonomy":"product_cat","embeddable":true,"href":"https:\/\/biocabaz.pt\/web\/wp-json\/wp\/v2\/product_cat?post=9124"},{"taxonomy":"product_tag","embeddable":true,"href":"https:\/\/biocabaz.pt\/web\/wp-json\/wp\/v2\/product_tag?post=9124"}],"curies":[{"name":"wp","href":"https:\/\/api.w.org\/{rel}","templated":true}]}}