{"id":9098,"date":"2018-10-23T11:05:17","date_gmt":"2018-10-23T11:05:17","guid":{"rendered":"https:\/\/www.biocabaz.pt\/web\/?post_type=product&#038;p=9098"},"modified":"2025-06-09T10:33:17","modified_gmt":"2025-06-09T10:33:17","slug":"biscoitos-double-chocolate-bio-twibio","status":"publish","type":"product","link":"https:\/\/biocabaz.pt\/web\/produto\/biscoitos-double-chocolate-bio-twibio\/","title":{"rendered":"BISCOITOS  DOUBLE CHOCOLATE BIO TWIBIO"},"content":{"rendered":"<p><strong>Descri\u00e7\u00e3o <\/strong><br \/>\n\t\t\t\tIngredientes: Farinha trigo T65; chocolate de leite 14% (a\u00e7\u00facar de cana, manteiga de cacau, leite em p\u00f3, pasta de cacau, extrato de baunilha), \u00f3leo de girassol, a\u00e7\u00facar de cana n\u00e3o refinado, xarope de trigo, manteiga de cacau, pepitas de chocolate 4% (a\u00e7\u00facar de cana, pasta de cacau, manteiga de cacau, extrato de baunilha), avel\u00e3s, cacau em p\u00f3 3%, xarope de agave, fibra de aveia, fermento, bicarbonato de s\u00f3dio, sumo concentrado de lim\u00e3o, baunilha em p\u00f3. Provenientes de produ\u00e7\u00e3o biol\u00f3gica. Alerg\u00e9nios: Cont\u00e9m gl\u00faten (trigo e aveia), leite e avel\u00e3. <\/p>\n<p><strong>Dados Nutricionais<\/strong><br \/>\n\t\t\t\tDeclara\u00e7\u00e3o Nutricional por 100g:<br \/> Energia: 2228kj\/534kal;<br \/> L\u00edpidos: 31,2g \u2013 dos quais \u00e1cidos gordos saturados: 9,8g;<br \/> hidratos de carbono: 55,4g \u2013 dos quais a\u00e7\u00facares: 31,1g;<br \/> Fibras: 4,2g;<br \/> Prote\u00ednas: 5,8g;<br \/> Sal: 0,15g.<\/p>\n<p><strong>Modo Utiliza\u00e7\u00e3o<\/strong><br \/>Conservar em local seco e fresco.<\/p>\n","protected":false},"excerpt":{"rendered":"<p>Descri\u00e7\u00e3o Ingredientes: Farinha trigo T65; chocolate de leite 14% (a\u00e7\u00facar de cana, manteiga de cacau, leite em p\u00f3, pasta de cacau, extrato de baunilha), \u00f3leo de girassol, a\u00e7\u00facar de cana n\u00e3o refinado, xarope de trigo, manteiga de cacau, pepitas de chocolate 4% (a\u00e7\u00facar de cana, pasta de cacau, manteiga de cacau, extrato de baunilha), avel\u00e3s, [&hellip;]<\/p>\n","protected":false},"featured_media":9099,"comment_status":"closed","ping_status":"closed","template":"","meta":[],"product_cat":[29],"product_tag":[],"class_list":["post-9098","product","type-product","status-publish","has-post-thumbnail","hentry","product_cat-bolachas_e_snacks"],"bundle_layout":"","bundled_by":[],"bundled_items":[],"yoast_head":"<!-- This site is optimized with the Yoast SEO plugin v26.3 - https:\/\/yoast.com\/wordpress\/plugins\/seo\/ -->\n<title>BISCOITOS DOUBLE CHOCOLATE BIO TWIBIO<\/title>\n<meta name=\"description\" content=\"BISCOITOS DOUBLE CHOCOLATE BIO TWIBIO\" \/>\n<meta name=\"robots\" content=\"index, follow, max-snippet:-1, max-image-preview:large, max-video-preview:-1\" \/>\n<link rel=\"canonical\" href=\"https:\/\/www.biocabaz.pt\/web\/en\/produto\/biscoitos-double-chocolate-bio-twibio\/\" \/>\n<meta property=\"og:locale\" content=\"pt_PT\" \/>\n<meta property=\"og:locale:alternate\" content=\"en_US\" \/>\n<meta property=\"og:type\" content=\"article\" \/>\n<meta property=\"og:title\" content=\"BISCOITOS DOUBLE CHOCOLATE BIO TWIBIO\" \/>\n<meta property=\"og:description\" content=\"BISCOITOS DOUBLE CHOCOLATE BIO TWIBIO\" \/>\n<meta property=\"og:url\" content=\"https:\/\/biocabaz.pt\/web\/produto\/biscoitos-double-chocolate-bio-twibio\/\" \/>\n<meta property=\"og:site_name\" content=\"BIOCABAZ - CABAZES BIOL\u00d3GICOS\" \/>\n<meta property=\"article:modified_time\" content=\"2025-06-09T10:33:17+00:00\" \/>\n<meta property=\"og:image\" content=\"https:\/\/www.biocabaz.pt\/web\/wp-conteudos\/uploads\/2018\/10\/TWIBIO-3D-DOUBLE-CHOCOLAT-detail.png\" \/>\n\t<meta property=\"og:image:width\" content=\"600\" \/>\n\t<meta property=\"og:image:height\" content=\"620\" \/>\n\t<meta property=\"og:image:type\" content=\"image\/png\" \/>\n<meta name=\"twitter:card\" content=\"summary_large_image\" \/>\n<meta name=\"twitter:label1\" content=\"Est. reading time\" \/>\n\t<meta name=\"twitter:data1\" content=\"1 minuto\" \/>\n<script type=\"application\/ld+json\" class=\"yoast-schema-graph\">{\"@context\":\"https:\/\/schema.org\",\"@graph\":[{\"@type\":\"WebPage\",\"@id\":\"https:\/\/www.biocabaz.pt\/web\/en\/produto\/biscoitos-double-chocolate-bio-twibio\/\",\"url\":\"https:\/\/www.biocabaz.pt\/web\/en\/produto\/biscoitos-double-chocolate-bio-twibio\/\",\"name\":\"BISCOITOS DOUBLE CHOCOLATE BIO TWIBIO\",\"isPartOf\":{\"@id\":\"https:\/\/biocabaz.pt\/web\/#website\"},\"primaryImageOfPage\":{\"@id\":\"https:\/\/www.biocabaz.pt\/web\/en\/produto\/biscoitos-double-chocolate-bio-twibio\/#primaryimage\"},\"image\":{\"@id\":\"https:\/\/www.biocabaz.pt\/web\/en\/produto\/biscoitos-double-chocolate-bio-twibio\/#primaryimage\"},\"thumbnailUrl\":\"https:\/\/www.biocabaz.pt\/web\/wp-conteudos\/uploads\/2018\/10\/TWIBIO-3D-DOUBLE-CHOCOLAT-detail.png\",\"datePublished\":\"2018-10-23T11:05:17+00:00\",\"dateModified\":\"2025-06-09T10:33:17+00:00\",\"description\":\"BISCOITOS DOUBLE CHOCOLATE BIO TWIBIO\",\"breadcrumb\":{\"@id\":\"https:\/\/www.biocabaz.pt\/web\/en\/produto\/biscoitos-double-chocolate-bio-twibio\/#breadcrumb\"},\"inLanguage\":\"pt-PT\",\"potentialAction\":[{\"@type\":\"ReadAction\",\"target\":[\"https:\/\/www.biocabaz.pt\/web\/en\/produto\/biscoitos-double-chocolate-bio-twibio\/\"]}]},{\"@type\":\"ImageObject\",\"inLanguage\":\"pt-PT\",\"@id\":\"https:\/\/www.biocabaz.pt\/web\/en\/produto\/biscoitos-double-chocolate-bio-twibio\/#primaryimage\",\"url\":\"https:\/\/www.biocabaz.pt\/web\/wp-conteudos\/uploads\/2018\/10\/TWIBIO-3D-DOUBLE-CHOCOLAT-detail.png\",\"contentUrl\":\"https:\/\/www.biocabaz.pt\/web\/wp-conteudos\/uploads\/2018\/10\/TWIBIO-3D-DOUBLE-CHOCOLAT-detail.png\",\"width\":600,\"height\":620,\"caption\":\"BISCOITOS DOUBLE CHOCOLATE BIO TWIBIO\"},{\"@type\":\"BreadcrumbList\",\"@id\":\"https:\/\/www.biocabaz.pt\/web\/en\/produto\/biscoitos-double-chocolate-bio-twibio\/#breadcrumb\",\"itemListElement\":[{\"@type\":\"ListItem\",\"position\":1,\"name\":\"Home\",\"item\":\"https:\/\/biocabaz.pt\/web\/\"},{\"@type\":\"ListItem\",\"position\":2,\"name\":\"Loja\",\"item\":\"https:\/\/biocabaz.pt\/web\/shop\/\"},{\"@type\":\"ListItem\",\"position\":3,\"name\":\"TWIBIO ORGANIC DOUBLE CHOCOLATE BISCUITS\"}]},{\"@type\":\"WebSite\",\"@id\":\"https:\/\/biocabaz.pt\/web\/#website\",\"url\":\"https:\/\/biocabaz.pt\/web\/\",\"name\":\"BIOCABAZ - CABAZES BIOL\u00d3GICOS\",\"description\":\"O melhor que a terra d\u00e1 \u00e9 para si\",\"potentialAction\":[{\"@type\":\"SearchAction\",\"target\":{\"@type\":\"EntryPoint\",\"urlTemplate\":\"https:\/\/biocabaz.pt\/web\/?s={search_term_string}\"},\"query-input\":{\"@type\":\"PropertyValueSpecification\",\"valueRequired\":true,\"valueName\":\"search_term_string\"}}],\"inLanguage\":\"pt-PT\"}]}<\/script>\n<!-- \/ Yoast SEO plugin. -->","yoast_head_json":{"title":"BISCOITOS DOUBLE CHOCOLATE BIO TWIBIO","description":"BISCOITOS DOUBLE CHOCOLATE BIO TWIBIO","robots":{"index":"index","follow":"follow","max-snippet":"max-snippet:-1","max-image-preview":"max-image-preview:large","max-video-preview":"max-video-preview:-1"},"canonical":"https:\/\/www.biocabaz.pt\/web\/en\/produto\/biscoitos-double-chocolate-bio-twibio\/","og_locale":"pt_PT","og_type":"article","og_title":"[:en]TWIBIO ORGANIC DOUBLE CHOCOLATE BISCUITS[:pt]BISCOITOS DOUBLE CHOCOLATE BIO TWIBIO[:] - BIOCABAZ - CABAZES BIOL\u00d3GICOS","og_description":"BISCOITOS DOUBLE CHOCOLATE BIO TWIBIO","og_url":"https:\/\/biocabaz.pt\/web\/produto\/biscoitos-double-chocolate-bio-twibio\/","og_site_name":"BIOCABAZ - CABAZES BIOL\u00d3GICOS","article_modified_time":"2025-06-09T10:33:17+00:00","og_image":[{"width":600,"height":620,"url":"https:\/\/www.biocabaz.pt\/web\/wp-conteudos\/uploads\/2018\/10\/TWIBIO-3D-DOUBLE-CHOCOLAT-detail.png","type":"image\/png"}],"twitter_card":"summary_large_image","twitter_misc":{"Est. reading time":"1 minuto"},"schema":{"@context":"https:\/\/schema.org","@graph":[{"@type":"WebPage","@id":"https:\/\/www.biocabaz.pt\/web\/en\/produto\/biscoitos-double-chocolate-bio-twibio\/","url":"https:\/\/www.biocabaz.pt\/web\/en\/produto\/biscoitos-double-chocolate-bio-twibio\/","name":"BISCOITOS DOUBLE CHOCOLATE BIO TWIBIO","isPartOf":{"@id":"https:\/\/biocabaz.pt\/web\/#website"},"primaryImageOfPage":{"@id":"https:\/\/www.biocabaz.pt\/web\/en\/produto\/biscoitos-double-chocolate-bio-twibio\/#primaryimage"},"image":{"@id":"https:\/\/www.biocabaz.pt\/web\/en\/produto\/biscoitos-double-chocolate-bio-twibio\/#primaryimage"},"thumbnailUrl":"https:\/\/www.biocabaz.pt\/web\/wp-conteudos\/uploads\/2018\/10\/TWIBIO-3D-DOUBLE-CHOCOLAT-detail.png","datePublished":"2018-10-23T11:05:17+00:00","dateModified":"2025-06-09T10:33:17+00:00","description":"BISCOITOS DOUBLE CHOCOLATE BIO TWIBIO","breadcrumb":{"@id":"https:\/\/www.biocabaz.pt\/web\/en\/produto\/biscoitos-double-chocolate-bio-twibio\/#breadcrumb"},"inLanguage":"pt-PT","potentialAction":[{"@type":"ReadAction","target":["https:\/\/www.biocabaz.pt\/web\/en\/produto\/biscoitos-double-chocolate-bio-twibio\/"]}]},{"@type":"ImageObject","inLanguage":"pt-PT","@id":"https:\/\/www.biocabaz.pt\/web\/en\/produto\/biscoitos-double-chocolate-bio-twibio\/#primaryimage","url":"https:\/\/www.biocabaz.pt\/web\/wp-conteudos\/uploads\/2018\/10\/TWIBIO-3D-DOUBLE-CHOCOLAT-detail.png","contentUrl":"https:\/\/www.biocabaz.pt\/web\/wp-conteudos\/uploads\/2018\/10\/TWIBIO-3D-DOUBLE-CHOCOLAT-detail.png","width":600,"height":620,"caption":"BISCOITOS DOUBLE CHOCOLATE BIO TWIBIO"},{"@type":"BreadcrumbList","@id":"https:\/\/www.biocabaz.pt\/web\/en\/produto\/biscoitos-double-chocolate-bio-twibio\/#breadcrumb","itemListElement":[{"@type":"ListItem","position":1,"name":"Home","item":"https:\/\/biocabaz.pt\/web\/"},{"@type":"ListItem","position":2,"name":"Loja","item":"https:\/\/biocabaz.pt\/web\/shop\/"},{"@type":"ListItem","position":3,"name":"TWIBIO ORGANIC DOUBLE CHOCOLATE BISCUITS"}]},{"@type":"WebSite","@id":"https:\/\/biocabaz.pt\/web\/#website","url":"https:\/\/biocabaz.pt\/web\/","name":"BIOCABAZ - CABAZES BIOL\u00d3GICOS","description":"O melhor que a terra d\u00e1 \u00e9 para si","potentialAction":[{"@type":"SearchAction","target":{"@type":"EntryPoint","urlTemplate":"https:\/\/biocabaz.pt\/web\/?s={search_term_string}"},"query-input":{"@type":"PropertyValueSpecification","valueRequired":true,"valueName":"search_term_string"}}],"inLanguage":"pt-PT"}]}},"_links":{"self":[{"href":"https:\/\/biocabaz.pt\/web\/wp-json\/wp\/v2\/product\/9098","targetHints":{"allow":["GET"]}}],"collection":[{"href":"https:\/\/biocabaz.pt\/web\/wp-json\/wp\/v2\/product"}],"about":[{"href":"https:\/\/biocabaz.pt\/web\/wp-json\/wp\/v2\/types\/product"}],"replies":[{"embeddable":true,"href":"https:\/\/biocabaz.pt\/web\/wp-json\/wp\/v2\/comments?post=9098"}],"wp:featuredmedia":[{"embeddable":true,"href":"https:\/\/biocabaz.pt\/web\/wp-json\/wp\/v2\/media\/9099"}],"wp:attachment":[{"href":"https:\/\/biocabaz.pt\/web\/wp-json\/wp\/v2\/media?parent=9098"}],"wp:term":[{"taxonomy":"product_cat","embeddable":true,"href":"https:\/\/biocabaz.pt\/web\/wp-json\/wp\/v2\/product_cat?post=9098"},{"taxonomy":"product_tag","embeddable":true,"href":"https:\/\/biocabaz.pt\/web\/wp-json\/wp\/v2\/product_tag?post=9098"}],"curies":[{"name":"wp","href":"https:\/\/api.w.org\/{rel}","templated":true}]}}