{"id":9086,"date":"2018-10-23T10:35:31","date_gmt":"2018-10-23T10:35:31","guid":{"rendered":"https:\/\/www.biocabaz.pt\/web\/?post_type=product&#038;p=9086"},"modified":"2025-06-09T10:33:57","modified_gmt":"2025-06-09T10:33:57","slug":"biscoitos-c-recheio-de-figo-bio-twibio","status":"publish","type":"product","link":"https:\/\/biocabaz.pt\/web\/produto\/biscoitos-c-recheio-de-figo-bio-twibio\/","title":{"rendered":"BISCOITOS C\/RECHEIO DE FIGO BIO TWIBIO"},"content":{"rendered":"<p><strong>Descri\u00e7\u00e3o <\/strong><br \/>\n\t\t\t\tIngredientes: Farinha de trigo T65, a\u00e7\u00facar de cana n\u00e3o refinado, xarope de trigo, \u00f3leo de girassol, manteiga de cacau, rapadura, levedante: bicarbonato de s\u00f3dio, fibra de aveia, sumo concentrado de lim\u00e3o, sal, canela &#8211; provenientes de agricultura biol\u00f3gica. <\/p>\n<p><strong>Dados Nutricionais<\/strong><br \/>\n\t\t\t\tDeclara\u00e7\u00e3o Nutricional por 100g:<br \/> Energia: 1640kj\/390kal;<br \/> L\u00edpidos: 10,7g \u2013 dos quais \u00e1cidos gordos saturados: 4,8g;<br \/> Hidratos de carbono: 65,4g \u2013 dos quais a\u00e7\u00facares: 37,4g;<br \/> Fibra: 7,4g;<br \/> Prote\u00ednas: 4,3g;<br \/> Sal: 0,33g.<\/p>\n<p><strong>Modo Utiliza\u00e7\u00e3o<\/strong><br \/>Conservar em local seco e fresco.<\/p>\n","protected":false},"excerpt":{"rendered":"<p>Descri\u00e7\u00e3o Ingredientes: Farinha de trigo T65, a\u00e7\u00facar de cana n\u00e3o refinado, xarope de trigo, \u00f3leo de girassol, manteiga de cacau, rapadura, levedante: bicarbonato de s\u00f3dio, fibra de aveia, sumo concentrado de lim\u00e3o, sal, canela &#8211; provenientes de agricultura biol\u00f3gica. Dados Nutricionais Declara\u00e7\u00e3o Nutricional por 100g: Energia: 1640kj\/390kal; L\u00edpidos: 10,7g \u2013 dos quais \u00e1cidos gordos saturados: [&hellip;]<\/p>\n","protected":false},"featured_media":9087,"comment_status":"closed","ping_status":"closed","template":"","meta":[],"product_cat":[29],"product_tag":[],"class_list":["post-9086","product","type-product","status-publish","has-post-thumbnail","hentry","product_cat-bolachas_e_snacks"],"bundle_layout":"","bundled_by":[],"bundled_items":[],"yoast_head":"<!-- This site is optimized with the Yoast SEO plugin v26.3 - https:\/\/yoast.com\/wordpress\/plugins\/seo\/ -->\n<title>BISCOITOS C\/RECHEIO DE FIGO BIO TWIBIO<\/title>\n<meta name=\"description\" content=\"BISCOITOS C\/RECHEIO DE FIGO BIO TWIBIO\" \/>\n<meta name=\"robots\" content=\"index, follow, max-snippet:-1, max-image-preview:large, max-video-preview:-1\" \/>\n<link rel=\"canonical\" href=\"https:\/\/biocabaz.pt\/web\/produto\/biscoitos-c-recheio-de-figo-bio-twibio\/\" \/>\n<meta property=\"og:locale\" content=\"pt_PT\" \/>\n<meta property=\"og:locale:alternate\" content=\"en_US\" \/>\n<meta property=\"og:type\" content=\"article\" \/>\n<meta property=\"og:title\" content=\"BISCOITOS C\/RECHEIO DE FIGO BIO TWIBIO\" \/>\n<meta property=\"og:description\" content=\"BISCOITOS C\/RECHEIO DE FIGO BIO TWIBIO\" \/>\n<meta property=\"og:url\" content=\"https:\/\/biocabaz.pt\/web\/produto\/biscoitos-c-recheio-de-figo-bio-twibio\/\" \/>\n<meta property=\"og:site_name\" content=\"BIOCABAZ - CABAZES BIOL\u00d3GICOS\" \/>\n<meta property=\"article:modified_time\" content=\"2025-06-09T10:33:57+00:00\" \/>\n<meta property=\"og:image\" content=\"https:\/\/www.biocabaz.pt\/web\/wp-conteudos\/uploads\/2018\/10\/BISCOITOS-COM-RECHEIO-DE-FIGO-BIO-TWIBIO.png\" \/>\n\t<meta property=\"og:image:width\" content=\"600\" \/>\n\t<meta property=\"og:image:height\" content=\"620\" \/>\n\t<meta property=\"og:image:type\" content=\"image\/png\" \/>\n<meta name=\"twitter:card\" content=\"summary_large_image\" \/>\n<meta name=\"twitter:label1\" content=\"Est. reading time\" \/>\n\t<meta name=\"twitter:data1\" content=\"1 minuto\" \/>\n<script type=\"application\/ld+json\" class=\"yoast-schema-graph\">{\"@context\":\"https:\/\/schema.org\",\"@graph\":[{\"@type\":\"WebPage\",\"@id\":\"https:\/\/biocabaz.pt\/web\/produto\/biscoitos-c-recheio-de-figo-bio-twibio\/\",\"url\":\"https:\/\/biocabaz.pt\/web\/produto\/biscoitos-c-recheio-de-figo-bio-twibio\/\",\"name\":\"BISCOITOS C\/RECHEIO DE FIGO BIO TWIBIO\",\"isPartOf\":{\"@id\":\"https:\/\/biocabaz.pt\/web\/#website\"},\"primaryImageOfPage\":{\"@id\":\"https:\/\/biocabaz.pt\/web\/produto\/biscoitos-c-recheio-de-figo-bio-twibio\/#primaryimage\"},\"image\":{\"@id\":\"https:\/\/biocabaz.pt\/web\/produto\/biscoitos-c-recheio-de-figo-bio-twibio\/#primaryimage\"},\"thumbnailUrl\":\"https:\/\/www.biocabaz.pt\/web\/wp-conteudos\/uploads\/2018\/10\/BISCOITOS-COM-RECHEIO-DE-FIGO-BIO-TWIBIO.png\",\"datePublished\":\"2018-10-23T10:35:31+00:00\",\"dateModified\":\"2025-06-09T10:33:57+00:00\",\"description\":\"BISCOITOS C\/RECHEIO DE FIGO BIO TWIBIO\",\"breadcrumb\":{\"@id\":\"https:\/\/biocabaz.pt\/web\/produto\/biscoitos-c-recheio-de-figo-bio-twibio\/#breadcrumb\"},\"inLanguage\":\"pt-PT\",\"potentialAction\":[{\"@type\":\"ReadAction\",\"target\":[\"https:\/\/biocabaz.pt\/web\/produto\/biscoitos-c-recheio-de-figo-bio-twibio\/\"]}]},{\"@type\":\"ImageObject\",\"inLanguage\":\"pt-PT\",\"@id\":\"https:\/\/biocabaz.pt\/web\/produto\/biscoitos-c-recheio-de-figo-bio-twibio\/#primaryimage\",\"url\":\"https:\/\/www.biocabaz.pt\/web\/wp-conteudos\/uploads\/2018\/10\/BISCOITOS-COM-RECHEIO-DE-FIGO-BIO-TWIBIO.png\",\"contentUrl\":\"https:\/\/www.biocabaz.pt\/web\/wp-conteudos\/uploads\/2018\/10\/BISCOITOS-COM-RECHEIO-DE-FIGO-BIO-TWIBIO.png\",\"width\":600,\"height\":620,\"caption\":\"BISCOITOS C\/RECHEIO DE FIGO BIO TWIBIO\"},{\"@type\":\"BreadcrumbList\",\"@id\":\"https:\/\/biocabaz.pt\/web\/produto\/biscoitos-c-recheio-de-figo-bio-twibio\/#breadcrumb\",\"itemListElement\":[{\"@type\":\"ListItem\",\"position\":1,\"name\":\"Home\",\"item\":\"https:\/\/biocabaz.pt\/web\/\"},{\"@type\":\"ListItem\",\"position\":2,\"name\":\"Loja\",\"item\":\"https:\/\/biocabaz.pt\/web\/shop\/\"},{\"@type\":\"ListItem\",\"position\":3,\"name\":\"BISCOITOS C\/RECHEIO DE FIGO BIO TWIBIO\"}]},{\"@type\":\"WebSite\",\"@id\":\"https:\/\/biocabaz.pt\/web\/#website\",\"url\":\"https:\/\/biocabaz.pt\/web\/\",\"name\":\"BIOCABAZ - CABAZES BIOL\u00d3GICOS\",\"description\":\"O melhor que a terra d\u00e1 \u00e9 para si\",\"potentialAction\":[{\"@type\":\"SearchAction\",\"target\":{\"@type\":\"EntryPoint\",\"urlTemplate\":\"https:\/\/biocabaz.pt\/web\/?s={search_term_string}\"},\"query-input\":{\"@type\":\"PropertyValueSpecification\",\"valueRequired\":true,\"valueName\":\"search_term_string\"}}],\"inLanguage\":\"pt-PT\"}]}<\/script>\n<!-- \/ Yoast SEO plugin. -->","yoast_head_json":{"title":"BISCOITOS C\/RECHEIO DE FIGO BIO TWIBIO","description":"BISCOITOS C\/RECHEIO DE FIGO BIO TWIBIO","robots":{"index":"index","follow":"follow","max-snippet":"max-snippet:-1","max-image-preview":"max-image-preview:large","max-video-preview":"max-video-preview:-1"},"canonical":"https:\/\/biocabaz.pt\/web\/produto\/biscoitos-c-recheio-de-figo-bio-twibio\/","og_locale":"pt_PT","og_type":"article","og_title":"[:en]TWIBIO ORGANIC FIG-FILLED BISCUITS[:pt]BISCOITOS C\/RECHEIO DE FIGO BIO TWIBIO[:] - BIOCABAZ - CABAZES BIOL\u00d3GICOS","og_description":"BISCOITOS C\/RECHEIO DE FIGO BIO TWIBIO","og_url":"https:\/\/biocabaz.pt\/web\/produto\/biscoitos-c-recheio-de-figo-bio-twibio\/","og_site_name":"BIOCABAZ - CABAZES BIOL\u00d3GICOS","article_modified_time":"2025-06-09T10:33:57+00:00","og_image":[{"width":600,"height":620,"url":"https:\/\/www.biocabaz.pt\/web\/wp-conteudos\/uploads\/2018\/10\/BISCOITOS-COM-RECHEIO-DE-FIGO-BIO-TWIBIO.png","type":"image\/png"}],"twitter_card":"summary_large_image","twitter_misc":{"Est. reading time":"1 minuto"},"schema":{"@context":"https:\/\/schema.org","@graph":[{"@type":"WebPage","@id":"https:\/\/biocabaz.pt\/web\/produto\/biscoitos-c-recheio-de-figo-bio-twibio\/","url":"https:\/\/biocabaz.pt\/web\/produto\/biscoitos-c-recheio-de-figo-bio-twibio\/","name":"BISCOITOS C\/RECHEIO DE FIGO BIO TWIBIO","isPartOf":{"@id":"https:\/\/biocabaz.pt\/web\/#website"},"primaryImageOfPage":{"@id":"https:\/\/biocabaz.pt\/web\/produto\/biscoitos-c-recheio-de-figo-bio-twibio\/#primaryimage"},"image":{"@id":"https:\/\/biocabaz.pt\/web\/produto\/biscoitos-c-recheio-de-figo-bio-twibio\/#primaryimage"},"thumbnailUrl":"https:\/\/www.biocabaz.pt\/web\/wp-conteudos\/uploads\/2018\/10\/BISCOITOS-COM-RECHEIO-DE-FIGO-BIO-TWIBIO.png","datePublished":"2018-10-23T10:35:31+00:00","dateModified":"2025-06-09T10:33:57+00:00","description":"BISCOITOS C\/RECHEIO DE FIGO BIO TWIBIO","breadcrumb":{"@id":"https:\/\/biocabaz.pt\/web\/produto\/biscoitos-c-recheio-de-figo-bio-twibio\/#breadcrumb"},"inLanguage":"pt-PT","potentialAction":[{"@type":"ReadAction","target":["https:\/\/biocabaz.pt\/web\/produto\/biscoitos-c-recheio-de-figo-bio-twibio\/"]}]},{"@type":"ImageObject","inLanguage":"pt-PT","@id":"https:\/\/biocabaz.pt\/web\/produto\/biscoitos-c-recheio-de-figo-bio-twibio\/#primaryimage","url":"https:\/\/www.biocabaz.pt\/web\/wp-conteudos\/uploads\/2018\/10\/BISCOITOS-COM-RECHEIO-DE-FIGO-BIO-TWIBIO.png","contentUrl":"https:\/\/www.biocabaz.pt\/web\/wp-conteudos\/uploads\/2018\/10\/BISCOITOS-COM-RECHEIO-DE-FIGO-BIO-TWIBIO.png","width":600,"height":620,"caption":"BISCOITOS C\/RECHEIO DE FIGO BIO TWIBIO"},{"@type":"BreadcrumbList","@id":"https:\/\/biocabaz.pt\/web\/produto\/biscoitos-c-recheio-de-figo-bio-twibio\/#breadcrumb","itemListElement":[{"@type":"ListItem","position":1,"name":"Home","item":"https:\/\/biocabaz.pt\/web\/"},{"@type":"ListItem","position":2,"name":"Loja","item":"https:\/\/biocabaz.pt\/web\/shop\/"},{"@type":"ListItem","position":3,"name":"BISCOITOS C\/RECHEIO DE FIGO BIO TWIBIO"}]},{"@type":"WebSite","@id":"https:\/\/biocabaz.pt\/web\/#website","url":"https:\/\/biocabaz.pt\/web\/","name":"BIOCABAZ - CABAZES BIOL\u00d3GICOS","description":"O melhor que a terra d\u00e1 \u00e9 para si","potentialAction":[{"@type":"SearchAction","target":{"@type":"EntryPoint","urlTemplate":"https:\/\/biocabaz.pt\/web\/?s={search_term_string}"},"query-input":{"@type":"PropertyValueSpecification","valueRequired":true,"valueName":"search_term_string"}}],"inLanguage":"pt-PT"}]}},"_links":{"self":[{"href":"https:\/\/biocabaz.pt\/web\/wp-json\/wp\/v2\/product\/9086","targetHints":{"allow":["GET"]}}],"collection":[{"href":"https:\/\/biocabaz.pt\/web\/wp-json\/wp\/v2\/product"}],"about":[{"href":"https:\/\/biocabaz.pt\/web\/wp-json\/wp\/v2\/types\/product"}],"replies":[{"embeddable":true,"href":"https:\/\/biocabaz.pt\/web\/wp-json\/wp\/v2\/comments?post=9086"}],"wp:featuredmedia":[{"embeddable":true,"href":"https:\/\/biocabaz.pt\/web\/wp-json\/wp\/v2\/media\/9087"}],"wp:attachment":[{"href":"https:\/\/biocabaz.pt\/web\/wp-json\/wp\/v2\/media?parent=9086"}],"wp:term":[{"taxonomy":"product_cat","embeddable":true,"href":"https:\/\/biocabaz.pt\/web\/wp-json\/wp\/v2\/product_cat?post=9086"},{"taxonomy":"product_tag","embeddable":true,"href":"https:\/\/biocabaz.pt\/web\/wp-json\/wp\/v2\/product_tag?post=9086"}],"curies":[{"name":"wp","href":"https:\/\/api.w.org\/{rel}","templated":true}]}}