{"id":9035,"date":"2018-10-22T15:08:18","date_gmt":"2018-10-22T15:08:18","guid":{"rendered":"https:\/\/www.biocabaz.pt\/web\/?post_type=product&#038;p=9035"},"modified":"2025-06-09T09:48:21","modified_gmt":"2025-06-09T09:48:21","slug":"vinagre-balsamico-di-modena-025l-la-finestra","status":"publish","type":"product","link":"https:\/\/biocabaz.pt\/web\/produto\/vinagre-balsamico-di-modena-025l-la-finestra\/","title":{"rendered":"VINAGRE BALS\u00c2MICO DI MODENA 0,25L LA FINESTRA"},"content":{"rendered":"<p><strong>Descri\u00e7\u00e3o <\/strong><br \/>\nIngredientes: Vinagre de vinho, mosto de uva. Proveniente de agricultura biol\u00f3gica. Acidez 6%.<\/p>\n<p><strong>Dados Nutricionais<\/strong><br \/>\nDeclara\u00e7\u00e3o Nutricional por 100g:<br \/>\nEnergia: 757kj\/178kcal;<br \/>\nL\u00edpidos: 0g \u2013 dos quais saturados: 0g;<br \/>\nHidratos de carbono: 39g &#8211; dos quais a\u00e7ucares: 39,0g;<br \/>\nProte\u00ednas: 0,8g;<br \/>\nSal:< 0,1g.\n\n<strong>Modo Utiliza\u00e7\u00e3o<\/strong><br \/>\nPode ser utilizado para molhos de salada, sobremesas de fruta para condimentar omeletes e para pratos de legumes e carne. Conservar em local seco e fresco.<\/p>\n","protected":false},"excerpt":{"rendered":"<p>Descri\u00e7\u00e3o Ingredientes: Vinagre de vinho, mosto de uva. Proveniente de agricultura biol\u00f3gica. Acidez 6%. Dados Nutricionais Declara\u00e7\u00e3o Nutricional por 100g: Energia: 757kj\/178kcal; L\u00edpidos: 0g \u2013 dos quais saturados: 0g; Hidratos de carbono: 39g &#8211; dos quais a\u00e7ucares: 39,0g; Prote\u00ednas: 0,8g; Sal:< 0,1g. Modo Utiliza\u00e7\u00e3o Pode ser utilizado para molhos de salada, sobremesas de fruta para [&hellip;]\n<\/p>\n","protected":false},"featured_media":122830,"comment_status":"closed","ping_status":"closed","template":"","meta":[],"product_cat":[23],"product_tag":[],"class_list":["post-9035","product","type-product","status-publish","has-post-thumbnail","hentry","product_cat-azeite-oleo-vinagre"],"bundle_layout":"","bundled_by":[],"bundled_items":[],"yoast_head":"<!-- This site is optimized with the Yoast SEO plugin v26.3 - https:\/\/yoast.com\/wordpress\/plugins\/seo\/ -->\n<title>VINAGRE BALS\u00c2MICO DI MODENA 0,25L LA FINESTRA<\/title>\n<meta name=\"description\" content=\"VINAGRE BALS\u00c2MICO DI MODENA 0,25L LA FINESTRA\" \/>\n<meta name=\"robots\" content=\"index, follow, max-snippet:-1, max-image-preview:large, max-video-preview:-1\" \/>\n<link rel=\"canonical\" href=\"https:\/\/www.biocabaz.pt\/web\/en\/produto\/vinagre-balsamico-di-modena-025l-la-finestra\/\" \/>\n<meta property=\"og:locale\" content=\"pt_PT\" \/>\n<meta property=\"og:locale:alternate\" content=\"en_US\" \/>\n<meta property=\"og:type\" content=\"article\" \/>\n<meta property=\"og:title\" content=\"VINAGRE BALS\u00c2MICO DI MODENA 0,25L LA FINESTRA\" \/>\n<meta property=\"og:description\" content=\"VINAGRE BALS\u00c2MICO DI MODENA 0,25L LA FINESTRA\" \/>\n<meta property=\"og:url\" content=\"https:\/\/biocabaz.pt\/web\/produto\/vinagre-balsamico-di-modena-025l-la-finestra\/\" \/>\n<meta property=\"og:site_name\" content=\"BIOCABAZ - CABAZES BIOL\u00d3GICOS\" \/>\n<meta property=\"article:modified_time\" content=\"2025-06-09T09:48:21+00:00\" \/>\n<meta property=\"og:image\" content=\"https:\/\/www.biocabaz.pt\/web\/wp-conteudos\/uploads\/2018\/10\/vinagre-balsamico-di-modena-025l-la-finestra.jpg\" \/>\n\t<meta property=\"og:image:width\" content=\"500\" \/>\n\t<meta property=\"og:image:height\" content=\"500\" \/>\n\t<meta property=\"og:image:type\" content=\"image\/jpeg\" \/>\n<meta name=\"twitter:card\" content=\"summary_large_image\" \/>\n<meta name=\"twitter:label1\" content=\"Est. reading time\" \/>\n\t<meta name=\"twitter:data1\" content=\"1 minuto\" \/>\n<script type=\"application\/ld+json\" class=\"yoast-schema-graph\">{\"@context\":\"https:\/\/schema.org\",\"@graph\":[{\"@type\":\"WebPage\",\"@id\":\"https:\/\/www.biocabaz.pt\/web\/en\/produto\/vinagre-balsamico-di-modena-025l-la-finestra\/\",\"url\":\"https:\/\/www.biocabaz.pt\/web\/en\/produto\/vinagre-balsamico-di-modena-025l-la-finestra\/\",\"name\":\"VINAGRE BALS\u00c2MICO DI MODENA 0,25L LA FINESTRA\",\"isPartOf\":{\"@id\":\"https:\/\/www.biocabaz.pt\/web\/#website\"},\"primaryImageOfPage\":{\"@id\":\"https:\/\/www.biocabaz.pt\/web\/en\/produto\/vinagre-balsamico-di-modena-025l-la-finestra\/#primaryimage\"},\"image\":{\"@id\":\"https:\/\/www.biocabaz.pt\/web\/en\/produto\/vinagre-balsamico-di-modena-025l-la-finestra\/#primaryimage\"},\"thumbnailUrl\":\"https:\/\/www.biocabaz.pt\/web\/wp-conteudos\/uploads\/2018\/10\/vinagre-balsamico-di-modena-025l-la-finestra.jpg\",\"datePublished\":\"2018-10-22T15:08:18+00:00\",\"dateModified\":\"2025-06-09T09:48:21+00:00\",\"description\":\"VINAGRE BALS\u00c2MICO DI MODENA 0,25L LA FINESTRA\",\"breadcrumb\":{\"@id\":\"https:\/\/www.biocabaz.pt\/web\/en\/produto\/vinagre-balsamico-di-modena-025l-la-finestra\/#breadcrumb\"},\"inLanguage\":\"pt-PT\",\"potentialAction\":[{\"@type\":\"ReadAction\",\"target\":[\"https:\/\/www.biocabaz.pt\/web\/en\/produto\/vinagre-balsamico-di-modena-025l-la-finestra\/\"]}]},{\"@type\":\"ImageObject\",\"inLanguage\":\"pt-PT\",\"@id\":\"https:\/\/www.biocabaz.pt\/web\/en\/produto\/vinagre-balsamico-di-modena-025l-la-finestra\/#primaryimage\",\"url\":\"https:\/\/www.biocabaz.pt\/web\/wp-conteudos\/uploads\/2018\/10\/vinagre-balsamico-di-modena-025l-la-finestra.jpg\",\"contentUrl\":\"https:\/\/www.biocabaz.pt\/web\/wp-conteudos\/uploads\/2018\/10\/vinagre-balsamico-di-modena-025l-la-finestra.jpg\",\"width\":500,\"height\":500,\"caption\":\"VINAGRE BALS\u00c2MICO DI MODENA 0,25L LA FINESTRA\"},{\"@type\":\"BreadcrumbList\",\"@id\":\"https:\/\/www.biocabaz.pt\/web\/en\/produto\/vinagre-balsamico-di-modena-025l-la-finestra\/#breadcrumb\",\"itemListElement\":[{\"@type\":\"ListItem\",\"position\":1,\"name\":\"Home\",\"item\":\"https:\/\/www.biocabaz.pt\/web\/\"},{\"@type\":\"ListItem\",\"position\":2,\"name\":\"Shop\",\"item\":\"https:\/\/www.biocabaz.pt\/web\/en\/shop\/\"},{\"@type\":\"ListItem\",\"position\":3,\"name\":\"LABIOIDEA MODENA BALSAMIC VINEGAR 0.25L\"}]},{\"@type\":\"WebSite\",\"@id\":\"https:\/\/www.biocabaz.pt\/web\/#website\",\"url\":\"https:\/\/www.biocabaz.pt\/web\/\",\"name\":\"BIOCABAZ - CABAZES BIOL\u00d3GICOS\",\"description\":\"O melhor que a terra d\u00e1 \u00e9 para si\",\"potentialAction\":[{\"@type\":\"SearchAction\",\"target\":{\"@type\":\"EntryPoint\",\"urlTemplate\":\"https:\/\/www.biocabaz.pt\/web\/?s={search_term_string}\"},\"query-input\":{\"@type\":\"PropertyValueSpecification\",\"valueRequired\":true,\"valueName\":\"search_term_string\"}}],\"inLanguage\":\"pt-PT\"}]}<\/script>\n<!-- \/ Yoast SEO plugin. -->","yoast_head_json":{"title":"VINAGRE BALS\u00c2MICO DI MODENA 0,25L LA FINESTRA","description":"VINAGRE BALS\u00c2MICO DI MODENA 0,25L LA FINESTRA","robots":{"index":"index","follow":"follow","max-snippet":"max-snippet:-1","max-image-preview":"max-image-preview:large","max-video-preview":"max-video-preview:-1"},"canonical":"https:\/\/www.biocabaz.pt\/web\/en\/produto\/vinagre-balsamico-di-modena-025l-la-finestra\/","og_locale":"pt_PT","og_type":"article","og_title":"[:en]LABIOIDEA MODENA BALSAMIC VINEGAR 0.25L[:pt]VINAGRE BALS\u00c2MICO DI MODENA 0,25L LA FINESTRA[:] - BIOCABAZ - CABAZES BIOL\u00d3GICOS","og_description":"VINAGRE BALS\u00c2MICO DI MODENA 0,25L LA FINESTRA","og_url":"https:\/\/biocabaz.pt\/web\/produto\/vinagre-balsamico-di-modena-025l-la-finestra\/","og_site_name":"BIOCABAZ - CABAZES BIOL\u00d3GICOS","article_modified_time":"2025-06-09T09:48:21+00:00","og_image":[{"width":500,"height":500,"url":"https:\/\/www.biocabaz.pt\/web\/wp-conteudos\/uploads\/2018\/10\/vinagre-balsamico-di-modena-025l-la-finestra.jpg","type":"image\/jpeg"}],"twitter_card":"summary_large_image","twitter_misc":{"Est. reading time":"1 minuto"},"schema":{"@context":"https:\/\/schema.org","@graph":[{"@type":"WebPage","@id":"https:\/\/www.biocabaz.pt\/web\/en\/produto\/vinagre-balsamico-di-modena-025l-la-finestra\/","url":"https:\/\/www.biocabaz.pt\/web\/en\/produto\/vinagre-balsamico-di-modena-025l-la-finestra\/","name":"VINAGRE BALS\u00c2MICO DI MODENA 0,25L LA FINESTRA","isPartOf":{"@id":"https:\/\/www.biocabaz.pt\/web\/#website"},"primaryImageOfPage":{"@id":"https:\/\/www.biocabaz.pt\/web\/en\/produto\/vinagre-balsamico-di-modena-025l-la-finestra\/#primaryimage"},"image":{"@id":"https:\/\/www.biocabaz.pt\/web\/en\/produto\/vinagre-balsamico-di-modena-025l-la-finestra\/#primaryimage"},"thumbnailUrl":"https:\/\/www.biocabaz.pt\/web\/wp-conteudos\/uploads\/2018\/10\/vinagre-balsamico-di-modena-025l-la-finestra.jpg","datePublished":"2018-10-22T15:08:18+00:00","dateModified":"2025-06-09T09:48:21+00:00","description":"VINAGRE BALS\u00c2MICO DI MODENA 0,25L LA FINESTRA","breadcrumb":{"@id":"https:\/\/www.biocabaz.pt\/web\/en\/produto\/vinagre-balsamico-di-modena-025l-la-finestra\/#breadcrumb"},"inLanguage":"pt-PT","potentialAction":[{"@type":"ReadAction","target":["https:\/\/www.biocabaz.pt\/web\/en\/produto\/vinagre-balsamico-di-modena-025l-la-finestra\/"]}]},{"@type":"ImageObject","inLanguage":"pt-PT","@id":"https:\/\/www.biocabaz.pt\/web\/en\/produto\/vinagre-balsamico-di-modena-025l-la-finestra\/#primaryimage","url":"https:\/\/www.biocabaz.pt\/web\/wp-conteudos\/uploads\/2018\/10\/vinagre-balsamico-di-modena-025l-la-finestra.jpg","contentUrl":"https:\/\/www.biocabaz.pt\/web\/wp-conteudos\/uploads\/2018\/10\/vinagre-balsamico-di-modena-025l-la-finestra.jpg","width":500,"height":500,"caption":"VINAGRE BALS\u00c2MICO DI MODENA 0,25L LA FINESTRA"},{"@type":"BreadcrumbList","@id":"https:\/\/www.biocabaz.pt\/web\/en\/produto\/vinagre-balsamico-di-modena-025l-la-finestra\/#breadcrumb","itemListElement":[{"@type":"ListItem","position":1,"name":"Home","item":"https:\/\/www.biocabaz.pt\/web\/"},{"@type":"ListItem","position":2,"name":"Shop","item":"https:\/\/www.biocabaz.pt\/web\/en\/shop\/"},{"@type":"ListItem","position":3,"name":"LABIOIDEA MODENA BALSAMIC VINEGAR 0.25L"}]},{"@type":"WebSite","@id":"https:\/\/www.biocabaz.pt\/web\/#website","url":"https:\/\/www.biocabaz.pt\/web\/","name":"BIOCABAZ - CABAZES BIOL\u00d3GICOS","description":"O melhor que a terra d\u00e1 \u00e9 para si","potentialAction":[{"@type":"SearchAction","target":{"@type":"EntryPoint","urlTemplate":"https:\/\/www.biocabaz.pt\/web\/?s={search_term_string}"},"query-input":{"@type":"PropertyValueSpecification","valueRequired":true,"valueName":"search_term_string"}}],"inLanguage":"pt-PT"}]}},"_links":{"self":[{"href":"https:\/\/biocabaz.pt\/web\/wp-json\/wp\/v2\/product\/9035","targetHints":{"allow":["GET"]}}],"collection":[{"href":"https:\/\/biocabaz.pt\/web\/wp-json\/wp\/v2\/product"}],"about":[{"href":"https:\/\/biocabaz.pt\/web\/wp-json\/wp\/v2\/types\/product"}],"replies":[{"embeddable":true,"href":"https:\/\/biocabaz.pt\/web\/wp-json\/wp\/v2\/comments?post=9035"}],"wp:featuredmedia":[{"embeddable":true,"href":"https:\/\/biocabaz.pt\/web\/wp-json\/wp\/v2\/media\/122830"}],"wp:attachment":[{"href":"https:\/\/biocabaz.pt\/web\/wp-json\/wp\/v2\/media?parent=9035"}],"wp:term":[{"taxonomy":"product_cat","embeddable":true,"href":"https:\/\/biocabaz.pt\/web\/wp-json\/wp\/v2\/product_cat?post=9035"},{"taxonomy":"product_tag","embeddable":true,"href":"https:\/\/biocabaz.pt\/web\/wp-json\/wp\/v2\/product_tag?post=9035"}],"curies":[{"name":"wp","href":"https:\/\/api.w.org\/{rel}","templated":true}]}}