{"id":9026,"date":"2018-10-22T14:02:44","date_gmt":"2018-10-22T14:02:44","guid":{"rendered":"https:\/\/www.biocabaz.pt\/web\/?post_type=product&#038;p=9026"},"modified":"2021-02-06T09:14:11","modified_gmt":"2021-02-06T09:14:11","slug":"azeite-virgem-extra-bio-050lt-casa-de-valbom","status":"publish","type":"product","link":"https:\/\/biocabaz.pt\/web\/produto\/azeite-virgem-extra-bio-050lt-casa-de-valbom\/","title":{"rendered":"AZEITE VIRGEM EXTRA BIO 0,50LT CASA DE VALBOM"},"content":{"rendered":"<p><strong>Descri\u00e7\u00e3o <\/strong><br \/>\n\t\t\t\tIngredientes: azeite proveniente de uma explora\u00e7\u00e3o agr\u00edcola do Concelho de Mirandela, cujos olivais s\u00e3o tratados, desde a d\u00e9cada de 90, de acordo com os requisitos da agricultura biol\u00f3gica. As azeitonas utilizadas na produ\u00e7\u00e3o deste azeite pertencem \u00e0s variedades Verdeal, Madural e Cobran\u00e7osa. Ap\u00f3s a colheita de azeitona, esta \u00e9 imediatamente transportada para o lagar, mo\u00edda em engenho de galgas de pedra batida. A extrac\u00e7\u00e3o do azeite \u00e9 feita a baixa temperatura, originando um n\u00e9ctar de alta qualidade. Acidez: 0,3%.<\/p>\n<p><strong>Dados Nutricionais<\/strong><br \/>\n\t\t\t\tDeclara\u00e7\u00e3o Nutricional por 100g:<br \/> Energia: 3437kj\/821kcal;<br \/> L\u00edpidos: 91,2g \u2013 dos quais saturados: 13,1g;<br \/> Hidratos de carbono: 0g &#8211; dos quais a\u00e7ucares: 0g;<br \/> Prote\u00ednas: 0g;<br \/> Sal: 0g.<\/p>\n<p><strong>Modo Utiliza\u00e7\u00e3o<\/strong><br \/>Conservar em local seco e fresco.<\/p>\n","protected":false},"excerpt":{"rendered":"<p>Descri\u00e7\u00e3o Ingredientes: azeite proveniente de uma explora\u00e7\u00e3o agr\u00edcola do Concelho de Mirandela, cujos olivais s\u00e3o tratados, desde a d\u00e9cada de 90, de acordo com os requisitos da agricultura biol\u00f3gica. As azeitonas utilizadas na produ\u00e7\u00e3o deste azeite pertencem \u00e0s variedades Verdeal, Madural e Cobran\u00e7osa. Ap\u00f3s a colheita de azeitona, esta \u00e9 imediatamente transportada para o lagar, [&hellip;]<\/p>\n","protected":false},"featured_media":9027,"comment_status":"closed","ping_status":"closed","template":"","meta":[],"product_cat":[23],"product_tag":[],"class_list":["post-9026","product","type-product","status-publish","has-post-thumbnail","hentry","product_cat-azeite-oleo-vinagre"],"bundle_layout":"","bundled_by":[],"bundled_items":[],"yoast_head":"<!-- This site is optimized with the Yoast SEO plugin v26.3 - https:\/\/yoast.com\/wordpress\/plugins\/seo\/ -->\n<title>AZEITE VIRGEM EXTRA BIO 0,50LT CASA DE VALBOM<\/title>\n<meta name=\"description\" content=\"AZEITE VIRGEM EXTRA BIO 0,50LT CASA DE VALBOM\" \/>\n<meta name=\"robots\" content=\"index, follow, max-snippet:-1, max-image-preview:large, max-video-preview:-1\" \/>\n<link rel=\"canonical\" href=\"https:\/\/biocabaz.pt\/web\/produto\/azeite-virgem-extra-bio-050lt-casa-de-valbom\/\" \/>\n<meta property=\"og:locale\" content=\"pt_PT\" \/>\n<meta property=\"og:locale:alternate\" content=\"en_US\" \/>\n<meta property=\"og:type\" content=\"article\" \/>\n<meta property=\"og:title\" content=\"AZEITE VIRGEM EXTRA BIO 0,50LT CASA DE VALBOM\" \/>\n<meta property=\"og:description\" content=\"AZEITE VIRGEM EXTRA BIO 0,50LT CASA DE VALBOM\" \/>\n<meta property=\"og:url\" content=\"https:\/\/biocabaz.pt\/web\/produto\/azeite-virgem-extra-bio-050lt-casa-de-valbom\/\" \/>\n<meta property=\"og:site_name\" content=\"BIOCABAZ - CABAZES BIOL\u00d3GICOS\" \/>\n<meta property=\"article:modified_time\" content=\"2021-02-06T09:14:11+00:00\" \/>\n<meta property=\"og:image\" content=\"https:\/\/www.biocabaz.pt\/web\/wp-conteudos\/uploads\/2018\/10\/20181022_145622-e1540216871524.jpg\" \/>\n\t<meta property=\"og:image:width\" content=\"201\" \/>\n\t<meta property=\"og:image:height\" content=\"840\" \/>\n\t<meta property=\"og:image:type\" content=\"image\/jpeg\" \/>\n<meta name=\"twitter:card\" content=\"summary_large_image\" \/>\n<meta name=\"twitter:label1\" content=\"Est. reading time\" \/>\n\t<meta name=\"twitter:data1\" content=\"1 minuto\" \/>\n<script type=\"application\/ld+json\" class=\"yoast-schema-graph\">{\"@context\":\"https:\/\/schema.org\",\"@graph\":[{\"@type\":\"WebPage\",\"@id\":\"https:\/\/biocabaz.pt\/web\/produto\/azeite-virgem-extra-bio-050lt-casa-de-valbom\/\",\"url\":\"https:\/\/biocabaz.pt\/web\/produto\/azeite-virgem-extra-bio-050lt-casa-de-valbom\/\",\"name\":\"AZEITE VIRGEM EXTRA BIO 0,50LT CASA DE VALBOM\",\"isPartOf\":{\"@id\":\"https:\/\/biocabaz.pt\/web\/en\/#website\"},\"primaryImageOfPage\":{\"@id\":\"https:\/\/biocabaz.pt\/web\/produto\/azeite-virgem-extra-bio-050lt-casa-de-valbom\/#primaryimage\"},\"image\":{\"@id\":\"https:\/\/biocabaz.pt\/web\/produto\/azeite-virgem-extra-bio-050lt-casa-de-valbom\/#primaryimage\"},\"thumbnailUrl\":\"https:\/\/www.biocabaz.pt\/web\/wp-conteudos\/uploads\/2018\/10\/20181022_145622-e1540216871524.jpg\",\"datePublished\":\"2018-10-22T14:02:44+00:00\",\"dateModified\":\"2021-02-06T09:14:11+00:00\",\"description\":\"AZEITE VIRGEM EXTRA BIO 0,50LT CASA DE VALBOM\",\"breadcrumb\":{\"@id\":\"https:\/\/biocabaz.pt\/web\/produto\/azeite-virgem-extra-bio-050lt-casa-de-valbom\/#breadcrumb\"},\"inLanguage\":\"pt-PT\",\"potentialAction\":[{\"@type\":\"ReadAction\",\"target\":[\"https:\/\/biocabaz.pt\/web\/produto\/azeite-virgem-extra-bio-050lt-casa-de-valbom\/\"]}]},{\"@type\":\"ImageObject\",\"inLanguage\":\"pt-PT\",\"@id\":\"https:\/\/biocabaz.pt\/web\/produto\/azeite-virgem-extra-bio-050lt-casa-de-valbom\/#primaryimage\",\"url\":\"https:\/\/www.biocabaz.pt\/web\/wp-conteudos\/uploads\/2018\/10\/20181022_145622-e1540216871524.jpg\",\"contentUrl\":\"https:\/\/www.biocabaz.pt\/web\/wp-conteudos\/uploads\/2018\/10\/20181022_145622-e1540216871524.jpg\",\"width\":201,\"height\":840,\"caption\":\"AZEITE VIRGEM EXTRA BIO 0,50LT CASA DE VALBOM\"},{\"@type\":\"BreadcrumbList\",\"@id\":\"https:\/\/biocabaz.pt\/web\/produto\/azeite-virgem-extra-bio-050lt-casa-de-valbom\/#breadcrumb\",\"itemListElement\":[{\"@type\":\"ListItem\",\"position\":1,\"name\":\"Home\",\"item\":\"https:\/\/biocabaz.pt\/web\/en\/\"},{\"@type\":\"ListItem\",\"position\":2,\"name\":\"Shop\",\"item\":\"https:\/\/biocabaz.pt\/web\/en\/shop\/\"},{\"@type\":\"ListItem\",\"position\":3,\"name\":\"AZEITE VIRGEM EXTRA BIO 0,50LT CASA DE VALBOM\"}]},{\"@type\":\"WebSite\",\"@id\":\"https:\/\/biocabaz.pt\/web\/en\/#website\",\"url\":\"https:\/\/biocabaz.pt\/web\/en\/\",\"name\":\"BIOCABAZ - CABAZES BIOL\u00d3GICOS\",\"description\":\"O melhor que a terra d\u00e1 \u00e9 para si\",\"potentialAction\":[{\"@type\":\"SearchAction\",\"target\":{\"@type\":\"EntryPoint\",\"urlTemplate\":\"https:\/\/biocabaz.pt\/web\/en\/?s={search_term_string}\"},\"query-input\":{\"@type\":\"PropertyValueSpecification\",\"valueRequired\":true,\"valueName\":\"search_term_string\"}}],\"inLanguage\":\"pt-PT\"}]}<\/script>\n<!-- \/ Yoast SEO plugin. -->","yoast_head_json":{"title":"AZEITE VIRGEM EXTRA BIO 0,50LT CASA DE VALBOM","description":"AZEITE VIRGEM EXTRA BIO 0,50LT CASA DE VALBOM","robots":{"index":"index","follow":"follow","max-snippet":"max-snippet:-1","max-image-preview":"max-image-preview:large","max-video-preview":"max-video-preview:-1"},"canonical":"https:\/\/biocabaz.pt\/web\/produto\/azeite-virgem-extra-bio-050lt-casa-de-valbom\/","og_locale":"pt_PT","og_type":"article","og_title":"[:en]CASA DE VALBOM EXTRA ORGANIC VIRGIN OLIVE OIL 0.5L[:pt]AZEITE VIRGEM EXTRA BIO 0,50LT CASA DE VALBOM[:] - BIOCABAZ - CABAZES BIOL\u00d3GICOS","og_description":"AZEITE VIRGEM EXTRA BIO 0,50LT CASA DE VALBOM","og_url":"https:\/\/biocabaz.pt\/web\/produto\/azeite-virgem-extra-bio-050lt-casa-de-valbom\/","og_site_name":"BIOCABAZ - CABAZES BIOL\u00d3GICOS","article_modified_time":"2021-02-06T09:14:11+00:00","og_image":[{"width":201,"height":840,"url":"https:\/\/www.biocabaz.pt\/web\/wp-conteudos\/uploads\/2018\/10\/20181022_145622-e1540216871524.jpg","type":"image\/jpeg"}],"twitter_card":"summary_large_image","twitter_misc":{"Est. reading time":"1 minuto"},"schema":{"@context":"https:\/\/schema.org","@graph":[{"@type":"WebPage","@id":"https:\/\/biocabaz.pt\/web\/produto\/azeite-virgem-extra-bio-050lt-casa-de-valbom\/","url":"https:\/\/biocabaz.pt\/web\/produto\/azeite-virgem-extra-bio-050lt-casa-de-valbom\/","name":"AZEITE VIRGEM EXTRA BIO 0,50LT CASA DE VALBOM","isPartOf":{"@id":"https:\/\/biocabaz.pt\/web\/en\/#website"},"primaryImageOfPage":{"@id":"https:\/\/biocabaz.pt\/web\/produto\/azeite-virgem-extra-bio-050lt-casa-de-valbom\/#primaryimage"},"image":{"@id":"https:\/\/biocabaz.pt\/web\/produto\/azeite-virgem-extra-bio-050lt-casa-de-valbom\/#primaryimage"},"thumbnailUrl":"https:\/\/www.biocabaz.pt\/web\/wp-conteudos\/uploads\/2018\/10\/20181022_145622-e1540216871524.jpg","datePublished":"2018-10-22T14:02:44+00:00","dateModified":"2021-02-06T09:14:11+00:00","description":"AZEITE VIRGEM EXTRA BIO 0,50LT CASA DE VALBOM","breadcrumb":{"@id":"https:\/\/biocabaz.pt\/web\/produto\/azeite-virgem-extra-bio-050lt-casa-de-valbom\/#breadcrumb"},"inLanguage":"pt-PT","potentialAction":[{"@type":"ReadAction","target":["https:\/\/biocabaz.pt\/web\/produto\/azeite-virgem-extra-bio-050lt-casa-de-valbom\/"]}]},{"@type":"ImageObject","inLanguage":"pt-PT","@id":"https:\/\/biocabaz.pt\/web\/produto\/azeite-virgem-extra-bio-050lt-casa-de-valbom\/#primaryimage","url":"https:\/\/www.biocabaz.pt\/web\/wp-conteudos\/uploads\/2018\/10\/20181022_145622-e1540216871524.jpg","contentUrl":"https:\/\/www.biocabaz.pt\/web\/wp-conteudos\/uploads\/2018\/10\/20181022_145622-e1540216871524.jpg","width":201,"height":840,"caption":"AZEITE VIRGEM EXTRA BIO 0,50LT CASA DE VALBOM"},{"@type":"BreadcrumbList","@id":"https:\/\/biocabaz.pt\/web\/produto\/azeite-virgem-extra-bio-050lt-casa-de-valbom\/#breadcrumb","itemListElement":[{"@type":"ListItem","position":1,"name":"Home","item":"https:\/\/biocabaz.pt\/web\/en\/"},{"@type":"ListItem","position":2,"name":"Shop","item":"https:\/\/biocabaz.pt\/web\/en\/shop\/"},{"@type":"ListItem","position":3,"name":"AZEITE VIRGEM EXTRA BIO 0,50LT CASA DE VALBOM"}]},{"@type":"WebSite","@id":"https:\/\/biocabaz.pt\/web\/en\/#website","url":"https:\/\/biocabaz.pt\/web\/en\/","name":"BIOCABAZ - CABAZES BIOL\u00d3GICOS","description":"O melhor que a terra d\u00e1 \u00e9 para si","potentialAction":[{"@type":"SearchAction","target":{"@type":"EntryPoint","urlTemplate":"https:\/\/biocabaz.pt\/web\/en\/?s={search_term_string}"},"query-input":{"@type":"PropertyValueSpecification","valueRequired":true,"valueName":"search_term_string"}}],"inLanguage":"pt-PT"}]}},"_links":{"self":[{"href":"https:\/\/biocabaz.pt\/web\/wp-json\/wp\/v2\/product\/9026","targetHints":{"allow":["GET"]}}],"collection":[{"href":"https:\/\/biocabaz.pt\/web\/wp-json\/wp\/v2\/product"}],"about":[{"href":"https:\/\/biocabaz.pt\/web\/wp-json\/wp\/v2\/types\/product"}],"replies":[{"embeddable":true,"href":"https:\/\/biocabaz.pt\/web\/wp-json\/wp\/v2\/comments?post=9026"}],"wp:featuredmedia":[{"embeddable":true,"href":"https:\/\/biocabaz.pt\/web\/wp-json\/wp\/v2\/media\/9027"}],"wp:attachment":[{"href":"https:\/\/biocabaz.pt\/web\/wp-json\/wp\/v2\/media?parent=9026"}],"wp:term":[{"taxonomy":"product_cat","embeddable":true,"href":"https:\/\/biocabaz.pt\/web\/wp-json\/wp\/v2\/product_cat?post=9026"},{"taxonomy":"product_tag","embeddable":true,"href":"https:\/\/biocabaz.pt\/web\/wp-json\/wp\/v2\/product_tag?post=9026"}],"curies":[{"name":"wp","href":"https:\/\/api.w.org\/{rel}","templated":true}]}}