{"id":9024,"date":"2018-10-22T13:49:37","date_gmt":"2018-10-22T13:49:37","guid":{"rendered":"https:\/\/www.biocabaz.pt\/web\/?post_type=product&#038;p=9024"},"modified":"2024-07-08T10:58:27","modified_gmt":"2024-07-08T10:58:27","slug":"azeite-meirinho-bio-3l","status":"publish","type":"product","link":"https:\/\/biocabaz.pt\/web\/produto\/azeite-meirinho-bio-3l\/","title":{"rendered":"AZEITE MEIRINHO BIO 3L"},"content":{"rendered":"<p><strong>Descri\u00e7\u00e3o <\/strong><br \/>\n\t\t\t\tIngredientes: azeite extra\u00eddo a frio, segundo processos mec\u00e2nicos e a partir das variedades de azeitona santulhana, negrinha, lentisca, verdeal e cobran\u00e7osa, obtidas em explora\u00e7\u00f5es agr\u00edcolas e processadas em lagar no modo de produ\u00e7\u00e3o biol\u00f3gico, produzido e embalado em Campo de V\u00edboras\/Vimioso. Acidez: 0,2%.<\/p>\n<p><strong>Dados Nutricionais<\/strong><br \/>\n\t\t\t\tDeclara\u00e7\u00e3o Nutricional por 100g:<br \/> Energia: 3437kj\/821kcal;<br \/> L\u00edpidos: 91,2g \u2013 dos quais saturados: 13,1g;<br \/> Hidratos de carbono: 0g &#8211; dos quais a\u00e7ucares: 0g;<br \/> Prote\u00ednas: 0g;<br \/> Sal: 0g.<\/p>\n<p><strong>Modo Utiliza\u00e7\u00e3o<\/strong><br \/>Conservar em local seco e fresco.<\/p>\n","protected":false},"excerpt":{"rendered":"<p>Descri\u00e7\u00e3o Ingredientes: azeite extra\u00eddo a frio, segundo processos mec\u00e2nicos e a partir das variedades de azeitona santulhana, negrinha, lentisca, verdeal e cobran\u00e7osa, obtidas em explora\u00e7\u00f5es agr\u00edcolas e processadas em lagar no modo de produ\u00e7\u00e3o biol\u00f3gico, produzido e embalado em Campo de V\u00edboras\/Vimioso. Acidez: 0,2%. Dados Nutricionais Declara\u00e7\u00e3o Nutricional por 100g: Energia: 3437kj\/821kcal; L\u00edpidos: 91,2g \u2013 [&hellip;]<\/p>\n","protected":false},"featured_media":9025,"comment_status":"closed","ping_status":"closed","template":"","meta":[],"product_cat":[23],"product_tag":[],"class_list":["post-9024","product","type-product","status-publish","has-post-thumbnail","hentry","product_cat-azeite-oleo-vinagre"],"bundle_layout":"","bundled_by":[],"bundled_items":[],"yoast_head":"<!-- This site is optimized with the Yoast SEO plugin v26.3 - https:\/\/yoast.com\/wordpress\/plugins\/seo\/ -->\n<title>AZEITE MEIRINHO BIO 3L<\/title>\n<meta name=\"description\" content=\"AZEITE MEIRINHO BIO 3L\" \/>\n<meta name=\"robots\" content=\"index, follow, max-snippet:-1, max-image-preview:large, max-video-preview:-1\" \/>\n<link rel=\"canonical\" href=\"https:\/\/biocabaz.pt\/web\/produto\/azeite-meirinho-bio-3l\/\" \/>\n<meta property=\"og:locale\" content=\"pt_PT\" \/>\n<meta property=\"og:locale:alternate\" content=\"en_US\" \/>\n<meta property=\"og:type\" content=\"article\" \/>\n<meta property=\"og:title\" content=\"AZEITE MEIRINHO BIO 3L\" \/>\n<meta property=\"og:description\" content=\"AZEITE MEIRINHO BIO 3L\" \/>\n<meta property=\"og:url\" content=\"https:\/\/biocabaz.pt\/web\/produto\/azeite-meirinho-bio-3l\/\" \/>\n<meta property=\"og:site_name\" content=\"BIOCABAZ - CABAZES BIOL\u00d3GICOS\" \/>\n<meta property=\"article:modified_time\" content=\"2024-07-08T10:58:27+00:00\" \/>\n<meta property=\"og:image\" content=\"https:\/\/www.biocabaz.pt\/web\/wp-conteudos\/uploads\/2018\/10\/20181022_143904-e1540216132502.jpg\" \/>\n\t<meta property=\"og:image:width\" content=\"522\" \/>\n\t<meta property=\"og:image:height\" content=\"573\" \/>\n\t<meta property=\"og:image:type\" content=\"image\/jpeg\" \/>\n<meta name=\"twitter:card\" content=\"summary_large_image\" \/>\n<meta name=\"twitter:label1\" content=\"Est. reading time\" \/>\n\t<meta name=\"twitter:data1\" content=\"1 minuto\" \/>\n<script type=\"application\/ld+json\" class=\"yoast-schema-graph\">{\"@context\":\"https:\/\/schema.org\",\"@graph\":[{\"@type\":\"WebPage\",\"@id\":\"https:\/\/biocabaz.pt\/web\/produto\/azeite-meirinho-bio-3l\/\",\"url\":\"https:\/\/biocabaz.pt\/web\/produto\/azeite-meirinho-bio-3l\/\",\"name\":\"AZEITE MEIRINHO BIO 3L\",\"isPartOf\":{\"@id\":\"https:\/\/biocabaz.pt\/web\/en\/#website\"},\"primaryImageOfPage\":{\"@id\":\"https:\/\/biocabaz.pt\/web\/produto\/azeite-meirinho-bio-3l\/#primaryimage\"},\"image\":{\"@id\":\"https:\/\/biocabaz.pt\/web\/produto\/azeite-meirinho-bio-3l\/#primaryimage\"},\"thumbnailUrl\":\"https:\/\/www.biocabaz.pt\/web\/wp-conteudos\/uploads\/2018\/10\/20181022_143904-e1540216132502.jpg\",\"datePublished\":\"2018-10-22T13:49:37+00:00\",\"dateModified\":\"2024-07-08T10:58:27+00:00\",\"description\":\"AZEITE MEIRINHO BIO 3L\",\"breadcrumb\":{\"@id\":\"https:\/\/biocabaz.pt\/web\/produto\/azeite-meirinho-bio-3l\/#breadcrumb\"},\"inLanguage\":\"pt-PT\",\"potentialAction\":[{\"@type\":\"ReadAction\",\"target\":[\"https:\/\/biocabaz.pt\/web\/produto\/azeite-meirinho-bio-3l\/\"]}]},{\"@type\":\"ImageObject\",\"inLanguage\":\"pt-PT\",\"@id\":\"https:\/\/biocabaz.pt\/web\/produto\/azeite-meirinho-bio-3l\/#primaryimage\",\"url\":\"https:\/\/www.biocabaz.pt\/web\/wp-conteudos\/uploads\/2018\/10\/20181022_143904-e1540216132502.jpg\",\"contentUrl\":\"https:\/\/www.biocabaz.pt\/web\/wp-conteudos\/uploads\/2018\/10\/20181022_143904-e1540216132502.jpg\",\"width\":522,\"height\":573,\"caption\":\"AZEITE MEIRINHO BIO 3L\"},{\"@type\":\"BreadcrumbList\",\"@id\":\"https:\/\/biocabaz.pt\/web\/produto\/azeite-meirinho-bio-3l\/#breadcrumb\",\"itemListElement\":[{\"@type\":\"ListItem\",\"position\":1,\"name\":\"Home\",\"item\":\"https:\/\/biocabaz.pt\/web\/en\/\"},{\"@type\":\"ListItem\",\"position\":2,\"name\":\"Shop\",\"item\":\"https:\/\/biocabaz.pt\/web\/en\/shop\/\"},{\"@type\":\"ListItem\",\"position\":3,\"name\":\"AZEITE MEIRINHO BIO 3L\"}]},{\"@type\":\"WebSite\",\"@id\":\"https:\/\/biocabaz.pt\/web\/en\/#website\",\"url\":\"https:\/\/biocabaz.pt\/web\/en\/\",\"name\":\"BIOCABAZ - CABAZES BIOL\u00d3GICOS\",\"description\":\"O melhor que a terra d\u00e1 \u00e9 para si\",\"potentialAction\":[{\"@type\":\"SearchAction\",\"target\":{\"@type\":\"EntryPoint\",\"urlTemplate\":\"https:\/\/biocabaz.pt\/web\/en\/?s={search_term_string}\"},\"query-input\":{\"@type\":\"PropertyValueSpecification\",\"valueRequired\":true,\"valueName\":\"search_term_string\"}}],\"inLanguage\":\"pt-PT\"}]}<\/script>\n<!-- \/ Yoast SEO plugin. -->","yoast_head_json":{"title":"AZEITE MEIRINHO BIO 3L","description":"AZEITE MEIRINHO BIO 3L","robots":{"index":"index","follow":"follow","max-snippet":"max-snippet:-1","max-image-preview":"max-image-preview:large","max-video-preview":"max-video-preview:-1"},"canonical":"https:\/\/biocabaz.pt\/web\/produto\/azeite-meirinho-bio-3l\/","og_locale":"pt_PT","og_type":"article","og_title":"[:en]MEIRINHO ORGANIC OLIVE OIL 3L[:pt]AZEITE MEIRINHO BIO 3L[:] - BIOCABAZ - CABAZES BIOL\u00d3GICOS","og_description":"AZEITE MEIRINHO BIO 3L","og_url":"https:\/\/biocabaz.pt\/web\/produto\/azeite-meirinho-bio-3l\/","og_site_name":"BIOCABAZ - CABAZES BIOL\u00d3GICOS","article_modified_time":"2024-07-08T10:58:27+00:00","og_image":[{"width":522,"height":573,"url":"https:\/\/www.biocabaz.pt\/web\/wp-conteudos\/uploads\/2018\/10\/20181022_143904-e1540216132502.jpg","type":"image\/jpeg"}],"twitter_card":"summary_large_image","twitter_misc":{"Est. reading time":"1 minuto"},"schema":{"@context":"https:\/\/schema.org","@graph":[{"@type":"WebPage","@id":"https:\/\/biocabaz.pt\/web\/produto\/azeite-meirinho-bio-3l\/","url":"https:\/\/biocabaz.pt\/web\/produto\/azeite-meirinho-bio-3l\/","name":"AZEITE MEIRINHO BIO 3L","isPartOf":{"@id":"https:\/\/biocabaz.pt\/web\/en\/#website"},"primaryImageOfPage":{"@id":"https:\/\/biocabaz.pt\/web\/produto\/azeite-meirinho-bio-3l\/#primaryimage"},"image":{"@id":"https:\/\/biocabaz.pt\/web\/produto\/azeite-meirinho-bio-3l\/#primaryimage"},"thumbnailUrl":"https:\/\/www.biocabaz.pt\/web\/wp-conteudos\/uploads\/2018\/10\/20181022_143904-e1540216132502.jpg","datePublished":"2018-10-22T13:49:37+00:00","dateModified":"2024-07-08T10:58:27+00:00","description":"AZEITE MEIRINHO BIO 3L","breadcrumb":{"@id":"https:\/\/biocabaz.pt\/web\/produto\/azeite-meirinho-bio-3l\/#breadcrumb"},"inLanguage":"pt-PT","potentialAction":[{"@type":"ReadAction","target":["https:\/\/biocabaz.pt\/web\/produto\/azeite-meirinho-bio-3l\/"]}]},{"@type":"ImageObject","inLanguage":"pt-PT","@id":"https:\/\/biocabaz.pt\/web\/produto\/azeite-meirinho-bio-3l\/#primaryimage","url":"https:\/\/www.biocabaz.pt\/web\/wp-conteudos\/uploads\/2018\/10\/20181022_143904-e1540216132502.jpg","contentUrl":"https:\/\/www.biocabaz.pt\/web\/wp-conteudos\/uploads\/2018\/10\/20181022_143904-e1540216132502.jpg","width":522,"height":573,"caption":"AZEITE MEIRINHO BIO 3L"},{"@type":"BreadcrumbList","@id":"https:\/\/biocabaz.pt\/web\/produto\/azeite-meirinho-bio-3l\/#breadcrumb","itemListElement":[{"@type":"ListItem","position":1,"name":"Home","item":"https:\/\/biocabaz.pt\/web\/en\/"},{"@type":"ListItem","position":2,"name":"Shop","item":"https:\/\/biocabaz.pt\/web\/en\/shop\/"},{"@type":"ListItem","position":3,"name":"AZEITE MEIRINHO BIO 3L"}]},{"@type":"WebSite","@id":"https:\/\/biocabaz.pt\/web\/en\/#website","url":"https:\/\/biocabaz.pt\/web\/en\/","name":"BIOCABAZ - CABAZES BIOL\u00d3GICOS","description":"O melhor que a terra d\u00e1 \u00e9 para si","potentialAction":[{"@type":"SearchAction","target":{"@type":"EntryPoint","urlTemplate":"https:\/\/biocabaz.pt\/web\/en\/?s={search_term_string}"},"query-input":{"@type":"PropertyValueSpecification","valueRequired":true,"valueName":"search_term_string"}}],"inLanguage":"pt-PT"}]}},"_links":{"self":[{"href":"https:\/\/biocabaz.pt\/web\/wp-json\/wp\/v2\/product\/9024","targetHints":{"allow":["GET"]}}],"collection":[{"href":"https:\/\/biocabaz.pt\/web\/wp-json\/wp\/v2\/product"}],"about":[{"href":"https:\/\/biocabaz.pt\/web\/wp-json\/wp\/v2\/types\/product"}],"replies":[{"embeddable":true,"href":"https:\/\/biocabaz.pt\/web\/wp-json\/wp\/v2\/comments?post=9024"}],"wp:featuredmedia":[{"embeddable":true,"href":"https:\/\/biocabaz.pt\/web\/wp-json\/wp\/v2\/media\/9025"}],"wp:attachment":[{"href":"https:\/\/biocabaz.pt\/web\/wp-json\/wp\/v2\/media?parent=9024"}],"wp:term":[{"taxonomy":"product_cat","embeddable":true,"href":"https:\/\/biocabaz.pt\/web\/wp-json\/wp\/v2\/product_cat?post=9024"},{"taxonomy":"product_tag","embeddable":true,"href":"https:\/\/biocabaz.pt\/web\/wp-json\/wp\/v2\/product_tag?post=9024"}],"curies":[{"name":"wp","href":"https:\/\/api.w.org\/{rel}","templated":true}]}}