{"id":9018,"date":"2018-10-22T11:29:43","date_gmt":"2018-10-22T11:29:43","guid":{"rendered":"https:\/\/www.biocabaz.pt\/web\/?post_type=product&#038;p=9018"},"modified":"2023-12-29T08:24:48","modified_gmt":"2023-12-29T08:24:48","slug":"arroz-branco-bio-1kg-provida","status":"publish","type":"product","link":"https:\/\/biocabaz.pt\/web\/produto\/arroz-branco-bio-1kg-provida\/","title":{"rendered":"ARROZ BRANCO BIO 1KG PROVIDA"},"content":{"rendered":"<p><strong>Descri\u00e7\u00e3o <\/strong><br \/>\n\t\t\t\tIngredientes: Arroz de produ\u00e7\u00e3o biol\u00f3gica. Se \u00e9 apreciador de arroz branqueado pode optar por este de produ\u00e7\u00e3o biol\u00f3gica em que s\u00e3o garantidos os processos de cultivo sem pesticidas ou herbicidas de s\u00edntese. Aus\u00eancia de aditivos p\u00f3s branqueamento. Muito pr\u00e1tico pois \u00e9 de r\u00e1pida cozedura, ideal para pratos que exijam um arroz mais leve.<\/p>\n<p><strong>Dados Nutricionais<\/strong><br \/>\n\t\t\t\tDeclara\u00e7\u00e3o Nutricional por 100g:<br \/> Energia: 1633kJ\/385kcal;<br \/> L\u00edpidos: 0,5g &#8211; dos quais saturados: 0,1g;<br \/> Hidratos de carbono: 86,3 &#8211; dos quais a\u00e7\u00facares: 0,3g;<br \/> Fibra: 0,3g;<br \/> Prote\u00ednas: 8,6g;<br \/> Sal: 0,01g.<\/p>\n<p><strong>Modo Utiliza\u00e7\u00e3o<\/strong><br \/>Lavar o arroz e cozer com dobro de \u00e1gua cerca de 15 minutos. Conservar em local seco e fresco.<\/p>\n","protected":false},"excerpt":{"rendered":"<p>Descri\u00e7\u00e3o Ingredientes: Arroz de produ\u00e7\u00e3o biol\u00f3gica. Se \u00e9 apreciador de arroz branqueado pode optar por este de produ\u00e7\u00e3o biol\u00f3gica em que s\u00e3o garantidos os processos de cultivo sem pesticidas ou herbicidas de s\u00edntese. Aus\u00eancia de aditivos p\u00f3s branqueamento. Muito pr\u00e1tico pois \u00e9 de r\u00e1pida cozedura, ideal para pratos que exijam um arroz mais leve. Dados [&hellip;]<\/p>\n","protected":false},"featured_media":9019,"comment_status":"closed","ping_status":"closed","template":"","meta":[],"product_cat":[22],"product_tag":[],"class_list":["post-9018","product","type-product","status-publish","has-post-thumbnail","hentry","product_cat-arroz-farinha"],"bundle_layout":"","bundled_by":[],"bundled_items":[],"yoast_head":"<!-- This site is optimized with the Yoast SEO plugin v26.3 - https:\/\/yoast.com\/wordpress\/plugins\/seo\/ -->\n<title>ARROZ BRANCO BIO 1KG PROVIDA<\/title>\n<meta name=\"description\" content=\"ARROZ BRANCO BIO 1KG PROVIDA\" \/>\n<meta name=\"robots\" content=\"index, follow, max-snippet:-1, max-image-preview:large, max-video-preview:-1\" \/>\n<link rel=\"canonical\" href=\"https:\/\/biocabaz.pt\/web\/produto\/arroz-branco-bio-1kg-provida\/\" \/>\n<meta property=\"og:locale\" content=\"pt_PT\" \/>\n<meta property=\"og:locale:alternate\" content=\"en_US\" \/>\n<meta property=\"og:type\" content=\"article\" \/>\n<meta property=\"og:title\" content=\"ARROZ BRANCO BIO 1KG PROVIDA\" \/>\n<meta property=\"og:description\" content=\"ARROZ BRANCO BIO 1KG PROVIDA\" \/>\n<meta property=\"og:url\" content=\"https:\/\/biocabaz.pt\/web\/produto\/arroz-branco-bio-1kg-provida\/\" \/>\n<meta property=\"og:site_name\" content=\"BIOCABAZ - CABAZES BIOL\u00d3GICOS\" \/>\n<meta property=\"article:modified_time\" content=\"2023-12-29T08:24:48+00:00\" \/>\n<meta property=\"og:image\" content=\"https:\/\/www.biocabaz.pt\/web\/wp-conteudos\/uploads\/2018\/10\/ARROZ-BRANCO-BIO-PROVIDA.jpg\" \/>\n\t<meta property=\"og:image:width\" content=\"300\" \/>\n\t<meta property=\"og:image:height\" content=\"326\" \/>\n\t<meta property=\"og:image:type\" content=\"image\/jpeg\" \/>\n<meta name=\"twitter:card\" content=\"summary_large_image\" \/>\n<meta name=\"twitter:label1\" content=\"Est. reading time\" \/>\n\t<meta name=\"twitter:data1\" content=\"1 minuto\" \/>\n<script type=\"application\/ld+json\" class=\"yoast-schema-graph\">{\"@context\":\"https:\/\/schema.org\",\"@graph\":[{\"@type\":\"WebPage\",\"@id\":\"https:\/\/biocabaz.pt\/web\/produto\/arroz-branco-bio-1kg-provida\/\",\"url\":\"https:\/\/biocabaz.pt\/web\/produto\/arroz-branco-bio-1kg-provida\/\",\"name\":\"ARROZ BRANCO BIO 1KG PROVIDA\",\"isPartOf\":{\"@id\":\"https:\/\/biocabaz.pt\/web\/#website\"},\"primaryImageOfPage\":{\"@id\":\"https:\/\/biocabaz.pt\/web\/produto\/arroz-branco-bio-1kg-provida\/#primaryimage\"},\"image\":{\"@id\":\"https:\/\/biocabaz.pt\/web\/produto\/arroz-branco-bio-1kg-provida\/#primaryimage\"},\"thumbnailUrl\":\"https:\/\/www.biocabaz.pt\/web\/wp-conteudos\/uploads\/2018\/10\/ARROZ-BRANCO-BIO-PROVIDA.jpg\",\"datePublished\":\"2018-10-22T11:29:43+00:00\",\"dateModified\":\"2023-12-29T08:24:48+00:00\",\"description\":\"ARROZ BRANCO BIO 1KG PROVIDA\",\"breadcrumb\":{\"@id\":\"https:\/\/biocabaz.pt\/web\/produto\/arroz-branco-bio-1kg-provida\/#breadcrumb\"},\"inLanguage\":\"pt-PT\",\"potentialAction\":[{\"@type\":\"ReadAction\",\"target\":[\"https:\/\/biocabaz.pt\/web\/produto\/arroz-branco-bio-1kg-provida\/\"]}]},{\"@type\":\"ImageObject\",\"inLanguage\":\"pt-PT\",\"@id\":\"https:\/\/biocabaz.pt\/web\/produto\/arroz-branco-bio-1kg-provida\/#primaryimage\",\"url\":\"https:\/\/www.biocabaz.pt\/web\/wp-conteudos\/uploads\/2018\/10\/ARROZ-BRANCO-BIO-PROVIDA.jpg\",\"contentUrl\":\"https:\/\/www.biocabaz.pt\/web\/wp-conteudos\/uploads\/2018\/10\/ARROZ-BRANCO-BIO-PROVIDA.jpg\",\"width\":300,\"height\":326,\"caption\":\"ARROZ BRANCO BIO PROVIDA\"},{\"@type\":\"BreadcrumbList\",\"@id\":\"https:\/\/biocabaz.pt\/web\/produto\/arroz-branco-bio-1kg-provida\/#breadcrumb\",\"itemListElement\":[{\"@type\":\"ListItem\",\"position\":1,\"name\":\"Home\",\"item\":\"https:\/\/biocabaz.pt\/web\/\"},{\"@type\":\"ListItem\",\"position\":2,\"name\":\"Loja\",\"item\":\"https:\/\/biocabaz.pt\/web\/shop\/\"},{\"@type\":\"ListItem\",\"position\":3,\"name\":\"ARROZ BRANCO BIO 1KG PROVIDA\"}]},{\"@type\":\"WebSite\",\"@id\":\"https:\/\/biocabaz.pt\/web\/#website\",\"url\":\"https:\/\/biocabaz.pt\/web\/\",\"name\":\"BIOCABAZ - CABAZES BIOL\u00d3GICOS\",\"description\":\"O melhor que a terra d\u00e1 \u00e9 para si\",\"potentialAction\":[{\"@type\":\"SearchAction\",\"target\":{\"@type\":\"EntryPoint\",\"urlTemplate\":\"https:\/\/biocabaz.pt\/web\/?s={search_term_string}\"},\"query-input\":{\"@type\":\"PropertyValueSpecification\",\"valueRequired\":true,\"valueName\":\"search_term_string\"}}],\"inLanguage\":\"pt-PT\"}]}<\/script>\n<!-- \/ Yoast SEO plugin. -->","yoast_head_json":{"title":"ARROZ BRANCO BIO 1KG PROVIDA","description":"ARROZ BRANCO BIO 1KG PROVIDA","robots":{"index":"index","follow":"follow","max-snippet":"max-snippet:-1","max-image-preview":"max-image-preview:large","max-video-preview":"max-video-preview:-1"},"canonical":"https:\/\/biocabaz.pt\/web\/produto\/arroz-branco-bio-1kg-provida\/","og_locale":"pt_PT","og_type":"article","og_title":"[:en]PR\u00d3VIDA ORGANIC WHITE RICE[:pt]ARROZ BRANCO BIO 1KG PROVIDA[:] - BIOCABAZ - CABAZES BIOL\u00d3GICOS","og_description":"ARROZ BRANCO BIO 1KG PROVIDA","og_url":"https:\/\/biocabaz.pt\/web\/produto\/arroz-branco-bio-1kg-provida\/","og_site_name":"BIOCABAZ - CABAZES BIOL\u00d3GICOS","article_modified_time":"2023-12-29T08:24:48+00:00","og_image":[{"width":300,"height":326,"url":"https:\/\/www.biocabaz.pt\/web\/wp-conteudos\/uploads\/2018\/10\/ARROZ-BRANCO-BIO-PROVIDA.jpg","type":"image\/jpeg"}],"twitter_card":"summary_large_image","twitter_misc":{"Est. reading time":"1 minuto"},"schema":{"@context":"https:\/\/schema.org","@graph":[{"@type":"WebPage","@id":"https:\/\/biocabaz.pt\/web\/produto\/arroz-branco-bio-1kg-provida\/","url":"https:\/\/biocabaz.pt\/web\/produto\/arroz-branco-bio-1kg-provida\/","name":"ARROZ BRANCO BIO 1KG PROVIDA","isPartOf":{"@id":"https:\/\/biocabaz.pt\/web\/#website"},"primaryImageOfPage":{"@id":"https:\/\/biocabaz.pt\/web\/produto\/arroz-branco-bio-1kg-provida\/#primaryimage"},"image":{"@id":"https:\/\/biocabaz.pt\/web\/produto\/arroz-branco-bio-1kg-provida\/#primaryimage"},"thumbnailUrl":"https:\/\/www.biocabaz.pt\/web\/wp-conteudos\/uploads\/2018\/10\/ARROZ-BRANCO-BIO-PROVIDA.jpg","datePublished":"2018-10-22T11:29:43+00:00","dateModified":"2023-12-29T08:24:48+00:00","description":"ARROZ BRANCO BIO 1KG PROVIDA","breadcrumb":{"@id":"https:\/\/biocabaz.pt\/web\/produto\/arroz-branco-bio-1kg-provida\/#breadcrumb"},"inLanguage":"pt-PT","potentialAction":[{"@type":"ReadAction","target":["https:\/\/biocabaz.pt\/web\/produto\/arroz-branco-bio-1kg-provida\/"]}]},{"@type":"ImageObject","inLanguage":"pt-PT","@id":"https:\/\/biocabaz.pt\/web\/produto\/arroz-branco-bio-1kg-provida\/#primaryimage","url":"https:\/\/www.biocabaz.pt\/web\/wp-conteudos\/uploads\/2018\/10\/ARROZ-BRANCO-BIO-PROVIDA.jpg","contentUrl":"https:\/\/www.biocabaz.pt\/web\/wp-conteudos\/uploads\/2018\/10\/ARROZ-BRANCO-BIO-PROVIDA.jpg","width":300,"height":326,"caption":"ARROZ BRANCO BIO PROVIDA"},{"@type":"BreadcrumbList","@id":"https:\/\/biocabaz.pt\/web\/produto\/arroz-branco-bio-1kg-provida\/#breadcrumb","itemListElement":[{"@type":"ListItem","position":1,"name":"Home","item":"https:\/\/biocabaz.pt\/web\/"},{"@type":"ListItem","position":2,"name":"Loja","item":"https:\/\/biocabaz.pt\/web\/shop\/"},{"@type":"ListItem","position":3,"name":"ARROZ BRANCO BIO 1KG PROVIDA"}]},{"@type":"WebSite","@id":"https:\/\/biocabaz.pt\/web\/#website","url":"https:\/\/biocabaz.pt\/web\/","name":"BIOCABAZ - CABAZES BIOL\u00d3GICOS","description":"O melhor que a terra d\u00e1 \u00e9 para si","potentialAction":[{"@type":"SearchAction","target":{"@type":"EntryPoint","urlTemplate":"https:\/\/biocabaz.pt\/web\/?s={search_term_string}"},"query-input":{"@type":"PropertyValueSpecification","valueRequired":true,"valueName":"search_term_string"}}],"inLanguage":"pt-PT"}]}},"_links":{"self":[{"href":"https:\/\/biocabaz.pt\/web\/wp-json\/wp\/v2\/product\/9018","targetHints":{"allow":["GET"]}}],"collection":[{"href":"https:\/\/biocabaz.pt\/web\/wp-json\/wp\/v2\/product"}],"about":[{"href":"https:\/\/biocabaz.pt\/web\/wp-json\/wp\/v2\/types\/product"}],"replies":[{"embeddable":true,"href":"https:\/\/biocabaz.pt\/web\/wp-json\/wp\/v2\/comments?post=9018"}],"wp:featuredmedia":[{"embeddable":true,"href":"https:\/\/biocabaz.pt\/web\/wp-json\/wp\/v2\/media\/9019"}],"wp:attachment":[{"href":"https:\/\/biocabaz.pt\/web\/wp-json\/wp\/v2\/media?parent=9018"}],"wp:term":[{"taxonomy":"product_cat","embeddable":true,"href":"https:\/\/biocabaz.pt\/web\/wp-json\/wp\/v2\/product_cat?post=9018"},{"taxonomy":"product_tag","embeddable":true,"href":"https:\/\/biocabaz.pt\/web\/wp-json\/wp\/v2\/product_tag?post=9018"}],"curies":[{"name":"wp","href":"https:\/\/api.w.org\/{rel}","templated":true}]}}