{"id":8984,"date":"2018-10-22T09:52:02","date_gmt":"2018-10-22T09:52:02","guid":{"rendered":"https:\/\/www.biocabaz.pt\/web\/?post_type=product&#038;p=8984"},"modified":"2022-03-15T20:32:03","modified_gmt":"2022-03-15T20:32:03","slug":"farinha-de-trigo-integral-bio-provida-2","status":"publish","type":"product","link":"https:\/\/biocabaz.pt\/web\/produto\/farinha-de-trigo-integral-bio-provida-2\/","title":{"rendered":"FARINHA DE TRIGO  BIO PROVIDA"},"content":{"rendered":"<p><strong>Descri\u00e7\u00e3o <\/strong><br \/>\n\t\t\t\tIngredientes: Farinha de Trigo tipo 65 para usos culin\u00e1rios. Obtida a partir da moagem do cereal de produ\u00e7\u00e3o biol\u00f3gica. <\/p>\n<p><strong>Dados Nutricionais<\/strong><br \/>\n\t\t\t\tDeclara\u00e7\u00e3o Nutricional por 100g:<br \/> Energia: 1475kJ\/348kcal;<br \/> L\u00edpidos: 1,0g &#8211; dos quais saturados: 0,1g;<br \/> Hidratos de carbono: 73,0g &#8211; dos quais a\u00e7\u00facares: 0,27g;<br \/> Fibra: 2,7g;<br \/> Prote\u00ednas: 10,3g;<br \/> Sal: 0,01g.<\/p>\n<p><strong>Modo Utiliza\u00e7\u00e3o<\/strong><br \/>Ideal para a confec\u00e7\u00e3o de bolos, papas, padaria e sobremesas. Conservar em local seco e fresco.<\/p>\n","protected":false},"excerpt":{"rendered":"<p>Descri\u00e7\u00e3o Ingredientes: Farinha de Trigo tipo 65 para usos culin\u00e1rios. Obtida a partir da moagem do cereal de produ\u00e7\u00e3o biol\u00f3gica. Dados Nutricionais Declara\u00e7\u00e3o Nutricional por 100g: Energia: 1475kJ\/348kcal; L\u00edpidos: 1,0g &#8211; dos quais saturados: 0,1g; Hidratos de carbono: 73,0g &#8211; dos quais a\u00e7\u00facares: 0,27g; Fibra: 2,7g; Prote\u00ednas: 10,3g; Sal: 0,01g. Modo Utiliza\u00e7\u00e3oIdeal para a confec\u00e7\u00e3o [&hellip;]<\/p>\n","protected":false},"featured_media":8988,"comment_status":"closed","ping_status":"closed","template":"","meta":[],"product_cat":[22],"product_tag":[],"class_list":["post-8984","product","type-product","status-publish","has-post-thumbnail","hentry","product_cat-arroz-farinha"],"bundle_layout":"","bundled_by":[],"bundled_items":[],"yoast_head":"<!-- This site is optimized with the Yoast SEO plugin v26.3 - https:\/\/yoast.com\/wordpress\/plugins\/seo\/ -->\n<title>FARINHA DE TRIGO BIO PROVIDA<\/title>\n<meta name=\"description\" content=\"FARINHA DE TRIGO INTEGRAL BIO PROVIDA\" \/>\n<meta name=\"robots\" content=\"index, follow, max-snippet:-1, max-image-preview:large, max-video-preview:-1\" \/>\n<link rel=\"canonical\" href=\"https:\/\/biocabaz.pt\/web\/produto\/farinha-de-trigo-integral-bio-provida-2\/\" \/>\n<meta property=\"og:locale\" content=\"pt_PT\" \/>\n<meta property=\"og:locale:alternate\" content=\"en_US\" \/>\n<meta property=\"og:type\" content=\"article\" \/>\n<meta property=\"og:title\" content=\"FARINHA DE TRIGO BIO PROVIDA\" \/>\n<meta property=\"og:description\" content=\"FARINHA DE TRIGO INTEGRAL BIO PROVIDA\" \/>\n<meta property=\"og:url\" content=\"https:\/\/biocabaz.pt\/web\/produto\/farinha-de-trigo-integral-bio-provida-2\/\" \/>\n<meta property=\"og:site_name\" content=\"BIOCABAZ - CABAZES BIOL\u00d3GICOS\" \/>\n<meta property=\"article:modified_time\" content=\"2022-03-15T20:32:03+00:00\" \/>\n<meta property=\"og:image\" content=\"https:\/\/www.biocabaz.pt\/web\/wp-conteudos\/uploads\/2018\/10\/FARINHA-DE-TRIGO-BIO-PROVIDA-e1540201875434.jpg\" \/>\n\t<meta property=\"og:image:width\" content=\"500\" \/>\n\t<meta property=\"og:image:height\" content=\"667\" \/>\n\t<meta property=\"og:image:type\" content=\"image\/jpeg\" \/>\n<meta name=\"twitter:card\" content=\"summary_large_image\" \/>\n<meta name=\"twitter:label1\" content=\"Est. reading time\" \/>\n\t<meta name=\"twitter:data1\" content=\"1 minuto\" \/>\n<script type=\"application\/ld+json\" class=\"yoast-schema-graph\">{\"@context\":\"https:\/\/schema.org\",\"@graph\":[{\"@type\":\"WebPage\",\"@id\":\"https:\/\/biocabaz.pt\/web\/produto\/farinha-de-trigo-integral-bio-provida-2\/\",\"url\":\"https:\/\/biocabaz.pt\/web\/produto\/farinha-de-trigo-integral-bio-provida-2\/\",\"name\":\"FARINHA DE TRIGO BIO PROVIDA\",\"isPartOf\":{\"@id\":\"https:\/\/biocabaz.pt\/web\/#website\"},\"primaryImageOfPage\":{\"@id\":\"https:\/\/biocabaz.pt\/web\/produto\/farinha-de-trigo-integral-bio-provida-2\/#primaryimage\"},\"image\":{\"@id\":\"https:\/\/biocabaz.pt\/web\/produto\/farinha-de-trigo-integral-bio-provida-2\/#primaryimage\"},\"thumbnailUrl\":\"https:\/\/www.biocabaz.pt\/web\/wp-conteudos\/uploads\/2018\/10\/FARINHA-DE-TRIGO-BIO-PROVIDA-e1540201875434.jpg\",\"datePublished\":\"2018-10-22T09:52:02+00:00\",\"dateModified\":\"2022-03-15T20:32:03+00:00\",\"description\":\"FARINHA DE TRIGO INTEGRAL BIO PROVIDA\",\"breadcrumb\":{\"@id\":\"https:\/\/biocabaz.pt\/web\/produto\/farinha-de-trigo-integral-bio-provida-2\/#breadcrumb\"},\"inLanguage\":\"pt-PT\",\"potentialAction\":[{\"@type\":\"ReadAction\",\"target\":[\"https:\/\/biocabaz.pt\/web\/produto\/farinha-de-trigo-integral-bio-provida-2\/\"]}]},{\"@type\":\"ImageObject\",\"inLanguage\":\"pt-PT\",\"@id\":\"https:\/\/biocabaz.pt\/web\/produto\/farinha-de-trigo-integral-bio-provida-2\/#primaryimage\",\"url\":\"https:\/\/www.biocabaz.pt\/web\/wp-conteudos\/uploads\/2018\/10\/FARINHA-DE-TRIGO-BIO-PROVIDA-e1540201875434.jpg\",\"contentUrl\":\"https:\/\/www.biocabaz.pt\/web\/wp-conteudos\/uploads\/2018\/10\/FARINHA-DE-TRIGO-BIO-PROVIDA-e1540201875434.jpg\",\"width\":500,\"height\":667,\"caption\":\"FARINHA DE TRIGO BIO PROVIDA\"},{\"@type\":\"BreadcrumbList\",\"@id\":\"https:\/\/biocabaz.pt\/web\/produto\/farinha-de-trigo-integral-bio-provida-2\/#breadcrumb\",\"itemListElement\":[{\"@type\":\"ListItem\",\"position\":1,\"name\":\"Home\",\"item\":\"https:\/\/biocabaz.pt\/web\/\"},{\"@type\":\"ListItem\",\"position\":2,\"name\":\"Shop\",\"item\":\"https:\/\/www.biocabaz.pt\/web\/en\/shop\/\"},{\"@type\":\"ListItem\",\"position\":3,\"name\":\"FARINHA DE TRIGO BIO PROVIDA\"}]},{\"@type\":\"WebSite\",\"@id\":\"https:\/\/biocabaz.pt\/web\/#website\",\"url\":\"https:\/\/biocabaz.pt\/web\/\",\"name\":\"BIOCABAZ - CABAZES BIOL\u00d3GICOS\",\"description\":\"O melhor que a terra d\u00e1 \u00e9 para si\",\"potentialAction\":[{\"@type\":\"SearchAction\",\"target\":{\"@type\":\"EntryPoint\",\"urlTemplate\":\"https:\/\/biocabaz.pt\/web\/?s={search_term_string}\"},\"query-input\":{\"@type\":\"PropertyValueSpecification\",\"valueRequired\":true,\"valueName\":\"search_term_string\"}}],\"inLanguage\":\"pt-PT\"}]}<\/script>\n<!-- \/ Yoast SEO plugin. -->","yoast_head_json":{"title":"FARINHA DE TRIGO BIO PROVIDA","description":"FARINHA DE TRIGO INTEGRAL BIO PROVIDA","robots":{"index":"index","follow":"follow","max-snippet":"max-snippet:-1","max-image-preview":"max-image-preview:large","max-video-preview":"max-video-preview:-1"},"canonical":"https:\/\/biocabaz.pt\/web\/produto\/farinha-de-trigo-integral-bio-provida-2\/","og_locale":"pt_PT","og_type":"article","og_title":"[:en]PR\u00d3VIDA ORGANIC WHEAT FLOUR[:pt]FARINHA DE TRIGO BIO PROVIDA[:] - BIOCABAZ - CABAZES BIOL\u00d3GICOS","og_description":"FARINHA DE TRIGO INTEGRAL BIO PROVIDA","og_url":"https:\/\/biocabaz.pt\/web\/produto\/farinha-de-trigo-integral-bio-provida-2\/","og_site_name":"BIOCABAZ - CABAZES BIOL\u00d3GICOS","article_modified_time":"2022-03-15T20:32:03+00:00","og_image":[{"width":500,"height":667,"url":"https:\/\/www.biocabaz.pt\/web\/wp-conteudos\/uploads\/2018\/10\/FARINHA-DE-TRIGO-BIO-PROVIDA-e1540201875434.jpg","type":"image\/jpeg"}],"twitter_card":"summary_large_image","twitter_misc":{"Est. reading time":"1 minuto"},"schema":{"@context":"https:\/\/schema.org","@graph":[{"@type":"WebPage","@id":"https:\/\/biocabaz.pt\/web\/produto\/farinha-de-trigo-integral-bio-provida-2\/","url":"https:\/\/biocabaz.pt\/web\/produto\/farinha-de-trigo-integral-bio-provida-2\/","name":"FARINHA DE TRIGO BIO PROVIDA","isPartOf":{"@id":"https:\/\/biocabaz.pt\/web\/#website"},"primaryImageOfPage":{"@id":"https:\/\/biocabaz.pt\/web\/produto\/farinha-de-trigo-integral-bio-provida-2\/#primaryimage"},"image":{"@id":"https:\/\/biocabaz.pt\/web\/produto\/farinha-de-trigo-integral-bio-provida-2\/#primaryimage"},"thumbnailUrl":"https:\/\/www.biocabaz.pt\/web\/wp-conteudos\/uploads\/2018\/10\/FARINHA-DE-TRIGO-BIO-PROVIDA-e1540201875434.jpg","datePublished":"2018-10-22T09:52:02+00:00","dateModified":"2022-03-15T20:32:03+00:00","description":"FARINHA DE TRIGO INTEGRAL BIO PROVIDA","breadcrumb":{"@id":"https:\/\/biocabaz.pt\/web\/produto\/farinha-de-trigo-integral-bio-provida-2\/#breadcrumb"},"inLanguage":"pt-PT","potentialAction":[{"@type":"ReadAction","target":["https:\/\/biocabaz.pt\/web\/produto\/farinha-de-trigo-integral-bio-provida-2\/"]}]},{"@type":"ImageObject","inLanguage":"pt-PT","@id":"https:\/\/biocabaz.pt\/web\/produto\/farinha-de-trigo-integral-bio-provida-2\/#primaryimage","url":"https:\/\/www.biocabaz.pt\/web\/wp-conteudos\/uploads\/2018\/10\/FARINHA-DE-TRIGO-BIO-PROVIDA-e1540201875434.jpg","contentUrl":"https:\/\/www.biocabaz.pt\/web\/wp-conteudos\/uploads\/2018\/10\/FARINHA-DE-TRIGO-BIO-PROVIDA-e1540201875434.jpg","width":500,"height":667,"caption":"FARINHA DE TRIGO BIO PROVIDA"},{"@type":"BreadcrumbList","@id":"https:\/\/biocabaz.pt\/web\/produto\/farinha-de-trigo-integral-bio-provida-2\/#breadcrumb","itemListElement":[{"@type":"ListItem","position":1,"name":"Home","item":"https:\/\/biocabaz.pt\/web\/"},{"@type":"ListItem","position":2,"name":"Shop","item":"https:\/\/www.biocabaz.pt\/web\/en\/shop\/"},{"@type":"ListItem","position":3,"name":"FARINHA DE TRIGO BIO PROVIDA"}]},{"@type":"WebSite","@id":"https:\/\/biocabaz.pt\/web\/#website","url":"https:\/\/biocabaz.pt\/web\/","name":"BIOCABAZ - CABAZES BIOL\u00d3GICOS","description":"O melhor que a terra d\u00e1 \u00e9 para si","potentialAction":[{"@type":"SearchAction","target":{"@type":"EntryPoint","urlTemplate":"https:\/\/biocabaz.pt\/web\/?s={search_term_string}"},"query-input":{"@type":"PropertyValueSpecification","valueRequired":true,"valueName":"search_term_string"}}],"inLanguage":"pt-PT"}]}},"_links":{"self":[{"href":"https:\/\/biocabaz.pt\/web\/wp-json\/wp\/v2\/product\/8984","targetHints":{"allow":["GET"]}}],"collection":[{"href":"https:\/\/biocabaz.pt\/web\/wp-json\/wp\/v2\/product"}],"about":[{"href":"https:\/\/biocabaz.pt\/web\/wp-json\/wp\/v2\/types\/product"}],"replies":[{"embeddable":true,"href":"https:\/\/biocabaz.pt\/web\/wp-json\/wp\/v2\/comments?post=8984"}],"wp:featuredmedia":[{"embeddable":true,"href":"https:\/\/biocabaz.pt\/web\/wp-json\/wp\/v2\/media\/8988"}],"wp:attachment":[{"href":"https:\/\/biocabaz.pt\/web\/wp-json\/wp\/v2\/media?parent=8984"}],"wp:term":[{"taxonomy":"product_cat","embeddable":true,"href":"https:\/\/biocabaz.pt\/web\/wp-json\/wp\/v2\/product_cat?post=8984"},{"taxonomy":"product_tag","embeddable":true,"href":"https:\/\/biocabaz.pt\/web\/wp-json\/wp\/v2\/product_tag?post=8984"}],"curies":[{"name":"wp","href":"https:\/\/api.w.org\/{rel}","templated":true}]}}