{"id":8711,"date":"2018-10-15T11:32:00","date_gmt":"2018-10-15T11:32:00","guid":{"rendered":"https:\/\/www.biocabaz.pt\/web\/?post_type=product&#038;p=8711"},"modified":"2024-08-02T07:39:13","modified_gmt":"2024-08-02T07:39:13","slug":"geleia-agave-golden-480grs-provida","status":"publish","type":"product","link":"https:\/\/biocabaz.pt\/web\/produto\/geleia-agave-golden-480grs-provida\/","title":{"rendered":"GELEIA DE AGAVE GOLDEN 480GRS PROVIDA"},"content":{"rendered":"<p><strong>Descri\u00e7\u00e3o <\/strong><br \/>\n\t\t\t\tIngredientes: Agave azul de produ\u00e7\u00e3o biol\u00f3gica, obtida a partir do Agave Azul Biol\u00f3gico. \u00c9 um pouco mais filtrada, mais suave e leve. Destaca-se o seu alto poder ado\u00e7ante e simultaneamente o seu baixo \u00edndice glic\u00e9mico comparado com outros ado\u00e7antes naturais.<\/p>\n<p><strong>Dados Nutricionais<\/strong><br \/>\n\t\t\t\tDeclara\u00e7\u00e3o Nutricional por 100g:<br \/> Energia: 344kcal\/1462kj;<br \/> Prote\u00ednas: 0g;<br \/> Hidratos de Carbono: 78g &#8211; dos quais a\u00e7\u00facares: >70% &#8211; frutose: >16%;<br \/> L\u00edpidos: 0g &#8211; dos quais saturados: 0g;<br \/> Fibras Alimentares (inulina): 5g;<br \/> S\u00f3dio: 0,015g.<\/p>\n<p><strong>Modo Utiliza\u00e7\u00e3o<\/strong><br \/>Utilizar em pastelaria natural e do\u00e7aria, em biscoitos, bolachas, para ado\u00e7ar os cereais de pequeno-almo\u00e7o, iogurtes, caf\u00e9, bebidas, etc. Quando substituir o a\u00e7\u00facar por agave, reduza em 30% a quantidade de agave, pois este \u00e9 mais doce que o a\u00e7\u00facar. A quantidade de l\u00edquido da receita deve ser reduzida. Conservar em local seco e fresco. <\/p>\n","protected":false},"excerpt":{"rendered":"<p>Descri\u00e7\u00e3o Ingredientes: Agave azul de produ\u00e7\u00e3o biol\u00f3gica, obtida a partir do Agave Azul Biol\u00f3gico. \u00c9 um pouco mais filtrada, mais suave e leve. Destaca-se o seu alto poder ado\u00e7ante e simultaneamente o seu baixo \u00edndice glic\u00e9mico comparado com outros ado\u00e7antes naturais. Dados Nutricionais Declara\u00e7\u00e3o Nutricional por 100g: Energia: 344kcal\/1462kj; Prote\u00ednas: 0g; Hidratos de Carbono: 78g [&hellip;]<\/p>\n","protected":false},"featured_media":8712,"comment_status":"closed","ping_status":"closed","template":"","meta":[],"product_cat":[28],"product_tag":[],"class_list":["post-8711","product","type-product","status-publish","has-post-thumbnail","hentry","product_cat-acucar"],"bundle_layout":"","bundled_by":[],"bundled_items":[],"yoast_head":"<!-- This site is optimized with the Yoast SEO plugin v26.3 - https:\/\/yoast.com\/wordpress\/plugins\/seo\/ -->\n<title>GELEIA DE AGAVE GOLDEN 480GRS PROVIDA<\/title>\n<meta name=\"description\" content=\"GELEIA DE AGAVE GOLDEN 480GRS PROVIDA\" \/>\n<meta name=\"robots\" content=\"index, follow, max-snippet:-1, max-image-preview:large, max-video-preview:-1\" \/>\n<link rel=\"canonical\" href=\"https:\/\/biocabaz.pt\/web\/produto\/geleia-agave-golden-480grs-provida\/\" \/>\n<meta property=\"og:locale\" content=\"pt_PT\" \/>\n<meta property=\"og:locale:alternate\" content=\"en_US\" \/>\n<meta property=\"og:type\" content=\"article\" \/>\n<meta property=\"og:title\" content=\"GELEIA DE AGAVE GOLDEN 480GRS PROVIDA\" \/>\n<meta property=\"og:description\" content=\"GELEIA DE AGAVE GOLDEN 480GRS PROVIDA\" \/>\n<meta property=\"og:url\" content=\"https:\/\/biocabaz.pt\/web\/produto\/geleia-agave-golden-480grs-provida\/\" \/>\n<meta property=\"og:site_name\" content=\"BIOCABAZ - CABAZES BIOL\u00d3GICOS\" \/>\n<meta property=\"article:modified_time\" content=\"2024-08-02T07:39:13+00:00\" \/>\n<meta property=\"og:image\" content=\"https:\/\/www.biocabaz.pt\/web\/wp-conteudos\/uploads\/2018\/10\/GELEIA-DE-AGAVE-GOLDEN-480GRS-PROVIDA.jpg\" \/>\n\t<meta property=\"og:image:width\" content=\"300\" \/>\n\t<meta property=\"og:image:height\" content=\"326\" \/>\n\t<meta property=\"og:image:type\" content=\"image\/jpeg\" \/>\n<meta name=\"twitter:card\" content=\"summary_large_image\" \/>\n<meta name=\"twitter:label1\" content=\"Est. reading time\" \/>\n\t<meta name=\"twitter:data1\" content=\"1 minuto\" \/>\n<script type=\"application\/ld+json\" class=\"yoast-schema-graph\">{\"@context\":\"https:\/\/schema.org\",\"@graph\":[{\"@type\":\"WebPage\",\"@id\":\"https:\/\/biocabaz.pt\/web\/produto\/geleia-agave-golden-480grs-provida\/\",\"url\":\"https:\/\/biocabaz.pt\/web\/produto\/geleia-agave-golden-480grs-provida\/\",\"name\":\"GELEIA DE AGAVE GOLDEN 480GRS PROVIDA\",\"isPartOf\":{\"@id\":\"https:\/\/biocabaz.pt\/web\/#website\"},\"primaryImageOfPage\":{\"@id\":\"https:\/\/biocabaz.pt\/web\/produto\/geleia-agave-golden-480grs-provida\/#primaryimage\"},\"image\":{\"@id\":\"https:\/\/biocabaz.pt\/web\/produto\/geleia-agave-golden-480grs-provida\/#primaryimage\"},\"thumbnailUrl\":\"https:\/\/www.biocabaz.pt\/web\/wp-conteudos\/uploads\/2018\/10\/GELEIA-DE-AGAVE-GOLDEN-480GRS-PROVIDA.jpg\",\"datePublished\":\"2018-10-15T11:32:00+00:00\",\"dateModified\":\"2024-08-02T07:39:13+00:00\",\"description\":\"GELEIA DE AGAVE GOLDEN 480GRS PROVIDA\",\"breadcrumb\":{\"@id\":\"https:\/\/biocabaz.pt\/web\/produto\/geleia-agave-golden-480grs-provida\/#breadcrumb\"},\"inLanguage\":\"pt-PT\",\"potentialAction\":[{\"@type\":\"ReadAction\",\"target\":[\"https:\/\/biocabaz.pt\/web\/produto\/geleia-agave-golden-480grs-provida\/\"]}]},{\"@type\":\"ImageObject\",\"inLanguage\":\"pt-PT\",\"@id\":\"https:\/\/biocabaz.pt\/web\/produto\/geleia-agave-golden-480grs-provida\/#primaryimage\",\"url\":\"https:\/\/www.biocabaz.pt\/web\/wp-conteudos\/uploads\/2018\/10\/GELEIA-DE-AGAVE-GOLDEN-480GRS-PROVIDA.jpg\",\"contentUrl\":\"https:\/\/www.biocabaz.pt\/web\/wp-conteudos\/uploads\/2018\/10\/GELEIA-DE-AGAVE-GOLDEN-480GRS-PROVIDA.jpg\",\"width\":300,\"height\":326,\"caption\":\"GELEIA DE AGAVE GOLDEN 480GRS PROVIDA\"},{\"@type\":\"BreadcrumbList\",\"@id\":\"https:\/\/biocabaz.pt\/web\/produto\/geleia-agave-golden-480grs-provida\/#breadcrumb\",\"itemListElement\":[{\"@type\":\"ListItem\",\"position\":1,\"name\":\"Home\",\"item\":\"https:\/\/biocabaz.pt\/web\/\"},{\"@type\":\"ListItem\",\"position\":2,\"name\":\"Loja\",\"item\":\"https:\/\/biocabaz.pt\/web\/shop\/\"},{\"@type\":\"ListItem\",\"position\":3,\"name\":\"GELEIA DE AGAVE GOLDEN 480GRS PROVIDA\"}]},{\"@type\":\"WebSite\",\"@id\":\"https:\/\/biocabaz.pt\/web\/#website\",\"url\":\"https:\/\/biocabaz.pt\/web\/\",\"name\":\"BIOCABAZ - CABAZES BIOL\u00d3GICOS\",\"description\":\"O melhor que a terra d\u00e1 \u00e9 para si\",\"potentialAction\":[{\"@type\":\"SearchAction\",\"target\":{\"@type\":\"EntryPoint\",\"urlTemplate\":\"https:\/\/biocabaz.pt\/web\/?s={search_term_string}\"},\"query-input\":{\"@type\":\"PropertyValueSpecification\",\"valueRequired\":true,\"valueName\":\"search_term_string\"}}],\"inLanguage\":\"pt-PT\"}]}<\/script>\n<!-- \/ Yoast SEO plugin. -->","yoast_head_json":{"title":"GELEIA DE AGAVE GOLDEN 480GRS PROVIDA","description":"GELEIA DE AGAVE GOLDEN 480GRS PROVIDA","robots":{"index":"index","follow":"follow","max-snippet":"max-snippet:-1","max-image-preview":"max-image-preview:large","max-video-preview":"max-video-preview:-1"},"canonical":"https:\/\/biocabaz.pt\/web\/produto\/geleia-agave-golden-480grs-provida\/","og_locale":"pt_PT","og_type":"article","og_title":"[:en]PR\u00d3VIDA AGAVE SYRUP[:pt]GELEIA DE AGAVE GOLDEN 480GRS PROVIDA[:] - BIOCABAZ - CABAZES BIOL\u00d3GICOS","og_description":"GELEIA DE AGAVE GOLDEN 480GRS PROVIDA","og_url":"https:\/\/biocabaz.pt\/web\/produto\/geleia-agave-golden-480grs-provida\/","og_site_name":"BIOCABAZ - CABAZES BIOL\u00d3GICOS","article_modified_time":"2024-08-02T07:39:13+00:00","og_image":[{"width":300,"height":326,"url":"https:\/\/www.biocabaz.pt\/web\/wp-conteudos\/uploads\/2018\/10\/GELEIA-DE-AGAVE-GOLDEN-480GRS-PROVIDA.jpg","type":"image\/jpeg"}],"twitter_card":"summary_large_image","twitter_misc":{"Est. reading time":"1 minuto"},"schema":{"@context":"https:\/\/schema.org","@graph":[{"@type":"WebPage","@id":"https:\/\/biocabaz.pt\/web\/produto\/geleia-agave-golden-480grs-provida\/","url":"https:\/\/biocabaz.pt\/web\/produto\/geleia-agave-golden-480grs-provida\/","name":"GELEIA DE AGAVE GOLDEN 480GRS PROVIDA","isPartOf":{"@id":"https:\/\/biocabaz.pt\/web\/#website"},"primaryImageOfPage":{"@id":"https:\/\/biocabaz.pt\/web\/produto\/geleia-agave-golden-480grs-provida\/#primaryimage"},"image":{"@id":"https:\/\/biocabaz.pt\/web\/produto\/geleia-agave-golden-480grs-provida\/#primaryimage"},"thumbnailUrl":"https:\/\/www.biocabaz.pt\/web\/wp-conteudos\/uploads\/2018\/10\/GELEIA-DE-AGAVE-GOLDEN-480GRS-PROVIDA.jpg","datePublished":"2018-10-15T11:32:00+00:00","dateModified":"2024-08-02T07:39:13+00:00","description":"GELEIA DE AGAVE GOLDEN 480GRS PROVIDA","breadcrumb":{"@id":"https:\/\/biocabaz.pt\/web\/produto\/geleia-agave-golden-480grs-provida\/#breadcrumb"},"inLanguage":"pt-PT","potentialAction":[{"@type":"ReadAction","target":["https:\/\/biocabaz.pt\/web\/produto\/geleia-agave-golden-480grs-provida\/"]}]},{"@type":"ImageObject","inLanguage":"pt-PT","@id":"https:\/\/biocabaz.pt\/web\/produto\/geleia-agave-golden-480grs-provida\/#primaryimage","url":"https:\/\/www.biocabaz.pt\/web\/wp-conteudos\/uploads\/2018\/10\/GELEIA-DE-AGAVE-GOLDEN-480GRS-PROVIDA.jpg","contentUrl":"https:\/\/www.biocabaz.pt\/web\/wp-conteudos\/uploads\/2018\/10\/GELEIA-DE-AGAVE-GOLDEN-480GRS-PROVIDA.jpg","width":300,"height":326,"caption":"GELEIA DE AGAVE GOLDEN 480GRS PROVIDA"},{"@type":"BreadcrumbList","@id":"https:\/\/biocabaz.pt\/web\/produto\/geleia-agave-golden-480grs-provida\/#breadcrumb","itemListElement":[{"@type":"ListItem","position":1,"name":"Home","item":"https:\/\/biocabaz.pt\/web\/"},{"@type":"ListItem","position":2,"name":"Loja","item":"https:\/\/biocabaz.pt\/web\/shop\/"},{"@type":"ListItem","position":3,"name":"GELEIA DE AGAVE GOLDEN 480GRS PROVIDA"}]},{"@type":"WebSite","@id":"https:\/\/biocabaz.pt\/web\/#website","url":"https:\/\/biocabaz.pt\/web\/","name":"BIOCABAZ - CABAZES BIOL\u00d3GICOS","description":"O melhor que a terra d\u00e1 \u00e9 para si","potentialAction":[{"@type":"SearchAction","target":{"@type":"EntryPoint","urlTemplate":"https:\/\/biocabaz.pt\/web\/?s={search_term_string}"},"query-input":{"@type":"PropertyValueSpecification","valueRequired":true,"valueName":"search_term_string"}}],"inLanguage":"pt-PT"}]}},"_links":{"self":[{"href":"https:\/\/biocabaz.pt\/web\/wp-json\/wp\/v2\/product\/8711","targetHints":{"allow":["GET"]}}],"collection":[{"href":"https:\/\/biocabaz.pt\/web\/wp-json\/wp\/v2\/product"}],"about":[{"href":"https:\/\/biocabaz.pt\/web\/wp-json\/wp\/v2\/types\/product"}],"replies":[{"embeddable":true,"href":"https:\/\/biocabaz.pt\/web\/wp-json\/wp\/v2\/comments?post=8711"}],"wp:featuredmedia":[{"embeddable":true,"href":"https:\/\/biocabaz.pt\/web\/wp-json\/wp\/v2\/media\/8712"}],"wp:attachment":[{"href":"https:\/\/biocabaz.pt\/web\/wp-json\/wp\/v2\/media?parent=8711"}],"wp:term":[{"taxonomy":"product_cat","embeddable":true,"href":"https:\/\/biocabaz.pt\/web\/wp-json\/wp\/v2\/product_cat?post=8711"},{"taxonomy":"product_tag","embeddable":true,"href":"https:\/\/biocabaz.pt\/web\/wp-json\/wp\/v2\/product_tag?post=8711"}],"curies":[{"name":"wp","href":"https:\/\/api.w.org\/{rel}","templated":true}]}}