{"id":8700,"date":"2018-10-15T11:04:38","date_gmt":"2018-10-15T11:04:38","guid":{"rendered":"https:\/\/www.biocabaz.pt\/web\/?post_type=product&#038;p=8700"},"modified":"2023-04-15T13:08:08","modified_gmt":"2023-04-15T13:08:08","slug":"xarope-de-tamaras-250grs","status":"publish","type":"product","link":"https:\/\/biocabaz.pt\/web\/produto\/xarope-de-tamaras-250grs\/","title":{"rendered":"XAROPE DE T\u00c2MARAS 250GRS"},"content":{"rendered":"<p><strong>Descri\u00e7\u00e3o <\/strong><br \/>\n\t\t\t\tingredientes: T\u00e2maras* 79%, \u00e1gua *de agricultura biol\u00f3gica controlada.<\/p>\n<p><strong>Dados Nutricionais<\/strong><br \/>\n\t\t\t\tDeclara\u00e7\u00e3o nutricional (por 100g): Energia: 1229kj\/289kal;<br \/> L\u00edpidos: 0,5g \u2013 dos quais saturados: 0,1g;<br \/> Hidratos de carbono: 70g \u2013 dos quais a\u00e7\u00facares: 70g;<br \/> Prote\u00ednas: 1,2g;<br \/> Sal: 0,16g. <\/p>\n<p><strong>Modo Utiliza\u00e7\u00e3o<\/strong><br \/>Pode ser utilizado para ado\u00e7ar ch\u00e1s e smoothies, para fazer bolos, para adicionar aos iogurtes, mueslis, mas tamb\u00e9m pode utilizar para fazer marinadas agridoces, pratos orientais e pequenos almo\u00e7os ayurv\u00e9dicos. Depois de abrir, guardar no frigor\u00edfico. Conservar em local seco e fresco. <\/p>\n","protected":false},"excerpt":{"rendered":"<p>Descri\u00e7\u00e3o ingredientes: T\u00e2maras* 79%, \u00e1gua *de agricultura biol\u00f3gica controlada. Dados Nutricionais Declara\u00e7\u00e3o nutricional (por 100g): Energia: 1229kj\/289kal; L\u00edpidos: 0,5g \u2013 dos quais saturados: 0,1g; Hidratos de carbono: 70g \u2013 dos quais a\u00e7\u00facares: 70g; Prote\u00ednas: 1,2g; Sal: 0,16g. Modo Utiliza\u00e7\u00e3oPode ser utilizado para ado\u00e7ar ch\u00e1s e smoothies, para fazer bolos, para adicionar aos iogurtes, mueslis, mas [&hellip;]<\/p>\n","protected":false},"featured_media":8701,"comment_status":"closed","ping_status":"closed","template":"","meta":[],"product_cat":[28],"product_tag":[],"class_list":["post-8700","product","type-product","status-publish","has-post-thumbnail","hentry","product_cat-acucar"],"bundle_layout":"","bundled_by":[],"bundled_items":[],"yoast_head":"<!-- This site is optimized with the Yoast SEO plugin v26.3 - https:\/\/yoast.com\/wordpress\/plugins\/seo\/ -->\n<title>XAROPE DE T\u00c2MARAS 250GRS<\/title>\n<meta name=\"description\" content=\"XAROPE DE T\u00c2MARAS 250GRS\" \/>\n<meta name=\"robots\" content=\"index, follow, max-snippet:-1, max-image-preview:large, max-video-preview:-1\" \/>\n<link rel=\"canonical\" href=\"https:\/\/biocabaz.pt\/web\/produto\/xarope-de-tamaras-250grs\/\" \/>\n<meta property=\"og:locale\" content=\"pt_PT\" \/>\n<meta property=\"og:locale:alternate\" content=\"en_US\" \/>\n<meta property=\"og:type\" content=\"article\" \/>\n<meta property=\"og:title\" content=\"XAROPE DE T\u00c2MARAS 250GRS\" \/>\n<meta property=\"og:description\" content=\"XAROPE DE T\u00c2MARAS 250GRS\" \/>\n<meta property=\"og:url\" content=\"https:\/\/biocabaz.pt\/web\/produto\/xarope-de-tamaras-250grs\/\" \/>\n<meta property=\"og:site_name\" content=\"BIOCABAZ - CABAZES BIOL\u00d3GICOS\" \/>\n<meta property=\"article:modified_time\" content=\"2023-04-15T13:08:08+00:00\" \/>\n<meta property=\"og:image\" content=\"https:\/\/www.biocabaz.pt\/web\/wp-conteudos\/uploads\/2018\/10\/XAROPE-DE-T\u00c2MARAS-250GRS.jpg\" \/>\n\t<meta property=\"og:image:width\" content=\"551\" \/>\n\t<meta property=\"og:image:height\" content=\"1024\" \/>\n\t<meta property=\"og:image:type\" content=\"image\/jpeg\" \/>\n<meta name=\"twitter:card\" content=\"summary_large_image\" \/>\n<meta name=\"twitter:label1\" content=\"Est. reading time\" \/>\n\t<meta name=\"twitter:data1\" content=\"1 minuto\" \/>\n<script type=\"application\/ld+json\" class=\"yoast-schema-graph\">{\"@context\":\"https:\/\/schema.org\",\"@graph\":[{\"@type\":\"WebPage\",\"@id\":\"https:\/\/biocabaz.pt\/web\/produto\/xarope-de-tamaras-250grs\/\",\"url\":\"https:\/\/biocabaz.pt\/web\/produto\/xarope-de-tamaras-250grs\/\",\"name\":\"XAROPE DE T\u00c2MARAS 250GRS\",\"isPartOf\":{\"@id\":\"https:\/\/www.biocabaz.pt\/web\/en\/#website\"},\"primaryImageOfPage\":{\"@id\":\"https:\/\/biocabaz.pt\/web\/produto\/xarope-de-tamaras-250grs\/#primaryimage\"},\"image\":{\"@id\":\"https:\/\/biocabaz.pt\/web\/produto\/xarope-de-tamaras-250grs\/#primaryimage\"},\"thumbnailUrl\":\"https:\/\/www.biocabaz.pt\/web\/wp-conteudos\/uploads\/2018\/10\/XAROPE-DE-T\u00c2MARAS-250GRS.jpg\",\"datePublished\":\"2018-10-15T11:04:38+00:00\",\"dateModified\":\"2023-04-15T13:08:08+00:00\",\"description\":\"XAROPE DE T\u00c2MARAS 250GRS\",\"breadcrumb\":{\"@id\":\"https:\/\/biocabaz.pt\/web\/produto\/xarope-de-tamaras-250grs\/#breadcrumb\"},\"inLanguage\":\"pt-PT\",\"potentialAction\":[{\"@type\":\"ReadAction\",\"target\":[\"https:\/\/biocabaz.pt\/web\/produto\/xarope-de-tamaras-250grs\/\"]}]},{\"@type\":\"ImageObject\",\"inLanguage\":\"pt-PT\",\"@id\":\"https:\/\/biocabaz.pt\/web\/produto\/xarope-de-tamaras-250grs\/#primaryimage\",\"url\":\"https:\/\/www.biocabaz.pt\/web\/wp-conteudos\/uploads\/2018\/10\/XAROPE-DE-T\u00c2MARAS-250GRS.jpg\",\"contentUrl\":\"https:\/\/www.biocabaz.pt\/web\/wp-conteudos\/uploads\/2018\/10\/XAROPE-DE-T\u00c2MARAS-250GRS.jpg\",\"width\":551,\"height\":1024,\"caption\":\"XAROPE DE T\u00c2MARAS 250GRS\"},{\"@type\":\"BreadcrumbList\",\"@id\":\"https:\/\/biocabaz.pt\/web\/produto\/xarope-de-tamaras-250grs\/#breadcrumb\",\"itemListElement\":[{\"@type\":\"ListItem\",\"position\":1,\"name\":\"Home\",\"item\":\"https:\/\/www.biocabaz.pt\/web\/en\/\"},{\"@type\":\"ListItem\",\"position\":2,\"name\":\"Shop\",\"item\":\"https:\/\/www.biocabaz.pt\/web\/en\/shop\/\"},{\"@type\":\"ListItem\",\"position\":3,\"name\":\"XAROPE DE T\u00c2MARAS 250GRS\"}]},{\"@type\":\"WebSite\",\"@id\":\"https:\/\/www.biocabaz.pt\/web\/en\/#website\",\"url\":\"https:\/\/www.biocabaz.pt\/web\/en\/\",\"name\":\"BIOCABAZ - CABAZES BIOL\u00d3GICOS\",\"description\":\"O melhor que a terra d\u00e1 \u00e9 para si\",\"potentialAction\":[{\"@type\":\"SearchAction\",\"target\":{\"@type\":\"EntryPoint\",\"urlTemplate\":\"https:\/\/www.biocabaz.pt\/web\/en\/?s={search_term_string}\"},\"query-input\":{\"@type\":\"PropertyValueSpecification\",\"valueRequired\":true,\"valueName\":\"search_term_string\"}}],\"inLanguage\":\"pt-PT\"}]}<\/script>\n<!-- \/ Yoast SEO plugin. -->","yoast_head_json":{"title":"XAROPE DE T\u00c2MARAS 250GRS","description":"XAROPE DE T\u00c2MARAS 250GRS","robots":{"index":"index","follow":"follow","max-snippet":"max-snippet:-1","max-image-preview":"max-image-preview:large","max-video-preview":"max-video-preview:-1"},"canonical":"https:\/\/biocabaz.pt\/web\/produto\/xarope-de-tamaras-250grs\/","og_locale":"pt_PT","og_type":"article","og_title":"[:en]RAPUNZEL DATE SYRUP[:pt]XAROPE DE T\u00c2MARAS 250GRS[:] - BIOCABAZ - CABAZES BIOL\u00d3GICOS","og_description":"XAROPE DE T\u00c2MARAS 250GRS","og_url":"https:\/\/biocabaz.pt\/web\/produto\/xarope-de-tamaras-250grs\/","og_site_name":"BIOCABAZ - CABAZES BIOL\u00d3GICOS","article_modified_time":"2023-04-15T13:08:08+00:00","og_image":[{"width":551,"height":1024,"url":"https:\/\/www.biocabaz.pt\/web\/wp-conteudos\/uploads\/2018\/10\/XAROPE-DE-T\u00c2MARAS-250GRS.jpg","type":"image\/jpeg"}],"twitter_card":"summary_large_image","twitter_misc":{"Est. reading time":"1 minuto"},"schema":{"@context":"https:\/\/schema.org","@graph":[{"@type":"WebPage","@id":"https:\/\/biocabaz.pt\/web\/produto\/xarope-de-tamaras-250grs\/","url":"https:\/\/biocabaz.pt\/web\/produto\/xarope-de-tamaras-250grs\/","name":"XAROPE DE T\u00c2MARAS 250GRS","isPartOf":{"@id":"https:\/\/www.biocabaz.pt\/web\/en\/#website"},"primaryImageOfPage":{"@id":"https:\/\/biocabaz.pt\/web\/produto\/xarope-de-tamaras-250grs\/#primaryimage"},"image":{"@id":"https:\/\/biocabaz.pt\/web\/produto\/xarope-de-tamaras-250grs\/#primaryimage"},"thumbnailUrl":"https:\/\/www.biocabaz.pt\/web\/wp-conteudos\/uploads\/2018\/10\/XAROPE-DE-T\u00c2MARAS-250GRS.jpg","datePublished":"2018-10-15T11:04:38+00:00","dateModified":"2023-04-15T13:08:08+00:00","description":"XAROPE DE T\u00c2MARAS 250GRS","breadcrumb":{"@id":"https:\/\/biocabaz.pt\/web\/produto\/xarope-de-tamaras-250grs\/#breadcrumb"},"inLanguage":"pt-PT","potentialAction":[{"@type":"ReadAction","target":["https:\/\/biocabaz.pt\/web\/produto\/xarope-de-tamaras-250grs\/"]}]},{"@type":"ImageObject","inLanguage":"pt-PT","@id":"https:\/\/biocabaz.pt\/web\/produto\/xarope-de-tamaras-250grs\/#primaryimage","url":"https:\/\/www.biocabaz.pt\/web\/wp-conteudos\/uploads\/2018\/10\/XAROPE-DE-T\u00c2MARAS-250GRS.jpg","contentUrl":"https:\/\/www.biocabaz.pt\/web\/wp-conteudos\/uploads\/2018\/10\/XAROPE-DE-T\u00c2MARAS-250GRS.jpg","width":551,"height":1024,"caption":"XAROPE DE T\u00c2MARAS 250GRS"},{"@type":"BreadcrumbList","@id":"https:\/\/biocabaz.pt\/web\/produto\/xarope-de-tamaras-250grs\/#breadcrumb","itemListElement":[{"@type":"ListItem","position":1,"name":"Home","item":"https:\/\/www.biocabaz.pt\/web\/en\/"},{"@type":"ListItem","position":2,"name":"Shop","item":"https:\/\/www.biocabaz.pt\/web\/en\/shop\/"},{"@type":"ListItem","position":3,"name":"XAROPE DE T\u00c2MARAS 250GRS"}]},{"@type":"WebSite","@id":"https:\/\/www.biocabaz.pt\/web\/en\/#website","url":"https:\/\/www.biocabaz.pt\/web\/en\/","name":"BIOCABAZ - CABAZES BIOL\u00d3GICOS","description":"O melhor que a terra d\u00e1 \u00e9 para si","potentialAction":[{"@type":"SearchAction","target":{"@type":"EntryPoint","urlTemplate":"https:\/\/www.biocabaz.pt\/web\/en\/?s={search_term_string}"},"query-input":{"@type":"PropertyValueSpecification","valueRequired":true,"valueName":"search_term_string"}}],"inLanguage":"pt-PT"}]}},"_links":{"self":[{"href":"https:\/\/biocabaz.pt\/web\/wp-json\/wp\/v2\/product\/8700","targetHints":{"allow":["GET"]}}],"collection":[{"href":"https:\/\/biocabaz.pt\/web\/wp-json\/wp\/v2\/product"}],"about":[{"href":"https:\/\/biocabaz.pt\/web\/wp-json\/wp\/v2\/types\/product"}],"replies":[{"embeddable":true,"href":"https:\/\/biocabaz.pt\/web\/wp-json\/wp\/v2\/comments?post=8700"}],"wp:featuredmedia":[{"embeddable":true,"href":"https:\/\/biocabaz.pt\/web\/wp-json\/wp\/v2\/media\/8701"}],"wp:attachment":[{"href":"https:\/\/biocabaz.pt\/web\/wp-json\/wp\/v2\/media?parent=8700"}],"wp:term":[{"taxonomy":"product_cat","embeddable":true,"href":"https:\/\/biocabaz.pt\/web\/wp-json\/wp\/v2\/product_cat?post=8700"},{"taxonomy":"product_tag","embeddable":true,"href":"https:\/\/biocabaz.pt\/web\/wp-json\/wp\/v2\/product_tag?post=8700"}],"curies":[{"name":"wp","href":"https:\/\/api.w.org\/{rel}","templated":true}]}}