{"id":8688,"date":"2018-10-15T10:14:06","date_gmt":"2018-10-15T10:14:06","guid":{"rendered":"https:\/\/www.biocabaz.pt\/web\/?post_type=product&#038;p=8688"},"modified":"2023-04-15T13:07:49","modified_gmt":"2023-04-15T13:07:49","slug":"acucar-integral-claro-provida","status":"publish","type":"product","link":"https:\/\/biocabaz.pt\/web\/produto\/acucar-integral-claro-provida\/","title":{"rendered":"A\u00c7\u00daCAR INTEGRAL CLARO PROVIDA"},"content":{"rendered":"<p><strong>Descri\u00e7\u00e3o <\/strong><br \/>\n\t\t\t\tIngredientes: A\u00e7\u00facar Mascavado Claro. Obtido a partir da cana do a\u00e7\u00facar de produ\u00e7\u00e3o biol\u00f3gica n\u00e3o sendo sujeito \u00e0 habitual refina\u00e7\u00e3o do a\u00e7\u00facar branco. Origin\u00e1rio do Brasil. Proveniente de comercio justo (Fairtrade).<\/p>\n<p><strong>Dados Nutricionais<\/strong><br \/>\n\t\t\t\tDeclara\u00e7\u00e3o Nutricional: Energia: 390 Kcal\/1657 KJ;<br \/> Prote\u00ednas: 0,7g;<br \/> L\u00edpidos: 0,1g;<br \/> Hidratos de Carbono: 96,5g;<br \/> Fibras Alimentares: 0,4g.<\/p>\n<p><strong>Modo Utiliza\u00e7\u00e3o<\/strong><br \/>Usar como ado\u00e7ante nas mais variadas vertentes, bebidas, pastelaria e do\u00e7aria. Conservar em local seco e fresco. <\/p>\n","protected":false},"excerpt":{"rendered":"<p>Descri\u00e7\u00e3o Ingredientes: A\u00e7\u00facar Mascavado Claro. Obtido a partir da cana do a\u00e7\u00facar de produ\u00e7\u00e3o biol\u00f3gica n\u00e3o sendo sujeito \u00e0 habitual refina\u00e7\u00e3o do a\u00e7\u00facar branco. Origin\u00e1rio do Brasil. Proveniente de comercio justo (Fairtrade). Dados Nutricionais Declara\u00e7\u00e3o Nutricional: Energia: 390 Kcal\/1657 KJ; Prote\u00ednas: 0,7g; L\u00edpidos: 0,1g; Hidratos de Carbono: 96,5g; Fibras Alimentares: 0,4g. Modo Utiliza\u00e7\u00e3oUsar como ado\u00e7ante [&hellip;]<\/p>\n","protected":false},"featured_media":8689,"comment_status":"closed","ping_status":"closed","template":"","meta":[],"product_cat":[28],"product_tag":[],"class_list":["post-8688","product","type-product","status-publish","has-post-thumbnail","hentry","product_cat-acucar"],"bundle_layout":"","bundled_by":[],"bundled_items":[],"yoast_head":"<!-- This site is optimized with the Yoast SEO plugin v26.3 - https:\/\/yoast.com\/wordpress\/plugins\/seo\/ -->\n<title>A\u00c7\u00daCAR INTEGRAL CLARO PROVIDA<\/title>\n<meta name=\"description\" content=\"A\u00c7\u00daCAR INTEGRAL CLARO PROVIDA\" \/>\n<meta name=\"robots\" content=\"index, follow, max-snippet:-1, max-image-preview:large, max-video-preview:-1\" \/>\n<link rel=\"canonical\" href=\"https:\/\/www.biocabaz.pt\/web\/en\/produto\/acucar-integral-claro-provida\/\" \/>\n<meta property=\"og:locale\" content=\"pt_PT\" \/>\n<meta property=\"og:locale:alternate\" content=\"en_US\" \/>\n<meta property=\"og:type\" content=\"article\" \/>\n<meta property=\"og:title\" content=\"A\u00c7\u00daCAR INTEGRAL CLARO PROVIDA\" \/>\n<meta property=\"og:description\" content=\"A\u00c7\u00daCAR INTEGRAL CLARO PROVIDA\" \/>\n<meta property=\"og:url\" content=\"https:\/\/biocabaz.pt\/web\/produto\/acucar-integral-claro-provida\/\" \/>\n<meta property=\"og:site_name\" content=\"BIOCABAZ - CABAZES BIOL\u00d3GICOS\" \/>\n<meta property=\"article:modified_time\" content=\"2023-04-15T13:07:49+00:00\" \/>\n<meta property=\"og:image\" content=\"https:\/\/www.biocabaz.pt\/web\/wp-conteudos\/uploads\/2018\/10\/ACUCAR-MASCAVADO-CLARO-PROVIDA.jpg\" \/>\n\t<meta property=\"og:image:width\" content=\"300\" \/>\n\t<meta property=\"og:image:height\" content=\"326\" \/>\n\t<meta property=\"og:image:type\" content=\"image\/jpeg\" \/>\n<meta name=\"twitter:card\" content=\"summary_large_image\" \/>\n<meta name=\"twitter:label1\" content=\"Est. reading time\" \/>\n\t<meta name=\"twitter:data1\" content=\"1 minuto\" \/>\n<script type=\"application\/ld+json\" class=\"yoast-schema-graph\">{\"@context\":\"https:\/\/schema.org\",\"@graph\":[{\"@type\":\"WebPage\",\"@id\":\"https:\/\/www.biocabaz.pt\/web\/en\/produto\/acucar-integral-claro-provida\/\",\"url\":\"https:\/\/www.biocabaz.pt\/web\/en\/produto\/acucar-integral-claro-provida\/\",\"name\":\"A\u00c7\u00daCAR INTEGRAL CLARO PROVIDA\",\"isPartOf\":{\"@id\":\"https:\/\/www.biocabaz.pt\/web\/en\/#website\"},\"primaryImageOfPage\":{\"@id\":\"https:\/\/www.biocabaz.pt\/web\/en\/produto\/acucar-integral-claro-provida\/#primaryimage\"},\"image\":{\"@id\":\"https:\/\/www.biocabaz.pt\/web\/en\/produto\/acucar-integral-claro-provida\/#primaryimage\"},\"thumbnailUrl\":\"https:\/\/www.biocabaz.pt\/web\/wp-conteudos\/uploads\/2018\/10\/ACUCAR-MASCAVADO-CLARO-PROVIDA.jpg\",\"datePublished\":\"2018-10-15T10:14:06+00:00\",\"dateModified\":\"2023-04-15T13:07:49+00:00\",\"description\":\"A\u00c7\u00daCAR INTEGRAL CLARO PROVIDA\",\"breadcrumb\":{\"@id\":\"https:\/\/www.biocabaz.pt\/web\/en\/produto\/acucar-integral-claro-provida\/#breadcrumb\"},\"inLanguage\":\"pt-PT\",\"potentialAction\":[{\"@type\":\"ReadAction\",\"target\":[\"https:\/\/www.biocabaz.pt\/web\/en\/produto\/acucar-integral-claro-provida\/\"]}]},{\"@type\":\"ImageObject\",\"inLanguage\":\"pt-PT\",\"@id\":\"https:\/\/www.biocabaz.pt\/web\/en\/produto\/acucar-integral-claro-provida\/#primaryimage\",\"url\":\"https:\/\/www.biocabaz.pt\/web\/wp-conteudos\/uploads\/2018\/10\/ACUCAR-MASCAVADO-CLARO-PROVIDA.jpg\",\"contentUrl\":\"https:\/\/www.biocabaz.pt\/web\/wp-conteudos\/uploads\/2018\/10\/ACUCAR-MASCAVADO-CLARO-PROVIDA.jpg\",\"width\":300,\"height\":326,\"caption\":\"ACUCAR MASCAVADO CLARO PROVIDA\"},{\"@type\":\"BreadcrumbList\",\"@id\":\"https:\/\/www.biocabaz.pt\/web\/en\/produto\/acucar-integral-claro-provida\/#breadcrumb\",\"itemListElement\":[{\"@type\":\"ListItem\",\"position\":1,\"name\":\"Home\",\"item\":\"https:\/\/www.biocabaz.pt\/web\/en\/\"},{\"@type\":\"ListItem\",\"position\":2,\"name\":\"Shop\",\"item\":\"https:\/\/www.biocabaz.pt\/web\/en\/shop\/\"},{\"@type\":\"ListItem\",\"position\":3,\"name\":\"PR\u00d3VIDA LIGHT BROWN MUSCOVADO SUGAR\"}]},{\"@type\":\"WebSite\",\"@id\":\"https:\/\/www.biocabaz.pt\/web\/en\/#website\",\"url\":\"https:\/\/www.biocabaz.pt\/web\/en\/\",\"name\":\"BIOCABAZ - CABAZES BIOL\u00d3GICOS\",\"description\":\"O melhor que a terra d\u00e1 \u00e9 para si\",\"potentialAction\":[{\"@type\":\"SearchAction\",\"target\":{\"@type\":\"EntryPoint\",\"urlTemplate\":\"https:\/\/www.biocabaz.pt\/web\/en\/?s={search_term_string}\"},\"query-input\":{\"@type\":\"PropertyValueSpecification\",\"valueRequired\":true,\"valueName\":\"search_term_string\"}}],\"inLanguage\":\"pt-PT\"}]}<\/script>\n<!-- \/ Yoast SEO plugin. -->","yoast_head_json":{"title":"A\u00c7\u00daCAR INTEGRAL CLARO PROVIDA","description":"A\u00c7\u00daCAR INTEGRAL CLARO PROVIDA","robots":{"index":"index","follow":"follow","max-snippet":"max-snippet:-1","max-image-preview":"max-image-preview:large","max-video-preview":"max-video-preview:-1"},"canonical":"https:\/\/www.biocabaz.pt\/web\/en\/produto\/acucar-integral-claro-provida\/","og_locale":"pt_PT","og_type":"article","og_title":"[:en]PR\u00d3VIDA LIGHT BROWN MUSCOVADO SUGAR[:pt]A\u00c7\u00daCAR INTEGRAL CLARO PROVIDA[:] - BIOCABAZ - CABAZES BIOL\u00d3GICOS","og_description":"A\u00c7\u00daCAR INTEGRAL CLARO PROVIDA","og_url":"https:\/\/biocabaz.pt\/web\/produto\/acucar-integral-claro-provida\/","og_site_name":"BIOCABAZ - CABAZES BIOL\u00d3GICOS","article_modified_time":"2023-04-15T13:07:49+00:00","og_image":[{"width":300,"height":326,"url":"https:\/\/www.biocabaz.pt\/web\/wp-conteudos\/uploads\/2018\/10\/ACUCAR-MASCAVADO-CLARO-PROVIDA.jpg","type":"image\/jpeg"}],"twitter_card":"summary_large_image","twitter_misc":{"Est. reading time":"1 minuto"},"schema":{"@context":"https:\/\/schema.org","@graph":[{"@type":"WebPage","@id":"https:\/\/www.biocabaz.pt\/web\/en\/produto\/acucar-integral-claro-provida\/","url":"https:\/\/www.biocabaz.pt\/web\/en\/produto\/acucar-integral-claro-provida\/","name":"A\u00c7\u00daCAR INTEGRAL CLARO PROVIDA","isPartOf":{"@id":"https:\/\/www.biocabaz.pt\/web\/en\/#website"},"primaryImageOfPage":{"@id":"https:\/\/www.biocabaz.pt\/web\/en\/produto\/acucar-integral-claro-provida\/#primaryimage"},"image":{"@id":"https:\/\/www.biocabaz.pt\/web\/en\/produto\/acucar-integral-claro-provida\/#primaryimage"},"thumbnailUrl":"https:\/\/www.biocabaz.pt\/web\/wp-conteudos\/uploads\/2018\/10\/ACUCAR-MASCAVADO-CLARO-PROVIDA.jpg","datePublished":"2018-10-15T10:14:06+00:00","dateModified":"2023-04-15T13:07:49+00:00","description":"A\u00c7\u00daCAR INTEGRAL CLARO PROVIDA","breadcrumb":{"@id":"https:\/\/www.biocabaz.pt\/web\/en\/produto\/acucar-integral-claro-provida\/#breadcrumb"},"inLanguage":"pt-PT","potentialAction":[{"@type":"ReadAction","target":["https:\/\/www.biocabaz.pt\/web\/en\/produto\/acucar-integral-claro-provida\/"]}]},{"@type":"ImageObject","inLanguage":"pt-PT","@id":"https:\/\/www.biocabaz.pt\/web\/en\/produto\/acucar-integral-claro-provida\/#primaryimage","url":"https:\/\/www.biocabaz.pt\/web\/wp-conteudos\/uploads\/2018\/10\/ACUCAR-MASCAVADO-CLARO-PROVIDA.jpg","contentUrl":"https:\/\/www.biocabaz.pt\/web\/wp-conteudos\/uploads\/2018\/10\/ACUCAR-MASCAVADO-CLARO-PROVIDA.jpg","width":300,"height":326,"caption":"ACUCAR MASCAVADO CLARO PROVIDA"},{"@type":"BreadcrumbList","@id":"https:\/\/www.biocabaz.pt\/web\/en\/produto\/acucar-integral-claro-provida\/#breadcrumb","itemListElement":[{"@type":"ListItem","position":1,"name":"Home","item":"https:\/\/www.biocabaz.pt\/web\/en\/"},{"@type":"ListItem","position":2,"name":"Shop","item":"https:\/\/www.biocabaz.pt\/web\/en\/shop\/"},{"@type":"ListItem","position":3,"name":"PR\u00d3VIDA LIGHT BROWN MUSCOVADO SUGAR"}]},{"@type":"WebSite","@id":"https:\/\/www.biocabaz.pt\/web\/en\/#website","url":"https:\/\/www.biocabaz.pt\/web\/en\/","name":"BIOCABAZ - CABAZES BIOL\u00d3GICOS","description":"O melhor que a terra d\u00e1 \u00e9 para si","potentialAction":[{"@type":"SearchAction","target":{"@type":"EntryPoint","urlTemplate":"https:\/\/www.biocabaz.pt\/web\/en\/?s={search_term_string}"},"query-input":{"@type":"PropertyValueSpecification","valueRequired":true,"valueName":"search_term_string"}}],"inLanguage":"pt-PT"}]}},"_links":{"self":[{"href":"https:\/\/biocabaz.pt\/web\/wp-json\/wp\/v2\/product\/8688","targetHints":{"allow":["GET"]}}],"collection":[{"href":"https:\/\/biocabaz.pt\/web\/wp-json\/wp\/v2\/product"}],"about":[{"href":"https:\/\/biocabaz.pt\/web\/wp-json\/wp\/v2\/types\/product"}],"replies":[{"embeddable":true,"href":"https:\/\/biocabaz.pt\/web\/wp-json\/wp\/v2\/comments?post=8688"}],"wp:featuredmedia":[{"embeddable":true,"href":"https:\/\/biocabaz.pt\/web\/wp-json\/wp\/v2\/media\/8689"}],"wp:attachment":[{"href":"https:\/\/biocabaz.pt\/web\/wp-json\/wp\/v2\/media?parent=8688"}],"wp:term":[{"taxonomy":"product_cat","embeddable":true,"href":"https:\/\/biocabaz.pt\/web\/wp-json\/wp\/v2\/product_cat?post=8688"},{"taxonomy":"product_tag","embeddable":true,"href":"https:\/\/biocabaz.pt\/web\/wp-json\/wp\/v2\/product_tag?post=8688"}],"curies":[{"name":"wp","href":"https:\/\/api.w.org\/{rel}","templated":true}]}}