{"id":84480,"date":"2022-03-28T06:34:59","date_gmt":"2022-03-28T06:34:59","guid":{"rendered":"https:\/\/www.biocabaz.pt\/web\/?post_type=product&#038;p=84480"},"modified":"2022-12-30T11:42:13","modified_gmt":"2022-12-30T11:42:13","slug":"blood-sugar-balance-100-capsulas-kyolic","status":"publish","type":"product","link":"https:\/\/biocabaz.pt\/web\/produto\/blood-sugar-balance-100-capsulas-kyolic\/","title":{"rendered":"BLOOD SUGAR BALANCE 100 C\u00c1PSULAS &#8211; KYOLIC"},"content":{"rendered":"","protected":false},"excerpt":{"rendered":"<p><strong>Blood Sugar Balance 100 c\u00e1psulas da GoldNutrition<\/strong><\/p>\n<p><strong>Estabilizador dos n\u00edveis de a\u00e7\u00facar no sangue<\/strong><\/p>\n<p><strong>Indica\u00e7\u00f5es Terap\u00eauticas:<\/strong><\/p>\n<ul>\n<li>Resist\u00eancia \u00e0 insulina<\/li>\n<li>Hiperglicemia<\/li>\n<li>Preven\u00e7\u00e3o de diabetes tipo 2<\/li>\n<li>Hipertrigliceridemia<\/li>\n<\/ul>\n<p><strong>Composi\u00e7\u00e3o:<\/strong><\/p>\n<p>Por 4 c\u00e1psulas:<\/p>\n<p>Niacina:\u00a030 mg (188%DDR*)<\/p>\n<p>Cr\u00f3mio:\u00a0200 \u00b5g (500% DDR*)<\/p>\n<p><strong>Modo de tomar:<\/strong><\/p>\n<p>Tomar duas c\u00e1psulas 2 vezes ao dia, com as refei\u00e7\u00f5es. N\u00e3o exceder a toma di\u00e1ria recomendada.<\/p>\n<p><strong>Apresenta\u00e7\u00e3o:<\/strong><\/p>\n<p>Embalagem com 100 c\u00e1psulas<\/p>\n<p><strong>Avisos:<\/strong><\/p>\n<p>Em caso de gravidez, aleitamento ou diabetes, contacte o seu m\u00e9dico antes de tomar este produto. N\u00e3o recomendado em caso de alergia a algum dos constituintes. Parar a toma deste produto 2 semanas antes de uma cirurgia programada. A Niacina pode causar vermelhid\u00e3o tempor\u00e1ria e comich\u00e3o na pele. A Salacia reticulata pode causar flatul\u00eancia e distens\u00e3o abdominal.<\/p>\n","protected":false},"featured_media":84481,"comment_status":"closed","ping_status":"closed","template":"","meta":[],"product_cat":[88],"product_tag":[],"class_list":["post-84480","product","type-product","status-publish","has-post-thumbnail","hentry","product_cat-suplementos"],"bundle_layout":"","bundled_by":[],"bundled_items":[],"yoast_head":"<!-- This site is optimized with the Yoast SEO plugin v26.3 - https:\/\/yoast.com\/wordpress\/plugins\/seo\/ -->\n<title>BLOOD SUGAR BALANCE 100 C\u00c1PSULAS - KYOLIC<\/title>\n<meta name=\"description\" content=\"BLOOD SUGAR BALANCE 100 C\u00c1PSULAS - KYOLIC\" \/>\n<meta name=\"robots\" content=\"index, follow, max-snippet:-1, max-image-preview:large, max-video-preview:-1\" \/>\n<link rel=\"canonical\" href=\"https:\/\/www.biocabaz.pt\/web\/en\/produto\/blood-sugar-balance-100-capsulas-kyolic\/\" \/>\n<meta property=\"og:locale\" content=\"pt_PT\" \/>\n<meta property=\"og:locale:alternate\" content=\"en_US\" \/>\n<meta property=\"og:type\" content=\"article\" \/>\n<meta property=\"og:title\" content=\"BLOOD SUGAR BALANCE 100 C\u00c1PSULAS - KYOLIC\" \/>\n<meta property=\"og:description\" content=\"BLOOD SUGAR BALANCE 100 C\u00c1PSULAS - KYOLIC\" \/>\n<meta property=\"og:url\" content=\"https:\/\/biocabaz.pt\/web\/produto\/blood-sugar-balance-100-capsulas-kyolic\/\" \/>\n<meta property=\"og:site_name\" content=\"BIOCABAZ - CABAZES BIOL\u00d3GICOS\" \/>\n<meta property=\"article:modified_time\" content=\"2022-12-30T11:42:13+00:00\" \/>\n<meta property=\"og:image\" content=\"https:\/\/www.biocabaz.pt\/web\/wp-conteudos\/uploads\/2022\/03\/blood-sugar-balance-100-capsulas-kyolic.jpg\" \/>\n\t<meta property=\"og:image:width\" content=\"600\" \/>\n\t<meta property=\"og:image:height\" content=\"600\" \/>\n\t<meta property=\"og:image:type\" content=\"image\/jpeg\" \/>\n<meta name=\"twitter:card\" content=\"summary_large_image\" \/>\n<script type=\"application\/ld+json\" class=\"yoast-schema-graph\">{\"@context\":\"https:\/\/schema.org\",\"@graph\":[{\"@type\":\"WebPage\",\"@id\":\"https:\/\/www.biocabaz.pt\/web\/en\/produto\/blood-sugar-balance-100-capsulas-kyolic\/\",\"url\":\"https:\/\/www.biocabaz.pt\/web\/en\/produto\/blood-sugar-balance-100-capsulas-kyolic\/\",\"name\":\"BLOOD SUGAR BALANCE 100 C\u00c1PSULAS - KYOLIC\",\"isPartOf\":{\"@id\":\"https:\/\/www.biocabaz.pt\/web\/#website\"},\"primaryImageOfPage\":{\"@id\":\"https:\/\/www.biocabaz.pt\/web\/en\/produto\/blood-sugar-balance-100-capsulas-kyolic\/#primaryimage\"},\"image\":{\"@id\":\"https:\/\/www.biocabaz.pt\/web\/en\/produto\/blood-sugar-balance-100-capsulas-kyolic\/#primaryimage\"},\"thumbnailUrl\":\"https:\/\/www.biocabaz.pt\/web\/wp-conteudos\/uploads\/2022\/03\/blood-sugar-balance-100-capsulas-kyolic.jpg\",\"datePublished\":\"2022-03-28T06:34:59+00:00\",\"dateModified\":\"2022-12-30T11:42:13+00:00\",\"description\":\"BLOOD SUGAR BALANCE 100 C\u00c1PSULAS - KYOLIC\",\"breadcrumb\":{\"@id\":\"https:\/\/www.biocabaz.pt\/web\/en\/produto\/blood-sugar-balance-100-capsulas-kyolic\/#breadcrumb\"},\"inLanguage\":\"pt-PT\",\"potentialAction\":[{\"@type\":\"ReadAction\",\"target\":[\"https:\/\/www.biocabaz.pt\/web\/en\/produto\/blood-sugar-balance-100-capsulas-kyolic\/\"]}]},{\"@type\":\"ImageObject\",\"inLanguage\":\"pt-PT\",\"@id\":\"https:\/\/www.biocabaz.pt\/web\/en\/produto\/blood-sugar-balance-100-capsulas-kyolic\/#primaryimage\",\"url\":\"https:\/\/www.biocabaz.pt\/web\/wp-conteudos\/uploads\/2022\/03\/blood-sugar-balance-100-capsulas-kyolic.jpg\",\"contentUrl\":\"https:\/\/www.biocabaz.pt\/web\/wp-conteudos\/uploads\/2022\/03\/blood-sugar-balance-100-capsulas-kyolic.jpg\",\"width\":600,\"height\":600,\"caption\":\"BLOOD SUGAR BALANCE 100 C\u00c1PSULAS - KYOLIC\"},{\"@type\":\"BreadcrumbList\",\"@id\":\"https:\/\/www.biocabaz.pt\/web\/en\/produto\/blood-sugar-balance-100-capsulas-kyolic\/#breadcrumb\",\"itemListElement\":[{\"@type\":\"ListItem\",\"position\":1,\"name\":\"Home\",\"item\":\"https:\/\/www.biocabaz.pt\/web\/\"},{\"@type\":\"ListItem\",\"position\":2,\"name\":\"Shop\",\"item\":\"https:\/\/www.biocabaz.pt\/web\/en\/shop\/\"},{\"@type\":\"ListItem\",\"position\":3,\"name\":\"BLOOD SUGAR BALANCE 100 C\u00c1PSULAS &#8211; KYOLIC\"}]},{\"@type\":\"WebSite\",\"@id\":\"https:\/\/www.biocabaz.pt\/web\/#website\",\"url\":\"https:\/\/www.biocabaz.pt\/web\/\",\"name\":\"BIOCABAZ - CABAZES BIOL\u00d3GICOS\",\"description\":\"O melhor que a terra d\u00e1 \u00e9 para si\",\"potentialAction\":[{\"@type\":\"SearchAction\",\"target\":{\"@type\":\"EntryPoint\",\"urlTemplate\":\"https:\/\/www.biocabaz.pt\/web\/?s={search_term_string}\"},\"query-input\":{\"@type\":\"PropertyValueSpecification\",\"valueRequired\":true,\"valueName\":\"search_term_string\"}}],\"inLanguage\":\"pt-PT\"}]}<\/script>\n<!-- \/ Yoast SEO plugin. -->","yoast_head_json":{"title":"BLOOD SUGAR BALANCE 100 C\u00c1PSULAS - KYOLIC","description":"BLOOD SUGAR BALANCE 100 C\u00c1PSULAS - KYOLIC","robots":{"index":"index","follow":"follow","max-snippet":"max-snippet:-1","max-image-preview":"max-image-preview:large","max-video-preview":"max-video-preview:-1"},"canonical":"https:\/\/www.biocabaz.pt\/web\/en\/produto\/blood-sugar-balance-100-capsulas-kyolic\/","og_locale":"pt_PT","og_type":"article","og_title":"[:pt]BLOOD SUGAR BALANCE 100 C\u00c1PSULAS - KYOLIC[:] - BIOCABAZ - CABAZES BIOL\u00d3GICOS","og_description":"BLOOD SUGAR BALANCE 100 C\u00c1PSULAS - KYOLIC","og_url":"https:\/\/biocabaz.pt\/web\/produto\/blood-sugar-balance-100-capsulas-kyolic\/","og_site_name":"BIOCABAZ - CABAZES BIOL\u00d3GICOS","article_modified_time":"2022-12-30T11:42:13+00:00","og_image":[{"width":600,"height":600,"url":"https:\/\/www.biocabaz.pt\/web\/wp-conteudos\/uploads\/2022\/03\/blood-sugar-balance-100-capsulas-kyolic.jpg","type":"image\/jpeg"}],"twitter_card":"summary_large_image","schema":{"@context":"https:\/\/schema.org","@graph":[{"@type":"WebPage","@id":"https:\/\/www.biocabaz.pt\/web\/en\/produto\/blood-sugar-balance-100-capsulas-kyolic\/","url":"https:\/\/www.biocabaz.pt\/web\/en\/produto\/blood-sugar-balance-100-capsulas-kyolic\/","name":"BLOOD SUGAR BALANCE 100 C\u00c1PSULAS - KYOLIC","isPartOf":{"@id":"https:\/\/www.biocabaz.pt\/web\/#website"},"primaryImageOfPage":{"@id":"https:\/\/www.biocabaz.pt\/web\/en\/produto\/blood-sugar-balance-100-capsulas-kyolic\/#primaryimage"},"image":{"@id":"https:\/\/www.biocabaz.pt\/web\/en\/produto\/blood-sugar-balance-100-capsulas-kyolic\/#primaryimage"},"thumbnailUrl":"https:\/\/www.biocabaz.pt\/web\/wp-conteudos\/uploads\/2022\/03\/blood-sugar-balance-100-capsulas-kyolic.jpg","datePublished":"2022-03-28T06:34:59+00:00","dateModified":"2022-12-30T11:42:13+00:00","description":"BLOOD SUGAR BALANCE 100 C\u00c1PSULAS - KYOLIC","breadcrumb":{"@id":"https:\/\/www.biocabaz.pt\/web\/en\/produto\/blood-sugar-balance-100-capsulas-kyolic\/#breadcrumb"},"inLanguage":"pt-PT","potentialAction":[{"@type":"ReadAction","target":["https:\/\/www.biocabaz.pt\/web\/en\/produto\/blood-sugar-balance-100-capsulas-kyolic\/"]}]},{"@type":"ImageObject","inLanguage":"pt-PT","@id":"https:\/\/www.biocabaz.pt\/web\/en\/produto\/blood-sugar-balance-100-capsulas-kyolic\/#primaryimage","url":"https:\/\/www.biocabaz.pt\/web\/wp-conteudos\/uploads\/2022\/03\/blood-sugar-balance-100-capsulas-kyolic.jpg","contentUrl":"https:\/\/www.biocabaz.pt\/web\/wp-conteudos\/uploads\/2022\/03\/blood-sugar-balance-100-capsulas-kyolic.jpg","width":600,"height":600,"caption":"BLOOD SUGAR BALANCE 100 C\u00c1PSULAS - KYOLIC"},{"@type":"BreadcrumbList","@id":"https:\/\/www.biocabaz.pt\/web\/en\/produto\/blood-sugar-balance-100-capsulas-kyolic\/#breadcrumb","itemListElement":[{"@type":"ListItem","position":1,"name":"Home","item":"https:\/\/www.biocabaz.pt\/web\/"},{"@type":"ListItem","position":2,"name":"Shop","item":"https:\/\/www.biocabaz.pt\/web\/en\/shop\/"},{"@type":"ListItem","position":3,"name":"BLOOD SUGAR BALANCE 100 C\u00c1PSULAS &#8211; KYOLIC"}]},{"@type":"WebSite","@id":"https:\/\/www.biocabaz.pt\/web\/#website","url":"https:\/\/www.biocabaz.pt\/web\/","name":"BIOCABAZ - CABAZES BIOL\u00d3GICOS","description":"O melhor que a terra d\u00e1 \u00e9 para si","potentialAction":[{"@type":"SearchAction","target":{"@type":"EntryPoint","urlTemplate":"https:\/\/www.biocabaz.pt\/web\/?s={search_term_string}"},"query-input":{"@type":"PropertyValueSpecification","valueRequired":true,"valueName":"search_term_string"}}],"inLanguage":"pt-PT"}]}},"_links":{"self":[{"href":"https:\/\/biocabaz.pt\/web\/wp-json\/wp\/v2\/product\/84480","targetHints":{"allow":["GET"]}}],"collection":[{"href":"https:\/\/biocabaz.pt\/web\/wp-json\/wp\/v2\/product"}],"about":[{"href":"https:\/\/biocabaz.pt\/web\/wp-json\/wp\/v2\/types\/product"}],"replies":[{"embeddable":true,"href":"https:\/\/biocabaz.pt\/web\/wp-json\/wp\/v2\/comments?post=84480"}],"wp:featuredmedia":[{"embeddable":true,"href":"https:\/\/biocabaz.pt\/web\/wp-json\/wp\/v2\/media\/84481"}],"wp:attachment":[{"href":"https:\/\/biocabaz.pt\/web\/wp-json\/wp\/v2\/media?parent=84480"}],"wp:term":[{"taxonomy":"product_cat","embeddable":true,"href":"https:\/\/biocabaz.pt\/web\/wp-json\/wp\/v2\/product_cat?post=84480"},{"taxonomy":"product_tag","embeddable":true,"href":"https:\/\/biocabaz.pt\/web\/wp-json\/wp\/v2\/product_tag?post=84480"}],"curies":[{"name":"wp","href":"https:\/\/api.w.org\/{rel}","templated":true}]}}