{"id":82263,"date":"2022-02-10T19:27:34","date_gmt":"2022-02-10T19:27:34","guid":{"rendered":"https:\/\/www.biocabaz.pt\/web\/?post_type=product&#038;p=82263"},"modified":"2022-09-29T15:04:52","modified_gmt":"2022-09-29T15:04:52","slug":"proteina-de-canhamo-bio-provida-250g","status":"publish","type":"product","link":"https:\/\/biocabaz.pt\/web\/produto\/proteina-de-canhamo-bio-provida-250g\/","title":{"rendered":"Prote\u00edna de C\u00e2nhamo BIO Pr\u00f3vida 250g"},"content":{"rendered":"<h3>DESCRI\u00c7\u00c3O<\/h3>\n<p>Prote\u00edna de C\u00e2nhamo em P\u00f3 50% BIO 250g Pr\u00f3vida. Ingredientes: 100% sementes de c\u00e2nhamo (Cannabis sativa) de produ\u00e7\u00e3o biol\u00f3gica. PT-BIO-04 Origem: UE. Embalagem 100% compost\u00e1vel. Rica em prote\u00edna e fibra. Sem gl\u00faten. Vegan.<\/p>\n<h3>DADOS NUTRICIONAIS<\/h3>\n<p>Declara\u00e7\u00e3o Nutricional por 100g: Energia &#8211; 1344kJ\/321kcal; L\u00edpidos &#8211; 6,5g, dos quais saturados &#8211; 1g, dos quais monoinsaturados &#8211; 1g, dos quais polinsaturadosd &#8211; 4,5g; Hidratos de Carbono &#8211; 5,1g, dos quais a\u00e7\u00facares &#8211; 4,8g; Fibra &#8211; 21,1g ; Prote\u00ednas &#8211; 49,9g; Sal &#8211; 0g.<\/p>\n<h3>MODO DE UTILIZA\u00c7\u00c3O<\/h3>\n<p>At\u00e9 duas colheres de sobremesa (25-30g) adicionadas a iogurtes, batidos, smoothies proteicos, molhos e produtos de pastelaria e panifica\u00e7\u00e3o. CONSERVAR EM LOCAL SECO E FRESCO.<\/p>\n","protected":false},"excerpt":{"rendered":"<p>DESCRI\u00c7\u00c3O Prote\u00edna de C\u00e2nhamo em P\u00f3 50% BIO 250g Pr\u00f3vida. Ingredientes: 100% sementes de c\u00e2nhamo (Cannabis sativa) de produ\u00e7\u00e3o biol\u00f3gica. PT-BIO-04 Origem: UE. Embalagem 100% compost\u00e1vel. Rica em prote\u00edna e fibra. Sem gl\u00faten. Vegan. DADOS NUTRICIONAIS Declara\u00e7\u00e3o Nutricional por 100g: Energia &#8211; 1344kJ\/321kcal; L\u00edpidos &#8211; 6,5g, dos quais saturados &#8211; 1g, dos quais monoinsaturados &#8211; [&hellip;]<\/p>\n","protected":false},"featured_media":82264,"comment_status":"closed","ping_status":"closed","template":"","meta":[],"product_cat":[55],"product_tag":[],"class_list":["post-82263","product","type-product","status-publish","has-post-thumbnail","hentry","product_cat-superalimentos"],"bundle_layout":"","bundled_by":[],"bundled_items":[],"yoast_head":"<!-- This site is optimized with the Yoast SEO plugin v26.3 - https:\/\/yoast.com\/wordpress\/plugins\/seo\/ -->\n<title>Prote\u00edna de C\u00e2nhamo BIO Pr\u00f3vida 250g<\/title>\n<meta name=\"robots\" content=\"index, follow, max-snippet:-1, max-image-preview:large, max-video-preview:-1\" \/>\n<link rel=\"canonical\" href=\"https:\/\/biocabaz.pt\/web\/produto\/proteina-de-canhamo-bio-provida-250g\/\" \/>\n<meta property=\"og:locale\" content=\"pt_PT\" \/>\n<meta property=\"og:locale:alternate\" content=\"en_US\" \/>\n<meta property=\"og:type\" content=\"article\" \/>\n<meta property=\"og:title\" content=\"Prote\u00edna de C\u00e2nhamo BIO Pr\u00f3vida 250g\" \/>\n<meta property=\"og:description\" content=\"DESCRI\u00c7\u00c3O Prote\u00edna de C\u00e2nhamo em P\u00f3 50% BIO 250g Pr\u00f3vida. Ingredientes: 100% sementes de c\u00e2nhamo (Cannabis sativa) de produ\u00e7\u00e3o biol\u00f3gica. PT-BIO-04 Origem: UE. Embalagem 100% compost\u00e1vel. Rica em prote\u00edna e fibra. Sem gl\u00faten. Vegan. DADOS NUTRICIONAIS Declara\u00e7\u00e3o Nutricional por 100g: Energia &#8211; 1344kJ\/321kcal; L\u00edpidos &#8211; 6,5g, dos quais saturados &#8211; 1g, dos quais monoinsaturados &#8211; [&hellip;]\" \/>\n<meta property=\"og:url\" content=\"https:\/\/biocabaz.pt\/web\/produto\/proteina-de-canhamo-bio-provida-250g\/\" \/>\n<meta property=\"og:site_name\" content=\"BIOCABAZ - CABAZES BIOL\u00d3GICOS\" \/>\n<meta property=\"article:modified_time\" content=\"2022-09-29T15:04:52+00:00\" \/>\n<meta property=\"og:image\" content=\"https:\/\/www.biocabaz.pt\/web\/wp-conteudos\/uploads\/2022\/02\/proteina-de-canhamo-bio-provida-250g.jpg\" \/>\n\t<meta property=\"og:image:width\" content=\"326\" \/>\n\t<meta property=\"og:image:height\" content=\"300\" \/>\n\t<meta property=\"og:image:type\" content=\"image\/jpeg\" \/>\n<meta name=\"twitter:card\" content=\"summary_large_image\" \/>\n<meta name=\"twitter:label1\" content=\"Est. reading time\" \/>\n\t<meta name=\"twitter:data1\" content=\"1 minuto\" \/>\n<script type=\"application\/ld+json\" class=\"yoast-schema-graph\">{\"@context\":\"https:\/\/schema.org\",\"@graph\":[{\"@type\":\"WebPage\",\"@id\":\"https:\/\/biocabaz.pt\/web\/produto\/proteina-de-canhamo-bio-provida-250g\/\",\"url\":\"https:\/\/biocabaz.pt\/web\/produto\/proteina-de-canhamo-bio-provida-250g\/\",\"name\":\"Prote\u00edna de C\u00e2nhamo BIO Pr\u00f3vida 250g\",\"isPartOf\":{\"@id\":\"https:\/\/www.biocabaz.pt\/web\/#website\"},\"primaryImageOfPage\":{\"@id\":\"https:\/\/biocabaz.pt\/web\/produto\/proteina-de-canhamo-bio-provida-250g\/#primaryimage\"},\"image\":{\"@id\":\"https:\/\/biocabaz.pt\/web\/produto\/proteina-de-canhamo-bio-provida-250g\/#primaryimage\"},\"thumbnailUrl\":\"https:\/\/www.biocabaz.pt\/web\/wp-conteudos\/uploads\/2022\/02\/proteina-de-canhamo-bio-provida-250g.jpg\",\"datePublished\":\"2022-02-10T19:27:34+00:00\",\"dateModified\":\"2022-09-29T15:04:52+00:00\",\"breadcrumb\":{\"@id\":\"https:\/\/biocabaz.pt\/web\/produto\/proteina-de-canhamo-bio-provida-250g\/#breadcrumb\"},\"inLanguage\":\"pt-PT\",\"potentialAction\":[{\"@type\":\"ReadAction\",\"target\":[\"https:\/\/biocabaz.pt\/web\/produto\/proteina-de-canhamo-bio-provida-250g\/\"]}]},{\"@type\":\"ImageObject\",\"inLanguage\":\"pt-PT\",\"@id\":\"https:\/\/biocabaz.pt\/web\/produto\/proteina-de-canhamo-bio-provida-250g\/#primaryimage\",\"url\":\"https:\/\/www.biocabaz.pt\/web\/wp-conteudos\/uploads\/2022\/02\/proteina-de-canhamo-bio-provida-250g.jpg\",\"contentUrl\":\"https:\/\/www.biocabaz.pt\/web\/wp-conteudos\/uploads\/2022\/02\/proteina-de-canhamo-bio-provida-250g.jpg\",\"width\":326,\"height\":300,\"caption\":\"Prote\u00edna de C\u00e2nhamo BIO Pr\u00f3vida 250g\"},{\"@type\":\"BreadcrumbList\",\"@id\":\"https:\/\/biocabaz.pt\/web\/produto\/proteina-de-canhamo-bio-provida-250g\/#breadcrumb\",\"itemListElement\":[{\"@type\":\"ListItem\",\"position\":1,\"name\":\"Home\",\"item\":\"https:\/\/www.biocabaz.pt\/web\/\"},{\"@type\":\"ListItem\",\"position\":2,\"name\":\"Shop\",\"item\":\"https:\/\/www.biocabaz.pt\/web\/en\/shop\/\"},{\"@type\":\"ListItem\",\"position\":3,\"name\":\"Prote\u00edna de C\u00e2nhamo BIO Pr\u00f3vida 250g\"}]},{\"@type\":\"WebSite\",\"@id\":\"https:\/\/www.biocabaz.pt\/web\/#website\",\"url\":\"https:\/\/www.biocabaz.pt\/web\/\",\"name\":\"BIOCABAZ - CABAZES BIOL\u00d3GICOS\",\"description\":\"O melhor que a terra d\u00e1 \u00e9 para si\",\"potentialAction\":[{\"@type\":\"SearchAction\",\"target\":{\"@type\":\"EntryPoint\",\"urlTemplate\":\"https:\/\/www.biocabaz.pt\/web\/?s={search_term_string}\"},\"query-input\":{\"@type\":\"PropertyValueSpecification\",\"valueRequired\":true,\"valueName\":\"search_term_string\"}}],\"inLanguage\":\"pt-PT\"}]}<\/script>\n<!-- \/ Yoast SEO plugin. -->","yoast_head_json":{"title":"Prote\u00edna de C\u00e2nhamo BIO Pr\u00f3vida 250g","robots":{"index":"index","follow":"follow","max-snippet":"max-snippet:-1","max-image-preview":"max-image-preview:large","max-video-preview":"max-video-preview:-1"},"canonical":"https:\/\/biocabaz.pt\/web\/produto\/proteina-de-canhamo-bio-provida-250g\/","og_locale":"pt_PT","og_type":"article","og_title":"[:pt]Prote\u00edna de C\u00e2nhamo BIO Pr\u00f3vida 250g[:] - BIOCABAZ - CABAZES BIOL\u00d3GICOS","og_description":"DESCRI\u00c7\u00c3O Prote\u00edna de C\u00e2nhamo em P\u00f3 50% BIO 250g Pr\u00f3vida. Ingredientes: 100% sementes de c\u00e2nhamo (Cannabis sativa) de produ\u00e7\u00e3o biol\u00f3gica. PT-BIO-04 Origem: UE. Embalagem 100% compost\u00e1vel. Rica em prote\u00edna e fibra. Sem gl\u00faten. Vegan. DADOS NUTRICIONAIS Declara\u00e7\u00e3o Nutricional por 100g: Energia &#8211; 1344kJ\/321kcal; L\u00edpidos &#8211; 6,5g, dos quais saturados &#8211; 1g, dos quais monoinsaturados &#8211; [&hellip;]","og_url":"https:\/\/biocabaz.pt\/web\/produto\/proteina-de-canhamo-bio-provida-250g\/","og_site_name":"BIOCABAZ - CABAZES BIOL\u00d3GICOS","article_modified_time":"2022-09-29T15:04:52+00:00","og_image":[{"width":326,"height":300,"url":"https:\/\/www.biocabaz.pt\/web\/wp-conteudos\/uploads\/2022\/02\/proteina-de-canhamo-bio-provida-250g.jpg","type":"image\/jpeg"}],"twitter_card":"summary_large_image","twitter_misc":{"Est. reading time":"1 minuto"},"schema":{"@context":"https:\/\/schema.org","@graph":[{"@type":"WebPage","@id":"https:\/\/biocabaz.pt\/web\/produto\/proteina-de-canhamo-bio-provida-250g\/","url":"https:\/\/biocabaz.pt\/web\/produto\/proteina-de-canhamo-bio-provida-250g\/","name":"Prote\u00edna de C\u00e2nhamo BIO Pr\u00f3vida 250g","isPartOf":{"@id":"https:\/\/www.biocabaz.pt\/web\/#website"},"primaryImageOfPage":{"@id":"https:\/\/biocabaz.pt\/web\/produto\/proteina-de-canhamo-bio-provida-250g\/#primaryimage"},"image":{"@id":"https:\/\/biocabaz.pt\/web\/produto\/proteina-de-canhamo-bio-provida-250g\/#primaryimage"},"thumbnailUrl":"https:\/\/www.biocabaz.pt\/web\/wp-conteudos\/uploads\/2022\/02\/proteina-de-canhamo-bio-provida-250g.jpg","datePublished":"2022-02-10T19:27:34+00:00","dateModified":"2022-09-29T15:04:52+00:00","breadcrumb":{"@id":"https:\/\/biocabaz.pt\/web\/produto\/proteina-de-canhamo-bio-provida-250g\/#breadcrumb"},"inLanguage":"pt-PT","potentialAction":[{"@type":"ReadAction","target":["https:\/\/biocabaz.pt\/web\/produto\/proteina-de-canhamo-bio-provida-250g\/"]}]},{"@type":"ImageObject","inLanguage":"pt-PT","@id":"https:\/\/biocabaz.pt\/web\/produto\/proteina-de-canhamo-bio-provida-250g\/#primaryimage","url":"https:\/\/www.biocabaz.pt\/web\/wp-conteudos\/uploads\/2022\/02\/proteina-de-canhamo-bio-provida-250g.jpg","contentUrl":"https:\/\/www.biocabaz.pt\/web\/wp-conteudos\/uploads\/2022\/02\/proteina-de-canhamo-bio-provida-250g.jpg","width":326,"height":300,"caption":"Prote\u00edna de C\u00e2nhamo BIO Pr\u00f3vida 250g"},{"@type":"BreadcrumbList","@id":"https:\/\/biocabaz.pt\/web\/produto\/proteina-de-canhamo-bio-provida-250g\/#breadcrumb","itemListElement":[{"@type":"ListItem","position":1,"name":"Home","item":"https:\/\/www.biocabaz.pt\/web\/"},{"@type":"ListItem","position":2,"name":"Shop","item":"https:\/\/www.biocabaz.pt\/web\/en\/shop\/"},{"@type":"ListItem","position":3,"name":"Prote\u00edna de C\u00e2nhamo BIO Pr\u00f3vida 250g"}]},{"@type":"WebSite","@id":"https:\/\/www.biocabaz.pt\/web\/#website","url":"https:\/\/www.biocabaz.pt\/web\/","name":"BIOCABAZ - CABAZES BIOL\u00d3GICOS","description":"O melhor que a terra d\u00e1 \u00e9 para si","potentialAction":[{"@type":"SearchAction","target":{"@type":"EntryPoint","urlTemplate":"https:\/\/www.biocabaz.pt\/web\/?s={search_term_string}"},"query-input":{"@type":"PropertyValueSpecification","valueRequired":true,"valueName":"search_term_string"}}],"inLanguage":"pt-PT"}]}},"_links":{"self":[{"href":"https:\/\/biocabaz.pt\/web\/wp-json\/wp\/v2\/product\/82263","targetHints":{"allow":["GET"]}}],"collection":[{"href":"https:\/\/biocabaz.pt\/web\/wp-json\/wp\/v2\/product"}],"about":[{"href":"https:\/\/biocabaz.pt\/web\/wp-json\/wp\/v2\/types\/product"}],"replies":[{"embeddable":true,"href":"https:\/\/biocabaz.pt\/web\/wp-json\/wp\/v2\/comments?post=82263"}],"wp:featuredmedia":[{"embeddable":true,"href":"https:\/\/biocabaz.pt\/web\/wp-json\/wp\/v2\/media\/82264"}],"wp:attachment":[{"href":"https:\/\/biocabaz.pt\/web\/wp-json\/wp\/v2\/media?parent=82263"}],"wp:term":[{"taxonomy":"product_cat","embeddable":true,"href":"https:\/\/biocabaz.pt\/web\/wp-json\/wp\/v2\/product_cat?post=82263"},{"taxonomy":"product_tag","embeddable":true,"href":"https:\/\/biocabaz.pt\/web\/wp-json\/wp\/v2\/product_tag?post=82263"}],"curies":[{"name":"wp","href":"https:\/\/api.w.org\/{rel}","templated":true}]}}