{"id":81743,"date":"2022-02-01T07:42:16","date_gmt":"2022-02-01T07:42:16","guid":{"rendered":"https:\/\/www.biocabaz.pt\/web\/?post_type=product&#038;p=81743"},"modified":"2022-12-30T11:46:19","modified_gmt":"2022-12-30T11:46:19","slug":"oleo-de-borragem-1000mg-60-capsulas-now","status":"publish","type":"product","link":"https:\/\/biocabaz.pt\/web\/produto\/oleo-de-borragem-1000mg-60-capsulas-now\/","title":{"rendered":"\u00d3LEO DE BORRAGEM 1000MG \u2013 60 C\u00c1PSULAS \u2013 NOW"},"content":{"rendered":"","protected":false},"excerpt":{"rendered":"<p>O \u00f3leo de borragem possui propriedades anti-inflamat\u00f3rias e antioxidantes, devido \u00e0 sua elevada concentra\u00e7\u00e3o de \u00e1cidos gordoss, principalmente \u00f3mega 6.\u00a0Assim, o \u00f3leo de borragem pode ser utilizado para: &#8211; Aliviar os sintomas da TPM, como c\u00f3licas e desconforto abdominal; &#8211; Prevenir os sintomas da menopausa; &#8211; Auxiliar no tratamento de problemas de pele, como eczema, dermatite seborreica e acne; &#8211; Prevenir doen\u00e7as cardiovasculares, j\u00e1 que atua diminuindo o colesterol ruim e aumentando o colesterol bom; &#8211; Ajudar no tratamento de doen\u00e7as reum\u00e1ticas; &#8211; Melhora a apar\u00eancia da pele, devido \u00e0 propriedade antioxidante.\u00a0 Al\u00e9m disso, o \u00f3leo de borragem promove o bem-estar, auxilia na perda de peso, ajuda no tratamento de doen\u00e7as respirat\u00f3rias e aumenta a imunidade.\u00a0 Modo de uso: Tomar 1 c\u00e1psula, 1 a 2 vezes por dia, de prefer\u00eancia com alimentos.<\/p>\n<h5>Ingredientes<\/h5>\n<p>C\u00e1psula Softgel (gelatina bovina, glicerina, \u00e1gua)<\/p>\n<h5>Composi\u00e7\u00e3o<\/h5>\n<p>Por dose di\u00e1ria:<\/p>\n<ul>\n<li>\u00d3leo de sementes de Borragem (<em>Borago officinalis<\/em>) &#8211; 1000mg<\/li>\n<li>\u00c1cido Gama linol\u00e9nico (GLA) &#8211; 240mg<\/li>\n<\/ul>\n<h5>Modo De Utiliza\u00e7\u00e3o<\/h5>\n<p>Tome 1-2 c\u00e1psulas 1 a 2 vezes ao dia entre as refei\u00e7\u00f5es.<\/p>\n<p>&nbsp;<\/p>\n<h5>Avisos<\/h5>\n<p>Apenas para adultos.\u00a0Consulte o m\u00e9dico se estiver gr\u00e1vida \/ amamentando, tomando medicamentos (especialmente medicamentos para press\u00e3o sangu\u00ednea e nitratos ou outras drogas vasodilatadoras), ou se tiver uma condi\u00e7\u00e3o m\u00e9dica (especialmente press\u00e3o sang\u00fc\u00ednea anormal).\u00a0Mantenha fora do alcance de crian\u00e7as.<\/p>\n","protected":false},"featured_media":81744,"comment_status":"closed","ping_status":"closed","template":"","meta":[],"product_cat":[88],"product_tag":[],"class_list":["post-81743","product","type-product","status-publish","has-post-thumbnail","hentry","product_cat-suplementos"],"bundle_layout":"","bundled_by":[],"bundled_items":[],"yoast_head":"<!-- This site is optimized with the Yoast SEO plugin v26.3 - https:\/\/yoast.com\/wordpress\/plugins\/seo\/ -->\n<title>\u00d3LEO DE BORRAGEM 1000MG \u2013 60 C\u00c1PSULAS \u2013 NOW<\/title>\n<meta name=\"robots\" content=\"index, follow, max-snippet:-1, max-image-preview:large, max-video-preview:-1\" \/>\n<link rel=\"canonical\" href=\"https:\/\/biocabaz.pt\/web\/produto\/oleo-de-borragem-1000mg-60-capsulas-now\/\" \/>\n<meta property=\"og:locale\" content=\"pt_PT\" \/>\n<meta property=\"og:locale:alternate\" content=\"en_US\" \/>\n<meta property=\"og:type\" content=\"article\" \/>\n<meta property=\"og:title\" content=\"\u00d3LEO DE BORRAGEM 1000MG \u2013 60 C\u00c1PSULAS \u2013 NOW\" \/>\n<meta property=\"og:description\" content=\"O \u00f3leo de borragem possui propriedades anti-inflamat\u00f3rias e antioxidantes, devido \u00e0 sua elevada concentra\u00e7\u00e3o de \u00e1cidos gordoss, principalmente \u00f3mega 6.\u00a0Assim, o \u00f3leo de borragem pode ser utilizado para: - Aliviar os sintomas da TPM, como c\u00f3licas e desconforto abdominal; - Prevenir os sintomas da menopausa; - Auxiliar no tratamento de problemas de pele, como eczema, dermatite seborreica e acne; - Prevenir doen\u00e7as cardiovasculares, j\u00e1 que atua diminuindo o colesterol ruim e aumentando o colesterol bom; - Ajudar no tratamento de doen\u00e7as reum\u00e1ticas; - Melhora a apar\u00eancia da pele, devido \u00e0 propriedade antioxidante.\u00a0 Al\u00e9m disso, o \u00f3leo de borragem promove o bem-estar, auxilia na perda de peso, ajuda no tratamento de doen\u00e7as respirat\u00f3rias e aumenta a imunidade.\u00a0 Modo de uso: Tomar 1 c\u00e1psula, 1 a 2 vezes por dia, de prefer\u00eancia com alimentos. Ingredientes C\u00e1psula Softgel (gelatina bovina, glicerina, \u00e1gua) Composi\u00e7\u00e3o Por dose di\u00e1ria:   \u00d3leo de sementes de Borragem (Borago officinalis) - 1000mg  \u00c1cido Gama linol\u00e9nico (GLA) - 240mg  Modo De Utiliza\u00e7\u00e3o Tome 1-2 c\u00e1psulas 1 a 2 vezes ao dia entre as refei\u00e7\u00f5es.  &nbsp; Avisos Apenas para adultos.\u00a0Consulte o m\u00e9dico se estiver gr\u00e1vida \/ amamentando, tomando medicamentos (especialmente medicamentos para press\u00e3o sangu\u00ednea e nitratos ou outras drogas vasodilatadoras), ou se tiver uma condi\u00e7\u00e3o m\u00e9dica (especialmente press\u00e3o sang\u00fc\u00ednea anormal).\u00a0Mantenha fora do alcance de crian\u00e7as.\" \/>\n<meta property=\"og:url\" content=\"https:\/\/biocabaz.pt\/web\/produto\/oleo-de-borragem-1000mg-60-capsulas-now\/\" \/>\n<meta property=\"og:site_name\" content=\"BIOCABAZ - CABAZES BIOL\u00d3GICOS\" \/>\n<meta property=\"article:modified_time\" content=\"2022-12-30T11:46:19+00:00\" \/>\n<meta property=\"og:image\" content=\"https:\/\/www.biocabaz.pt\/web\/wp-conteudos\/uploads\/2022\/02\/oleo-de-borragem-1000mg-60-capsulas-now.jpg\" \/>\n\t<meta property=\"og:image:width\" content=\"450\" \/>\n\t<meta property=\"og:image:height\" content=\"600\" \/>\n\t<meta property=\"og:image:type\" content=\"image\/jpeg\" \/>\n<meta name=\"twitter:card\" content=\"summary_large_image\" \/>\n<script type=\"application\/ld+json\" class=\"yoast-schema-graph\">{\"@context\":\"https:\/\/schema.org\",\"@graph\":[{\"@type\":\"WebPage\",\"@id\":\"https:\/\/biocabaz.pt\/web\/en\/produto\/oleo-de-borragem-1000mg-60-capsulas-now\/\",\"url\":\"https:\/\/biocabaz.pt\/web\/en\/produto\/oleo-de-borragem-1000mg-60-capsulas-now\/\",\"name\":\"\u00d3LEO DE BORRAGEM 1000MG \u2013 60 C\u00c1PSULAS \u2013 NOW\",\"isPartOf\":{\"@id\":\"https:\/\/biocabaz.pt\/web\/#website\"},\"primaryImageOfPage\":{\"@id\":\"https:\/\/biocabaz.pt\/web\/en\/produto\/oleo-de-borragem-1000mg-60-capsulas-now\/#primaryimage\"},\"image\":{\"@id\":\"https:\/\/biocabaz.pt\/web\/en\/produto\/oleo-de-borragem-1000mg-60-capsulas-now\/#primaryimage\"},\"thumbnailUrl\":\"https:\/\/www.biocabaz.pt\/web\/wp-conteudos\/uploads\/2022\/02\/oleo-de-borragem-1000mg-60-capsulas-now.jpg\",\"datePublished\":\"2022-02-01T07:42:16+00:00\",\"dateModified\":\"2022-12-30T11:46:19+00:00\",\"breadcrumb\":{\"@id\":\"https:\/\/biocabaz.pt\/web\/en\/produto\/oleo-de-borragem-1000mg-60-capsulas-now\/#breadcrumb\"},\"inLanguage\":\"pt-PT\",\"potentialAction\":[{\"@type\":\"ReadAction\",\"target\":[\"https:\/\/biocabaz.pt\/web\/en\/produto\/oleo-de-borragem-1000mg-60-capsulas-now\/\"]}]},{\"@type\":\"ImageObject\",\"inLanguage\":\"pt-PT\",\"@id\":\"https:\/\/biocabaz.pt\/web\/en\/produto\/oleo-de-borragem-1000mg-60-capsulas-now\/#primaryimage\",\"url\":\"https:\/\/www.biocabaz.pt\/web\/wp-conteudos\/uploads\/2022\/02\/oleo-de-borragem-1000mg-60-capsulas-now.jpg\",\"contentUrl\":\"https:\/\/www.biocabaz.pt\/web\/wp-conteudos\/uploads\/2022\/02\/oleo-de-borragem-1000mg-60-capsulas-now.jpg\",\"width\":450,\"height\":600,\"caption\":\"\u00d3LEO DE BORRAGEM 1000MG \u2013 60 C\u00c1PSULAS \u2013 NOW\"},{\"@type\":\"BreadcrumbList\",\"@id\":\"https:\/\/biocabaz.pt\/web\/en\/produto\/oleo-de-borragem-1000mg-60-capsulas-now\/#breadcrumb\",\"itemListElement\":[{\"@type\":\"ListItem\",\"position\":1,\"name\":\"Home\",\"item\":\"https:\/\/biocabaz.pt\/web\/\"},{\"@type\":\"ListItem\",\"position\":2,\"name\":\"Loja\",\"item\":\"https:\/\/biocabaz.pt\/web\/shop\/\"},{\"@type\":\"ListItem\",\"position\":3,\"name\":\"\u00d3LEO DE BORRAGEM 1000MG \u2013 60 C\u00c1PSULAS \u2013 NOW\"}]},{\"@type\":\"WebSite\",\"@id\":\"https:\/\/biocabaz.pt\/web\/#website\",\"url\":\"https:\/\/biocabaz.pt\/web\/\",\"name\":\"BIOCABAZ - CABAZES BIOL\u00d3GICOS\",\"description\":\"O melhor que a terra d\u00e1 \u00e9 para si\",\"potentialAction\":[{\"@type\":\"SearchAction\",\"target\":{\"@type\":\"EntryPoint\",\"urlTemplate\":\"https:\/\/biocabaz.pt\/web\/?s={search_term_string}\"},\"query-input\":{\"@type\":\"PropertyValueSpecification\",\"valueRequired\":true,\"valueName\":\"search_term_string\"}}],\"inLanguage\":\"pt-PT\"}]}<\/script>\n<!-- \/ Yoast SEO plugin. -->","yoast_head_json":{"title":"\u00d3LEO DE BORRAGEM 1000MG \u2013 60 C\u00c1PSULAS \u2013 NOW","robots":{"index":"index","follow":"follow","max-snippet":"max-snippet:-1","max-image-preview":"max-image-preview:large","max-video-preview":"max-video-preview:-1"},"canonical":"https:\/\/biocabaz.pt\/web\/produto\/oleo-de-borragem-1000mg-60-capsulas-now\/","og_locale":"pt_PT","og_type":"article","og_title":"[:pt]\u00d3LEO DE BORRAGEM 1000MG \u2013 60 C\u00c1PSULAS \u2013 NOW[:] - BIOCABAZ - CABAZES BIOL\u00d3GICOS","og_description":"O \u00f3leo de borragem possui propriedades anti-inflamat\u00f3rias e antioxidantes, devido \u00e0 sua elevada concentra\u00e7\u00e3o de \u00e1cidos gordoss, principalmente \u00f3mega 6.\u00a0Assim, o \u00f3leo de borragem pode ser utilizado para: - Aliviar os sintomas da TPM, como c\u00f3licas e desconforto abdominal; - Prevenir os sintomas da menopausa; - Auxiliar no tratamento de problemas de pele, como eczema, dermatite seborreica e acne; - Prevenir doen\u00e7as cardiovasculares, j\u00e1 que atua diminuindo o colesterol ruim e aumentando o colesterol bom; - Ajudar no tratamento de doen\u00e7as reum\u00e1ticas; - Melhora a apar\u00eancia da pele, devido \u00e0 propriedade antioxidante.\u00a0 Al\u00e9m disso, o \u00f3leo de borragem promove o bem-estar, auxilia na perda de peso, ajuda no tratamento de doen\u00e7as respirat\u00f3rias e aumenta a imunidade.\u00a0 Modo de uso: Tomar 1 c\u00e1psula, 1 a 2 vezes por dia, de prefer\u00eancia com alimentos. Ingredientes C\u00e1psula Softgel (gelatina bovina, glicerina, \u00e1gua) Composi\u00e7\u00e3o Por dose di\u00e1ria:   \u00d3leo de sementes de Borragem (Borago officinalis) - 1000mg  \u00c1cido Gama linol\u00e9nico (GLA) - 240mg  Modo De Utiliza\u00e7\u00e3o Tome 1-2 c\u00e1psulas 1 a 2 vezes ao dia entre as refei\u00e7\u00f5es.  &nbsp; Avisos Apenas para adultos.\u00a0Consulte o m\u00e9dico se estiver gr\u00e1vida \/ amamentando, tomando medicamentos (especialmente medicamentos para press\u00e3o sangu\u00ednea e nitratos ou outras drogas vasodilatadoras), ou se tiver uma condi\u00e7\u00e3o m\u00e9dica (especialmente press\u00e3o sang\u00fc\u00ednea anormal).\u00a0Mantenha fora do alcance de crian\u00e7as.","og_url":"https:\/\/biocabaz.pt\/web\/produto\/oleo-de-borragem-1000mg-60-capsulas-now\/","og_site_name":"BIOCABAZ - CABAZES BIOL\u00d3GICOS","article_modified_time":"2022-12-30T11:46:19+00:00","og_image":[{"width":450,"height":600,"url":"https:\/\/www.biocabaz.pt\/web\/wp-conteudos\/uploads\/2022\/02\/oleo-de-borragem-1000mg-60-capsulas-now.jpg","type":"image\/jpeg"}],"twitter_card":"summary_large_image","schema":{"@context":"https:\/\/schema.org","@graph":[{"@type":"WebPage","@id":"https:\/\/biocabaz.pt\/web\/en\/produto\/oleo-de-borragem-1000mg-60-capsulas-now\/","url":"https:\/\/biocabaz.pt\/web\/en\/produto\/oleo-de-borragem-1000mg-60-capsulas-now\/","name":"\u00d3LEO DE BORRAGEM 1000MG \u2013 60 C\u00c1PSULAS \u2013 NOW","isPartOf":{"@id":"https:\/\/biocabaz.pt\/web\/#website"},"primaryImageOfPage":{"@id":"https:\/\/biocabaz.pt\/web\/en\/produto\/oleo-de-borragem-1000mg-60-capsulas-now\/#primaryimage"},"image":{"@id":"https:\/\/biocabaz.pt\/web\/en\/produto\/oleo-de-borragem-1000mg-60-capsulas-now\/#primaryimage"},"thumbnailUrl":"https:\/\/www.biocabaz.pt\/web\/wp-conteudos\/uploads\/2022\/02\/oleo-de-borragem-1000mg-60-capsulas-now.jpg","datePublished":"2022-02-01T07:42:16+00:00","dateModified":"2022-12-30T11:46:19+00:00","breadcrumb":{"@id":"https:\/\/biocabaz.pt\/web\/en\/produto\/oleo-de-borragem-1000mg-60-capsulas-now\/#breadcrumb"},"inLanguage":"pt-PT","potentialAction":[{"@type":"ReadAction","target":["https:\/\/biocabaz.pt\/web\/en\/produto\/oleo-de-borragem-1000mg-60-capsulas-now\/"]}]},{"@type":"ImageObject","inLanguage":"pt-PT","@id":"https:\/\/biocabaz.pt\/web\/en\/produto\/oleo-de-borragem-1000mg-60-capsulas-now\/#primaryimage","url":"https:\/\/www.biocabaz.pt\/web\/wp-conteudos\/uploads\/2022\/02\/oleo-de-borragem-1000mg-60-capsulas-now.jpg","contentUrl":"https:\/\/www.biocabaz.pt\/web\/wp-conteudos\/uploads\/2022\/02\/oleo-de-borragem-1000mg-60-capsulas-now.jpg","width":450,"height":600,"caption":"\u00d3LEO DE BORRAGEM 1000MG \u2013 60 C\u00c1PSULAS \u2013 NOW"},{"@type":"BreadcrumbList","@id":"https:\/\/biocabaz.pt\/web\/en\/produto\/oleo-de-borragem-1000mg-60-capsulas-now\/#breadcrumb","itemListElement":[{"@type":"ListItem","position":1,"name":"Home","item":"https:\/\/biocabaz.pt\/web\/"},{"@type":"ListItem","position":2,"name":"Loja","item":"https:\/\/biocabaz.pt\/web\/shop\/"},{"@type":"ListItem","position":3,"name":"\u00d3LEO DE BORRAGEM 1000MG \u2013 60 C\u00c1PSULAS \u2013 NOW"}]},{"@type":"WebSite","@id":"https:\/\/biocabaz.pt\/web\/#website","url":"https:\/\/biocabaz.pt\/web\/","name":"BIOCABAZ - CABAZES BIOL\u00d3GICOS","description":"O melhor que a terra d\u00e1 \u00e9 para si","potentialAction":[{"@type":"SearchAction","target":{"@type":"EntryPoint","urlTemplate":"https:\/\/biocabaz.pt\/web\/?s={search_term_string}"},"query-input":{"@type":"PropertyValueSpecification","valueRequired":true,"valueName":"search_term_string"}}],"inLanguage":"pt-PT"}]}},"_links":{"self":[{"href":"https:\/\/biocabaz.pt\/web\/wp-json\/wp\/v2\/product\/81743","targetHints":{"allow":["GET"]}}],"collection":[{"href":"https:\/\/biocabaz.pt\/web\/wp-json\/wp\/v2\/product"}],"about":[{"href":"https:\/\/biocabaz.pt\/web\/wp-json\/wp\/v2\/types\/product"}],"replies":[{"embeddable":true,"href":"https:\/\/biocabaz.pt\/web\/wp-json\/wp\/v2\/comments?post=81743"}],"wp:featuredmedia":[{"embeddable":true,"href":"https:\/\/biocabaz.pt\/web\/wp-json\/wp\/v2\/media\/81744"}],"wp:attachment":[{"href":"https:\/\/biocabaz.pt\/web\/wp-json\/wp\/v2\/media?parent=81743"}],"wp:term":[{"taxonomy":"product_cat","embeddable":true,"href":"https:\/\/biocabaz.pt\/web\/wp-json\/wp\/v2\/product_cat?post=81743"},{"taxonomy":"product_tag","embeddable":true,"href":"https:\/\/biocabaz.pt\/web\/wp-json\/wp\/v2\/product_tag?post=81743"}],"curies":[{"name":"wp","href":"https:\/\/api.w.org\/{rel}","templated":true}]}}