{"id":81487,"date":"2022-01-27T20:54:57","date_gmt":"2022-01-27T20:54:57","guid":{"rendered":"https:\/\/www.biocabaz.pt\/web\/?post_type=product&#038;p=81487"},"modified":"2022-09-29T15:06:59","modified_gmt":"2022-09-29T15:06:59","slug":"farinha-paulino-de-trigo-tipo-55-super-bio","status":"publish","type":"product","link":"https:\/\/biocabaz.pt\/web\/produto\/farinha-paulino-de-trigo-tipo-55-super-bio\/","title":{"rendered":"FARINHA DE TRIGO TIPO 55 SUPER PAULINO HORTA 1KG"},"content":{"rendered":"","protected":false},"excerpt":{"rendered":"<p><strong>Descri\u00e7\u00e3o<\/strong><br \/>\nFarinha de Trigo Tipo 55 Super: indicada para a pastelaria muito fina como por exemplo, croissant franc\u00eas, panetone italiano, brioche de longa leveda\u00e7\u00e3o e pizzas de estilo napolitano. Cont\u00e9m gl\u00faten.<\/p>\n<p><strong>Dados Nutricionais<\/strong><br \/>\nDeclara\u00e7\u00e3o Nutricional por 100g:<br \/>\nEnergia: 1460 kJ\/344kcal;<br \/>\nL\u00edpidos: 1,2g \u2013 dos quais saturados: 0,2g;<br \/>\nHidratos de Carbono: 69,4g \u2013 dos quais a\u00e7\u00facares: 0,8g;<br \/>\nFibra: 3,9g;<br \/>\nProte\u00ednas: 13,9g;<br \/>\nSal: <0,01g.\n<\/p>\n","protected":false},"featured_media":81486,"comment_status":"closed","ping_status":"closed","template":"","meta":[],"product_cat":[22],"product_tag":[],"class_list":["post-81487","product","type-product","status-publish","has-post-thumbnail","hentry","product_cat-arroz-farinha"],"bundle_layout":"","bundled_by":[],"bundled_items":[],"yoast_head":"<!-- This site is optimized with the Yoast SEO plugin v26.3 - https:\/\/yoast.com\/wordpress\/plugins\/seo\/ -->\n<title>FARINHA DE TRIGO TIPO 55 SUPER PAULINO HORTA 1KG<\/title>\n<meta name=\"robots\" content=\"index, follow, max-snippet:-1, max-image-preview:large, max-video-preview:-1\" \/>\n<link rel=\"canonical\" href=\"https:\/\/biocabaz.pt\/web\/produto\/farinha-paulino-de-trigo-tipo-55-super-bio\/\" \/>\n<meta property=\"og:locale\" content=\"pt_PT\" \/>\n<meta property=\"og:locale:alternate\" content=\"en_US\" \/>\n<meta property=\"og:type\" content=\"article\" \/>\n<meta property=\"og:title\" content=\"FARINHA DE TRIGO TIPO 55 SUPER PAULINO HORTA 1KG\" \/>\n<meta property=\"og:description\" content=\"Descri\u00e7\u00e3o Farinha de Trigo Tipo 55 Super: indicada para a pastelaria muito fina como por exemplo, croissant franc\u00eas, panetone italiano, brioche de longa leveda\u00e7\u00e3o e pizzas de estilo napolitano. Cont\u00e9m gl\u00faten.  Dados Nutricionais Declara\u00e7\u00e3o Nutricional por 100g: Energia: 1460 kJ\/344kcal; L\u00edpidos: 1,2g \u2013 dos quais saturados: 0,2g; Hidratos de Carbono: 69,4g \u2013 dos quais a\u00e7\u00facares: 0,8g; Fibra: 3,9g; Prote\u00ednas: 13,9g; Sal:\" \/>\n<meta property=\"og:url\" content=\"https:\/\/biocabaz.pt\/web\/produto\/farinha-paulino-de-trigo-tipo-55-super-bio\/\" \/>\n<meta property=\"og:site_name\" content=\"BIOCABAZ - CABAZES BIOL\u00d3GICOS\" \/>\n<meta property=\"article:modified_time\" content=\"2022-09-29T15:06:59+00:00\" \/>\n<meta property=\"og:image\" content=\"https:\/\/www.biocabaz.pt\/web\/wp-conteudos\/uploads\/2022\/01\/farinha-paulino-de-trigo-tipo-55-base.png\" \/>\n\t<meta property=\"og:image:width\" content=\"581\" \/>\n\t<meta property=\"og:image:height\" content=\"583\" \/>\n\t<meta property=\"og:image:type\" content=\"image\/png\" \/>\n<meta name=\"twitter:card\" content=\"summary_large_image\" \/>\n<script type=\"application\/ld+json\" class=\"yoast-schema-graph\">{\"@context\":\"https:\/\/schema.org\",\"@graph\":[{\"@type\":\"WebPage\",\"@id\":\"https:\/\/biocabaz.pt\/web\/produto\/farinha-paulino-de-trigo-tipo-55-super-bio\/\",\"url\":\"https:\/\/biocabaz.pt\/web\/produto\/farinha-paulino-de-trigo-tipo-55-super-bio\/\",\"name\":\"FARINHA DE TRIGO TIPO 55 SUPER PAULINO HORTA 1KG\",\"isPartOf\":{\"@id\":\"https:\/\/www.biocabaz.pt\/web\/en\/#website\"},\"primaryImageOfPage\":{\"@id\":\"https:\/\/biocabaz.pt\/web\/produto\/farinha-paulino-de-trigo-tipo-55-super-bio\/#primaryimage\"},\"image\":{\"@id\":\"https:\/\/biocabaz.pt\/web\/produto\/farinha-paulino-de-trigo-tipo-55-super-bio\/#primaryimage\"},\"thumbnailUrl\":\"https:\/\/www.biocabaz.pt\/web\/wp-conteudos\/uploads\/2022\/01\/farinha-paulino-de-trigo-tipo-55-base.png\",\"datePublished\":\"2022-01-27T20:54:57+00:00\",\"dateModified\":\"2022-09-29T15:06:59+00:00\",\"breadcrumb\":{\"@id\":\"https:\/\/biocabaz.pt\/web\/produto\/farinha-paulino-de-trigo-tipo-55-super-bio\/#breadcrumb\"},\"inLanguage\":\"pt-PT\",\"potentialAction\":[{\"@type\":\"ReadAction\",\"target\":[\"https:\/\/biocabaz.pt\/web\/produto\/farinha-paulino-de-trigo-tipo-55-super-bio\/\"]}]},{\"@type\":\"ImageObject\",\"inLanguage\":\"pt-PT\",\"@id\":\"https:\/\/biocabaz.pt\/web\/produto\/farinha-paulino-de-trigo-tipo-55-super-bio\/#primaryimage\",\"url\":\"https:\/\/www.biocabaz.pt\/web\/wp-conteudos\/uploads\/2022\/01\/farinha-paulino-de-trigo-tipo-55-base.png\",\"contentUrl\":\"https:\/\/www.biocabaz.pt\/web\/wp-conteudos\/uploads\/2022\/01\/farinha-paulino-de-trigo-tipo-55-base.png\",\"width\":581,\"height\":583,\"caption\":\"FARINHA DE TRIGO BARBELA TIPO 80 PAULINO HORTA BIO 1KG\"},{\"@type\":\"BreadcrumbList\",\"@id\":\"https:\/\/biocabaz.pt\/web\/produto\/farinha-paulino-de-trigo-tipo-55-super-bio\/#breadcrumb\",\"itemListElement\":[{\"@type\":\"ListItem\",\"position\":1,\"name\":\"Home\",\"item\":\"https:\/\/www.biocabaz.pt\/web\/en\/\"},{\"@type\":\"ListItem\",\"position\":2,\"name\":\"Shop\",\"item\":\"https:\/\/www.biocabaz.pt\/web\/en\/shop\/\"},{\"@type\":\"ListItem\",\"position\":3,\"name\":\"FARINHA DE TRIGO TIPO 55 SUPER PAULINO HORTA 1KG\"}]},{\"@type\":\"WebSite\",\"@id\":\"https:\/\/www.biocabaz.pt\/web\/en\/#website\",\"url\":\"https:\/\/www.biocabaz.pt\/web\/en\/\",\"name\":\"BIOCABAZ - CABAZES BIOL\u00d3GICOS\",\"description\":\"O melhor que a terra d\u00e1 \u00e9 para si\",\"potentialAction\":[{\"@type\":\"SearchAction\",\"target\":{\"@type\":\"EntryPoint\",\"urlTemplate\":\"https:\/\/www.biocabaz.pt\/web\/en\/?s={search_term_string}\"},\"query-input\":{\"@type\":\"PropertyValueSpecification\",\"valueRequired\":true,\"valueName\":\"search_term_string\"}}],\"inLanguage\":\"pt-PT\"}]}<\/script>\n<!-- \/ Yoast SEO plugin. -->","yoast_head_json":{"title":"FARINHA DE TRIGO TIPO 55 SUPER PAULINO HORTA 1KG","robots":{"index":"index","follow":"follow","max-snippet":"max-snippet:-1","max-image-preview":"max-image-preview:large","max-video-preview":"max-video-preview:-1"},"canonical":"https:\/\/biocabaz.pt\/web\/produto\/farinha-paulino-de-trigo-tipo-55-super-bio\/","og_locale":"pt_PT","og_type":"article","og_title":"[:pt]FARINHA DE TRIGO TIPO 55 SUPER PAULINO HORTA 1KG[:] - BIOCABAZ - CABAZES BIOL\u00d3GICOS","og_description":"Descri\u00e7\u00e3o Farinha de Trigo Tipo 55 Super: indicada para a pastelaria muito fina como por exemplo, croissant franc\u00eas, panetone italiano, brioche de longa leveda\u00e7\u00e3o e pizzas de estilo napolitano. Cont\u00e9m gl\u00faten.  Dados Nutricionais Declara\u00e7\u00e3o Nutricional por 100g: Energia: 1460 kJ\/344kcal; L\u00edpidos: 1,2g \u2013 dos quais saturados: 0,2g; Hidratos de Carbono: 69,4g \u2013 dos quais a\u00e7\u00facares: 0,8g; Fibra: 3,9g; Prote\u00ednas: 13,9g; Sal:","og_url":"https:\/\/biocabaz.pt\/web\/produto\/farinha-paulino-de-trigo-tipo-55-super-bio\/","og_site_name":"BIOCABAZ - CABAZES BIOL\u00d3GICOS","article_modified_time":"2022-09-29T15:06:59+00:00","og_image":[{"width":581,"height":583,"url":"https:\/\/www.biocabaz.pt\/web\/wp-conteudos\/uploads\/2022\/01\/farinha-paulino-de-trigo-tipo-55-base.png","type":"image\/png"}],"twitter_card":"summary_large_image","schema":{"@context":"https:\/\/schema.org","@graph":[{"@type":"WebPage","@id":"https:\/\/biocabaz.pt\/web\/produto\/farinha-paulino-de-trigo-tipo-55-super-bio\/","url":"https:\/\/biocabaz.pt\/web\/produto\/farinha-paulino-de-trigo-tipo-55-super-bio\/","name":"FARINHA DE TRIGO TIPO 55 SUPER PAULINO HORTA 1KG","isPartOf":{"@id":"https:\/\/www.biocabaz.pt\/web\/en\/#website"},"primaryImageOfPage":{"@id":"https:\/\/biocabaz.pt\/web\/produto\/farinha-paulino-de-trigo-tipo-55-super-bio\/#primaryimage"},"image":{"@id":"https:\/\/biocabaz.pt\/web\/produto\/farinha-paulino-de-trigo-tipo-55-super-bio\/#primaryimage"},"thumbnailUrl":"https:\/\/www.biocabaz.pt\/web\/wp-conteudos\/uploads\/2022\/01\/farinha-paulino-de-trigo-tipo-55-base.png","datePublished":"2022-01-27T20:54:57+00:00","dateModified":"2022-09-29T15:06:59+00:00","breadcrumb":{"@id":"https:\/\/biocabaz.pt\/web\/produto\/farinha-paulino-de-trigo-tipo-55-super-bio\/#breadcrumb"},"inLanguage":"pt-PT","potentialAction":[{"@type":"ReadAction","target":["https:\/\/biocabaz.pt\/web\/produto\/farinha-paulino-de-trigo-tipo-55-super-bio\/"]}]},{"@type":"ImageObject","inLanguage":"pt-PT","@id":"https:\/\/biocabaz.pt\/web\/produto\/farinha-paulino-de-trigo-tipo-55-super-bio\/#primaryimage","url":"https:\/\/www.biocabaz.pt\/web\/wp-conteudos\/uploads\/2022\/01\/farinha-paulino-de-trigo-tipo-55-base.png","contentUrl":"https:\/\/www.biocabaz.pt\/web\/wp-conteudos\/uploads\/2022\/01\/farinha-paulino-de-trigo-tipo-55-base.png","width":581,"height":583,"caption":"FARINHA DE TRIGO BARBELA TIPO 80 PAULINO HORTA BIO 1KG"},{"@type":"BreadcrumbList","@id":"https:\/\/biocabaz.pt\/web\/produto\/farinha-paulino-de-trigo-tipo-55-super-bio\/#breadcrumb","itemListElement":[{"@type":"ListItem","position":1,"name":"Home","item":"https:\/\/www.biocabaz.pt\/web\/en\/"},{"@type":"ListItem","position":2,"name":"Shop","item":"https:\/\/www.biocabaz.pt\/web\/en\/shop\/"},{"@type":"ListItem","position":3,"name":"FARINHA DE TRIGO TIPO 55 SUPER PAULINO HORTA 1KG"}]},{"@type":"WebSite","@id":"https:\/\/www.biocabaz.pt\/web\/en\/#website","url":"https:\/\/www.biocabaz.pt\/web\/en\/","name":"BIOCABAZ - CABAZES BIOL\u00d3GICOS","description":"O melhor que a terra d\u00e1 \u00e9 para si","potentialAction":[{"@type":"SearchAction","target":{"@type":"EntryPoint","urlTemplate":"https:\/\/www.biocabaz.pt\/web\/en\/?s={search_term_string}"},"query-input":{"@type":"PropertyValueSpecification","valueRequired":true,"valueName":"search_term_string"}}],"inLanguage":"pt-PT"}]}},"_links":{"self":[{"href":"https:\/\/biocabaz.pt\/web\/wp-json\/wp\/v2\/product\/81487","targetHints":{"allow":["GET"]}}],"collection":[{"href":"https:\/\/biocabaz.pt\/web\/wp-json\/wp\/v2\/product"}],"about":[{"href":"https:\/\/biocabaz.pt\/web\/wp-json\/wp\/v2\/types\/product"}],"replies":[{"embeddable":true,"href":"https:\/\/biocabaz.pt\/web\/wp-json\/wp\/v2\/comments?post=81487"}],"wp:featuredmedia":[{"embeddable":true,"href":"https:\/\/biocabaz.pt\/web\/wp-json\/wp\/v2\/media\/81486"}],"wp:attachment":[{"href":"https:\/\/biocabaz.pt\/web\/wp-json\/wp\/v2\/media?parent=81487"}],"wp:term":[{"taxonomy":"product_cat","embeddable":true,"href":"https:\/\/biocabaz.pt\/web\/wp-json\/wp\/v2\/product_cat?post=81487"},{"taxonomy":"product_tag","embeddable":true,"href":"https:\/\/biocabaz.pt\/web\/wp-json\/wp\/v2\/product_tag?post=81487"}],"curies":[{"name":"wp","href":"https:\/\/api.w.org\/{rel}","templated":true}]}}