{"id":80756,"date":"2022-01-14T10:33:36","date_gmt":"2022-01-14T10:33:36","guid":{"rendered":"https:\/\/www.biocabaz.pt\/web\/?post_type=product&#038;p=80756"},"modified":"2024-04-05T09:43:51","modified_gmt":"2024-04-05T09:43:51","slug":"molho-de-tomate-bio-la-bio-idea-500g","status":"publish","type":"product","link":"https:\/\/biocabaz.pt\/web\/produto\/molho-de-tomate-bio-la-bio-idea-500g\/","title":{"rendered":"Molho de Tomate BIO La Bio Idea 500g"},"content":{"rendered":"","protected":false},"excerpt":{"rendered":"<h3>DESCRI\u00c7\u00c3O<\/h3>\n<p>Molho de tomate BIO 500g. Ingredientes: Tomate* triturado, regulador de acidez: \u00e1cido c\u00edtrico. *De produ\u00e7\u00e3o biol\u00f3gica. IT-BIO-009 .Agricultura It\u00e1lia.<\/p>\n<h3>DADOS NUTRICIONAIS<\/h3>\n<p>Declara\u00e7\u00e3o Nutricional por 100g: Energia &#8211; 94kJ\/22kcal; L\u00edpidos &#8211; 0,1g, dos quais saturados &#8211; 0,0; Hidratos de Carbono -3,4g, dos quais a\u00e7\u00facares &#8211; 2,9g; Prote\u00ednas &#8211; 1,1g; Sal &#8211; 0,04g.<\/p>\n<h3>MODO DE UTILIZA\u00c7\u00c3O<\/h3>\n<p>Utilizar na prepara\u00e7\u00e3o de variadas receitas. Ap\u00f3s a primeira abertura conservar no frio e consumir em 3 dias. Conservar em local seco e fresco (protegido de luminosidade).<\/p>\n","protected":false},"featured_media":80757,"comment_status":"closed","ping_status":"closed","template":"","meta":[],"product_cat":[24],"product_tag":[],"class_list":["post-80756","product","type-product","status-publish","has-post-thumbnail","hentry","product_cat-conservas"],"bundle_layout":"","bundled_by":[],"bundled_items":[],"yoast_head":"<!-- This site is optimized with the Yoast SEO plugin v26.3 - https:\/\/yoast.com\/wordpress\/plugins\/seo\/ -->\n<title>Molho de Tomate BIO La Bio Idea 500g<\/title>\n<meta name=\"robots\" content=\"index, follow, max-snippet:-1, max-image-preview:large, max-video-preview:-1\" \/>\n<link rel=\"canonical\" href=\"https:\/\/www.biocabaz.pt\/web\/en\/produto\/molho-de-tomate-bio-la-bio-idea-500g\/\" \/>\n<meta property=\"og:locale\" content=\"pt_PT\" \/>\n<meta property=\"og:locale:alternate\" content=\"en_US\" \/>\n<meta property=\"og:type\" content=\"article\" \/>\n<meta property=\"og:title\" content=\"Molho de Tomate BIO La Bio Idea 500g\" \/>\n<meta property=\"og:description\" content=\"DESCRI\u00c7\u00c3O Molho de tomate BIO 500g. Ingredientes: Tomate* triturado, regulador de acidez: \u00e1cido c\u00edtrico. *De produ\u00e7\u00e3o biol\u00f3gica. IT-BIO-009 .Agricultura It\u00e1lia. DADOS NUTRICIONAIS Declara\u00e7\u00e3o Nutricional por 100g: Energia - 94kJ\/22kcal; L\u00edpidos - 0,1g, dos quais saturados - 0,0; Hidratos de Carbono -3,4g, dos quais a\u00e7\u00facares - 2,9g; Prote\u00ednas - 1,1g; Sal - 0,04g. MODO DE UTILIZA\u00c7\u00c3O Utilizar na prepara\u00e7\u00e3o de variadas receitas. Ap\u00f3s a primeira abertura conservar no frio e consumir em 3 dias. Conservar em local seco e fresco (protegido de luminosidade).\" \/>\n<meta property=\"og:url\" content=\"https:\/\/biocabaz.pt\/web\/produto\/molho-de-tomate-bio-la-bio-idea-500g\/\" \/>\n<meta property=\"og:site_name\" content=\"BIOCABAZ - CABAZES BIOL\u00d3GICOS\" \/>\n<meta property=\"article:modified_time\" content=\"2024-04-05T09:43:51+00:00\" \/>\n<meta property=\"og:image\" content=\"https:\/\/www.biocabaz.pt\/web\/wp-conteudos\/uploads\/2022\/01\/molho-de-tomate-bio-la-bio-idea-500g.jpg\" \/>\n\t<meta property=\"og:image:width\" content=\"326\" \/>\n\t<meta property=\"og:image:height\" content=\"300\" \/>\n\t<meta property=\"og:image:type\" content=\"image\/jpeg\" \/>\n<meta name=\"twitter:card\" content=\"summary_large_image\" \/>\n<script type=\"application\/ld+json\" class=\"yoast-schema-graph\">{\"@context\":\"https:\/\/schema.org\",\"@graph\":[{\"@type\":\"WebPage\",\"@id\":\"https:\/\/www.biocabaz.pt\/web\/en\/produto\/molho-de-tomate-bio-la-bio-idea-500g\/\",\"url\":\"https:\/\/www.biocabaz.pt\/web\/en\/produto\/molho-de-tomate-bio-la-bio-idea-500g\/\",\"name\":\"Molho de Tomate BIO La Bio Idea 500g\",\"isPartOf\":{\"@id\":\"https:\/\/biocabaz.pt\/web\/#website\"},\"primaryImageOfPage\":{\"@id\":\"https:\/\/www.biocabaz.pt\/web\/en\/produto\/molho-de-tomate-bio-la-bio-idea-500g\/#primaryimage\"},\"image\":{\"@id\":\"https:\/\/www.biocabaz.pt\/web\/en\/produto\/molho-de-tomate-bio-la-bio-idea-500g\/#primaryimage\"},\"thumbnailUrl\":\"https:\/\/www.biocabaz.pt\/web\/wp-conteudos\/uploads\/2022\/01\/molho-de-tomate-bio-la-bio-idea-500g.jpg\",\"datePublished\":\"2022-01-14T10:33:36+00:00\",\"dateModified\":\"2024-04-05T09:43:51+00:00\",\"breadcrumb\":{\"@id\":\"https:\/\/www.biocabaz.pt\/web\/en\/produto\/molho-de-tomate-bio-la-bio-idea-500g\/#breadcrumb\"},\"inLanguage\":\"pt-PT\",\"potentialAction\":[{\"@type\":\"ReadAction\",\"target\":[\"https:\/\/www.biocabaz.pt\/web\/en\/produto\/molho-de-tomate-bio-la-bio-idea-500g\/\"]}]},{\"@type\":\"ImageObject\",\"inLanguage\":\"pt-PT\",\"@id\":\"https:\/\/www.biocabaz.pt\/web\/en\/produto\/molho-de-tomate-bio-la-bio-idea-500g\/#primaryimage\",\"url\":\"https:\/\/www.biocabaz.pt\/web\/wp-conteudos\/uploads\/2022\/01\/molho-de-tomate-bio-la-bio-idea-500g.jpg\",\"contentUrl\":\"https:\/\/www.biocabaz.pt\/web\/wp-conteudos\/uploads\/2022\/01\/molho-de-tomate-bio-la-bio-idea-500g.jpg\",\"width\":326,\"height\":300,\"caption\":\"Molho de Tomate BIO La Bio Idea 500g\"},{\"@type\":\"BreadcrumbList\",\"@id\":\"https:\/\/www.biocabaz.pt\/web\/en\/produto\/molho-de-tomate-bio-la-bio-idea-500g\/#breadcrumb\",\"itemListElement\":[{\"@type\":\"ListItem\",\"position\":1,\"name\":\"Home\",\"item\":\"https:\/\/biocabaz.pt\/web\/\"},{\"@type\":\"ListItem\",\"position\":2,\"name\":\"Shop\",\"item\":\"https:\/\/www.biocabaz.pt\/web\/en\/shop\/\"},{\"@type\":\"ListItem\",\"position\":3,\"name\":\"Molho de Tomate BIO La Bio Idea 500g\"}]},{\"@type\":\"WebSite\",\"@id\":\"https:\/\/biocabaz.pt\/web\/#website\",\"url\":\"https:\/\/biocabaz.pt\/web\/\",\"name\":\"BIOCABAZ - CABAZES BIOL\u00d3GICOS\",\"description\":\"O melhor que a terra d\u00e1 \u00e9 para si\",\"potentialAction\":[{\"@type\":\"SearchAction\",\"target\":{\"@type\":\"EntryPoint\",\"urlTemplate\":\"https:\/\/biocabaz.pt\/web\/?s={search_term_string}\"},\"query-input\":{\"@type\":\"PropertyValueSpecification\",\"valueRequired\":true,\"valueName\":\"search_term_string\"}}],\"inLanguage\":\"pt-PT\"}]}<\/script>\n<!-- \/ Yoast SEO plugin. -->","yoast_head_json":{"title":"Molho de Tomate BIO La Bio Idea 500g","robots":{"index":"index","follow":"follow","max-snippet":"max-snippet:-1","max-image-preview":"max-image-preview:large","max-video-preview":"max-video-preview:-1"},"canonical":"https:\/\/www.biocabaz.pt\/web\/en\/produto\/molho-de-tomate-bio-la-bio-idea-500g\/","og_locale":"pt_PT","og_type":"article","og_title":"[:pt]Molho de Tomate BIO La Bio Idea 500g[:] - BIOCABAZ - CABAZES BIOL\u00d3GICOS","og_description":"DESCRI\u00c7\u00c3O Molho de tomate BIO 500g. Ingredientes: Tomate* triturado, regulador de acidez: \u00e1cido c\u00edtrico. *De produ\u00e7\u00e3o biol\u00f3gica. IT-BIO-009 .Agricultura It\u00e1lia. DADOS NUTRICIONAIS Declara\u00e7\u00e3o Nutricional por 100g: Energia - 94kJ\/22kcal; L\u00edpidos - 0,1g, dos quais saturados - 0,0; Hidratos de Carbono -3,4g, dos quais a\u00e7\u00facares - 2,9g; Prote\u00ednas - 1,1g; Sal - 0,04g. MODO DE UTILIZA\u00c7\u00c3O Utilizar na prepara\u00e7\u00e3o de variadas receitas. Ap\u00f3s a primeira abertura conservar no frio e consumir em 3 dias. Conservar em local seco e fresco (protegido de luminosidade).","og_url":"https:\/\/biocabaz.pt\/web\/produto\/molho-de-tomate-bio-la-bio-idea-500g\/","og_site_name":"BIOCABAZ - CABAZES BIOL\u00d3GICOS","article_modified_time":"2024-04-05T09:43:51+00:00","og_image":[{"width":326,"height":300,"url":"https:\/\/www.biocabaz.pt\/web\/wp-conteudos\/uploads\/2022\/01\/molho-de-tomate-bio-la-bio-idea-500g.jpg","type":"image\/jpeg"}],"twitter_card":"summary_large_image","schema":{"@context":"https:\/\/schema.org","@graph":[{"@type":"WebPage","@id":"https:\/\/www.biocabaz.pt\/web\/en\/produto\/molho-de-tomate-bio-la-bio-idea-500g\/","url":"https:\/\/www.biocabaz.pt\/web\/en\/produto\/molho-de-tomate-bio-la-bio-idea-500g\/","name":"Molho de Tomate BIO La Bio Idea 500g","isPartOf":{"@id":"https:\/\/biocabaz.pt\/web\/#website"},"primaryImageOfPage":{"@id":"https:\/\/www.biocabaz.pt\/web\/en\/produto\/molho-de-tomate-bio-la-bio-idea-500g\/#primaryimage"},"image":{"@id":"https:\/\/www.biocabaz.pt\/web\/en\/produto\/molho-de-tomate-bio-la-bio-idea-500g\/#primaryimage"},"thumbnailUrl":"https:\/\/www.biocabaz.pt\/web\/wp-conteudos\/uploads\/2022\/01\/molho-de-tomate-bio-la-bio-idea-500g.jpg","datePublished":"2022-01-14T10:33:36+00:00","dateModified":"2024-04-05T09:43:51+00:00","breadcrumb":{"@id":"https:\/\/www.biocabaz.pt\/web\/en\/produto\/molho-de-tomate-bio-la-bio-idea-500g\/#breadcrumb"},"inLanguage":"pt-PT","potentialAction":[{"@type":"ReadAction","target":["https:\/\/www.biocabaz.pt\/web\/en\/produto\/molho-de-tomate-bio-la-bio-idea-500g\/"]}]},{"@type":"ImageObject","inLanguage":"pt-PT","@id":"https:\/\/www.biocabaz.pt\/web\/en\/produto\/molho-de-tomate-bio-la-bio-idea-500g\/#primaryimage","url":"https:\/\/www.biocabaz.pt\/web\/wp-conteudos\/uploads\/2022\/01\/molho-de-tomate-bio-la-bio-idea-500g.jpg","contentUrl":"https:\/\/www.biocabaz.pt\/web\/wp-conteudos\/uploads\/2022\/01\/molho-de-tomate-bio-la-bio-idea-500g.jpg","width":326,"height":300,"caption":"Molho de Tomate BIO La Bio Idea 500g"},{"@type":"BreadcrumbList","@id":"https:\/\/www.biocabaz.pt\/web\/en\/produto\/molho-de-tomate-bio-la-bio-idea-500g\/#breadcrumb","itemListElement":[{"@type":"ListItem","position":1,"name":"Home","item":"https:\/\/biocabaz.pt\/web\/"},{"@type":"ListItem","position":2,"name":"Shop","item":"https:\/\/www.biocabaz.pt\/web\/en\/shop\/"},{"@type":"ListItem","position":3,"name":"Molho de Tomate BIO La Bio Idea 500g"}]},{"@type":"WebSite","@id":"https:\/\/biocabaz.pt\/web\/#website","url":"https:\/\/biocabaz.pt\/web\/","name":"BIOCABAZ - CABAZES BIOL\u00d3GICOS","description":"O melhor que a terra d\u00e1 \u00e9 para si","potentialAction":[{"@type":"SearchAction","target":{"@type":"EntryPoint","urlTemplate":"https:\/\/biocabaz.pt\/web\/?s={search_term_string}"},"query-input":{"@type":"PropertyValueSpecification","valueRequired":true,"valueName":"search_term_string"}}],"inLanguage":"pt-PT"}]}},"_links":{"self":[{"href":"https:\/\/biocabaz.pt\/web\/wp-json\/wp\/v2\/product\/80756","targetHints":{"allow":["GET"]}}],"collection":[{"href":"https:\/\/biocabaz.pt\/web\/wp-json\/wp\/v2\/product"}],"about":[{"href":"https:\/\/biocabaz.pt\/web\/wp-json\/wp\/v2\/types\/product"}],"replies":[{"embeddable":true,"href":"https:\/\/biocabaz.pt\/web\/wp-json\/wp\/v2\/comments?post=80756"}],"wp:featuredmedia":[{"embeddable":true,"href":"https:\/\/biocabaz.pt\/web\/wp-json\/wp\/v2\/media\/80757"}],"wp:attachment":[{"href":"https:\/\/biocabaz.pt\/web\/wp-json\/wp\/v2\/media?parent=80756"}],"wp:term":[{"taxonomy":"product_cat","embeddable":true,"href":"https:\/\/biocabaz.pt\/web\/wp-json\/wp\/v2\/product_cat?post=80756"},{"taxonomy":"product_tag","embeddable":true,"href":"https:\/\/biocabaz.pt\/web\/wp-json\/wp\/v2\/product_tag?post=80756"}],"curies":[{"name":"wp","href":"https:\/\/api.w.org\/{rel}","templated":true}]}}