{"id":80754,"date":"2022-01-14T10:24:58","date_gmt":"2022-01-14T10:24:58","guid":{"rendered":"https:\/\/www.biocabaz.pt\/web\/?post_type=product&#038;p=80754"},"modified":"2024-08-02T09:04:31","modified_gmt":"2024-08-02T09:04:31","slug":"granola-de-amendoa-chia-bio-provida-200g","status":"publish","type":"product","link":"https:\/\/biocabaz.pt\/web\/produto\/granola-de-amendoa-chia-bio-provida-200g\/","title":{"rendered":"Granola de Am\u00eandoa &#038; Chia BIO PR\u00d3VIDA 200g"},"content":{"rendered":"","protected":false},"excerpt":{"rendered":"<h3>DESCRI\u00c7\u00c3O<\/h3>\n<p>Granola com Am\u00eandoa e Sementes de Chia BIO 200g. Pr\u00f3vida. Deliciosa granola biol\u00f3gica \u00e0 base de cereais integrais. Ingredientes:Flocos de AVEIA integral* (53,1%), a\u00e7\u00facar de cana*, \u00f3leo de girassol alto oleico*, sementes de chia* (6,6%) (Salvia hispanica), quinoa extrudida * (5,5%) (farinha de quinoa*, farinha de arroz*, farinha de milho*, a\u00e7\u00facar de cana*, sal), sementes de girassol* (4,7%), millet expandido* (3,7%), AM\u00caNDOA laminada* (2%), a\u00e7\u00facar queimado*. *de produ\u00e7\u00e3o biol\u00f3gica. Poder\u00e1 conter vest\u00edgios de soja e leite. PT-BIO-04 Origem: UE\/n\u00e3o UE.<\/p>\n<h3>DADOS NUTRICIONAIS<\/h3>\n<p>Declara\u00e7\u00e3o Nutricional por 100g- Energia &#8211; 1812kJ\/432kcal; L\u00edpidos &#8211; 16g, dos quais saturados &#8211; 1,5g; Hidratos de Carbono &#8211; 58g, dos quais a\u00e7\u00facares &#8211; 18g; Fibra &#8211; 8,1g; Prote\u00ednas &#8211; 11,g; Sal &#8211; 0,02g.<\/p>\n<h3>MODO DE UTILIZA\u00c7\u00c3O<\/h3>\n<p>Prontos a consumir. Adicionados a leite ou bebidas de cereais ou como ingrediente na elabora\u00e7\u00e3o de bolos, sobremesas, gelatinas, gelados, cremes entre outras. CONSERVAR EM LOCAL SECO E FRESCO.<\/p>\n","protected":false},"featured_media":80755,"comment_status":"closed","ping_status":"closed","template":"","meta":[],"product_cat":[33],"product_tag":[],"class_list":["post-80754","product","type-product","status-publish","has-post-thumbnail","hentry","product_cat-cereais"],"bundle_layout":"","bundled_by":[],"bundled_items":[],"yoast_head":"<!-- This site is optimized with the Yoast SEO plugin v26.3 - https:\/\/yoast.com\/wordpress\/plugins\/seo\/ -->\n<title>Granola de Am\u00eandoa &amp; Chia BIO PR\u00d3VIDA 200g<\/title>\n<meta name=\"robots\" content=\"index, follow, max-snippet:-1, max-image-preview:large, max-video-preview:-1\" \/>\n<link rel=\"canonical\" href=\"https:\/\/biocabaz.pt\/web\/produto\/granola-de-amendoa-chia-bio-provida-200g\/\" \/>\n<meta property=\"og:locale\" content=\"pt_PT\" \/>\n<meta property=\"og:locale:alternate\" content=\"en_US\" \/>\n<meta property=\"og:type\" content=\"article\" \/>\n<meta property=\"og:title\" content=\"Granola de Am\u00eandoa &amp; Chia BIO PR\u00d3VIDA 200g\" \/>\n<meta property=\"og:description\" content=\"DESCRI\u00c7\u00c3O Granola com Am\u00eandoa e Sementes de Chia BIO 200g. Pr\u00f3vida. Deliciosa granola biol\u00f3gica \u00e0 base de cereais integrais. Ingredientes:Flocos de AVEIA integral* (53,1%), a\u00e7\u00facar de cana*, \u00f3leo de girassol alto oleico*, sementes de chia* (6,6%) (Salvia hispanica), quinoa extrudida * (5,5%) (farinha de quinoa*, farinha de arroz*, farinha de milho*, a\u00e7\u00facar de cana*, sal), sementes de girassol* (4,7%), millet expandido* (3,7%), AM\u00caNDOA laminada* (2%), a\u00e7\u00facar queimado*. *de produ\u00e7\u00e3o biol\u00f3gica. Poder\u00e1 conter vest\u00edgios de soja e leite. PT-BIO-04 Origem: UE\/n\u00e3o UE. DADOS NUTRICIONAIS Declara\u00e7\u00e3o Nutricional por 100g- Energia - 1812kJ\/432kcal; L\u00edpidos - 16g, dos quais saturados - 1,5g; Hidratos de Carbono - 58g, dos quais a\u00e7\u00facares - 18g; Fibra - 8,1g; Prote\u00ednas - 11,g; Sal - 0,02g. MODO DE UTILIZA\u00c7\u00c3O Prontos a consumir. Adicionados a leite ou bebidas de cereais ou como ingrediente na elabora\u00e7\u00e3o de bolos, sobremesas, gelatinas, gelados, cremes entre outras. CONSERVAR EM LOCAL SECO E FRESCO.\" \/>\n<meta property=\"og:url\" content=\"https:\/\/biocabaz.pt\/web\/produto\/granola-de-amendoa-chia-bio-provida-200g\/\" \/>\n<meta property=\"og:site_name\" content=\"BIOCABAZ - CABAZES BIOL\u00d3GICOS\" \/>\n<meta property=\"article:modified_time\" content=\"2024-08-02T09:04:31+00:00\" \/>\n<meta property=\"og:image\" content=\"https:\/\/www.biocabaz.pt\/web\/wp-conteudos\/uploads\/2022\/01\/granola-de-amendoa-chia-bio-provida-200g.jpg\" \/>\n\t<meta property=\"og:image:width\" content=\"326\" \/>\n\t<meta property=\"og:image:height\" content=\"300\" \/>\n\t<meta property=\"og:image:type\" content=\"image\/jpeg\" \/>\n<meta name=\"twitter:card\" content=\"summary_large_image\" \/>\n<script type=\"application\/ld+json\" class=\"yoast-schema-graph\">{\"@context\":\"https:\/\/schema.org\",\"@graph\":[{\"@type\":\"WebPage\",\"@id\":\"https:\/\/biocabaz.pt\/web\/produto\/granola-de-amendoa-chia-bio-provida-200g\/\",\"url\":\"https:\/\/biocabaz.pt\/web\/produto\/granola-de-amendoa-chia-bio-provida-200g\/\",\"name\":\"Granola de Am\u00eandoa & Chia BIO PR\u00d3VIDA 200g\",\"isPartOf\":{\"@id\":\"https:\/\/biocabaz.pt\/web\/en\/#website\"},\"primaryImageOfPage\":{\"@id\":\"https:\/\/biocabaz.pt\/web\/produto\/granola-de-amendoa-chia-bio-provida-200g\/#primaryimage\"},\"image\":{\"@id\":\"https:\/\/biocabaz.pt\/web\/produto\/granola-de-amendoa-chia-bio-provida-200g\/#primaryimage\"},\"thumbnailUrl\":\"https:\/\/www.biocabaz.pt\/web\/wp-conteudos\/uploads\/2022\/01\/granola-de-amendoa-chia-bio-provida-200g.jpg\",\"datePublished\":\"2022-01-14T10:24:58+00:00\",\"dateModified\":\"2024-08-02T09:04:31+00:00\",\"breadcrumb\":{\"@id\":\"https:\/\/biocabaz.pt\/web\/produto\/granola-de-amendoa-chia-bio-provida-200g\/#breadcrumb\"},\"inLanguage\":\"pt-PT\",\"potentialAction\":[{\"@type\":\"ReadAction\",\"target\":[\"https:\/\/biocabaz.pt\/web\/produto\/granola-de-amendoa-chia-bio-provida-200g\/\"]}]},{\"@type\":\"ImageObject\",\"inLanguage\":\"pt-PT\",\"@id\":\"https:\/\/biocabaz.pt\/web\/produto\/granola-de-amendoa-chia-bio-provida-200g\/#primaryimage\",\"url\":\"https:\/\/www.biocabaz.pt\/web\/wp-conteudos\/uploads\/2022\/01\/granola-de-amendoa-chia-bio-provida-200g.jpg\",\"contentUrl\":\"https:\/\/www.biocabaz.pt\/web\/wp-conteudos\/uploads\/2022\/01\/granola-de-amendoa-chia-bio-provida-200g.jpg\",\"width\":326,\"height\":300,\"caption\":\"Granola de Am\u00eandoa & Chia BIO PR\u00d3VIDA 200g\"},{\"@type\":\"BreadcrumbList\",\"@id\":\"https:\/\/biocabaz.pt\/web\/produto\/granola-de-amendoa-chia-bio-provida-200g\/#breadcrumb\",\"itemListElement\":[{\"@type\":\"ListItem\",\"position\":1,\"name\":\"Home\",\"item\":\"https:\/\/biocabaz.pt\/web\/en\/\"},{\"@type\":\"ListItem\",\"position\":2,\"name\":\"Shop\",\"item\":\"https:\/\/biocabaz.pt\/web\/en\/shop\/\"},{\"@type\":\"ListItem\",\"position\":3,\"name\":\"Granola de Am\u00eandoa &#038; Chia BIO PR\u00d3VIDA 200g\"}]},{\"@type\":\"WebSite\",\"@id\":\"https:\/\/biocabaz.pt\/web\/en\/#website\",\"url\":\"https:\/\/biocabaz.pt\/web\/en\/\",\"name\":\"BIOCABAZ - CABAZES BIOL\u00d3GICOS\",\"description\":\"O melhor que a terra d\u00e1 \u00e9 para si\",\"potentialAction\":[{\"@type\":\"SearchAction\",\"target\":{\"@type\":\"EntryPoint\",\"urlTemplate\":\"https:\/\/biocabaz.pt\/web\/en\/?s={search_term_string}\"},\"query-input\":{\"@type\":\"PropertyValueSpecification\",\"valueRequired\":true,\"valueName\":\"search_term_string\"}}],\"inLanguage\":\"pt-PT\"}]}<\/script>\n<!-- \/ Yoast SEO plugin. -->","yoast_head_json":{"title":"Granola de Am\u00eandoa & Chia BIO PR\u00d3VIDA 200g","robots":{"index":"index","follow":"follow","max-snippet":"max-snippet:-1","max-image-preview":"max-image-preview:large","max-video-preview":"max-video-preview:-1"},"canonical":"https:\/\/biocabaz.pt\/web\/produto\/granola-de-amendoa-chia-bio-provida-200g\/","og_locale":"pt_PT","og_type":"article","og_title":"[:en]Granola de Am\u00eandoa & Chia BIO PR\u00d3VIDA 200g[:pt]Granola de Am\u00eandoa & Chia BIO PR\u00d3VIDA 200g[:] - BIOCABAZ - CABAZES BIOL\u00d3GICOS","og_description":"DESCRI\u00c7\u00c3O Granola com Am\u00eandoa e Sementes de Chia BIO 200g. Pr\u00f3vida. Deliciosa granola biol\u00f3gica \u00e0 base de cereais integrais. Ingredientes:Flocos de AVEIA integral* (53,1%), a\u00e7\u00facar de cana*, \u00f3leo de girassol alto oleico*, sementes de chia* (6,6%) (Salvia hispanica), quinoa extrudida * (5,5%) (farinha de quinoa*, farinha de arroz*, farinha de milho*, a\u00e7\u00facar de cana*, sal), sementes de girassol* (4,7%), millet expandido* (3,7%), AM\u00caNDOA laminada* (2%), a\u00e7\u00facar queimado*. *de produ\u00e7\u00e3o biol\u00f3gica. Poder\u00e1 conter vest\u00edgios de soja e leite. PT-BIO-04 Origem: UE\/n\u00e3o UE. DADOS NUTRICIONAIS Declara\u00e7\u00e3o Nutricional por 100g- Energia - 1812kJ\/432kcal; L\u00edpidos - 16g, dos quais saturados - 1,5g; Hidratos de Carbono - 58g, dos quais a\u00e7\u00facares - 18g; Fibra - 8,1g; Prote\u00ednas - 11,g; Sal - 0,02g. MODO DE UTILIZA\u00c7\u00c3O Prontos a consumir. Adicionados a leite ou bebidas de cereais ou como ingrediente na elabora\u00e7\u00e3o de bolos, sobremesas, gelatinas, gelados, cremes entre outras. CONSERVAR EM LOCAL SECO E FRESCO.","og_url":"https:\/\/biocabaz.pt\/web\/produto\/granola-de-amendoa-chia-bio-provida-200g\/","og_site_name":"BIOCABAZ - CABAZES BIOL\u00d3GICOS","article_modified_time":"2024-08-02T09:04:31+00:00","og_image":[{"width":326,"height":300,"url":"https:\/\/www.biocabaz.pt\/web\/wp-conteudos\/uploads\/2022\/01\/granola-de-amendoa-chia-bio-provida-200g.jpg","type":"image\/jpeg"}],"twitter_card":"summary_large_image","schema":{"@context":"https:\/\/schema.org","@graph":[{"@type":"WebPage","@id":"https:\/\/biocabaz.pt\/web\/produto\/granola-de-amendoa-chia-bio-provida-200g\/","url":"https:\/\/biocabaz.pt\/web\/produto\/granola-de-amendoa-chia-bio-provida-200g\/","name":"Granola de Am\u00eandoa & Chia BIO PR\u00d3VIDA 200g","isPartOf":{"@id":"https:\/\/biocabaz.pt\/web\/en\/#website"},"primaryImageOfPage":{"@id":"https:\/\/biocabaz.pt\/web\/produto\/granola-de-amendoa-chia-bio-provida-200g\/#primaryimage"},"image":{"@id":"https:\/\/biocabaz.pt\/web\/produto\/granola-de-amendoa-chia-bio-provida-200g\/#primaryimage"},"thumbnailUrl":"https:\/\/www.biocabaz.pt\/web\/wp-conteudos\/uploads\/2022\/01\/granola-de-amendoa-chia-bio-provida-200g.jpg","datePublished":"2022-01-14T10:24:58+00:00","dateModified":"2024-08-02T09:04:31+00:00","breadcrumb":{"@id":"https:\/\/biocabaz.pt\/web\/produto\/granola-de-amendoa-chia-bio-provida-200g\/#breadcrumb"},"inLanguage":"pt-PT","potentialAction":[{"@type":"ReadAction","target":["https:\/\/biocabaz.pt\/web\/produto\/granola-de-amendoa-chia-bio-provida-200g\/"]}]},{"@type":"ImageObject","inLanguage":"pt-PT","@id":"https:\/\/biocabaz.pt\/web\/produto\/granola-de-amendoa-chia-bio-provida-200g\/#primaryimage","url":"https:\/\/www.biocabaz.pt\/web\/wp-conteudos\/uploads\/2022\/01\/granola-de-amendoa-chia-bio-provida-200g.jpg","contentUrl":"https:\/\/www.biocabaz.pt\/web\/wp-conteudos\/uploads\/2022\/01\/granola-de-amendoa-chia-bio-provida-200g.jpg","width":326,"height":300,"caption":"Granola de Am\u00eandoa & Chia BIO PR\u00d3VIDA 200g"},{"@type":"BreadcrumbList","@id":"https:\/\/biocabaz.pt\/web\/produto\/granola-de-amendoa-chia-bio-provida-200g\/#breadcrumb","itemListElement":[{"@type":"ListItem","position":1,"name":"Home","item":"https:\/\/biocabaz.pt\/web\/en\/"},{"@type":"ListItem","position":2,"name":"Shop","item":"https:\/\/biocabaz.pt\/web\/en\/shop\/"},{"@type":"ListItem","position":3,"name":"Granola de Am\u00eandoa &#038; Chia BIO PR\u00d3VIDA 200g"}]},{"@type":"WebSite","@id":"https:\/\/biocabaz.pt\/web\/en\/#website","url":"https:\/\/biocabaz.pt\/web\/en\/","name":"BIOCABAZ - CABAZES BIOL\u00d3GICOS","description":"O melhor que a terra d\u00e1 \u00e9 para si","potentialAction":[{"@type":"SearchAction","target":{"@type":"EntryPoint","urlTemplate":"https:\/\/biocabaz.pt\/web\/en\/?s={search_term_string}"},"query-input":{"@type":"PropertyValueSpecification","valueRequired":true,"valueName":"search_term_string"}}],"inLanguage":"pt-PT"}]}},"_links":{"self":[{"href":"https:\/\/biocabaz.pt\/web\/wp-json\/wp\/v2\/product\/80754","targetHints":{"allow":["GET"]}}],"collection":[{"href":"https:\/\/biocabaz.pt\/web\/wp-json\/wp\/v2\/product"}],"about":[{"href":"https:\/\/biocabaz.pt\/web\/wp-json\/wp\/v2\/types\/product"}],"replies":[{"embeddable":true,"href":"https:\/\/biocabaz.pt\/web\/wp-json\/wp\/v2\/comments?post=80754"}],"wp:featuredmedia":[{"embeddable":true,"href":"https:\/\/biocabaz.pt\/web\/wp-json\/wp\/v2\/media\/80755"}],"wp:attachment":[{"href":"https:\/\/biocabaz.pt\/web\/wp-json\/wp\/v2\/media?parent=80754"}],"wp:term":[{"taxonomy":"product_cat","embeddable":true,"href":"https:\/\/biocabaz.pt\/web\/wp-json\/wp\/v2\/product_cat?post=80754"},{"taxonomy":"product_tag","embeddable":true,"href":"https:\/\/biocabaz.pt\/web\/wp-json\/wp\/v2\/product_tag?post=80754"}],"curies":[{"name":"wp","href":"https:\/\/api.w.org\/{rel}","templated":true}]}}