{"id":80587,"date":"2022-01-10T20:22:07","date_gmt":"2022-01-10T20:22:07","guid":{"rendered":"https:\/\/www.biocabaz.pt\/web\/?post_type=product&#038;p=80587"},"modified":"2022-12-30T11:47:53","modified_gmt":"2022-12-30T11:47:53","slug":"candida-support-90-capsulas-vegetais-now","status":"publish","type":"product","link":"https:\/\/biocabaz.pt\/web\/produto\/candida-support-90-capsulas-vegetais-now\/","title":{"rendered":"Candida Support 90 c\u00e1psulas vegetais &#8211; Now"},"content":{"rendered":"","protected":false},"excerpt":{"rendered":"<p><strong>Descri\u00e7\u00e3o<\/strong><br \/>\nIndicado para o Sistema Digestivo<\/p>\n<p>Candida Suport \u00e9 indicado para equilibrar as bact\u00e9rias intestinais mantendo a flora intestinal saud\u00e1vel.<\/p>\n<p>C\u00e2ndida albicans \u00e9 um fungo natural que normalmente reside no intestino como parte da flora normal do intestino.<\/p>\n<p>Suporte Candida \u00e9 uma combina\u00e7\u00e3o de ingredientes tradicionais \u00e0 base de plantas (Pau D\u00b4Arco, Black Walnut e \u00f3leo de or\u00e9gano), Biotina (uma vitamina do complexo B) e \u00e1cido capr\u00edlico (um \u00e1cido graxo que ocorre naturalmente derivado de \u00f3leos vegetais), que pode ajudar a apoiar um equil\u00edbrio saud\u00e1vel das bact\u00e9rias intestinais.<\/p>\n<p><strong>APRESENTA\u00c7\u00c3O<\/strong><br \/>\n90 C\u00e1psulas.<br \/>\n<strong>BENEF\u00cdCIOS<\/strong><br \/>\nEquil\u00edbrio saud\u00e1vel das bact\u00e9rias intestinais;<br \/>\nEquil\u00edbrio saud\u00e1vel da flora intestinal.<br \/>\n<strong>PRINC\u00cdPIOS ATIVOS<\/strong><br \/>\nValores por 2 c\u00e1psulas: Biotina &#8211; 2.000 mcg (667% D.D.R.*); Magn\u00e9sio (a partir Magn\u00e9sio Caprilato) &#8211; 45 mg (11% D.D.R.*); \u00c1cido capr\u00edlico (a partir Magn\u00e9sio Caprilato) &#8211; 500 mg; Pau D&#8217;Arco (Tabebuia impetiginosa) (Casca) &#8211; 300 mg; Black Walnut (Juglans nigra) (Hull) &#8211; 300 mg; \u00d3leo de or\u00e9gano em p\u00f3 (Origanum vulgare) &#8211; 200 mg *D.D.R. Dose Di\u00e1ria Recomendada<br \/>\n<strong>CONSELHOS DE UTILIZA\u00c7\u00c3O<\/strong><br \/>\nComo um suplemento alimentar, tomar 2 c\u00e1psulas duas vezes ao dia.<\/p>\n<p><strong>ADVERT\u00caNCIAS<\/strong><br \/>\nN\u00e3o fabricado com trigo, gl\u00faten, soja, leite, ovos, peixe ou marisco ingredientes;<br \/>\nConsultar o m\u00e9dico se estiver gr\u00e1vida\/amamentar, tomar medica\u00e7\u00e3o;<br \/>\nManter fora do alcance das crian\u00e7as.<\/p>\n","protected":false},"featured_media":80588,"comment_status":"closed","ping_status":"closed","template":"","meta":[],"product_cat":[88],"product_tag":[],"class_list":["post-80587","product","type-product","status-publish","has-post-thumbnail","hentry","product_cat-suplementos"],"bundle_layout":"","bundled_by":[],"bundled_items":[],"yoast_head":"<!-- This site is optimized with the Yoast SEO plugin v26.3 - https:\/\/yoast.com\/wordpress\/plugins\/seo\/ -->\n<title>Candida Support 90 c\u00e1psulas vegetais - Now<\/title>\n<meta name=\"robots\" content=\"index, follow, max-snippet:-1, max-image-preview:large, max-video-preview:-1\" \/>\n<link rel=\"canonical\" href=\"https:\/\/biocabaz.pt\/web\/produto\/candida-support-90-capsulas-vegetais-now\/\" \/>\n<meta property=\"og:locale\" content=\"pt_PT\" \/>\n<meta property=\"og:locale:alternate\" content=\"en_US\" \/>\n<meta property=\"og:type\" content=\"article\" \/>\n<meta property=\"og:title\" content=\"Candida Support 90 c\u00e1psulas vegetais - Now\" \/>\n<meta property=\"og:description\" content=\"Descri\u00e7\u00e3o Indicado para o Sistema Digestivo  Candida Suport \u00e9 indicado para equilibrar as bact\u00e9rias intestinais mantendo a flora intestinal saud\u00e1vel.  C\u00e2ndida albicans \u00e9 um fungo natural que normalmente reside no intestino como parte da flora normal do intestino.  Suporte Candida \u00e9 uma combina\u00e7\u00e3o de ingredientes tradicionais \u00e0 base de plantas (Pau D\u00b4Arco, Black Walnut e \u00f3leo de or\u00e9gano), Biotina (uma vitamina do complexo B) e \u00e1cido capr\u00edlico (um \u00e1cido graxo que ocorre naturalmente derivado de \u00f3leos vegetais), que pode ajudar a apoiar um equil\u00edbrio saud\u00e1vel das bact\u00e9rias intestinais.  APRESENTA\u00c7\u00c3O 90 C\u00e1psulas. BENEF\u00cdCIOS Equil\u00edbrio saud\u00e1vel das bact\u00e9rias intestinais; Equil\u00edbrio saud\u00e1vel da flora intestinal. PRINC\u00cdPIOS ATIVOS Valores por 2 c\u00e1psulas: Biotina - 2.000 mcg (667% D.D.R.*); Magn\u00e9sio (a partir Magn\u00e9sio Caprilato) - 45 mg (11% D.D.R.*); \u00c1cido capr\u00edlico (a partir Magn\u00e9sio Caprilato) - 500 mg; Pau D&#039;Arco (Tabebuia impetiginosa) (Casca) - 300 mg; Black Walnut (Juglans nigra) (Hull) - 300 mg; \u00d3leo de or\u00e9gano em p\u00f3 (Origanum vulgare) - 200 mg *D.D.R. Dose Di\u00e1ria Recomendada CONSELHOS DE UTILIZA\u00c7\u00c3O Como um suplemento alimentar, tomar 2 c\u00e1psulas duas vezes ao dia.  ADVERT\u00caNCIAS N\u00e3o fabricado com trigo, gl\u00faten, soja, leite, ovos, peixe ou marisco ingredientes; Consultar o m\u00e9dico se estiver gr\u00e1vida\/amamentar, tomar medica\u00e7\u00e3o; Manter fora do alcance das crian\u00e7as.\" \/>\n<meta property=\"og:url\" content=\"https:\/\/biocabaz.pt\/web\/produto\/candida-support-90-capsulas-vegetais-now\/\" \/>\n<meta property=\"og:site_name\" content=\"BIOCABAZ - CABAZES BIOL\u00d3GICOS\" \/>\n<meta property=\"article:modified_time\" content=\"2022-12-30T11:47:53+00:00\" \/>\n<meta property=\"og:image\" content=\"https:\/\/www.biocabaz.pt\/web\/wp-conteudos\/uploads\/2022\/01\/candida-support-90-capsulas-vegetais-now.jpg\" \/>\n\t<meta property=\"og:image:width\" content=\"1000\" \/>\n\t<meta property=\"og:image:height\" content=\"1000\" \/>\n\t<meta property=\"og:image:type\" content=\"image\/jpeg\" \/>\n<meta name=\"twitter:card\" content=\"summary_large_image\" \/>\n<script type=\"application\/ld+json\" class=\"yoast-schema-graph\">{\"@context\":\"https:\/\/schema.org\",\"@graph\":[{\"@type\":\"WebPage\",\"@id\":\"https:\/\/biocabaz.pt\/web\/produto\/candida-support-90-capsulas-vegetais-now\/\",\"url\":\"https:\/\/biocabaz.pt\/web\/produto\/candida-support-90-capsulas-vegetais-now\/\",\"name\":\"Candida Support 90 c\u00e1psulas vegetais - Now\",\"isPartOf\":{\"@id\":\"https:\/\/www.biocabaz.pt\/web\/en\/#website\"},\"primaryImageOfPage\":{\"@id\":\"https:\/\/biocabaz.pt\/web\/produto\/candida-support-90-capsulas-vegetais-now\/#primaryimage\"},\"image\":{\"@id\":\"https:\/\/biocabaz.pt\/web\/produto\/candida-support-90-capsulas-vegetais-now\/#primaryimage\"},\"thumbnailUrl\":\"https:\/\/www.biocabaz.pt\/web\/wp-conteudos\/uploads\/2022\/01\/candida-support-90-capsulas-vegetais-now.jpg\",\"datePublished\":\"2022-01-10T20:22:07+00:00\",\"dateModified\":\"2022-12-30T11:47:53+00:00\",\"breadcrumb\":{\"@id\":\"https:\/\/biocabaz.pt\/web\/produto\/candida-support-90-capsulas-vegetais-now\/#breadcrumb\"},\"inLanguage\":\"pt-PT\",\"potentialAction\":[{\"@type\":\"ReadAction\",\"target\":[\"https:\/\/biocabaz.pt\/web\/produto\/candida-support-90-capsulas-vegetais-now\/\"]}]},{\"@type\":\"ImageObject\",\"inLanguage\":\"pt-PT\",\"@id\":\"https:\/\/biocabaz.pt\/web\/produto\/candida-support-90-capsulas-vegetais-now\/#primaryimage\",\"url\":\"https:\/\/www.biocabaz.pt\/web\/wp-conteudos\/uploads\/2022\/01\/candida-support-90-capsulas-vegetais-now.jpg\",\"contentUrl\":\"https:\/\/www.biocabaz.pt\/web\/wp-conteudos\/uploads\/2022\/01\/candida-support-90-capsulas-vegetais-now.jpg\",\"width\":1000,\"height\":1000,\"caption\":\"Candida Support 90 c\u00e1psulas vegetais - Now\"},{\"@type\":\"BreadcrumbList\",\"@id\":\"https:\/\/biocabaz.pt\/web\/produto\/candida-support-90-capsulas-vegetais-now\/#breadcrumb\",\"itemListElement\":[{\"@type\":\"ListItem\",\"position\":1,\"name\":\"Home\",\"item\":\"https:\/\/www.biocabaz.pt\/web\/en\/\"},{\"@type\":\"ListItem\",\"position\":2,\"name\":\"Shop\",\"item\":\"https:\/\/www.biocabaz.pt\/web\/en\/shop\/\"},{\"@type\":\"ListItem\",\"position\":3,\"name\":\"Candida Support 90 c\u00e1psulas vegetais &#8211; Now\"}]},{\"@type\":\"WebSite\",\"@id\":\"https:\/\/www.biocabaz.pt\/web\/en\/#website\",\"url\":\"https:\/\/www.biocabaz.pt\/web\/en\/\",\"name\":\"BIOCABAZ - CABAZES BIOL\u00d3GICOS\",\"description\":\"O melhor que a terra d\u00e1 \u00e9 para si\",\"potentialAction\":[{\"@type\":\"SearchAction\",\"target\":{\"@type\":\"EntryPoint\",\"urlTemplate\":\"https:\/\/www.biocabaz.pt\/web\/en\/?s={search_term_string}\"},\"query-input\":{\"@type\":\"PropertyValueSpecification\",\"valueRequired\":true,\"valueName\":\"search_term_string\"}}],\"inLanguage\":\"pt-PT\"}]}<\/script>\n<!-- \/ Yoast SEO plugin. -->","yoast_head_json":{"title":"Candida Support 90 c\u00e1psulas vegetais - Now","robots":{"index":"index","follow":"follow","max-snippet":"max-snippet:-1","max-image-preview":"max-image-preview:large","max-video-preview":"max-video-preview:-1"},"canonical":"https:\/\/biocabaz.pt\/web\/produto\/candida-support-90-capsulas-vegetais-now\/","og_locale":"pt_PT","og_type":"article","og_title":"[:pt]Candida Support 90 c\u00e1psulas vegetais - Now[:] - BIOCABAZ - CABAZES BIOL\u00d3GICOS","og_description":"Descri\u00e7\u00e3o Indicado para o Sistema Digestivo  Candida Suport \u00e9 indicado para equilibrar as bact\u00e9rias intestinais mantendo a flora intestinal saud\u00e1vel.  C\u00e2ndida albicans \u00e9 um fungo natural que normalmente reside no intestino como parte da flora normal do intestino.  Suporte Candida \u00e9 uma combina\u00e7\u00e3o de ingredientes tradicionais \u00e0 base de plantas (Pau D\u00b4Arco, Black Walnut e \u00f3leo de or\u00e9gano), Biotina (uma vitamina do complexo B) e \u00e1cido capr\u00edlico (um \u00e1cido graxo que ocorre naturalmente derivado de \u00f3leos vegetais), que pode ajudar a apoiar um equil\u00edbrio saud\u00e1vel das bact\u00e9rias intestinais.  APRESENTA\u00c7\u00c3O 90 C\u00e1psulas. BENEF\u00cdCIOS Equil\u00edbrio saud\u00e1vel das bact\u00e9rias intestinais; Equil\u00edbrio saud\u00e1vel da flora intestinal. PRINC\u00cdPIOS ATIVOS Valores por 2 c\u00e1psulas: Biotina - 2.000 mcg (667% D.D.R.*); Magn\u00e9sio (a partir Magn\u00e9sio Caprilato) - 45 mg (11% D.D.R.*); \u00c1cido capr\u00edlico (a partir Magn\u00e9sio Caprilato) - 500 mg; Pau D'Arco (Tabebuia impetiginosa) (Casca) - 300 mg; Black Walnut (Juglans nigra) (Hull) - 300 mg; \u00d3leo de or\u00e9gano em p\u00f3 (Origanum vulgare) - 200 mg *D.D.R. Dose Di\u00e1ria Recomendada CONSELHOS DE UTILIZA\u00c7\u00c3O Como um suplemento alimentar, tomar 2 c\u00e1psulas duas vezes ao dia.  ADVERT\u00caNCIAS N\u00e3o fabricado com trigo, gl\u00faten, soja, leite, ovos, peixe ou marisco ingredientes; Consultar o m\u00e9dico se estiver gr\u00e1vida\/amamentar, tomar medica\u00e7\u00e3o; Manter fora do alcance das crian\u00e7as.","og_url":"https:\/\/biocabaz.pt\/web\/produto\/candida-support-90-capsulas-vegetais-now\/","og_site_name":"BIOCABAZ - CABAZES BIOL\u00d3GICOS","article_modified_time":"2022-12-30T11:47:53+00:00","og_image":[{"width":1000,"height":1000,"url":"https:\/\/www.biocabaz.pt\/web\/wp-conteudos\/uploads\/2022\/01\/candida-support-90-capsulas-vegetais-now.jpg","type":"image\/jpeg"}],"twitter_card":"summary_large_image","schema":{"@context":"https:\/\/schema.org","@graph":[{"@type":"WebPage","@id":"https:\/\/biocabaz.pt\/web\/produto\/candida-support-90-capsulas-vegetais-now\/","url":"https:\/\/biocabaz.pt\/web\/produto\/candida-support-90-capsulas-vegetais-now\/","name":"Candida Support 90 c\u00e1psulas vegetais - Now","isPartOf":{"@id":"https:\/\/www.biocabaz.pt\/web\/en\/#website"},"primaryImageOfPage":{"@id":"https:\/\/biocabaz.pt\/web\/produto\/candida-support-90-capsulas-vegetais-now\/#primaryimage"},"image":{"@id":"https:\/\/biocabaz.pt\/web\/produto\/candida-support-90-capsulas-vegetais-now\/#primaryimage"},"thumbnailUrl":"https:\/\/www.biocabaz.pt\/web\/wp-conteudos\/uploads\/2022\/01\/candida-support-90-capsulas-vegetais-now.jpg","datePublished":"2022-01-10T20:22:07+00:00","dateModified":"2022-12-30T11:47:53+00:00","breadcrumb":{"@id":"https:\/\/biocabaz.pt\/web\/produto\/candida-support-90-capsulas-vegetais-now\/#breadcrumb"},"inLanguage":"pt-PT","potentialAction":[{"@type":"ReadAction","target":["https:\/\/biocabaz.pt\/web\/produto\/candida-support-90-capsulas-vegetais-now\/"]}]},{"@type":"ImageObject","inLanguage":"pt-PT","@id":"https:\/\/biocabaz.pt\/web\/produto\/candida-support-90-capsulas-vegetais-now\/#primaryimage","url":"https:\/\/www.biocabaz.pt\/web\/wp-conteudos\/uploads\/2022\/01\/candida-support-90-capsulas-vegetais-now.jpg","contentUrl":"https:\/\/www.biocabaz.pt\/web\/wp-conteudos\/uploads\/2022\/01\/candida-support-90-capsulas-vegetais-now.jpg","width":1000,"height":1000,"caption":"Candida Support 90 c\u00e1psulas vegetais - Now"},{"@type":"BreadcrumbList","@id":"https:\/\/biocabaz.pt\/web\/produto\/candida-support-90-capsulas-vegetais-now\/#breadcrumb","itemListElement":[{"@type":"ListItem","position":1,"name":"Home","item":"https:\/\/www.biocabaz.pt\/web\/en\/"},{"@type":"ListItem","position":2,"name":"Shop","item":"https:\/\/www.biocabaz.pt\/web\/en\/shop\/"},{"@type":"ListItem","position":3,"name":"Candida Support 90 c\u00e1psulas vegetais &#8211; Now"}]},{"@type":"WebSite","@id":"https:\/\/www.biocabaz.pt\/web\/en\/#website","url":"https:\/\/www.biocabaz.pt\/web\/en\/","name":"BIOCABAZ - CABAZES BIOL\u00d3GICOS","description":"O melhor que a terra d\u00e1 \u00e9 para si","potentialAction":[{"@type":"SearchAction","target":{"@type":"EntryPoint","urlTemplate":"https:\/\/www.biocabaz.pt\/web\/en\/?s={search_term_string}"},"query-input":{"@type":"PropertyValueSpecification","valueRequired":true,"valueName":"search_term_string"}}],"inLanguage":"pt-PT"}]}},"_links":{"self":[{"href":"https:\/\/biocabaz.pt\/web\/wp-json\/wp\/v2\/product\/80587","targetHints":{"allow":["GET"]}}],"collection":[{"href":"https:\/\/biocabaz.pt\/web\/wp-json\/wp\/v2\/product"}],"about":[{"href":"https:\/\/biocabaz.pt\/web\/wp-json\/wp\/v2\/types\/product"}],"replies":[{"embeddable":true,"href":"https:\/\/biocabaz.pt\/web\/wp-json\/wp\/v2\/comments?post=80587"}],"wp:featuredmedia":[{"embeddable":true,"href":"https:\/\/biocabaz.pt\/web\/wp-json\/wp\/v2\/media\/80588"}],"wp:attachment":[{"href":"https:\/\/biocabaz.pt\/web\/wp-json\/wp\/v2\/media?parent=80587"}],"wp:term":[{"taxonomy":"product_cat","embeddable":true,"href":"https:\/\/biocabaz.pt\/web\/wp-json\/wp\/v2\/product_cat?post=80587"},{"taxonomy":"product_tag","embeddable":true,"href":"https:\/\/biocabaz.pt\/web\/wp-json\/wp\/v2\/product_tag?post=80587"}],"curies":[{"name":"wp","href":"https:\/\/api.w.org\/{rel}","templated":true}]}}