{"id":80585,"date":"2022-01-10T20:14:48","date_gmt":"2022-01-10T20:14:48","guid":{"rendered":"https:\/\/www.biocabaz.pt\/web\/?post_type=product&#038;p=80585"},"modified":"2022-12-30T11:48:41","modified_gmt":"2022-12-30T11:48:41","slug":"oregano-oil-90-capsulas-now","status":"publish","type":"product","link":"https:\/\/biocabaz.pt\/web\/produto\/oregano-oil-90-capsulas-now\/","title":{"rendered":"OREGANO OIL \u2013 90 C\u00c1PSULAS \u2013 NOW"},"content":{"rendered":"","protected":false},"excerpt":{"rendered":"<p>Oregano Oil (\u00d3leo de Oreg\u00e3o + \u00d3leo Gengibre + \u00d3leo Funcho), 90 c\u00e1psulas moles, da Now\u00ae Foods<br \/>\n\u2013 Potente ac\u00e7\u00e3o anti-parasit\u00e1ria \u2013 o \u00d3leo de Or\u00e9g\u00e3o provoca um dano fatal na estrutura do parasita impedindo a prolifera\u00e7\u00e3o da infec\u00e7\u00e3o;<br \/>\n\u2013 Num estudo foi administrado \u00d3leo de Or\u00e9g\u00e3o a 14 adultos cujas an\u00e1lises parasit\u00e1rias revelaram resultados positivos para Blastocystis hominis, Entamoeba hartamanni e Endomilax nana. Ap\u00f3s 6 semanas de suplementa\u00e7\u00e3o ocorreu a elimina\u00e7\u00e3o completa dos parasitas em 8 casos e uma redu\u00e7\u00e3o do seu n\u00famero em outros 3 casos;<br \/>\n\u2013 Com \u00d3leo de Gengibre, que alivia os sintomas de diarreia e flatul\u00eancia;<br \/>\n\u2013 Com \u00d3leo de Funcho, que tem uma ac\u00e7\u00e3o calmante e purificadora a n\u00edvel do Intestino ajudando a aliviar a pris\u00e3o de ventre e a flatul\u00eancia.<\/p>\n<p>M\u00ednimo 55% de Carvacrol (inibe o crescimento de v\u00e1rias bact\u00e9rias), tem propriedades anti-inflamat\u00f3rias e antis\u00e9pticas, antibacterianas, antivirais e antif\u00fangicas. Alivia a indigest\u00e3o, distens\u00e3o abdominal e a flatul\u00eancia. \u00c9 100% Natural, clinicamente testado e tem um revestimento ent\u00e9rico (resiste \u00e0 acidez do suco g\u00e1strico, atingindo o Intestino inalterado).<\/p>\n<p>O Or\u00e9g\u00e3o, tamb\u00e9m conhecido como manjerona selvagem, \u00e9 uma erva culin\u00e1ria picante, arom\u00e1tica que \u00e9 conhecida pelos ervan\u00e1rios tradicionais h\u00e1 milhares de anos. Estudos cient\u00edficos mais recentes sugerem que \u00f3leo de or\u00e9g\u00e3o pode ajudar a manter o equil\u00edbrio da flora intestinal saud\u00e1vel. O \u00d3leo de Oreg\u00e3o da NOW \u00ae \u00e9 padronizado para garantir um m\u00ednimo de 55% carvacrol e as c\u00e1psulas s\u00e3o ent\u00e9ricas revestida de modo a que os conte\u00fados s\u00e3o liberados no intestino.<\/p>\n<p>Varia\u00e7\u00e3o de cor natural pode ocorrer neste produto.<\/p>\n<p>NOTA: Este produto n\u00e3o se destina a diagnosticar, tratar, curar ou prevenir qualquer doen\u00e7a.<\/p>\n<p>CARACTER\u00cdSTICAS<br \/>\nAPRESENTA\u00c7\u00c3O:<br \/>\nEmbalagem com 90 c\u00e1psulas moles.<\/p>\n<p>MODO DE TOMAR:<br \/>\nTomar 1 softgel, 1 a 3 vezes por dia, com as refei\u00e7\u00f5es.<\/p>\n<p>N\u00c3O CONT\u00c9M:<br \/>\nFermento, trigo, gl\u00faten, soja, leite, ovo, peixe ou marisco.<\/p>\n<p>RECOMENDA\u00c7\u00d5ES:<br \/>\nOs suplementos alimentares n\u00e3o devem ser utilizados como substitutos de um regime alimentar variado e equilibrado e de um modo de vida saud\u00e1vel. Manter fora do alcance e vis\u00e3o das crian\u00e7as. N\u00e3o exceder as dosagens recomendadas. Manter em local fresco e seco, ao abrigo da luz, calor e humidade.<\/p>\n<p>ADVERT\u00caNCIAS<br \/>\nApenas para adultos. Em caso de gravidez, se estiver a amamentar, se estiver a tomar medica\u00e7\u00e3o ou se tiver uma condi\u00e7\u00e3o m\u00e9dica, a toma deve ser feita sob indica\u00e7\u00e3o m\u00e9dica.<br \/>\nN\u00e3o tome este produto se \u00e9 al\u00e9rgico a or\u00e9g\u00e3o, erva-doce ou gengibre.<br \/>\nN\u00e3o utilizar em caso de hipersensibilidade, alergia e quando estejam descritas intera\u00e7\u00f5es de outro produto com qualquer um dos constituintes da formula\u00e7\u00e3o.<\/p>\n<p>INFORMA\u00c7\u00c3O NUTRICIONAL<br \/>\nPor 1 c\u00e1psula:<\/p>\n<p>\u00d3leo de or\u00e9g\u00e3os<\/p>\n<p>181 mg<\/p>\n<p>\u00d3leo de gengibre<\/p>\n<p>17,6 mg<\/p>\n<p>\u00d3leo de funcho<\/p>\n<p>Outros Ingredientes: C\u00e1psula de Softgel (gelatina, glicerina, \u00e1gua, revestimento ent\u00e9rico, alfarroba) e Azeite Extra Virgem.<\/p>\n<p>Informa\u00e7\u00f5es Nutricionais indicadas pelo fabricante, \u201cNow\u00ae Foods\u201d.<\/p>\n<p>19,3 mg<\/p>\n","protected":false},"featured_media":80586,"comment_status":"closed","ping_status":"closed","template":"","meta":[],"product_cat":[88],"product_tag":[],"class_list":["post-80585","product","type-product","status-publish","has-post-thumbnail","hentry","product_cat-suplementos"],"bundle_layout":"","bundled_by":[],"bundled_items":[],"yoast_head":"<!-- This site is optimized with the Yoast SEO plugin v26.3 - https:\/\/yoast.com\/wordpress\/plugins\/seo\/ -->\n<title>OREGANO OIL \u2013 90 C\u00c1PSULAS \u2013 NOW<\/title>\n<meta name=\"robots\" content=\"index, follow, max-snippet:-1, max-image-preview:large, max-video-preview:-1\" \/>\n<link rel=\"canonical\" href=\"https:\/\/www.biocabaz.pt\/web\/en\/produto\/oregano-oil-90-capsulas-now\/\" \/>\n<meta property=\"og:locale\" content=\"pt_PT\" \/>\n<meta property=\"og:locale:alternate\" content=\"en_US\" \/>\n<meta property=\"og:type\" content=\"article\" \/>\n<meta property=\"og:title\" content=\"OREGANO OIL \u2013 90 C\u00c1PSULAS \u2013 NOW\" \/>\n<meta property=\"og:description\" content=\"Oregano Oil (\u00d3leo de Oreg\u00e3o + \u00d3leo Gengibre + \u00d3leo Funcho), 90 c\u00e1psulas moles, da Now\u00ae Foods \u2013 Potente ac\u00e7\u00e3o anti-parasit\u00e1ria \u2013 o \u00d3leo de Or\u00e9g\u00e3o provoca um dano fatal na estrutura do parasita impedindo a prolifera\u00e7\u00e3o da infec\u00e7\u00e3o; \u2013 Num estudo foi administrado \u00d3leo de Or\u00e9g\u00e3o a 14 adultos cujas an\u00e1lises parasit\u00e1rias revelaram resultados positivos para Blastocystis hominis, Entamoeba hartamanni e Endomilax nana. Ap\u00f3s 6 semanas de suplementa\u00e7\u00e3o ocorreu a elimina\u00e7\u00e3o completa dos parasitas em 8 casos e uma redu\u00e7\u00e3o do seu n\u00famero em outros 3 casos; \u2013 Com \u00d3leo de Gengibre, que alivia os sintomas de diarreia e flatul\u00eancia; \u2013 Com \u00d3leo de Funcho, que tem uma ac\u00e7\u00e3o calmante e purificadora a n\u00edvel do Intestino ajudando a aliviar a pris\u00e3o de ventre e a flatul\u00eancia.  M\u00ednimo 55% de Carvacrol (inibe o crescimento de v\u00e1rias bact\u00e9rias), tem propriedades anti-inflamat\u00f3rias e antis\u00e9pticas, antibacterianas, antivirais e antif\u00fangicas. Alivia a indigest\u00e3o, distens\u00e3o abdominal e a flatul\u00eancia. \u00c9 100% Natural, clinicamente testado e tem um revestimento ent\u00e9rico (resiste \u00e0 acidez do suco g\u00e1strico, atingindo o Intestino inalterado).  O Or\u00e9g\u00e3o, tamb\u00e9m conhecido como manjerona selvagem, \u00e9 uma erva culin\u00e1ria picante, arom\u00e1tica que \u00e9 conhecida pelos ervan\u00e1rios tradicionais h\u00e1 milhares de anos. Estudos cient\u00edficos mais recentes sugerem que \u00f3leo de or\u00e9g\u00e3o pode ajudar a manter o equil\u00edbrio da flora intestinal saud\u00e1vel. O \u00d3leo de Oreg\u00e3o da NOW \u00ae \u00e9 padronizado para garantir um m\u00ednimo de 55% carvacrol e as c\u00e1psulas s\u00e3o ent\u00e9ricas revestida de modo a que os conte\u00fados s\u00e3o liberados no intestino.  Varia\u00e7\u00e3o de cor natural pode ocorrer neste produto.  NOTA: Este produto n\u00e3o se destina a diagnosticar, tratar, curar ou prevenir qualquer doen\u00e7a.  CARACTER\u00cdSTICAS APRESENTA\u00c7\u00c3O:  Embalagem com 90 c\u00e1psulas moles.  MODO DE TOMAR: Tomar 1 softgel, 1 a 3 vezes por dia, com as refei\u00e7\u00f5es.  N\u00c3O CONT\u00c9M: Fermento, trigo, gl\u00faten, soja, leite, ovo, peixe ou marisco.  RECOMENDA\u00c7\u00d5ES: Os suplementos alimentares n\u00e3o devem ser utilizados como substitutos de um regime alimentar variado e equilibrado e de um modo de vida saud\u00e1vel. Manter fora do alcance e vis\u00e3o das crian\u00e7as. N\u00e3o exceder as dosagens recomendadas. Manter em local fresco e seco, ao abrigo da luz, calor e humidade.   ADVERT\u00caNCIAS Apenas para adultos. Em caso de gravidez, se estiver a amamentar, se estiver a tomar medica\u00e7\u00e3o ou se tiver uma condi\u00e7\u00e3o m\u00e9dica, a toma deve ser feita sob indica\u00e7\u00e3o m\u00e9dica. N\u00e3o tome este produto se \u00e9 al\u00e9rgico a or\u00e9g\u00e3o, erva-doce ou gengibre. N\u00e3o utilizar em caso de hipersensibilidade, alergia e quando estejam descritas intera\u00e7\u00f5es de outro produto com qualquer um dos constituintes da formula\u00e7\u00e3o.  INFORMA\u00c7\u00c3O NUTRICIONAL Por 1 c\u00e1psula:  \u00d3leo de or\u00e9g\u00e3os  181 mg  \u00d3leo de gengibre  17,6 mg  \u00d3leo de funcho  Outros Ingredientes: C\u00e1psula de Softgel (gelatina, glicerina, \u00e1gua, revestimento ent\u00e9rico, alfarroba) e Azeite Extra Virgem.  Informa\u00e7\u00f5es Nutricionais indicadas pelo fabricante, \u201cNow\u00ae Foods\u201d.  19,3 mg\" \/>\n<meta property=\"og:url\" content=\"https:\/\/biocabaz.pt\/web\/produto\/oregano-oil-90-capsulas-now\/\" \/>\n<meta property=\"og:site_name\" content=\"BIOCABAZ - CABAZES BIOL\u00d3GICOS\" \/>\n<meta property=\"article:modified_time\" content=\"2022-12-30T11:48:41+00:00\" \/>\n<meta property=\"og:image\" content=\"https:\/\/www.biocabaz.pt\/web\/wp-conteudos\/uploads\/2022\/01\/oregano-oil-90-capsulas-now.jpg\" \/>\n\t<meta property=\"og:image:width\" content=\"637\" \/>\n\t<meta property=\"og:image:height\" content=\"800\" \/>\n\t<meta property=\"og:image:type\" content=\"image\/jpeg\" \/>\n<meta name=\"twitter:card\" content=\"summary_large_image\" \/>\n<script type=\"application\/ld+json\" class=\"yoast-schema-graph\">{\"@context\":\"https:\/\/schema.org\",\"@graph\":[{\"@type\":\"WebPage\",\"@id\":\"https:\/\/www.biocabaz.pt\/web\/en\/produto\/oregano-oil-90-capsulas-now\/\",\"url\":\"https:\/\/www.biocabaz.pt\/web\/en\/produto\/oregano-oil-90-capsulas-now\/\",\"name\":\"OREGANO OIL \u2013 90 C\u00c1PSULAS \u2013 NOW\",\"isPartOf\":{\"@id\":\"https:\/\/biocabaz.pt\/web\/#website\"},\"primaryImageOfPage\":{\"@id\":\"https:\/\/www.biocabaz.pt\/web\/en\/produto\/oregano-oil-90-capsulas-now\/#primaryimage\"},\"image\":{\"@id\":\"https:\/\/www.biocabaz.pt\/web\/en\/produto\/oregano-oil-90-capsulas-now\/#primaryimage\"},\"thumbnailUrl\":\"https:\/\/www.biocabaz.pt\/web\/wp-conteudos\/uploads\/2022\/01\/oregano-oil-90-capsulas-now.jpg\",\"datePublished\":\"2022-01-10T20:14:48+00:00\",\"dateModified\":\"2022-12-30T11:48:41+00:00\",\"breadcrumb\":{\"@id\":\"https:\/\/www.biocabaz.pt\/web\/en\/produto\/oregano-oil-90-capsulas-now\/#breadcrumb\"},\"inLanguage\":\"pt-PT\",\"potentialAction\":[{\"@type\":\"ReadAction\",\"target\":[\"https:\/\/www.biocabaz.pt\/web\/en\/produto\/oregano-oil-90-capsulas-now\/\"]}]},{\"@type\":\"ImageObject\",\"inLanguage\":\"pt-PT\",\"@id\":\"https:\/\/www.biocabaz.pt\/web\/en\/produto\/oregano-oil-90-capsulas-now\/#primaryimage\",\"url\":\"https:\/\/www.biocabaz.pt\/web\/wp-conteudos\/uploads\/2022\/01\/oregano-oil-90-capsulas-now.jpg\",\"contentUrl\":\"https:\/\/www.biocabaz.pt\/web\/wp-conteudos\/uploads\/2022\/01\/oregano-oil-90-capsulas-now.jpg\",\"width\":637,\"height\":800,\"caption\":\"OREGANO OIL \u2013 90 C\u00c1PSULAS \u2013 NOW\"},{\"@type\":\"BreadcrumbList\",\"@id\":\"https:\/\/www.biocabaz.pt\/web\/en\/produto\/oregano-oil-90-capsulas-now\/#breadcrumb\",\"itemListElement\":[{\"@type\":\"ListItem\",\"position\":1,\"name\":\"Home\",\"item\":\"https:\/\/biocabaz.pt\/web\/\"},{\"@type\":\"ListItem\",\"position\":2,\"name\":\"Shop\",\"item\":\"https:\/\/www.biocabaz.pt\/web\/en\/shop\/\"},{\"@type\":\"ListItem\",\"position\":3,\"name\":\"OREGANO OIL \u2013 90 C\u00c1PSULAS \u2013 NOW\"}]},{\"@type\":\"WebSite\",\"@id\":\"https:\/\/biocabaz.pt\/web\/#website\",\"url\":\"https:\/\/biocabaz.pt\/web\/\",\"name\":\"BIOCABAZ - CABAZES BIOL\u00d3GICOS\",\"description\":\"O melhor que a terra d\u00e1 \u00e9 para si\",\"potentialAction\":[{\"@type\":\"SearchAction\",\"target\":{\"@type\":\"EntryPoint\",\"urlTemplate\":\"https:\/\/biocabaz.pt\/web\/?s={search_term_string}\"},\"query-input\":{\"@type\":\"PropertyValueSpecification\",\"valueRequired\":true,\"valueName\":\"search_term_string\"}}],\"inLanguage\":\"pt-PT\"}]}<\/script>\n<!-- \/ Yoast SEO plugin. -->","yoast_head_json":{"title":"OREGANO OIL \u2013 90 C\u00c1PSULAS \u2013 NOW","robots":{"index":"index","follow":"follow","max-snippet":"max-snippet:-1","max-image-preview":"max-image-preview:large","max-video-preview":"max-video-preview:-1"},"canonical":"https:\/\/www.biocabaz.pt\/web\/en\/produto\/oregano-oil-90-capsulas-now\/","og_locale":"pt_PT","og_type":"article","og_title":"[:pt]OREGANO OIL \u2013 90 C\u00c1PSULAS \u2013 NOW[:] - BIOCABAZ - CABAZES BIOL\u00d3GICOS","og_description":"Oregano Oil (\u00d3leo de Oreg\u00e3o + \u00d3leo Gengibre + \u00d3leo Funcho), 90 c\u00e1psulas moles, da Now\u00ae Foods \u2013 Potente ac\u00e7\u00e3o anti-parasit\u00e1ria \u2013 o \u00d3leo de Or\u00e9g\u00e3o provoca um dano fatal na estrutura do parasita impedindo a prolifera\u00e7\u00e3o da infec\u00e7\u00e3o; \u2013 Num estudo foi administrado \u00d3leo de Or\u00e9g\u00e3o a 14 adultos cujas an\u00e1lises parasit\u00e1rias revelaram resultados positivos para Blastocystis hominis, Entamoeba hartamanni e Endomilax nana. Ap\u00f3s 6 semanas de suplementa\u00e7\u00e3o ocorreu a elimina\u00e7\u00e3o completa dos parasitas em 8 casos e uma redu\u00e7\u00e3o do seu n\u00famero em outros 3 casos; \u2013 Com \u00d3leo de Gengibre, que alivia os sintomas de diarreia e flatul\u00eancia; \u2013 Com \u00d3leo de Funcho, que tem uma ac\u00e7\u00e3o calmante e purificadora a n\u00edvel do Intestino ajudando a aliviar a pris\u00e3o de ventre e a flatul\u00eancia.  M\u00ednimo 55% de Carvacrol (inibe o crescimento de v\u00e1rias bact\u00e9rias), tem propriedades anti-inflamat\u00f3rias e antis\u00e9pticas, antibacterianas, antivirais e antif\u00fangicas. Alivia a indigest\u00e3o, distens\u00e3o abdominal e a flatul\u00eancia. \u00c9 100% Natural, clinicamente testado e tem um revestimento ent\u00e9rico (resiste \u00e0 acidez do suco g\u00e1strico, atingindo o Intestino inalterado).  O Or\u00e9g\u00e3o, tamb\u00e9m conhecido como manjerona selvagem, \u00e9 uma erva culin\u00e1ria picante, arom\u00e1tica que \u00e9 conhecida pelos ervan\u00e1rios tradicionais h\u00e1 milhares de anos. Estudos cient\u00edficos mais recentes sugerem que \u00f3leo de or\u00e9g\u00e3o pode ajudar a manter o equil\u00edbrio da flora intestinal saud\u00e1vel. O \u00d3leo de Oreg\u00e3o da NOW \u00ae \u00e9 padronizado para garantir um m\u00ednimo de 55% carvacrol e as c\u00e1psulas s\u00e3o ent\u00e9ricas revestida de modo a que os conte\u00fados s\u00e3o liberados no intestino.  Varia\u00e7\u00e3o de cor natural pode ocorrer neste produto.  NOTA: Este produto n\u00e3o se destina a diagnosticar, tratar, curar ou prevenir qualquer doen\u00e7a.  CARACTER\u00cdSTICAS APRESENTA\u00c7\u00c3O:  Embalagem com 90 c\u00e1psulas moles.  MODO DE TOMAR: Tomar 1 softgel, 1 a 3 vezes por dia, com as refei\u00e7\u00f5es.  N\u00c3O CONT\u00c9M: Fermento, trigo, gl\u00faten, soja, leite, ovo, peixe ou marisco.  RECOMENDA\u00c7\u00d5ES: Os suplementos alimentares n\u00e3o devem ser utilizados como substitutos de um regime alimentar variado e equilibrado e de um modo de vida saud\u00e1vel. Manter fora do alcance e vis\u00e3o das crian\u00e7as. N\u00e3o exceder as dosagens recomendadas. Manter em local fresco e seco, ao abrigo da luz, calor e humidade.   ADVERT\u00caNCIAS Apenas para adultos. Em caso de gravidez, se estiver a amamentar, se estiver a tomar medica\u00e7\u00e3o ou se tiver uma condi\u00e7\u00e3o m\u00e9dica, a toma deve ser feita sob indica\u00e7\u00e3o m\u00e9dica. N\u00e3o tome este produto se \u00e9 al\u00e9rgico a or\u00e9g\u00e3o, erva-doce ou gengibre. N\u00e3o utilizar em caso de hipersensibilidade, alergia e quando estejam descritas intera\u00e7\u00f5es de outro produto com qualquer um dos constituintes da formula\u00e7\u00e3o.  INFORMA\u00c7\u00c3O NUTRICIONAL Por 1 c\u00e1psula:  \u00d3leo de or\u00e9g\u00e3os  181 mg  \u00d3leo de gengibre  17,6 mg  \u00d3leo de funcho  Outros Ingredientes: C\u00e1psula de Softgel (gelatina, glicerina, \u00e1gua, revestimento ent\u00e9rico, alfarroba) e Azeite Extra Virgem.  Informa\u00e7\u00f5es Nutricionais indicadas pelo fabricante, \u201cNow\u00ae Foods\u201d.  19,3 mg","og_url":"https:\/\/biocabaz.pt\/web\/produto\/oregano-oil-90-capsulas-now\/","og_site_name":"BIOCABAZ - CABAZES BIOL\u00d3GICOS","article_modified_time":"2022-12-30T11:48:41+00:00","og_image":[{"width":637,"height":800,"url":"https:\/\/www.biocabaz.pt\/web\/wp-conteudos\/uploads\/2022\/01\/oregano-oil-90-capsulas-now.jpg","type":"image\/jpeg"}],"twitter_card":"summary_large_image","schema":{"@context":"https:\/\/schema.org","@graph":[{"@type":"WebPage","@id":"https:\/\/www.biocabaz.pt\/web\/en\/produto\/oregano-oil-90-capsulas-now\/","url":"https:\/\/www.biocabaz.pt\/web\/en\/produto\/oregano-oil-90-capsulas-now\/","name":"OREGANO OIL \u2013 90 C\u00c1PSULAS \u2013 NOW","isPartOf":{"@id":"https:\/\/biocabaz.pt\/web\/#website"},"primaryImageOfPage":{"@id":"https:\/\/www.biocabaz.pt\/web\/en\/produto\/oregano-oil-90-capsulas-now\/#primaryimage"},"image":{"@id":"https:\/\/www.biocabaz.pt\/web\/en\/produto\/oregano-oil-90-capsulas-now\/#primaryimage"},"thumbnailUrl":"https:\/\/www.biocabaz.pt\/web\/wp-conteudos\/uploads\/2022\/01\/oregano-oil-90-capsulas-now.jpg","datePublished":"2022-01-10T20:14:48+00:00","dateModified":"2022-12-30T11:48:41+00:00","breadcrumb":{"@id":"https:\/\/www.biocabaz.pt\/web\/en\/produto\/oregano-oil-90-capsulas-now\/#breadcrumb"},"inLanguage":"pt-PT","potentialAction":[{"@type":"ReadAction","target":["https:\/\/www.biocabaz.pt\/web\/en\/produto\/oregano-oil-90-capsulas-now\/"]}]},{"@type":"ImageObject","inLanguage":"pt-PT","@id":"https:\/\/www.biocabaz.pt\/web\/en\/produto\/oregano-oil-90-capsulas-now\/#primaryimage","url":"https:\/\/www.biocabaz.pt\/web\/wp-conteudos\/uploads\/2022\/01\/oregano-oil-90-capsulas-now.jpg","contentUrl":"https:\/\/www.biocabaz.pt\/web\/wp-conteudos\/uploads\/2022\/01\/oregano-oil-90-capsulas-now.jpg","width":637,"height":800,"caption":"OREGANO OIL \u2013 90 C\u00c1PSULAS \u2013 NOW"},{"@type":"BreadcrumbList","@id":"https:\/\/www.biocabaz.pt\/web\/en\/produto\/oregano-oil-90-capsulas-now\/#breadcrumb","itemListElement":[{"@type":"ListItem","position":1,"name":"Home","item":"https:\/\/biocabaz.pt\/web\/"},{"@type":"ListItem","position":2,"name":"Shop","item":"https:\/\/www.biocabaz.pt\/web\/en\/shop\/"},{"@type":"ListItem","position":3,"name":"OREGANO OIL \u2013 90 C\u00c1PSULAS \u2013 NOW"}]},{"@type":"WebSite","@id":"https:\/\/biocabaz.pt\/web\/#website","url":"https:\/\/biocabaz.pt\/web\/","name":"BIOCABAZ - CABAZES BIOL\u00d3GICOS","description":"O melhor que a terra d\u00e1 \u00e9 para si","potentialAction":[{"@type":"SearchAction","target":{"@type":"EntryPoint","urlTemplate":"https:\/\/biocabaz.pt\/web\/?s={search_term_string}"},"query-input":{"@type":"PropertyValueSpecification","valueRequired":true,"valueName":"search_term_string"}}],"inLanguage":"pt-PT"}]}},"_links":{"self":[{"href":"https:\/\/biocabaz.pt\/web\/wp-json\/wp\/v2\/product\/80585","targetHints":{"allow":["GET"]}}],"collection":[{"href":"https:\/\/biocabaz.pt\/web\/wp-json\/wp\/v2\/product"}],"about":[{"href":"https:\/\/biocabaz.pt\/web\/wp-json\/wp\/v2\/types\/product"}],"replies":[{"embeddable":true,"href":"https:\/\/biocabaz.pt\/web\/wp-json\/wp\/v2\/comments?post=80585"}],"wp:featuredmedia":[{"embeddable":true,"href":"https:\/\/biocabaz.pt\/web\/wp-json\/wp\/v2\/media\/80586"}],"wp:attachment":[{"href":"https:\/\/biocabaz.pt\/web\/wp-json\/wp\/v2\/media?parent=80585"}],"wp:term":[{"taxonomy":"product_cat","embeddable":true,"href":"https:\/\/biocabaz.pt\/web\/wp-json\/wp\/v2\/product_cat?post=80585"},{"taxonomy":"product_tag","embeddable":true,"href":"https:\/\/biocabaz.pt\/web\/wp-json\/wp\/v2\/product_tag?post=80585"}],"curies":[{"name":"wp","href":"https:\/\/api.w.org\/{rel}","templated":true}]}}