{"id":79156,"date":"2021-12-03T12:11:16","date_gmt":"2021-12-03T12:11:16","guid":{"rendered":"https:\/\/www.biocabaz.pt\/web\/en\/?post_type=product&#038;p=79156"},"modified":"2023-09-27T09:05:28","modified_gmt":"2023-09-27T09:05:28","slug":"prenatal-gels-dha-90-caps-now","status":"publish","type":"product","link":"https:\/\/biocabaz.pt\/web\/produto\/prenatal-gels-dha-90-caps-now\/","title":{"rendered":"Prenatal Gels + DHA, 90 C\u00e1ps \u2013 NOW"},"content":{"rendered":"","protected":false},"excerpt":{"rendered":"<section>\n<header><strong>Descri\u00e7\u00e3o<\/strong><\/header>\n<div class=\"content\">\n<div class=\"divProductDescription\">\n<p>A procura de DHA sobe exponencialmente no \u00faltimo trimestre de gravidez, coincidindo com o desenvolvimento das redes neuronais (\u2018cablagem el\u00e9trica do c\u00e9rebro\u2019), assim como com a consolida\u00e7\u00e3o da retina.<\/p>\n<p>Nutri\u00e7\u00e3o espec\u00edfica para a gravidez e lact\u00e2ncia.<\/p>\n<p>Aporte elevado de \u00c1cido F\u00f3lico, C\u00e1lcio, Magn\u00e9sio e Ferro n\u00e3o obstipante (bisglicinato).<\/p>\n<p class=\"f10\">Os suplementos alimentares n\u00e3o devem ser utilizados como substitutos de um regime alimentar variado e equilibrado, bem como de um modo de vida saud\u00e1vel. Conservar em local seco, fresco e ao abrigo da luz. Manter fora do alcance das crian\u00e7as. N\u00e3o tomar em caso de hipersensibilidade a um dos componentes de cada produto. N\u00e3o dever\u00e1 exceder a toma di\u00e1ria recomendada. Os suplementos alimentares n\u00e3o s\u00e3o medicamentos. Em caso de d\u00favida, consulte o seu m\u00e9dico ou t\u00e9cnico de sa\u00fade.<\/p>\n<\/div>\n<\/div>\n<\/section>\n<section>\n<header><strong>Ingredientes:<\/strong><\/header>\n<div class=\"content\">Vitamina A (100% como beta-caroteno)(3333,33 U.I); Vitamina C &#8211; a partir de ascorbato de c\u00e1lcio e ascorbil palmitato (100 mg); Vitamina D &#8211; como ergocalciferol (333,33 U.I); Vitamina E &#8211; como d-alfa tocoferil succinato (66,66 U.I.); Vitamina K (menaquinona como K2 e fitonadiona K1)(26,66 mcg); Tiamina (vitamina B1) &#8211; a partir de HCl tiamina (8,33 mg); Riboflavina (vitamina B2)(8,33 mg); Niacina (vitamina B3) &#8211; como niacinamida e Inositol hexanicotinato (10 mg); Vitamina B6 &#8211; a partir de HCl e piridoxina e piridoxal-5-fosfato (P-5-P)(8,33 mg); Folato &#8211; como o \u00e1cido f\u00f3lico (266,66 mcg); Vitamina B12 &#8211; como metilcobalamina (66,66 mcg); Biotina (100 mcg); \u00c1cido pantot\u00e9nico (vitamina B5) a partir de D-pantotenato de c\u00e1lcio (16,66 mg); C\u00e1lcio &#8211; a partir de carbonato de c\u00e1lcio (Aquamin TG) e ascorbato de c\u00e1lcio (83,33 mg); Ferro &#8211; bisglicinato de ferro, Ferrochel, TRAACS (6 mg); Iodo (iodeto de pot\u00e1ssio)(50 mcg); Magn\u00e9sio (a partir de citrato de magn\u00e9sio e Aquamin TG)(33,33 mg); Zinco &#8211; a partir de zinco bisglicinato (TRAACS )(5 mg); Sel\u00e9nio &#8211; de L-selenometionina (66,66 mcg); Cobre &#8211; bisglicinato de cobre (TRAACS)(0,33 mg); Mangan\u00eas &#8211; de mangan\u00eas bisglicinato (TRAACS)(0,66 mg); Cr\u00f3mio &#8211; de picolinato de cr\u00f3mio)(10 mcg); Molibd\u00e9nio &#8211; Molibdato de s\u00f3dio (25 mcg); Pot\u00e1ssio &#8211; a partir de cloreto de pot\u00e1ssio (8,33 mg); Arando (Vaccinium macrocarpon) &#8211; fruto (33,33 mg); Extrato de rom\u00e3 &#8211; fruto, min. 40% punicalaginas &#8211; Punicosideos A e B (16,66 mg) e A\u00e7a\u00ed org\u00e2nico (Euterpe oleracea) &#8211; casca de fruto e polpa (16,66 mg).<\/div>\n<\/section>\n<section>\n<div class=\"content\">\n<p><b>Uso recomendado:\u00a0<\/b>Como um suplemento diet\u00e9tico para gr\u00e1vidas ou lactantes, tomar 3 c\u00e1psulas por dia com as refei\u00e7\u00f5es.<\/p>\n<p><b>Apresenta\u00e7\u00e3o:<\/b>\u00a0Embalagem com 90 c\u00e1psulas.<\/p>\n<\/div>\n<\/section>\n","protected":false},"featured_media":79157,"comment_status":"closed","ping_status":"closed","template":"","meta":[],"product_cat":[88],"product_tag":[],"class_list":["post-79156","product","type-product","status-publish","has-post-thumbnail","hentry","product_cat-suplementos"],"bundle_layout":"","bundled_by":[],"bundled_items":[],"yoast_head":"<!-- This site is optimized with the Yoast SEO plugin v26.3 - https:\/\/yoast.com\/wordpress\/plugins\/seo\/ -->\n<title>Prenatal Gels + DHA, 90 C\u00e1ps \u2013 NOW<\/title>\n<meta name=\"robots\" content=\"index, follow, max-snippet:-1, max-image-preview:large, max-video-preview:-1\" \/>\n<link rel=\"canonical\" href=\"https:\/\/www.biocabaz.pt\/web\/produto\/prenatal-gels-dha-90-caps-now\/\" \/>\n<meta property=\"og:locale\" content=\"pt_PT\" \/>\n<meta property=\"og:locale:alternate\" content=\"en_US\" \/>\n<meta property=\"og:type\" content=\"article\" \/>\n<meta property=\"og:title\" content=\"Prenatal Gels + DHA, 90 C\u00e1ps \u2013 NOW\" \/>\n<meta property=\"og:description\" content=\"Descri\u00e7\u00e3o    A procura de DHA sobe exponencialmente no \u00faltimo trimestre de gravidez, coincidindo com o desenvolvimento das redes neuronais (\u2018cablagem el\u00e9trica do c\u00e9rebro\u2019), assim como com a consolida\u00e7\u00e3o da retina.  Nutri\u00e7\u00e3o espec\u00edfica para a gravidez e lact\u00e2ncia.  Aporte elevado de \u00c1cido F\u00f3lico, C\u00e1lcio, Magn\u00e9sio e Ferro n\u00e3o obstipante (bisglicinato). Os suplementos alimentares n\u00e3o devem ser utilizados como substitutos de um regime alimentar variado e equilibrado, bem como de um modo de vida saud\u00e1vel. Conservar em local seco, fresco e ao abrigo da luz. Manter fora do alcance das crian\u00e7as. N\u00e3o tomar em caso de hipersensibilidade a um dos componentes de cada produto. N\u00e3o dever\u00e1 exceder a toma di\u00e1ria recomendada. Os suplementos alimentares n\u00e3o s\u00e3o medicamentos. Em caso de d\u00favida, consulte o seu m\u00e9dico ou t\u00e9cnico de sa\u00fade.    Ingredientes: Vitamina A (100% como beta-caroteno)(3333,33 U.I); Vitamina C - a partir de ascorbato de c\u00e1lcio e ascorbil palmitato (100 mg); Vitamina D - como ergocalciferol (333,33 U.I); Vitamina E - como d-alfa tocoferil succinato (66,66 U.I.); Vitamina K (menaquinona como K2 e fitonadiona K1)(26,66 mcg); Tiamina (vitamina B1) - a partir de HCl tiamina (8,33 mg); Riboflavina (vitamina B2)(8,33 mg); Niacina (vitamina B3) - como niacinamida e Inositol hexanicotinato (10 mg); Vitamina B6 - a partir de HCl e piridoxina e piridoxal-5-fosfato (P-5-P)(8,33 mg); Folato - como o \u00e1cido f\u00f3lico (266,66 mcg); Vitamina B12 - como metilcobalamina (66,66 mcg); Biotina (100 mcg); \u00c1cido pantot\u00e9nico (vitamina B5) a partir de D-pantotenato de c\u00e1lcio (16,66 mg); C\u00e1lcio - a partir de carbonato de c\u00e1lcio (Aquamin TG) e ascorbato de c\u00e1lcio (83,33 mg); Ferro - bisglicinato de ferro, Ferrochel, TRAACS (6 mg); Iodo (iodeto de pot\u00e1ssio)(50 mcg); Magn\u00e9sio (a partir de citrato de magn\u00e9sio e Aquamin TG)(33,33 mg); Zinco - a partir de zinco bisglicinato (TRAACS )(5 mg); Sel\u00e9nio - de L-selenometionina (66,66 mcg); Cobre - bisglicinato de cobre (TRAACS)(0,33 mg); Mangan\u00eas - de mangan\u00eas bisglicinato (TRAACS)(0,66 mg); Cr\u00f3mio - de picolinato de cr\u00f3mio)(10 mcg); Molibd\u00e9nio - Molibdato de s\u00f3dio (25 mcg); Pot\u00e1ssio - a partir de cloreto de pot\u00e1ssio (8,33 mg); Arando (Vaccinium macrocarpon) - fruto (33,33 mg); Extrato de rom\u00e3 - fruto, min. 40% punicalaginas - Punicosideos A e B (16,66 mg) e A\u00e7a\u00ed org\u00e2nico (Euterpe oleracea) - casca de fruto e polpa (16,66 mg).    Uso recomendado:\u00a0Como um suplemento diet\u00e9tico para gr\u00e1vidas ou lactantes, tomar 3 c\u00e1psulas por dia com as refei\u00e7\u00f5es.  Apresenta\u00e7\u00e3o:\u00a0Embalagem com 90 c\u00e1psulas.\" \/>\n<meta property=\"og:url\" content=\"https:\/\/biocabaz.pt\/web\/produto\/prenatal-gels-dha-90-caps-now\/\" \/>\n<meta property=\"og:site_name\" content=\"BIOCABAZ - CABAZES BIOL\u00d3GICOS\" \/>\n<meta property=\"article:modified_time\" content=\"2023-09-27T09:05:28+00:00\" \/>\n<meta property=\"og:image\" content=\"https:\/\/www.biocabaz.pt\/web\/wp-conteudos\/uploads\/2021\/12\/prenatal-dha-90caps-now.jpg\" \/>\n\t<meta property=\"og:image:width\" content=\"700\" \/>\n\t<meta property=\"og:image:height\" content=\"700\" \/>\n\t<meta property=\"og:image:type\" content=\"image\/jpeg\" \/>\n<meta name=\"twitter:card\" content=\"summary_large_image\" \/>\n<script type=\"application\/ld+json\" class=\"yoast-schema-graph\">{\"@context\":\"https:\/\/schema.org\",\"@graph\":[{\"@type\":\"WebPage\",\"@id\":\"https:\/\/www.biocabaz.pt\/web\/produto\/prenatal-gels-dha-90-caps-now\/\",\"url\":\"https:\/\/www.biocabaz.pt\/web\/produto\/prenatal-gels-dha-90-caps-now\/\",\"name\":\"Prenatal Gels + DHA, 90 C\u00e1ps \u2013 NOW\",\"isPartOf\":{\"@id\":\"https:\/\/biocabaz.pt\/web\/#website\"},\"primaryImageOfPage\":{\"@id\":\"https:\/\/www.biocabaz.pt\/web\/produto\/prenatal-gels-dha-90-caps-now\/#primaryimage\"},\"image\":{\"@id\":\"https:\/\/www.biocabaz.pt\/web\/produto\/prenatal-gels-dha-90-caps-now\/#primaryimage\"},\"thumbnailUrl\":\"https:\/\/www.biocabaz.pt\/web\/wp-conteudos\/uploads\/2021\/12\/prenatal-dha-90caps-now.jpg\",\"datePublished\":\"2021-12-03T12:11:16+00:00\",\"dateModified\":\"2023-09-27T09:05:28+00:00\",\"breadcrumb\":{\"@id\":\"https:\/\/www.biocabaz.pt\/web\/produto\/prenatal-gels-dha-90-caps-now\/#breadcrumb\"},\"inLanguage\":\"pt-PT\",\"potentialAction\":[{\"@type\":\"ReadAction\",\"target\":[\"https:\/\/www.biocabaz.pt\/web\/produto\/prenatal-gels-dha-90-caps-now\/\"]}]},{\"@type\":\"ImageObject\",\"inLanguage\":\"pt-PT\",\"@id\":\"https:\/\/www.biocabaz.pt\/web\/produto\/prenatal-gels-dha-90-caps-now\/#primaryimage\",\"url\":\"https:\/\/www.biocabaz.pt\/web\/wp-conteudos\/uploads\/2021\/12\/prenatal-dha-90caps-now.jpg\",\"contentUrl\":\"https:\/\/www.biocabaz.pt\/web\/wp-conteudos\/uploads\/2021\/12\/prenatal-dha-90caps-now.jpg\",\"width\":700,\"height\":700,\"caption\":\"prenatal-dha-90caps-now\"},{\"@type\":\"BreadcrumbList\",\"@id\":\"https:\/\/www.biocabaz.pt\/web\/produto\/prenatal-gels-dha-90-caps-now\/#breadcrumb\",\"itemListElement\":[{\"@type\":\"ListItem\",\"position\":1,\"name\":\"Home\",\"item\":\"https:\/\/biocabaz.pt\/web\/\"},{\"@type\":\"ListItem\",\"position\":2,\"name\":\"Loja\",\"item\":\"https:\/\/biocabaz.pt\/web\/shop\/\"},{\"@type\":\"ListItem\",\"position\":3,\"name\":\"Prenatal Gels + DHA, 90 C\u00e1ps \u2013 NOW\"}]},{\"@type\":\"WebSite\",\"@id\":\"https:\/\/biocabaz.pt\/web\/#website\",\"url\":\"https:\/\/biocabaz.pt\/web\/\",\"name\":\"BIOCABAZ - CABAZES BIOL\u00d3GICOS\",\"description\":\"O melhor que a terra d\u00e1 \u00e9 para si\",\"potentialAction\":[{\"@type\":\"SearchAction\",\"target\":{\"@type\":\"EntryPoint\",\"urlTemplate\":\"https:\/\/biocabaz.pt\/web\/?s={search_term_string}\"},\"query-input\":{\"@type\":\"PropertyValueSpecification\",\"valueRequired\":true,\"valueName\":\"search_term_string\"}}],\"inLanguage\":\"pt-PT\"}]}<\/script>\n<!-- \/ Yoast SEO plugin. -->","yoast_head_json":{"title":"Prenatal Gels + DHA, 90 C\u00e1ps \u2013 NOW","robots":{"index":"index","follow":"follow","max-snippet":"max-snippet:-1","max-image-preview":"max-image-preview:large","max-video-preview":"max-video-preview:-1"},"canonical":"https:\/\/www.biocabaz.pt\/web\/produto\/prenatal-gels-dha-90-caps-now\/","og_locale":"pt_PT","og_type":"article","og_title":"[:en]Prenatal Gels + DHA, 90 C\u00e1ps \u2013 NOW[:pt]Prenatal Gels + DHA, 90 C\u00e1ps \u2013 NOW[:] - BIOCABAZ - CABAZES BIOL\u00d3GICOS","og_description":"Descri\u00e7\u00e3o    A procura de DHA sobe exponencialmente no \u00faltimo trimestre de gravidez, coincidindo com o desenvolvimento das redes neuronais (\u2018cablagem el\u00e9trica do c\u00e9rebro\u2019), assim como com a consolida\u00e7\u00e3o da retina.  Nutri\u00e7\u00e3o espec\u00edfica para a gravidez e lact\u00e2ncia.  Aporte elevado de \u00c1cido F\u00f3lico, C\u00e1lcio, Magn\u00e9sio e Ferro n\u00e3o obstipante (bisglicinato). Os suplementos alimentares n\u00e3o devem ser utilizados como substitutos de um regime alimentar variado e equilibrado, bem como de um modo de vida saud\u00e1vel. Conservar em local seco, fresco e ao abrigo da luz. Manter fora do alcance das crian\u00e7as. N\u00e3o tomar em caso de hipersensibilidade a um dos componentes de cada produto. N\u00e3o dever\u00e1 exceder a toma di\u00e1ria recomendada. Os suplementos alimentares n\u00e3o s\u00e3o medicamentos. Em caso de d\u00favida, consulte o seu m\u00e9dico ou t\u00e9cnico de sa\u00fade.    Ingredientes: Vitamina A (100% como beta-caroteno)(3333,33 U.I); Vitamina C - a partir de ascorbato de c\u00e1lcio e ascorbil palmitato (100 mg); Vitamina D - como ergocalciferol (333,33 U.I); Vitamina E - como d-alfa tocoferil succinato (66,66 U.I.); Vitamina K (menaquinona como K2 e fitonadiona K1)(26,66 mcg); Tiamina (vitamina B1) - a partir de HCl tiamina (8,33 mg); Riboflavina (vitamina B2)(8,33 mg); Niacina (vitamina B3) - como niacinamida e Inositol hexanicotinato (10 mg); Vitamina B6 - a partir de HCl e piridoxina e piridoxal-5-fosfato (P-5-P)(8,33 mg); Folato - como o \u00e1cido f\u00f3lico (266,66 mcg); Vitamina B12 - como metilcobalamina (66,66 mcg); Biotina (100 mcg); \u00c1cido pantot\u00e9nico (vitamina B5) a partir de D-pantotenato de c\u00e1lcio (16,66 mg); C\u00e1lcio - a partir de carbonato de c\u00e1lcio (Aquamin TG) e ascorbato de c\u00e1lcio (83,33 mg); Ferro - bisglicinato de ferro, Ferrochel, TRAACS (6 mg); Iodo (iodeto de pot\u00e1ssio)(50 mcg); Magn\u00e9sio (a partir de citrato de magn\u00e9sio e Aquamin TG)(33,33 mg); Zinco - a partir de zinco bisglicinato (TRAACS )(5 mg); Sel\u00e9nio - de L-selenometionina (66,66 mcg); Cobre - bisglicinato de cobre (TRAACS)(0,33 mg); Mangan\u00eas - de mangan\u00eas bisglicinato (TRAACS)(0,66 mg); Cr\u00f3mio - de picolinato de cr\u00f3mio)(10 mcg); Molibd\u00e9nio - Molibdato de s\u00f3dio (25 mcg); Pot\u00e1ssio - a partir de cloreto de pot\u00e1ssio (8,33 mg); Arando (Vaccinium macrocarpon) - fruto (33,33 mg); Extrato de rom\u00e3 - fruto, min. 40% punicalaginas - Punicosideos A e B (16,66 mg) e A\u00e7a\u00ed org\u00e2nico (Euterpe oleracea) - casca de fruto e polpa (16,66 mg).    Uso recomendado:\u00a0Como um suplemento diet\u00e9tico para gr\u00e1vidas ou lactantes, tomar 3 c\u00e1psulas por dia com as refei\u00e7\u00f5es.  Apresenta\u00e7\u00e3o:\u00a0Embalagem com 90 c\u00e1psulas.","og_url":"https:\/\/biocabaz.pt\/web\/produto\/prenatal-gels-dha-90-caps-now\/","og_site_name":"BIOCABAZ - CABAZES BIOL\u00d3GICOS","article_modified_time":"2023-09-27T09:05:28+00:00","og_image":[{"width":700,"height":700,"url":"https:\/\/www.biocabaz.pt\/web\/wp-conteudos\/uploads\/2021\/12\/prenatal-dha-90caps-now.jpg","type":"image\/jpeg"}],"twitter_card":"summary_large_image","schema":{"@context":"https:\/\/schema.org","@graph":[{"@type":"WebPage","@id":"https:\/\/www.biocabaz.pt\/web\/produto\/prenatal-gels-dha-90-caps-now\/","url":"https:\/\/www.biocabaz.pt\/web\/produto\/prenatal-gels-dha-90-caps-now\/","name":"Prenatal Gels + DHA, 90 C\u00e1ps \u2013 NOW","isPartOf":{"@id":"https:\/\/biocabaz.pt\/web\/#website"},"primaryImageOfPage":{"@id":"https:\/\/www.biocabaz.pt\/web\/produto\/prenatal-gels-dha-90-caps-now\/#primaryimage"},"image":{"@id":"https:\/\/www.biocabaz.pt\/web\/produto\/prenatal-gels-dha-90-caps-now\/#primaryimage"},"thumbnailUrl":"https:\/\/www.biocabaz.pt\/web\/wp-conteudos\/uploads\/2021\/12\/prenatal-dha-90caps-now.jpg","datePublished":"2021-12-03T12:11:16+00:00","dateModified":"2023-09-27T09:05:28+00:00","breadcrumb":{"@id":"https:\/\/www.biocabaz.pt\/web\/produto\/prenatal-gels-dha-90-caps-now\/#breadcrumb"},"inLanguage":"pt-PT","potentialAction":[{"@type":"ReadAction","target":["https:\/\/www.biocabaz.pt\/web\/produto\/prenatal-gels-dha-90-caps-now\/"]}]},{"@type":"ImageObject","inLanguage":"pt-PT","@id":"https:\/\/www.biocabaz.pt\/web\/produto\/prenatal-gels-dha-90-caps-now\/#primaryimage","url":"https:\/\/www.biocabaz.pt\/web\/wp-conteudos\/uploads\/2021\/12\/prenatal-dha-90caps-now.jpg","contentUrl":"https:\/\/www.biocabaz.pt\/web\/wp-conteudos\/uploads\/2021\/12\/prenatal-dha-90caps-now.jpg","width":700,"height":700,"caption":"prenatal-dha-90caps-now"},{"@type":"BreadcrumbList","@id":"https:\/\/www.biocabaz.pt\/web\/produto\/prenatal-gels-dha-90-caps-now\/#breadcrumb","itemListElement":[{"@type":"ListItem","position":1,"name":"Home","item":"https:\/\/biocabaz.pt\/web\/"},{"@type":"ListItem","position":2,"name":"Loja","item":"https:\/\/biocabaz.pt\/web\/shop\/"},{"@type":"ListItem","position":3,"name":"Prenatal Gels + DHA, 90 C\u00e1ps \u2013 NOW"}]},{"@type":"WebSite","@id":"https:\/\/biocabaz.pt\/web\/#website","url":"https:\/\/biocabaz.pt\/web\/","name":"BIOCABAZ - CABAZES BIOL\u00d3GICOS","description":"O melhor que a terra d\u00e1 \u00e9 para si","potentialAction":[{"@type":"SearchAction","target":{"@type":"EntryPoint","urlTemplate":"https:\/\/biocabaz.pt\/web\/?s={search_term_string}"},"query-input":{"@type":"PropertyValueSpecification","valueRequired":true,"valueName":"search_term_string"}}],"inLanguage":"pt-PT"}]}},"_links":{"self":[{"href":"https:\/\/biocabaz.pt\/web\/wp-json\/wp\/v2\/product\/79156","targetHints":{"allow":["GET"]}}],"collection":[{"href":"https:\/\/biocabaz.pt\/web\/wp-json\/wp\/v2\/product"}],"about":[{"href":"https:\/\/biocabaz.pt\/web\/wp-json\/wp\/v2\/types\/product"}],"replies":[{"embeddable":true,"href":"https:\/\/biocabaz.pt\/web\/wp-json\/wp\/v2\/comments?post=79156"}],"wp:featuredmedia":[{"embeddable":true,"href":"https:\/\/biocabaz.pt\/web\/wp-json\/wp\/v2\/media\/79157"}],"wp:attachment":[{"href":"https:\/\/biocabaz.pt\/web\/wp-json\/wp\/v2\/media?parent=79156"}],"wp:term":[{"taxonomy":"product_cat","embeddable":true,"href":"https:\/\/biocabaz.pt\/web\/wp-json\/wp\/v2\/product_cat?post=79156"},{"taxonomy":"product_tag","embeddable":true,"href":"https:\/\/biocabaz.pt\/web\/wp-json\/wp\/v2\/product_tag?post=79156"}],"curies":[{"name":"wp","href":"https:\/\/api.w.org\/{rel}","templated":true}]}}