{"id":78346,"date":"2021-11-11T21:44:47","date_gmt":"2021-11-11T21:44:47","guid":{"rendered":"https:\/\/www.biocabaz.pt\/web\/?post_type=product&#038;p=78346"},"modified":"2024-10-30T13:29:19","modified_gmt":"2024-10-30T13:29:19","slug":"ergyflex-30-saquetas-nutergia","status":"publish","type":"product","link":"https:\/\/biocabaz.pt\/web\/produto\/ergyflex-30-saquetas-nutergia\/","title":{"rendered":"ERGYFLEX 30 SAQUETAS  NUTERGIA"},"content":{"rendered":"","protected":false},"excerpt":{"rendered":"<p><b>ErgyFlex 30 Saquetas\u00a0da Nutergia<\/b><\/p>\n<p>Suplemento alimentar \u00e0 base de Col\u00e1geno, Glucosamina, Condroitina, \u00c1cido hialur\u00f3nico e Curcumina.<\/p>\n<p>ERGYFLEX fornece col\u00e1geno, glucosamina, condroitina e \u00e1cido hialur\u00f3nico, componentes da cartilagem e da pele. \u00c9 rico em vitamina C, que contribui para a forma\u00e7\u00e3o do col\u00e1geno assegurando o normal funcionamento das cartilagens, ossos e pele. \u00c9 tamb\u00e9m composto por mangan\u00eas, que participa na forma\u00e7\u00e3o dos tecidos conjuntivos.<\/p>\n<p>\u00c9 indicado para quem sofre de osteoartrite ou osteoartrose e procura evitar a sua progress\u00e3o, reduzindo o incha\u00e7o e a dor. Tamb\u00e9m para desportistas que t\u00eam um maior desgaste articular, principalmente em desportos de alto impacto (andebol, rugby, combate, etc.) e desportos de longa dura\u00e7\u00e3o (corrida, trekking, montanhismo, etc.).<\/p>\n<p>A partir da idade adulta, aumenta a fragilidade dos ossos, articula\u00e7\u00f5es e pele. Assim, ERGYFLEX \u00e9 tamb\u00e9m recomendado para pessoas com especial interesse na preven\u00e7\u00e3o do envelhecimento precoce da pele, ajudando a impedir a degrada\u00e7\u00e3o inicial de col\u00e1geno e subsequente aparecimento precoce de rugas (+\/- 40 anos de idade). Tamb\u00e9m indicado para a celulite, pois ajuda a melhorar a qualidade da pele e tecidos.<\/p>\n<p>Este suplemento \u00e9\u00a0tamb\u00e9m um bom suporte em todos os transtornos de sa\u00fade onde a qualidade do tecido conjuntivo \u00e9 um factor importante (osteopenia, osteoporose, doen\u00e7a cardiovascular, etc.) e em situa\u00e7\u00f5es que requerem uma acelera\u00e7\u00e3o da cura e recupera\u00e7\u00e3o da pele (est\u00e9tica e medicina reparadora).<\/p>\n<p>&nbsp;<\/p>\n<p>&nbsp;<\/p>\n<p>&nbsp;<\/p>\n<p>&nbsp;<\/p>\n<p>Dosagem e Administra\u00e7\u00e3o:<br \/>\nTomar 1 saqueta por dia dilu\u00edda num copo de \u00e1gua (100ml) durante a refei\u00e7\u00e3o, de prefer\u00eancia num shaker.<\/p>\n","protected":false},"featured_media":78348,"comment_status":"closed","ping_status":"closed","template":"","meta":[],"product_cat":[88],"product_tag":[],"class_list":["post-78346","product","type-product","status-publish","has-post-thumbnail","hentry","product_cat-suplementos"],"bundle_layout":"","bundled_by":[],"bundled_items":[],"yoast_head":"<!-- This site is optimized with the Yoast SEO plugin v26.3 - https:\/\/yoast.com\/wordpress\/plugins\/seo\/ -->\n<title>ERGYFLEX 30 SAQUETAS NUTERGIA<\/title>\n<meta name=\"robots\" content=\"index, follow, max-snippet:-1, max-image-preview:large, max-video-preview:-1\" \/>\n<link rel=\"canonical\" href=\"https:\/\/biocabaz.pt\/web\/produto\/ergyflex-30-saquetas-nutergia\/\" \/>\n<meta property=\"og:locale\" content=\"pt_PT\" \/>\n<meta property=\"og:locale:alternate\" content=\"en_US\" \/>\n<meta property=\"og:type\" content=\"article\" \/>\n<meta property=\"og:title\" content=\"ERGYFLEX 30 SAQUETAS NUTERGIA\" \/>\n<meta property=\"og:description\" content=\"ErgyFlex 30 Saquetas\u00a0da Nutergia  Suplemento alimentar \u00e0 base de Col\u00e1geno, Glucosamina, Condroitina, \u00c1cido hialur\u00f3nico e Curcumina.  ERGYFLEX fornece col\u00e1geno, glucosamina, condroitina e \u00e1cido hialur\u00f3nico, componentes da cartilagem e da pele. \u00c9 rico em vitamina C, que contribui para a forma\u00e7\u00e3o do col\u00e1geno assegurando o normal funcionamento das cartilagens, ossos e pele. \u00c9 tamb\u00e9m composto por mangan\u00eas, que participa na forma\u00e7\u00e3o dos tecidos conjuntivos.  \u00c9 indicado para quem sofre de osteoartrite ou osteoartrose e procura evitar a sua progress\u00e3o, reduzindo o incha\u00e7o e a dor. Tamb\u00e9m para desportistas que t\u00eam um maior desgaste articular, principalmente em desportos de alto impacto (andebol, rugby, combate, etc.) e desportos de longa dura\u00e7\u00e3o (corrida, trekking, montanhismo, etc.).  A partir da idade adulta, aumenta a fragilidade dos ossos, articula\u00e7\u00f5es e pele. Assim, ERGYFLEX \u00e9 tamb\u00e9m recomendado para pessoas com especial interesse na preven\u00e7\u00e3o do envelhecimento precoce da pele, ajudando a impedir a degrada\u00e7\u00e3o inicial de col\u00e1geno e subsequente aparecimento precoce de rugas (+\/- 40 anos de idade). Tamb\u00e9m indicado para a celulite, pois ajuda a melhorar a qualidade da pele e tecidos.  Este suplemento \u00e9\u00a0tamb\u00e9m um bom suporte em todos os transtornos de sa\u00fade onde a qualidade do tecido conjuntivo \u00e9 um factor importante (osteopenia, osteoporose, doen\u00e7a cardiovascular, etc.) e em situa\u00e7\u00f5es que requerem uma acelera\u00e7\u00e3o da cura e recupera\u00e7\u00e3o da pele (est\u00e9tica e medicina reparadora).  &nbsp;  &nbsp;  &nbsp;  &nbsp;  Dosagem e Administra\u00e7\u00e3o: Tomar 1 saqueta por dia dilu\u00edda num copo de \u00e1gua (100ml) durante a refei\u00e7\u00e3o, de prefer\u00eancia num shaker.\" \/>\n<meta property=\"og:url\" content=\"https:\/\/biocabaz.pt\/web\/produto\/ergyflex-30-saquetas-nutergia\/\" \/>\n<meta property=\"og:site_name\" content=\"BIOCABAZ - CABAZES BIOL\u00d3GICOS\" \/>\n<meta property=\"article:modified_time\" content=\"2024-10-30T13:29:19+00:00\" \/>\n<meta property=\"og:image\" content=\"https:\/\/www.biocabaz.pt\/web\/wp-conteudos\/uploads\/2021\/11\/ergyflex-30-saquetas-nutergia.jpg\" \/>\n\t<meta property=\"og:image:width\" content=\"800\" \/>\n\t<meta property=\"og:image:height\" content=\"800\" \/>\n\t<meta property=\"og:image:type\" content=\"image\/jpeg\" \/>\n<meta name=\"twitter:card\" content=\"summary_large_image\" \/>\n<script type=\"application\/ld+json\" class=\"yoast-schema-graph\">{\"@context\":\"https:\/\/schema.org\",\"@graph\":[{\"@type\":\"WebPage\",\"@id\":\"https:\/\/biocabaz.pt\/web\/produto\/ergyflex-30-saquetas-nutergia\/\",\"url\":\"https:\/\/biocabaz.pt\/web\/produto\/ergyflex-30-saquetas-nutergia\/\",\"name\":\"ERGYFLEX 30 SAQUETAS NUTERGIA\",\"isPartOf\":{\"@id\":\"https:\/\/biocabaz.pt\/web\/en\/#website\"},\"primaryImageOfPage\":{\"@id\":\"https:\/\/biocabaz.pt\/web\/produto\/ergyflex-30-saquetas-nutergia\/#primaryimage\"},\"image\":{\"@id\":\"https:\/\/biocabaz.pt\/web\/produto\/ergyflex-30-saquetas-nutergia\/#primaryimage\"},\"thumbnailUrl\":\"https:\/\/www.biocabaz.pt\/web\/wp-conteudos\/uploads\/2021\/11\/ergyflex-30-saquetas-nutergia.jpg\",\"datePublished\":\"2021-11-11T21:44:47+00:00\",\"dateModified\":\"2024-10-30T13:29:19+00:00\",\"breadcrumb\":{\"@id\":\"https:\/\/biocabaz.pt\/web\/produto\/ergyflex-30-saquetas-nutergia\/#breadcrumb\"},\"inLanguage\":\"pt-PT\",\"potentialAction\":[{\"@type\":\"ReadAction\",\"target\":[\"https:\/\/biocabaz.pt\/web\/produto\/ergyflex-30-saquetas-nutergia\/\"]}]},{\"@type\":\"ImageObject\",\"inLanguage\":\"pt-PT\",\"@id\":\"https:\/\/biocabaz.pt\/web\/produto\/ergyflex-30-saquetas-nutergia\/#primaryimage\",\"url\":\"https:\/\/www.biocabaz.pt\/web\/wp-conteudos\/uploads\/2021\/11\/ergyflex-30-saquetas-nutergia.jpg\",\"contentUrl\":\"https:\/\/www.biocabaz.pt\/web\/wp-conteudos\/uploads\/2021\/11\/ergyflex-30-saquetas-nutergia.jpg\",\"width\":800,\"height\":800,\"caption\":\"ergyflex-30-saquetas-nutergia\"},{\"@type\":\"BreadcrumbList\",\"@id\":\"https:\/\/biocabaz.pt\/web\/produto\/ergyflex-30-saquetas-nutergia\/#breadcrumb\",\"itemListElement\":[{\"@type\":\"ListItem\",\"position\":1,\"name\":\"Home\",\"item\":\"https:\/\/biocabaz.pt\/web\/en\/\"},{\"@type\":\"ListItem\",\"position\":2,\"name\":\"Shop\",\"item\":\"https:\/\/biocabaz.pt\/web\/en\/shop\/\"},{\"@type\":\"ListItem\",\"position\":3,\"name\":\"ERGYFLEX 30 SAQUETAS NUTERGIA\"}]},{\"@type\":\"WebSite\",\"@id\":\"https:\/\/biocabaz.pt\/web\/en\/#website\",\"url\":\"https:\/\/biocabaz.pt\/web\/en\/\",\"name\":\"BIOCABAZ - CABAZES BIOL\u00d3GICOS\",\"description\":\"O melhor que a terra d\u00e1 \u00e9 para si\",\"potentialAction\":[{\"@type\":\"SearchAction\",\"target\":{\"@type\":\"EntryPoint\",\"urlTemplate\":\"https:\/\/biocabaz.pt\/web\/en\/?s={search_term_string}\"},\"query-input\":{\"@type\":\"PropertyValueSpecification\",\"valueRequired\":true,\"valueName\":\"search_term_string\"}}],\"inLanguage\":\"pt-PT\"}]}<\/script>\n<!-- \/ Yoast SEO plugin. -->","yoast_head_json":{"title":"ERGYFLEX 30 SAQUETAS NUTERGIA","robots":{"index":"index","follow":"follow","max-snippet":"max-snippet:-1","max-image-preview":"max-image-preview:large","max-video-preview":"max-video-preview:-1"},"canonical":"https:\/\/biocabaz.pt\/web\/produto\/ergyflex-30-saquetas-nutergia\/","og_locale":"pt_PT","og_type":"article","og_title":"[:pt]ERGYFLEX 30 SAQUETAS NUTERGIA[:] - BIOCABAZ - CABAZES BIOL\u00d3GICOS","og_description":"ErgyFlex 30 Saquetas\u00a0da Nutergia  Suplemento alimentar \u00e0 base de Col\u00e1geno, Glucosamina, Condroitina, \u00c1cido hialur\u00f3nico e Curcumina.  ERGYFLEX fornece col\u00e1geno, glucosamina, condroitina e \u00e1cido hialur\u00f3nico, componentes da cartilagem e da pele. \u00c9 rico em vitamina C, que contribui para a forma\u00e7\u00e3o do col\u00e1geno assegurando o normal funcionamento das cartilagens, ossos e pele. \u00c9 tamb\u00e9m composto por mangan\u00eas, que participa na forma\u00e7\u00e3o dos tecidos conjuntivos.  \u00c9 indicado para quem sofre de osteoartrite ou osteoartrose e procura evitar a sua progress\u00e3o, reduzindo o incha\u00e7o e a dor. Tamb\u00e9m para desportistas que t\u00eam um maior desgaste articular, principalmente em desportos de alto impacto (andebol, rugby, combate, etc.) e desportos de longa dura\u00e7\u00e3o (corrida, trekking, montanhismo, etc.).  A partir da idade adulta, aumenta a fragilidade dos ossos, articula\u00e7\u00f5es e pele. Assim, ERGYFLEX \u00e9 tamb\u00e9m recomendado para pessoas com especial interesse na preven\u00e7\u00e3o do envelhecimento precoce da pele, ajudando a impedir a degrada\u00e7\u00e3o inicial de col\u00e1geno e subsequente aparecimento precoce de rugas (+\/- 40 anos de idade). Tamb\u00e9m indicado para a celulite, pois ajuda a melhorar a qualidade da pele e tecidos.  Este suplemento \u00e9\u00a0tamb\u00e9m um bom suporte em todos os transtornos de sa\u00fade onde a qualidade do tecido conjuntivo \u00e9 um factor importante (osteopenia, osteoporose, doen\u00e7a cardiovascular, etc.) e em situa\u00e7\u00f5es que requerem uma acelera\u00e7\u00e3o da cura e recupera\u00e7\u00e3o da pele (est\u00e9tica e medicina reparadora).  &nbsp;  &nbsp;  &nbsp;  &nbsp;  Dosagem e Administra\u00e7\u00e3o: Tomar 1 saqueta por dia dilu\u00edda num copo de \u00e1gua (100ml) durante a refei\u00e7\u00e3o, de prefer\u00eancia num shaker.","og_url":"https:\/\/biocabaz.pt\/web\/produto\/ergyflex-30-saquetas-nutergia\/","og_site_name":"BIOCABAZ - CABAZES BIOL\u00d3GICOS","article_modified_time":"2024-10-30T13:29:19+00:00","og_image":[{"width":800,"height":800,"url":"https:\/\/www.biocabaz.pt\/web\/wp-conteudos\/uploads\/2021\/11\/ergyflex-30-saquetas-nutergia.jpg","type":"image\/jpeg"}],"twitter_card":"summary_large_image","schema":{"@context":"https:\/\/schema.org","@graph":[{"@type":"WebPage","@id":"https:\/\/biocabaz.pt\/web\/produto\/ergyflex-30-saquetas-nutergia\/","url":"https:\/\/biocabaz.pt\/web\/produto\/ergyflex-30-saquetas-nutergia\/","name":"ERGYFLEX 30 SAQUETAS NUTERGIA","isPartOf":{"@id":"https:\/\/biocabaz.pt\/web\/en\/#website"},"primaryImageOfPage":{"@id":"https:\/\/biocabaz.pt\/web\/produto\/ergyflex-30-saquetas-nutergia\/#primaryimage"},"image":{"@id":"https:\/\/biocabaz.pt\/web\/produto\/ergyflex-30-saquetas-nutergia\/#primaryimage"},"thumbnailUrl":"https:\/\/www.biocabaz.pt\/web\/wp-conteudos\/uploads\/2021\/11\/ergyflex-30-saquetas-nutergia.jpg","datePublished":"2021-11-11T21:44:47+00:00","dateModified":"2024-10-30T13:29:19+00:00","breadcrumb":{"@id":"https:\/\/biocabaz.pt\/web\/produto\/ergyflex-30-saquetas-nutergia\/#breadcrumb"},"inLanguage":"pt-PT","potentialAction":[{"@type":"ReadAction","target":["https:\/\/biocabaz.pt\/web\/produto\/ergyflex-30-saquetas-nutergia\/"]}]},{"@type":"ImageObject","inLanguage":"pt-PT","@id":"https:\/\/biocabaz.pt\/web\/produto\/ergyflex-30-saquetas-nutergia\/#primaryimage","url":"https:\/\/www.biocabaz.pt\/web\/wp-conteudos\/uploads\/2021\/11\/ergyflex-30-saquetas-nutergia.jpg","contentUrl":"https:\/\/www.biocabaz.pt\/web\/wp-conteudos\/uploads\/2021\/11\/ergyflex-30-saquetas-nutergia.jpg","width":800,"height":800,"caption":"ergyflex-30-saquetas-nutergia"},{"@type":"BreadcrumbList","@id":"https:\/\/biocabaz.pt\/web\/produto\/ergyflex-30-saquetas-nutergia\/#breadcrumb","itemListElement":[{"@type":"ListItem","position":1,"name":"Home","item":"https:\/\/biocabaz.pt\/web\/en\/"},{"@type":"ListItem","position":2,"name":"Shop","item":"https:\/\/biocabaz.pt\/web\/en\/shop\/"},{"@type":"ListItem","position":3,"name":"ERGYFLEX 30 SAQUETAS NUTERGIA"}]},{"@type":"WebSite","@id":"https:\/\/biocabaz.pt\/web\/en\/#website","url":"https:\/\/biocabaz.pt\/web\/en\/","name":"BIOCABAZ - CABAZES BIOL\u00d3GICOS","description":"O melhor que a terra d\u00e1 \u00e9 para si","potentialAction":[{"@type":"SearchAction","target":{"@type":"EntryPoint","urlTemplate":"https:\/\/biocabaz.pt\/web\/en\/?s={search_term_string}"},"query-input":{"@type":"PropertyValueSpecification","valueRequired":true,"valueName":"search_term_string"}}],"inLanguage":"pt-PT"}]}},"_links":{"self":[{"href":"https:\/\/biocabaz.pt\/web\/wp-json\/wp\/v2\/product\/78346","targetHints":{"allow":["GET"]}}],"collection":[{"href":"https:\/\/biocabaz.pt\/web\/wp-json\/wp\/v2\/product"}],"about":[{"href":"https:\/\/biocabaz.pt\/web\/wp-json\/wp\/v2\/types\/product"}],"replies":[{"embeddable":true,"href":"https:\/\/biocabaz.pt\/web\/wp-json\/wp\/v2\/comments?post=78346"}],"wp:featuredmedia":[{"embeddable":true,"href":"https:\/\/biocabaz.pt\/web\/wp-json\/wp\/v2\/media\/78348"}],"wp:attachment":[{"href":"https:\/\/biocabaz.pt\/web\/wp-json\/wp\/v2\/media?parent=78346"}],"wp:term":[{"taxonomy":"product_cat","embeddable":true,"href":"https:\/\/biocabaz.pt\/web\/wp-json\/wp\/v2\/product_cat?post=78346"},{"taxonomy":"product_tag","embeddable":true,"href":"https:\/\/biocabaz.pt\/web\/wp-json\/wp\/v2\/product_tag?post=78346"}],"curies":[{"name":"wp","href":"https:\/\/api.w.org\/{rel}","templated":true}]}}