{"id":778,"date":"2016-04-08T09:59:34","date_gmt":"2016-04-08T09:59:34","guid":{"rendered":"http:\/\/www.biocabaz.com\/web\/produto\/gr-ketchup-450g\/"},"modified":"2023-04-15T14:26:53","modified_gmt":"2023-04-15T14:26:53","slug":"gr-ketchup-450g","status":"publish","type":"product","link":"https:\/\/biocabaz.pt\/web\/produto\/gr-ketchup-450g\/","title":{"rendered":"KETCHUP BIO 450G"},"content":{"rendered":"<p><strong>Descri\u00e7\u00e3o <\/strong><br \/>\nIngredientes: polpa de tomate* (56%), \u00e1gua, amido de trigo*; a\u00e7\u00facar de cana integral*; aguardente de vinho*; xarope de \u00e1cer*; sal marinho*; piment\u00e3o*; pimenta*; caril*; (cont\u00e9m farinha de mostarda); cravos* * de agricultura biol\u00f3gica controlada. Pode conter vest\u00edgios de leite, soja, frutos de casca rija e aipo<\/p>\n<p><strong>Dados Nutricionais<\/strong><br \/>\nDeclara\u00e7\u00e3o Nutricional por 100g:<br \/>\nEnergia: 270kj( 64kcal; L\u00edpidos: 0,07g \u2013 dos quais saturados: 0,02g;<br \/>\nHidratos de carbono: 13,3g \u2013 dos quais a\u00e7\u00facares: 8,2g;<br \/>\nProte\u00ednas: 1,4g;<br \/>\nSal: 1,5g.<\/p>\n<p><strong>Modo Utiliza\u00e7\u00e3o<\/strong><br \/>\nConservar em local seco e fresco.<\/p>\n","protected":false},"excerpt":{"rendered":"<p>Descri\u00e7\u00e3o Ingredientes: polpa de tomate* (56%), \u00e1gua, amido de trigo*; a\u00e7\u00facar de cana integral*; aguardente de vinho*; xarope de \u00e1cer*; sal marinho*; piment\u00e3o*; pimenta*; caril*; (cont\u00e9m farinha de mostarda); cravos* * de agricultura biol\u00f3gica controlada. Pode conter vest\u00edgios de leite, soja, frutos de casca rija e aipo Dados Nutricionais Declara\u00e7\u00e3o Nutricional por 100g: Energia: 270kj( [&hellip;]<\/p>\n","protected":false},"featured_media":1220,"comment_status":"closed","ping_status":"closed","template":"","meta":[],"product_cat":[27],"product_tag":[],"class_list":["post-778","product","type-product","status-publish","has-post-thumbnail","hentry","product_cat-sal-especiarias-temperos"],"bundle_layout":"","bundled_by":[],"bundled_items":[],"yoast_head":"<!-- This site is optimized with the Yoast SEO plugin v26.3 - https:\/\/yoast.com\/wordpress\/plugins\/seo\/ -->\n<title>KETCHUP BIO 450G<\/title>\n<meta name=\"robots\" content=\"index, follow, max-snippet:-1, max-image-preview:large, max-video-preview:-1\" \/>\n<link rel=\"canonical\" href=\"https:\/\/www.biocabaz.pt\/web\/produto\/gr-ketchup-450g\/\" \/>\n<meta property=\"og:locale\" content=\"pt_PT\" \/>\n<meta property=\"og:locale:alternate\" content=\"en_US\" \/>\n<meta property=\"og:type\" content=\"article\" \/>\n<meta property=\"og:title\" content=\"KETCHUP BIO 450G\" \/>\n<meta property=\"og:description\" content=\"Descri\u00e7\u00e3o Ingredientes: polpa de tomate* (56%), \u00e1gua, amido de trigo*; a\u00e7\u00facar de cana integral*; aguardente de vinho*; xarope de \u00e1cer*; sal marinho*; piment\u00e3o*; pimenta*; caril*; (cont\u00e9m farinha de mostarda); cravos* * de agricultura biol\u00f3gica controlada. Pode conter vest\u00edgios de leite, soja, frutos de casca rija e aipo Dados Nutricionais Declara\u00e7\u00e3o Nutricional por 100g: Energia: 270kj( [&hellip;]\" \/>\n<meta property=\"og:url\" content=\"https:\/\/biocabaz.pt\/web\/produto\/gr-ketchup-450g\/\" \/>\n<meta property=\"og:site_name\" content=\"BIOCABAZ - CABAZES BIOL\u00d3GICOS\" \/>\n<meta property=\"article:modified_time\" content=\"2023-04-15T14:26:53+00:00\" \/>\n<meta property=\"og:image\" content=\"https:\/\/www.biocabaz.pt\/web\/wp-conteudos\/uploads\/2016\/04\/tomaten-ketchup_klein.jpg\" \/>\n\t<meta property=\"og:image:width\" content=\"152\" \/>\n\t<meta property=\"og:image:height\" content=\"450\" \/>\n\t<meta property=\"og:image:type\" content=\"image\/jpeg\" \/>\n<meta name=\"twitter:card\" content=\"summary_large_image\" \/>\n<meta name=\"twitter:label1\" content=\"Est. reading time\" \/>\n\t<meta name=\"twitter:data1\" content=\"1 minuto\" \/>\n<script type=\"application\/ld+json\" class=\"yoast-schema-graph\">{\"@context\":\"https:\/\/schema.org\",\"@graph\":[{\"@type\":\"WebPage\",\"@id\":\"https:\/\/www.biocabaz.pt\/web\/produto\/gr-ketchup-450g\/\",\"url\":\"https:\/\/www.biocabaz.pt\/web\/produto\/gr-ketchup-450g\/\",\"name\":\"KETCHUP BIO 450G\",\"isPartOf\":{\"@id\":\"https:\/\/biocabaz.pt\/web\/en\/#website\"},\"primaryImageOfPage\":{\"@id\":\"https:\/\/www.biocabaz.pt\/web\/produto\/gr-ketchup-450g\/#primaryimage\"},\"image\":{\"@id\":\"https:\/\/www.biocabaz.pt\/web\/produto\/gr-ketchup-450g\/#primaryimage\"},\"thumbnailUrl\":\"https:\/\/www.biocabaz.pt\/web\/wp-conteudos\/uploads\/2016\/04\/tomaten-ketchup_klein.jpg\",\"datePublished\":\"2016-04-08T09:59:34+00:00\",\"dateModified\":\"2023-04-15T14:26:53+00:00\",\"breadcrumb\":{\"@id\":\"https:\/\/www.biocabaz.pt\/web\/produto\/gr-ketchup-450g\/#breadcrumb\"},\"inLanguage\":\"pt-PT\",\"potentialAction\":[{\"@type\":\"ReadAction\",\"target\":[\"https:\/\/www.biocabaz.pt\/web\/produto\/gr-ketchup-450g\/\"]}]},{\"@type\":\"ImageObject\",\"inLanguage\":\"pt-PT\",\"@id\":\"https:\/\/www.biocabaz.pt\/web\/produto\/gr-ketchup-450g\/#primaryimage\",\"url\":\"https:\/\/www.biocabaz.pt\/web\/wp-conteudos\/uploads\/2016\/04\/tomaten-ketchup_klein.jpg\",\"contentUrl\":\"https:\/\/www.biocabaz.pt\/web\/wp-conteudos\/uploads\/2016\/04\/tomaten-ketchup_klein.jpg\",\"width\":152,\"height\":450},{\"@type\":\"BreadcrumbList\",\"@id\":\"https:\/\/www.biocabaz.pt\/web\/produto\/gr-ketchup-450g\/#breadcrumb\",\"itemListElement\":[{\"@type\":\"ListItem\",\"position\":1,\"name\":\"Home\",\"item\":\"https:\/\/biocabaz.pt\/web\/en\/\"},{\"@type\":\"ListItem\",\"position\":2,\"name\":\"Shop\",\"item\":\"https:\/\/biocabaz.pt\/web\/en\/shop\/\"},{\"@type\":\"ListItem\",\"position\":3,\"name\":\"KETCHUP BIO 450G\"}]},{\"@type\":\"WebSite\",\"@id\":\"https:\/\/biocabaz.pt\/web\/en\/#website\",\"url\":\"https:\/\/biocabaz.pt\/web\/en\/\",\"name\":\"BIOCABAZ - CABAZES BIOL\u00d3GICOS\",\"description\":\"O melhor que a terra d\u00e1 \u00e9 para si\",\"potentialAction\":[{\"@type\":\"SearchAction\",\"target\":{\"@type\":\"EntryPoint\",\"urlTemplate\":\"https:\/\/biocabaz.pt\/web\/en\/?s={search_term_string}\"},\"query-input\":{\"@type\":\"PropertyValueSpecification\",\"valueRequired\":true,\"valueName\":\"search_term_string\"}}],\"inLanguage\":\"pt-PT\"}]}<\/script>\n<!-- \/ Yoast SEO plugin. -->","yoast_head_json":{"title":"KETCHUP BIO 450G","robots":{"index":"index","follow":"follow","max-snippet":"max-snippet:-1","max-image-preview":"max-image-preview:large","max-video-preview":"max-video-preview:-1"},"canonical":"https:\/\/www.biocabaz.pt\/web\/produto\/gr-ketchup-450g\/","og_locale":"pt_PT","og_type":"article","og_title":"[:en]ORGANIC KETCHUP 450GR[:pt]KETCHUP BIO 450G[:] - BIOCABAZ - CABAZES BIOL\u00d3GICOS","og_description":"Descri\u00e7\u00e3o Ingredientes: polpa de tomate* (56%), \u00e1gua, amido de trigo*; a\u00e7\u00facar de cana integral*; aguardente de vinho*; xarope de \u00e1cer*; sal marinho*; piment\u00e3o*; pimenta*; caril*; (cont\u00e9m farinha de mostarda); cravos* * de agricultura biol\u00f3gica controlada. Pode conter vest\u00edgios de leite, soja, frutos de casca rija e aipo Dados Nutricionais Declara\u00e7\u00e3o Nutricional por 100g: Energia: 270kj( [&hellip;]","og_url":"https:\/\/biocabaz.pt\/web\/produto\/gr-ketchup-450g\/","og_site_name":"BIOCABAZ - CABAZES BIOL\u00d3GICOS","article_modified_time":"2023-04-15T14:26:53+00:00","og_image":[{"width":152,"height":450,"url":"https:\/\/www.biocabaz.pt\/web\/wp-conteudos\/uploads\/2016\/04\/tomaten-ketchup_klein.jpg","type":"image\/jpeg"}],"twitter_card":"summary_large_image","twitter_misc":{"Est. reading time":"1 minuto"},"schema":{"@context":"https:\/\/schema.org","@graph":[{"@type":"WebPage","@id":"https:\/\/www.biocabaz.pt\/web\/produto\/gr-ketchup-450g\/","url":"https:\/\/www.biocabaz.pt\/web\/produto\/gr-ketchup-450g\/","name":"KETCHUP BIO 450G","isPartOf":{"@id":"https:\/\/biocabaz.pt\/web\/en\/#website"},"primaryImageOfPage":{"@id":"https:\/\/www.biocabaz.pt\/web\/produto\/gr-ketchup-450g\/#primaryimage"},"image":{"@id":"https:\/\/www.biocabaz.pt\/web\/produto\/gr-ketchup-450g\/#primaryimage"},"thumbnailUrl":"https:\/\/www.biocabaz.pt\/web\/wp-conteudos\/uploads\/2016\/04\/tomaten-ketchup_klein.jpg","datePublished":"2016-04-08T09:59:34+00:00","dateModified":"2023-04-15T14:26:53+00:00","breadcrumb":{"@id":"https:\/\/www.biocabaz.pt\/web\/produto\/gr-ketchup-450g\/#breadcrumb"},"inLanguage":"pt-PT","potentialAction":[{"@type":"ReadAction","target":["https:\/\/www.biocabaz.pt\/web\/produto\/gr-ketchup-450g\/"]}]},{"@type":"ImageObject","inLanguage":"pt-PT","@id":"https:\/\/www.biocabaz.pt\/web\/produto\/gr-ketchup-450g\/#primaryimage","url":"https:\/\/www.biocabaz.pt\/web\/wp-conteudos\/uploads\/2016\/04\/tomaten-ketchup_klein.jpg","contentUrl":"https:\/\/www.biocabaz.pt\/web\/wp-conteudos\/uploads\/2016\/04\/tomaten-ketchup_klein.jpg","width":152,"height":450},{"@type":"BreadcrumbList","@id":"https:\/\/www.biocabaz.pt\/web\/produto\/gr-ketchup-450g\/#breadcrumb","itemListElement":[{"@type":"ListItem","position":1,"name":"Home","item":"https:\/\/biocabaz.pt\/web\/en\/"},{"@type":"ListItem","position":2,"name":"Shop","item":"https:\/\/biocabaz.pt\/web\/en\/shop\/"},{"@type":"ListItem","position":3,"name":"KETCHUP BIO 450G"}]},{"@type":"WebSite","@id":"https:\/\/biocabaz.pt\/web\/en\/#website","url":"https:\/\/biocabaz.pt\/web\/en\/","name":"BIOCABAZ - CABAZES BIOL\u00d3GICOS","description":"O melhor que a terra d\u00e1 \u00e9 para si","potentialAction":[{"@type":"SearchAction","target":{"@type":"EntryPoint","urlTemplate":"https:\/\/biocabaz.pt\/web\/en\/?s={search_term_string}"},"query-input":{"@type":"PropertyValueSpecification","valueRequired":true,"valueName":"search_term_string"}}],"inLanguage":"pt-PT"}]}},"_links":{"self":[{"href":"https:\/\/biocabaz.pt\/web\/wp-json\/wp\/v2\/product\/778","targetHints":{"allow":["GET"]}}],"collection":[{"href":"https:\/\/biocabaz.pt\/web\/wp-json\/wp\/v2\/product"}],"about":[{"href":"https:\/\/biocabaz.pt\/web\/wp-json\/wp\/v2\/types\/product"}],"replies":[{"embeddable":true,"href":"https:\/\/biocabaz.pt\/web\/wp-json\/wp\/v2\/comments?post=778"}],"wp:featuredmedia":[{"embeddable":true,"href":"https:\/\/biocabaz.pt\/web\/wp-json\/wp\/v2\/media\/1220"}],"wp:attachment":[{"href":"https:\/\/biocabaz.pt\/web\/wp-json\/wp\/v2\/media?parent=778"}],"wp:term":[{"taxonomy":"product_cat","embeddable":true,"href":"https:\/\/biocabaz.pt\/web\/wp-json\/wp\/v2\/product_cat?post=778"},{"taxonomy":"product_tag","embeddable":true,"href":"https:\/\/biocabaz.pt\/web\/wp-json\/wp\/v2\/product_tag?post=778"}],"curies":[{"name":"wp","href":"https:\/\/api.w.org\/{rel}","templated":true}]}}