{"id":76596,"date":"2021-09-29T21:52:54","date_gmt":"2021-09-29T21:52:54","guid":{"rendered":"https:\/\/www.biocabaz.pt\/web\/?post_type=product&#038;p=76596"},"modified":"2022-10-03T19:24:38","modified_gmt":"2022-10-03T19:24:38","slug":"astragalus-extract-500-mg-90-capsulas-now","status":"publish","type":"product","link":"https:\/\/biocabaz.pt\/web\/produto\/astragalus-extract-500-mg-90-capsulas-now\/","title":{"rendered":"ASTRAGALUS EXTRACT 500 MG 90 C\u00c1PSULAS  NOW"},"content":{"rendered":"","protected":false},"excerpt":{"rendered":"<p><strong>NOW Astragalus 70 % Extract 500mg\u00a0\u00e9 um suplemento alimentar indicado para manuten\u00e7\u00e3o do sistema imunol\u00f3gico.\u00a0<\/strong>Estimula a produ\u00e7\u00e3o de c\u00e9lulas imunes e interferon contra agentes externos como v\u00edrus, bact\u00e9rias e c\u00e9lulas tumorais. Padronizado a 70% de polissac\u00e1ridos. Estimula a s\u00edntese de anticorpos. F\u00f3rmula vegetariana.<\/p>\n<p><b>Apresenta\u00e7\u00e3o:<\/b>\u00a0Embalagem de 90 C\u00e1psulas Vegetais (500 Mg).<\/p>\n<p><b>Modo de Tomar:<\/b>\u00a0Tomar 1 c\u00e1psula, 1 a 3 vezes por dia, conforme necessidade, de prefer\u00eancia \u00e0s refei\u00e7\u00f5es.<\/p>\n<p><b>Ingredientes:<\/b>\u00a0Extracto de raiz de Astragalus (500mg)<\/p>\n<p><b>Outros Ingredientes:<\/b>\u00a0Celulose (c\u00e1psula); Estearato de magn\u00e9sio (fonte vegetal); Farinha de arroz e s\u00edlica.<\/p>\n<p><b>N\u00e3o cont\u00e9m<\/b>\u00a0A\u00e7\u00facar, sal, levedura, trigo, gl\u00faten, milho, soja, leite ou conservantes. Suplemento Vegetariano\/Vegan.<\/p>\n<p><b>Advert\u00eancias:<\/b>\u00a0Os suplementos alimentares n\u00e3o devem ser utilizados como substitutos de um regime alimentar variado e equilibrado e de um modo de vida saud\u00e1vel. Manter fora do alcance e vis\u00e3o das crian\u00e7as. N\u00e3o exceder as dosagens recomendadas. Manter em local fresco e seco, ao abrigo da luz, calor e humidade. Em caso de gravidez ou amamenta\u00e7\u00e3o a toma deve ser feita sob indica\u00e7\u00e3o m\u00e9dica. N\u00e3o utilizar em caso de hipersensibilidade, alergia e quando estejam descritas intera\u00e7\u00f5es de outro produto com qualquer um dos constituintes da formula\u00e7\u00e3o.<\/p>\n","protected":false},"featured_media":76597,"comment_status":"closed","ping_status":"closed","template":"","meta":[],"product_cat":[88],"product_tag":[],"class_list":["post-76596","product","type-product","status-publish","has-post-thumbnail","hentry","product_cat-suplementos"],"bundle_layout":"","bundled_by":[],"bundled_items":[],"yoast_head":"<!-- This site is optimized with the Yoast SEO plugin v26.3 - https:\/\/yoast.com\/wordpress\/plugins\/seo\/ -->\n<title>ASTRAGALUS EXTRACT 500 MG 90 C\u00c1PSULAS NOW<\/title>\n<meta name=\"robots\" content=\"index, follow, max-snippet:-1, max-image-preview:large, max-video-preview:-1\" \/>\n<link rel=\"canonical\" href=\"https:\/\/biocabaz.pt\/web\/produto\/astragalus-extract-500-mg-90-capsulas-now\/\" \/>\n<meta property=\"og:locale\" content=\"pt_PT\" \/>\n<meta property=\"og:locale:alternate\" content=\"en_US\" \/>\n<meta property=\"og:type\" content=\"article\" \/>\n<meta property=\"og:title\" content=\"ASTRAGALUS EXTRACT 500 MG 90 C\u00c1PSULAS NOW\" \/>\n<meta property=\"og:description\" content=\"NOW Astragalus 70 % Extract 500mg\u00a0\u00e9 um suplemento alimentar indicado para manuten\u00e7\u00e3o do sistema imunol\u00f3gico.\u00a0Estimula a produ\u00e7\u00e3o de c\u00e9lulas imunes e interferon contra agentes externos como v\u00edrus, bact\u00e9rias e c\u00e9lulas tumorais. Padronizado a 70% de polissac\u00e1ridos. Estimula a s\u00edntese de anticorpos. F\u00f3rmula vegetariana.  Apresenta\u00e7\u00e3o:\u00a0Embalagem de 90 C\u00e1psulas Vegetais (500 Mg).  Modo de Tomar:\u00a0Tomar 1 c\u00e1psula, 1 a 3 vezes por dia, conforme necessidade, de prefer\u00eancia \u00e0s refei\u00e7\u00f5es.  Ingredientes:\u00a0Extracto de raiz de Astragalus (500mg)  Outros Ingredientes:\u00a0Celulose (c\u00e1psula); Estearato de magn\u00e9sio (fonte vegetal); Farinha de arroz e s\u00edlica.  N\u00e3o cont\u00e9m\u00a0A\u00e7\u00facar, sal, levedura, trigo, gl\u00faten, milho, soja, leite ou conservantes. Suplemento Vegetariano\/Vegan.  Advert\u00eancias:\u00a0Os suplementos alimentares n\u00e3o devem ser utilizados como substitutos de um regime alimentar variado e equilibrado e de um modo de vida saud\u00e1vel. Manter fora do alcance e vis\u00e3o das crian\u00e7as. N\u00e3o exceder as dosagens recomendadas. Manter em local fresco e seco, ao abrigo da luz, calor e humidade. Em caso de gravidez ou amamenta\u00e7\u00e3o a toma deve ser feita sob indica\u00e7\u00e3o m\u00e9dica. N\u00e3o utilizar em caso de hipersensibilidade, alergia e quando estejam descritas intera\u00e7\u00f5es de outro produto com qualquer um dos constituintes da formula\u00e7\u00e3o.\" \/>\n<meta property=\"og:url\" content=\"https:\/\/biocabaz.pt\/web\/produto\/astragalus-extract-500-mg-90-capsulas-now\/\" \/>\n<meta property=\"og:site_name\" content=\"BIOCABAZ - CABAZES BIOL\u00d3GICOS\" \/>\n<meta property=\"article:modified_time\" content=\"2022-10-03T19:24:38+00:00\" \/>\n<meta property=\"og:image\" content=\"https:\/\/www.biocabaz.pt\/web\/wp-conteudos\/uploads\/2021\/09\/astragalus-extract-500-mg-90-capsulas-now.jpg\" \/>\n\t<meta property=\"og:image:width\" content=\"413\" \/>\n\t<meta property=\"og:image:height\" content=\"880\" \/>\n\t<meta property=\"og:image:type\" content=\"image\/jpeg\" \/>\n<meta name=\"twitter:card\" content=\"summary_large_image\" \/>\n<script type=\"application\/ld+json\" class=\"yoast-schema-graph\">{\"@context\":\"https:\/\/schema.org\",\"@graph\":[{\"@type\":\"WebPage\",\"@id\":\"https:\/\/biocabaz.pt\/web\/produto\/astragalus-extract-500-mg-90-capsulas-now\/\",\"url\":\"https:\/\/biocabaz.pt\/web\/produto\/astragalus-extract-500-mg-90-capsulas-now\/\",\"name\":\"ASTRAGALUS EXTRACT 500 MG 90 C\u00c1PSULAS NOW\",\"isPartOf\":{\"@id\":\"https:\/\/www.biocabaz.pt\/web\/#website\"},\"primaryImageOfPage\":{\"@id\":\"https:\/\/biocabaz.pt\/web\/produto\/astragalus-extract-500-mg-90-capsulas-now\/#primaryimage\"},\"image\":{\"@id\":\"https:\/\/biocabaz.pt\/web\/produto\/astragalus-extract-500-mg-90-capsulas-now\/#primaryimage\"},\"thumbnailUrl\":\"https:\/\/www.biocabaz.pt\/web\/wp-conteudos\/uploads\/2021\/09\/astragalus-extract-500-mg-90-capsulas-now.jpg\",\"datePublished\":\"2021-09-29T21:52:54+00:00\",\"dateModified\":\"2022-10-03T19:24:38+00:00\",\"breadcrumb\":{\"@id\":\"https:\/\/biocabaz.pt\/web\/produto\/astragalus-extract-500-mg-90-capsulas-now\/#breadcrumb\"},\"inLanguage\":\"pt-PT\",\"potentialAction\":[{\"@type\":\"ReadAction\",\"target\":[\"https:\/\/biocabaz.pt\/web\/produto\/astragalus-extract-500-mg-90-capsulas-now\/\"]}]},{\"@type\":\"ImageObject\",\"inLanguage\":\"pt-PT\",\"@id\":\"https:\/\/biocabaz.pt\/web\/produto\/astragalus-extract-500-mg-90-capsulas-now\/#primaryimage\",\"url\":\"https:\/\/www.biocabaz.pt\/web\/wp-conteudos\/uploads\/2021\/09\/astragalus-extract-500-mg-90-capsulas-now.jpg\",\"contentUrl\":\"https:\/\/www.biocabaz.pt\/web\/wp-conteudos\/uploads\/2021\/09\/astragalus-extract-500-mg-90-capsulas-now.jpg\",\"width\":413,\"height\":880,\"caption\":\"ASTRAGALUS EXTRACT 500 MG 90 C\u00c1PSULAS NOW\"},{\"@type\":\"BreadcrumbList\",\"@id\":\"https:\/\/biocabaz.pt\/web\/produto\/astragalus-extract-500-mg-90-capsulas-now\/#breadcrumb\",\"itemListElement\":[{\"@type\":\"ListItem\",\"position\":1,\"name\":\"Home\",\"item\":\"https:\/\/www.biocabaz.pt\/web\/\"},{\"@type\":\"ListItem\",\"position\":2,\"name\":\"Shop\",\"item\":\"https:\/\/www.biocabaz.pt\/web\/en\/shop\/\"},{\"@type\":\"ListItem\",\"position\":3,\"name\":\"ASTRAGALUS EXTRACT 500 MG 90 C\u00c1PSULAS NOW\"}]},{\"@type\":\"WebSite\",\"@id\":\"https:\/\/www.biocabaz.pt\/web\/#website\",\"url\":\"https:\/\/www.biocabaz.pt\/web\/\",\"name\":\"BIOCABAZ - CABAZES BIOL\u00d3GICOS\",\"description\":\"O melhor que a terra d\u00e1 \u00e9 para si\",\"potentialAction\":[{\"@type\":\"SearchAction\",\"target\":{\"@type\":\"EntryPoint\",\"urlTemplate\":\"https:\/\/www.biocabaz.pt\/web\/?s={search_term_string}\"},\"query-input\":{\"@type\":\"PropertyValueSpecification\",\"valueRequired\":true,\"valueName\":\"search_term_string\"}}],\"inLanguage\":\"pt-PT\"}]}<\/script>\n<!-- \/ Yoast SEO plugin. -->","yoast_head_json":{"title":"ASTRAGALUS EXTRACT 500 MG 90 C\u00c1PSULAS NOW","robots":{"index":"index","follow":"follow","max-snippet":"max-snippet:-1","max-image-preview":"max-image-preview:large","max-video-preview":"max-video-preview:-1"},"canonical":"https:\/\/biocabaz.pt\/web\/produto\/astragalus-extract-500-mg-90-capsulas-now\/","og_locale":"pt_PT","og_type":"article","og_title":"[:pt]ASTRAGALUS EXTRACT 500 MG 90 C\u00c1PSULAS NOW[:] - BIOCABAZ - CABAZES BIOL\u00d3GICOS","og_description":"NOW Astragalus 70 % Extract 500mg\u00a0\u00e9 um suplemento alimentar indicado para manuten\u00e7\u00e3o do sistema imunol\u00f3gico.\u00a0Estimula a produ\u00e7\u00e3o de c\u00e9lulas imunes e interferon contra agentes externos como v\u00edrus, bact\u00e9rias e c\u00e9lulas tumorais. Padronizado a 70% de polissac\u00e1ridos. Estimula a s\u00edntese de anticorpos. F\u00f3rmula vegetariana.  Apresenta\u00e7\u00e3o:\u00a0Embalagem de 90 C\u00e1psulas Vegetais (500 Mg).  Modo de Tomar:\u00a0Tomar 1 c\u00e1psula, 1 a 3 vezes por dia, conforme necessidade, de prefer\u00eancia \u00e0s refei\u00e7\u00f5es.  Ingredientes:\u00a0Extracto de raiz de Astragalus (500mg)  Outros Ingredientes:\u00a0Celulose (c\u00e1psula); Estearato de magn\u00e9sio (fonte vegetal); Farinha de arroz e s\u00edlica.  N\u00e3o cont\u00e9m\u00a0A\u00e7\u00facar, sal, levedura, trigo, gl\u00faten, milho, soja, leite ou conservantes. Suplemento Vegetariano\/Vegan.  Advert\u00eancias:\u00a0Os suplementos alimentares n\u00e3o devem ser utilizados como substitutos de um regime alimentar variado e equilibrado e de um modo de vida saud\u00e1vel. Manter fora do alcance e vis\u00e3o das crian\u00e7as. N\u00e3o exceder as dosagens recomendadas. Manter em local fresco e seco, ao abrigo da luz, calor e humidade. Em caso de gravidez ou amamenta\u00e7\u00e3o a toma deve ser feita sob indica\u00e7\u00e3o m\u00e9dica. N\u00e3o utilizar em caso de hipersensibilidade, alergia e quando estejam descritas intera\u00e7\u00f5es de outro produto com qualquer um dos constituintes da formula\u00e7\u00e3o.","og_url":"https:\/\/biocabaz.pt\/web\/produto\/astragalus-extract-500-mg-90-capsulas-now\/","og_site_name":"BIOCABAZ - CABAZES BIOL\u00d3GICOS","article_modified_time":"2022-10-03T19:24:38+00:00","og_image":[{"width":413,"height":880,"url":"https:\/\/www.biocabaz.pt\/web\/wp-conteudos\/uploads\/2021\/09\/astragalus-extract-500-mg-90-capsulas-now.jpg","type":"image\/jpeg"}],"twitter_card":"summary_large_image","schema":{"@context":"https:\/\/schema.org","@graph":[{"@type":"WebPage","@id":"https:\/\/biocabaz.pt\/web\/produto\/astragalus-extract-500-mg-90-capsulas-now\/","url":"https:\/\/biocabaz.pt\/web\/produto\/astragalus-extract-500-mg-90-capsulas-now\/","name":"ASTRAGALUS EXTRACT 500 MG 90 C\u00c1PSULAS NOW","isPartOf":{"@id":"https:\/\/www.biocabaz.pt\/web\/#website"},"primaryImageOfPage":{"@id":"https:\/\/biocabaz.pt\/web\/produto\/astragalus-extract-500-mg-90-capsulas-now\/#primaryimage"},"image":{"@id":"https:\/\/biocabaz.pt\/web\/produto\/astragalus-extract-500-mg-90-capsulas-now\/#primaryimage"},"thumbnailUrl":"https:\/\/www.biocabaz.pt\/web\/wp-conteudos\/uploads\/2021\/09\/astragalus-extract-500-mg-90-capsulas-now.jpg","datePublished":"2021-09-29T21:52:54+00:00","dateModified":"2022-10-03T19:24:38+00:00","breadcrumb":{"@id":"https:\/\/biocabaz.pt\/web\/produto\/astragalus-extract-500-mg-90-capsulas-now\/#breadcrumb"},"inLanguage":"pt-PT","potentialAction":[{"@type":"ReadAction","target":["https:\/\/biocabaz.pt\/web\/produto\/astragalus-extract-500-mg-90-capsulas-now\/"]}]},{"@type":"ImageObject","inLanguage":"pt-PT","@id":"https:\/\/biocabaz.pt\/web\/produto\/astragalus-extract-500-mg-90-capsulas-now\/#primaryimage","url":"https:\/\/www.biocabaz.pt\/web\/wp-conteudos\/uploads\/2021\/09\/astragalus-extract-500-mg-90-capsulas-now.jpg","contentUrl":"https:\/\/www.biocabaz.pt\/web\/wp-conteudos\/uploads\/2021\/09\/astragalus-extract-500-mg-90-capsulas-now.jpg","width":413,"height":880,"caption":"ASTRAGALUS EXTRACT 500 MG 90 C\u00c1PSULAS NOW"},{"@type":"BreadcrumbList","@id":"https:\/\/biocabaz.pt\/web\/produto\/astragalus-extract-500-mg-90-capsulas-now\/#breadcrumb","itemListElement":[{"@type":"ListItem","position":1,"name":"Home","item":"https:\/\/www.biocabaz.pt\/web\/"},{"@type":"ListItem","position":2,"name":"Shop","item":"https:\/\/www.biocabaz.pt\/web\/en\/shop\/"},{"@type":"ListItem","position":3,"name":"ASTRAGALUS EXTRACT 500 MG 90 C\u00c1PSULAS NOW"}]},{"@type":"WebSite","@id":"https:\/\/www.biocabaz.pt\/web\/#website","url":"https:\/\/www.biocabaz.pt\/web\/","name":"BIOCABAZ - CABAZES BIOL\u00d3GICOS","description":"O melhor que a terra d\u00e1 \u00e9 para si","potentialAction":[{"@type":"SearchAction","target":{"@type":"EntryPoint","urlTemplate":"https:\/\/www.biocabaz.pt\/web\/?s={search_term_string}"},"query-input":{"@type":"PropertyValueSpecification","valueRequired":true,"valueName":"search_term_string"}}],"inLanguage":"pt-PT"}]}},"_links":{"self":[{"href":"https:\/\/biocabaz.pt\/web\/wp-json\/wp\/v2\/product\/76596","targetHints":{"allow":["GET"]}}],"collection":[{"href":"https:\/\/biocabaz.pt\/web\/wp-json\/wp\/v2\/product"}],"about":[{"href":"https:\/\/biocabaz.pt\/web\/wp-json\/wp\/v2\/types\/product"}],"replies":[{"embeddable":true,"href":"https:\/\/biocabaz.pt\/web\/wp-json\/wp\/v2\/comments?post=76596"}],"wp:featuredmedia":[{"embeddable":true,"href":"https:\/\/biocabaz.pt\/web\/wp-json\/wp\/v2\/media\/76597"}],"wp:attachment":[{"href":"https:\/\/biocabaz.pt\/web\/wp-json\/wp\/v2\/media?parent=76596"}],"wp:term":[{"taxonomy":"product_cat","embeddable":true,"href":"https:\/\/biocabaz.pt\/web\/wp-json\/wp\/v2\/product_cat?post=76596"},{"taxonomy":"product_tag","embeddable":true,"href":"https:\/\/biocabaz.pt\/web\/wp-json\/wp\/v2\/product_tag?post=76596"}],"curies":[{"name":"wp","href":"https:\/\/api.w.org\/{rel}","templated":true}]}}