{"id":76128,"date":"2021-09-20T10:18:50","date_gmt":"2021-09-20T10:18:50","guid":{"rendered":"https:\/\/www.biocabaz.pt\/web\/?post_type=product&#038;p=76128"},"modified":"2023-04-15T14:36:53","modified_gmt":"2023-04-15T14:36:53","slug":"agua-de-coco-bio-provida-330ml","status":"publish","type":"product","link":"https:\/\/biocabaz.pt\/web\/produto\/agua-de-coco-bio-provida-330ml\/","title":{"rendered":"AGUA DE COCO BIO PROVIDA 330ML"},"content":{"rendered":"","protected":false},"excerpt":{"rendered":"<h3>DESCRI\u00c7\u00c3O<\/h3>\n<p>\u00c1gua de Coco BIO sem a\u00e7\u00facares adicionados. Naturalmente sem gl\u00faten. 100% \u00e1gua de coco. Fonte de pot\u00e1ssio. Ingredientes: \u00c1gua de Coco* (Cocos nuc\u00edfera), antioxidante: \u00e1cido asc\u00f3rbico. *De produ\u00e7\u00e3o biol\u00f3gica. BR-BIO-122 Agricultura Brasil.<\/p>\n<h3>DADOS NUTRICIONAIS<\/h3>\n<p>Declara\u00e7\u00e3o Nutricional por 100ml- Energia: 76kJ\/18kcal; L\u00edpidos- 0,0g, dos quais saturados- 0,0g; Hidratos de Carbono- 4,0g, dos quais a\u00e7\u00facares- 3,0g; Fibra- 1,0g; Prote\u00ednas- 0,0g; Sal- 0,01g; Pot\u00e1ssio- 180mg (9%VRN*); *VRN- Valor de Refer\u00eancia do Nutriente<\/p>\n<h3>MODO DE UTILIZA\u00c7\u00c3O<\/h3>\n<p>CONSERVAR EM LOCAL SECO E FRESCO ( protegido de luminosidade ). Depois de aberto, conservar no frigor\u00edfico e consumir dentro de 2-3 dias.<\/p>\n","protected":false},"featured_media":76129,"comment_status":"closed","ping_status":"closed","template":"","meta":[],"product_cat":[34],"product_tag":[],"class_list":["post-76128","product","type-product","status-publish","has-post-thumbnail","hentry","product_cat-leites-bebidas-vegetais"],"bundle_layout":"","bundled_by":[],"bundled_items":[],"yoast_head":"<!-- This site is optimized with the Yoast SEO plugin v26.3 - https:\/\/yoast.com\/wordpress\/plugins\/seo\/ -->\n<title>AGUA DE COCO BIO PROVIDA 330ML<\/title>\n<meta name=\"robots\" content=\"index, follow, max-snippet:-1, max-image-preview:large, max-video-preview:-1\" \/>\n<link rel=\"canonical\" href=\"https:\/\/biocabaz.pt\/web\/produto\/agua-de-coco-bio-provida-330ml\/\" \/>\n<meta property=\"og:locale\" content=\"pt_PT\" \/>\n<meta property=\"og:locale:alternate\" content=\"en_US\" \/>\n<meta property=\"og:type\" content=\"article\" \/>\n<meta property=\"og:title\" content=\"AGUA DE COCO BIO PROVIDA 330ML\" \/>\n<meta property=\"og:description\" content=\"DESCRI\u00c7\u00c3O \u00c1gua de Coco BIO sem a\u00e7\u00facares adicionados. Naturalmente sem gl\u00faten. 100% \u00e1gua de coco. Fonte de pot\u00e1ssio. Ingredientes: \u00c1gua de Coco* (Cocos nuc\u00edfera), antioxidante: \u00e1cido asc\u00f3rbico. *De produ\u00e7\u00e3o biol\u00f3gica. BR-BIO-122 Agricultura Brasil. DADOS NUTRICIONAIS Declara\u00e7\u00e3o Nutricional por 100ml- Energia: 76kJ\/18kcal; L\u00edpidos- 0,0g, dos quais saturados- 0,0g; Hidratos de Carbono- 4,0g, dos quais a\u00e7\u00facares- 3,0g; Fibra- 1,0g; Prote\u00ednas- 0,0g; Sal- 0,01g; Pot\u00e1ssio- 180mg (9%VRN*); *VRN- Valor de Refer\u00eancia do Nutriente MODO DE UTILIZA\u00c7\u00c3O CONSERVAR EM LOCAL SECO E FRESCO ( protegido de luminosidade ). Depois de aberto, conservar no frigor\u00edfico e consumir dentro de 2-3 dias.\" \/>\n<meta property=\"og:url\" content=\"https:\/\/biocabaz.pt\/web\/produto\/agua-de-coco-bio-provida-330ml\/\" \/>\n<meta property=\"og:site_name\" content=\"BIOCABAZ - CABAZES BIOL\u00d3GICOS\" \/>\n<meta property=\"article:modified_time\" content=\"2023-04-15T14:36:53+00:00\" \/>\n<meta property=\"og:image\" content=\"https:\/\/www.biocabaz.pt\/web\/wp-conteudos\/uploads\/2021\/09\/agua-de-coco-bio-provida-330ml.jpg\" \/>\n\t<meta property=\"og:image:width\" content=\"326\" \/>\n\t<meta property=\"og:image:height\" content=\"300\" \/>\n\t<meta property=\"og:image:type\" content=\"image\/jpeg\" \/>\n<meta name=\"twitter:card\" content=\"summary_large_image\" \/>\n<script type=\"application\/ld+json\" class=\"yoast-schema-graph\">{\"@context\":\"https:\/\/schema.org\",\"@graph\":[{\"@type\":\"WebPage\",\"@id\":\"https:\/\/biocabaz.pt\/web\/en\/produto\/agua-de-coco-bio-provida-330ml\/\",\"url\":\"https:\/\/biocabaz.pt\/web\/en\/produto\/agua-de-coco-bio-provida-330ml\/\",\"name\":\"AGUA DE COCO BIO PROVIDA 330ML\",\"isPartOf\":{\"@id\":\"https:\/\/www.biocabaz.pt\/web\/en\/#website\"},\"primaryImageOfPage\":{\"@id\":\"https:\/\/biocabaz.pt\/web\/en\/produto\/agua-de-coco-bio-provida-330ml\/#primaryimage\"},\"image\":{\"@id\":\"https:\/\/biocabaz.pt\/web\/en\/produto\/agua-de-coco-bio-provida-330ml\/#primaryimage\"},\"thumbnailUrl\":\"https:\/\/www.biocabaz.pt\/web\/wp-conteudos\/uploads\/2021\/09\/agua-de-coco-bio-provida-330ml.jpg\",\"datePublished\":\"2021-09-20T10:18:50+00:00\",\"dateModified\":\"2023-04-15T14:36:53+00:00\",\"breadcrumb\":{\"@id\":\"https:\/\/biocabaz.pt\/web\/en\/produto\/agua-de-coco-bio-provida-330ml\/#breadcrumb\"},\"inLanguage\":\"pt-PT\",\"potentialAction\":[{\"@type\":\"ReadAction\",\"target\":[\"https:\/\/biocabaz.pt\/web\/en\/produto\/agua-de-coco-bio-provida-330ml\/\"]}]},{\"@type\":\"ImageObject\",\"inLanguage\":\"pt-PT\",\"@id\":\"https:\/\/biocabaz.pt\/web\/en\/produto\/agua-de-coco-bio-provida-330ml\/#primaryimage\",\"url\":\"https:\/\/www.biocabaz.pt\/web\/wp-conteudos\/uploads\/2021\/09\/agua-de-coco-bio-provida-330ml.jpg\",\"contentUrl\":\"https:\/\/www.biocabaz.pt\/web\/wp-conteudos\/uploads\/2021\/09\/agua-de-coco-bio-provida-330ml.jpg\",\"width\":326,\"height\":300,\"caption\":\"AGUA DE COCO BIO PROVIDA 330ML\"},{\"@type\":\"BreadcrumbList\",\"@id\":\"https:\/\/biocabaz.pt\/web\/en\/produto\/agua-de-coco-bio-provida-330ml\/#breadcrumb\",\"itemListElement\":[{\"@type\":\"ListItem\",\"position\":1,\"name\":\"Home\",\"item\":\"https:\/\/www.biocabaz.pt\/web\/en\/\"},{\"@type\":\"ListItem\",\"position\":2,\"name\":\"Shop\",\"item\":\"https:\/\/www.biocabaz.pt\/web\/en\/shop\/\"},{\"@type\":\"ListItem\",\"position\":3,\"name\":\"AGUA DE COCO BIO PROVIDA 330ML\"}]},{\"@type\":\"WebSite\",\"@id\":\"https:\/\/www.biocabaz.pt\/web\/en\/#website\",\"url\":\"https:\/\/www.biocabaz.pt\/web\/en\/\",\"name\":\"BIOCABAZ - CABAZES BIOL\u00d3GICOS\",\"description\":\"O melhor que a terra d\u00e1 \u00e9 para si\",\"potentialAction\":[{\"@type\":\"SearchAction\",\"target\":{\"@type\":\"EntryPoint\",\"urlTemplate\":\"https:\/\/www.biocabaz.pt\/web\/en\/?s={search_term_string}\"},\"query-input\":{\"@type\":\"PropertyValueSpecification\",\"valueRequired\":true,\"valueName\":\"search_term_string\"}}],\"inLanguage\":\"pt-PT\"}]}<\/script>\n<!-- \/ Yoast SEO plugin. -->","yoast_head_json":{"title":"AGUA DE COCO BIO PROVIDA 330ML","robots":{"index":"index","follow":"follow","max-snippet":"max-snippet:-1","max-image-preview":"max-image-preview:large","max-video-preview":"max-video-preview:-1"},"canonical":"https:\/\/biocabaz.pt\/web\/produto\/agua-de-coco-bio-provida-330ml\/","og_locale":"pt_PT","og_type":"article","og_title":"[:pt]AGUA DE COCO BIO PROVIDA 330ML[:] - BIOCABAZ - CABAZES BIOL\u00d3GICOS","og_description":"DESCRI\u00c7\u00c3O \u00c1gua de Coco BIO sem a\u00e7\u00facares adicionados. Naturalmente sem gl\u00faten. 100% \u00e1gua de coco. Fonte de pot\u00e1ssio. Ingredientes: \u00c1gua de Coco* (Cocos nuc\u00edfera), antioxidante: \u00e1cido asc\u00f3rbico. *De produ\u00e7\u00e3o biol\u00f3gica. BR-BIO-122 Agricultura Brasil. DADOS NUTRICIONAIS Declara\u00e7\u00e3o Nutricional por 100ml- Energia: 76kJ\/18kcal; L\u00edpidos- 0,0g, dos quais saturados- 0,0g; Hidratos de Carbono- 4,0g, dos quais a\u00e7\u00facares- 3,0g; Fibra- 1,0g; Prote\u00ednas- 0,0g; Sal- 0,01g; Pot\u00e1ssio- 180mg (9%VRN*); *VRN- Valor de Refer\u00eancia do Nutriente MODO DE UTILIZA\u00c7\u00c3O CONSERVAR EM LOCAL SECO E FRESCO ( protegido de luminosidade ). Depois de aberto, conservar no frigor\u00edfico e consumir dentro de 2-3 dias.","og_url":"https:\/\/biocabaz.pt\/web\/produto\/agua-de-coco-bio-provida-330ml\/","og_site_name":"BIOCABAZ - CABAZES BIOL\u00d3GICOS","article_modified_time":"2023-04-15T14:36:53+00:00","og_image":[{"width":326,"height":300,"url":"https:\/\/www.biocabaz.pt\/web\/wp-conteudos\/uploads\/2021\/09\/agua-de-coco-bio-provida-330ml.jpg","type":"image\/jpeg"}],"twitter_card":"summary_large_image","schema":{"@context":"https:\/\/schema.org","@graph":[{"@type":"WebPage","@id":"https:\/\/biocabaz.pt\/web\/en\/produto\/agua-de-coco-bio-provida-330ml\/","url":"https:\/\/biocabaz.pt\/web\/en\/produto\/agua-de-coco-bio-provida-330ml\/","name":"AGUA DE COCO BIO PROVIDA 330ML","isPartOf":{"@id":"https:\/\/www.biocabaz.pt\/web\/en\/#website"},"primaryImageOfPage":{"@id":"https:\/\/biocabaz.pt\/web\/en\/produto\/agua-de-coco-bio-provida-330ml\/#primaryimage"},"image":{"@id":"https:\/\/biocabaz.pt\/web\/en\/produto\/agua-de-coco-bio-provida-330ml\/#primaryimage"},"thumbnailUrl":"https:\/\/www.biocabaz.pt\/web\/wp-conteudos\/uploads\/2021\/09\/agua-de-coco-bio-provida-330ml.jpg","datePublished":"2021-09-20T10:18:50+00:00","dateModified":"2023-04-15T14:36:53+00:00","breadcrumb":{"@id":"https:\/\/biocabaz.pt\/web\/en\/produto\/agua-de-coco-bio-provida-330ml\/#breadcrumb"},"inLanguage":"pt-PT","potentialAction":[{"@type":"ReadAction","target":["https:\/\/biocabaz.pt\/web\/en\/produto\/agua-de-coco-bio-provida-330ml\/"]}]},{"@type":"ImageObject","inLanguage":"pt-PT","@id":"https:\/\/biocabaz.pt\/web\/en\/produto\/agua-de-coco-bio-provida-330ml\/#primaryimage","url":"https:\/\/www.biocabaz.pt\/web\/wp-conteudos\/uploads\/2021\/09\/agua-de-coco-bio-provida-330ml.jpg","contentUrl":"https:\/\/www.biocabaz.pt\/web\/wp-conteudos\/uploads\/2021\/09\/agua-de-coco-bio-provida-330ml.jpg","width":326,"height":300,"caption":"AGUA DE COCO BIO PROVIDA 330ML"},{"@type":"BreadcrumbList","@id":"https:\/\/biocabaz.pt\/web\/en\/produto\/agua-de-coco-bio-provida-330ml\/#breadcrumb","itemListElement":[{"@type":"ListItem","position":1,"name":"Home","item":"https:\/\/www.biocabaz.pt\/web\/en\/"},{"@type":"ListItem","position":2,"name":"Shop","item":"https:\/\/www.biocabaz.pt\/web\/en\/shop\/"},{"@type":"ListItem","position":3,"name":"AGUA DE COCO BIO PROVIDA 330ML"}]},{"@type":"WebSite","@id":"https:\/\/www.biocabaz.pt\/web\/en\/#website","url":"https:\/\/www.biocabaz.pt\/web\/en\/","name":"BIOCABAZ - CABAZES BIOL\u00d3GICOS","description":"O melhor que a terra d\u00e1 \u00e9 para si","potentialAction":[{"@type":"SearchAction","target":{"@type":"EntryPoint","urlTemplate":"https:\/\/www.biocabaz.pt\/web\/en\/?s={search_term_string}"},"query-input":{"@type":"PropertyValueSpecification","valueRequired":true,"valueName":"search_term_string"}}],"inLanguage":"pt-PT"}]}},"_links":{"self":[{"href":"https:\/\/biocabaz.pt\/web\/wp-json\/wp\/v2\/product\/76128","targetHints":{"allow":["GET"]}}],"collection":[{"href":"https:\/\/biocabaz.pt\/web\/wp-json\/wp\/v2\/product"}],"about":[{"href":"https:\/\/biocabaz.pt\/web\/wp-json\/wp\/v2\/types\/product"}],"replies":[{"embeddable":true,"href":"https:\/\/biocabaz.pt\/web\/wp-json\/wp\/v2\/comments?post=76128"}],"wp:featuredmedia":[{"embeddable":true,"href":"https:\/\/biocabaz.pt\/web\/wp-json\/wp\/v2\/media\/76129"}],"wp:attachment":[{"href":"https:\/\/biocabaz.pt\/web\/wp-json\/wp\/v2\/media?parent=76128"}],"wp:term":[{"taxonomy":"product_cat","embeddable":true,"href":"https:\/\/biocabaz.pt\/web\/wp-json\/wp\/v2\/product_cat?post=76128"},{"taxonomy":"product_tag","embeddable":true,"href":"https:\/\/biocabaz.pt\/web\/wp-json\/wp\/v2\/product_tag?post=76128"}],"curies":[{"name":"wp","href":"https:\/\/api.w.org\/{rel}","templated":true}]}}