{"id":75680,"date":"2021-09-09T20:58:54","date_gmt":"2021-09-09T20:58:54","guid":{"rendered":"https:\/\/www.biocabaz.pt\/web\/?post_type=product&#038;p=75680"},"modified":"2022-12-30T11:56:23","modified_gmt":"2022-12-30T11:56:23","slug":"ubiquinol-100mg-60-capsulas","status":"publish","type":"product","link":"https:\/\/biocabaz.pt\/web\/produto\/ubiquinol-100mg-60-capsulas\/","title":{"rendered":"UBIQUINOL 100mg 60 CAPSULAS"},"content":{"rendered":"","protected":false},"excerpt":{"rendered":"<p><strong>Reforce a energia produzida no cora\u00e7\u00e3o<\/p>\n<p>Indica\u00e7\u00f5es Terap\u00eauticas:<\/strong><br \/>\nO ubiquinol cont\u00e9m a forma reduzida da coenzima Q10, que, como foi j\u00e1 demonstrado cientificamente, \u00e9 de elevada biodisponibilidade. Este produto cont\u00e9m \u00f3leo de triglic\u00e9ridos de cadeia m\u00e9dia, que aumenta a solubilidade e absor\u00e7\u00e3o intestinal, aumentando a biodisponibilidade e valor biol\u00f3gico.<\/p>\n<p>A coenzima Q10 est\u00e1 presente em todas as c\u00e9lulas em que \u00e9 especialmente necess\u00e1ria a produ\u00e7\u00e3o de energia mitocondrial, com especial relev\u00e2ncia para o cora\u00e7\u00e3o (cont\u00e9m as maiores concentra\u00e7\u00f5es de coenzima Q10). Al\u00e9m dos efeitos ao n\u00edvel da produ\u00e7\u00e3o de energia no cora\u00e7\u00e3o, a coenzima Q10 tamb\u00e9m funciona como um antioxidante, protegendo as estruturas vasculares contra os radicais livres, bem como outros tecidos do organismo, incluindo no c\u00e9rebro.<\/p>\n<p><strong>Composi\u00e7\u00e3o:<\/strong><br \/>\n<em>Por 1 c\u00e1psula:<\/em><br \/>\nUbiquinol \u2013 QH Kaneka forma reduzida de CoQ10 \u2013 10mg.<\/p>\n<p><strong>Ingredientes:<\/strong><br \/>\n\u00d3leo de TCM (triglic\u00e9ridos de cadeira m\u00e9dia); C\u00e1psula softgel (gelatina, glicerina, \u00e1gua e alfarroba) e cera de abelha.<\/p>\n<p>N\u00e3o cont\u00e9m: a\u00e7\u00facar, sal, amido, levedura, trigo, gl\u00faten, milho, soja, leite, ovos, mariscos, polissorbatos, conservantes ou \u00f3xido de tit\u00e2nio.<\/p>\n<p><strong>Dosagem e Administra\u00e7\u00e3o:<\/strong><br \/>\nTomar 1 c\u00e1psula por dia de prefer\u00eancia com as refei\u00e7\u00f5es.<\/p>\n<p><strong>Apresenta\u00e7\u00e3o:<\/strong><br \/>\nFrasco com 60 c\u00e1psulas<\/p>\n<p><strong>Avisos:<\/strong><br \/>\nConservar em local fresco, seco e ao abrigo da luz.<\/p>\n<p>N\u00e3o exceder a toma di\u00e1ria recomendada.<\/p>\n<p>Evite o produto em caso de alergia ou sensibilidade a algum dos ingredientes.<\/p>\n<p>Se estiver gr\u00e1vida, a amamentar, a tomar alguma especialidade farmac\u00eautica ou se sofre de alguma doen\u00e7a, consulte o seu m\u00e9dico ou t\u00e9cnico de sa\u00fade antes de tomar este suplemento.<\/p>\n<p>Os suplementos alimentares n\u00e3o devem ser utilizados como substitutos de um regime alimentar variado e de um estilo de vida saud\u00e1vel.<\/p>\n<p>Manter fora do alcance das crian\u00e7as<\/p>\n","protected":false},"featured_media":75681,"comment_status":"closed","ping_status":"closed","template":"","meta":[],"product_cat":[88],"product_tag":[],"class_list":["post-75680","product","type-product","status-publish","has-post-thumbnail","hentry","product_cat-suplementos"],"bundle_layout":"","bundled_by":[],"bundled_items":[],"yoast_head":"<!-- This site is optimized with the Yoast SEO plugin v26.3 - https:\/\/yoast.com\/wordpress\/plugins\/seo\/ -->\n<title>UBIQUINOL 100mg 60 CAPSULAS<\/title>\n<meta name=\"robots\" content=\"index, follow, max-snippet:-1, max-image-preview:large, max-video-preview:-1\" \/>\n<link rel=\"canonical\" href=\"https:\/\/biocabaz.pt\/web\/produto\/ubiquinol-100mg-60-capsulas\/\" \/>\n<meta property=\"og:locale\" content=\"pt_PT\" \/>\n<meta property=\"og:locale:alternate\" content=\"en_US\" \/>\n<meta property=\"og:type\" content=\"article\" \/>\n<meta property=\"og:title\" content=\"UBIQUINOL 100mg 60 CAPSULAS\" \/>\n<meta property=\"og:description\" content=\"Reforce a energia produzida no cora\u00e7\u00e3o  Indica\u00e7\u00f5es Terap\u00eauticas: O ubiquinol cont\u00e9m a forma reduzida da coenzima Q10, que, como foi j\u00e1 demonstrado cientificamente, \u00e9 de elevada biodisponibilidade. Este produto cont\u00e9m \u00f3leo de triglic\u00e9ridos de cadeia m\u00e9dia, que aumenta a solubilidade e absor\u00e7\u00e3o intestinal, aumentando a biodisponibilidade e valor biol\u00f3gico.  A coenzima Q10 est\u00e1 presente em todas as c\u00e9lulas em que \u00e9 especialmente necess\u00e1ria a produ\u00e7\u00e3o de energia mitocondrial, com especial relev\u00e2ncia para o cora\u00e7\u00e3o (cont\u00e9m as maiores concentra\u00e7\u00f5es de coenzima Q10). Al\u00e9m dos efeitos ao n\u00edvel da produ\u00e7\u00e3o de energia no cora\u00e7\u00e3o, a coenzima Q10 tamb\u00e9m funciona como um antioxidante, protegendo as estruturas vasculares contra os radicais livres, bem como outros tecidos do organismo, incluindo no c\u00e9rebro.  Composi\u00e7\u00e3o: Por 1 c\u00e1psula: Ubiquinol \u2013 QH Kaneka forma reduzida de CoQ10 \u2013 10mg.  Ingredientes: \u00d3leo de TCM (triglic\u00e9ridos de cadeira m\u00e9dia); C\u00e1psula softgel (gelatina, glicerina, \u00e1gua e alfarroba) e cera de abelha.  N\u00e3o cont\u00e9m: a\u00e7\u00facar, sal, amido, levedura, trigo, gl\u00faten, milho, soja, leite, ovos, mariscos, polissorbatos, conservantes ou \u00f3xido de tit\u00e2nio.  Dosagem e Administra\u00e7\u00e3o: Tomar 1 c\u00e1psula por dia de prefer\u00eancia com as refei\u00e7\u00f5es.  Apresenta\u00e7\u00e3o: Frasco com 60 c\u00e1psulas  Avisos: Conservar em local fresco, seco e ao abrigo da luz.  N\u00e3o exceder a toma di\u00e1ria recomendada.  Evite o produto em caso de alergia ou sensibilidade a algum dos ingredientes.  Se estiver gr\u00e1vida, a amamentar, a tomar alguma especialidade farmac\u00eautica ou se sofre de alguma doen\u00e7a, consulte o seu m\u00e9dico ou t\u00e9cnico de sa\u00fade antes de tomar este suplemento.  Os suplementos alimentares n\u00e3o devem ser utilizados como substitutos de um regime alimentar variado e de um estilo de vida saud\u00e1vel.  Manter fora do alcance das crian\u00e7as\" \/>\n<meta property=\"og:url\" content=\"https:\/\/biocabaz.pt\/web\/produto\/ubiquinol-100mg-60-capsulas\/\" \/>\n<meta property=\"og:site_name\" content=\"BIOCABAZ - CABAZES BIOL\u00d3GICOS\" \/>\n<meta property=\"article:modified_time\" content=\"2022-12-30T11:56:23+00:00\" \/>\n<meta property=\"og:image\" content=\"https:\/\/www.biocabaz.pt\/web\/wp-conteudos\/uploads\/2021\/09\/ubiquinol-100mg-60-capsulas.jpg\" \/>\n\t<meta property=\"og:image:width\" content=\"800\" \/>\n\t<meta property=\"og:image:height\" content=\"800\" \/>\n\t<meta property=\"og:image:type\" content=\"image\/jpeg\" \/>\n<meta name=\"twitter:card\" content=\"summary_large_image\" \/>\n<script type=\"application\/ld+json\" class=\"yoast-schema-graph\">{\"@context\":\"https:\/\/schema.org\",\"@graph\":[{\"@type\":\"WebPage\",\"@id\":\"https:\/\/biocabaz.pt\/web\/en\/produto\/ubiquinol-100mg-60-capsulas\/\",\"url\":\"https:\/\/biocabaz.pt\/web\/en\/produto\/ubiquinol-100mg-60-capsulas\/\",\"name\":\"UBIQUINOL 100mg 60 CAPSULAS\",\"isPartOf\":{\"@id\":\"https:\/\/www.biocabaz.pt\/web\/en\/#website\"},\"primaryImageOfPage\":{\"@id\":\"https:\/\/biocabaz.pt\/web\/en\/produto\/ubiquinol-100mg-60-capsulas\/#primaryimage\"},\"image\":{\"@id\":\"https:\/\/biocabaz.pt\/web\/en\/produto\/ubiquinol-100mg-60-capsulas\/#primaryimage\"},\"thumbnailUrl\":\"https:\/\/www.biocabaz.pt\/web\/wp-conteudos\/uploads\/2021\/09\/ubiquinol-100mg-60-capsulas.jpg\",\"datePublished\":\"2021-09-09T20:58:54+00:00\",\"dateModified\":\"2022-12-30T11:56:23+00:00\",\"breadcrumb\":{\"@id\":\"https:\/\/biocabaz.pt\/web\/en\/produto\/ubiquinol-100mg-60-capsulas\/#breadcrumb\"},\"inLanguage\":\"pt-PT\",\"potentialAction\":[{\"@type\":\"ReadAction\",\"target\":[\"https:\/\/biocabaz.pt\/web\/en\/produto\/ubiquinol-100mg-60-capsulas\/\"]}]},{\"@type\":\"ImageObject\",\"inLanguage\":\"pt-PT\",\"@id\":\"https:\/\/biocabaz.pt\/web\/en\/produto\/ubiquinol-100mg-60-capsulas\/#primaryimage\",\"url\":\"https:\/\/www.biocabaz.pt\/web\/wp-conteudos\/uploads\/2021\/09\/ubiquinol-100mg-60-capsulas.jpg\",\"contentUrl\":\"https:\/\/www.biocabaz.pt\/web\/wp-conteudos\/uploads\/2021\/09\/ubiquinol-100mg-60-capsulas.jpg\",\"width\":800,\"height\":800,\"caption\":\"UBIQUINOL 100mg 60 CAPSULAS\"},{\"@type\":\"BreadcrumbList\",\"@id\":\"https:\/\/biocabaz.pt\/web\/en\/produto\/ubiquinol-100mg-60-capsulas\/#breadcrumb\",\"itemListElement\":[{\"@type\":\"ListItem\",\"position\":1,\"name\":\"Home\",\"item\":\"https:\/\/www.biocabaz.pt\/web\/en\/\"},{\"@type\":\"ListItem\",\"position\":2,\"name\":\"Shop\",\"item\":\"https:\/\/www.biocabaz.pt\/web\/en\/shop\/\"},{\"@type\":\"ListItem\",\"position\":3,\"name\":\"UBIQUINOL 100mg 60 CAPSULAS\"}]},{\"@type\":\"WebSite\",\"@id\":\"https:\/\/www.biocabaz.pt\/web\/en\/#website\",\"url\":\"https:\/\/www.biocabaz.pt\/web\/en\/\",\"name\":\"BIOCABAZ - CABAZES BIOL\u00d3GICOS\",\"description\":\"O melhor que a terra d\u00e1 \u00e9 para si\",\"potentialAction\":[{\"@type\":\"SearchAction\",\"target\":{\"@type\":\"EntryPoint\",\"urlTemplate\":\"https:\/\/www.biocabaz.pt\/web\/en\/?s={search_term_string}\"},\"query-input\":{\"@type\":\"PropertyValueSpecification\",\"valueRequired\":true,\"valueName\":\"search_term_string\"}}],\"inLanguage\":\"pt-PT\"}]}<\/script>\n<!-- \/ Yoast SEO plugin. -->","yoast_head_json":{"title":"UBIQUINOL 100mg 60 CAPSULAS","robots":{"index":"index","follow":"follow","max-snippet":"max-snippet:-1","max-image-preview":"max-image-preview:large","max-video-preview":"max-video-preview:-1"},"canonical":"https:\/\/biocabaz.pt\/web\/produto\/ubiquinol-100mg-60-capsulas\/","og_locale":"pt_PT","og_type":"article","og_title":"[:pt]UBIQUINOL 100mg 60 CAPSULAS[:] - BIOCABAZ - CABAZES BIOL\u00d3GICOS","og_description":"Reforce a energia produzida no cora\u00e7\u00e3o  Indica\u00e7\u00f5es Terap\u00eauticas: O ubiquinol cont\u00e9m a forma reduzida da coenzima Q10, que, como foi j\u00e1 demonstrado cientificamente, \u00e9 de elevada biodisponibilidade. Este produto cont\u00e9m \u00f3leo de triglic\u00e9ridos de cadeia m\u00e9dia, que aumenta a solubilidade e absor\u00e7\u00e3o intestinal, aumentando a biodisponibilidade e valor biol\u00f3gico.  A coenzima Q10 est\u00e1 presente em todas as c\u00e9lulas em que \u00e9 especialmente necess\u00e1ria a produ\u00e7\u00e3o de energia mitocondrial, com especial relev\u00e2ncia para o cora\u00e7\u00e3o (cont\u00e9m as maiores concentra\u00e7\u00f5es de coenzima Q10). Al\u00e9m dos efeitos ao n\u00edvel da produ\u00e7\u00e3o de energia no cora\u00e7\u00e3o, a coenzima Q10 tamb\u00e9m funciona como um antioxidante, protegendo as estruturas vasculares contra os radicais livres, bem como outros tecidos do organismo, incluindo no c\u00e9rebro.  Composi\u00e7\u00e3o: Por 1 c\u00e1psula: Ubiquinol \u2013 QH Kaneka forma reduzida de CoQ10 \u2013 10mg.  Ingredientes: \u00d3leo de TCM (triglic\u00e9ridos de cadeira m\u00e9dia); C\u00e1psula softgel (gelatina, glicerina, \u00e1gua e alfarroba) e cera de abelha.  N\u00e3o cont\u00e9m: a\u00e7\u00facar, sal, amido, levedura, trigo, gl\u00faten, milho, soja, leite, ovos, mariscos, polissorbatos, conservantes ou \u00f3xido de tit\u00e2nio.  Dosagem e Administra\u00e7\u00e3o: Tomar 1 c\u00e1psula por dia de prefer\u00eancia com as refei\u00e7\u00f5es.  Apresenta\u00e7\u00e3o: Frasco com 60 c\u00e1psulas  Avisos: Conservar em local fresco, seco e ao abrigo da luz.  N\u00e3o exceder a toma di\u00e1ria recomendada.  Evite o produto em caso de alergia ou sensibilidade a algum dos ingredientes.  Se estiver gr\u00e1vida, a amamentar, a tomar alguma especialidade farmac\u00eautica ou se sofre de alguma doen\u00e7a, consulte o seu m\u00e9dico ou t\u00e9cnico de sa\u00fade antes de tomar este suplemento.  Os suplementos alimentares n\u00e3o devem ser utilizados como substitutos de um regime alimentar variado e de um estilo de vida saud\u00e1vel.  Manter fora do alcance das crian\u00e7as","og_url":"https:\/\/biocabaz.pt\/web\/produto\/ubiquinol-100mg-60-capsulas\/","og_site_name":"BIOCABAZ - CABAZES BIOL\u00d3GICOS","article_modified_time":"2022-12-30T11:56:23+00:00","og_image":[{"width":800,"height":800,"url":"https:\/\/www.biocabaz.pt\/web\/wp-conteudos\/uploads\/2021\/09\/ubiquinol-100mg-60-capsulas.jpg","type":"image\/jpeg"}],"twitter_card":"summary_large_image","schema":{"@context":"https:\/\/schema.org","@graph":[{"@type":"WebPage","@id":"https:\/\/biocabaz.pt\/web\/en\/produto\/ubiquinol-100mg-60-capsulas\/","url":"https:\/\/biocabaz.pt\/web\/en\/produto\/ubiquinol-100mg-60-capsulas\/","name":"UBIQUINOL 100mg 60 CAPSULAS","isPartOf":{"@id":"https:\/\/www.biocabaz.pt\/web\/en\/#website"},"primaryImageOfPage":{"@id":"https:\/\/biocabaz.pt\/web\/en\/produto\/ubiquinol-100mg-60-capsulas\/#primaryimage"},"image":{"@id":"https:\/\/biocabaz.pt\/web\/en\/produto\/ubiquinol-100mg-60-capsulas\/#primaryimage"},"thumbnailUrl":"https:\/\/www.biocabaz.pt\/web\/wp-conteudos\/uploads\/2021\/09\/ubiquinol-100mg-60-capsulas.jpg","datePublished":"2021-09-09T20:58:54+00:00","dateModified":"2022-12-30T11:56:23+00:00","breadcrumb":{"@id":"https:\/\/biocabaz.pt\/web\/en\/produto\/ubiquinol-100mg-60-capsulas\/#breadcrumb"},"inLanguage":"pt-PT","potentialAction":[{"@type":"ReadAction","target":["https:\/\/biocabaz.pt\/web\/en\/produto\/ubiquinol-100mg-60-capsulas\/"]}]},{"@type":"ImageObject","inLanguage":"pt-PT","@id":"https:\/\/biocabaz.pt\/web\/en\/produto\/ubiquinol-100mg-60-capsulas\/#primaryimage","url":"https:\/\/www.biocabaz.pt\/web\/wp-conteudos\/uploads\/2021\/09\/ubiquinol-100mg-60-capsulas.jpg","contentUrl":"https:\/\/www.biocabaz.pt\/web\/wp-conteudos\/uploads\/2021\/09\/ubiquinol-100mg-60-capsulas.jpg","width":800,"height":800,"caption":"UBIQUINOL 100mg 60 CAPSULAS"},{"@type":"BreadcrumbList","@id":"https:\/\/biocabaz.pt\/web\/en\/produto\/ubiquinol-100mg-60-capsulas\/#breadcrumb","itemListElement":[{"@type":"ListItem","position":1,"name":"Home","item":"https:\/\/www.biocabaz.pt\/web\/en\/"},{"@type":"ListItem","position":2,"name":"Shop","item":"https:\/\/www.biocabaz.pt\/web\/en\/shop\/"},{"@type":"ListItem","position":3,"name":"UBIQUINOL 100mg 60 CAPSULAS"}]},{"@type":"WebSite","@id":"https:\/\/www.biocabaz.pt\/web\/en\/#website","url":"https:\/\/www.biocabaz.pt\/web\/en\/","name":"BIOCABAZ - CABAZES BIOL\u00d3GICOS","description":"O melhor que a terra d\u00e1 \u00e9 para si","potentialAction":[{"@type":"SearchAction","target":{"@type":"EntryPoint","urlTemplate":"https:\/\/www.biocabaz.pt\/web\/en\/?s={search_term_string}"},"query-input":{"@type":"PropertyValueSpecification","valueRequired":true,"valueName":"search_term_string"}}],"inLanguage":"pt-PT"}]}},"_links":{"self":[{"href":"https:\/\/biocabaz.pt\/web\/wp-json\/wp\/v2\/product\/75680","targetHints":{"allow":["GET"]}}],"collection":[{"href":"https:\/\/biocabaz.pt\/web\/wp-json\/wp\/v2\/product"}],"about":[{"href":"https:\/\/biocabaz.pt\/web\/wp-json\/wp\/v2\/types\/product"}],"replies":[{"embeddable":true,"href":"https:\/\/biocabaz.pt\/web\/wp-json\/wp\/v2\/comments?post=75680"}],"wp:featuredmedia":[{"embeddable":true,"href":"https:\/\/biocabaz.pt\/web\/wp-json\/wp\/v2\/media\/75681"}],"wp:attachment":[{"href":"https:\/\/biocabaz.pt\/web\/wp-json\/wp\/v2\/media?parent=75680"}],"wp:term":[{"taxonomy":"product_cat","embeddable":true,"href":"https:\/\/biocabaz.pt\/web\/wp-json\/wp\/v2\/product_cat?post=75680"},{"taxonomy":"product_tag","embeddable":true,"href":"https:\/\/biocabaz.pt\/web\/wp-json\/wp\/v2\/product_tag?post=75680"}],"curies":[{"name":"wp","href":"https:\/\/api.w.org\/{rel}","templated":true}]}}