{"id":75674,"date":"2021-09-09T20:42:38","date_gmt":"2021-09-09T20:42:38","guid":{"rendered":"https:\/\/www.biocabaz.pt\/web\/?post_type=product&#038;p=75674"},"modified":"2021-09-09T20:42:38","modified_gmt":"2021-09-09T20:42:38","slug":"now-vitamin-d-3-120-softgels","status":"publish","type":"product","link":"https:\/\/biocabaz.pt\/web\/produto\/now-vitamin-d-3-120-softgels\/","title":{"rendered":"NOW Vitamin D-3 120 Softgels"},"content":{"rendered":"","protected":false},"excerpt":{"rendered":"<h3>NOW VITAMIN D-3 2,000 U.I. &#8211; AUMENTO DA RESIST\u00caNCIA \u00d3SSEA.<\/h3>\n<p>Vitamina D3 2000 U.I. de alta pot\u00eancia. Forma l\u00edquida altamente absorv\u00edvel. Aumenta a resist\u00eancia \u00f3ssea. Reduz a perda de massa \u00f3ssea. Potencia a absor\u00e7\u00e3o de C\u00e1lcio. Reduz a perda de massa \u00f3ssea na osteoporose.<\/p>\n<p><b>Apresenta\u00e7\u00e3o:<\/b>\u00a0Embalagem de 120 Softgels.<\/p>\n<p><b>Modo de Tomar:<\/b>\u00a0Tomar 1 softgel por dia, com uma refei\u00e7\u00e3o.<\/p>\n<p><b>Ingredientes:<\/b>\u00a0Vitamina D3 (como Colecalciferol) 2000 U.I.<\/p>\n<p><b>Outros Ingredientes:<\/b>\u00a0Azeite e c\u00e1psula softgel (gelatina, glicerina e \u00e1gua).<\/p>\n<p><b>N\u00e3o cont\u00e9m:<\/b>\u00a0A\u00e7\u00facar, sal, amido, fermento, trigo, gl\u00faten, milho, soja, ovo, leite, marisco ou conservantes.<\/p>\n<p><b>Advert\u00eancias:<\/b> Os suplementos alimentares n\u00e3o devem ser utilizados como substitutos de um regime alimentar variado e equilibrado e de um modo de vida saud\u00e1vel. Manter fora do alcance e vis\u00e3o das crian\u00e7as. N\u00e3o exceder as dosagens recomendadas. Manter em local fresco e seco, ao abrigo da luz, calor e humidade. Em caso de gravidez ou amamenta\u00e7\u00e3o a toma deve ser feita sob indica\u00e7\u00e3o m\u00e9dica. N\u00e3o utilizar em caso de hipersensibilidade, alergia e quando estejam descritas intera\u00e7\u00f5es de outro produto com qualquer um dos constituintes da formula\u00e7\u00e3o.<\/p>\n","protected":false},"featured_media":75675,"comment_status":"closed","ping_status":"closed","template":"","meta":[],"product_cat":[88],"product_tag":[],"class_list":["post-75674","product","type-product","status-publish","has-post-thumbnail","hentry","product_cat-suplementos"],"bundle_layout":"","bundled_by":[],"bundled_items":[],"yoast_head":"<!-- This site is optimized with the Yoast SEO plugin v26.3 - https:\/\/yoast.com\/wordpress\/plugins\/seo\/ -->\n<title>NOW Vitamin D-3 120 Softgels<\/title>\n<meta name=\"robots\" content=\"index, follow, max-snippet:-1, max-image-preview:large, max-video-preview:-1\" \/>\n<link rel=\"canonical\" href=\"https:\/\/biocabaz.pt\/web\/produto\/now-vitamin-d-3-120-softgels\/\" \/>\n<meta property=\"og:locale\" content=\"pt_PT\" \/>\n<meta property=\"og:locale:alternate\" content=\"en_US\" \/>\n<meta property=\"og:type\" content=\"article\" \/>\n<meta property=\"og:title\" content=\"NOW Vitamin D-3 120 Softgels\" \/>\n<meta property=\"og:description\" content=\"NOW VITAMIN D-3 2,000 U.I. - AUMENTO DA RESIST\u00caNCIA \u00d3SSEA. Vitamina D3 2000 U.I. de alta pot\u00eancia. Forma l\u00edquida altamente absorv\u00edvel. Aumenta a resist\u00eancia \u00f3ssea. Reduz a perda de massa \u00f3ssea. Potencia a absor\u00e7\u00e3o de C\u00e1lcio. Reduz a perda de massa \u00f3ssea na osteoporose.  Apresenta\u00e7\u00e3o:\u00a0Embalagem de 120 Softgels.  Modo de Tomar:\u00a0Tomar 1 softgel por dia, com uma refei\u00e7\u00e3o.  Ingredientes:\u00a0Vitamina D3 (como Colecalciferol) 2000 U.I.  Outros Ingredientes:\u00a0Azeite e c\u00e1psula softgel (gelatina, glicerina e \u00e1gua).  N\u00e3o cont\u00e9m:\u00a0A\u00e7\u00facar, sal, amido, fermento, trigo, gl\u00faten, milho, soja, ovo, leite, marisco ou conservantes.  Advert\u00eancias: Os suplementos alimentares n\u00e3o devem ser utilizados como substitutos de um regime alimentar variado e equilibrado e de um modo de vida saud\u00e1vel. Manter fora do alcance e vis\u00e3o das crian\u00e7as. N\u00e3o exceder as dosagens recomendadas. Manter em local fresco e seco, ao abrigo da luz, calor e humidade. Em caso de gravidez ou amamenta\u00e7\u00e3o a toma deve ser feita sob indica\u00e7\u00e3o m\u00e9dica. N\u00e3o utilizar em caso de hipersensibilidade, alergia e quando estejam descritas intera\u00e7\u00f5es de outro produto com qualquer um dos constituintes da formula\u00e7\u00e3o.\" \/>\n<meta property=\"og:url\" content=\"https:\/\/biocabaz.pt\/web\/produto\/now-vitamin-d-3-120-softgels\/\" \/>\n<meta property=\"og:site_name\" content=\"BIOCABAZ - CABAZES BIOL\u00d3GICOS\" \/>\n<meta property=\"og:image\" content=\"https:\/\/www.biocabaz.pt\/web\/wp-conteudos\/uploads\/2021\/09\/now-vitamin-d-3-120-softgels.jpg\" \/>\n\t<meta property=\"og:image:width\" content=\"500\" \/>\n\t<meta property=\"og:image:height\" content=\"500\" \/>\n\t<meta property=\"og:image:type\" content=\"image\/jpeg\" \/>\n<meta name=\"twitter:card\" content=\"summary_large_image\" \/>\n<script type=\"application\/ld+json\" class=\"yoast-schema-graph\">{\"@context\":\"https:\/\/schema.org\",\"@graph\":[{\"@type\":\"WebPage\",\"@id\":\"https:\/\/biocabaz.pt\/web\/en\/produto\/now-vitamin-d-3-120-softgels\/\",\"url\":\"https:\/\/biocabaz.pt\/web\/en\/produto\/now-vitamin-d-3-120-softgels\/\",\"name\":\"NOW Vitamin D-3 120 Softgels\",\"isPartOf\":{\"@id\":\"https:\/\/biocabaz.pt\/web\/en\/#website\"},\"primaryImageOfPage\":{\"@id\":\"https:\/\/biocabaz.pt\/web\/en\/produto\/now-vitamin-d-3-120-softgels\/#primaryimage\"},\"image\":{\"@id\":\"https:\/\/biocabaz.pt\/web\/en\/produto\/now-vitamin-d-3-120-softgels\/#primaryimage\"},\"thumbnailUrl\":\"https:\/\/www.biocabaz.pt\/web\/wp-conteudos\/uploads\/2021\/09\/now-vitamin-d-3-120-softgels.jpg\",\"datePublished\":\"2021-09-09T20:42:38+00:00\",\"breadcrumb\":{\"@id\":\"https:\/\/biocabaz.pt\/web\/en\/produto\/now-vitamin-d-3-120-softgels\/#breadcrumb\"},\"inLanguage\":\"pt-PT\",\"potentialAction\":[{\"@type\":\"ReadAction\",\"target\":[\"https:\/\/biocabaz.pt\/web\/en\/produto\/now-vitamin-d-3-120-softgels\/\"]}]},{\"@type\":\"ImageObject\",\"inLanguage\":\"pt-PT\",\"@id\":\"https:\/\/biocabaz.pt\/web\/en\/produto\/now-vitamin-d-3-120-softgels\/#primaryimage\",\"url\":\"https:\/\/www.biocabaz.pt\/web\/wp-conteudos\/uploads\/2021\/09\/now-vitamin-d-3-120-softgels.jpg\",\"contentUrl\":\"https:\/\/www.biocabaz.pt\/web\/wp-conteudos\/uploads\/2021\/09\/now-vitamin-d-3-120-softgels.jpg\",\"width\":500,\"height\":500,\"caption\":\"NOW Vitamin D-3 120 Softgels\"},{\"@type\":\"BreadcrumbList\",\"@id\":\"https:\/\/biocabaz.pt\/web\/en\/produto\/now-vitamin-d-3-120-softgels\/#breadcrumb\",\"itemListElement\":[{\"@type\":\"ListItem\",\"position\":1,\"name\":\"Home\",\"item\":\"https:\/\/biocabaz.pt\/web\/en\/\"},{\"@type\":\"ListItem\",\"position\":2,\"name\":\"Shop\",\"item\":\"https:\/\/biocabaz.pt\/web\/en\/shop\/\"},{\"@type\":\"ListItem\",\"position\":3,\"name\":\"NOW Vitamin D-3 120 Softgels\"}]},{\"@type\":\"WebSite\",\"@id\":\"https:\/\/biocabaz.pt\/web\/en\/#website\",\"url\":\"https:\/\/biocabaz.pt\/web\/en\/\",\"name\":\"BIOCABAZ - CABAZES BIOL\u00d3GICOS\",\"description\":\"O melhor que a terra d\u00e1 \u00e9 para si\",\"potentialAction\":[{\"@type\":\"SearchAction\",\"target\":{\"@type\":\"EntryPoint\",\"urlTemplate\":\"https:\/\/biocabaz.pt\/web\/en\/?s={search_term_string}\"},\"query-input\":{\"@type\":\"PropertyValueSpecification\",\"valueRequired\":true,\"valueName\":\"search_term_string\"}}],\"inLanguage\":\"pt-PT\"}]}<\/script>\n<!-- \/ Yoast SEO plugin. -->","yoast_head_json":{"title":"NOW Vitamin D-3 120 Softgels","robots":{"index":"index","follow":"follow","max-snippet":"max-snippet:-1","max-image-preview":"max-image-preview:large","max-video-preview":"max-video-preview:-1"},"canonical":"https:\/\/biocabaz.pt\/web\/produto\/now-vitamin-d-3-120-softgels\/","og_locale":"pt_PT","og_type":"article","og_title":"[:pt]NOW Vitamin D-3 120 Softgels[:] - BIOCABAZ - CABAZES BIOL\u00d3GICOS","og_description":"NOW VITAMIN D-3 2,000 U.I. - AUMENTO DA RESIST\u00caNCIA \u00d3SSEA. Vitamina D3 2000 U.I. de alta pot\u00eancia. Forma l\u00edquida altamente absorv\u00edvel. Aumenta a resist\u00eancia \u00f3ssea. Reduz a perda de massa \u00f3ssea. Potencia a absor\u00e7\u00e3o de C\u00e1lcio. Reduz a perda de massa \u00f3ssea na osteoporose.  Apresenta\u00e7\u00e3o:\u00a0Embalagem de 120 Softgels.  Modo de Tomar:\u00a0Tomar 1 softgel por dia, com uma refei\u00e7\u00e3o.  Ingredientes:\u00a0Vitamina D3 (como Colecalciferol) 2000 U.I.  Outros Ingredientes:\u00a0Azeite e c\u00e1psula softgel (gelatina, glicerina e \u00e1gua).  N\u00e3o cont\u00e9m:\u00a0A\u00e7\u00facar, sal, amido, fermento, trigo, gl\u00faten, milho, soja, ovo, leite, marisco ou conservantes.  Advert\u00eancias: Os suplementos alimentares n\u00e3o devem ser utilizados como substitutos de um regime alimentar variado e equilibrado e de um modo de vida saud\u00e1vel. Manter fora do alcance e vis\u00e3o das crian\u00e7as. N\u00e3o exceder as dosagens recomendadas. Manter em local fresco e seco, ao abrigo da luz, calor e humidade. Em caso de gravidez ou amamenta\u00e7\u00e3o a toma deve ser feita sob indica\u00e7\u00e3o m\u00e9dica. N\u00e3o utilizar em caso de hipersensibilidade, alergia e quando estejam descritas intera\u00e7\u00f5es de outro produto com qualquer um dos constituintes da formula\u00e7\u00e3o.","og_url":"https:\/\/biocabaz.pt\/web\/produto\/now-vitamin-d-3-120-softgels\/","og_site_name":"BIOCABAZ - CABAZES BIOL\u00d3GICOS","og_image":[{"width":500,"height":500,"url":"https:\/\/www.biocabaz.pt\/web\/wp-conteudos\/uploads\/2021\/09\/now-vitamin-d-3-120-softgels.jpg","type":"image\/jpeg"}],"twitter_card":"summary_large_image","schema":{"@context":"https:\/\/schema.org","@graph":[{"@type":"WebPage","@id":"https:\/\/biocabaz.pt\/web\/en\/produto\/now-vitamin-d-3-120-softgels\/","url":"https:\/\/biocabaz.pt\/web\/en\/produto\/now-vitamin-d-3-120-softgels\/","name":"NOW Vitamin D-3 120 Softgels","isPartOf":{"@id":"https:\/\/biocabaz.pt\/web\/en\/#website"},"primaryImageOfPage":{"@id":"https:\/\/biocabaz.pt\/web\/en\/produto\/now-vitamin-d-3-120-softgels\/#primaryimage"},"image":{"@id":"https:\/\/biocabaz.pt\/web\/en\/produto\/now-vitamin-d-3-120-softgels\/#primaryimage"},"thumbnailUrl":"https:\/\/www.biocabaz.pt\/web\/wp-conteudos\/uploads\/2021\/09\/now-vitamin-d-3-120-softgels.jpg","datePublished":"2021-09-09T20:42:38+00:00","breadcrumb":{"@id":"https:\/\/biocabaz.pt\/web\/en\/produto\/now-vitamin-d-3-120-softgels\/#breadcrumb"},"inLanguage":"pt-PT","potentialAction":[{"@type":"ReadAction","target":["https:\/\/biocabaz.pt\/web\/en\/produto\/now-vitamin-d-3-120-softgels\/"]}]},{"@type":"ImageObject","inLanguage":"pt-PT","@id":"https:\/\/biocabaz.pt\/web\/en\/produto\/now-vitamin-d-3-120-softgels\/#primaryimage","url":"https:\/\/www.biocabaz.pt\/web\/wp-conteudos\/uploads\/2021\/09\/now-vitamin-d-3-120-softgels.jpg","contentUrl":"https:\/\/www.biocabaz.pt\/web\/wp-conteudos\/uploads\/2021\/09\/now-vitamin-d-3-120-softgels.jpg","width":500,"height":500,"caption":"NOW Vitamin D-3 120 Softgels"},{"@type":"BreadcrumbList","@id":"https:\/\/biocabaz.pt\/web\/en\/produto\/now-vitamin-d-3-120-softgels\/#breadcrumb","itemListElement":[{"@type":"ListItem","position":1,"name":"Home","item":"https:\/\/biocabaz.pt\/web\/en\/"},{"@type":"ListItem","position":2,"name":"Shop","item":"https:\/\/biocabaz.pt\/web\/en\/shop\/"},{"@type":"ListItem","position":3,"name":"NOW Vitamin D-3 120 Softgels"}]},{"@type":"WebSite","@id":"https:\/\/biocabaz.pt\/web\/en\/#website","url":"https:\/\/biocabaz.pt\/web\/en\/","name":"BIOCABAZ - CABAZES BIOL\u00d3GICOS","description":"O melhor que a terra d\u00e1 \u00e9 para si","potentialAction":[{"@type":"SearchAction","target":{"@type":"EntryPoint","urlTemplate":"https:\/\/biocabaz.pt\/web\/en\/?s={search_term_string}"},"query-input":{"@type":"PropertyValueSpecification","valueRequired":true,"valueName":"search_term_string"}}],"inLanguage":"pt-PT"}]}},"_links":{"self":[{"href":"https:\/\/biocabaz.pt\/web\/wp-json\/wp\/v2\/product\/75674","targetHints":{"allow":["GET"]}}],"collection":[{"href":"https:\/\/biocabaz.pt\/web\/wp-json\/wp\/v2\/product"}],"about":[{"href":"https:\/\/biocabaz.pt\/web\/wp-json\/wp\/v2\/types\/product"}],"replies":[{"embeddable":true,"href":"https:\/\/biocabaz.pt\/web\/wp-json\/wp\/v2\/comments?post=75674"}],"wp:featuredmedia":[{"embeddable":true,"href":"https:\/\/biocabaz.pt\/web\/wp-json\/wp\/v2\/media\/75675"}],"wp:attachment":[{"href":"https:\/\/biocabaz.pt\/web\/wp-json\/wp\/v2\/media?parent=75674"}],"wp:term":[{"taxonomy":"product_cat","embeddable":true,"href":"https:\/\/biocabaz.pt\/web\/wp-json\/wp\/v2\/product_cat?post=75674"},{"taxonomy":"product_tag","embeddable":true,"href":"https:\/\/biocabaz.pt\/web\/wp-json\/wp\/v2\/product_tag?post=75674"}],"curies":[{"name":"wp","href":"https:\/\/api.w.org\/{rel}","templated":true}]}}