{"id":75672,"date":"2021-09-09T20:35:12","date_gmt":"2021-09-09T20:35:12","guid":{"rendered":"https:\/\/www.biocabaz.pt\/web\/?post_type=product&#038;p=75672"},"modified":"2022-10-03T19:26:47","modified_gmt":"2022-10-03T19:26:47","slug":"now-hair-skin-nails","status":"publish","type":"product","link":"https:\/\/biocabaz.pt\/web\/produto\/now-hair-skin-nails\/","title":{"rendered":"NOW HAIR, SKIN &#038; NAILS"},"content":{"rendered":"","protected":false},"excerpt":{"rendered":"<p>Cabelo, Unhas e Pele. F\u00f3rmula clinicamente avan\u00e7ada. Formulado com Cynatine \u00ae HNS (Solubilizado de Queratina) de alta biodisponibilidade, \u00c1cido Hialur\u00f3nico e Nutrientes. necess\u00e1rios \u00e0 manuten\u00e7\u00e3o do cabelo, unhas e pele. Clinicamente Testado.<\/p>\n<p><strong>Patente:<\/strong><\/p>\n<p>Cynatine\u00ae HNS ajuda a pele a manter a sua humidade e elasticidade, e a combater o envelhecimento. Forma revolucion\u00e1ria patenteada e biodispon\u00edvel de solubilizado de queratina que contribui para ajudar a manter o cabelo brilhante\u00a0 e com volume e as unhas fortes e flex\u00edveis.<\/p>\n<p>O TRAACS\u00ae \u00e9 a marca registada dos laborat\u00f3rios Albion que garante que os minerais presentes na formula\u00e7\u00e3o s\u00e3o minerais amino\u00e1cidos quelatos.<\/p>\n<p><b>Apresenta\u00e7\u00e3o:<\/b>\u00a0Embalagem de 90 C\u00e1psulas.<\/p>\n<p><b>Modo de Tomar:<\/b>\u00a0Tomar 3 c\u00e1psulas por dia com as refei\u00e7\u00f5es.<\/p>\n<p><b>Ingredientes:<\/b>\u00a0Vitamina A &#8211; 100% como beta-caroteno (5000 U.I.); Vitamina C &#8211; como \u00e1cido asc\u00f3rbico (60 mg); Vitamina E &#8211; como d-alfa-tocoferol (30 U.I.); Tiamina &#8211; vitamina B1, a partir de tiamina HCl (10 mg); Riboflavina &#8211; vitamina B2 (10 mg); Niacina &#8211; vitamina B3, como niacinamida (18 mg); Vitamina B6 &#8211; piridoxina HCl (2 mg); Folato &#8211; como \u00e1cido f\u00f3lico\u00a0 (400 mcg); Vitamina B12 &#8211; como Metilcobalamina (100 mcg); Biotina (300 mcg); \u00c1cido pantot\u00e9nico &#8211; a partir de pantotenato de c\u00e1lcio (14 mg); Zinco &#8211; de bisglicinato de zinco &#8211; TRAACS (15 mg); Cobre &#8211; de\u00a0 Bisglicinato de cobre, TRAACS (2 mg); Cinatina HNS &#8211; queratina solubilizada (500 mg); MSM &#8211; metil sulfonil metano (500 mg); Gelatina de bovino (200 mg); L-prolina (100 mg); Cavalinha (Equisetum arvense) &#8211; partes a\u00e9reas (100 mg); \u00c1cido hialur\u00f3nico &#8211; a partir de hialuronato de s\u00f3dio (50 mg); Colina &#8211; de bitartarato de colina (25 mg) e Inositol 25 mg.<\/p>\n<p><b>N\u00e3o cont\u00e9m<\/b>\u00a0Trigo, gl\u00faten, leite, ovo, peixe, marisco ou ingredientes \u00e0 base de noz.<\/p>\n<p><b>Advert\u00eancias:<\/b>\u00a0Os suplementos alimentares n\u00e3o devem ser utilizados como substitutos de um regime alimentar variado e equilibrado e de um modo de vida saud\u00e1vel. Manter fora do alcance e vis\u00e3o das crian\u00e7as. N\u00e3o exceder as dosagens recomendadas. Manter em local fresco e seco, ao abrigo da luz, calor e humidade. Em caso de gravidez ou amamenta\u00e7\u00e3o a toma deve ser feita sob indica\u00e7\u00e3o m\u00e9dica. N\u00e3o utilizar em caso de hipersensibilidade, alergia e quando estejam descritas intera\u00e7\u00f5es de outro produto com qualquer um dos constituintes da formula\u00e7\u00e3o<\/p>\n","protected":false},"featured_media":75673,"comment_status":"closed","ping_status":"closed","template":"","meta":[],"product_cat":[88],"product_tag":[],"class_list":["post-75672","product","type-product","status-publish","has-post-thumbnail","hentry","product_cat-suplementos"],"bundle_layout":"","bundled_by":[],"bundled_items":[],"yoast_head":"<!-- This site is optimized with the Yoast SEO plugin v26.3 - https:\/\/yoast.com\/wordpress\/plugins\/seo\/ -->\n<title>NOW HAIR, SKIN &amp; NAILS<\/title>\n<meta name=\"robots\" content=\"index, follow, max-snippet:-1, max-image-preview:large, max-video-preview:-1\" \/>\n<link rel=\"canonical\" href=\"https:\/\/biocabaz.pt\/web\/produto\/now-hair-skin-nails\/\" \/>\n<meta property=\"og:locale\" content=\"pt_PT\" \/>\n<meta property=\"og:locale:alternate\" content=\"en_US\" \/>\n<meta property=\"og:type\" content=\"article\" \/>\n<meta property=\"og:title\" content=\"NOW HAIR, SKIN &amp; NAILS\" \/>\n<meta property=\"og:description\" content=\"Cabelo, Unhas e Pele. F\u00f3rmula clinicamente avan\u00e7ada. Formulado com Cynatine \u00ae HNS (Solubilizado de Queratina) de alta biodisponibilidade, \u00c1cido Hialur\u00f3nico e Nutrientes. necess\u00e1rios \u00e0 manuten\u00e7\u00e3o do cabelo, unhas e pele. Clinicamente Testado.  Patente:  Cynatine\u00ae HNS ajuda a pele a manter a sua humidade e elasticidade, e a combater o envelhecimento. Forma revolucion\u00e1ria patenteada e biodispon\u00edvel de solubilizado de queratina que contribui para ajudar a manter o cabelo brilhante\u00a0 e com volume e as unhas fortes e flex\u00edveis.  O TRAACS\u00ae \u00e9 a marca registada dos laborat\u00f3rios Albion que garante que os minerais presentes na formula\u00e7\u00e3o s\u00e3o minerais amino\u00e1cidos quelatos.  Apresenta\u00e7\u00e3o:\u00a0Embalagem de 90 C\u00e1psulas.  Modo de Tomar:\u00a0Tomar 3 c\u00e1psulas por dia com as refei\u00e7\u00f5es.  Ingredientes:\u00a0Vitamina A - 100% como beta-caroteno (5000 U.I.); Vitamina C - como \u00e1cido asc\u00f3rbico (60 mg); Vitamina E - como d-alfa-tocoferol (30 U.I.); Tiamina - vitamina B1, a partir de tiamina HCl (10 mg); Riboflavina - vitamina B2 (10 mg); Niacina - vitamina B3, como niacinamida (18 mg); Vitamina B6 - piridoxina HCl (2 mg); Folato - como \u00e1cido f\u00f3lico\u00a0 (400 mcg); Vitamina B12 - como Metilcobalamina (100 mcg); Biotina (300 mcg); \u00c1cido pantot\u00e9nico - a partir de pantotenato de c\u00e1lcio (14 mg); Zinco - de bisglicinato de zinco - TRAACS (15 mg); Cobre - de\u00a0 Bisglicinato de cobre, TRAACS (2 mg); Cinatina HNS - queratina solubilizada (500 mg); MSM - metil sulfonil metano (500 mg); Gelatina de bovino (200 mg); L-prolina (100 mg); Cavalinha (Equisetum arvense) - partes a\u00e9reas (100 mg); \u00c1cido hialur\u00f3nico - a partir de hialuronato de s\u00f3dio (50 mg); Colina - de bitartarato de colina (25 mg) e Inositol 25 mg.  N\u00e3o cont\u00e9m\u00a0Trigo, gl\u00faten, leite, ovo, peixe, marisco ou ingredientes \u00e0 base de noz.  Advert\u00eancias:\u00a0Os suplementos alimentares n\u00e3o devem ser utilizados como substitutos de um regime alimentar variado e equilibrado e de um modo de vida saud\u00e1vel. Manter fora do alcance e vis\u00e3o das crian\u00e7as. N\u00e3o exceder as dosagens recomendadas. Manter em local fresco e seco, ao abrigo da luz, calor e humidade. Em caso de gravidez ou amamenta\u00e7\u00e3o a toma deve ser feita sob indica\u00e7\u00e3o m\u00e9dica. N\u00e3o utilizar em caso de hipersensibilidade, alergia e quando estejam descritas intera\u00e7\u00f5es de outro produto com qualquer um dos constituintes da formula\u00e7\u00e3o\" \/>\n<meta property=\"og:url\" content=\"https:\/\/biocabaz.pt\/web\/produto\/now-hair-skin-nails\/\" \/>\n<meta property=\"og:site_name\" content=\"BIOCABAZ - CABAZES BIOL\u00d3GICOS\" \/>\n<meta property=\"article:modified_time\" content=\"2022-10-03T19:26:47+00:00\" \/>\n<meta property=\"og:image\" content=\"https:\/\/www.biocabaz.pt\/web\/wp-conteudos\/uploads\/2021\/09\/now-hair-skin-nails-90-capsulas.jpg\" \/>\n\t<meta property=\"og:image:width\" content=\"600\" \/>\n\t<meta property=\"og:image:height\" content=\"600\" \/>\n\t<meta property=\"og:image:type\" content=\"image\/jpeg\" \/>\n<meta name=\"twitter:card\" content=\"summary_large_image\" \/>\n<script type=\"application\/ld+json\" class=\"yoast-schema-graph\">{\"@context\":\"https:\/\/schema.org\",\"@graph\":[{\"@type\":\"WebPage\",\"@id\":\"https:\/\/biocabaz.pt\/web\/en\/produto\/now-hair-skin-nails\/\",\"url\":\"https:\/\/biocabaz.pt\/web\/en\/produto\/now-hair-skin-nails\/\",\"name\":\"NOW HAIR, SKIN & NAILS\",\"isPartOf\":{\"@id\":\"https:\/\/biocabaz.pt\/web\/en\/#website\"},\"primaryImageOfPage\":{\"@id\":\"https:\/\/biocabaz.pt\/web\/en\/produto\/now-hair-skin-nails\/#primaryimage\"},\"image\":{\"@id\":\"https:\/\/biocabaz.pt\/web\/en\/produto\/now-hair-skin-nails\/#primaryimage\"},\"thumbnailUrl\":\"https:\/\/www.biocabaz.pt\/web\/wp-conteudos\/uploads\/2021\/09\/now-hair-skin-nails-90-capsulas.jpg\",\"datePublished\":\"2021-09-09T20:35:12+00:00\",\"dateModified\":\"2022-10-03T19:26:47+00:00\",\"breadcrumb\":{\"@id\":\"https:\/\/biocabaz.pt\/web\/en\/produto\/now-hair-skin-nails\/#breadcrumb\"},\"inLanguage\":\"pt-PT\",\"potentialAction\":[{\"@type\":\"ReadAction\",\"target\":[\"https:\/\/biocabaz.pt\/web\/en\/produto\/now-hair-skin-nails\/\"]}]},{\"@type\":\"ImageObject\",\"inLanguage\":\"pt-PT\",\"@id\":\"https:\/\/biocabaz.pt\/web\/en\/produto\/now-hair-skin-nails\/#primaryimage\",\"url\":\"https:\/\/www.biocabaz.pt\/web\/wp-conteudos\/uploads\/2021\/09\/now-hair-skin-nails-90-capsulas.jpg\",\"contentUrl\":\"https:\/\/www.biocabaz.pt\/web\/wp-conteudos\/uploads\/2021\/09\/now-hair-skin-nails-90-capsulas.jpg\",\"width\":600,\"height\":600,\"caption\":\"now-hair-skin-nails-90-capsulas\"},{\"@type\":\"BreadcrumbList\",\"@id\":\"https:\/\/biocabaz.pt\/web\/en\/produto\/now-hair-skin-nails\/#breadcrumb\",\"itemListElement\":[{\"@type\":\"ListItem\",\"position\":1,\"name\":\"Home\",\"item\":\"https:\/\/biocabaz.pt\/web\/en\/\"},{\"@type\":\"ListItem\",\"position\":2,\"name\":\"Shop\",\"item\":\"https:\/\/biocabaz.pt\/web\/en\/shop\/\"},{\"@type\":\"ListItem\",\"position\":3,\"name\":\"NOW HAIR, SKIN &#038; NAILS\"}]},{\"@type\":\"WebSite\",\"@id\":\"https:\/\/biocabaz.pt\/web\/en\/#website\",\"url\":\"https:\/\/biocabaz.pt\/web\/en\/\",\"name\":\"BIOCABAZ - CABAZES BIOL\u00d3GICOS\",\"description\":\"O melhor que a terra d\u00e1 \u00e9 para si\",\"potentialAction\":[{\"@type\":\"SearchAction\",\"target\":{\"@type\":\"EntryPoint\",\"urlTemplate\":\"https:\/\/biocabaz.pt\/web\/en\/?s={search_term_string}\"},\"query-input\":{\"@type\":\"PropertyValueSpecification\",\"valueRequired\":true,\"valueName\":\"search_term_string\"}}],\"inLanguage\":\"pt-PT\"}]}<\/script>\n<!-- \/ Yoast SEO plugin. -->","yoast_head_json":{"title":"NOW HAIR, SKIN & NAILS","robots":{"index":"index","follow":"follow","max-snippet":"max-snippet:-1","max-image-preview":"max-image-preview:large","max-video-preview":"max-video-preview:-1"},"canonical":"https:\/\/biocabaz.pt\/web\/produto\/now-hair-skin-nails\/","og_locale":"pt_PT","og_type":"article","og_title":"[:pt]NOW HAIR, SKIN & NAILS[:] - BIOCABAZ - CABAZES BIOL\u00d3GICOS","og_description":"Cabelo, Unhas e Pele. F\u00f3rmula clinicamente avan\u00e7ada. Formulado com Cynatine \u00ae HNS (Solubilizado de Queratina) de alta biodisponibilidade, \u00c1cido Hialur\u00f3nico e Nutrientes. necess\u00e1rios \u00e0 manuten\u00e7\u00e3o do cabelo, unhas e pele. Clinicamente Testado.  Patente:  Cynatine\u00ae HNS ajuda a pele a manter a sua humidade e elasticidade, e a combater o envelhecimento. Forma revolucion\u00e1ria patenteada e biodispon\u00edvel de solubilizado de queratina que contribui para ajudar a manter o cabelo brilhante\u00a0 e com volume e as unhas fortes e flex\u00edveis.  O TRAACS\u00ae \u00e9 a marca registada dos laborat\u00f3rios Albion que garante que os minerais presentes na formula\u00e7\u00e3o s\u00e3o minerais amino\u00e1cidos quelatos.  Apresenta\u00e7\u00e3o:\u00a0Embalagem de 90 C\u00e1psulas.  Modo de Tomar:\u00a0Tomar 3 c\u00e1psulas por dia com as refei\u00e7\u00f5es.  Ingredientes:\u00a0Vitamina A - 100% como beta-caroteno (5000 U.I.); Vitamina C - como \u00e1cido asc\u00f3rbico (60 mg); Vitamina E - como d-alfa-tocoferol (30 U.I.); Tiamina - vitamina B1, a partir de tiamina HCl (10 mg); Riboflavina - vitamina B2 (10 mg); Niacina - vitamina B3, como niacinamida (18 mg); Vitamina B6 - piridoxina HCl (2 mg); Folato - como \u00e1cido f\u00f3lico\u00a0 (400 mcg); Vitamina B12 - como Metilcobalamina (100 mcg); Biotina (300 mcg); \u00c1cido pantot\u00e9nico - a partir de pantotenato de c\u00e1lcio (14 mg); Zinco - de bisglicinato de zinco - TRAACS (15 mg); Cobre - de\u00a0 Bisglicinato de cobre, TRAACS (2 mg); Cinatina HNS - queratina solubilizada (500 mg); MSM - metil sulfonil metano (500 mg); Gelatina de bovino (200 mg); L-prolina (100 mg); Cavalinha (Equisetum arvense) - partes a\u00e9reas (100 mg); \u00c1cido hialur\u00f3nico - a partir de hialuronato de s\u00f3dio (50 mg); Colina - de bitartarato de colina (25 mg) e Inositol 25 mg.  N\u00e3o cont\u00e9m\u00a0Trigo, gl\u00faten, leite, ovo, peixe, marisco ou ingredientes \u00e0 base de noz.  Advert\u00eancias:\u00a0Os suplementos alimentares n\u00e3o devem ser utilizados como substitutos de um regime alimentar variado e equilibrado e de um modo de vida saud\u00e1vel. Manter fora do alcance e vis\u00e3o das crian\u00e7as. N\u00e3o exceder as dosagens recomendadas. Manter em local fresco e seco, ao abrigo da luz, calor e humidade. Em caso de gravidez ou amamenta\u00e7\u00e3o a toma deve ser feita sob indica\u00e7\u00e3o m\u00e9dica. N\u00e3o utilizar em caso de hipersensibilidade, alergia e quando estejam descritas intera\u00e7\u00f5es de outro produto com qualquer um dos constituintes da formula\u00e7\u00e3o","og_url":"https:\/\/biocabaz.pt\/web\/produto\/now-hair-skin-nails\/","og_site_name":"BIOCABAZ - CABAZES BIOL\u00d3GICOS","article_modified_time":"2022-10-03T19:26:47+00:00","og_image":[{"width":600,"height":600,"url":"https:\/\/www.biocabaz.pt\/web\/wp-conteudos\/uploads\/2021\/09\/now-hair-skin-nails-90-capsulas.jpg","type":"image\/jpeg"}],"twitter_card":"summary_large_image","schema":{"@context":"https:\/\/schema.org","@graph":[{"@type":"WebPage","@id":"https:\/\/biocabaz.pt\/web\/en\/produto\/now-hair-skin-nails\/","url":"https:\/\/biocabaz.pt\/web\/en\/produto\/now-hair-skin-nails\/","name":"NOW HAIR, SKIN & NAILS","isPartOf":{"@id":"https:\/\/biocabaz.pt\/web\/en\/#website"},"primaryImageOfPage":{"@id":"https:\/\/biocabaz.pt\/web\/en\/produto\/now-hair-skin-nails\/#primaryimage"},"image":{"@id":"https:\/\/biocabaz.pt\/web\/en\/produto\/now-hair-skin-nails\/#primaryimage"},"thumbnailUrl":"https:\/\/www.biocabaz.pt\/web\/wp-conteudos\/uploads\/2021\/09\/now-hair-skin-nails-90-capsulas.jpg","datePublished":"2021-09-09T20:35:12+00:00","dateModified":"2022-10-03T19:26:47+00:00","breadcrumb":{"@id":"https:\/\/biocabaz.pt\/web\/en\/produto\/now-hair-skin-nails\/#breadcrumb"},"inLanguage":"pt-PT","potentialAction":[{"@type":"ReadAction","target":["https:\/\/biocabaz.pt\/web\/en\/produto\/now-hair-skin-nails\/"]}]},{"@type":"ImageObject","inLanguage":"pt-PT","@id":"https:\/\/biocabaz.pt\/web\/en\/produto\/now-hair-skin-nails\/#primaryimage","url":"https:\/\/www.biocabaz.pt\/web\/wp-conteudos\/uploads\/2021\/09\/now-hair-skin-nails-90-capsulas.jpg","contentUrl":"https:\/\/www.biocabaz.pt\/web\/wp-conteudos\/uploads\/2021\/09\/now-hair-skin-nails-90-capsulas.jpg","width":600,"height":600,"caption":"now-hair-skin-nails-90-capsulas"},{"@type":"BreadcrumbList","@id":"https:\/\/biocabaz.pt\/web\/en\/produto\/now-hair-skin-nails\/#breadcrumb","itemListElement":[{"@type":"ListItem","position":1,"name":"Home","item":"https:\/\/biocabaz.pt\/web\/en\/"},{"@type":"ListItem","position":2,"name":"Shop","item":"https:\/\/biocabaz.pt\/web\/en\/shop\/"},{"@type":"ListItem","position":3,"name":"NOW HAIR, SKIN &#038; NAILS"}]},{"@type":"WebSite","@id":"https:\/\/biocabaz.pt\/web\/en\/#website","url":"https:\/\/biocabaz.pt\/web\/en\/","name":"BIOCABAZ - CABAZES BIOL\u00d3GICOS","description":"O melhor que a terra d\u00e1 \u00e9 para si","potentialAction":[{"@type":"SearchAction","target":{"@type":"EntryPoint","urlTemplate":"https:\/\/biocabaz.pt\/web\/en\/?s={search_term_string}"},"query-input":{"@type":"PropertyValueSpecification","valueRequired":true,"valueName":"search_term_string"}}],"inLanguage":"pt-PT"}]}},"_links":{"self":[{"href":"https:\/\/biocabaz.pt\/web\/wp-json\/wp\/v2\/product\/75672","targetHints":{"allow":["GET"]}}],"collection":[{"href":"https:\/\/biocabaz.pt\/web\/wp-json\/wp\/v2\/product"}],"about":[{"href":"https:\/\/biocabaz.pt\/web\/wp-json\/wp\/v2\/types\/product"}],"replies":[{"embeddable":true,"href":"https:\/\/biocabaz.pt\/web\/wp-json\/wp\/v2\/comments?post=75672"}],"wp:featuredmedia":[{"embeddable":true,"href":"https:\/\/biocabaz.pt\/web\/wp-json\/wp\/v2\/media\/75673"}],"wp:attachment":[{"href":"https:\/\/biocabaz.pt\/web\/wp-json\/wp\/v2\/media?parent=75672"}],"wp:term":[{"taxonomy":"product_cat","embeddable":true,"href":"https:\/\/biocabaz.pt\/web\/wp-json\/wp\/v2\/product_cat?post=75672"},{"taxonomy":"product_tag","embeddable":true,"href":"https:\/\/biocabaz.pt\/web\/wp-json\/wp\/v2\/product_tag?post=75672"}],"curies":[{"name":"wp","href":"https:\/\/api.w.org\/{rel}","templated":true}]}}