{"id":75307,"date":"2021-09-03T10:27:16","date_gmt":"2021-09-03T10:27:16","guid":{"rendered":"https:\/\/www.biocabaz.pt\/web\/?post_type=product&#038;p=75307"},"modified":"2024-07-25T08:21:21","modified_gmt":"2024-07-25T08:21:21","slug":"zinc-picolinato-22-mg-solgar-100-caps","status":"publish","type":"product","link":"https:\/\/biocabaz.pt\/web\/produto\/zinc-picolinato-22-mg-solgar-100-caps\/","title":{"rendered":"ZINC PICOLINATO 22 MG SOLGAR 100 CAPS"},"content":{"rendered":"","protected":false},"excerpt":{"rendered":"<p>Fornece o mineral zinco como picolinato que contribui para o normal funcionamento do sistema imunit\u00e1rio.<br \/>\nSolgar Picolinato de Zinco fornece 22 mg de zinco como picolinato por comprimido.<br \/>\nO zinco contribui para o normal funcionamento do sistema imunit\u00e1rio, para uma fertilidade e reprodu\u00e7\u00e3o normais e para a manuten\u00e7\u00e3o de uma pele, unhas e cabelos normais.<br \/>\nSolgar Picolinato de Zinco \u00e9 isento de a\u00e7\u00facar, sal, amido, milho, levedura, trigo, soja e produtos l\u00e1cteos. Formulado sem o uso de conservantes, aromatizantes nem corantes artificiais. Adequado a vegans. Ingredientes:<br \/>\nCada comprimido fornece:<\/p>\n<p>Agente de volume: fosfato dic\u00e1lcico, celulose microcristalina<\/p>\n<p>Zinco (picolinato) &#8230;&#8230;&#8230;&#8230;&#8230;&#8230;&#8230; 22mg 220%*<\/p>\n<p>Antiaglomerantes: \u00e1cido este\u00e1rico vegetal, estearato de magn\u00e9sio vegetal Carboximetilcelulose<\/p>\n<p>*Valor Refer\u00eancia do Nutriente<br \/>\n<br \/><b>Modo de Utiliza\u00e7\u00e3o:<\/b> Modo de Tomar\/Usar:<br \/>\nComo suplemento alimentar para adultos, tomar 1 comprimido por dia, de prefer\u00eancia \u00e0 refei\u00e7\u00e3o, ou segundo prescri\u00e7\u00e3o m\u00e9dica ou do seu t\u00e9cnico de sa\u00fade. N\u00e3o exceder a toma di\u00e1ria recomendada. Condi\u00e7\u00f5es de Conserva\u00e7\u00e3o:<br \/>\nConservar em local seco, fresco (15\u00ba a 30\u00baC) e ao abrigo da luz e humidade.<\/p>\n","protected":false},"featured_media":75308,"comment_status":"closed","ping_status":"closed","template":"","meta":[],"product_cat":[88],"product_tag":[],"class_list":["post-75307","product","type-product","status-publish","has-post-thumbnail","hentry","product_cat-suplementos"],"bundle_layout":"","bundled_by":[],"bundled_items":[],"yoast_head":"<!-- This site is optimized with the Yoast SEO plugin v26.3 - https:\/\/yoast.com\/wordpress\/plugins\/seo\/ -->\n<title>ZINC PICOLINATO 22 MG SOLGAR 100 CAPS<\/title>\n<meta name=\"robots\" content=\"index, follow, max-snippet:-1, max-image-preview:large, max-video-preview:-1\" \/>\n<link rel=\"canonical\" href=\"https:\/\/biocabaz.pt\/web\/produto\/zinc-picolinato-22-mg-solgar-100-caps\/\" \/>\n<meta property=\"og:locale\" content=\"pt_PT\" \/>\n<meta property=\"og:locale:alternate\" content=\"en_US\" \/>\n<meta property=\"og:type\" content=\"article\" \/>\n<meta property=\"og:title\" content=\"ZINC PICOLINATO 22 MG SOLGAR 100 CAPS\" \/>\n<meta property=\"og:description\" content=\"Fornece o mineral zinco como picolinato que contribui para o normal funcionamento do sistema imunit\u00e1rio. Solgar Picolinato de Zinco fornece 22 mg de zinco como picolinato por comprimido. O zinco contribui para o normal funcionamento do sistema imunit\u00e1rio, para uma fertilidade e reprodu\u00e7\u00e3o normais e para a manuten\u00e7\u00e3o de uma pele, unhas e cabelos normais. Solgar Picolinato de Zinco \u00e9 isento de a\u00e7\u00facar, sal, amido, milho, levedura, trigo, soja e produtos l\u00e1cteos. Formulado sem o uso de conservantes, aromatizantes nem corantes artificiais. Adequado a vegans. Ingredientes: Cada comprimido fornece: Agente de volume: fosfato dic\u00e1lcico, celulose microcristalina Zinco (picolinato) ..................... 22mg 220%* Antiaglomerantes: \u00e1cido este\u00e1rico vegetal, estearato de magn\u00e9sio vegetal Carboximetilcelulose *Valor Refer\u00eancia do Nutriente Modo de Utiliza\u00e7\u00e3o: Modo de Tomar\/Usar: Como suplemento alimentar para adultos, tomar 1 comprimido por dia, de prefer\u00eancia \u00e0 refei\u00e7\u00e3o, ou segundo prescri\u00e7\u00e3o m\u00e9dica ou do seu t\u00e9cnico de sa\u00fade. N\u00e3o exceder a toma di\u00e1ria recomendada. Condi\u00e7\u00f5es de Conserva\u00e7\u00e3o: Conservar em local seco, fresco (15\u00ba a 30\u00baC) e ao abrigo da luz e humidade.\" \/>\n<meta property=\"og:url\" content=\"https:\/\/biocabaz.pt\/web\/produto\/zinc-picolinato-22-mg-solgar-100-caps\/\" \/>\n<meta property=\"og:site_name\" content=\"BIOCABAZ - CABAZES BIOL\u00d3GICOS\" \/>\n<meta property=\"article:modified_time\" content=\"2024-07-25T08:21:21+00:00\" \/>\n<meta property=\"og:image\" content=\"https:\/\/www.biocabaz.pt\/web\/wp-conteudos\/uploads\/2021\/09\/zinc-picolinato-22-mg-solgar-100-caps-e1630664819388.jpg\" \/>\n\t<meta property=\"og:image:width\" content=\"500\" \/>\n\t<meta property=\"og:image:height\" content=\"500\" \/>\n\t<meta property=\"og:image:type\" content=\"image\/jpeg\" \/>\n<meta name=\"twitter:card\" content=\"summary_large_image\" \/>\n<script type=\"application\/ld+json\" class=\"yoast-schema-graph\">{\"@context\":\"https:\/\/schema.org\",\"@graph\":[{\"@type\":\"WebPage\",\"@id\":\"https:\/\/biocabaz.pt\/web\/en\/produto\/zinc-picolinato-22-mg-solgar-100-caps\/\",\"url\":\"https:\/\/biocabaz.pt\/web\/en\/produto\/zinc-picolinato-22-mg-solgar-100-caps\/\",\"name\":\"ZINC PICOLINATO 22 MG SOLGAR 100 CAPS\",\"isPartOf\":{\"@id\":\"https:\/\/www.biocabaz.pt\/web\/en\/#website\"},\"primaryImageOfPage\":{\"@id\":\"https:\/\/biocabaz.pt\/web\/en\/produto\/zinc-picolinato-22-mg-solgar-100-caps\/#primaryimage\"},\"image\":{\"@id\":\"https:\/\/biocabaz.pt\/web\/en\/produto\/zinc-picolinato-22-mg-solgar-100-caps\/#primaryimage\"},\"thumbnailUrl\":\"https:\/\/www.biocabaz.pt\/web\/wp-conteudos\/uploads\/2021\/09\/zinc-picolinato-22-mg-solgar-100-caps-e1630664819388.jpg\",\"datePublished\":\"2021-09-03T10:27:16+00:00\",\"dateModified\":\"2024-07-25T08:21:21+00:00\",\"breadcrumb\":{\"@id\":\"https:\/\/biocabaz.pt\/web\/en\/produto\/zinc-picolinato-22-mg-solgar-100-caps\/#breadcrumb\"},\"inLanguage\":\"pt-PT\",\"potentialAction\":[{\"@type\":\"ReadAction\",\"target\":[\"https:\/\/biocabaz.pt\/web\/en\/produto\/zinc-picolinato-22-mg-solgar-100-caps\/\"]}]},{\"@type\":\"ImageObject\",\"inLanguage\":\"pt-PT\",\"@id\":\"https:\/\/biocabaz.pt\/web\/en\/produto\/zinc-picolinato-22-mg-solgar-100-caps\/#primaryimage\",\"url\":\"https:\/\/www.biocabaz.pt\/web\/wp-conteudos\/uploads\/2021\/09\/zinc-picolinato-22-mg-solgar-100-caps-e1630664819388.jpg\",\"contentUrl\":\"https:\/\/www.biocabaz.pt\/web\/wp-conteudos\/uploads\/2021\/09\/zinc-picolinato-22-mg-solgar-100-caps-e1630664819388.jpg\",\"width\":500,\"height\":500,\"caption\":\"ZINC PICOLINATO 22 MG SOLGAR 100 CAPS\"},{\"@type\":\"BreadcrumbList\",\"@id\":\"https:\/\/biocabaz.pt\/web\/en\/produto\/zinc-picolinato-22-mg-solgar-100-caps\/#breadcrumb\",\"itemListElement\":[{\"@type\":\"ListItem\",\"position\":1,\"name\":\"Home\",\"item\":\"https:\/\/www.biocabaz.pt\/web\/en\/\"},{\"@type\":\"ListItem\",\"position\":2,\"name\":\"Shop\",\"item\":\"https:\/\/www.biocabaz.pt\/web\/en\/shop\/\"},{\"@type\":\"ListItem\",\"position\":3,\"name\":\"ZINC PICOLINATO 22 MG SOLGAR 100 CAPS\"}]},{\"@type\":\"WebSite\",\"@id\":\"https:\/\/www.biocabaz.pt\/web\/en\/#website\",\"url\":\"https:\/\/www.biocabaz.pt\/web\/en\/\",\"name\":\"BIOCABAZ - CABAZES BIOL\u00d3GICOS\",\"description\":\"O melhor que a terra d\u00e1 \u00e9 para si\",\"potentialAction\":[{\"@type\":\"SearchAction\",\"target\":{\"@type\":\"EntryPoint\",\"urlTemplate\":\"https:\/\/www.biocabaz.pt\/web\/en\/?s={search_term_string}\"},\"query-input\":{\"@type\":\"PropertyValueSpecification\",\"valueRequired\":true,\"valueName\":\"search_term_string\"}}],\"inLanguage\":\"pt-PT\"}]}<\/script>\n<!-- \/ Yoast SEO plugin. -->","yoast_head_json":{"title":"ZINC PICOLINATO 22 MG SOLGAR 100 CAPS","robots":{"index":"index","follow":"follow","max-snippet":"max-snippet:-1","max-image-preview":"max-image-preview:large","max-video-preview":"max-video-preview:-1"},"canonical":"https:\/\/biocabaz.pt\/web\/produto\/zinc-picolinato-22-mg-solgar-100-caps\/","og_locale":"pt_PT","og_type":"article","og_title":"[:en]ZINC PICOLINATO 22 MG SOLGAR 100 CAPS[:pt]ZINC PICOLINATO 22 MG SOLGAR 100 CAPS[:] - BIOCABAZ - CABAZES BIOL\u00d3GICOS","og_description":"Fornece o mineral zinco como picolinato que contribui para o normal funcionamento do sistema imunit\u00e1rio. Solgar Picolinato de Zinco fornece 22 mg de zinco como picolinato por comprimido. O zinco contribui para o normal funcionamento do sistema imunit\u00e1rio, para uma fertilidade e reprodu\u00e7\u00e3o normais e para a manuten\u00e7\u00e3o de uma pele, unhas e cabelos normais. Solgar Picolinato de Zinco \u00e9 isento de a\u00e7\u00facar, sal, amido, milho, levedura, trigo, soja e produtos l\u00e1cteos. Formulado sem o uso de conservantes, aromatizantes nem corantes artificiais. Adequado a vegans. Ingredientes: Cada comprimido fornece: Agente de volume: fosfato dic\u00e1lcico, celulose microcristalina Zinco (picolinato) ..................... 22mg 220%* Antiaglomerantes: \u00e1cido este\u00e1rico vegetal, estearato de magn\u00e9sio vegetal Carboximetilcelulose *Valor Refer\u00eancia do Nutriente Modo de Utiliza\u00e7\u00e3o: Modo de Tomar\/Usar: Como suplemento alimentar para adultos, tomar 1 comprimido por dia, de prefer\u00eancia \u00e0 refei\u00e7\u00e3o, ou segundo prescri\u00e7\u00e3o m\u00e9dica ou do seu t\u00e9cnico de sa\u00fade. N\u00e3o exceder a toma di\u00e1ria recomendada. Condi\u00e7\u00f5es de Conserva\u00e7\u00e3o: Conservar em local seco, fresco (15\u00ba a 30\u00baC) e ao abrigo da luz e humidade.","og_url":"https:\/\/biocabaz.pt\/web\/produto\/zinc-picolinato-22-mg-solgar-100-caps\/","og_site_name":"BIOCABAZ - CABAZES BIOL\u00d3GICOS","article_modified_time":"2024-07-25T08:21:21+00:00","og_image":[{"width":500,"height":500,"url":"https:\/\/www.biocabaz.pt\/web\/wp-conteudos\/uploads\/2021\/09\/zinc-picolinato-22-mg-solgar-100-caps-e1630664819388.jpg","type":"image\/jpeg"}],"twitter_card":"summary_large_image","schema":{"@context":"https:\/\/schema.org","@graph":[{"@type":"WebPage","@id":"https:\/\/biocabaz.pt\/web\/en\/produto\/zinc-picolinato-22-mg-solgar-100-caps\/","url":"https:\/\/biocabaz.pt\/web\/en\/produto\/zinc-picolinato-22-mg-solgar-100-caps\/","name":"ZINC PICOLINATO 22 MG SOLGAR 100 CAPS","isPartOf":{"@id":"https:\/\/www.biocabaz.pt\/web\/en\/#website"},"primaryImageOfPage":{"@id":"https:\/\/biocabaz.pt\/web\/en\/produto\/zinc-picolinato-22-mg-solgar-100-caps\/#primaryimage"},"image":{"@id":"https:\/\/biocabaz.pt\/web\/en\/produto\/zinc-picolinato-22-mg-solgar-100-caps\/#primaryimage"},"thumbnailUrl":"https:\/\/www.biocabaz.pt\/web\/wp-conteudos\/uploads\/2021\/09\/zinc-picolinato-22-mg-solgar-100-caps-e1630664819388.jpg","datePublished":"2021-09-03T10:27:16+00:00","dateModified":"2024-07-25T08:21:21+00:00","breadcrumb":{"@id":"https:\/\/biocabaz.pt\/web\/en\/produto\/zinc-picolinato-22-mg-solgar-100-caps\/#breadcrumb"},"inLanguage":"pt-PT","potentialAction":[{"@type":"ReadAction","target":["https:\/\/biocabaz.pt\/web\/en\/produto\/zinc-picolinato-22-mg-solgar-100-caps\/"]}]},{"@type":"ImageObject","inLanguage":"pt-PT","@id":"https:\/\/biocabaz.pt\/web\/en\/produto\/zinc-picolinato-22-mg-solgar-100-caps\/#primaryimage","url":"https:\/\/www.biocabaz.pt\/web\/wp-conteudos\/uploads\/2021\/09\/zinc-picolinato-22-mg-solgar-100-caps-e1630664819388.jpg","contentUrl":"https:\/\/www.biocabaz.pt\/web\/wp-conteudos\/uploads\/2021\/09\/zinc-picolinato-22-mg-solgar-100-caps-e1630664819388.jpg","width":500,"height":500,"caption":"ZINC PICOLINATO 22 MG SOLGAR 100 CAPS"},{"@type":"BreadcrumbList","@id":"https:\/\/biocabaz.pt\/web\/en\/produto\/zinc-picolinato-22-mg-solgar-100-caps\/#breadcrumb","itemListElement":[{"@type":"ListItem","position":1,"name":"Home","item":"https:\/\/www.biocabaz.pt\/web\/en\/"},{"@type":"ListItem","position":2,"name":"Shop","item":"https:\/\/www.biocabaz.pt\/web\/en\/shop\/"},{"@type":"ListItem","position":3,"name":"ZINC PICOLINATO 22 MG SOLGAR 100 CAPS"}]},{"@type":"WebSite","@id":"https:\/\/www.biocabaz.pt\/web\/en\/#website","url":"https:\/\/www.biocabaz.pt\/web\/en\/","name":"BIOCABAZ - CABAZES BIOL\u00d3GICOS","description":"O melhor que a terra d\u00e1 \u00e9 para si","potentialAction":[{"@type":"SearchAction","target":{"@type":"EntryPoint","urlTemplate":"https:\/\/www.biocabaz.pt\/web\/en\/?s={search_term_string}"},"query-input":{"@type":"PropertyValueSpecification","valueRequired":true,"valueName":"search_term_string"}}],"inLanguage":"pt-PT"}]}},"_links":{"self":[{"href":"https:\/\/biocabaz.pt\/web\/wp-json\/wp\/v2\/product\/75307","targetHints":{"allow":["GET"]}}],"collection":[{"href":"https:\/\/biocabaz.pt\/web\/wp-json\/wp\/v2\/product"}],"about":[{"href":"https:\/\/biocabaz.pt\/web\/wp-json\/wp\/v2\/types\/product"}],"replies":[{"embeddable":true,"href":"https:\/\/biocabaz.pt\/web\/wp-json\/wp\/v2\/comments?post=75307"}],"wp:featuredmedia":[{"embeddable":true,"href":"https:\/\/biocabaz.pt\/web\/wp-json\/wp\/v2\/media\/75308"}],"wp:attachment":[{"href":"https:\/\/biocabaz.pt\/web\/wp-json\/wp\/v2\/media?parent=75307"}],"wp:term":[{"taxonomy":"product_cat","embeddable":true,"href":"https:\/\/biocabaz.pt\/web\/wp-json\/wp\/v2\/product_cat?post=75307"},{"taxonomy":"product_tag","embeddable":true,"href":"https:\/\/biocabaz.pt\/web\/wp-json\/wp\/v2\/product_tag?post=75307"}],"curies":[{"name":"wp","href":"https:\/\/api.w.org\/{rel}","templated":true}]}}