{"id":75305,"date":"2021-09-03T10:24:02","date_gmt":"2021-09-03T10:24:02","guid":{"rendered":"https:\/\/www.biocabaz.pt\/web\/?post_type=product&#038;p=75305"},"modified":"2024-07-25T08:21:31","modified_gmt":"2024-07-25T08:21:31","slug":"vitamina-a-5000-ui-solgar-100-caps","status":"publish","type":"product","link":"https:\/\/biocabaz.pt\/web\/produto\/vitamina-a-5000-ui-solgar-100-caps\/","title":{"rendered":"VITAMINA A 5000 UI SOLGAR 100 CAPS"},"content":{"rendered":"","protected":false},"excerpt":{"rendered":"<p>A vitamina A contribui para a manuten\u00e7\u00e3o de mucosas normais, de uma pele normal e de uma vis\u00e3o normal. Contribui ainda para o normal funcionamento do sistema imunit\u00e1rio.<br \/>\nSolgar Vitamina A com Vitamina C \u00e9 um suplemento rico em vitamina A: fornece 1502 \u00b5g de vitamina A por c\u00e1psula.<br \/>\n\u00c9 isento de a\u00e7\u00facar, sal, levedura, trigo, soja, gl\u00faten e produtos l\u00e1cteos. Formulado sem o uso de conservantes, edulcorantes, aromatizantes nem corantes artificiais. Adequado a vegans. Ingredientes: Cada comprimido fornece: %VRN*<\/p>\n<p>Agentes de volume: fosfato dic\u00e1lcico, celulose microcristalina<\/p>\n<p>Vitamina A total (5000 UI, como prep. de palmitato de retinilo)&#8230;&#8230;&#8230;.1502\u00b5g 188* Vitamina C (\u00e1cido L- asc\u00f3rbico) &#8230;&#8230;&#8230;&#8230;&#8230;&#8230;&#8230;&#8230;&#8230; 10mg 13*<\/p>\n<p>Antiaglomerantes: estearato de magn\u00e9sio vegetal, di\u00f3xido de sil\u00edcio Carboximetilcelulose<\/p>\n<p>*Valor Refer\u00eancia do Nutriente<br \/><b>Modo de Utiliza\u00e7\u00e3o:<\/b> Como suplemento alimentar para adultos, tomar 1 comprimido por dia de prefer\u00eancia \u00e0 refei\u00e7\u00e3o ou segundo prescri\u00e7\u00e3o m\u00e9dica. N\u00e3o exceder a toma di\u00e1ria recomendada. Conservar em local seco, fresco (15\u00ba a 30\u00baC) e ao abrigo da luz e humidade. Este suplemento cont\u00e9m vitamina A. N\u00e3o tome se estiver gr\u00e1vida ou a pensar engravidar sem consultar o seu m\u00e9dico.<\/p>\n","protected":false},"featured_media":75306,"comment_status":"closed","ping_status":"closed","template":"","meta":[],"product_cat":[88],"product_tag":[],"class_list":["post-75305","product","type-product","status-publish","has-post-thumbnail","hentry","product_cat-suplementos"],"bundle_layout":"","bundled_by":[],"bundled_items":[],"yoast_head":"<!-- This site is optimized with the Yoast SEO plugin v26.3 - https:\/\/yoast.com\/wordpress\/plugins\/seo\/ -->\n<title>VITAMINA A 5000 UI SOLGAR 100 CAPS<\/title>\n<meta name=\"robots\" content=\"index, follow, max-snippet:-1, max-image-preview:large, max-video-preview:-1\" \/>\n<link rel=\"canonical\" href=\"https:\/\/biocabaz.pt\/web\/produto\/vitamina-a-5000-ui-solgar-100-caps\/\" \/>\n<meta property=\"og:locale\" content=\"pt_PT\" \/>\n<meta property=\"og:locale:alternate\" content=\"en_US\" \/>\n<meta property=\"og:type\" content=\"article\" \/>\n<meta property=\"og:title\" content=\"VITAMINA A 5000 UI SOLGAR 100 CAPS\" \/>\n<meta property=\"og:description\" content=\"A vitamina A contribui para a manuten\u00e7\u00e3o de mucosas normais, de uma pele normal e de uma vis\u00e3o normal. Contribui ainda para o normal funcionamento do sistema imunit\u00e1rio. Solgar Vitamina A com Vitamina C \u00e9 um suplemento rico em vitamina A: fornece 1502 \u00b5g de vitamina A por c\u00e1psula. \u00c9 isento de a\u00e7\u00facar, sal, levedura, trigo, soja, gl\u00faten e produtos l\u00e1cteos. Formulado sem o uso de conservantes, edulcorantes, aromatizantes nem corantes artificiais. Adequado a vegans. Ingredientes: Cada comprimido fornece: %VRN* Agentes de volume: fosfato dic\u00e1lcico, celulose microcristalina Vitamina A total (5000 UI, como prep. de palmitato de retinilo)..........1502\u00b5g 188* Vitamina C (\u00e1cido L- asc\u00f3rbico) ........................... 10mg 13* Antiaglomerantes: estearato de magn\u00e9sio vegetal, di\u00f3xido de sil\u00edcio Carboximetilcelulose *Valor Refer\u00eancia do NutrienteModo de Utiliza\u00e7\u00e3o: Como suplemento alimentar para adultos, tomar 1 comprimido por dia de prefer\u00eancia \u00e0 refei\u00e7\u00e3o ou segundo prescri\u00e7\u00e3o m\u00e9dica. N\u00e3o exceder a toma di\u00e1ria recomendada. Conservar em local seco, fresco (15\u00ba a 30\u00baC) e ao abrigo da luz e humidade. Este suplemento cont\u00e9m vitamina A. N\u00e3o tome se estiver gr\u00e1vida ou a pensar engravidar sem consultar o seu m\u00e9dico.\" \/>\n<meta property=\"og:url\" content=\"https:\/\/biocabaz.pt\/web\/produto\/vitamina-a-5000-ui-solgar-100-caps\/\" \/>\n<meta property=\"og:site_name\" content=\"BIOCABAZ - CABAZES BIOL\u00d3GICOS\" \/>\n<meta property=\"article:modified_time\" content=\"2024-07-25T08:21:31+00:00\" \/>\n<meta property=\"og:image\" content=\"https:\/\/www.biocabaz.pt\/web\/wp-conteudos\/uploads\/2021\/09\/vitamina-a-5000-ui-solgar-100-caps-e1630664625466.jpg\" \/>\n\t<meta property=\"og:image:width\" content=\"500\" \/>\n\t<meta property=\"og:image:height\" content=\"500\" \/>\n\t<meta property=\"og:image:type\" content=\"image\/jpeg\" \/>\n<meta name=\"twitter:card\" content=\"summary_large_image\" \/>\n<script type=\"application\/ld+json\" class=\"yoast-schema-graph\">{\"@context\":\"https:\/\/schema.org\",\"@graph\":[{\"@type\":\"WebPage\",\"@id\":\"https:\/\/biocabaz.pt\/web\/en\/produto\/vitamina-a-5000-ui-solgar-100-caps\/\",\"url\":\"https:\/\/biocabaz.pt\/web\/en\/produto\/vitamina-a-5000-ui-solgar-100-caps\/\",\"name\":\"VITAMINA A 5000 UI SOLGAR 100 CAPS\",\"isPartOf\":{\"@id\":\"https:\/\/www.biocabaz.pt\/web\/en\/#website\"},\"primaryImageOfPage\":{\"@id\":\"https:\/\/biocabaz.pt\/web\/en\/produto\/vitamina-a-5000-ui-solgar-100-caps\/#primaryimage\"},\"image\":{\"@id\":\"https:\/\/biocabaz.pt\/web\/en\/produto\/vitamina-a-5000-ui-solgar-100-caps\/#primaryimage\"},\"thumbnailUrl\":\"https:\/\/www.biocabaz.pt\/web\/wp-conteudos\/uploads\/2021\/09\/vitamina-a-5000-ui-solgar-100-caps-e1630664625466.jpg\",\"datePublished\":\"2021-09-03T10:24:02+00:00\",\"dateModified\":\"2024-07-25T08:21:31+00:00\",\"breadcrumb\":{\"@id\":\"https:\/\/biocabaz.pt\/web\/en\/produto\/vitamina-a-5000-ui-solgar-100-caps\/#breadcrumb\"},\"inLanguage\":\"pt-PT\",\"potentialAction\":[{\"@type\":\"ReadAction\",\"target\":[\"https:\/\/biocabaz.pt\/web\/en\/produto\/vitamina-a-5000-ui-solgar-100-caps\/\"]}]},{\"@type\":\"ImageObject\",\"inLanguage\":\"pt-PT\",\"@id\":\"https:\/\/biocabaz.pt\/web\/en\/produto\/vitamina-a-5000-ui-solgar-100-caps\/#primaryimage\",\"url\":\"https:\/\/www.biocabaz.pt\/web\/wp-conteudos\/uploads\/2021\/09\/vitamina-a-5000-ui-solgar-100-caps-e1630664625466.jpg\",\"contentUrl\":\"https:\/\/www.biocabaz.pt\/web\/wp-conteudos\/uploads\/2021\/09\/vitamina-a-5000-ui-solgar-100-caps-e1630664625466.jpg\",\"width\":500,\"height\":500,\"caption\":\"VITAMINA A 5000 UI SOLGAR 100 CAPS\"},{\"@type\":\"BreadcrumbList\",\"@id\":\"https:\/\/biocabaz.pt\/web\/en\/produto\/vitamina-a-5000-ui-solgar-100-caps\/#breadcrumb\",\"itemListElement\":[{\"@type\":\"ListItem\",\"position\":1,\"name\":\"Home\",\"item\":\"https:\/\/www.biocabaz.pt\/web\/en\/\"},{\"@type\":\"ListItem\",\"position\":2,\"name\":\"Shop\",\"item\":\"https:\/\/www.biocabaz.pt\/web\/en\/shop\/\"},{\"@type\":\"ListItem\",\"position\":3,\"name\":\"VITAMIN A 5000 UI SOLGAR 100 CAPS\"}]},{\"@type\":\"WebSite\",\"@id\":\"https:\/\/www.biocabaz.pt\/web\/en\/#website\",\"url\":\"https:\/\/www.biocabaz.pt\/web\/en\/\",\"name\":\"BIOCABAZ - CABAZES BIOL\u00d3GICOS\",\"description\":\"O melhor que a terra d\u00e1 \u00e9 para si\",\"potentialAction\":[{\"@type\":\"SearchAction\",\"target\":{\"@type\":\"EntryPoint\",\"urlTemplate\":\"https:\/\/www.biocabaz.pt\/web\/en\/?s={search_term_string}\"},\"query-input\":{\"@type\":\"PropertyValueSpecification\",\"valueRequired\":true,\"valueName\":\"search_term_string\"}}],\"inLanguage\":\"pt-PT\"}]}<\/script>\n<!-- \/ Yoast SEO plugin. -->","yoast_head_json":{"title":"VITAMINA A 5000 UI SOLGAR 100 CAPS","robots":{"index":"index","follow":"follow","max-snippet":"max-snippet:-1","max-image-preview":"max-image-preview:large","max-video-preview":"max-video-preview:-1"},"canonical":"https:\/\/biocabaz.pt\/web\/produto\/vitamina-a-5000-ui-solgar-100-caps\/","og_locale":"pt_PT","og_type":"article","og_title":"[:en]VITAMIN A 5000 UI SOLGAR 100 CAPS[:pt]VITAMINA A 5000 UI SOLGAR 100 CAPS[:] - BIOCABAZ - CABAZES BIOL\u00d3GICOS","og_description":"A vitamina A contribui para a manuten\u00e7\u00e3o de mucosas normais, de uma pele normal e de uma vis\u00e3o normal. Contribui ainda para o normal funcionamento do sistema imunit\u00e1rio. Solgar Vitamina A com Vitamina C \u00e9 um suplemento rico em vitamina A: fornece 1502 \u00b5g de vitamina A por c\u00e1psula. \u00c9 isento de a\u00e7\u00facar, sal, levedura, trigo, soja, gl\u00faten e produtos l\u00e1cteos. Formulado sem o uso de conservantes, edulcorantes, aromatizantes nem corantes artificiais. Adequado a vegans. Ingredientes: Cada comprimido fornece: %VRN* Agentes de volume: fosfato dic\u00e1lcico, celulose microcristalina Vitamina A total (5000 UI, como prep. de palmitato de retinilo)..........1502\u00b5g 188* Vitamina C (\u00e1cido L- asc\u00f3rbico) ........................... 10mg 13* Antiaglomerantes: estearato de magn\u00e9sio vegetal, di\u00f3xido de sil\u00edcio Carboximetilcelulose *Valor Refer\u00eancia do NutrienteModo de Utiliza\u00e7\u00e3o: Como suplemento alimentar para adultos, tomar 1 comprimido por dia de prefer\u00eancia \u00e0 refei\u00e7\u00e3o ou segundo prescri\u00e7\u00e3o m\u00e9dica. N\u00e3o exceder a toma di\u00e1ria recomendada. Conservar em local seco, fresco (15\u00ba a 30\u00baC) e ao abrigo da luz e humidade. Este suplemento cont\u00e9m vitamina A. N\u00e3o tome se estiver gr\u00e1vida ou a pensar engravidar sem consultar o seu m\u00e9dico.","og_url":"https:\/\/biocabaz.pt\/web\/produto\/vitamina-a-5000-ui-solgar-100-caps\/","og_site_name":"BIOCABAZ - CABAZES BIOL\u00d3GICOS","article_modified_time":"2024-07-25T08:21:31+00:00","og_image":[{"width":500,"height":500,"url":"https:\/\/www.biocabaz.pt\/web\/wp-conteudos\/uploads\/2021\/09\/vitamina-a-5000-ui-solgar-100-caps-e1630664625466.jpg","type":"image\/jpeg"}],"twitter_card":"summary_large_image","schema":{"@context":"https:\/\/schema.org","@graph":[{"@type":"WebPage","@id":"https:\/\/biocabaz.pt\/web\/en\/produto\/vitamina-a-5000-ui-solgar-100-caps\/","url":"https:\/\/biocabaz.pt\/web\/en\/produto\/vitamina-a-5000-ui-solgar-100-caps\/","name":"VITAMINA A 5000 UI SOLGAR 100 CAPS","isPartOf":{"@id":"https:\/\/www.biocabaz.pt\/web\/en\/#website"},"primaryImageOfPage":{"@id":"https:\/\/biocabaz.pt\/web\/en\/produto\/vitamina-a-5000-ui-solgar-100-caps\/#primaryimage"},"image":{"@id":"https:\/\/biocabaz.pt\/web\/en\/produto\/vitamina-a-5000-ui-solgar-100-caps\/#primaryimage"},"thumbnailUrl":"https:\/\/www.biocabaz.pt\/web\/wp-conteudos\/uploads\/2021\/09\/vitamina-a-5000-ui-solgar-100-caps-e1630664625466.jpg","datePublished":"2021-09-03T10:24:02+00:00","dateModified":"2024-07-25T08:21:31+00:00","breadcrumb":{"@id":"https:\/\/biocabaz.pt\/web\/en\/produto\/vitamina-a-5000-ui-solgar-100-caps\/#breadcrumb"},"inLanguage":"pt-PT","potentialAction":[{"@type":"ReadAction","target":["https:\/\/biocabaz.pt\/web\/en\/produto\/vitamina-a-5000-ui-solgar-100-caps\/"]}]},{"@type":"ImageObject","inLanguage":"pt-PT","@id":"https:\/\/biocabaz.pt\/web\/en\/produto\/vitamina-a-5000-ui-solgar-100-caps\/#primaryimage","url":"https:\/\/www.biocabaz.pt\/web\/wp-conteudos\/uploads\/2021\/09\/vitamina-a-5000-ui-solgar-100-caps-e1630664625466.jpg","contentUrl":"https:\/\/www.biocabaz.pt\/web\/wp-conteudos\/uploads\/2021\/09\/vitamina-a-5000-ui-solgar-100-caps-e1630664625466.jpg","width":500,"height":500,"caption":"VITAMINA A 5000 UI SOLGAR 100 CAPS"},{"@type":"BreadcrumbList","@id":"https:\/\/biocabaz.pt\/web\/en\/produto\/vitamina-a-5000-ui-solgar-100-caps\/#breadcrumb","itemListElement":[{"@type":"ListItem","position":1,"name":"Home","item":"https:\/\/www.biocabaz.pt\/web\/en\/"},{"@type":"ListItem","position":2,"name":"Shop","item":"https:\/\/www.biocabaz.pt\/web\/en\/shop\/"},{"@type":"ListItem","position":3,"name":"VITAMIN A 5000 UI SOLGAR 100 CAPS"}]},{"@type":"WebSite","@id":"https:\/\/www.biocabaz.pt\/web\/en\/#website","url":"https:\/\/www.biocabaz.pt\/web\/en\/","name":"BIOCABAZ - CABAZES BIOL\u00d3GICOS","description":"O melhor que a terra d\u00e1 \u00e9 para si","potentialAction":[{"@type":"SearchAction","target":{"@type":"EntryPoint","urlTemplate":"https:\/\/www.biocabaz.pt\/web\/en\/?s={search_term_string}"},"query-input":{"@type":"PropertyValueSpecification","valueRequired":true,"valueName":"search_term_string"}}],"inLanguage":"pt-PT"}]}},"_links":{"self":[{"href":"https:\/\/biocabaz.pt\/web\/wp-json\/wp\/v2\/product\/75305","targetHints":{"allow":["GET"]}}],"collection":[{"href":"https:\/\/biocabaz.pt\/web\/wp-json\/wp\/v2\/product"}],"about":[{"href":"https:\/\/biocabaz.pt\/web\/wp-json\/wp\/v2\/types\/product"}],"replies":[{"embeddable":true,"href":"https:\/\/biocabaz.pt\/web\/wp-json\/wp\/v2\/comments?post=75305"}],"wp:featuredmedia":[{"embeddable":true,"href":"https:\/\/biocabaz.pt\/web\/wp-json\/wp\/v2\/media\/75306"}],"wp:attachment":[{"href":"https:\/\/biocabaz.pt\/web\/wp-json\/wp\/v2\/media?parent=75305"}],"wp:term":[{"taxonomy":"product_cat","embeddable":true,"href":"https:\/\/biocabaz.pt\/web\/wp-json\/wp\/v2\/product_cat?post=75305"},{"taxonomy":"product_tag","embeddable":true,"href":"https:\/\/biocabaz.pt\/web\/wp-json\/wp\/v2\/product_tag?post=75305"}],"curies":[{"name":"wp","href":"https:\/\/api.w.org\/{rel}","templated":true}]}}