{"id":75300,"date":"2021-09-03T09:59:25","date_gmt":"2021-09-03T09:59:25","guid":{"rendered":"https:\/\/www.biocabaz.pt\/web\/?post_type=product&#038;p=75300"},"modified":"2022-12-30T12:01:17","modified_gmt":"2022-12-30T12:01:17","slug":"zma-gold-nutrition-90-caps","status":"publish","type":"product","link":"https:\/\/biocabaz.pt\/web\/produto\/zma-gold-nutrition-90-caps\/","title":{"rendered":"ZMA GOLD NUTRITION 90 CAPS"},"content":{"rendered":"","protected":false},"excerpt":{"rendered":"<p>BENEF\u00cdCIOS<br \/>\nAumento da endurance Aumento da for\u00e7a e da resist\u00eancia muscular Diminui\u00e7\u00e3o de c\u00e3ibras e da tens\u00e3o muscular Acelerar as recupera\u00e7\u00f5es musculares Acelerar a cicatriza\u00e7\u00e3o e a recupera\u00e7\u00e3o Est\u00edmulo sobre o crescimento Melhoria da concentra\u00e7\u00e3o, do estado de alerta e do reflexo Melhoria da qualidade do sono<\/p>\n<p>DESCRI\u00c7\u00c3O<br \/>\nZMA GoldNutrition \u00e9 uma f\u00f3rmula anab\u00f3lica mineral, cientificamente desenvolvida e registada, que cont\u00e9m aspartato e monometionina de zinco, ligado covalentemente ao aspartato de magn\u00e9sio e \u00e0 vitamina B6. Esta f\u00f3rmula foi especificamente desenvolvida para que as formas de zinco e magn\u00e9sio fossem altamente biodispon\u00edveis. A adi\u00e7\u00e3o de vitamina B6 aumenta a absor\u00e7\u00e3o e a utiliza\u00e7\u00e3o destes dois minerais. Alguns estudos referem que a m\u00e1xima absor\u00e7\u00e3o de zinco, est\u00e1 directamente dependente do fornecimento adequado de vitamina B6.<\/p>\n<p>COMPOSI\u00c7\u00c3O<br \/>\nInforma\u00e7\u00e3o Nutricional (por 2 c\u00e1psulas):<br \/>\nMagn\u00e9sio \u2013 360mg (96% D.D.R.*) Zinco \u2013 20mg (200% D.D.R.*) Vitamina B6 \u2013 7mg (500% D.D.R.*)<br \/>\n* D.D.R. \u2013 Dose Di\u00e1ria Recomendada<br \/><b>Modo de Utiliza\u00e7\u00e3o:<\/b> Modo de usar: Tomar 2 c\u00e1psulas por dia, de prefer\u00eancia com o est\u00f4mago vazio, 30 a 60 minutos antes de deitar. Avisos: Evitar tomar em conjunto com alimentos que contenham c\u00e1lcio. N\u00e3o exceder a dose di\u00e1ria recomendada.<\/p>\n","protected":false},"featured_media":75301,"comment_status":"closed","ping_status":"closed","template":"","meta":[],"product_cat":[88],"product_tag":[],"class_list":["post-75300","product","type-product","status-publish","has-post-thumbnail","hentry","product_cat-suplementos"],"bundle_layout":"","bundled_by":[],"bundled_items":[],"yoast_head":"<!-- This site is optimized with the Yoast SEO plugin v26.3 - https:\/\/yoast.com\/wordpress\/plugins\/seo\/ -->\n<title>ZMA GOLD NUTRITION 90 CAPS<\/title>\n<meta name=\"robots\" content=\"index, follow, max-snippet:-1, max-image-preview:large, max-video-preview:-1\" \/>\n<link rel=\"canonical\" href=\"https:\/\/biocabaz.pt\/web\/produto\/zma-gold-nutrition-90-caps\/\" \/>\n<meta property=\"og:locale\" content=\"pt_PT\" \/>\n<meta property=\"og:locale:alternate\" content=\"en_US\" \/>\n<meta property=\"og:type\" content=\"article\" \/>\n<meta property=\"og:title\" content=\"ZMA GOLD NUTRITION 90 CAPS\" \/>\n<meta property=\"og:description\" content=\"BENEF\u00cdCIOS Aumento da endurance Aumento da for\u00e7a e da resist\u00eancia muscular Diminui\u00e7\u00e3o de c\u00e3ibras e da tens\u00e3o muscular Acelerar as recupera\u00e7\u00f5es musculares Acelerar a cicatriza\u00e7\u00e3o e a recupera\u00e7\u00e3o Est\u00edmulo sobre o crescimento Melhoria da concentra\u00e7\u00e3o, do estado de alerta e do reflexo Melhoria da qualidade do sono DESCRI\u00c7\u00c3O ZMA GoldNutrition \u00e9 uma f\u00f3rmula anab\u00f3lica mineral, cientificamente desenvolvida e registada, que cont\u00e9m aspartato e monometionina de zinco, ligado covalentemente ao aspartato de magn\u00e9sio e \u00e0 vitamina B6. Esta f\u00f3rmula foi especificamente desenvolvida para que as formas de zinco e magn\u00e9sio fossem altamente biodispon\u00edveis. A adi\u00e7\u00e3o de vitamina B6 aumenta a absor\u00e7\u00e3o e a utiliza\u00e7\u00e3o destes dois minerais. Alguns estudos referem que a m\u00e1xima absor\u00e7\u00e3o de zinco, est\u00e1 directamente dependente do fornecimento adequado de vitamina B6. COMPOSI\u00c7\u00c3O Informa\u00e7\u00e3o Nutricional (por 2 c\u00e1psulas): Magn\u00e9sio \u2013 360mg (96% D.D.R.*) Zinco \u2013 20mg (200% D.D.R.*) Vitamina B6 \u2013 7mg (500% D.D.R.*) * D.D.R. \u2013 Dose Di\u00e1ria RecomendadaModo de Utiliza\u00e7\u00e3o: Modo de usar: Tomar 2 c\u00e1psulas por dia, de prefer\u00eancia com o est\u00f4mago vazio, 30 a 60 minutos antes de deitar. Avisos: Evitar tomar em conjunto com alimentos que contenham c\u00e1lcio. N\u00e3o exceder a dose di\u00e1ria recomendada.\" \/>\n<meta property=\"og:url\" content=\"https:\/\/biocabaz.pt\/web\/produto\/zma-gold-nutrition-90-caps\/\" \/>\n<meta property=\"og:site_name\" content=\"BIOCABAZ - CABAZES BIOL\u00d3GICOS\" \/>\n<meta property=\"article:modified_time\" content=\"2022-12-30T12:01:17+00:00\" \/>\n<meta property=\"og:image\" content=\"https:\/\/www.biocabaz.pt\/web\/wp-conteudos\/uploads\/2021\/09\/zma-gold-nutrition-90-caps-e1630663120100.jpg\" \/>\n\t<meta property=\"og:image:width\" content=\"500\" \/>\n\t<meta property=\"og:image:height\" content=\"429\" \/>\n\t<meta property=\"og:image:type\" content=\"image\/jpeg\" \/>\n<meta name=\"twitter:card\" content=\"summary_large_image\" \/>\n<script type=\"application\/ld+json\" class=\"yoast-schema-graph\">{\"@context\":\"https:\/\/schema.org\",\"@graph\":[{\"@type\":\"WebPage\",\"@id\":\"https:\/\/biocabaz.pt\/web\/en\/produto\/zma-gold-nutrition-90-caps\/\",\"url\":\"https:\/\/biocabaz.pt\/web\/en\/produto\/zma-gold-nutrition-90-caps\/\",\"name\":\"ZMA GOLD NUTRITION 90 CAPS\",\"isPartOf\":{\"@id\":\"https:\/\/www.biocabaz.pt\/web\/en\/#website\"},\"primaryImageOfPage\":{\"@id\":\"https:\/\/biocabaz.pt\/web\/en\/produto\/zma-gold-nutrition-90-caps\/#primaryimage\"},\"image\":{\"@id\":\"https:\/\/biocabaz.pt\/web\/en\/produto\/zma-gold-nutrition-90-caps\/#primaryimage\"},\"thumbnailUrl\":\"https:\/\/www.biocabaz.pt\/web\/wp-conteudos\/uploads\/2021\/09\/zma-gold-nutrition-90-caps-e1630663120100.jpg\",\"datePublished\":\"2021-09-03T09:59:25+00:00\",\"dateModified\":\"2022-12-30T12:01:17+00:00\",\"breadcrumb\":{\"@id\":\"https:\/\/biocabaz.pt\/web\/en\/produto\/zma-gold-nutrition-90-caps\/#breadcrumb\"},\"inLanguage\":\"pt-PT\",\"potentialAction\":[{\"@type\":\"ReadAction\",\"target\":[\"https:\/\/biocabaz.pt\/web\/en\/produto\/zma-gold-nutrition-90-caps\/\"]}]},{\"@type\":\"ImageObject\",\"inLanguage\":\"pt-PT\",\"@id\":\"https:\/\/biocabaz.pt\/web\/en\/produto\/zma-gold-nutrition-90-caps\/#primaryimage\",\"url\":\"https:\/\/www.biocabaz.pt\/web\/wp-conteudos\/uploads\/2021\/09\/zma-gold-nutrition-90-caps-e1630663120100.jpg\",\"contentUrl\":\"https:\/\/www.biocabaz.pt\/web\/wp-conteudos\/uploads\/2021\/09\/zma-gold-nutrition-90-caps-e1630663120100.jpg\",\"width\":500,\"height\":429,\"caption\":\"ZMA GOLD NUTRITION 90 CAPS\"},{\"@type\":\"BreadcrumbList\",\"@id\":\"https:\/\/biocabaz.pt\/web\/en\/produto\/zma-gold-nutrition-90-caps\/#breadcrumb\",\"itemListElement\":[{\"@type\":\"ListItem\",\"position\":1,\"name\":\"Home\",\"item\":\"https:\/\/www.biocabaz.pt\/web\/en\/\"},{\"@type\":\"ListItem\",\"position\":2,\"name\":\"Shop\",\"item\":\"https:\/\/www.biocabaz.pt\/web\/en\/shop\/\"},{\"@type\":\"ListItem\",\"position\":3,\"name\":\"ZMA GOLD NUTRITION 90 CAPS\"}]},{\"@type\":\"WebSite\",\"@id\":\"https:\/\/www.biocabaz.pt\/web\/en\/#website\",\"url\":\"https:\/\/www.biocabaz.pt\/web\/en\/\",\"name\":\"BIOCABAZ - CABAZES BIOL\u00d3GICOS\",\"description\":\"O melhor que a terra d\u00e1 \u00e9 para si\",\"potentialAction\":[{\"@type\":\"SearchAction\",\"target\":{\"@type\":\"EntryPoint\",\"urlTemplate\":\"https:\/\/www.biocabaz.pt\/web\/en\/?s={search_term_string}\"},\"query-input\":{\"@type\":\"PropertyValueSpecification\",\"valueRequired\":true,\"valueName\":\"search_term_string\"}}],\"inLanguage\":\"pt-PT\"}]}<\/script>\n<!-- \/ Yoast SEO plugin. -->","yoast_head_json":{"title":"ZMA GOLD NUTRITION 90 CAPS","robots":{"index":"index","follow":"follow","max-snippet":"max-snippet:-1","max-image-preview":"max-image-preview:large","max-video-preview":"max-video-preview:-1"},"canonical":"https:\/\/biocabaz.pt\/web\/produto\/zma-gold-nutrition-90-caps\/","og_locale":"pt_PT","og_type":"article","og_title":"[:en]ZMA GOLD NUTRITION 90 CAPS[:pt]ZMA GOLD NUTRITION 90 CAPS[:] - BIOCABAZ - CABAZES BIOL\u00d3GICOS","og_description":"BENEF\u00cdCIOS Aumento da endurance Aumento da for\u00e7a e da resist\u00eancia muscular Diminui\u00e7\u00e3o de c\u00e3ibras e da tens\u00e3o muscular Acelerar as recupera\u00e7\u00f5es musculares Acelerar a cicatriza\u00e7\u00e3o e a recupera\u00e7\u00e3o Est\u00edmulo sobre o crescimento Melhoria da concentra\u00e7\u00e3o, do estado de alerta e do reflexo Melhoria da qualidade do sono DESCRI\u00c7\u00c3O ZMA GoldNutrition \u00e9 uma f\u00f3rmula anab\u00f3lica mineral, cientificamente desenvolvida e registada, que cont\u00e9m aspartato e monometionina de zinco, ligado covalentemente ao aspartato de magn\u00e9sio e \u00e0 vitamina B6. Esta f\u00f3rmula foi especificamente desenvolvida para que as formas de zinco e magn\u00e9sio fossem altamente biodispon\u00edveis. A adi\u00e7\u00e3o de vitamina B6 aumenta a absor\u00e7\u00e3o e a utiliza\u00e7\u00e3o destes dois minerais. Alguns estudos referem que a m\u00e1xima absor\u00e7\u00e3o de zinco, est\u00e1 directamente dependente do fornecimento adequado de vitamina B6. COMPOSI\u00c7\u00c3O Informa\u00e7\u00e3o Nutricional (por 2 c\u00e1psulas): Magn\u00e9sio \u2013 360mg (96% D.D.R.*) Zinco \u2013 20mg (200% D.D.R.*) Vitamina B6 \u2013 7mg (500% D.D.R.*) * D.D.R. \u2013 Dose Di\u00e1ria RecomendadaModo de Utiliza\u00e7\u00e3o: Modo de usar: Tomar 2 c\u00e1psulas por dia, de prefer\u00eancia com o est\u00f4mago vazio, 30 a 60 minutos antes de deitar. Avisos: Evitar tomar em conjunto com alimentos que contenham c\u00e1lcio. N\u00e3o exceder a dose di\u00e1ria recomendada.","og_url":"https:\/\/biocabaz.pt\/web\/produto\/zma-gold-nutrition-90-caps\/","og_site_name":"BIOCABAZ - CABAZES BIOL\u00d3GICOS","article_modified_time":"2022-12-30T12:01:17+00:00","og_image":[{"width":500,"height":429,"url":"https:\/\/www.biocabaz.pt\/web\/wp-conteudos\/uploads\/2021\/09\/zma-gold-nutrition-90-caps-e1630663120100.jpg","type":"image\/jpeg"}],"twitter_card":"summary_large_image","schema":{"@context":"https:\/\/schema.org","@graph":[{"@type":"WebPage","@id":"https:\/\/biocabaz.pt\/web\/en\/produto\/zma-gold-nutrition-90-caps\/","url":"https:\/\/biocabaz.pt\/web\/en\/produto\/zma-gold-nutrition-90-caps\/","name":"ZMA GOLD NUTRITION 90 CAPS","isPartOf":{"@id":"https:\/\/www.biocabaz.pt\/web\/en\/#website"},"primaryImageOfPage":{"@id":"https:\/\/biocabaz.pt\/web\/en\/produto\/zma-gold-nutrition-90-caps\/#primaryimage"},"image":{"@id":"https:\/\/biocabaz.pt\/web\/en\/produto\/zma-gold-nutrition-90-caps\/#primaryimage"},"thumbnailUrl":"https:\/\/www.biocabaz.pt\/web\/wp-conteudos\/uploads\/2021\/09\/zma-gold-nutrition-90-caps-e1630663120100.jpg","datePublished":"2021-09-03T09:59:25+00:00","dateModified":"2022-12-30T12:01:17+00:00","breadcrumb":{"@id":"https:\/\/biocabaz.pt\/web\/en\/produto\/zma-gold-nutrition-90-caps\/#breadcrumb"},"inLanguage":"pt-PT","potentialAction":[{"@type":"ReadAction","target":["https:\/\/biocabaz.pt\/web\/en\/produto\/zma-gold-nutrition-90-caps\/"]}]},{"@type":"ImageObject","inLanguage":"pt-PT","@id":"https:\/\/biocabaz.pt\/web\/en\/produto\/zma-gold-nutrition-90-caps\/#primaryimage","url":"https:\/\/www.biocabaz.pt\/web\/wp-conteudos\/uploads\/2021\/09\/zma-gold-nutrition-90-caps-e1630663120100.jpg","contentUrl":"https:\/\/www.biocabaz.pt\/web\/wp-conteudos\/uploads\/2021\/09\/zma-gold-nutrition-90-caps-e1630663120100.jpg","width":500,"height":429,"caption":"ZMA GOLD NUTRITION 90 CAPS"},{"@type":"BreadcrumbList","@id":"https:\/\/biocabaz.pt\/web\/en\/produto\/zma-gold-nutrition-90-caps\/#breadcrumb","itemListElement":[{"@type":"ListItem","position":1,"name":"Home","item":"https:\/\/www.biocabaz.pt\/web\/en\/"},{"@type":"ListItem","position":2,"name":"Shop","item":"https:\/\/www.biocabaz.pt\/web\/en\/shop\/"},{"@type":"ListItem","position":3,"name":"ZMA GOLD NUTRITION 90 CAPS"}]},{"@type":"WebSite","@id":"https:\/\/www.biocabaz.pt\/web\/en\/#website","url":"https:\/\/www.biocabaz.pt\/web\/en\/","name":"BIOCABAZ - CABAZES BIOL\u00d3GICOS","description":"O melhor que a terra d\u00e1 \u00e9 para si","potentialAction":[{"@type":"SearchAction","target":{"@type":"EntryPoint","urlTemplate":"https:\/\/www.biocabaz.pt\/web\/en\/?s={search_term_string}"},"query-input":{"@type":"PropertyValueSpecification","valueRequired":true,"valueName":"search_term_string"}}],"inLanguage":"pt-PT"}]}},"_links":{"self":[{"href":"https:\/\/biocabaz.pt\/web\/wp-json\/wp\/v2\/product\/75300","targetHints":{"allow":["GET"]}}],"collection":[{"href":"https:\/\/biocabaz.pt\/web\/wp-json\/wp\/v2\/product"}],"about":[{"href":"https:\/\/biocabaz.pt\/web\/wp-json\/wp\/v2\/types\/product"}],"replies":[{"embeddable":true,"href":"https:\/\/biocabaz.pt\/web\/wp-json\/wp\/v2\/comments?post=75300"}],"wp:featuredmedia":[{"embeddable":true,"href":"https:\/\/biocabaz.pt\/web\/wp-json\/wp\/v2\/media\/75301"}],"wp:attachment":[{"href":"https:\/\/biocabaz.pt\/web\/wp-json\/wp\/v2\/media?parent=75300"}],"wp:term":[{"taxonomy":"product_cat","embeddable":true,"href":"https:\/\/biocabaz.pt\/web\/wp-json\/wp\/v2\/product_cat?post=75300"},{"taxonomy":"product_tag","embeddable":true,"href":"https:\/\/biocabaz.pt\/web\/wp-json\/wp\/v2\/product_tag?post=75300"}],"curies":[{"name":"wp","href":"https:\/\/api.w.org\/{rel}","templated":true}]}}